{"id":9927,"date":"2025-06-02T12:56:45","date_gmt":"2025-06-02T10:56:45","guid":{"rendered":"https:\/\/soliton-gmbh.de\/?post_type=product&#038;p=9927"},"modified":"2025-06-05T16:17:30","modified_gmt":"2025-06-05T14:17:30","slug":"uv-nanosecond-laser","status":"publish","type":"product","link":"https:\/\/soliton-gmbh.de\/en\/produkt\/uv-nanosekundenlaser\/","title":{"rendered":"UV nanosecond laser"},"content":{"rendered":"<h1 data-start=\"175\" data-end=\"250\">Vielseitiger UV Nanosekundenlaser f\u00fcr industrielle Pr\u00e4zisionsanwendungen<\/h1>\n<p data-start=\"252\" data-end=\"406\"><span class=\"relative -mx-px my-[-0.2rem] rounded px-px py-[0.2rem] transition-colors duration-100 ease-in-out\">Der <strong data-start=\"4\" data-end=\"34\">Yucca UV-Nanosekundenlaser<\/strong> von Bloom Lasers ist speziell f\u00fcr hochpr\u00e4zise Mikrobearbeitungsprozesse in industriellen 24\/7-Produktionsumgebungen konzipiert.<\/span> <span class=\"relative -mx-px my-[-0.2rem] rounded px-px py-[0.2rem] transition-colors duration-100 ease-in-out\">Mit kurzen Nanosekundenpulsen kombiniert er hohe Leistung mit hoher Pulswiederholrate und ist somit ideal f\u00fcr Anwendungen, die sowohl Qualit\u00e4t als auch Durchsatz erfordern.<\/span> <span class=\"relative -mx-px my-[-0.2rem] rounded px-px py-[0.2rem] transition-colors duration-100 ease-in-out\">Die patentierte Fasertechnologie erm\u00f6glicht eine herausragende Strahlqualit\u00e4t und Stabilit\u00e4t, selbst bei hohen Geschwindigkeiten und anspruchsvollen Prozessanforderungen.<\/span><\/p>\n<h2 data-start=\"408\" data-end=\"462\">Technische Merkmale<\/h2>\n<p data-start=\"464\" data-end=\"702\"><span class=\"relative -mx-px my-[-0.2rem] rounded px-px py-[0.2rem] transition-colors duration-100 ease-in-out\">Der <strong data-start=\"4\" data-end=\"34\">Yucca UV-Nanosekundenlaser<\/strong> bietet eine Leistung von bis zu 100\u202fW bei 343\u202fnm und 120\u202fW bei 515\u202fnm.<\/span> <span class=\"relative -mx-px my-[-0.2rem] rounded px-px py-[0.2rem] transition-colors duration-100 ease-in-out\">Die Pulsdauern sind flexibel w\u00e4hlbar zwischen 2\u202fns und 10\u202fns oder im Burst-Modus, mit einer maximalen Pulsenergie von bis zu 600\u202f\u00b5J.<\/span> <span class=\"relative -mx-px my-[-0.2rem] rounded px-px py-[0.2rem] transition-colors duration-100 ease-in-out\">Die exzellente Strahlqualit\u00e4t (M\u00b2\u202f&lt;\u202f1,2) bleibt \u00fcber den gesamten Frequenzbereich bis zu 4\u202fMHz erhalten.<\/span> <span class=\"relative -mx-px my-[-0.2rem] rounded px-px py-[0.2rem] transition-colors duration-100 ease-in-out\">Die Kombination aus hoher Spitzenleistung (bis zu 75\u202fkW bei 515\u202fnm) und kurzer Pulsdauer minimiert die W\u00e4rmeeinflusszone und erm\u00f6glicht pr\u00e4zise Materialbearbeitung.<\/span> Somit ist d<span class=\"relative -mx-px my-[-0.2rem] rounded px-px py-[0.2rem] transition-colors duration-100 ease-in-out\">ie robuste Konstruktion f\u00fcr den Dauerbetrieb ausgelegt und erf\u00fcllt industrielle Standards wie HALT-Design und HASS-Zertifizierung.<\/span><\/p>\n<h2 data-start=\"0\" data-end=\"53\">Anwendungsbereiche des Yucca UV-Nanosekundenlasers<\/h2>\n<p data-start=\"55\" data-end=\"782\">Der <strong data-start=\"59\" data-end=\"83\">UV-Nanosekundenlaser<\/strong> Yucca eignet sich ideal f\u00fcr eine Vielzahl industrieller Anwendungen in der pr\u00e4zisen Mikrobearbeitung. Typische Einsatzbereiche umfassen das Bohren, Schneiden und Depaneling von Leiterplatten (PCBs). Zudem die Strukturierung von ITO-Schichten, das Scribing und Debonding von Wafern sowie die Bearbeitung empfindlicher Materialien wie Glas, Keramik und CFK. Auch in der Batterieherstellung und bei der Materialstrukturierung kommt der Yucca-Laser zum Einsatz, da er durch seine kurze Pulsdauer und hohe Pulsenergie eine minimale thermische Beeinflussung gew\u00e4hrleistet. Besonders in der Serienfertigung ist die Kombination aus Pr\u00e4zision, Prozesssicherheit und hoher Wiederholrate ein entscheidender Vorteil.<\/p>\n<p data-start=\"784\" data-end=\"954\" data-is-last-node=\"\" data-is-only-node=\"\">F\u00fcr Fragen zu technischen Details oder Einsatzm\u00f6glichkeiten in Ihrer Anwendung kontaktieren Sie uns gerne.<\/p>\n","protected":false},"excerpt":{"rendered":"<p class=\"ai-optimize-26\"><a href=\"https:\/\/soliton-gmbh.de\/wp-content\/uploads\/2025\/06\/Bloom-Laser-Logo.png\"><img loading=\"lazy\" decoding=\"async\" class=\"alignnone wp-image-9931\" src=\"https:\/\/soliton-gmbh.de\/wp-content\/uploads\/2025\/06\/Bloom-Laser-Logo-300x75.png\" alt=\"Logo of Bloom Laser, UV nanosecond laser, UV fiber laser, UV picosecond laser\" width=\"256\" height=\"64\" \/><\/a><\/p>\n<ul>\n<li class=\"ai-optimize-27\">Up to 100 W output at 343 nm (UV)<\/li>\n<li class=\"ai-optimize-28\">Pulse duration of 2-10 ns, also in burst mode<\/li>\n<li class=\"ai-optimize-29\">Excellent beam quality (M\u00b2 &lt; 1.2) up to 4 MHz<\/li>\n<li class=\"ai-optimize-30\">Ideal for PCB, glass, ceramic and CFRP processing<\/li>\n<li class=\"ai-optimize-31\">Robust design for 24\/7 industrial standard use<\/li>\n<\/ul>\n<p class=\"ai-optimize-32\">Contact person: Mr. Thomas Walter<\/p>","protected":false},"featured_media":9929,"template":"","meta":{"_acf_changed":false,"_uag_custom_page_level_css":"","site-sidebar-layout":"default","site-content-layout":"","ast-site-content-layout":"default","site-content-style":"default","site-sidebar-style":"default","ast-global-header-display":"","ast-banner-title-visibility":"","ast-main-header-display":"","ast-hfb-above-header-display":"","ast-hfb-below-header-display":"","ast-hfb-mobile-header-display":"","site-post-title":"","ast-breadcrumbs-content":"","ast-featured-img":"","footer-sml-layout":"","ast-disable-related-posts":"","theme-transparent-header-meta":"default","adv-header-id-meta":"","stick-header-meta":"default","header-above-stick-meta":"","header-main-stick-meta":"","header-below-stick-meta":"","astra-migrate-meta-layouts":"set","ast-page-background-enabled":"default","ast-page-background-meta":{"desktop":{"background-color":"","background-image":"","background-repeat":"repeat","background-position":"center center","background-size":"auto","background-attachment":"scroll","background-type":"","background-media":"","overlay-type":"","overlay-color":"","overlay-opacity":"","overlay-gradient":""},"tablet":{"background-color":"","background-image":"","background-repeat":"repeat","background-position":"center center","background-size":"auto","background-attachment":"scroll","background-type":"","background-media":"","overlay-type":"","overlay-color":"","overlay-opacity":"","overlay-gradient":""},"mobile":{"background-color":"","background-image":"","background-repeat":"repeat","background-position":"center center","background-size":"auto","background-attachment":"scroll","background-type":"","background-media":"","overlay-type":"","overlay-color":"","overlay-opacity":"","overlay-gradient":""}},"ast-content-background-meta":{"desktop":{"background-color":"var(--ast-global-color-5)","background-image":"","background-repeat":"repeat","background-position":"center center","background-size":"auto","background-attachment":"scroll","background-type":"","background-media":"","overlay-type":"","overlay-color":"","overlay-opacity":"","overlay-gradient":""},"tablet":{"background-color":"var(--ast-global-color-5)","background-image":"","background-repeat":"repeat","background-position":"center center","background-size":"auto","background-attachment":"scroll","background-type":"","background-media":"","overlay-type":"","overlay-color":"","overlay-opacity":"","overlay-gradient":""},"mobile":{"background-color":"var(--ast-global-color-5)","background-image":"","background-repeat":"repeat","background-position":"center center","background-size":"auto","background-attachment":"scroll","background-type":"","background-media":"","overlay-type":"","overlay-color":"","overlay-opacity":"","overlay-gradient":""}}},"product_brand":[],"product_cat":[44,1484],"product_tag":[1472,1471,1470,1466,1468,1473,1474,1465,1467,1464,1469],"class_list":{"0":"post-9927","1":"product","2":"type-product","3":"status-publish","4":"has-post-thumbnail","6":"product_cat-nanosekundenlaser","7":"product_cat-uv-und-kurzwellen","8":"product_tag-batterieherstellung","9":"product_tag-cfk-bearbeitung","10":"product_tag-glasbearbeitung","11":"product_tag-hochleistungs-faserlaser","12":"product_tag-ito-strukturierung","13":"product_tag-keramikbearbeitung","14":"product_tag-materialstrukturierung","15":"product_tag-mikrobearbeitung","16":"product_tag-pcb-bearbeitung","17":"product_tag-uv-nanosekundenlaser","18":"product_tag-wafer-scribing","19":"desktop-align-left","20":"tablet-align-center","21":"mobile-align-center","22":"ast-product-gallery-layout-horizontal-slider","23":"ast-product-gallery-with-no-image","24":"ast-magnify-disabled","25":"ast-product-tabs-layout-horizontal","27":"first","28":"instock","29":"shipping-taxable","30":"purchasable","31":"product-type-simple"},"acf":[],"yoast_head":"<!-- This site is optimized with the Yoast SEO Premium plugin v27.2 (Yoast SEO v27.4) - https:\/\/yoast.com\/product\/yoast-seo-premium-wordpress\/ -->\n<title>UV Nanosekundenlaser - Soliton<\/title>\n<meta name=\"description\" content=\"Yucca UV-Nanosekundenlaser von Bloom Lasers \u2013 Hochleistungs-Faserlaser f\u00fcr pr\u00e4zise industrielle Mikrobearbeitung. Entdecken Sie jetzt die Vorteile!\" \/>\n<meta name=\"robots\" content=\"index, follow, max-snippet:-1, max-image-preview:large, max-video-preview:-1\" \/>\n<link rel=\"canonical\" href=\"https:\/\/soliton-gmbh.de\/en\/product\/uv-nanosecond-laser\/\" \/>\n<meta property=\"og:locale\" content=\"en_US\" \/>\n<meta property=\"og:type\" content=\"article\" \/>\n<meta property=\"og:title\" content=\"UV Nanosekundenlaser\" \/>\n<meta property=\"og:description\" content=\"Yucca UV-Nanosekundenlaser von Bloom Lasers \u2013 Hochleistungs-Faserlaser f\u00fcr pr\u00e4zise industrielle Mikrobearbeitung. Entdecken Sie jetzt die Vorteile!\" \/>\n<meta property=\"og:url\" content=\"https:\/\/soliton-gmbh.de\/en\/product\/uv-nanosecond-laser\/\" \/>\n<meta property=\"og:site_name\" content=\"Soliton Laser- und Messtechnik GmbH\" \/>\n<meta property=\"article:modified_time\" content=\"2025-06-05T14:17:30+00:00\" \/>\n<meta property=\"og:image\" content=\"https:\/\/soliton-gmbh.de\/wp-content\/uploads\/2025\/06\/Yucca-Nanosekunden-laser.png\" \/>\n\t<meta property=\"og:image:width\" content=\"1990\" \/>\n\t<meta property=\"og:image:height\" content=\"1362\" \/>\n\t<meta property=\"og:image:type\" content=\"image\/png\" \/>\n<meta name=\"twitter:card\" content=\"summary_large_image\" \/>\n<meta name=\"twitter:label1\" content=\"Price\" \/>\n\t<meta name=\"twitter:data1\" content=\"&euro;0.00\" \/>\n\t<meta name=\"twitter:label2\" content=\"Availability\" \/>\n\t<meta name=\"twitter:data2\" content=\"In stock\" \/>\n<script type=\"application\/ld+json\" class=\"yoast-schema-graph\">{\"@context\":\"https:\\\/\\\/schema.org\",\"@graph\":[{\"@type\":\"WebPage\",\"@id\":\"https:\\\/\\\/soliton-gmbh.de\\\/produkt\\\/uv-nanosekundenlaser\\\/\",\"url\":\"https:\\\/\\\/soliton-gmbh.de\\\/produkt\\\/uv-nanosekundenlaser\\\/\",\"name\":\"UV Nanosekundenlaser - Soliton\",\"isPartOf\":{\"@id\":\"https:\\\/\\\/soliton-gmbh.de\\\/#website\"},\"primaryImageOfPage\":{\"@id\":\"https:\\\/\\\/soliton-gmbh.de\\\/produkt\\\/uv-nanosekundenlaser\\\/#primaryimage\"},\"image\":{\"@id\":\"https:\\\/\\\/soliton-gmbh.de\\\/produkt\\\/uv-nanosekundenlaser\\\/#primaryimage\"},\"thumbnailUrl\":\"https:\\\/\\\/soliton-gmbh.de\\\/wp-content\\\/uploads\\\/2025\\\/06\\\/Yucca-Nanosekunden-laser.png\",\"datePublished\":\"2025-06-02T10:56:45+00:00\",\"dateModified\":\"2025-06-05T14:17:30+00:00\",\"description\":\"Yucca UV-Nanosekundenlaser von Bloom Lasers \u2013 Hochleistungs-Faserlaser f\u00fcr pr\u00e4zise industrielle Mikrobearbeitung. Entdecken Sie jetzt die Vorteile!\",\"breadcrumb\":{\"@id\":\"https:\\\/\\\/soliton-gmbh.de\\\/produkt\\\/uv-nanosekundenlaser\\\/#breadcrumb\"},\"inLanguage\":\"en-US\",\"potentialAction\":[{\"@type\":\"ReadAction\",\"target\":[\"https:\\\/\\\/soliton-gmbh.de\\\/produkt\\\/uv-nanosekundenlaser\\\/\"]}]},{\"@type\":\"ImageObject\",\"inLanguage\":\"en-US\",\"@id\":\"https:\\\/\\\/soliton-gmbh.de\\\/produkt\\\/uv-nanosekundenlaser\\\/#primaryimage\",\"url\":\"https:\\\/\\\/soliton-gmbh.de\\\/wp-content\\\/uploads\\\/2025\\\/06\\\/Yucca-Nanosekunden-laser.png\",\"contentUrl\":\"https:\\\/\\\/soliton-gmbh.de\\\/wp-content\\\/uploads\\\/2025\\\/06\\\/Yucca-Nanosekunden-laser.png\",\"width\":1990,\"height\":1362,\"caption\":\"Yucca UV-Nanosekundenlaser von Bloom Lasers \u2013 Hochleistungs-Faserlaser f\u00fcr pr\u00e4zise industrielle Mikrobearbeitung\"},{\"@type\":\"BreadcrumbList\",\"@id\":\"https:\\\/\\\/soliton-gmbh.de\\\/produkt\\\/uv-nanosekundenlaser\\\/#breadcrumb\",\"itemListElement\":[{\"@type\":\"ListItem\",\"position\":1,\"name\":\"Startseite\",\"item\":\"https:\\\/\\\/soliton-gmbh.de\\\/\"},{\"@type\":\"ListItem\",\"position\":2,\"name\":\"Produkte\",\"item\":\"https:\\\/\\\/soliton-gmbh.de\\\/produkte\\\/\"},{\"@type\":\"ListItem\",\"position\":3,\"name\":\"UV Nanosekundenlaser\"}]},{\"@type\":\"WebSite\",\"@id\":\"https:\\\/\\\/soliton-gmbh.de\\\/#website\",\"url\":\"https:\\\/\\\/soliton-gmbh.de\\\/\",\"name\":\"Soliton Laser- und Messtechnik GmbH\",\"description\":\"\",\"publisher\":{\"@id\":\"https:\\\/\\\/soliton-gmbh.de\\\/#organization\"},\"potentialAction\":[{\"@type\":\"SearchAction\",\"target\":{\"@type\":\"EntryPoint\",\"urlTemplate\":\"https:\\\/\\\/soliton-gmbh.de\\\/?s={search_term_string}\"},\"query-input\":{\"@type\":\"PropertyValueSpecification\",\"valueRequired\":true,\"valueName\":\"search_term_string\"}}],\"inLanguage\":\"en-US\"},{\"@type\":\"Organization\",\"@id\":\"https:\\\/\\\/soliton-gmbh.de\\\/#organization\",\"name\":\"Soliton GmbH\",\"url\":\"https:\\\/\\\/soliton-gmbh.de\\\/\",\"logo\":{\"@type\":\"ImageObject\",\"inLanguage\":\"en-US\",\"@id\":\"https:\\\/\\\/soliton-gmbh.de\\\/#\\\/schema\\\/logo\\\/image\\\/\",\"url\":\"https:\\\/\\\/soliton-gmbh.de\\\/wp-content\\\/uploads\\\/2022\\\/08\\\/cropped-soliton-logo.png\",\"contentUrl\":\"https:\\\/\\\/soliton-gmbh.de\\\/wp-content\\\/uploads\\\/2022\\\/08\\\/cropped-soliton-logo.png\",\"width\":500,\"height\":350,\"caption\":\"Soliton GmbH\"},\"image\":{\"@id\":\"https:\\\/\\\/soliton-gmbh.de\\\/#\\\/schema\\\/logo\\\/image\\\/\"}}]}<\/script>\n<meta property=\"product:price:amount\" content=\"0.00\" \/>\n<meta property=\"product:price:currency\" content=\"EUR\" \/>\n<meta property=\"og:availability\" content=\"instock\" \/>\n<meta property=\"product:availability\" content=\"instock\" \/>\n<meta property=\"product:condition\" content=\"new\" \/>\n<!-- \/ Yoast SEO Premium plugin. -->","yoast_head_json":{"title":"UV nanosecond laser - Soliton","description":"Yucca UV nanosecond lasers from Bloom Lasers - high-performance fiber lasers for precise industrial micromachining. Discover the advantages now!","robots":{"index":"index","follow":"follow","max-snippet":"max-snippet:-1","max-image-preview":"max-image-preview:large","max-video-preview":"max-video-preview:-1"},"canonical":"https:\/\/soliton-gmbh.de\/en\/product\/uv-nanosecond-laser\/","og_locale":"en_US","og_type":"article","og_title":"UV Nanosekundenlaser","og_description":"Yucca UV-Nanosekundenlaser von Bloom Lasers \u2013 Hochleistungs-Faserlaser f\u00fcr pr\u00e4zise industrielle Mikrobearbeitung. Entdecken Sie jetzt die Vorteile!","og_url":"https:\/\/soliton-gmbh.de\/en\/product\/uv-nanosecond-laser\/","og_site_name":"Soliton Laser- und Messtechnik GmbH","article_modified_time":"2025-06-05T14:17:30+00:00","og_image":[{"width":1990,"height":1362,"url":"https:\/\/soliton-gmbh.de\/wp-content\/uploads\/2025\/06\/Yucca-Nanosekunden-laser.png","type":"image\/png"}],"twitter_card":"summary_large_image","twitter_misc":{"Price":"&euro;0.00","Availability":"In stock"},"schema":{"@context":"https:\/\/schema.org","@graph":[{"@type":"WebPage","@id":"https:\/\/soliton-gmbh.de\/produkt\/uv-nanosekundenlaser\/","url":"https:\/\/soliton-gmbh.de\/produkt\/uv-nanosekundenlaser\/","name":"UV nanosecond laser - Soliton","isPartOf":{"@id":"https:\/\/soliton-gmbh.de\/#website"},"primaryImageOfPage":{"@id":"https:\/\/soliton-gmbh.de\/produkt\/uv-nanosekundenlaser\/#primaryimage"},"image":{"@id":"https:\/\/soliton-gmbh.de\/produkt\/uv-nanosekundenlaser\/#primaryimage"},"thumbnailUrl":"https:\/\/soliton-gmbh.de\/wp-content\/uploads\/2025\/06\/Yucca-Nanosekunden-laser.png","datePublished":"2025-06-02T10:56:45+00:00","dateModified":"2025-06-05T14:17:30+00:00","description":"Yucca UV nanosecond lasers from Bloom Lasers - high-performance fiber lasers for precise industrial micromachining. Discover the advantages now!","breadcrumb":{"@id":"https:\/\/soliton-gmbh.de\/produkt\/uv-nanosekundenlaser\/#breadcrumb"},"inLanguage":"en-US","potentialAction":[{"@type":"ReadAction","target":["https:\/\/soliton-gmbh.de\/produkt\/uv-nanosekundenlaser\/"]}]},{"@type":"ImageObject","inLanguage":"en-US","@id":"https:\/\/soliton-gmbh.de\/produkt\/uv-nanosekundenlaser\/#primaryimage","url":"https:\/\/soliton-gmbh.de\/wp-content\/uploads\/2025\/06\/Yucca-Nanosekunden-laser.png","contentUrl":"https:\/\/soliton-gmbh.de\/wp-content\/uploads\/2025\/06\/Yucca-Nanosekunden-laser.png","width":1990,"height":1362,"caption":"Yucca UV-Nanosekundenlaser von Bloom Lasers \u2013 Hochleistungs-Faserlaser f\u00fcr pr\u00e4zise industrielle Mikrobearbeitung"},{"@type":"BreadcrumbList","@id":"https:\/\/soliton-gmbh.de\/produkt\/uv-nanosekundenlaser\/#breadcrumb","itemListElement":[{"@type":"ListItem","position":1,"name":"Startseite","item":"https:\/\/soliton-gmbh.de\/"},{"@type":"ListItem","position":2,"name":"Produkte","item":"https:\/\/soliton-gmbh.de\/produkte\/"},{"@type":"ListItem","position":3,"name":"UV Nanosekundenlaser"}]},{"@type":"WebSite","@id":"https:\/\/soliton-gmbh.de\/#website","url":"https:\/\/soliton-gmbh.de\/","name":"Soliton Laser- und Messtechnik GmbH","description":"","publisher":{"@id":"https:\/\/soliton-gmbh.de\/#organization"},"potentialAction":[{"@type":"SearchAction","target":{"@type":"EntryPoint","urlTemplate":"https:\/\/soliton-gmbh.de\/?s={search_term_string}"},"query-input":{"@type":"PropertyValueSpecification","valueRequired":true,"valueName":"search_term_string"}}],"inLanguage":"en-US"},{"@type":"Organization","@id":"https:\/\/soliton-gmbh.de\/#organization","name":"Soliton GmbH","url":"https:\/\/soliton-gmbh.de\/","logo":{"@type":"ImageObject","inLanguage":"en-US","@id":"https:\/\/soliton-gmbh.de\/#\/schema\/logo\/image\/","url":"https:\/\/soliton-gmbh.de\/wp-content\/uploads\/2022\/08\/cropped-soliton-logo.png","contentUrl":"https:\/\/soliton-gmbh.de\/wp-content\/uploads\/2022\/08\/cropped-soliton-logo.png","width":500,"height":350,"caption":"Soliton GmbH"},"image":{"@id":"https:\/\/soliton-gmbh.de\/#\/schema\/logo\/image\/"}}]},"product_price_amount":"0.00","product_price_currency":"EUR","og_availability":"instock","product_availability":"instock","product_condition":"new"},"uagb_featured_image_src":{"full":["https:\/\/soliton-gmbh.de\/wp-content\/uploads\/2025\/06\/Yucca-Nanosekunden-laser.png",1990,1362,false],"thumbnail":["https:\/\/soliton-gmbh.de\/wp-content\/uploads\/2025\/06\/Yucca-Nanosekunden-laser-150x150.png",150,150,true],"medium":["https:\/\/soliton-gmbh.de\/wp-content\/uploads\/2025\/06\/Yucca-Nanosekunden-laser-300x205.png",300,205,true],"medium_large":["https:\/\/soliton-gmbh.de\/wp-content\/uploads\/2025\/06\/Yucca-Nanosekunden-laser-768x526.png",768,526,true],"large":["https:\/\/soliton-gmbh.de\/wp-content\/uploads\/2025\/06\/Yucca-Nanosekunden-laser-1024x701.png",1024,701,true],"1536x1536":["https:\/\/soliton-gmbh.de\/wp-content\/uploads\/2025\/06\/Yucca-Nanosekunden-laser-1536x1051.png",1536,1051,true],"2048x2048":["https:\/\/soliton-gmbh.de\/wp-content\/uploads\/2025\/06\/Yucca-Nanosekunden-laser.png",1990,1362,false],"trp-custom-language-flag":["https:\/\/soliton-gmbh.de\/wp-content\/uploads\/2025\/06\/Yucca-Nanosekunden-laser-18x12.png",18,12,true],"woocommerce_thumbnail":["https:\/\/soliton-gmbh.de\/wp-content\/uploads\/2025\/06\/Yucca-Nanosekunden-laser-600x411.png",600,411,true],"woocommerce_single":["https:\/\/soliton-gmbh.de\/wp-content\/uploads\/2025\/06\/Yucca-Nanosekunden-laser-1200x821.png",1200,821,true],"woocommerce_gallery_thumbnail":["https:\/\/soliton-gmbh.de\/wp-content\/uploads\/2025\/06\/Yucca-Nanosekunden-laser-300x300.png",300,300,true]},"uagb_author_info":{"display_name":"Jonas Vogler","author_link":"https:\/\/soliton-gmbh.de\/en\/author\/"},"uagb_comment_info":0,"uagb_excerpt":"Bis zu 100\u202fW Leistung bei 343\u202fnm (UV) Pulsdauer von 2\u201310\u202fns, auch im Burst-Modus Exzellente Strahlqualit\u00e4t (M\u00b2 &lt; 1,2) bis 4\u202fMHz Ideal f\u00fcr PCB-, Glas-, Keramik- und CFK-Bearbeitung Robustes Design f\u00fcr 24\/7-Industriestandard-Einsatz Ansprechpartner: Hr. Thomas Walter","_links":{"self":[{"href":"https:\/\/soliton-gmbh.de\/en\/wp-json\/wp\/v2\/product\/9927","targetHints":{"allow":["GET"]}}],"collection":[{"href":"https:\/\/soliton-gmbh.de\/en\/wp-json\/wp\/v2\/product"}],"about":[{"href":"https:\/\/soliton-gmbh.de\/en\/wp-json\/wp\/v2\/types\/product"}],"wp:featuredmedia":[{"embeddable":true,"href":"https:\/\/soliton-gmbh.de\/en\/wp-json\/wp\/v2\/media\/9929"}],"wp:attachment":[{"href":"https:\/\/soliton-gmbh.de\/en\/wp-json\/wp\/v2\/media?parent=9927"}],"wp:term":[{"taxonomy":"product_brand","embeddable":true,"href":"https:\/\/soliton-gmbh.de\/en\/wp-json\/wp\/v2\/product_brand?post=9927"},{"taxonomy":"product_cat","embeddable":true,"href":"https:\/\/soliton-gmbh.de\/en\/wp-json\/wp\/v2\/product_cat?post=9927"},{"taxonomy":"product_tag","embeddable":true,"href":"https:\/\/soliton-gmbh.de\/en\/wp-json\/wp\/v2\/product_tag?post=9927"}],"curies":[{"name":"wp","href":"https:\/\/api.w.org\/{rel}","templated":true}]}}