{"id":9848,"date":"2025-05-16T11:33:27","date_gmt":"2025-05-16T09:33:27","guid":{"rendered":"https:\/\/soliton-gmbh.de\/?post_type=product&#038;p=9848"},"modified":"2026-04-15T00:19:35","modified_gmt":"2026-04-14T22:19:35","slug":"high-energy-ndyag-laser","status":"publish","type":"product","link":"https:\/\/soliton-gmbh.de\/en\/produkt\/hochenergie-ndyag-laser\/","title":{"rendered":"High-energy Nd:YAG laser"},"content":{"rendered":"<h1 data-start=\"172\" data-end=\"236\">Vielseitiger Hochenergie Nd:YAG Laser f\u00fcr pr\u00e4zise Anwendungen<\/h1>\n<p data-start=\"238\" data-end=\"392\"><span class=\"relative -mx-px my-[-0.2rem] rounded px-px py-[0.2rem] transition-colors duration-100 ease-in-out\">Die <strong data-start=\"4\" data-end=\"17\">SGR-Serie<\/strong> von Beamtech Optronics bietet Hochenergie-Nd:YAG-Laser mit Q-Switch-Technologie, die f\u00fcr anspruchsvolle industrielle und wissenschaftliche Anwendungen konzipiert sind.<\/span> <span class=\"relative -mx-px my-[-0.2rem] rounded px-px py-[0.2rem] transition-colors duration-100 ease-in-out\">Mit einer Pulsenergie von bis zu 6\u202fJ bei 1064\u202fnm und optionalen Harmonischen bei 532\u202fnm, 355\u202fnm und 266\u202fnm eignet sich dieser Laser ideal f\u00fcr Prozesse, die hohe Energie und Pr\u00e4zision erfordern.<\/span> <span class=\"relative -mx-px my-[-0.2rem] rounded px-px py-[0.2rem] transition-colors duration-100 ease-in-out\">Die modulare Bauweise und die robuste Konstruktion gew\u00e4hrleisten einen zuverl\u00e4ssigen Dauerbetrieb unter verschiedensten Bedingungen.<\/span><\/p>\n<h2 data-start=\"0\" data-end=\"52\">Technische Merkmale<\/h2>\n<p data-start=\"54\" data-end=\"571\">Der <strong data-start=\"58\" data-end=\"86\">Hochenergie Nd:YAG Laser<\/strong> der SGR-Serie bietet eine Pulsenergie von bis zu 6\u202fJ bei 1064\u202fnm. Optional stehen auch Wellenl\u00e4ngen bei 532\u202fnm, 355\u202fnm und 266\u202fnm zur Verf\u00fcgung. Die Wiederholrate reicht bis zu 50\u202fHz. Das super-gaussian Strahlprofil sorgt f\u00fcr eine gleichm\u00e4\u00dfige Energieverteilung. Der Lampenwechsel ist schnell m\u00f6glich, ohne dass eine Justierung notwendig ist. Sicherheitsfunktionen wie Schutzblenden und Not-Aus sind integriert. Das modulare Design erlaubt eine einfache Wartung und Systemintegration.<\/p>\n<h2 data-start=\"573\" data-end=\"624\">Anwendungsbereiche des Hochenergie Nd:YAG Lasers<\/h2>\n<p data-start=\"626\" data-end=\"1172\" data-is-last-node=\"\" data-is-only-node=\"\">Der <strong data-start=\"630\" data-end=\"658\">Hochenergie Nd:YAG Laser<\/strong> kommt bei der Laser-Schockverfestigung (LSP) zum Einsatz. Auch f\u00fcr pulsierte Laserabscheidung (PLD) ist er ideal geeignet. In LiDAR-Systemen liefert er zuverl\u00e4ssige Leistung. F\u00fcr Plasmaerzeugung und Diagnostik bietet er hohe Pr\u00e4zision. Er dient als Pumpquelle f\u00fcr OPOs und Farbstofflaser. Auch bei Laserinduzierter Fluoreszenz (LIF) findet er Anwendung. Zudem eignet er sich f\u00fcr die Laserreinigung und Materialablation. Anwendungen in nichtlinearer Optik und Photochemie profitieren ebenfalls von seiner Leistung.<\/p>\n","protected":false},"excerpt":{"rendered":"<p><a href=\"https:\/\/soliton-gmbh.de\/wp-content\/uploads\/2022\/11\/Zeichenflaeche-1@3x.png\"><img loading=\"lazy\" decoding=\"async\" class=\"alignnone wp-image-9731\" src=\"https:\/\/soliton-gmbh.de\/wp-content\/uploads\/2022\/11\/Zeichenflaeche-1@3x.png\" alt=\"\" width=\"169\" height=\"30\" srcset=\"https:\/\/soliton-gmbh.de\/wp-content\/uploads\/2022\/11\/Zeichenflaeche-1@3x.png 1011w, https:\/\/soliton-gmbh.de\/wp-content\/uploads\/2022\/11\/Zeichenflaeche-1@3x-300x53.png 300w, https:\/\/soliton-gmbh.de\/wp-content\/uploads\/2022\/11\/Zeichenflaeche-1@3x-768x137.png 768w, https:\/\/soliton-gmbh.de\/wp-content\/uploads\/2022\/11\/Zeichenflaeche-1@3x-18x3.png 18w, https:\/\/soliton-gmbh.de\/wp-content\/uploads\/2022\/11\/Zeichenflaeche-1@3x-600x107.png 600w\" sizes=\"auto, (max-width: 169px) 100vw, 169px\" \/><\/a><\/p>\n<ul>\n<li>Pump laser for femtosecond Ti:Sapphire, OPO, dye laser<\/li>\n<li>LIF, PLIV, LIBS, LIDAR<\/li>\n<li>Laser Shock Peening<\/li>\n<li>Thomson scattering<\/li>\n<li>PVD Physical Vapor Deposition<\/li>\n<\/ul>","protected":false},"featured_media":9850,"template":"","meta":{"_acf_changed":false,"_uag_custom_page_level_css":"","site-sidebar-layout":"default","site-content-layout":"default","ast-site-content-layout":"default","site-content-style":"default","site-sidebar-style":"default","ast-global-header-display":"","ast-banner-title-visibility":"","ast-main-header-display":"","ast-hfb-above-header-display":"","ast-hfb-below-header-display":"","ast-hfb-mobile-header-display":"","site-post-title":"","ast-breadcrumbs-content":"","ast-featured-img":"","footer-sml-layout":"","ast-disable-related-posts":"","theme-transparent-header-meta":"default","adv-header-id-meta":"","stick-header-meta":"default","header-above-stick-meta":"","header-main-stick-meta":"","header-below-stick-meta":"","astra-migrate-meta-layouts":"set","ast-page-background-enabled":"default","ast-page-background-meta":{"desktop":{"background-color":"","background-image":"","background-repeat":"repeat","background-position":"center center","background-size":"auto","background-attachment":"scroll","background-type":"","background-media":"","overlay-type":"","overlay-color":"","overlay-opacity":"","overlay-gradient":""},"tablet":{"background-color":"","background-image":"","background-repeat":"repeat","background-position":"center center","background-size":"auto","background-attachment":"scroll","background-type":"","background-media":"","overlay-type":"","overlay-color":"","overlay-opacity":"","overlay-gradient":""},"mobile":{"background-color":"","background-image":"","background-repeat":"repeat","background-position":"center center","background-size":"auto","background-attachment":"scroll","background-type":"","background-media":"","overlay-type":"","overlay-color":"","overlay-opacity":"","overlay-gradient":""}},"ast-content-background-meta":{"desktop":{"background-color":"var(--ast-global-color-5)","background-image":"","background-repeat":"repeat","background-position":"center center","background-size":"auto","background-attachment":"scroll","background-type":"","background-media":"","overlay-type":"","overlay-color":"","overlay-opacity":"","overlay-gradient":""},"tablet":{"background-color":"var(--ast-global-color-5)","background-image":"","background-repeat":"repeat","background-position":"center center","background-size":"auto","background-attachment":"scroll","background-type":"","background-media":"","overlay-type":"","overlay-color":"","overlay-opacity":"","overlay-gradient":""},"mobile":{"background-color":"var(--ast-global-color-5)","background-image":"","background-repeat":"repeat","background-position":"center center","background-size":"auto","background-attachment":"scroll","background-type":"","background-media":"","overlay-type":"","overlay-color":"","overlay-opacity":"","overlay-gradient":""}}},"product_brand":[1629],"product_cat":[1343],"product_tag":[],"class_list":{"0":"post-9848","1":"product","2":"type-product","3":"status-publish","4":"has-post-thumbnail","6":"product_brand-beamtech","7":"product_cat-lampengepumpte-ndyag-laser","8":"desktop-align-left","9":"tablet-align-center","10":"mobile-align-center","11":"ast-product-gallery-layout-horizontal-slider","12":"ast-product-gallery-with-no-image","13":"ast-magnify-disabled","14":"ast-product-tabs-layout-horizontal","16":"first","17":"instock","18":"virtual","19":"sold-individually","20":"purchasable","21":"product-type-simple"},"acf":[],"yoast_head":"<!-- This site is optimized with the Yoast SEO Premium plugin v27.2 (Yoast SEO v27.4) - https:\/\/yoast.com\/product\/yoast-seo-premium-wordpress\/ -->\n<title>Hochenergie Nd:YAG Laser - Soliton<\/title>\n<meta name=\"description\" content=\"SGR-Serie Hochenergie Nd:YAG Laser von Beamtech Optronics \u2013 Leistungsstarke Q-Switched Laser f\u00fcr pr\u00e4zise industrielle und wissenschaftliche Anwendungen\" \/>\n<meta name=\"robots\" content=\"index, follow, max-snippet:-1, max-image-preview:large, max-video-preview:-1\" \/>\n<link rel=\"canonical\" href=\"https:\/\/soliton-gmbh.de\/en\/product\/high-energy-ndyag-laser\/\" \/>\n<meta property=\"og:locale\" content=\"en_US\" \/>\n<meta property=\"og:type\" content=\"article\" \/>\n<meta property=\"og:title\" content=\"Hochenergie Nd:YAG Laser\" \/>\n<meta property=\"og:description\" content=\"SGR-Serie Hochenergie Nd:YAG Laser von Beamtech Optronics \u2013 Leistungsstarke Q-Switched Laser f\u00fcr pr\u00e4zise industrielle und wissenschaftliche Anwendungen\" \/>\n<meta property=\"og:url\" content=\"https:\/\/soliton-gmbh.de\/en\/product\/high-energy-ndyag-laser\/\" \/>\n<meta property=\"og:site_name\" content=\"Soliton Laser- und Messtechnik GmbH\" \/>\n<meta property=\"article:modified_time\" content=\"2026-04-14T22:19:35+00:00\" \/>\n<meta property=\"og:image\" content=\"https:\/\/soliton-gmbh.de\/wp-content\/uploads\/2025\/05\/SGR2.jpg\" \/>\n\t<meta property=\"og:image:width\" content=\"1500\" \/>\n\t<meta property=\"og:image:height\" content=\"1501\" \/>\n\t<meta property=\"og:image:type\" content=\"image\/jpeg\" \/>\n<meta name=\"twitter:card\" content=\"summary_large_image\" \/>\n<meta name=\"twitter:label1\" content=\"Price\" \/>\n\t<meta name=\"twitter:data1\" content=\"&euro;0.00\" \/>\n\t<meta name=\"twitter:label2\" content=\"Availability\" \/>\n\t<meta name=\"twitter:data2\" content=\"In stock\" \/>\n<script type=\"application\/ld+json\" class=\"yoast-schema-graph\">{\"@context\":\"https:\\\/\\\/schema.org\",\"@graph\":[{\"@type\":\"WebPage\",\"@id\":\"https:\\\/\\\/soliton-gmbh.de\\\/produkt\\\/hochenergie-ndyag-laser\\\/\",\"url\":\"https:\\\/\\\/soliton-gmbh.de\\\/produkt\\\/hochenergie-ndyag-laser\\\/\",\"name\":\"Hochenergie Nd:YAG Laser - Soliton\",\"isPartOf\":{\"@id\":\"https:\\\/\\\/soliton-gmbh.de\\\/#website\"},\"primaryImageOfPage\":{\"@id\":\"https:\\\/\\\/soliton-gmbh.de\\\/produkt\\\/hochenergie-ndyag-laser\\\/#primaryimage\"},\"image\":{\"@id\":\"https:\\\/\\\/soliton-gmbh.de\\\/produkt\\\/hochenergie-ndyag-laser\\\/#primaryimage\"},\"thumbnailUrl\":\"https:\\\/\\\/soliton-gmbh.de\\\/wp-content\\\/uploads\\\/2025\\\/05\\\/SGR2.jpg\",\"datePublished\":\"2025-05-16T09:33:27+00:00\",\"dateModified\":\"2026-04-14T22:19:35+00:00\",\"description\":\"SGR-Serie Hochenergie Nd:YAG Laser von Beamtech Optronics \u2013 Leistungsstarke Q-Switched Laser f\u00fcr pr\u00e4zise industrielle und wissenschaftliche Anwendungen\",\"breadcrumb\":{\"@id\":\"https:\\\/\\\/soliton-gmbh.de\\\/produkt\\\/hochenergie-ndyag-laser\\\/#breadcrumb\"},\"inLanguage\":\"en-US\",\"potentialAction\":[{\"@type\":\"ReadAction\",\"target\":[\"https:\\\/\\\/soliton-gmbh.de\\\/produkt\\\/hochenergie-ndyag-laser\\\/\"]}]},{\"@type\":\"ImageObject\",\"inLanguage\":\"en-US\",\"@id\":\"https:\\\/\\\/soliton-gmbh.de\\\/produkt\\\/hochenergie-ndyag-laser\\\/#primaryimage\",\"url\":\"https:\\\/\\\/soliton-gmbh.de\\\/wp-content\\\/uploads\\\/2025\\\/05\\\/SGR2.jpg\",\"contentUrl\":\"https:\\\/\\\/soliton-gmbh.de\\\/wp-content\\\/uploads\\\/2025\\\/05\\\/SGR2.jpg\",\"width\":1500,\"height\":1501,\"caption\":\"SGR-Serie Hochenergie Nd:YAG Laser von Beamtech Optronics \u2013 Pr\u00e4zisionslaser f\u00fcr industrielle Anwendungen\"},{\"@type\":\"BreadcrumbList\",\"@id\":\"https:\\\/\\\/soliton-gmbh.de\\\/produkt\\\/hochenergie-ndyag-laser\\\/#breadcrumb\",\"itemListElement\":[{\"@type\":\"ListItem\",\"position\":1,\"name\":\"Startseite\",\"item\":\"https:\\\/\\\/soliton-gmbh.de\\\/\"},{\"@type\":\"ListItem\",\"position\":2,\"name\":\"Produkte\",\"item\":\"https:\\\/\\\/soliton-gmbh.de\\\/produkte\\\/\"},{\"@type\":\"ListItem\",\"position\":3,\"name\":\"Hochenergie Nd:YAG Laser\"}]},{\"@type\":\"WebSite\",\"@id\":\"https:\\\/\\\/soliton-gmbh.de\\\/#website\",\"url\":\"https:\\\/\\\/soliton-gmbh.de\\\/\",\"name\":\"Soliton Laser- und Messtechnik GmbH\",\"description\":\"\",\"publisher\":{\"@id\":\"https:\\\/\\\/soliton-gmbh.de\\\/#organization\"},\"potentialAction\":[{\"@type\":\"SearchAction\",\"target\":{\"@type\":\"EntryPoint\",\"urlTemplate\":\"https:\\\/\\\/soliton-gmbh.de\\\/?s={search_term_string}\"},\"query-input\":{\"@type\":\"PropertyValueSpecification\",\"valueRequired\":true,\"valueName\":\"search_term_string\"}}],\"inLanguage\":\"en-US\"},{\"@type\":\"Organization\",\"@id\":\"https:\\\/\\\/soliton-gmbh.de\\\/#organization\",\"name\":\"Soliton GmbH\",\"url\":\"https:\\\/\\\/soliton-gmbh.de\\\/\",\"logo\":{\"@type\":\"ImageObject\",\"inLanguage\":\"en-US\",\"@id\":\"https:\\\/\\\/soliton-gmbh.de\\\/#\\\/schema\\\/logo\\\/image\\\/\",\"url\":\"https:\\\/\\\/soliton-gmbh.de\\\/wp-content\\\/uploads\\\/2022\\\/08\\\/cropped-soliton-logo.png\",\"contentUrl\":\"https:\\\/\\\/soliton-gmbh.de\\\/wp-content\\\/uploads\\\/2022\\\/08\\\/cropped-soliton-logo.png\",\"width\":500,\"height\":350,\"caption\":\"Soliton GmbH\"},\"image\":{\"@id\":\"https:\\\/\\\/soliton-gmbh.de\\\/#\\\/schema\\\/logo\\\/image\\\/\"}}]}<\/script>\n<meta property=\"product:price:amount\" content=\"0.00\" \/>\n<meta property=\"product:price:currency\" content=\"EUR\" \/>\n<meta property=\"og:availability\" content=\"instock\" \/>\n<meta property=\"product:availability\" content=\"instock\" \/>\n<meta property=\"product:condition\" content=\"new\" \/>\n<!-- \/ Yoast SEO Premium plugin. -->","yoast_head_json":{"title":"High energy Nd:YAG laser - Soliton","description":"SGR Series High Energy Nd:YAG Lasers from Beamtech Optronics - Powerful Q-Switched Lasers for precise industrial and scientific applications","robots":{"index":"index","follow":"follow","max-snippet":"max-snippet:-1","max-image-preview":"max-image-preview:large","max-video-preview":"max-video-preview:-1"},"canonical":"https:\/\/soliton-gmbh.de\/en\/product\/high-energy-ndyag-laser\/","og_locale":"en_US","og_type":"article","og_title":"Hochenergie Nd:YAG Laser","og_description":"SGR-Serie Hochenergie Nd:YAG Laser von Beamtech Optronics \u2013 Leistungsstarke Q-Switched Laser f\u00fcr pr\u00e4zise industrielle und wissenschaftliche Anwendungen","og_url":"https:\/\/soliton-gmbh.de\/en\/product\/high-energy-ndyag-laser\/","og_site_name":"Soliton Laser- und Messtechnik GmbH","article_modified_time":"2026-04-14T22:19:35+00:00","og_image":[{"width":1500,"height":1501,"url":"https:\/\/soliton-gmbh.de\/wp-content\/uploads\/2025\/05\/SGR2.jpg","type":"image\/jpeg"}],"twitter_card":"summary_large_image","twitter_misc":{"Price":"&euro;0.00","Availability":"In stock"},"schema":{"@context":"https:\/\/schema.org","@graph":[{"@type":"WebPage","@id":"https:\/\/soliton-gmbh.de\/produkt\/hochenergie-ndyag-laser\/","url":"https:\/\/soliton-gmbh.de\/produkt\/hochenergie-ndyag-laser\/","name":"High energy Nd:YAG laser - Soliton","isPartOf":{"@id":"https:\/\/soliton-gmbh.de\/#website"},"primaryImageOfPage":{"@id":"https:\/\/soliton-gmbh.de\/produkt\/hochenergie-ndyag-laser\/#primaryimage"},"image":{"@id":"https:\/\/soliton-gmbh.de\/produkt\/hochenergie-ndyag-laser\/#primaryimage"},"thumbnailUrl":"https:\/\/soliton-gmbh.de\/wp-content\/uploads\/2025\/05\/SGR2.jpg","datePublished":"2025-05-16T09:33:27+00:00","dateModified":"2026-04-14T22:19:35+00:00","description":"SGR Series High Energy Nd:YAG Lasers from Beamtech Optronics - Powerful Q-Switched Lasers for precise industrial and scientific applications","breadcrumb":{"@id":"https:\/\/soliton-gmbh.de\/produkt\/hochenergie-ndyag-laser\/#breadcrumb"},"inLanguage":"en-US","potentialAction":[{"@type":"ReadAction","target":["https:\/\/soliton-gmbh.de\/produkt\/hochenergie-ndyag-laser\/"]}]},{"@type":"ImageObject","inLanguage":"en-US","@id":"https:\/\/soliton-gmbh.de\/produkt\/hochenergie-ndyag-laser\/#primaryimage","url":"https:\/\/soliton-gmbh.de\/wp-content\/uploads\/2025\/05\/SGR2.jpg","contentUrl":"https:\/\/soliton-gmbh.de\/wp-content\/uploads\/2025\/05\/SGR2.jpg","width":1500,"height":1501,"caption":"SGR-Serie Hochenergie Nd:YAG Laser von Beamtech Optronics \u2013 Pr\u00e4zisionslaser f\u00fcr industrielle Anwendungen"},{"@type":"BreadcrumbList","@id":"https:\/\/soliton-gmbh.de\/produkt\/hochenergie-ndyag-laser\/#breadcrumb","itemListElement":[{"@type":"ListItem","position":1,"name":"Startseite","item":"https:\/\/soliton-gmbh.de\/"},{"@type":"ListItem","position":2,"name":"Produkte","item":"https:\/\/soliton-gmbh.de\/produkte\/"},{"@type":"ListItem","position":3,"name":"Hochenergie Nd:YAG Laser"}]},{"@type":"WebSite","@id":"https:\/\/soliton-gmbh.de\/#website","url":"https:\/\/soliton-gmbh.de\/","name":"Soliton Laser- und Messtechnik GmbH","description":"","publisher":{"@id":"https:\/\/soliton-gmbh.de\/#organization"},"potentialAction":[{"@type":"SearchAction","target":{"@type":"EntryPoint","urlTemplate":"https:\/\/soliton-gmbh.de\/?s={search_term_string}"},"query-input":{"@type":"PropertyValueSpecification","valueRequired":true,"valueName":"search_term_string"}}],"inLanguage":"en-US"},{"@type":"Organization","@id":"https:\/\/soliton-gmbh.de\/#organization","name":"Soliton GmbH","url":"https:\/\/soliton-gmbh.de\/","logo":{"@type":"ImageObject","inLanguage":"en-US","@id":"https:\/\/soliton-gmbh.de\/#\/schema\/logo\/image\/","url":"https:\/\/soliton-gmbh.de\/wp-content\/uploads\/2022\/08\/cropped-soliton-logo.png","contentUrl":"https:\/\/soliton-gmbh.de\/wp-content\/uploads\/2022\/08\/cropped-soliton-logo.png","width":500,"height":350,"caption":"Soliton GmbH"},"image":{"@id":"https:\/\/soliton-gmbh.de\/#\/schema\/logo\/image\/"}}]},"product_price_amount":"0.00","product_price_currency":"EUR","og_availability":"instock","product_availability":"instock","product_condition":"new"},"uagb_featured_image_src":{"full":["https:\/\/soliton-gmbh.de\/wp-content\/uploads\/2025\/05\/SGR2.jpg",1500,1501,false],"thumbnail":["https:\/\/soliton-gmbh.de\/wp-content\/uploads\/2025\/05\/SGR2-150x150.jpg",150,150,true],"medium":["https:\/\/soliton-gmbh.de\/wp-content\/uploads\/2025\/05\/SGR2-300x300.jpg",300,300,true],"medium_large":["https:\/\/soliton-gmbh.de\/wp-content\/uploads\/2025\/05\/SGR2-768x769.jpg",768,769,true],"large":["https:\/\/soliton-gmbh.de\/wp-content\/uploads\/2025\/05\/SGR2-1024x1024.jpg",1024,1024,true],"1536x1536":["https:\/\/soliton-gmbh.de\/wp-content\/uploads\/2025\/05\/SGR2.jpg",1500,1501,false],"2048x2048":["https:\/\/soliton-gmbh.de\/wp-content\/uploads\/2025\/05\/SGR2.jpg",1500,1501,false],"trp-custom-language-flag":["https:\/\/soliton-gmbh.de\/wp-content\/uploads\/2025\/05\/SGR2-12x12.jpg",12,12,true],"woocommerce_thumbnail":["https:\/\/soliton-gmbh.de\/wp-content\/uploads\/2025\/05\/SGR2-600x600.jpg",600,600,true],"woocommerce_single":["https:\/\/soliton-gmbh.de\/wp-content\/uploads\/2025\/05\/SGR2-1200x1201.jpg",1200,1201,true],"woocommerce_gallery_thumbnail":["https:\/\/soliton-gmbh.de\/wp-content\/uploads\/2025\/05\/SGR2-300x300.jpg",300,300,true]},"uagb_author_info":{"display_name":"Daniel","author_link":"https:\/\/soliton-gmbh.de\/en\/author\/"},"uagb_comment_info":0,"uagb_excerpt":"Pumplaser f\u00fcr femtosekunden Ti:Saphir, OPO, Farbstofflaser LIF, PLIV, LIBS, LIDAR Laser Shock Peening Thomson Streuung PVD Physical Vapour Deposition","_links":{"self":[{"href":"https:\/\/soliton-gmbh.de\/en\/wp-json\/wp\/v2\/product\/9848","targetHints":{"allow":["GET"]}}],"collection":[{"href":"https:\/\/soliton-gmbh.de\/en\/wp-json\/wp\/v2\/product"}],"about":[{"href":"https:\/\/soliton-gmbh.de\/en\/wp-json\/wp\/v2\/types\/product"}],"wp:featuredmedia":[{"embeddable":true,"href":"https:\/\/soliton-gmbh.de\/en\/wp-json\/wp\/v2\/media\/9850"}],"wp:attachment":[{"href":"https:\/\/soliton-gmbh.de\/en\/wp-json\/wp\/v2\/media?parent=9848"}],"wp:term":[{"taxonomy":"product_brand","embeddable":true,"href":"https:\/\/soliton-gmbh.de\/en\/wp-json\/wp\/v2\/product_brand?post=9848"},{"taxonomy":"product_cat","embeddable":true,"href":"https:\/\/soliton-gmbh.de\/en\/wp-json\/wp\/v2\/product_cat?post=9848"},{"taxonomy":"product_tag","embeddable":true,"href":"https:\/\/soliton-gmbh.de\/en\/wp-json\/wp\/v2\/product_tag?post=9848"}],"curies":[{"name":"wp","href":"https:\/\/api.w.org\/{rel}","templated":true}]}}