{"id":9530,"date":"2025-03-31T11:44:29","date_gmt":"2025-03-31T09:44:29","guid":{"rendered":"https:\/\/soliton-gmbh.de\/?post_type=product&#038;p=9530"},"modified":"2025-05-15T12:19:14","modified_gmt":"2025-05-15T10:19:14","slug":"process-monitoring","status":"publish","type":"product","link":"https:\/\/soliton-gmbh.de\/en\/produkt\/prozessueberwachung\/","title":{"rendered":"Process monitoring\/particle measuring device"},"content":{"rendered":"<h3>AccuSizer Mini-Systeme f\u00fcr die \u00dcberwachung von CMP-Schl\u00e4mmen<\/h3>\n<p>Das AccuSizer Mini System (zur Prozess\u00fcberwachung\/ Partikelmessger\u00e4t) wurde mit einem modularen Design entwickelt, das es erm\u00f6glicht, Sensoren und Fluidikoptionen an die Schl\u00e4mme und Prozessausr\u00fcstung des Kunden anzupassen. Die Systeme liefern schnell und mit h\u00f6heren Z\u00e4hlraten als jede andere Technologie Ergebnisse mit h\u00f6chster Genauigkeit und Aufl\u00f6sung. Dies verbessert die Statistik und gew\u00e4hrleistet die Erkennung von gro\u00dfen Partikelzahlen (LPC), die den Yield verringern.<\/p>\n<p>Eine Vielzahl von kundenspezifischen &#8220;Autodilution&#8221; Modulen stellt sicher, dass die perfekte Konzentration f\u00fcr die Messung an den Sensor geliefert wird.<br \/>\nMit der SPOS-Technik (Single Particle Optical Sizing) liefern die Systeme Ergebnisse von h\u00f6chster Genauigkeit.<br \/>\nSie sind bestens geeignet zur kontinuierlichen \u00dcberwachung von LPC in\u00a0 CMP-Slurry-Zufuhrsystemen und als Werkzeug zur Optimierung der Filtration und anderer Prozessbedingungen.<\/p>\n<h3>AccuSizer Mini FX-System<\/h3>\n<p>Bereich: 0,65 &#8211; 20 \u00b5m, bis zu 106 Partikel\/ml<br \/>\nEinstufige Verd\u00fcnnungsfluidik<br \/>\nIdeal f\u00fcr CMP-Slurries aus Ceroxid<\/p>\n<h3>AccuSizer Mini LE System<\/h3>\n<p>Bereich: 0,5 &#8211; 400 \u00b5m, bis zu 10.000 Partikel\/mL<br \/>\nEin- oder zweistufige Verd\u00fcnnungsfluidik<br \/>\nIdeal f\u00fcr Siliziumdioxid-CMP-Slurries<\/p>\n<h3>AccuSizer Mini FX-Nano System<\/h3>\n<p>Bereich: 0,15 &#8211; 10 \u00b5m, bis zu 106 Partikel\/mL<br \/>\nExponentielle Verd\u00fcnnungsfluidik<br \/>\nIdeal f\u00fcr saubere, kolloidale CMP-Slurries<\/p>\n<h2 class=\"\" data-start=\"472\" data-end=\"521\">Technische Merkmale<\/h2>\n<p class=\"\" data-start=\"523\" data-end=\"721\"><span class=\"relative -mx-px my-[-0.2rem] rounded px-px py-[0.2rem] transition-colors duration-100 ease-in-out\">Die AccuSizer Mini Systeme zeichnen sich durch ihre hohe Flexibilit\u00e4t und Anpassungsf\u00e4higkeit aus.<\/span> <span class=\"relative -mx-px my-[-0.2rem] rounded px-px py-[0.2rem] transition-colors duration-100 ease-in-out\">Das modulare Design erlaubt die individuelle Konfiguration von Sensoren und Fluidikoptionen entsprechend den spezifischen Anforderungen des Kunden.<\/span> <span class=\"relative -mx-px my-[-0.2rem] rounded px-px py-[0.2rem] transition-colors duration-100 ease-in-out\">Die Systeme liefern schnelle und hochaufl\u00f6sende Ergebnisse mit Z\u00e4hlraten, die \u00fcber denen anderer Technologien liegen.<\/span> <span class=\"relative -mx-px my-[-0.2rem] rounded px-px py-[0.2rem] transition-colors duration-100 ease-in-out\">Dies verbessert die statistische Genauigkeit und erm\u00f6glicht die zuverl\u00e4ssige Erkennung von gro\u00dfen Partikelzahlen (LPC), die die Ausbeute verringern k\u00f6nnen.<\/span><\/p>\n<p class=\"\" data-start=\"723\" data-end=\"881\"><span class=\"relative -mx-px my-[-0.2rem] rounded px-px py-[0.2rem] transition-colors duration-100 ease-in-out\">Eine Vielzahl von kundenspezifischen Autoverd\u00fcnnungsmodulen stellt sicher, dass die optimale Konzentration f\u00fcr die Messung an den Sensor geliefert wird.<\/span> <span class=\"relative -mx-px my-[-0.2rem] rounded px-px py-[0.2rem] transition-colors duration-100 ease-in-out\">Die SPOS-Technik erm\u00f6glicht die pr\u00e4zise Messung einzelner Partikel, was zu Ergebnissen von h\u00f6chster Genauigkeit f\u00fchrt.<\/span> <span class=\"relative -mx-px my-[-0.2rem] rounded px-px py-[0.2rem] transition-colors duration-100 ease-in-out\">Die Systeme sind bestens geeignet zur kontinuierlichen \u00dcberwachung von LPC in CMP-Schlamm-Zufuhrsystemen und dienen als Werkzeug zur Optimierung der Filtration und anderer Prozessbedingungen.<\/span><\/p>\n<h2 class=\"\" data-start=\"883\" data-end=\"946\">Anwendungsbereiche der Prozess\u00fcberwachung<\/h2>\n<p class=\"\" data-start=\"948\" data-end=\"1146\"><span class=\"relative -mx-px my-[-0.2rem] rounded px-px py-[0.2rem] transition-colors duration-100 ease-in-out\">Die <strong data-start=\"4\" data-end=\"26\">Prozess\u00fcberwachung<\/strong> mit dem Partikelmessger\u00e4t AccuSizer Mini findet Anwendung in verschiedenen Bereichen der Halbleiterfertigung und Materialwissenschaft.<\/span> <span class=\"relative -mx-px my-[-0.2rem] rounded px-px py-[0.2rem] transition-colors duration-100 ease-in-out\">In der \u00dcberwachung von CMP-Schl\u00e4mmen erm\u00f6glichen sie die fr\u00fchzeitige Erkennung von Verunreinigungen und Aggregationen, die zu Defekten f\u00fchren k\u00f6nnen.<\/span> <span class=\"relative -mx-px my-[-0.2rem] rounded px-px py-[0.2rem] transition-colors duration-100 ease-in-out\">Dies ist entscheidend f\u00fcr die Qualit\u00e4tssicherung und die Optimierung von Fertigungsprozessen.<\/span> <span class=\"relative -mx-px my-[-0.2rem] rounded px-px py-[0.2rem] transition-colors duration-100 ease-in-out\">Dar\u00fcber hinaus werden die Systeme in der Forschung und Entwicklung eingesetzt, um die Eigenschaften neuer Materialien zu analysieren und Prozesse zu verbessern.<\/span><\/p>\n<p>Falls Sie weitere Fragen zu den Systemen haben, stellen Sie gerne eine unverbindliche Anfrage. Weitere Informationen \u00fcber die Produkte und alle technischen Datenbl\u00e4tter zu jeder Variante erhalten Sie hier: <a href=\"https:\/\/www.entegris.com\" target=\"_new\" rel=\"noopener\">Entegris.com<\/a>.<\/p>\n","protected":false},"excerpt":{"rendered":"<p><a href=\"https:\/\/soliton-gmbh.de\/wp-content\/uploads\/2023\/02\/Entegrisd.png\"><img loading=\"lazy\" decoding=\"async\" class=\"alignnone wp-image-5903\" src=\"https:\/\/soliton-gmbh.de\/wp-content\/uploads\/2023\/02\/Entegrisd-1024x244.png\" alt=\"Logo of Entegris\" width=\"151\" height=\"36\" srcset=\"https:\/\/soliton-gmbh.de\/wp-content\/uploads\/2023\/02\/Entegrisd-1024x244.png 1024w, https:\/\/soliton-gmbh.de\/wp-content\/uploads\/2023\/02\/Entegrisd-600x143.png 600w, https:\/\/soliton-gmbh.de\/wp-content\/uploads\/2023\/02\/Entegrisd-1200x286.png 1200w, https:\/\/soliton-gmbh.de\/wp-content\/uploads\/2023\/02\/Entegrisd-300x71.png 300w, https:\/\/soliton-gmbh.de\/wp-content\/uploads\/2023\/02\/Entegrisd-768x183.png 768w, https:\/\/soliton-gmbh.de\/wp-content\/uploads\/2023\/02\/Entegrisd-1536x366.png 1536w, https:\/\/soliton-gmbh.de\/wp-content\/uploads\/2023\/02\/Entegrisd-18x4.png 18w, https:\/\/soliton-gmbh.de\/wp-content\/uploads\/2023\/02\/Entegrisd.png 1582w\" sizes=\"auto, (max-width: 151px) 100vw, 151px\" \/><\/a><\/p>\n<ul>\n<li>SPOS technology<\/li>\n<li>For CMP slurries<\/li>\n<li>Nanoparticle online measurement<\/li>\n<\/ul>\n<p>Contact person: Wolf Wagner (Ph.D.)<\/p>","protected":false},"featured_media":9531,"template":"","meta":{"_acf_changed":false,"_uag_custom_page_level_css":"","site-sidebar-layout":"default","site-content-layout":"default","ast-site-content-layout":"default","site-content-style":"default","site-sidebar-style":"default","ast-global-header-display":"","ast-banner-title-visibility":"","ast-main-header-display":"","ast-hfb-above-header-display":"","ast-hfb-below-header-display":"","ast-hfb-mobile-header-display":"","site-post-title":"","ast-breadcrumbs-content":"","ast-featured-img":"","footer-sml-layout":"","ast-disable-related-posts":"","theme-transparent-header-meta":"default","adv-header-id-meta":"","stick-header-meta":"default","header-above-stick-meta":"","header-main-stick-meta":"","header-below-stick-meta":"","astra-migrate-meta-layouts":"set","ast-page-background-enabled":"default","ast-page-background-meta":{"desktop":{"background-color":"","background-image":"","background-repeat":"repeat","background-position":"center center","background-size":"auto","background-attachment":"scroll","background-type":"","background-media":"","overlay-type":"","overlay-color":"","overlay-opacity":"","overlay-gradient":""},"tablet":{"background-color":"","background-image":"","background-repeat":"repeat","background-position":"center center","background-size":"auto","background-attachment":"scroll","background-type":"","background-media":"","overlay-type":"","overlay-color":"","overlay-opacity":"","overlay-gradient":""},"mobile":{"background-color":"","background-image":"","background-repeat":"repeat","background-position":"center center","background-size":"auto","background-attachment":"scroll","background-type":"","background-media":"","overlay-type":"","overlay-color":"","overlay-opacity":"","overlay-gradient":""}},"ast-content-background-meta":{"desktop":{"background-color":"var(--ast-global-color-5)","background-image":"","background-repeat":"repeat","background-position":"center center","background-size":"auto","background-attachment":"scroll","background-type":"","background-media":"","overlay-type":"","overlay-color":"","overlay-opacity":"","overlay-gradient":""},"tablet":{"background-color":"var(--ast-global-color-5)","background-image":"","background-repeat":"repeat","background-position":"center center","background-size":"auto","background-attachment":"scroll","background-type":"","background-media":"","overlay-type":"","overlay-color":"","overlay-opacity":"","overlay-gradient":""},"mobile":{"background-color":"var(--ast-global-color-5)","background-image":"","background-repeat":"repeat","background-position":"center center","background-size":"auto","background-attachment":"scroll","background-type":"","background-media":"","overlay-type":"","overlay-color":"","overlay-opacity":"","overlay-gradient":""}}},"product_brand":[],"product_cat":[28,81,276],"product_tag":[428,899,900,895,906,904,907,902,897,908,903,909,896,901,905,898],"class_list":{"0":"post-9530","1":"product","2":"type-product","3":"status-publish","4":"has-post-thumbnail","6":"product_cat-analytik","7":"product_cat-partikelmessung","8":"product_cat-systeme-fuer-partikelmessung","9":"product_tag-21-cfr-part-11","10":"product_tag-899","11":"product_tag-900","12":"product_tag-automatische-probenverduennung","13":"product_tag-effiziente-probenvorbereitung","14":"product_tag-entegris-accusizer","15":"product_tag-fluessigpartikelzaehler","16":"product_tag-hochaufloesende-partikelanalyse","17":"product_tag-laserpartikelzaehler","18":"product_tag-mikroprozessorbasierte-partikelanalyse","19":"product_tag-niedrigste-partikelgroessenmessung","20":"product_tag-partikelgroessenverteilung","21":"product_tag-partikelmessung","22":"product_tag-pharmazeutische-anwendungen","23":"product_tag-praezise-partikelzaehlung","24":"product_tag-usp-787","25":"desktop-align-left","26":"tablet-align-center","27":"mobile-align-center","28":"ast-product-gallery-layout-horizontal-slider","29":"ast-magnify-disabled","30":"ast-product-tabs-layout-horizontal","32":"first","33":"instock","34":"virtual","35":"sold-individually","36":"purchasable","37":"product-type-simple"},"acf":[],"yoast_head":"<!-- This site is optimized with the Yoast SEO Premium plugin v27.2 (Yoast SEO v27.4) - https:\/\/yoast.com\/product\/yoast-seo-premium-wordpress\/ -->\n<title>Prozess\u00fcberwachung\/ Partikelmessger\u00e4t - Soliton<\/title>\n<meta name=\"description\" content=\"Das Partikelmessger\u00e4t von Entegris \u2013 schnelle und pr\u00e4zise Partikelmessung mit automatischer Probenverd\u00fcnnung, ideal f\u00fcr pharmazeutische Anwendungen\" \/>\n<meta name=\"robots\" content=\"index, follow, max-snippet:-1, max-image-preview:large, max-video-preview:-1\" \/>\n<link rel=\"canonical\" href=\"https:\/\/soliton-gmbh.de\/en\/product\/process-monitoring\/\" \/>\n<meta property=\"og:locale\" content=\"en_US\" \/>\n<meta property=\"og:type\" content=\"article\" \/>\n<meta property=\"og:title\" content=\"Prozess\u00fcberwachung\/ Partikelmessger\u00e4t\" \/>\n<meta property=\"og:description\" content=\"Das Partikelmessger\u00e4t von Entegris \u2013 schnelle und pr\u00e4zise Partikelmessung mit automatischer Probenverd\u00fcnnung, ideal f\u00fcr pharmazeutische Anwendungen\" \/>\n<meta property=\"og:url\" content=\"https:\/\/soliton-gmbh.de\/en\/product\/process-monitoring\/\" \/>\n<meta property=\"og:site_name\" content=\"Soliton Laser- und Messtechnik GmbH\" \/>\n<meta property=\"article:modified_time\" content=\"2025-05-15T10:19:14+00:00\" \/>\n<meta property=\"og:image\" content=\"https:\/\/soliton-gmbh.de\/wp-content\/uploads\/2025\/03\/PSS10.jpg\" \/>\n\t<meta property=\"og:image:width\" content=\"1500\" \/>\n\t<meta property=\"og:image:height\" content=\"1500\" \/>\n\t<meta property=\"og:image:type\" content=\"image\/jpeg\" \/>\n<meta name=\"twitter:card\" content=\"summary_large_image\" \/>\n<meta name=\"twitter:label1\" content=\"Price\" \/>\n\t<meta name=\"twitter:data1\" content=\"&euro;0.00\" \/>\n\t<meta name=\"twitter:label2\" content=\"Availability\" \/>\n\t<meta name=\"twitter:data2\" content=\"In stock\" \/>\n<script type=\"application\/ld+json\" class=\"yoast-schema-graph\">{\"@context\":\"https:\\\/\\\/schema.org\",\"@graph\":[{\"@type\":\"WebPage\",\"@id\":\"https:\\\/\\\/soliton-gmbh.de\\\/produkt\\\/prozessueberwachung\\\/\",\"url\":\"https:\\\/\\\/soliton-gmbh.de\\\/produkt\\\/prozessueberwachung\\\/\",\"name\":\"Prozess\u00fcberwachung\\\/ Partikelmessger\u00e4t - Soliton\",\"isPartOf\":{\"@id\":\"https:\\\/\\\/soliton-gmbh.de\\\/#website\"},\"primaryImageOfPage\":{\"@id\":\"https:\\\/\\\/soliton-gmbh.de\\\/produkt\\\/prozessueberwachung\\\/#primaryimage\"},\"image\":{\"@id\":\"https:\\\/\\\/soliton-gmbh.de\\\/produkt\\\/prozessueberwachung\\\/#primaryimage\"},\"thumbnailUrl\":\"https:\\\/\\\/soliton-gmbh.de\\\/wp-content\\\/uploads\\\/2025\\\/03\\\/PSS10.jpg\",\"datePublished\":\"2025-03-31T09:44:29+00:00\",\"dateModified\":\"2025-05-15T10:19:14+00:00\",\"description\":\"Das Partikelmessger\u00e4t von Entegris \u2013 schnelle und pr\u00e4zise Partikelmessung mit automatischer Probenverd\u00fcnnung, ideal f\u00fcr pharmazeutische Anwendungen\",\"breadcrumb\":{\"@id\":\"https:\\\/\\\/soliton-gmbh.de\\\/produkt\\\/prozessueberwachung\\\/#breadcrumb\"},\"inLanguage\":\"en-US\",\"potentialAction\":[{\"@type\":\"ReadAction\",\"target\":[\"https:\\\/\\\/soliton-gmbh.de\\\/produkt\\\/prozessueberwachung\\\/\"]}]},{\"@type\":\"ImageObject\",\"inLanguage\":\"en-US\",\"@id\":\"https:\\\/\\\/soliton-gmbh.de\\\/produkt\\\/prozessueberwachung\\\/#primaryimage\",\"url\":\"https:\\\/\\\/soliton-gmbh.de\\\/wp-content\\\/uploads\\\/2025\\\/03\\\/PSS10.jpg\",\"contentUrl\":\"https:\\\/\\\/soliton-gmbh.de\\\/wp-content\\\/uploads\\\/2025\\\/03\\\/PSS10.jpg\",\"width\":1500,\"height\":1500,\"caption\":\"AccuSizer Mini System \u2013 Hochpr\u00e4zises Ger\u00e4t zur Prozess\u00fcberwachung\\\/ Partikelmessger\u00e4t und Partikelanalyse in CMP-Schl\u00e4mmen\"},{\"@type\":\"BreadcrumbList\",\"@id\":\"https:\\\/\\\/soliton-gmbh.de\\\/produkt\\\/prozessueberwachung\\\/#breadcrumb\",\"itemListElement\":[{\"@type\":\"ListItem\",\"position\":1,\"name\":\"Startseite\",\"item\":\"https:\\\/\\\/soliton-gmbh.de\\\/\"},{\"@type\":\"ListItem\",\"position\":2,\"name\":\"Produkte\",\"item\":\"https:\\\/\\\/soliton-gmbh.de\\\/produkte\\\/\"},{\"@type\":\"ListItem\",\"position\":3,\"name\":\"Prozess\u00fcberwachung\\\/ Partikelmessger\u00e4t\"}]},{\"@type\":\"WebSite\",\"@id\":\"https:\\\/\\\/soliton-gmbh.de\\\/#website\",\"url\":\"https:\\\/\\\/soliton-gmbh.de\\\/\",\"name\":\"Soliton Laser- und Messtechnik GmbH\",\"description\":\"\",\"publisher\":{\"@id\":\"https:\\\/\\\/soliton-gmbh.de\\\/#organization\"},\"potentialAction\":[{\"@type\":\"SearchAction\",\"target\":{\"@type\":\"EntryPoint\",\"urlTemplate\":\"https:\\\/\\\/soliton-gmbh.de\\\/?s={search_term_string}\"},\"query-input\":{\"@type\":\"PropertyValueSpecification\",\"valueRequired\":true,\"valueName\":\"search_term_string\"}}],\"inLanguage\":\"en-US\"},{\"@type\":\"Organization\",\"@id\":\"https:\\\/\\\/soliton-gmbh.de\\\/#organization\",\"name\":\"Soliton GmbH\",\"url\":\"https:\\\/\\\/soliton-gmbh.de\\\/\",\"logo\":{\"@type\":\"ImageObject\",\"inLanguage\":\"en-US\",\"@id\":\"https:\\\/\\\/soliton-gmbh.de\\\/#\\\/schema\\\/logo\\\/image\\\/\",\"url\":\"https:\\\/\\\/soliton-gmbh.de\\\/wp-content\\\/uploads\\\/2022\\\/08\\\/cropped-soliton-logo.png\",\"contentUrl\":\"https:\\\/\\\/soliton-gmbh.de\\\/wp-content\\\/uploads\\\/2022\\\/08\\\/cropped-soliton-logo.png\",\"width\":500,\"height\":350,\"caption\":\"Soliton GmbH\"},\"image\":{\"@id\":\"https:\\\/\\\/soliton-gmbh.de\\\/#\\\/schema\\\/logo\\\/image\\\/\"}}]}<\/script>\n<meta property=\"product:price:amount\" content=\"0.00\" \/>\n<meta property=\"product:price:currency\" content=\"EUR\" \/>\n<meta property=\"og:availability\" content=\"instock\" \/>\n<meta property=\"product:availability\" content=\"instock\" \/>\n<meta property=\"product:condition\" content=\"new\" \/>\n<!-- \/ Yoast SEO Premium plugin. -->","yoast_head_json":{"title":"Process monitoring\/ particle measuring device - Soliton","description":"The particle sizer from Entegris - fast and precise particle measurement with automatic sample dilution, ideal for pharmaceutical applications","robots":{"index":"index","follow":"follow","max-snippet":"max-snippet:-1","max-image-preview":"max-image-preview:large","max-video-preview":"max-video-preview:-1"},"canonical":"https:\/\/soliton-gmbh.de\/en\/product\/process-monitoring\/","og_locale":"en_US","og_type":"article","og_title":"Prozess\u00fcberwachung\/ Partikelmessger\u00e4t","og_description":"Das Partikelmessger\u00e4t von Entegris \u2013 schnelle und pr\u00e4zise Partikelmessung mit automatischer Probenverd\u00fcnnung, ideal f\u00fcr pharmazeutische Anwendungen","og_url":"https:\/\/soliton-gmbh.de\/en\/product\/process-monitoring\/","og_site_name":"Soliton Laser- und Messtechnik GmbH","article_modified_time":"2025-05-15T10:19:14+00:00","og_image":[{"width":1500,"height":1500,"url":"https:\/\/soliton-gmbh.de\/wp-content\/uploads\/2025\/03\/PSS10.jpg","type":"image\/jpeg"}],"twitter_card":"summary_large_image","twitter_misc":{"Price":"&euro;0.00","Availability":"In stock"},"schema":{"@context":"https:\/\/schema.org","@graph":[{"@type":"WebPage","@id":"https:\/\/soliton-gmbh.de\/produkt\/prozessueberwachung\/","url":"https:\/\/soliton-gmbh.de\/produkt\/prozessueberwachung\/","name":"Process monitoring\/ particle measuring device - Soliton","isPartOf":{"@id":"https:\/\/soliton-gmbh.de\/#website"},"primaryImageOfPage":{"@id":"https:\/\/soliton-gmbh.de\/produkt\/prozessueberwachung\/#primaryimage"},"image":{"@id":"https:\/\/soliton-gmbh.de\/produkt\/prozessueberwachung\/#primaryimage"},"thumbnailUrl":"https:\/\/soliton-gmbh.de\/wp-content\/uploads\/2025\/03\/PSS10.jpg","datePublished":"2025-03-31T09:44:29+00:00","dateModified":"2025-05-15T10:19:14+00:00","description":"The particle sizer from Entegris - fast and precise particle measurement with automatic sample dilution, ideal for pharmaceutical applications","breadcrumb":{"@id":"https:\/\/soliton-gmbh.de\/produkt\/prozessueberwachung\/#breadcrumb"},"inLanguage":"en-US","potentialAction":[{"@type":"ReadAction","target":["https:\/\/soliton-gmbh.de\/produkt\/prozessueberwachung\/"]}]},{"@type":"ImageObject","inLanguage":"en-US","@id":"https:\/\/soliton-gmbh.de\/produkt\/prozessueberwachung\/#primaryimage","url":"https:\/\/soliton-gmbh.de\/wp-content\/uploads\/2025\/03\/PSS10.jpg","contentUrl":"https:\/\/soliton-gmbh.de\/wp-content\/uploads\/2025\/03\/PSS10.jpg","width":1500,"height":1500,"caption":"AccuSizer Mini System \u2013 Hochpr\u00e4zises Ger\u00e4t zur Prozess\u00fcberwachung\/ Partikelmessger\u00e4t und Partikelanalyse in CMP-Schl\u00e4mmen"},{"@type":"BreadcrumbList","@id":"https:\/\/soliton-gmbh.de\/produkt\/prozessueberwachung\/#breadcrumb","itemListElement":[{"@type":"ListItem","position":1,"name":"Startseite","item":"https:\/\/soliton-gmbh.de\/"},{"@type":"ListItem","position":2,"name":"Produkte","item":"https:\/\/soliton-gmbh.de\/produkte\/"},{"@type":"ListItem","position":3,"name":"Prozess\u00fcberwachung\/ Partikelmessger\u00e4t"}]},{"@type":"WebSite","@id":"https:\/\/soliton-gmbh.de\/#website","url":"https:\/\/soliton-gmbh.de\/","name":"Soliton Laser- und Messtechnik GmbH","description":"","publisher":{"@id":"https:\/\/soliton-gmbh.de\/#organization"},"potentialAction":[{"@type":"SearchAction","target":{"@type":"EntryPoint","urlTemplate":"https:\/\/soliton-gmbh.de\/?s={search_term_string}"},"query-input":{"@type":"PropertyValueSpecification","valueRequired":true,"valueName":"search_term_string"}}],"inLanguage":"en-US"},{"@type":"Organization","@id":"https:\/\/soliton-gmbh.de\/#organization","name":"Soliton GmbH","url":"https:\/\/soliton-gmbh.de\/","logo":{"@type":"ImageObject","inLanguage":"en-US","@id":"https:\/\/soliton-gmbh.de\/#\/schema\/logo\/image\/","url":"https:\/\/soliton-gmbh.de\/wp-content\/uploads\/2022\/08\/cropped-soliton-logo.png","contentUrl":"https:\/\/soliton-gmbh.de\/wp-content\/uploads\/2022\/08\/cropped-soliton-logo.png","width":500,"height":350,"caption":"Soliton GmbH"},"image":{"@id":"https:\/\/soliton-gmbh.de\/#\/schema\/logo\/image\/"}}]},"product_price_amount":"0.00","product_price_currency":"EUR","og_availability":"instock","product_availability":"instock","product_condition":"new"},"uagb_featured_image_src":{"full":["https:\/\/soliton-gmbh.de\/wp-content\/uploads\/2025\/03\/PSS10.jpg",1500,1500,false],"thumbnail":["https:\/\/soliton-gmbh.de\/wp-content\/uploads\/2025\/03\/PSS10-150x150.jpg",150,150,true],"medium":["https:\/\/soliton-gmbh.de\/wp-content\/uploads\/2025\/03\/PSS10-300x300.jpg",300,300,true],"medium_large":["https:\/\/soliton-gmbh.de\/wp-content\/uploads\/2025\/03\/PSS10-768x768.jpg",768,768,true],"large":["https:\/\/soliton-gmbh.de\/wp-content\/uploads\/2025\/03\/PSS10-1024x1024.jpg",1024,1024,true],"1536x1536":["https:\/\/soliton-gmbh.de\/wp-content\/uploads\/2025\/03\/PSS10.jpg",1500,1500,false],"2048x2048":["https:\/\/soliton-gmbh.de\/wp-content\/uploads\/2025\/03\/PSS10.jpg",1500,1500,false],"trp-custom-language-flag":["https:\/\/soliton-gmbh.de\/wp-content\/uploads\/2025\/03\/PSS10-12x12.jpg",12,12,true],"woocommerce_thumbnail":["https:\/\/soliton-gmbh.de\/wp-content\/uploads\/2025\/03\/PSS10-600x600.jpg",600,600,true],"woocommerce_single":["https:\/\/soliton-gmbh.de\/wp-content\/uploads\/2025\/03\/PSS10-1200x1200.jpg",1200,1200,true],"woocommerce_gallery_thumbnail":["https:\/\/soliton-gmbh.de\/wp-content\/uploads\/2025\/03\/PSS10-300x300.jpg",300,300,true]},"uagb_author_info":{"display_name":"Daniel","author_link":"https:\/\/soliton-gmbh.de\/en\/author\/"},"uagb_comment_info":0,"uagb_excerpt":"SPOS Technologie F\u00fcr CMP Slurries Nanopartikel Online-Messung Ansprechpartner: Dr. Wolf-Dieter Wagner","_links":{"self":[{"href":"https:\/\/soliton-gmbh.de\/en\/wp-json\/wp\/v2\/product\/9530","targetHints":{"allow":["GET"]}}],"collection":[{"href":"https:\/\/soliton-gmbh.de\/en\/wp-json\/wp\/v2\/product"}],"about":[{"href":"https:\/\/soliton-gmbh.de\/en\/wp-json\/wp\/v2\/types\/product"}],"wp:featuredmedia":[{"embeddable":true,"href":"https:\/\/soliton-gmbh.de\/en\/wp-json\/wp\/v2\/media\/9531"}],"wp:attachment":[{"href":"https:\/\/soliton-gmbh.de\/en\/wp-json\/wp\/v2\/media?parent=9530"}],"wp:term":[{"taxonomy":"product_brand","embeddable":true,"href":"https:\/\/soliton-gmbh.de\/en\/wp-json\/wp\/v2\/product_brand?post=9530"},{"taxonomy":"product_cat","embeddable":true,"href":"https:\/\/soliton-gmbh.de\/en\/wp-json\/wp\/v2\/product_cat?post=9530"},{"taxonomy":"product_tag","embeddable":true,"href":"https:\/\/soliton-gmbh.de\/en\/wp-json\/wp\/v2\/product_tag?post=9530"}],"curies":[{"name":"wp","href":"https:\/\/api.w.org\/{rel}","templated":true}]}}