{"id":9362,"date":"2025-03-03T17:49:51","date_gmt":"2025-03-03T16:49:51","guid":{"rendered":"https:\/\/soliton-gmbh.de\/?post_type=product&#038;p=9362"},"modified":"2025-03-17T10:21:36","modified_gmt":"2025-03-17T09:21:36","slug":"photon-counter-spectrometer","status":"publish","type":"product","link":"https:\/\/soliton-gmbh.de\/en\/produkt\/photon-counter-spektrometer\/","title":{"rendered":"Photon Counter Spectrometer"},"content":{"rendered":"<p data-start=\"158\" data-end=\"594\">The <strong data-start=\"162\" data-end=\"197\">Photon Counter Spectrometer PC1<\/strong> is a compact benchtop instrument designed for scientific applications requiring the highest sensitivity. It combines a state-of-the-art optical design with fully automated control for steady-state fluorescence measurements. It enables precise analyses of fluorescence intensity, polarization, kinetic processes, and synchronous luminescence spectra.<\/p>\n<p data-start=\"596\" data-end=\"1078\">Thanks to its high-resolution photon counting technology, the PC1 achieves a S\/N ratio of over 5000:1 on the Raman spectrum of water. The system also features 80 MHz preamplifier discriminators, enabling linear measurements of up to eight million counts per second on three independent channels. Finally, the spectrometer supports time-resolved measurements and can be upgraded for picosecond resolution.<\/p>\n<h2 data-start=\"1080\" data-end=\"1133\"><strong data-start=\"1083\" data-end=\"1131\">Technical highlights for maximum precision<\/strong><\/h2>\n<p data-start=\"1134\" data-end=\"1574\">The <strong data-start=\"1138\" data-end=\"1158\">PC1 spectrometer<\/strong> It boasts a host of advanced features. It utilizes a 300 W xenon light source with 45 mW\/nm brightness at 275 nm, with lasers, laser diodes, and LEDs available as optional light sources. Furthermore, high-precision holographic grating monochromators ensure wavelength accuracy of \u00b10.2 nm and wavelength repeatability of \u00b10.25 nm.<\/p>\n<p data-start=\"1576\" data-end=\"2039\">The spectrometer also features a parallel-beam design, enabling particularly precise polarization measurements. Flexible data analysis with the Vinci Multidimensional Fluorescence Spectroscopy software offers numerous functions for spectral correction, smoothing, derivation, and normalization. Finally, 2D and 3D data visualization allows for comprehensive analysis of the measured spectra and fluorescence intensities.<\/p>\n<h2 data-start=\"2041\" data-end=\"2092\"><strong data-start=\"2044\" data-end=\"2090\">Areas of application in research and industry<\/strong><\/h2>\n<p data-start=\"2093\" data-end=\"2788\">Thanks to its high sensitivity and precision, the <strong data-start=\"2154\" data-end=\"2189\">PC1 Photon Counter Spectrometer<\/strong> for a wide range of research and industrial applications. It is used in biophysical research to analyze molecular interactions and fluorescence anisotropy. Chemists also benefit from the precise characterization of optical properties of materials. Furthermore, the system is used in pharmacology to analyze drug interactions and biochemical processes. Finally, it is used in environmental analysis to detect the lowest concentrations of fluorescent substances with high accuracy.<\/p>\n<h4><strong>Contact<\/strong><\/h4>\n<p>Do you have any questions about <strong>PC1 <\/strong>or do you need individual advice for your application?\u00a0<strong>Please feel free to contact us<\/strong>\u00a0\u2013 our team of experts will help you find the optimal solution for your requirements.<\/p>","protected":false},"excerpt":{"rendered":"<p><a href=\"https:\/\/soliton-gmbh.de\/wp-content\/uploads\/2025\/02\/ISS-Logo.jpg\"><img loading=\"lazy\" decoding=\"async\" class=\"alignnone wp-image-9276\" src=\"https:\/\/soliton-gmbh.de\/wp-content\/uploads\/2025\/02\/ISS-Logo-300x156.jpg\" alt=\"\" width=\"150\" height=\"78\" srcset=\"https:\/\/soliton-gmbh.de\/wp-content\/uploads\/2025\/02\/ISS-Logo-300x156.jpg 300w, https:\/\/soliton-gmbh.de\/wp-content\/uploads\/2025\/02\/ISS-Logo-768x399.jpg 768w, https:\/\/soliton-gmbh.de\/wp-content\/uploads\/2025\/02\/ISS-Logo-18x9.jpg 18w, https:\/\/soliton-gmbh.de\/wp-content\/uploads\/2025\/02\/ISS-Logo-600x312.jpg 600w, https:\/\/soliton-gmbh.de\/wp-content\/uploads\/2025\/02\/ISS-Logo.jpg 800w\" sizes=\"auto, (max-width: 150px) 100vw, 150px\" \/><\/a><\/p>\n<ul>\n<li>Corrected excitation and emission spectra<\/li>\n<li>Measurements of polarization (anisotropy)<\/li>\n<li>Slow and fast kinetics<\/li>\n<li>Synchronous luminescence spectra<\/li>\n<li>intensity measurements at fixed wavelengths<\/li>\n<li>Ratiometric measurements of excitation (emission) at two wavelengths<\/li>\n<\/ul>\n<p>Contact person: Wolf Wagner (Ph.D.)<\/p>","protected":false},"featured_media":9363,"template":"","meta":{"_acf_changed":false,"_uag_custom_page_level_css":"","site-sidebar-layout":"default","site-content-layout":"","ast-site-content-layout":"default","site-content-style":"default","site-sidebar-style":"default","ast-global-header-display":"","ast-banner-title-visibility":"","ast-main-header-display":"","ast-hfb-above-header-display":"","ast-hfb-below-header-display":"","ast-hfb-mobile-header-display":"","site-post-title":"","ast-breadcrumbs-content":"","ast-featured-img":"","footer-sml-layout":"","ast-disable-related-posts":"","theme-transparent-header-meta":"default","adv-header-id-meta":"","stick-header-meta":"default","header-above-stick-meta":"","header-main-stick-meta":"","header-below-stick-meta":"","astra-migrate-meta-layouts":"set","ast-page-background-enabled":"default","ast-page-background-meta":{"desktop":{"background-color":"","background-image":"","background-repeat":"repeat","background-position":"center center","background-size":"auto","background-attachment":"scroll","background-type":"","background-media":"","overlay-type":"","overlay-color":"","overlay-opacity":"","overlay-gradient":""},"tablet":{"background-color":"","background-image":"","background-repeat":"repeat","background-position":"center center","background-size":"auto","background-attachment":"scroll","background-type":"","background-media":"","overlay-type":"","overlay-color":"","overlay-opacity":"","overlay-gradient":""},"mobile":{"background-color":"","background-image":"","background-repeat":"repeat","background-position":"center center","background-size":"auto","background-attachment":"scroll","background-type":"","background-media":"","overlay-type":"","overlay-color":"","overlay-opacity":"","overlay-gradient":""}},"ast-content-background-meta":{"desktop":{"background-color":"var(--ast-global-color-5)","background-image":"","background-repeat":"repeat","background-position":"center center","background-size":"auto","background-attachment":"scroll","background-type":"","background-media":"","overlay-type":"","overlay-color":"","overlay-opacity":"","overlay-gradient":""},"tablet":{"background-color":"var(--ast-global-color-5)","background-image":"","background-repeat":"repeat","background-position":"center center","background-size":"auto","background-attachment":"scroll","background-type":"","background-media":"","overlay-type":"","overlay-color":"","overlay-opacity":"","overlay-gradient":""},"mobile":{"background-color":"var(--ast-global-color-5)","background-image":"","background-repeat":"repeat","background-position":"center center","background-size":"auto","background-attachment":"scroll","background-type":"","background-media":"","overlay-type":"","overlay-color":"","overlay-opacity":"","overlay-gradient":""}}},"product_brand":[],"product_cat":[1247],"product_tag":[1312,1305,1309,1303,1311,1304,1310,1307,1308,1306],"class_list":{"0":"post-9362","1":"product","2":"type-product","3":"status-publish","4":"has-post-thumbnail","6":"product_cat-time-domain-spektrometer","7":"product_tag-fluoreszenzanisotropie","8":"product_tag-fluoreszenzpolarisation","9":"product_tag-hochaufloesende-photonenzaehlung","10":"product_tag-laserfluorometer","11":"product_tag-molekulare-wechselwirkungsanalyse","12":"product_tag-photonenzaehl-spektrometer","13":"product_tag-raman-spektrum-analyse","14":"product_tag-spektralanalyse","15":"product_tag-steady-state-fluoreszenzspektroskopie","16":"product_tag-zeitaufgeloeste-fluoreszenzmessung","17":"desktop-align-left","18":"tablet-align-center","19":"mobile-align-center","20":"ast-product-gallery-layout-horizontal-slider","21":"ast-product-gallery-with-no-image","22":"ast-magnify-disabled","23":"ast-product-tabs-layout-horizontal","25":"first","26":"instock","27":"virtual","28":"sold-individually","29":"purchasable","30":"product-type-simple"},"acf":[],"yoast_head":"<!-- This site is optimized with the Yoast SEO Premium plugin v27.2 (Yoast SEO v27.4) - https:\/\/yoast.com\/product\/yoast-seo-premium-wordpress\/ -->\n<title>Photon Counter Spektrometer - Soliton<\/title>\n<meta name=\"description\" content=\"Das Photon Counter Spektrometer erm\u00f6glicht hochsensitive Fluoreszenzmessungen mit 80 MHz Photonenz\u00e4hltechnik und pr\u00e4ziser spektraler Analyse.\" \/>\n<meta name=\"robots\" content=\"index, follow, max-snippet:-1, max-image-preview:large, max-video-preview:-1\" \/>\n<link rel=\"canonical\" href=\"https:\/\/soliton-gmbh.de\/en\/product\/photon-counter-spectrometer\/\" \/>\n<meta property=\"og:locale\" content=\"en_US\" \/>\n<meta property=\"og:type\" content=\"article\" \/>\n<meta property=\"og:title\" content=\"Photon Counter Spektrometer\" \/>\n<meta property=\"og:description\" content=\"Das Photon Counter Spektrometer erm\u00f6glicht hochsensitive Fluoreszenzmessungen mit 80 MHz Photonenz\u00e4hltechnik und pr\u00e4ziser spektraler Analyse.\" \/>\n<meta property=\"og:url\" content=\"https:\/\/soliton-gmbh.de\/en\/product\/photon-counter-spectrometer\/\" \/>\n<meta property=\"og:site_name\" content=\"Soliton Laser- und Messtechnik GmbH\" \/>\n<meta property=\"article:modified_time\" content=\"2025-03-17T09:21:36+00:00\" \/>\n<meta property=\"og:image\" content=\"https:\/\/soliton-gmbh.de\/wp-content\/uploads\/2025\/03\/ISS13.jpg\" \/>\n\t<meta property=\"og:image:width\" content=\"1500\" \/>\n\t<meta property=\"og:image:height\" content=\"1500\" \/>\n\t<meta property=\"og:image:type\" content=\"image\/jpeg\" \/>\n<meta name=\"twitter:card\" content=\"summary_large_image\" \/>\n<meta name=\"twitter:label1\" content=\"Price\" \/>\n\t<meta name=\"twitter:data1\" content=\"&euro;0.00\" \/>\n\t<meta name=\"twitter:label2\" content=\"Availability\" \/>\n\t<meta name=\"twitter:data2\" content=\"In stock\" \/>\n<script type=\"application\/ld+json\" class=\"yoast-schema-graph\">{\"@context\":\"https:\\\/\\\/schema.org\",\"@graph\":[{\"@type\":\"WebPage\",\"@id\":\"https:\\\/\\\/soliton-gmbh.de\\\/en\\\/product\\\/photon-counter-spectrometer\\\/\",\"url\":\"https:\\\/\\\/soliton-gmbh.de\\\/en\\\/product\\\/photon-counter-spectrometer\\\/\",\"name\":\"Photon Counter Spektrometer - Soliton\",\"isPartOf\":{\"@id\":\"https:\\\/\\\/soliton-gmbh.de\\\/#website\"},\"primaryImageOfPage\":{\"@id\":\"https:\\\/\\\/soliton-gmbh.de\\\/en\\\/product\\\/photon-counter-spectrometer\\\/#primaryimage\"},\"image\":{\"@id\":\"https:\\\/\\\/soliton-gmbh.de\\\/en\\\/product\\\/photon-counter-spectrometer\\\/#primaryimage\"},\"thumbnailUrl\":\"https:\\\/\\\/soliton-gmbh.de\\\/wp-content\\\/uploads\\\/2025\\\/03\\\/ISS13.jpg\",\"datePublished\":\"2025-03-03T16:49:51+00:00\",\"dateModified\":\"2025-03-17T09:21:36+00:00\",\"description\":\"Das Photon Counter Spektrometer erm\u00f6glicht hochsensitive Fluoreszenzmessungen mit 80 MHz Photonenz\u00e4hltechnik und pr\u00e4ziser spektraler Analyse.\",\"breadcrumb\":{\"@id\":\"https:\\\/\\\/soliton-gmbh.de\\\/en\\\/product\\\/photon-counter-spectrometer\\\/#breadcrumb\"},\"inLanguage\":\"en-US\",\"potentialAction\":[{\"@type\":\"ReadAction\",\"target\":[\"https:\\\/\\\/soliton-gmbh.de\\\/en\\\/product\\\/photon-counter-spectrometer\\\/\"]}]},{\"@type\":\"ImageObject\",\"inLanguage\":\"en-US\",\"@id\":\"https:\\\/\\\/soliton-gmbh.de\\\/en\\\/product\\\/photon-counter-spectrometer\\\/#primaryimage\",\"url\":\"https:\\\/\\\/soliton-gmbh.de\\\/wp-content\\\/uploads\\\/2025\\\/03\\\/ISS13.jpg\",\"contentUrl\":\"https:\\\/\\\/soliton-gmbh.de\\\/wp-content\\\/uploads\\\/2025\\\/03\\\/ISS13.jpg\",\"width\":1500,\"height\":1500},{\"@type\":\"BreadcrumbList\",\"@id\":\"https:\\\/\\\/soliton-gmbh.de\\\/en\\\/product\\\/photon-counter-spectrometer\\\/#breadcrumb\",\"itemListElement\":[{\"@type\":\"ListItem\",\"position\":1,\"name\":\"Startseite\",\"item\":\"https:\\\/\\\/soliton-gmbh.de\\\/\"},{\"@type\":\"ListItem\",\"position\":2,\"name\":\"Produkte\",\"item\":\"https:\\\/\\\/soliton-gmbh.de\\\/produkte\\\/\"},{\"@type\":\"ListItem\",\"position\":3,\"name\":\"Photon Counter Spektrometer\"}]},{\"@type\":\"WebSite\",\"@id\":\"https:\\\/\\\/soliton-gmbh.de\\\/#website\",\"url\":\"https:\\\/\\\/soliton-gmbh.de\\\/\",\"name\":\"Soliton Laser- und Messtechnik GmbH\",\"description\":\"\",\"publisher\":{\"@id\":\"https:\\\/\\\/soliton-gmbh.de\\\/#organization\"},\"potentialAction\":[{\"@type\":\"SearchAction\",\"target\":{\"@type\":\"EntryPoint\",\"urlTemplate\":\"https:\\\/\\\/soliton-gmbh.de\\\/?s={search_term_string}\"},\"query-input\":{\"@type\":\"PropertyValueSpecification\",\"valueRequired\":true,\"valueName\":\"search_term_string\"}}],\"inLanguage\":\"en-US\"},{\"@type\":\"Organization\",\"@id\":\"https:\\\/\\\/soliton-gmbh.de\\\/#organization\",\"name\":\"Soliton GmbH\",\"url\":\"https:\\\/\\\/soliton-gmbh.de\\\/\",\"logo\":{\"@type\":\"ImageObject\",\"inLanguage\":\"en-US\",\"@id\":\"https:\\\/\\\/soliton-gmbh.de\\\/#\\\/schema\\\/logo\\\/image\\\/\",\"url\":\"https:\\\/\\\/soliton-gmbh.de\\\/wp-content\\\/uploads\\\/2022\\\/08\\\/cropped-soliton-logo.png\",\"contentUrl\":\"https:\\\/\\\/soliton-gmbh.de\\\/wp-content\\\/uploads\\\/2022\\\/08\\\/cropped-soliton-logo.png\",\"width\":500,\"height\":350,\"caption\":\"Soliton GmbH\"},\"image\":{\"@id\":\"https:\\\/\\\/soliton-gmbh.de\\\/#\\\/schema\\\/logo\\\/image\\\/\"}}]}<\/script>\n<meta property=\"product:price:amount\" content=\"0.00\" \/>\n<meta property=\"product:price:currency\" content=\"EUR\" \/>\n<meta property=\"og:availability\" content=\"instock\" \/>\n<meta property=\"product:availability\" content=\"instock\" \/>\n<meta property=\"product:condition\" content=\"new\" \/>\n<!-- \/ Yoast SEO Premium plugin. -->","yoast_head_json":{"title":"Photon Counter Spectrometer - Soliton","description":"The Photon Counter spectrometer enables highly sensitive fluorescence measurements with 80 MHz photon counting technology and precise spectral analysis.","robots":{"index":"index","follow":"follow","max-snippet":"max-snippet:-1","max-image-preview":"max-image-preview:large","max-video-preview":"max-video-preview:-1"},"canonical":"https:\/\/soliton-gmbh.de\/en\/product\/photon-counter-spectrometer\/","og_locale":"en_US","og_type":"article","og_title":"Photon Counter Spektrometer","og_description":"Das Photon Counter Spektrometer erm\u00f6glicht hochsensitive Fluoreszenzmessungen mit 80 MHz Photonenz\u00e4hltechnik und pr\u00e4ziser spektraler Analyse.","og_url":"https:\/\/soliton-gmbh.de\/en\/product\/photon-counter-spectrometer\/","og_site_name":"Soliton Laser- und Messtechnik GmbH","article_modified_time":"2025-03-17T09:21:36+00:00","og_image":[{"width":1500,"height":1500,"url":"https:\/\/soliton-gmbh.de\/wp-content\/uploads\/2025\/03\/ISS13.jpg","type":"image\/jpeg"}],"twitter_card":"summary_large_image","twitter_misc":{"Price":"&euro;0.00","Availability":"In stock"},"schema":{"@context":"https:\/\/schema.org","@graph":[{"@type":"WebPage","@id":"https:\/\/soliton-gmbh.de\/en\/product\/photon-counter-spectrometer\/","url":"https:\/\/soliton-gmbh.de\/en\/product\/photon-counter-spectrometer\/","name":"Photon Counter Spectrometer - Soliton","isPartOf":{"@id":"https:\/\/soliton-gmbh.de\/#website"},"primaryImageOfPage":{"@id":"https:\/\/soliton-gmbh.de\/en\/product\/photon-counter-spectrometer\/#primaryimage"},"image":{"@id":"https:\/\/soliton-gmbh.de\/en\/product\/photon-counter-spectrometer\/#primaryimage"},"thumbnailUrl":"https:\/\/soliton-gmbh.de\/wp-content\/uploads\/2025\/03\/ISS13.jpg","datePublished":"2025-03-03T16:49:51+00:00","dateModified":"2025-03-17T09:21:36+00:00","description":"The Photon Counter spectrometer enables highly sensitive fluorescence measurements with 80 MHz photon counting technology and precise spectral analysis.","breadcrumb":{"@id":"https:\/\/soliton-gmbh.de\/en\/product\/photon-counter-spectrometer\/#breadcrumb"},"inLanguage":"en-US","potentialAction":[{"@type":"ReadAction","target":["https:\/\/soliton-gmbh.de\/en\/product\/photon-counter-spectrometer\/"]}]},{"@type":"ImageObject","inLanguage":"en-US","@id":"https:\/\/soliton-gmbh.de\/en\/product\/photon-counter-spectrometer\/#primaryimage","url":"https:\/\/soliton-gmbh.de\/wp-content\/uploads\/2025\/03\/ISS13.jpg","contentUrl":"https:\/\/soliton-gmbh.de\/wp-content\/uploads\/2025\/03\/ISS13.jpg","width":1500,"height":1500},{"@type":"BreadcrumbList","@id":"https:\/\/soliton-gmbh.de\/en\/product\/photon-counter-spectrometer\/#breadcrumb","itemListElement":[{"@type":"ListItem","position":1,"name":"Startseite","item":"https:\/\/soliton-gmbh.de\/"},{"@type":"ListItem","position":2,"name":"Produkte","item":"https:\/\/soliton-gmbh.de\/produkte\/"},{"@type":"ListItem","position":3,"name":"Photon Counter Spektrometer"}]},{"@type":"WebSite","@id":"https:\/\/soliton-gmbh.de\/#website","url":"https:\/\/soliton-gmbh.de\/","name":"Soliton Laser- und Messtechnik GmbH","description":"","publisher":{"@id":"https:\/\/soliton-gmbh.de\/#organization"},"potentialAction":[{"@type":"SearchAction","target":{"@type":"EntryPoint","urlTemplate":"https:\/\/soliton-gmbh.de\/?s={search_term_string}"},"query-input":{"@type":"PropertyValueSpecification","valueRequired":true,"valueName":"search_term_string"}}],"inLanguage":"en-US"},{"@type":"Organization","@id":"https:\/\/soliton-gmbh.de\/#organization","name":"Soliton GmbH","url":"https:\/\/soliton-gmbh.de\/","logo":{"@type":"ImageObject","inLanguage":"en-US","@id":"https:\/\/soliton-gmbh.de\/#\/schema\/logo\/image\/","url":"https:\/\/soliton-gmbh.de\/wp-content\/uploads\/2022\/08\/cropped-soliton-logo.png","contentUrl":"https:\/\/soliton-gmbh.de\/wp-content\/uploads\/2022\/08\/cropped-soliton-logo.png","width":500,"height":350,"caption":"Soliton GmbH"},"image":{"@id":"https:\/\/soliton-gmbh.de\/#\/schema\/logo\/image\/"}}]},"product_price_amount":"0.00","product_price_currency":"EUR","og_availability":"instock","product_availability":"instock","product_condition":"new"},"uagb_featured_image_src":{"full":["https:\/\/soliton-gmbh.de\/wp-content\/uploads\/2025\/03\/ISS13.jpg",1500,1500,false],"thumbnail":["https:\/\/soliton-gmbh.de\/wp-content\/uploads\/2025\/03\/ISS13-150x150.jpg",150,150,true],"medium":["https:\/\/soliton-gmbh.de\/wp-content\/uploads\/2025\/03\/ISS13-300x300.jpg",300,300,true],"medium_large":["https:\/\/soliton-gmbh.de\/wp-content\/uploads\/2025\/03\/ISS13-768x768.jpg",768,768,true],"large":["https:\/\/soliton-gmbh.de\/wp-content\/uploads\/2025\/03\/ISS13-1024x1024.jpg",1024,1024,true],"1536x1536":["https:\/\/soliton-gmbh.de\/wp-content\/uploads\/2025\/03\/ISS13.jpg",1500,1500,false],"2048x2048":["https:\/\/soliton-gmbh.de\/wp-content\/uploads\/2025\/03\/ISS13.jpg",1500,1500,false],"trp-custom-language-flag":["https:\/\/soliton-gmbh.de\/wp-content\/uploads\/2025\/03\/ISS13-12x12.jpg",12,12,true],"woocommerce_thumbnail":["https:\/\/soliton-gmbh.de\/wp-content\/uploads\/2025\/03\/ISS13-600x600.jpg",600,600,true],"woocommerce_single":["https:\/\/soliton-gmbh.de\/wp-content\/uploads\/2025\/03\/ISS13-1200x1200.jpg",1200,1200,true],"woocommerce_gallery_thumbnail":["https:\/\/soliton-gmbh.de\/wp-content\/uploads\/2025\/03\/ISS13-300x300.jpg",300,300,true]},"uagb_author_info":{"display_name":"Daniel","author_link":"https:\/\/soliton-gmbh.de\/en\/author\/"},"uagb_comment_info":0,"uagb_excerpt":"Korrigierte Anregungs- und Emissionsspektren Messungen der Polarisation (Anisotropie) Langsame und schnelle Kinetik Synchrone Lumineszenzspektren Intensit\u00e4tsmessungen bei festen Wellenl\u00e4ngen Ratiometrische Messungen der Anregung (Emission) bei zwei Wellenl\u00e4ngen Ansprechpartner: Dr. Wolf-Dieter Wagner","_links":{"self":[{"href":"https:\/\/soliton-gmbh.de\/en\/wp-json\/wp\/v2\/product\/9362","targetHints":{"allow":["GET"]}}],"collection":[{"href":"https:\/\/soliton-gmbh.de\/en\/wp-json\/wp\/v2\/product"}],"about":[{"href":"https:\/\/soliton-gmbh.de\/en\/wp-json\/wp\/v2\/types\/product"}],"wp:featuredmedia":[{"embeddable":true,"href":"https:\/\/soliton-gmbh.de\/en\/wp-json\/wp\/v2\/media\/9363"}],"wp:attachment":[{"href":"https:\/\/soliton-gmbh.de\/en\/wp-json\/wp\/v2\/media?parent=9362"}],"wp:term":[{"taxonomy":"product_brand","embeddable":true,"href":"https:\/\/soliton-gmbh.de\/en\/wp-json\/wp\/v2\/product_brand?post=9362"},{"taxonomy":"product_cat","embeddable":true,"href":"https:\/\/soliton-gmbh.de\/en\/wp-json\/wp\/v2\/product_cat?post=9362"},{"taxonomy":"product_tag","embeddable":true,"href":"https:\/\/soliton-gmbh.de\/en\/wp-json\/wp\/v2\/product_tag?post=9362"}],"curies":[{"name":"wp","href":"https:\/\/api.w.org\/{rel}","templated":true}]}}