{"id":9351,"date":"2025-03-03T17:31:51","date_gmt":"2025-03-03T16:31:51","guid":{"rendered":"https:\/\/soliton-gmbh.de\/?post_type=product&#038;p=9351"},"modified":"2026-04-15T00:05:27","modified_gmt":"2026-04-14T22:05:27","slug":"frequency-domain-spectrometer","status":"publish","type":"product","link":"https:\/\/soliton-gmbh.de\/en\/produkt\/frequenz-domain-spektrometer\/","title":{"rendered":"Frequency Domain Spectrometer"},"content":{"rendered":"<p data-start=\"150\" data-end=\"542\">The <strong data-start=\"154\" data-end=\"197\">Frequency Domain Spectrometer ChronosDFD<\/strong> sets new standards in time-resolved fluorescence analysis. Thanks to innovative digital frequency-domain technology, the system enables complete lifetime measurements in less than one second. This allows even complex fluorescence decays and rotational correlations to be determined with the highest accuracy.<\/p>\n<p data-start=\"544\" data-end=\"972\">Laser diodes and LEDs are modulated with square pulses of approximately 2 nanoseconds duration. The system also generates frequency signals with up to 30 harmonics, enabling precise analysis of the phase shift and modulation depth of the emitted photons. Finally, ChronosDFD allows the measurement of fast kinetics, which were previously limited by long measurement times.<\/p>\n<h2 data-start=\"974\" data-end=\"1027\"><strong data-start=\"977\" data-end=\"1025\">Technical highlights for maximum efficiency<\/strong><\/h2>\n<p data-start=\"1028\" data-end=\"1372\">The <strong data-start=\"1032\" data-end=\"1059\">ChronosDFD spectrometer<\/strong> It offers a lifetime measurement range of 10\u207b\u00b9\u00b2 to 10\u207b\u00b2 seconds and achieves exceptional temporal resolution in the picosecond range. It also supports various light sources, including laser diodes (370\u2013830 nm), LEDs (265\u2013520 nm), xenon lamps, supercontinuum, and Ti:sapphire lasers.<\/p>\n<p data-start=\"1374\" data-end=\"1905\">Thanks to its parallel-beam design, the system delivers particularly precise polarization measurements. Its user-friendliness is also impressive: The Vinci Multidimensional Fluorescence Spectroscopy software enables fully automated control of all components such as cuvette holders, polarizers, filter wheels, and monochromators. Finally, the flexible data output allows for the display of phase and modulation spectra, time-resolved spectra, and FRET analyses in 2D and 3D.<\/p>\n<h2 data-start=\"1907\" data-end=\"1969\"><strong data-start=\"1910\" data-end=\"1967\">Versatile applications in science and industry<\/strong><\/h2>\n<p data-start=\"1970\" data-end=\"2640\">Thanks to its fast and highly precise fluorescence analysis, the <strong>F<\/strong><strong data-start=\"154\" data-end=\"197\">Frequency Domain Spectrometer<\/strong>\u00a0for a wide range of research and industrial applications. It is used in biochemical research to analyze protein interactions and molecular binding mechanisms. Chemists also benefit from the high-precision characterization of complex fluorescent mixtures. Furthermore, the system is used in materials science to analyze the optical properties of new materials. Finally, it is used in pharmacology to investigate drug interactions and rapid kinetics.<\/p>\n<h4><strong>Contact<\/strong><\/h4>\n<p>Do you have any questions about\u00a0<strong>ChronosDFD <\/strong>or do you need individual advice for your application?\u00a0<strong>Please feel free to contact us<\/strong>\u00a0\u2013 our team of experts will help you find the optimal solution for your requirements.<\/p>","protected":false},"excerpt":{"rendered":"<p><a href=\"https:\/\/soliton-gmbh.de\/wp-content\/uploads\/2025\/02\/ISS-Logo.jpg\"><img loading=\"lazy\" decoding=\"async\" class=\"alignnone wp-image-9276\" src=\"https:\/\/soliton-gmbh.de\/wp-content\/uploads\/2025\/02\/ISS-Logo-300x156.jpg\" alt=\"\" width=\"150\" height=\"78\" srcset=\"https:\/\/soliton-gmbh.de\/wp-content\/uploads\/2025\/02\/ISS-Logo-300x156.jpg 300w, https:\/\/soliton-gmbh.de\/wp-content\/uploads\/2025\/02\/ISS-Logo-768x399.jpg 768w, https:\/\/soliton-gmbh.de\/wp-content\/uploads\/2025\/02\/ISS-Logo-18x9.jpg 18w, https:\/\/soliton-gmbh.de\/wp-content\/uploads\/2025\/02\/ISS-Logo-600x312.jpg 600w, https:\/\/soliton-gmbh.de\/wp-content\/uploads\/2025\/02\/ISS-Logo.jpg 800w\" sizes=\"auto, (max-width: 150px) 100vw, 150px\" \/><\/a><\/p>\n<ul>\n<li>intensity measurements at fixed wavelengths<\/li>\n<li>Measurements of polarization (anisotropy) at fixed wavelengths<\/li>\n<li>Slow and fast kinetics<\/li>\n<li>Emission ratiometric measurements at two wavelengths<\/li>\n<\/ul>","protected":false},"featured_media":9352,"template":"","meta":{"_acf_changed":false,"_uag_custom_page_level_css":"","site-sidebar-layout":"default","site-content-layout":"","ast-site-content-layout":"default","site-content-style":"default","site-sidebar-style":"default","ast-global-header-display":"","ast-banner-title-visibility":"","ast-main-header-display":"","ast-hfb-above-header-display":"","ast-hfb-below-header-display":"","ast-hfb-mobile-header-display":"","site-post-title":"","ast-breadcrumbs-content":"","ast-featured-img":"","footer-sml-layout":"","ast-disable-related-posts":"","theme-transparent-header-meta":"default","adv-header-id-meta":"","stick-header-meta":"default","header-above-stick-meta":"","header-main-stick-meta":"","header-below-stick-meta":"","astra-migrate-meta-layouts":"set","ast-page-background-enabled":"default","ast-page-background-meta":{"desktop":{"background-color":"","background-image":"","background-repeat":"repeat","background-position":"center center","background-size":"auto","background-attachment":"scroll","background-type":"","background-media":"","overlay-type":"","overlay-color":"","overlay-opacity":"","overlay-gradient":""},"tablet":{"background-color":"","background-image":"","background-repeat":"repeat","background-position":"center center","background-size":"auto","background-attachment":"scroll","background-type":"","background-media":"","overlay-type":"","overlay-color":"","overlay-opacity":"","overlay-gradient":""},"mobile":{"background-color":"","background-image":"","background-repeat":"repeat","background-position":"center center","background-size":"auto","background-attachment":"scroll","background-type":"","background-media":"","overlay-type":"","overlay-color":"","overlay-opacity":"","overlay-gradient":""}},"ast-content-background-meta":{"desktop":{"background-color":"var(--ast-global-color-5)","background-image":"","background-repeat":"repeat","background-position":"center center","background-size":"auto","background-attachment":"scroll","background-type":"","background-media":"","overlay-type":"","overlay-color":"","overlay-opacity":"","overlay-gradient":""},"tablet":{"background-color":"var(--ast-global-color-5)","background-image":"","background-repeat":"repeat","background-position":"center center","background-size":"auto","background-attachment":"scroll","background-type":"","background-media":"","overlay-type":"","overlay-color":"","overlay-opacity":"","overlay-gradient":""},"mobile":{"background-color":"var(--ast-global-color-5)","background-image":"","background-repeat":"repeat","background-position":"center center","background-size":"auto","background-attachment":"scroll","background-type":"","background-media":"","overlay-type":"","overlay-color":"","overlay-opacity":"","overlay-gradient":""}}},"product_brand":[1625],"product_cat":[1247],"product_tag":[1300,1299,1294,1303,1277,1298,1296,1301,1302,1290],"class_list":{"0":"post-9351","1":"product","2":"type-product","3":"status-publish","4":"has-post-thumbnail","6":"product_brand-iss","7":"product_cat-time-domain-spektrometer","8":"product_tag-digitale-frequenzbereichsanalyse","9":"product_tag-fluoreszenzlebensdauer-spektrometer","10":"product_tag-fret-spektroskopie","11":"product_tag-laserfluorometer","12":"product_tag-molekulare-bildgebung","13":"product_tag-multidimensionale-fluoreszenzanalyse","14":"product_tag-polarisationsmessung","15":"product_tag-rotationskorrelation","16":"product_tag-schnelle-kinetik-messung","17":"product_tag-zeitaufgeloeste-fluoreszenzspektroskopie","18":"desktop-align-left","19":"tablet-align-center","20":"mobile-align-center","21":"ast-product-gallery-layout-horizontal-slider","22":"ast-magnify-disabled","23":"ast-product-tabs-layout-horizontal","25":"first","26":"instock","27":"virtual","28":"sold-individually","29":"purchasable","30":"product-type-simple"},"acf":[],"yoast_head":"<!-- This site is optimized with the Yoast SEO Premium plugin v27.2 (Yoast SEO v27.4) - https:\/\/yoast.com\/product\/yoast-seo-premium-wordpress\/ -->\n<title>Frequenz Domain Spektrometer - Soliton<\/title>\n<meta name=\"description\" content=\"Das Frequenz Domain Spektrometer erm\u00f6glicht ultraschnelle Fluoreszenzlebensdauer-Messungen mit digitaler Frequenzbereichstechnologie.\" \/>\n<meta name=\"robots\" content=\"index, follow, max-snippet:-1, max-image-preview:large, max-video-preview:-1\" \/>\n<link rel=\"canonical\" href=\"https:\/\/soliton-gmbh.de\/en\/product\/frequency-domain-spectrometer\/\" \/>\n<meta property=\"og:locale\" content=\"en_US\" \/>\n<meta property=\"og:type\" content=\"article\" \/>\n<meta property=\"og:title\" content=\"Frequenz Domain Spektrometer\" \/>\n<meta property=\"og:description\" content=\"Das Frequenz Domain Spektrometer erm\u00f6glicht ultraschnelle Fluoreszenzlebensdauer-Messungen mit digitaler Frequenzbereichstechnologie.\" \/>\n<meta property=\"og:url\" content=\"https:\/\/soliton-gmbh.de\/en\/product\/frequency-domain-spectrometer\/\" \/>\n<meta property=\"og:site_name\" content=\"Soliton Laser- und Messtechnik GmbH\" \/>\n<meta property=\"article:modified_time\" content=\"2026-04-14T22:05:27+00:00\" \/>\n<meta property=\"og:image\" content=\"https:\/\/soliton-gmbh.de\/wp-content\/uploads\/2025\/03\/ISS10.jpg\" \/>\n\t<meta property=\"og:image:width\" content=\"1500\" \/>\n\t<meta property=\"og:image:height\" content=\"1500\" \/>\n\t<meta property=\"og:image:type\" content=\"image\/jpeg\" \/>\n<meta name=\"twitter:card\" content=\"summary_large_image\" \/>\n<meta name=\"twitter:label1\" content=\"Price\" \/>\n\t<meta name=\"twitter:data1\" content=\"&euro;0.00\" \/>\n\t<meta name=\"twitter:label2\" content=\"Availability\" \/>\n\t<meta name=\"twitter:data2\" content=\"In stock\" \/>\n<script type=\"application\/ld+json\" class=\"yoast-schema-graph\">{\"@context\":\"https:\\\/\\\/schema.org\",\"@graph\":[{\"@type\":\"WebPage\",\"@id\":\"https:\\\/\\\/soliton-gmbh.de\\\/produkt\\\/frequenz-domain-spektrometer\\\/\",\"url\":\"https:\\\/\\\/soliton-gmbh.de\\\/produkt\\\/frequenz-domain-spektrometer\\\/\",\"name\":\"Frequenz Domain Spektrometer - Soliton\",\"isPartOf\":{\"@id\":\"https:\\\/\\\/soliton-gmbh.de\\\/#website\"},\"primaryImageOfPage\":{\"@id\":\"https:\\\/\\\/soliton-gmbh.de\\\/produkt\\\/frequenz-domain-spektrometer\\\/#primaryimage\"},\"image\":{\"@id\":\"https:\\\/\\\/soliton-gmbh.de\\\/produkt\\\/frequenz-domain-spektrometer\\\/#primaryimage\"},\"thumbnailUrl\":\"https:\\\/\\\/soliton-gmbh.de\\\/wp-content\\\/uploads\\\/2025\\\/03\\\/ISS10.jpg\",\"datePublished\":\"2025-03-03T16:31:51+00:00\",\"dateModified\":\"2026-04-14T22:05:27+00:00\",\"description\":\"Das Frequenz Domain Spektrometer erm\u00f6glicht ultraschnelle Fluoreszenzlebensdauer-Messungen mit digitaler Frequenzbereichstechnologie.\",\"breadcrumb\":{\"@id\":\"https:\\\/\\\/soliton-gmbh.de\\\/produkt\\\/frequenz-domain-spektrometer\\\/#breadcrumb\"},\"inLanguage\":\"en-US\",\"potentialAction\":[{\"@type\":\"ReadAction\",\"target\":[\"https:\\\/\\\/soliton-gmbh.de\\\/produkt\\\/frequenz-domain-spektrometer\\\/\"]}]},{\"@type\":\"ImageObject\",\"inLanguage\":\"en-US\",\"@id\":\"https:\\\/\\\/soliton-gmbh.de\\\/produkt\\\/frequenz-domain-spektrometer\\\/#primaryimage\",\"url\":\"https:\\\/\\\/soliton-gmbh.de\\\/wp-content\\\/uploads\\\/2025\\\/03\\\/ISS10.jpg\",\"contentUrl\":\"https:\\\/\\\/soliton-gmbh.de\\\/wp-content\\\/uploads\\\/2025\\\/03\\\/ISS10.jpg\",\"width\":1500,\"height\":1500},{\"@type\":\"BreadcrumbList\",\"@id\":\"https:\\\/\\\/soliton-gmbh.de\\\/produkt\\\/frequenz-domain-spektrometer\\\/#breadcrumb\",\"itemListElement\":[{\"@type\":\"ListItem\",\"position\":1,\"name\":\"Startseite\",\"item\":\"https:\\\/\\\/soliton-gmbh.de\\\/\"},{\"@type\":\"ListItem\",\"position\":2,\"name\":\"Produkte\",\"item\":\"https:\\\/\\\/soliton-gmbh.de\\\/produkte\\\/\"},{\"@type\":\"ListItem\",\"position\":3,\"name\":\"Frequenz Domain Spektrometer\"}]},{\"@type\":\"WebSite\",\"@id\":\"https:\\\/\\\/soliton-gmbh.de\\\/#website\",\"url\":\"https:\\\/\\\/soliton-gmbh.de\\\/\",\"name\":\"Soliton Laser- und Messtechnik GmbH\",\"description\":\"\",\"publisher\":{\"@id\":\"https:\\\/\\\/soliton-gmbh.de\\\/#organization\"},\"potentialAction\":[{\"@type\":\"SearchAction\",\"target\":{\"@type\":\"EntryPoint\",\"urlTemplate\":\"https:\\\/\\\/soliton-gmbh.de\\\/?s={search_term_string}\"},\"query-input\":{\"@type\":\"PropertyValueSpecification\",\"valueRequired\":true,\"valueName\":\"search_term_string\"}}],\"inLanguage\":\"en-US\"},{\"@type\":\"Organization\",\"@id\":\"https:\\\/\\\/soliton-gmbh.de\\\/#organization\",\"name\":\"Soliton GmbH\",\"url\":\"https:\\\/\\\/soliton-gmbh.de\\\/\",\"logo\":{\"@type\":\"ImageObject\",\"inLanguage\":\"en-US\",\"@id\":\"https:\\\/\\\/soliton-gmbh.de\\\/#\\\/schema\\\/logo\\\/image\\\/\",\"url\":\"https:\\\/\\\/soliton-gmbh.de\\\/wp-content\\\/uploads\\\/2022\\\/08\\\/cropped-soliton-logo.png\",\"contentUrl\":\"https:\\\/\\\/soliton-gmbh.de\\\/wp-content\\\/uploads\\\/2022\\\/08\\\/cropped-soliton-logo.png\",\"width\":500,\"height\":350,\"caption\":\"Soliton GmbH\"},\"image\":{\"@id\":\"https:\\\/\\\/soliton-gmbh.de\\\/#\\\/schema\\\/logo\\\/image\\\/\"}}]}<\/script>\n<meta property=\"product:price:amount\" content=\"0.00\" \/>\n<meta property=\"product:price:currency\" content=\"EUR\" \/>\n<meta property=\"og:availability\" content=\"instock\" \/>\n<meta property=\"product:availability\" content=\"instock\" \/>\n<meta property=\"product:condition\" content=\"new\" \/>\n<!-- \/ Yoast SEO Premium plugin. -->","yoast_head_json":{"title":"Frequency Domain Spectrometer - Soliton","description":"The Frequency Domain Spectrometer enables ultra-fast fluorescence lifetime measurements with digital frequency domain technology.","robots":{"index":"index","follow":"follow","max-snippet":"max-snippet:-1","max-image-preview":"max-image-preview:large","max-video-preview":"max-video-preview:-1"},"canonical":"https:\/\/soliton-gmbh.de\/en\/product\/frequency-domain-spectrometer\/","og_locale":"en_US","og_type":"article","og_title":"Frequenz Domain Spektrometer","og_description":"Das Frequenz Domain Spektrometer erm\u00f6glicht ultraschnelle Fluoreszenzlebensdauer-Messungen mit digitaler Frequenzbereichstechnologie.","og_url":"https:\/\/soliton-gmbh.de\/en\/product\/frequency-domain-spectrometer\/","og_site_name":"Soliton Laser- und Messtechnik GmbH","article_modified_time":"2026-04-14T22:05:27+00:00","og_image":[{"width":1500,"height":1500,"url":"https:\/\/soliton-gmbh.de\/wp-content\/uploads\/2025\/03\/ISS10.jpg","type":"image\/jpeg"}],"twitter_card":"summary_large_image","twitter_misc":{"Price":"&euro;0.00","Availability":"In stock"},"schema":{"@context":"https:\/\/schema.org","@graph":[{"@type":"WebPage","@id":"https:\/\/soliton-gmbh.de\/produkt\/frequenz-domain-spektrometer\/","url":"https:\/\/soliton-gmbh.de\/produkt\/frequenz-domain-spektrometer\/","name":"Frequency Domain Spectrometer - Soliton","isPartOf":{"@id":"https:\/\/soliton-gmbh.de\/#website"},"primaryImageOfPage":{"@id":"https:\/\/soliton-gmbh.de\/produkt\/frequenz-domain-spektrometer\/#primaryimage"},"image":{"@id":"https:\/\/soliton-gmbh.de\/produkt\/frequenz-domain-spektrometer\/#primaryimage"},"thumbnailUrl":"https:\/\/soliton-gmbh.de\/wp-content\/uploads\/2025\/03\/ISS10.jpg","datePublished":"2025-03-03T16:31:51+00:00","dateModified":"2026-04-14T22:05:27+00:00","description":"The Frequency Domain Spectrometer enables ultra-fast fluorescence lifetime measurements with digital frequency domain technology.","breadcrumb":{"@id":"https:\/\/soliton-gmbh.de\/produkt\/frequenz-domain-spektrometer\/#breadcrumb"},"inLanguage":"en-US","potentialAction":[{"@type":"ReadAction","target":["https:\/\/soliton-gmbh.de\/produkt\/frequenz-domain-spektrometer\/"]}]},{"@type":"ImageObject","inLanguage":"en-US","@id":"https:\/\/soliton-gmbh.de\/produkt\/frequenz-domain-spektrometer\/#primaryimage","url":"https:\/\/soliton-gmbh.de\/wp-content\/uploads\/2025\/03\/ISS10.jpg","contentUrl":"https:\/\/soliton-gmbh.de\/wp-content\/uploads\/2025\/03\/ISS10.jpg","width":1500,"height":1500},{"@type":"BreadcrumbList","@id":"https:\/\/soliton-gmbh.de\/produkt\/frequenz-domain-spektrometer\/#breadcrumb","itemListElement":[{"@type":"ListItem","position":1,"name":"Startseite","item":"https:\/\/soliton-gmbh.de\/"},{"@type":"ListItem","position":2,"name":"Produkte","item":"https:\/\/soliton-gmbh.de\/produkte\/"},{"@type":"ListItem","position":3,"name":"Frequenz Domain Spektrometer"}]},{"@type":"WebSite","@id":"https:\/\/soliton-gmbh.de\/#website","url":"https:\/\/soliton-gmbh.de\/","name":"Soliton Laser- und Messtechnik GmbH","description":"","publisher":{"@id":"https:\/\/soliton-gmbh.de\/#organization"},"potentialAction":[{"@type":"SearchAction","target":{"@type":"EntryPoint","urlTemplate":"https:\/\/soliton-gmbh.de\/?s={search_term_string}"},"query-input":{"@type":"PropertyValueSpecification","valueRequired":true,"valueName":"search_term_string"}}],"inLanguage":"en-US"},{"@type":"Organization","@id":"https:\/\/soliton-gmbh.de\/#organization","name":"Soliton GmbH","url":"https:\/\/soliton-gmbh.de\/","logo":{"@type":"ImageObject","inLanguage":"en-US","@id":"https:\/\/soliton-gmbh.de\/#\/schema\/logo\/image\/","url":"https:\/\/soliton-gmbh.de\/wp-content\/uploads\/2022\/08\/cropped-soliton-logo.png","contentUrl":"https:\/\/soliton-gmbh.de\/wp-content\/uploads\/2022\/08\/cropped-soliton-logo.png","width":500,"height":350,"caption":"Soliton GmbH"},"image":{"@id":"https:\/\/soliton-gmbh.de\/#\/schema\/logo\/image\/"}}]},"product_price_amount":"0.00","product_price_currency":"EUR","og_availability":"instock","product_availability":"instock","product_condition":"new"},"uagb_featured_image_src":{"full":["https:\/\/soliton-gmbh.de\/wp-content\/uploads\/2025\/03\/ISS10.jpg",1500,1500,false],"thumbnail":["https:\/\/soliton-gmbh.de\/wp-content\/uploads\/2025\/03\/ISS10-150x150.jpg",150,150,true],"medium":["https:\/\/soliton-gmbh.de\/wp-content\/uploads\/2025\/03\/ISS10-300x300.jpg",300,300,true],"medium_large":["https:\/\/soliton-gmbh.de\/wp-content\/uploads\/2025\/03\/ISS10-768x768.jpg",768,768,true],"large":["https:\/\/soliton-gmbh.de\/wp-content\/uploads\/2025\/03\/ISS10-1024x1024.jpg",1024,1024,true],"1536x1536":["https:\/\/soliton-gmbh.de\/wp-content\/uploads\/2025\/03\/ISS10.jpg",1500,1500,false],"2048x2048":["https:\/\/soliton-gmbh.de\/wp-content\/uploads\/2025\/03\/ISS10.jpg",1500,1500,false],"trp-custom-language-flag":["https:\/\/soliton-gmbh.de\/wp-content\/uploads\/2025\/03\/ISS10-12x12.jpg",12,12,true],"woocommerce_thumbnail":["https:\/\/soliton-gmbh.de\/wp-content\/uploads\/2025\/03\/ISS10-600x600.jpg",600,600,true],"woocommerce_single":["https:\/\/soliton-gmbh.de\/wp-content\/uploads\/2025\/03\/ISS10-1200x1200.jpg",1200,1200,true],"woocommerce_gallery_thumbnail":["https:\/\/soliton-gmbh.de\/wp-content\/uploads\/2025\/03\/ISS10-300x300.jpg",300,300,true]},"uagb_author_info":{"display_name":"Daniel","author_link":"https:\/\/soliton-gmbh.de\/en\/author\/"},"uagb_comment_info":0,"uagb_excerpt":"Intensit\u00e4tsmessungen bei festen Wellenl\u00e4ngen Messungen der Polarisation (Anisotropie) bei festen Wellenl\u00e4ngen Langsame und schnelle Kinetik Emissions-ratiometrische Messungen bei zwei Wellenl\u00e4ngen","_links":{"self":[{"href":"https:\/\/soliton-gmbh.de\/en\/wp-json\/wp\/v2\/product\/9351","targetHints":{"allow":["GET"]}}],"collection":[{"href":"https:\/\/soliton-gmbh.de\/en\/wp-json\/wp\/v2\/product"}],"about":[{"href":"https:\/\/soliton-gmbh.de\/en\/wp-json\/wp\/v2\/types\/product"}],"wp:featuredmedia":[{"embeddable":true,"href":"https:\/\/soliton-gmbh.de\/en\/wp-json\/wp\/v2\/media\/9352"}],"wp:attachment":[{"href":"https:\/\/soliton-gmbh.de\/en\/wp-json\/wp\/v2\/media?parent=9351"}],"wp:term":[{"taxonomy":"product_brand","embeddable":true,"href":"https:\/\/soliton-gmbh.de\/en\/wp-json\/wp\/v2\/product_brand?post=9351"},{"taxonomy":"product_cat","embeddable":true,"href":"https:\/\/soliton-gmbh.de\/en\/wp-json\/wp\/v2\/product_cat?post=9351"},{"taxonomy":"product_tag","embeddable":true,"href":"https:\/\/soliton-gmbh.de\/en\/wp-json\/wp\/v2\/product_tag?post=9351"}],"curies":[{"name":"wp","href":"https:\/\/api.w.org\/{rel}","templated":true}]}}