{"id":9343,"date":"2025-03-03T17:09:49","date_gmt":"2025-03-03T16:09:49","guid":{"rendered":"https:\/\/soliton-gmbh.de\/?post_type=product&#038;p=9343"},"modified":"2025-03-17T10:14:41","modified_gmt":"2025-03-17T09:14:41","slug":"time-domain-spectrometer","status":"publish","type":"product","link":"https:\/\/soliton-gmbh.de\/en\/produkt\/time-domain-spektrometer\/","title":{"rendered":"Time Domain Spectrometer"},"content":{"rendered":"<p data-start=\"160\" data-end=\"638\">The <strong data-start=\"164\" data-end=\"202\">Time Domain Spectrometer ChronosBH<\/strong> is a state-of-the-art fluorometer for time-resolved fluorescence analysis with picosecond resolution. It combines ISS technology with Becker &amp; Hickl electronics to enable precise TCSPC (Time-Correlated Single Photon Counting) measurements with laser diodes and LEDs. The system offers exceptional lifetime measurement accuracy from milliseconds down to the picosecond range.<\/p>\n<p data-start=\"640\" data-end=\"1199\">Thanks to its T-format and parallel-beam optics design, the ChronosBH enables fast and highly precise polarization measurements. It also integrates fully automated control for cuvette holders, polarizers, filter wheels, monochromators, and stirrers, significantly improving user-friendliness. Finally, the Vinci Multidimensional Fluorescence Spectroscopy software offers powerful data analysis with numerous pre-built routines for reliable and user-friendly fluorescence measurements.<\/p>\n<h2 data-start=\"1201\" data-end=\"1257\"><strong data-start=\"1204\" data-end=\"1255\">Technical highlights for maximum measurement precision<\/strong><\/h2>\n<p data-start=\"1258\" data-end=\"1721\">The <strong data-start=\"1262\" data-end=\"1288\">ChronosBH spectrometer<\/strong> It boasts a wide range of technical features that enable highly precise and flexible fluorescence analysis. It offers a temporal resolution of up to 8 ps FWHM\/5 ps rms, while the minimum time channel width is only 820 fs. Furthermore, it enables measurement rates of up to 4 MHz and a lifetime measurement range of 10\u207b\u00b9\u00b9 to 10\u207b\u00b2 seconds, enabling a wide range of experiments.<\/p>\n<p data-start=\"1723\" data-end=\"2276\">Furthermore, the spectrometer supports a flexible light source configuration, including laser diodes (405, 436, 473, 635, 690, 780, and 830 nm), Ti:sapphire lasers, and supercontinuum lasers. The ChronosBH also offers impressive detection capabilities, with a selection of PMTs, MCPs, and APDs, enabling wavelength coverage from 160 to 850 nm. Finally, powerful data visualization allows for both 2D and 3D analyses, including time-resolved spectra, FRET analyses, and phasor plots.<\/p>\n<h2 data-start=\"2278\" data-end=\"2341\"><strong data-start=\"2281\" data-end=\"2339\">Versatile applications in research and industry<\/strong><\/h2>\n<p data-start=\"2342\" data-end=\"3075\">Thanks to its state-of-the-art measuring technology, the <strong data-start=\"2395\" data-end=\"2433\">ChronosBH Time Domain Spectrometer<\/strong> for numerous scientific and industrial applications. It is used in biophysical research to analyze fluorescence lifetimes and molecular interactions. Chemists also benefit from the ability to investigate FRET processes and reaction mechanisms with the highest precision. Furthermore, the system is used in materials science to analyze the optical properties of nanomaterials and thin films. Finally, it offers pharmaceutical companies a reliable platform for characterizing biomolecules and drug interactions.<\/p>\n<h4>Contact<\/h4>\n<p>Do you have any questions about\u00a0<strong>ChronosBH <\/strong>or do you need individual advice for your application?\u00a0<strong>Please feel free to contact us<\/strong>\u00a0\u2013 our team of experts will help you find the optimal solution for your requirements.<\/p>","protected":false},"excerpt":{"rendered":"<p><a href=\"https:\/\/soliton-gmbh.de\/wp-content\/uploads\/2025\/02\/ISS-Logo.jpg\"><img loading=\"lazy\" decoding=\"async\" class=\"alignnone wp-image-9276\" src=\"https:\/\/soliton-gmbh.de\/wp-content\/uploads\/2025\/02\/ISS-Logo-300x156.jpg\" alt=\"\" width=\"150\" height=\"78\" srcset=\"https:\/\/soliton-gmbh.de\/wp-content\/uploads\/2025\/02\/ISS-Logo-300x156.jpg 300w, https:\/\/soliton-gmbh.de\/wp-content\/uploads\/2025\/02\/ISS-Logo-768x399.jpg 768w, https:\/\/soliton-gmbh.de\/wp-content\/uploads\/2025\/02\/ISS-Logo-18x9.jpg 18w, https:\/\/soliton-gmbh.de\/wp-content\/uploads\/2025\/02\/ISS-Logo-600x312.jpg 600w, https:\/\/soliton-gmbh.de\/wp-content\/uploads\/2025\/02\/ISS-Logo.jpg 800w\" sizes=\"auto, (max-width: 150px) 100vw, 150px\" \/><\/a><\/p>\n<ul>\n<li>time-domain measurement<\/li>\n<li>Maximum sensitivity<\/li>\n<li>Fully automated<\/li>\n<li>integration of external devices<\/li>\n<li>Upgradeable<\/li>\n<\/ul>\n<p>Contact person: Wolf Wagner (Ph.D.)<\/p>","protected":false},"featured_media":9344,"template":"","meta":{"_acf_changed":false,"_uag_custom_page_level_css":"","site-sidebar-layout":"default","site-content-layout":"","ast-site-content-layout":"default","site-content-style":"default","site-sidebar-style":"default","ast-global-header-display":"","ast-banner-title-visibility":"","ast-main-header-display":"","ast-hfb-above-header-display":"","ast-hfb-below-header-display":"","ast-hfb-mobile-header-display":"","site-post-title":"","ast-breadcrumbs-content":"","ast-featured-img":"","footer-sml-layout":"","ast-disable-related-posts":"","theme-transparent-header-meta":"default","adv-header-id-meta":"","stick-header-meta":"default","header-above-stick-meta":"","header-main-stick-meta":"","header-below-stick-meta":"","astra-migrate-meta-layouts":"set","ast-page-background-enabled":"default","ast-page-background-meta":{"desktop":{"background-color":"","background-image":"","background-repeat":"repeat","background-position":"center center","background-size":"auto","background-attachment":"scroll","background-type":"","background-media":"","overlay-type":"","overlay-color":"","overlay-opacity":"","overlay-gradient":""},"tablet":{"background-color":"","background-image":"","background-repeat":"repeat","background-position":"center center","background-size":"auto","background-attachment":"scroll","background-type":"","background-media":"","overlay-type":"","overlay-color":"","overlay-opacity":"","overlay-gradient":""},"mobile":{"background-color":"","background-image":"","background-repeat":"repeat","background-position":"center center","background-size":"auto","background-attachment":"scroll","background-type":"","background-media":"","overlay-type":"","overlay-color":"","overlay-opacity":"","overlay-gradient":""}},"ast-content-background-meta":{"desktop":{"background-color":"var(--ast-global-color-5)","background-image":"","background-repeat":"repeat","background-position":"center center","background-size":"auto","background-attachment":"scroll","background-type":"","background-media":"","overlay-type":"","overlay-color":"","overlay-opacity":"","overlay-gradient":""},"tablet":{"background-color":"var(--ast-global-color-5)","background-image":"","background-repeat":"repeat","background-position":"center center","background-size":"auto","background-attachment":"scroll","background-type":"","background-media":"","overlay-type":"","overlay-color":"","overlay-opacity":"","overlay-gradient":""},"mobile":{"background-color":"var(--ast-global-color-5)","background-image":"","background-repeat":"repeat","background-position":"center center","background-size":"auto","background-attachment":"scroll","background-type":"","background-media":"","overlay-type":"","overlay-color":"","overlay-opacity":"","overlay-gradient":""}}},"product_brand":[],"product_cat":[1247],"product_tag":[1292,1294,1297,1277,1298,1295,1293,1296,1291,1290],"class_list":{"0":"post-9343","1":"product","2":"type-product","3":"status-publish","4":"has-post-thumbnail","6":"product_cat-time-domain-spektrometer","7":"product_tag-fluoreszenzlebensdauer-messung","8":"product_tag-fret-spektroskopie","9":"product_tag-laserdioden-spektrometer","10":"product_tag-molekulare-bildgebung","11":"product_tag-multidimensionale-fluoreszenzanalyse","12":"product_tag-optische-nanomaterialanalyse","13":"product_tag-phasor-plot-analyse","14":"product_tag-polarisationsmessung","15":"product_tag-tcspc-spektrometer","16":"product_tag-zeitaufgeloeste-fluoreszenzspektroskopie","17":"desktop-align-left","18":"tablet-align-center","19":"mobile-align-center","20":"ast-product-gallery-layout-horizontal-slider","21":"ast-magnify-disabled","22":"ast-product-tabs-layout-horizontal","24":"first","25":"instock","26":"virtual","27":"sold-individually","28":"purchasable","29":"product-type-simple"},"acf":[],"yoast_head":"<!-- This site is optimized with the Yoast SEO Premium plugin v27.2 (Yoast SEO v27.4) - https:\/\/yoast.com\/product\/yoast-seo-premium-wordpress\/ -->\n<title>Time Domain Spektrometer - Soliton<\/title>\n<meta name=\"description\" content=\"Das Time Domain Spektrometer bietet hochpr\u00e4zise TCSPC-Messungen f\u00fcr zeitaufgel\u00f6ste Fluoreszenzanalysen mit picosekundenaufl\u00f6sung in Forschung und Industrie.\" \/>\n<meta name=\"robots\" content=\"index, follow, max-snippet:-1, max-image-preview:large, max-video-preview:-1\" \/>\n<link rel=\"canonical\" href=\"https:\/\/soliton-gmbh.de\/en\/product\/time-domain-spectrometer\/\" \/>\n<meta property=\"og:locale\" content=\"en_US\" \/>\n<meta property=\"og:type\" content=\"article\" \/>\n<meta property=\"og:title\" content=\"Time Domain Spektrometer\" \/>\n<meta property=\"og:description\" content=\"Das Time Domain Spektrometer bietet hochpr\u00e4zise TCSPC-Messungen f\u00fcr zeitaufgel\u00f6ste Fluoreszenzanalysen mit picosekundenaufl\u00f6sung in Forschung und Industrie.\" \/>\n<meta property=\"og:url\" content=\"https:\/\/soliton-gmbh.de\/en\/product\/time-domain-spectrometer\/\" \/>\n<meta property=\"og:site_name\" content=\"Soliton Laser- und Messtechnik GmbH\" \/>\n<meta property=\"article:modified_time\" content=\"2025-03-17T09:14:41+00:00\" \/>\n<meta property=\"og:image\" content=\"https:\/\/soliton-gmbh.de\/wp-content\/uploads\/2025\/03\/ISS8.jpg\" \/>\n\t<meta property=\"og:image:width\" content=\"1500\" \/>\n\t<meta property=\"og:image:height\" content=\"1500\" \/>\n\t<meta property=\"og:image:type\" content=\"image\/jpeg\" \/>\n<meta name=\"twitter:card\" content=\"summary_large_image\" \/>\n<meta name=\"twitter:label1\" content=\"Price\" \/>\n\t<meta name=\"twitter:data1\" content=\"&euro;0.00\" \/>\n\t<meta name=\"twitter:label2\" content=\"Availability\" \/>\n\t<meta name=\"twitter:data2\" content=\"In stock\" \/>\n<script type=\"application\/ld+json\" class=\"yoast-schema-graph\">{\"@context\":\"https:\\\/\\\/schema.org\",\"@graph\":[{\"@type\":\"WebPage\",\"@id\":\"https:\\\/\\\/soliton-gmbh.de\\\/produkt\\\/time-domain-spektrometer\\\/\",\"url\":\"https:\\\/\\\/soliton-gmbh.de\\\/produkt\\\/time-domain-spektrometer\\\/\",\"name\":\"Time Domain Spektrometer - Soliton\",\"isPartOf\":{\"@id\":\"https:\\\/\\\/soliton-gmbh.de\\\/#website\"},\"primaryImageOfPage\":{\"@id\":\"https:\\\/\\\/soliton-gmbh.de\\\/produkt\\\/time-domain-spektrometer\\\/#primaryimage\"},\"image\":{\"@id\":\"https:\\\/\\\/soliton-gmbh.de\\\/produkt\\\/time-domain-spektrometer\\\/#primaryimage\"},\"thumbnailUrl\":\"https:\\\/\\\/soliton-gmbh.de\\\/wp-content\\\/uploads\\\/2025\\\/03\\\/ISS8.jpg\",\"datePublished\":\"2025-03-03T16:09:49+00:00\",\"dateModified\":\"2025-03-17T09:14:41+00:00\",\"description\":\"Das Time Domain Spektrometer bietet hochpr\u00e4zise TCSPC-Messungen f\u00fcr zeitaufgel\u00f6ste Fluoreszenzanalysen mit picosekundenaufl\u00f6sung in Forschung und Industrie.\",\"breadcrumb\":{\"@id\":\"https:\\\/\\\/soliton-gmbh.de\\\/produkt\\\/time-domain-spektrometer\\\/#breadcrumb\"},\"inLanguage\":\"en-US\",\"potentialAction\":[{\"@type\":\"ReadAction\",\"target\":[\"https:\\\/\\\/soliton-gmbh.de\\\/produkt\\\/time-domain-spektrometer\\\/\"]}]},{\"@type\":\"ImageObject\",\"inLanguage\":\"en-US\",\"@id\":\"https:\\\/\\\/soliton-gmbh.de\\\/produkt\\\/time-domain-spektrometer\\\/#primaryimage\",\"url\":\"https:\\\/\\\/soliton-gmbh.de\\\/wp-content\\\/uploads\\\/2025\\\/03\\\/ISS8.jpg\",\"contentUrl\":\"https:\\\/\\\/soliton-gmbh.de\\\/wp-content\\\/uploads\\\/2025\\\/03\\\/ISS8.jpg\",\"width\":1500,\"height\":1500},{\"@type\":\"BreadcrumbList\",\"@id\":\"https:\\\/\\\/soliton-gmbh.de\\\/produkt\\\/time-domain-spektrometer\\\/#breadcrumb\",\"itemListElement\":[{\"@type\":\"ListItem\",\"position\":1,\"name\":\"Startseite\",\"item\":\"https:\\\/\\\/soliton-gmbh.de\\\/\"},{\"@type\":\"ListItem\",\"position\":2,\"name\":\"Produkte\",\"item\":\"https:\\\/\\\/soliton-gmbh.de\\\/produkte\\\/\"},{\"@type\":\"ListItem\",\"position\":3,\"name\":\"Time Domain Spektrometer\"}]},{\"@type\":\"WebSite\",\"@id\":\"https:\\\/\\\/soliton-gmbh.de\\\/#website\",\"url\":\"https:\\\/\\\/soliton-gmbh.de\\\/\",\"name\":\"Soliton Laser- und Messtechnik GmbH\",\"description\":\"\",\"publisher\":{\"@id\":\"https:\\\/\\\/soliton-gmbh.de\\\/#organization\"},\"potentialAction\":[{\"@type\":\"SearchAction\",\"target\":{\"@type\":\"EntryPoint\",\"urlTemplate\":\"https:\\\/\\\/soliton-gmbh.de\\\/?s={search_term_string}\"},\"query-input\":{\"@type\":\"PropertyValueSpecification\",\"valueRequired\":true,\"valueName\":\"search_term_string\"}}],\"inLanguage\":\"en-US\"},{\"@type\":\"Organization\",\"@id\":\"https:\\\/\\\/soliton-gmbh.de\\\/#organization\",\"name\":\"Soliton GmbH\",\"url\":\"https:\\\/\\\/soliton-gmbh.de\\\/\",\"logo\":{\"@type\":\"ImageObject\",\"inLanguage\":\"en-US\",\"@id\":\"https:\\\/\\\/soliton-gmbh.de\\\/#\\\/schema\\\/logo\\\/image\\\/\",\"url\":\"https:\\\/\\\/soliton-gmbh.de\\\/wp-content\\\/uploads\\\/2022\\\/08\\\/cropped-soliton-logo.png\",\"contentUrl\":\"https:\\\/\\\/soliton-gmbh.de\\\/wp-content\\\/uploads\\\/2022\\\/08\\\/cropped-soliton-logo.png\",\"width\":500,\"height\":350,\"caption\":\"Soliton GmbH\"},\"image\":{\"@id\":\"https:\\\/\\\/soliton-gmbh.de\\\/#\\\/schema\\\/logo\\\/image\\\/\"}}]}<\/script>\n<meta property=\"product:price:amount\" content=\"0.00\" \/>\n<meta property=\"product:price:currency\" content=\"EUR\" \/>\n<meta property=\"og:availability\" content=\"instock\" \/>\n<meta property=\"product:availability\" content=\"instock\" \/>\n<meta property=\"product:condition\" content=\"new\" \/>\n<!-- \/ Yoast SEO Premium plugin. -->","yoast_head_json":{"title":"Time Domain Spectrometer - Soliton","description":"The Time Domain Spectrometer offers high-precision TCSPC measurements for time-resolved fluorescence analysis with picosecond resolution in research and industry.","robots":{"index":"index","follow":"follow","max-snippet":"max-snippet:-1","max-image-preview":"max-image-preview:large","max-video-preview":"max-video-preview:-1"},"canonical":"https:\/\/soliton-gmbh.de\/en\/product\/time-domain-spectrometer\/","og_locale":"en_US","og_type":"article","og_title":"Time Domain Spektrometer","og_description":"Das Time Domain Spektrometer bietet hochpr\u00e4zise TCSPC-Messungen f\u00fcr zeitaufgel\u00f6ste Fluoreszenzanalysen mit picosekundenaufl\u00f6sung in Forschung und Industrie.","og_url":"https:\/\/soliton-gmbh.de\/en\/product\/time-domain-spectrometer\/","og_site_name":"Soliton Laser- und Messtechnik GmbH","article_modified_time":"2025-03-17T09:14:41+00:00","og_image":[{"width":1500,"height":1500,"url":"https:\/\/soliton-gmbh.de\/wp-content\/uploads\/2025\/03\/ISS8.jpg","type":"image\/jpeg"}],"twitter_card":"summary_large_image","twitter_misc":{"Price":"&euro;0.00","Availability":"In stock"},"schema":{"@context":"https:\/\/schema.org","@graph":[{"@type":"WebPage","@id":"https:\/\/soliton-gmbh.de\/produkt\/time-domain-spektrometer\/","url":"https:\/\/soliton-gmbh.de\/produkt\/time-domain-spektrometer\/","name":"Time Domain Spectrometer - Soliton","isPartOf":{"@id":"https:\/\/soliton-gmbh.de\/#website"},"primaryImageOfPage":{"@id":"https:\/\/soliton-gmbh.de\/produkt\/time-domain-spektrometer\/#primaryimage"},"image":{"@id":"https:\/\/soliton-gmbh.de\/produkt\/time-domain-spektrometer\/#primaryimage"},"thumbnailUrl":"https:\/\/soliton-gmbh.de\/wp-content\/uploads\/2025\/03\/ISS8.jpg","datePublished":"2025-03-03T16:09:49+00:00","dateModified":"2025-03-17T09:14:41+00:00","description":"The Time Domain Spectrometer offers high-precision TCSPC measurements for time-resolved fluorescence analysis with picosecond resolution in research and industry.","breadcrumb":{"@id":"https:\/\/soliton-gmbh.de\/produkt\/time-domain-spektrometer\/#breadcrumb"},"inLanguage":"en-US","potentialAction":[{"@type":"ReadAction","target":["https:\/\/soliton-gmbh.de\/produkt\/time-domain-spektrometer\/"]}]},{"@type":"ImageObject","inLanguage":"en-US","@id":"https:\/\/soliton-gmbh.de\/produkt\/time-domain-spektrometer\/#primaryimage","url":"https:\/\/soliton-gmbh.de\/wp-content\/uploads\/2025\/03\/ISS8.jpg","contentUrl":"https:\/\/soliton-gmbh.de\/wp-content\/uploads\/2025\/03\/ISS8.jpg","width":1500,"height":1500},{"@type":"BreadcrumbList","@id":"https:\/\/soliton-gmbh.de\/produkt\/time-domain-spektrometer\/#breadcrumb","itemListElement":[{"@type":"ListItem","position":1,"name":"Startseite","item":"https:\/\/soliton-gmbh.de\/"},{"@type":"ListItem","position":2,"name":"Produkte","item":"https:\/\/soliton-gmbh.de\/produkte\/"},{"@type":"ListItem","position":3,"name":"Time Domain Spektrometer"}]},{"@type":"WebSite","@id":"https:\/\/soliton-gmbh.de\/#website","url":"https:\/\/soliton-gmbh.de\/","name":"Soliton Laser- und Messtechnik GmbH","description":"","publisher":{"@id":"https:\/\/soliton-gmbh.de\/#organization"},"potentialAction":[{"@type":"SearchAction","target":{"@type":"EntryPoint","urlTemplate":"https:\/\/soliton-gmbh.de\/?s={search_term_string}"},"query-input":{"@type":"PropertyValueSpecification","valueRequired":true,"valueName":"search_term_string"}}],"inLanguage":"en-US"},{"@type":"Organization","@id":"https:\/\/soliton-gmbh.de\/#organization","name":"Soliton GmbH","url":"https:\/\/soliton-gmbh.de\/","logo":{"@type":"ImageObject","inLanguage":"en-US","@id":"https:\/\/soliton-gmbh.de\/#\/schema\/logo\/image\/","url":"https:\/\/soliton-gmbh.de\/wp-content\/uploads\/2022\/08\/cropped-soliton-logo.png","contentUrl":"https:\/\/soliton-gmbh.de\/wp-content\/uploads\/2022\/08\/cropped-soliton-logo.png","width":500,"height":350,"caption":"Soliton GmbH"},"image":{"@id":"https:\/\/soliton-gmbh.de\/#\/schema\/logo\/image\/"}}]},"product_price_amount":"0.00","product_price_currency":"EUR","og_availability":"instock","product_availability":"instock","product_condition":"new"},"uagb_featured_image_src":{"full":["https:\/\/soliton-gmbh.de\/wp-content\/uploads\/2025\/03\/ISS8.jpg",1500,1500,false],"thumbnail":["https:\/\/soliton-gmbh.de\/wp-content\/uploads\/2025\/03\/ISS8-150x150.jpg",150,150,true],"medium":["https:\/\/soliton-gmbh.de\/wp-content\/uploads\/2025\/03\/ISS8-300x300.jpg",300,300,true],"medium_large":["https:\/\/soliton-gmbh.de\/wp-content\/uploads\/2025\/03\/ISS8-768x768.jpg",768,768,true],"large":["https:\/\/soliton-gmbh.de\/wp-content\/uploads\/2025\/03\/ISS8-1024x1024.jpg",1024,1024,true],"1536x1536":["https:\/\/soliton-gmbh.de\/wp-content\/uploads\/2025\/03\/ISS8.jpg",1500,1500,false],"2048x2048":["https:\/\/soliton-gmbh.de\/wp-content\/uploads\/2025\/03\/ISS8.jpg",1500,1500,false],"trp-custom-language-flag":["https:\/\/soliton-gmbh.de\/wp-content\/uploads\/2025\/03\/ISS8-12x12.jpg",12,12,true],"woocommerce_thumbnail":["https:\/\/soliton-gmbh.de\/wp-content\/uploads\/2025\/03\/ISS8-600x600.jpg",600,600,true],"woocommerce_single":["https:\/\/soliton-gmbh.de\/wp-content\/uploads\/2025\/03\/ISS8-1200x1200.jpg",1200,1200,true],"woocommerce_gallery_thumbnail":["https:\/\/soliton-gmbh.de\/wp-content\/uploads\/2025\/03\/ISS8-300x300.jpg",300,300,true]},"uagb_author_info":{"display_name":"Daniel","author_link":"https:\/\/soliton-gmbh.de\/en\/author\/"},"uagb_comment_info":0,"uagb_excerpt":"Time-Domain Messung Maximale Empfindlichkeit Vollst\u00e4ndig automatisiert Integration von externen Ger\u00e4ten Aufr\u00fcstbar Ansprechpartner: Dr. Wolf-Dieter Wagner","_links":{"self":[{"href":"https:\/\/soliton-gmbh.de\/en\/wp-json\/wp\/v2\/product\/9343","targetHints":{"allow":["GET"]}}],"collection":[{"href":"https:\/\/soliton-gmbh.de\/en\/wp-json\/wp\/v2\/product"}],"about":[{"href":"https:\/\/soliton-gmbh.de\/en\/wp-json\/wp\/v2\/types\/product"}],"wp:featuredmedia":[{"embeddable":true,"href":"https:\/\/soliton-gmbh.de\/en\/wp-json\/wp\/v2\/media\/9344"}],"wp:attachment":[{"href":"https:\/\/soliton-gmbh.de\/en\/wp-json\/wp\/v2\/media?parent=9343"}],"wp:term":[{"taxonomy":"product_brand","embeddable":true,"href":"https:\/\/soliton-gmbh.de\/en\/wp-json\/wp\/v2\/product_brand?post=9343"},{"taxonomy":"product_cat","embeddable":true,"href":"https:\/\/soliton-gmbh.de\/en\/wp-json\/wp\/v2\/product_cat?post=9343"},{"taxonomy":"product_tag","embeddable":true,"href":"https:\/\/soliton-gmbh.de\/en\/wp-json\/wp\/v2\/product_tag?post=9343"}],"curies":[{"name":"wp","href":"https:\/\/api.w.org\/{rel}","templated":true}]}}