{"id":9319,"date":"2025-03-03T15:22:34","date_gmt":"2025-03-03T14:22:34","guid":{"rendered":"https:\/\/soliton-gmbh.de\/?post_type=product&#038;p=9319"},"modified":"2026-04-15T23:45:32","modified_gmt":"2026-04-15T21:45:32","slug":"confocal-microscope-material-examination","status":"publish","type":"product","link":"https:\/\/soliton-gmbh.de\/en\/produkt\/konfokalmikroskop-materialuntersuchung\/","title":{"rendered":"confocal microscope for material analysis"},"content":{"rendered":"<p data-start=\"150\" data-end=\"627\">The <strong data-start=\"154\" data-end=\"179\">Confocal microscope for material analysis PL1<\/strong> was specifically developed for materials science and offers the highest sensitivity down to the single-molecule level. It enables quantitative imaging and analysis of materials such as semiconductors, solar cells, and crystals. The system delivers a spatial resolution of up to 250 nm and a spectroscopic resolution of 0.05 nm, allowing even the finest material structures to be precisely investigated.<\/p>\n<p data-start=\"629\" data-end=\"1103\">Thanks to a wide excitation wavelength range from 266 nm to 1000 nm, the PL1 is suitable for a wide range of photoluminescence characterization applications. Furthermore, the microscope offers large-area scanning capability of up to 100 mm\u00b2, allowing for efficient analysis of large-area samples. Finally, the modular platform allows for easy expansion with AFM and Raman spectroscopy for comprehensive material analysis.<\/p>\n<h2 data-start=\"1105\" data-end=\"1158\">Technical highlights for maximum precision<\/h2>\n<p data-start=\"1159\" data-end=\"1607\">The <strong data-start=\"1163\" data-end=\"1188\">PL1 confocal microscope<\/strong> It boasts a wide range of technical features that make it a powerful tool for materials scientists. It enables lifetime measurements in the range of 100 ps to 100 ms and spectroscopic detection from 300 nm to 1700 nm. It also offers high-precision fluorescence fluctuation spectroscopy (FCS, FCCS, FLCS, PCH) for detailed analyses at the molecular level.<\/p>\n<p data-start=\"1609\" data-end=\"2040\">The integrated FastFLIM technology enables the generation of high-resolution 3D lifetime maps. Furthermore, the automatic control of apertures, filters, and shutter systems enables maximum productivity and reduced measurement time. Finally, the VistaVision software facilitates data analysis with phasor plots, FRET analyses, and spectral separation of material components.<\/p>\n<h2 data-start=\"2042\" data-end=\"2096\"><strong data-start=\"2045\" data-end=\"2094\">Areas of application in research and industry<\/strong><\/h2>\n<p data-start=\"2097\" data-end=\"2837\">The <strong data-start=\"2101\" data-end=\"2126\">PL1 confocal microscope<\/strong> <strong data-start=\"154\" data-end=\"179\">for material testing <\/strong>is the ideal solution for a wide range of applications in materials research. It is used to investigate semiconductor materials to analyze their optical and electronic properties. It is also ideal for characterizing solar cells and photovoltaic materials to optimize their efficiency. Furthermore, it is used to analyze crystal structures and nanomaterials to precisely determine their composition and defects. Finally, chemical and biomedical research also benefit from the ability to examine material surfaces at the molecular level using fluorescence imaging.<\/p>\n<h4>Contact<\/h4>\n<p>Do you have any questions about <strong>PL1 <\/strong>or do you need individual advice for your application?\u00a0<strong>Please feel free to contact us<\/strong>\u00a0\u2013 our team of experts will help you find the optimal solution for your requirements.<\/p>","protected":false},"excerpt":{"rendered":"<p><a href=\"https:\/\/soliton-gmbh.de\/wp-content\/uploads\/2025\/02\/ISS-Logo.jpg\"><img loading=\"lazy\" decoding=\"async\" class=\"alignnone wp-image-9276\" src=\"https:\/\/soliton-gmbh.de\/wp-content\/uploads\/2025\/02\/ISS-Logo-300x156.jpg\" alt=\"\" width=\"150\" height=\"78\" srcset=\"https:\/\/soliton-gmbh.de\/wp-content\/uploads\/2025\/02\/ISS-Logo-300x156.jpg 300w, https:\/\/soliton-gmbh.de\/wp-content\/uploads\/2025\/02\/ISS-Logo-768x399.jpg 768w, https:\/\/soliton-gmbh.de\/wp-content\/uploads\/2025\/02\/ISS-Logo-18x9.jpg 18w, https:\/\/soliton-gmbh.de\/wp-content\/uploads\/2025\/02\/ISS-Logo-600x312.jpg 600w, https:\/\/soliton-gmbh.de\/wp-content\/uploads\/2025\/02\/ISS-Logo.jpg 800w\" sizes=\"auto, (max-width: 150px) 100vw, 150px\" \/><\/a><\/p>\n<ul>\n<li>1p or 2p confocal images<\/li>\n<li>FLIM in the frequency domain or in TCSPC<\/li>\n<li>phosphorescence lifetime imaging (PLIM)<\/li>\n<li>polarization images<\/li>\n<\/ul>","protected":false},"featured_media":9320,"template":"","meta":{"_acf_changed":false,"_uag_custom_page_level_css":"","site-sidebar-layout":"default","site-content-layout":"","ast-site-content-layout":"default","site-content-style":"default","site-sidebar-style":"default","ast-global-header-display":"","ast-banner-title-visibility":"","ast-main-header-display":"","ast-hfb-above-header-display":"","ast-hfb-below-header-display":"","ast-hfb-mobile-header-display":"","site-post-title":"","ast-breadcrumbs-content":"","ast-featured-img":"","footer-sml-layout":"","ast-disable-related-posts":"","theme-transparent-header-meta":"default","adv-header-id-meta":"","stick-header-meta":"default","header-above-stick-meta":"","header-main-stick-meta":"","header-below-stick-meta":"","astra-migrate-meta-layouts":"set","ast-page-background-enabled":"default","ast-page-background-meta":{"desktop":{"background-color":"","background-image":"","background-repeat":"repeat","background-position":"center center","background-size":"auto","background-attachment":"scroll","background-type":"","background-media":"","overlay-type":"","overlay-color":"","overlay-opacity":"","overlay-gradient":""},"tablet":{"background-color":"","background-image":"","background-repeat":"repeat","background-position":"center center","background-size":"auto","background-attachment":"scroll","background-type":"","background-media":"","overlay-type":"","overlay-color":"","overlay-opacity":"","overlay-gradient":""},"mobile":{"background-color":"","background-image":"","background-repeat":"repeat","background-position":"center center","background-size":"auto","background-attachment":"scroll","background-type":"","background-media":"","overlay-type":"","overlay-color":"","overlay-opacity":"","overlay-gradient":""}},"ast-content-background-meta":{"desktop":{"background-color":"var(--ast-global-color-5)","background-image":"","background-repeat":"repeat","background-position":"center center","background-size":"auto","background-attachment":"scroll","background-type":"","background-media":"","overlay-type":"","overlay-color":"","overlay-opacity":"","overlay-gradient":""},"tablet":{"background-color":"var(--ast-global-color-5)","background-image":"","background-repeat":"repeat","background-position":"center center","background-size":"auto","background-attachment":"scroll","background-type":"","background-media":"","overlay-type":"","overlay-color":"","overlay-opacity":"","overlay-gradient":""},"mobile":{"background-color":"var(--ast-global-color-5)","background-image":"","background-repeat":"repeat","background-position":"center center","background-size":"auto","background-attachment":"scroll","background-type":"","background-media":"","overlay-type":"","overlay-color":"","overlay-opacity":"","overlay-gradient":""}}},"product_brand":[1625],"product_cat":[1246],"product_tag":[1317,1318,1315,1280,1314,1282,1319,1316,1313,1320],"class_list":{"0":"post-9319","1":"product","2":"type-product","3":"status-publish","4":"has-post-thumbnail","6":"product_brand-iss","7":"product_cat-fluoreszenz-mikroskope","8":"product_tag-3d-lifetime-maps","9":"product_tag-afm-raman-kombination","10":"product_tag-flim-materialanalyse","11":"product_tag-fluoreszenz-fluktuationsspektroskopie","12":"product_tag-halbleiter-charakterisierung","13":"product_tag-konfokale-bildgebung","14":"product_tag-kristallstrukturanalyse","15":"product_tag-nanomaterial-analyse","16":"product_tag-photolumineszenz-mikroskopie","17":"product_tag-spektrale-materialuntersuchung","18":"desktop-align-left","19":"tablet-align-center","20":"mobile-align-center","21":"ast-product-gallery-layout-horizontal-slider","22":"ast-magnify-disabled","23":"ast-product-tabs-layout-horizontal","25":"first","26":"instock","27":"virtual","28":"purchasable","29":"product-type-simple"},"acf":[],"yoast_head":"<!-- This site is optimized with the Yoast SEO Premium plugin v27.2 (Yoast SEO v27.4) - https:\/\/yoast.com\/product\/yoast-seo-premium-wordpress\/ -->\n<title>Konfokalmikroskop f\u00fcr Materialuntersuchung - Soliton<\/title>\n<meta name=\"description\" content=\"Das Konfokalmikroskop f\u00fcr Materialuntersuchung bietet hochpr\u00e4zise Materialanalysen mit Photolumineszenz, FastFLIM und FCS-Technologien.\" \/>\n<meta name=\"robots\" content=\"index, follow, max-snippet:-1, max-image-preview:large, max-video-preview:-1\" \/>\n<link rel=\"canonical\" href=\"https:\/\/soliton-gmbh.de\/en\/product\/confocal-microscope-material-examination\/\" \/>\n<meta property=\"og:locale\" content=\"en_US\" \/>\n<meta property=\"og:type\" content=\"article\" \/>\n<meta property=\"og:title\" content=\"Konfokalmikroskop f\u00fcr Materialuntersuchung\" \/>\n<meta property=\"og:description\" content=\"Das Konfokalmikroskop f\u00fcr Materialuntersuchung bietet hochpr\u00e4zise Materialanalysen mit Photolumineszenz, FastFLIM und FCS-Technologien.\" \/>\n<meta property=\"og:url\" content=\"https:\/\/soliton-gmbh.de\/en\/product\/confocal-microscope-material-examination\/\" \/>\n<meta property=\"og:site_name\" content=\"Soliton Laser- und Messtechnik GmbH\" \/>\n<meta property=\"article:modified_time\" content=\"2026-04-15T21:45:32+00:00\" \/>\n<meta property=\"og:image\" content=\"https:\/\/soliton-gmbh.de\/wp-content\/uploads\/2025\/03\/ISS6.jpg\" \/>\n\t<meta property=\"og:image:width\" content=\"1500\" \/>\n\t<meta property=\"og:image:height\" content=\"1426\" \/>\n\t<meta property=\"og:image:type\" content=\"image\/jpeg\" \/>\n<meta name=\"twitter:card\" content=\"summary_large_image\" \/>\n<meta name=\"twitter:label1\" content=\"Price\" \/>\n\t<meta name=\"twitter:data1\" content=\"&euro;0.00\" \/>\n\t<meta name=\"twitter:label2\" content=\"Availability\" \/>\n\t<meta name=\"twitter:data2\" content=\"In stock\" \/>\n<script type=\"application\/ld+json\" class=\"yoast-schema-graph\">{\"@context\":\"https:\\\/\\\/schema.org\",\"@graph\":[{\"@type\":\"WebPage\",\"@id\":\"https:\\\/\\\/soliton-gmbh.de\\\/produkt\\\/konfokalmikroskop-materialuntersuchung\\\/\",\"url\":\"https:\\\/\\\/soliton-gmbh.de\\\/produkt\\\/konfokalmikroskop-materialuntersuchung\\\/\",\"name\":\"Konfokalmikroskop f\u00fcr Materialuntersuchung - Soliton\",\"isPartOf\":{\"@id\":\"https:\\\/\\\/soliton-gmbh.de\\\/#website\"},\"primaryImageOfPage\":{\"@id\":\"https:\\\/\\\/soliton-gmbh.de\\\/produkt\\\/konfokalmikroskop-materialuntersuchung\\\/#primaryimage\"},\"image\":{\"@id\":\"https:\\\/\\\/soliton-gmbh.de\\\/produkt\\\/konfokalmikroskop-materialuntersuchung\\\/#primaryimage\"},\"thumbnailUrl\":\"https:\\\/\\\/soliton-gmbh.de\\\/wp-content\\\/uploads\\\/2025\\\/03\\\/ISS6.jpg\",\"datePublished\":\"2025-03-03T14:22:34+00:00\",\"dateModified\":\"2026-04-15T21:45:32+00:00\",\"description\":\"Das Konfokalmikroskop f\u00fcr Materialuntersuchung bietet hochpr\u00e4zise Materialanalysen mit Photolumineszenz, FastFLIM und FCS-Technologien.\",\"breadcrumb\":{\"@id\":\"https:\\\/\\\/soliton-gmbh.de\\\/produkt\\\/konfokalmikroskop-materialuntersuchung\\\/#breadcrumb\"},\"inLanguage\":\"en-US\",\"potentialAction\":[{\"@type\":\"ReadAction\",\"target\":[\"https:\\\/\\\/soliton-gmbh.de\\\/produkt\\\/konfokalmikroskop-materialuntersuchung\\\/\"]}]},{\"@type\":\"ImageObject\",\"inLanguage\":\"en-US\",\"@id\":\"https:\\\/\\\/soliton-gmbh.de\\\/produkt\\\/konfokalmikroskop-materialuntersuchung\\\/#primaryimage\",\"url\":\"https:\\\/\\\/soliton-gmbh.de\\\/wp-content\\\/uploads\\\/2025\\\/03\\\/ISS6.jpg\",\"contentUrl\":\"https:\\\/\\\/soliton-gmbh.de\\\/wp-content\\\/uploads\\\/2025\\\/03\\\/ISS6.jpg\",\"width\":1500,\"height\":1426},{\"@type\":\"BreadcrumbList\",\"@id\":\"https:\\\/\\\/soliton-gmbh.de\\\/produkt\\\/konfokalmikroskop-materialuntersuchung\\\/#breadcrumb\",\"itemListElement\":[{\"@type\":\"ListItem\",\"position\":1,\"name\":\"Startseite\",\"item\":\"https:\\\/\\\/soliton-gmbh.de\\\/\"},{\"@type\":\"ListItem\",\"position\":2,\"name\":\"Produkte\",\"item\":\"https:\\\/\\\/soliton-gmbh.de\\\/produkte\\\/\"},{\"@type\":\"ListItem\",\"position\":3,\"name\":\"Konfokalmikroskop f\u00fcr Materialuntersuchung\"}]},{\"@type\":\"WebSite\",\"@id\":\"https:\\\/\\\/soliton-gmbh.de\\\/#website\",\"url\":\"https:\\\/\\\/soliton-gmbh.de\\\/\",\"name\":\"Soliton Laser- und Messtechnik GmbH\",\"description\":\"\",\"publisher\":{\"@id\":\"https:\\\/\\\/soliton-gmbh.de\\\/#organization\"},\"potentialAction\":[{\"@type\":\"SearchAction\",\"target\":{\"@type\":\"EntryPoint\",\"urlTemplate\":\"https:\\\/\\\/soliton-gmbh.de\\\/?s={search_term_string}\"},\"query-input\":{\"@type\":\"PropertyValueSpecification\",\"valueRequired\":true,\"valueName\":\"search_term_string\"}}],\"inLanguage\":\"en-US\"},{\"@type\":\"Organization\",\"@id\":\"https:\\\/\\\/soliton-gmbh.de\\\/#organization\",\"name\":\"Soliton GmbH\",\"url\":\"https:\\\/\\\/soliton-gmbh.de\\\/\",\"logo\":{\"@type\":\"ImageObject\",\"inLanguage\":\"en-US\",\"@id\":\"https:\\\/\\\/soliton-gmbh.de\\\/#\\\/schema\\\/logo\\\/image\\\/\",\"url\":\"https:\\\/\\\/soliton-gmbh.de\\\/wp-content\\\/uploads\\\/2022\\\/08\\\/cropped-soliton-logo.png\",\"contentUrl\":\"https:\\\/\\\/soliton-gmbh.de\\\/wp-content\\\/uploads\\\/2022\\\/08\\\/cropped-soliton-logo.png\",\"width\":500,\"height\":350,\"caption\":\"Soliton GmbH\"},\"image\":{\"@id\":\"https:\\\/\\\/soliton-gmbh.de\\\/#\\\/schema\\\/logo\\\/image\\\/\"}}]}<\/script>\n<meta property=\"product:price:amount\" content=\"0.00\" \/>\n<meta property=\"product:price:currency\" content=\"EUR\" \/>\n<meta property=\"og:availability\" content=\"instock\" \/>\n<meta property=\"product:availability\" content=\"instock\" \/>\n<meta property=\"product:condition\" content=\"new\" \/>\n<!-- \/ Yoast SEO Premium plugin. -->","yoast_head_json":{"title":"Confocal microscope for material analysis - Soliton","description":"The confocal microscope for material analysis offers high-precision material analysis with photoluminescence, FastFLIM and FCS technologies.","robots":{"index":"index","follow":"follow","max-snippet":"max-snippet:-1","max-image-preview":"max-image-preview:large","max-video-preview":"max-video-preview:-1"},"canonical":"https:\/\/soliton-gmbh.de\/en\/product\/confocal-microscope-material-examination\/","og_locale":"en_US","og_type":"article","og_title":"Konfokalmikroskop f\u00fcr Materialuntersuchung","og_description":"Das Konfokalmikroskop f\u00fcr Materialuntersuchung bietet hochpr\u00e4zise Materialanalysen mit Photolumineszenz, FastFLIM und FCS-Technologien.","og_url":"https:\/\/soliton-gmbh.de\/en\/product\/confocal-microscope-material-examination\/","og_site_name":"Soliton Laser- und Messtechnik GmbH","article_modified_time":"2026-04-15T21:45:32+00:00","og_image":[{"width":1500,"height":1426,"url":"https:\/\/soliton-gmbh.de\/wp-content\/uploads\/2025\/03\/ISS6.jpg","type":"image\/jpeg"}],"twitter_card":"summary_large_image","twitter_misc":{"Price":"&euro;0.00","Availability":"In stock"},"schema":{"@context":"https:\/\/schema.org","@graph":[{"@type":"WebPage","@id":"https:\/\/soliton-gmbh.de\/produkt\/konfokalmikroskop-materialuntersuchung\/","url":"https:\/\/soliton-gmbh.de\/produkt\/konfokalmikroskop-materialuntersuchung\/","name":"Confocal microscope for material analysis - Soliton","isPartOf":{"@id":"https:\/\/soliton-gmbh.de\/#website"},"primaryImageOfPage":{"@id":"https:\/\/soliton-gmbh.de\/produkt\/konfokalmikroskop-materialuntersuchung\/#primaryimage"},"image":{"@id":"https:\/\/soliton-gmbh.de\/produkt\/konfokalmikroskop-materialuntersuchung\/#primaryimage"},"thumbnailUrl":"https:\/\/soliton-gmbh.de\/wp-content\/uploads\/2025\/03\/ISS6.jpg","datePublished":"2025-03-03T14:22:34+00:00","dateModified":"2026-04-15T21:45:32+00:00","description":"The confocal microscope for material analysis offers high-precision material analysis with photoluminescence, FastFLIM and FCS technologies.","breadcrumb":{"@id":"https:\/\/soliton-gmbh.de\/produkt\/konfokalmikroskop-materialuntersuchung\/#breadcrumb"},"inLanguage":"en-US","potentialAction":[{"@type":"ReadAction","target":["https:\/\/soliton-gmbh.de\/produkt\/konfokalmikroskop-materialuntersuchung\/"]}]},{"@type":"ImageObject","inLanguage":"en-US","@id":"https:\/\/soliton-gmbh.de\/produkt\/konfokalmikroskop-materialuntersuchung\/#primaryimage","url":"https:\/\/soliton-gmbh.de\/wp-content\/uploads\/2025\/03\/ISS6.jpg","contentUrl":"https:\/\/soliton-gmbh.de\/wp-content\/uploads\/2025\/03\/ISS6.jpg","width":1500,"height":1426},{"@type":"BreadcrumbList","@id":"https:\/\/soliton-gmbh.de\/produkt\/konfokalmikroskop-materialuntersuchung\/#breadcrumb","itemListElement":[{"@type":"ListItem","position":1,"name":"Startseite","item":"https:\/\/soliton-gmbh.de\/"},{"@type":"ListItem","position":2,"name":"Produkte","item":"https:\/\/soliton-gmbh.de\/produkte\/"},{"@type":"ListItem","position":3,"name":"Konfokalmikroskop f\u00fcr Materialuntersuchung"}]},{"@type":"WebSite","@id":"https:\/\/soliton-gmbh.de\/#website","url":"https:\/\/soliton-gmbh.de\/","name":"Soliton Laser- und Messtechnik GmbH","description":"","publisher":{"@id":"https:\/\/soliton-gmbh.de\/#organization"},"potentialAction":[{"@type":"SearchAction","target":{"@type":"EntryPoint","urlTemplate":"https:\/\/soliton-gmbh.de\/?s={search_term_string}"},"query-input":{"@type":"PropertyValueSpecification","valueRequired":true,"valueName":"search_term_string"}}],"inLanguage":"en-US"},{"@type":"Organization","@id":"https:\/\/soliton-gmbh.de\/#organization","name":"Soliton GmbH","url":"https:\/\/soliton-gmbh.de\/","logo":{"@type":"ImageObject","inLanguage":"en-US","@id":"https:\/\/soliton-gmbh.de\/#\/schema\/logo\/image\/","url":"https:\/\/soliton-gmbh.de\/wp-content\/uploads\/2022\/08\/cropped-soliton-logo.png","contentUrl":"https:\/\/soliton-gmbh.de\/wp-content\/uploads\/2022\/08\/cropped-soliton-logo.png","width":500,"height":350,"caption":"Soliton GmbH"},"image":{"@id":"https:\/\/soliton-gmbh.de\/#\/schema\/logo\/image\/"}}]},"product_price_amount":"0.00","product_price_currency":"EUR","og_availability":"instock","product_availability":"instock","product_condition":"new"},"uagb_featured_image_src":{"full":["https:\/\/soliton-gmbh.de\/wp-content\/uploads\/2025\/03\/ISS6.jpg",1500,1426,false],"thumbnail":["https:\/\/soliton-gmbh.de\/wp-content\/uploads\/2025\/03\/ISS6-150x150.jpg",150,150,true],"medium":["https:\/\/soliton-gmbh.de\/wp-content\/uploads\/2025\/03\/ISS6-300x285.jpg",300,285,true],"medium_large":["https:\/\/soliton-gmbh.de\/wp-content\/uploads\/2025\/03\/ISS6-768x730.jpg",768,730,true],"large":["https:\/\/soliton-gmbh.de\/wp-content\/uploads\/2025\/03\/ISS6-1024x973.jpg",1024,973,true],"1536x1536":["https:\/\/soliton-gmbh.de\/wp-content\/uploads\/2025\/03\/ISS6.jpg",1500,1426,false],"2048x2048":["https:\/\/soliton-gmbh.de\/wp-content\/uploads\/2025\/03\/ISS6.jpg",1500,1426,false],"trp-custom-language-flag":["https:\/\/soliton-gmbh.de\/wp-content\/uploads\/2025\/03\/ISS6-13x12.jpg",13,12,true],"woocommerce_thumbnail":["https:\/\/soliton-gmbh.de\/wp-content\/uploads\/2025\/03\/ISS6-600x570.jpg",600,570,true],"woocommerce_single":["https:\/\/soliton-gmbh.de\/wp-content\/uploads\/2025\/03\/ISS6-1200x1141.jpg",1200,1141,true],"woocommerce_gallery_thumbnail":["https:\/\/soliton-gmbh.de\/wp-content\/uploads\/2025\/03\/ISS6-300x300.jpg",300,300,true]},"uagb_author_info":{"display_name":"Daniel","author_link":"https:\/\/soliton-gmbh.de\/en\/author\/"},"uagb_comment_info":0,"uagb_excerpt":"1p oder 2p konfokale Bilder FLIM in der Frequenzdom\u00e4ne oder in TCSPC Phosphoreszenz-Lebensdauer-Bildgebung (PLIM) Polarisationsbilder","_links":{"self":[{"href":"https:\/\/soliton-gmbh.de\/en\/wp-json\/wp\/v2\/product\/9319","targetHints":{"allow":["GET"]}}],"collection":[{"href":"https:\/\/soliton-gmbh.de\/en\/wp-json\/wp\/v2\/product"}],"about":[{"href":"https:\/\/soliton-gmbh.de\/en\/wp-json\/wp\/v2\/types\/product"}],"wp:featuredmedia":[{"embeddable":true,"href":"https:\/\/soliton-gmbh.de\/en\/wp-json\/wp\/v2\/media\/9320"}],"wp:attachment":[{"href":"https:\/\/soliton-gmbh.de\/en\/wp-json\/wp\/v2\/media?parent=9319"}],"wp:term":[{"taxonomy":"product_brand","embeddable":true,"href":"https:\/\/soliton-gmbh.de\/en\/wp-json\/wp\/v2\/product_brand?post=9319"},{"taxonomy":"product_cat","embeddable":true,"href":"https:\/\/soliton-gmbh.de\/en\/wp-json\/wp\/v2\/product_cat?post=9319"},{"taxonomy":"product_tag","embeddable":true,"href":"https:\/\/soliton-gmbh.de\/en\/wp-json\/wp\/v2\/product_tag?post=9319"}],"curies":[{"name":"wp","href":"https:\/\/api.w.org\/{rel}","templated":true}]}}