{"id":9307,"date":"2025-03-03T12:00:00","date_gmt":"2025-03-03T11:00:00","guid":{"rendered":"https:\/\/soliton-gmbh.de\/?post_type=product&#038;p=9307"},"modified":"2026-04-15T23:42:39","modified_gmt":"2026-04-15T21:42:39","slug":"confocal-microscope-sted-copy","status":"publish","type":"product","link":"https:\/\/soliton-gmbh.de\/en\/produkt\/konfokalmikroskop-sted-kopie\/","title":{"rendered":"Confocal microscope \u2013 Time Resolved"},"content":{"rendered":"<p data-start=\"137\" data-end=\"612\">The <strong data-start=\"141\" data-end=\"178\">Confocal microscope \u2013 Time Resolved<\/strong> offers a powerful combination of fluorescence lifetime imaging (FLIM), fluorescence correlation spectroscopy (FCS), and other time-resolved measurement methods. The Alba v5 system enables highly precise analyses of fluorescence lifetimes and molecular interactions. Users can choose between digital frequency domain analysis or time-resolved single-photon counting (TCSPC).<\/p>\n<p data-start=\"614\" data-end=\"1022\">Thanks to its versatile design, the system is suitable for both biological and materials science applications requiring high sensitivity down to the single-molecule level. Furthermore, the user-friendly Vista Vision software integrates various imaging and analysis systems such as FLIM, FRET, FCS, FCCS, and RICS to enable comprehensive data processing.<\/p>\n<h2 data-start=\"1024\" data-end=\"1066\"><strong data-start=\"1027\" data-end=\"1064\">Outstanding technical features<\/strong><\/h2>\n<p data-start=\"1067\" data-end=\"1553\">The <strong data-start=\"1071\" data-end=\"1100\">Alba v5 confocal microscope<\/strong> Its technical specifications enable precise and versatile measurements. It supports up to six continuous wave or pulsed single-photon lasers with wavelengths from 405 to 690 nm, covering a wide range of fluorescence applications. Furthermore, both single- and multi-photon excitations can be used, while a computer-controlled optical system ensures maximum flexibility.<\/p>\n<p data-start=\"1555\" data-end=\"2004\">Furthermore, galvanometrically controlled mirrors or a piezo-controlled XYZ stage enable high-precision scanning of the sample. Separate confocal pinholes for each emission wavelength also provide precise imaging control. Finally, the system facilitates integration with various microscope types from leading manufacturers (Nikon, Olympus, Zeiss, Leica) for customized research requirements.<\/p>\n<h2 data-start=\"2006\" data-end=\"2045\"><strong data-start=\"2009\" data-end=\"2043\">Versatile areas of application<\/strong><\/h2>\n<p data-start=\"2046\" data-end=\"2815\" data-is-last-node=\"\" data-is-only-node=\"\">Thanks to its advanced features, the <strong data-start=\"141\" data-end=\"178\">Confocal microscope \u2013 Time Resolved<\/strong>\u00a0Applications in numerous research fields. In life sciences, it enables precise investigations of protein-protein interactions, cellular dynamics, and molecular diffusion. Materials scientists also benefit from the ability to analyze the optical properties of new materials at the single-molecule level. Furthermore, the system is used in pharmacology, for example, to elucidate drug interactions and receptor binding. Finally, the combination of FLIM, FCS, and other techniques offers an optimal solution for high-precision, time-resolved fluorescence analyses in numerous disciplines.<\/p>\n<h4>Contact<\/h4>\n<p>Do you have any questions about <strong>Alba V5 <\/strong>or do you need individual advice for your application?\u00a0<strong>Please feel free to contact us<\/strong>\u00a0\u2013 our team of experts will help you find the optimal solution for your requirements.<\/p>","protected":false},"excerpt":{"rendered":"<p><a href=\"https:\/\/soliton-gmbh.de\/wp-content\/uploads\/2025\/02\/ISS-Logo.jpg\"><img loading=\"lazy\" decoding=\"async\" class=\"alignnone wp-image-9276\" src=\"https:\/\/soliton-gmbh.de\/wp-content\/uploads\/2025\/02\/ISS-Logo-300x156.jpg\" alt=\"\" width=\"150\" height=\"78\" srcset=\"https:\/\/soliton-gmbh.de\/wp-content\/uploads\/2025\/02\/ISS-Logo-300x156.jpg 300w, https:\/\/soliton-gmbh.de\/wp-content\/uploads\/2025\/02\/ISS-Logo-768x399.jpg 768w, https:\/\/soliton-gmbh.de\/wp-content\/uploads\/2025\/02\/ISS-Logo-18x9.jpg 18w, https:\/\/soliton-gmbh.de\/wp-content\/uploads\/2025\/02\/ISS-Logo-600x312.jpg 600w, https:\/\/soliton-gmbh.de\/wp-content\/uploads\/2025\/02\/ISS-Logo.jpg 800w\" sizes=\"auto, (max-width: 150px) 100vw, 150px\" \/><\/a><\/p>\n<ul>\n<li>1p or 2p confocal images<\/li>\n<li>FLIM in the frequency domain or in TCSPC<\/li>\n<li>phosphorescence lifetime imaging (PLIM)<\/li>\n<li>polarization images<\/li>\n<\/ul>","protected":false},"featured_media":9269,"template":"","meta":{"_acf_changed":false,"_uag_custom_page_level_css":"","site-sidebar-layout":"default","site-content-layout":"","ast-site-content-layout":"default","site-content-style":"default","site-sidebar-style":"default","ast-global-header-display":"","ast-banner-title-visibility":"","ast-main-header-display":"","ast-hfb-above-header-display":"","ast-hfb-below-header-display":"","ast-hfb-mobile-header-display":"","site-post-title":"","ast-breadcrumbs-content":"","ast-featured-img":"","footer-sml-layout":"","ast-disable-related-posts":"","theme-transparent-header-meta":"default","adv-header-id-meta":"","stick-header-meta":"default","header-above-stick-meta":"","header-main-stick-meta":"","header-below-stick-meta":"","astra-migrate-meta-layouts":"set","ast-page-background-enabled":"default","ast-page-background-meta":{"desktop":{"background-color":"","background-image":"","background-repeat":"repeat","background-position":"center center","background-size":"auto","background-attachment":"scroll","background-type":"","background-media":"","overlay-type":"","overlay-color":"","overlay-opacity":"","overlay-gradient":""},"tablet":{"background-color":"","background-image":"","background-repeat":"repeat","background-position":"center center","background-size":"auto","background-attachment":"scroll","background-type":"","background-media":"","overlay-type":"","overlay-color":"","overlay-opacity":"","overlay-gradient":""},"mobile":{"background-color":"","background-image":"","background-repeat":"repeat","background-position":"center center","background-size":"auto","background-attachment":"scroll","background-type":"","background-media":"","overlay-type":"","overlay-color":"","overlay-opacity":"","overlay-gradient":""}},"ast-content-background-meta":{"desktop":{"background-color":"var(--ast-global-color-5)","background-image":"","background-repeat":"repeat","background-position":"center center","background-size":"auto","background-attachment":"scroll","background-type":"","background-media":"","overlay-type":"","overlay-color":"","overlay-opacity":"","overlay-gradient":""},"tablet":{"background-color":"var(--ast-global-color-5)","background-image":"","background-repeat":"repeat","background-position":"center center","background-size":"auto","background-attachment":"scroll","background-type":"","background-media":"","overlay-type":"","overlay-color":"","overlay-opacity":"","overlay-gradient":""},"mobile":{"background-color":"var(--ast-global-color-5)","background-image":"","background-repeat":"repeat","background-position":"center center","background-size":"auto","background-attachment":"scroll","background-type":"","background-media":"","overlay-type":"","overlay-color":"","overlay-opacity":"","overlay-gradient":""}}},"product_brand":[1625],"product_cat":[1246],"product_tag":[1276,1274,1273,1271,1270,1275,1277,1279,1278,1272],"class_list":{"0":"post-9307","1":"product","2":"type-product","3":"status-publish","4":"has-post-thumbnail","6":"product_brand-iss","7":"product_cat-fluoreszenz-mikroskope","8":"product_tag-einzelphotonenzaehlung","9":"product_tag-fcs-mikroskop","10":"product_tag-flim-mikroskop","11":"product_tag-fluoreszenzkorrelationsspektroskopie","12":"product_tag-fluoreszenzlebensdauer-bildgebung","13":"product_tag-konfokale-fluoreszenzmikroskopie","14":"product_tag-molekulare-bildgebung","15":"product_tag-optische-materialanalyse","16":"product_tag-protein-protein-interaktion","17":"product_tag-zeitaufgeloeste-fluoreszenzmikroskopie","18":"desktop-align-left","19":"tablet-align-center","20":"mobile-align-center","21":"ast-product-gallery-layout-horizontal-slider","22":"ast-magnify-disabled","23":"ast-product-tabs-layout-horizontal","25":"first","26":"instock","27":"virtual","28":"purchasable","29":"product-type-simple"},"acf":[],"yoast_head":"<!-- This site is optimized with the Yoast SEO Premium plugin v27.2 (Yoast SEO v27.4) - https:\/\/yoast.com\/product\/yoast-seo-premium-wordpress\/ -->\n<title>Konfokalmikroskop - Time Resolved - Soliton<\/title>\n<meta name=\"description\" content=\"Das Konfokalmikroskop \u2013 Time Resolved erm\u00f6glicht hochpr\u00e4zise FLIM- und FCS-Analysen f\u00fcr vielseiteig Anwendungen auf Einzelmolek\u00fclebene.\" \/>\n<meta name=\"robots\" content=\"index, follow, max-snippet:-1, max-image-preview:large, max-video-preview:-1\" \/>\n<link rel=\"canonical\" href=\"https:\/\/soliton-gmbh.de\/en\/product\/confocal-microscope-sted-copy\/\" \/>\n<meta property=\"og:locale\" content=\"en_US\" \/>\n<meta property=\"og:type\" content=\"article\" \/>\n<meta property=\"og:title\" content=\"Konfokalmikroskop - Time Resolved\" \/>\n<meta property=\"og:description\" content=\"Das Konfokalmikroskop \u2013 Time Resolved erm\u00f6glicht hochpr\u00e4zise FLIM- und FCS-Analysen f\u00fcr vielseiteig Anwendungen auf Einzelmolek\u00fclebene.\" \/>\n<meta property=\"og:url\" content=\"https:\/\/soliton-gmbh.de\/en\/product\/confocal-microscope-sted-copy\/\" \/>\n<meta property=\"og:site_name\" content=\"Soliton Laser- und Messtechnik GmbH\" \/>\n<meta property=\"article:modified_time\" content=\"2026-04-15T21:42:39+00:00\" \/>\n<meta property=\"og:image\" content=\"https:\/\/soliton-gmbh.de\/wp-content\/uploads\/2025\/02\/ISS1.jpg\" \/>\n\t<meta property=\"og:image:width\" content=\"1500\" \/>\n\t<meta property=\"og:image:height\" content=\"1231\" \/>\n\t<meta property=\"og:image:type\" content=\"image\/jpeg\" \/>\n<meta name=\"twitter:card\" content=\"summary_large_image\" \/>\n<meta name=\"twitter:label1\" content=\"Price\" \/>\n\t<meta name=\"twitter:data1\" content=\"&euro;0.00\" \/>\n\t<meta name=\"twitter:label2\" content=\"Availability\" \/>\n\t<meta name=\"twitter:data2\" content=\"In stock\" \/>\n<script type=\"application\/ld+json\" class=\"yoast-schema-graph\">{\"@context\":\"https:\\\/\\\/schema.org\",\"@graph\":[{\"@type\":\"WebPage\",\"@id\":\"https:\\\/\\\/soliton-gmbh.de\\\/produkt\\\/konfokalmikroskop-sted-kopie\\\/\",\"url\":\"https:\\\/\\\/soliton-gmbh.de\\\/produkt\\\/konfokalmikroskop-sted-kopie\\\/\",\"name\":\"Konfokalmikroskop - Time Resolved - Soliton\",\"isPartOf\":{\"@id\":\"https:\\\/\\\/soliton-gmbh.de\\\/#website\"},\"primaryImageOfPage\":{\"@id\":\"https:\\\/\\\/soliton-gmbh.de\\\/produkt\\\/konfokalmikroskop-sted-kopie\\\/#primaryimage\"},\"image\":{\"@id\":\"https:\\\/\\\/soliton-gmbh.de\\\/produkt\\\/konfokalmikroskop-sted-kopie\\\/#primaryimage\"},\"thumbnailUrl\":\"https:\\\/\\\/soliton-gmbh.de\\\/wp-content\\\/uploads\\\/2025\\\/02\\\/ISS1.jpg\",\"datePublished\":\"2025-03-03T11:00:00+00:00\",\"dateModified\":\"2026-04-15T21:42:39+00:00\",\"description\":\"Das Konfokalmikroskop \u2013 Time Resolved erm\u00f6glicht hochpr\u00e4zise FLIM- und FCS-Analysen f\u00fcr vielseiteig Anwendungen auf Einzelmolek\u00fclebene.\",\"breadcrumb\":{\"@id\":\"https:\\\/\\\/soliton-gmbh.de\\\/produkt\\\/konfokalmikroskop-sted-kopie\\\/#breadcrumb\"},\"inLanguage\":\"en-US\",\"potentialAction\":[{\"@type\":\"ReadAction\",\"target\":[\"https:\\\/\\\/soliton-gmbh.de\\\/produkt\\\/konfokalmikroskop-sted-kopie\\\/\"]}]},{\"@type\":\"ImageObject\",\"inLanguage\":\"en-US\",\"@id\":\"https:\\\/\\\/soliton-gmbh.de\\\/produkt\\\/konfokalmikroskop-sted-kopie\\\/#primaryimage\",\"url\":\"https:\\\/\\\/soliton-gmbh.de\\\/wp-content\\\/uploads\\\/2025\\\/02\\\/ISS1.jpg\",\"contentUrl\":\"https:\\\/\\\/soliton-gmbh.de\\\/wp-content\\\/uploads\\\/2025\\\/02\\\/ISS1.jpg\",\"width\":1500,\"height\":1231},{\"@type\":\"BreadcrumbList\",\"@id\":\"https:\\\/\\\/soliton-gmbh.de\\\/produkt\\\/konfokalmikroskop-sted-kopie\\\/#breadcrumb\",\"itemListElement\":[{\"@type\":\"ListItem\",\"position\":1,\"name\":\"Startseite\",\"item\":\"https:\\\/\\\/soliton-gmbh.de\\\/\"},{\"@type\":\"ListItem\",\"position\":2,\"name\":\"Produkte\",\"item\":\"https:\\\/\\\/soliton-gmbh.de\\\/produkte\\\/\"},{\"@type\":\"ListItem\",\"position\":3,\"name\":\"Konfokalmikroskop &#8211; Time Resolved\"}]},{\"@type\":\"WebSite\",\"@id\":\"https:\\\/\\\/soliton-gmbh.de\\\/#website\",\"url\":\"https:\\\/\\\/soliton-gmbh.de\\\/\",\"name\":\"Soliton Laser- und Messtechnik GmbH\",\"description\":\"\",\"publisher\":{\"@id\":\"https:\\\/\\\/soliton-gmbh.de\\\/#organization\"},\"potentialAction\":[{\"@type\":\"SearchAction\",\"target\":{\"@type\":\"EntryPoint\",\"urlTemplate\":\"https:\\\/\\\/soliton-gmbh.de\\\/?s={search_term_string}\"},\"query-input\":{\"@type\":\"PropertyValueSpecification\",\"valueRequired\":true,\"valueName\":\"search_term_string\"}}],\"inLanguage\":\"en-US\"},{\"@type\":\"Organization\",\"@id\":\"https:\\\/\\\/soliton-gmbh.de\\\/#organization\",\"name\":\"Soliton GmbH\",\"url\":\"https:\\\/\\\/soliton-gmbh.de\\\/\",\"logo\":{\"@type\":\"ImageObject\",\"inLanguage\":\"en-US\",\"@id\":\"https:\\\/\\\/soliton-gmbh.de\\\/#\\\/schema\\\/logo\\\/image\\\/\",\"url\":\"https:\\\/\\\/soliton-gmbh.de\\\/wp-content\\\/uploads\\\/2022\\\/08\\\/cropped-soliton-logo.png\",\"contentUrl\":\"https:\\\/\\\/soliton-gmbh.de\\\/wp-content\\\/uploads\\\/2022\\\/08\\\/cropped-soliton-logo.png\",\"width\":500,\"height\":350,\"caption\":\"Soliton GmbH\"},\"image\":{\"@id\":\"https:\\\/\\\/soliton-gmbh.de\\\/#\\\/schema\\\/logo\\\/image\\\/\"}}]}<\/script>\n<meta property=\"product:price:amount\" content=\"0.00\" \/>\n<meta property=\"product:price:currency\" content=\"EUR\" \/>\n<meta property=\"og:availability\" content=\"instock\" \/>\n<meta property=\"product:availability\" content=\"instock\" \/>\n<meta property=\"product:condition\" content=\"new\" \/>\n<!-- \/ Yoast SEO Premium plugin. -->","yoast_head_json":{"title":"Confocal microscope - Time Resolved - Soliton","description":"The Confocal Microscope - Time Resolved enables high-precision FLIM and FCS analysis for multi-sided applications at the single molecule level.","robots":{"index":"index","follow":"follow","max-snippet":"max-snippet:-1","max-image-preview":"max-image-preview:large","max-video-preview":"max-video-preview:-1"},"canonical":"https:\/\/soliton-gmbh.de\/en\/product\/confocal-microscope-sted-copy\/","og_locale":"en_US","og_type":"article","og_title":"Konfokalmikroskop - Time Resolved","og_description":"Das Konfokalmikroskop \u2013 Time Resolved erm\u00f6glicht hochpr\u00e4zise FLIM- und FCS-Analysen f\u00fcr vielseiteig Anwendungen auf Einzelmolek\u00fclebene.","og_url":"https:\/\/soliton-gmbh.de\/en\/product\/confocal-microscope-sted-copy\/","og_site_name":"Soliton Laser- und Messtechnik GmbH","article_modified_time":"2026-04-15T21:42:39+00:00","og_image":[{"width":1500,"height":1231,"url":"https:\/\/soliton-gmbh.de\/wp-content\/uploads\/2025\/02\/ISS1.jpg","type":"image\/jpeg"}],"twitter_card":"summary_large_image","twitter_misc":{"Price":"&euro;0.00","Availability":"In stock"},"schema":{"@context":"https:\/\/schema.org","@graph":[{"@type":"WebPage","@id":"https:\/\/soliton-gmbh.de\/produkt\/konfokalmikroskop-sted-kopie\/","url":"https:\/\/soliton-gmbh.de\/produkt\/konfokalmikroskop-sted-kopie\/","name":"Confocal microscope - Time Resolved - Soliton","isPartOf":{"@id":"https:\/\/soliton-gmbh.de\/#website"},"primaryImageOfPage":{"@id":"https:\/\/soliton-gmbh.de\/produkt\/konfokalmikroskop-sted-kopie\/#primaryimage"},"image":{"@id":"https:\/\/soliton-gmbh.de\/produkt\/konfokalmikroskop-sted-kopie\/#primaryimage"},"thumbnailUrl":"https:\/\/soliton-gmbh.de\/wp-content\/uploads\/2025\/02\/ISS1.jpg","datePublished":"2025-03-03T11:00:00+00:00","dateModified":"2026-04-15T21:42:39+00:00","description":"The Confocal Microscope - Time Resolved enables high-precision FLIM and FCS analysis for multi-sided applications at the single molecule level.","breadcrumb":{"@id":"https:\/\/soliton-gmbh.de\/produkt\/konfokalmikroskop-sted-kopie\/#breadcrumb"},"inLanguage":"en-US","potentialAction":[{"@type":"ReadAction","target":["https:\/\/soliton-gmbh.de\/produkt\/konfokalmikroskop-sted-kopie\/"]}]},{"@type":"ImageObject","inLanguage":"en-US","@id":"https:\/\/soliton-gmbh.de\/produkt\/konfokalmikroskop-sted-kopie\/#primaryimage","url":"https:\/\/soliton-gmbh.de\/wp-content\/uploads\/2025\/02\/ISS1.jpg","contentUrl":"https:\/\/soliton-gmbh.de\/wp-content\/uploads\/2025\/02\/ISS1.jpg","width":1500,"height":1231},{"@type":"BreadcrumbList","@id":"https:\/\/soliton-gmbh.de\/produkt\/konfokalmikroskop-sted-kopie\/#breadcrumb","itemListElement":[{"@type":"ListItem","position":1,"name":"Startseite","item":"https:\/\/soliton-gmbh.de\/"},{"@type":"ListItem","position":2,"name":"Produkte","item":"https:\/\/soliton-gmbh.de\/produkte\/"},{"@type":"ListItem","position":3,"name":"Konfokalmikroskop &#8211; Time Resolved"}]},{"@type":"WebSite","@id":"https:\/\/soliton-gmbh.de\/#website","url":"https:\/\/soliton-gmbh.de\/","name":"Soliton Laser- und Messtechnik GmbH","description":"","publisher":{"@id":"https:\/\/soliton-gmbh.de\/#organization"},"potentialAction":[{"@type":"SearchAction","target":{"@type":"EntryPoint","urlTemplate":"https:\/\/soliton-gmbh.de\/?s={search_term_string}"},"query-input":{"@type":"PropertyValueSpecification","valueRequired":true,"valueName":"search_term_string"}}],"inLanguage":"en-US"},{"@type":"Organization","@id":"https:\/\/soliton-gmbh.de\/#organization","name":"Soliton GmbH","url":"https:\/\/soliton-gmbh.de\/","logo":{"@type":"ImageObject","inLanguage":"en-US","@id":"https:\/\/soliton-gmbh.de\/#\/schema\/logo\/image\/","url":"https:\/\/soliton-gmbh.de\/wp-content\/uploads\/2022\/08\/cropped-soliton-logo.png","contentUrl":"https:\/\/soliton-gmbh.de\/wp-content\/uploads\/2022\/08\/cropped-soliton-logo.png","width":500,"height":350,"caption":"Soliton GmbH"},"image":{"@id":"https:\/\/soliton-gmbh.de\/#\/schema\/logo\/image\/"}}]},"product_price_amount":"0.00","product_price_currency":"EUR","og_availability":"instock","product_availability":"instock","product_condition":"new"},"uagb_featured_image_src":{"full":["https:\/\/soliton-gmbh.de\/wp-content\/uploads\/2025\/02\/ISS1.jpg",1500,1231,false],"thumbnail":["https:\/\/soliton-gmbh.de\/wp-content\/uploads\/2025\/02\/ISS1-150x150.jpg",150,150,true],"medium":["https:\/\/soliton-gmbh.de\/wp-content\/uploads\/2025\/02\/ISS1-300x246.jpg",300,246,true],"medium_large":["https:\/\/soliton-gmbh.de\/wp-content\/uploads\/2025\/02\/ISS1-768x630.jpg",768,630,true],"large":["https:\/\/soliton-gmbh.de\/wp-content\/uploads\/2025\/02\/ISS1-1024x840.jpg",1024,840,true],"1536x1536":["https:\/\/soliton-gmbh.de\/wp-content\/uploads\/2025\/02\/ISS1.jpg",1500,1231,false],"2048x2048":["https:\/\/soliton-gmbh.de\/wp-content\/uploads\/2025\/02\/ISS1.jpg",1500,1231,false],"trp-custom-language-flag":["https:\/\/soliton-gmbh.de\/wp-content\/uploads\/2025\/02\/ISS1-15x12.jpg",15,12,true],"woocommerce_thumbnail":["https:\/\/soliton-gmbh.de\/wp-content\/uploads\/2025\/02\/ISS1-600x492.jpg",600,492,true],"woocommerce_single":["https:\/\/soliton-gmbh.de\/wp-content\/uploads\/2025\/02\/ISS1-1200x985.jpg",1200,985,true],"woocommerce_gallery_thumbnail":["https:\/\/soliton-gmbh.de\/wp-content\/uploads\/2025\/02\/ISS1-300x300.jpg",300,300,true]},"uagb_author_info":{"display_name":"Daniel","author_link":"https:\/\/soliton-gmbh.de\/en\/author\/"},"uagb_comment_info":0,"uagb_excerpt":"1p oder 2p konfokale Bilder FLIM in der Frequenzdom\u00e4ne oder in TCSPC Phosphoreszenz-Lebensdauer-Bildgebung (PLIM) Polarisationsbilder","_links":{"self":[{"href":"https:\/\/soliton-gmbh.de\/en\/wp-json\/wp\/v2\/product\/9307","targetHints":{"allow":["GET"]}}],"collection":[{"href":"https:\/\/soliton-gmbh.de\/en\/wp-json\/wp\/v2\/product"}],"about":[{"href":"https:\/\/soliton-gmbh.de\/en\/wp-json\/wp\/v2\/types\/product"}],"wp:featuredmedia":[{"embeddable":true,"href":"https:\/\/soliton-gmbh.de\/en\/wp-json\/wp\/v2\/media\/9269"}],"wp:attachment":[{"href":"https:\/\/soliton-gmbh.de\/en\/wp-json\/wp\/v2\/media?parent=9307"}],"wp:term":[{"taxonomy":"product_brand","embeddable":true,"href":"https:\/\/soliton-gmbh.de\/en\/wp-json\/wp\/v2\/product_brand?post=9307"},{"taxonomy":"product_cat","embeddable":true,"href":"https:\/\/soliton-gmbh.de\/en\/wp-json\/wp\/v2\/product_cat?post=9307"},{"taxonomy":"product_tag","embeddable":true,"href":"https:\/\/soliton-gmbh.de\/en\/wp-json\/wp\/v2\/product_tag?post=9307"}],"curies":[{"name":"wp","href":"https:\/\/api.w.org\/{rel}","templated":true}]}}