{"id":9068,"date":"2025-02-05T15:58:50","date_gmt":"2025-02-05T14:58:50","guid":{"rendered":"https:\/\/soliton-gmbh.de\/?post_type=product&#038;p=9068"},"modified":"2026-04-15T00:02:13","modified_gmt":"2026-04-14T22:02:13","slug":"flash-16-adc","status":"publish","type":"product","link":"https:\/\/soliton-gmbh.de\/en\/produkt\/flash-16-adc\/","title":{"rendered":"Flash 16 ADC"},"content":{"rendered":"<p>The <strong>Flash 16 ADC<\/strong> is a <strong>complete data acquisition unit<\/strong>, which are specifically for <strong>photoacoustics, microscopy and scanning applications<\/strong> was developed with the highest standards. With a <strong>nearly 100 % duty cycle<\/strong> This system ensures exceptionally fast and precise data capture.<\/p>\n<p>The heart of the <strong>Flash 16 ADC<\/strong> forms a <strong>Texas Instruments AFE58JD48 Ultrasonic Analog Front End<\/strong>, which with a <strong>sampling rate of 125 MS\/s<\/strong> and one <strong>16-bit resolution<\/strong> The system also has a <strong>integrated preamplifier<\/strong>which ensures optimal signal quality.<\/p>\n<h4><strong>Compact design with powerful signal processing<\/strong><\/h4>\n<p>In addition to his <strong>high speed<\/strong> convinced the <strong>Flash 16 ADC<\/strong> through a <strong>space-saving design<\/strong> and one <strong>low power consumption<\/strong>. A <strong>low-noise amplifier with variable gain<\/strong> ensures precise adaptation to different measurement requirements. <strong>Thanks to<\/strong> Its compact design means the system can be easily integrated into existing <strong>research and industrial solutions<\/strong> integrate.<\/p>\n<p>The device offers all necessary <strong>interfaces<\/strong>to a <strong>smooth data transfer<\/strong> to ensure:<\/p>\n<ul>\n<li><strong>QSFP+<\/strong> for fast and reliable connections<\/li>\n<li><strong>HDMI<\/strong> for flexible signal transmission<\/li>\n<\/ul>\n<h4><strong>Advanced data acquisition with the ARC Card<\/strong><\/h4>\n<p>For a <strong>maximum performance<\/strong> can the <strong>Flash 16 ADC<\/strong> with the <strong>in-house data acquisition card<\/strong> from <strong>Photosound<\/strong> This is compatible with the <strong>LEGION ADC128-80<\/strong> and the <strong>LEGION ADC16-125<\/strong> and enables a <strong>Data transfer far beyond the USB3 limits<\/strong>In addition, the ARC Card increases the <strong>Working distance between the ADC and the receiver PC<\/strong>, which allows for more flexible use.<\/p>\n<p>The <strong>ARC Card<\/strong> is an indispensable accessory for the <strong>Flash 16 ADC systems<\/strong> and offers the following <strong>interfaces and configurations<\/strong>:<\/p>\n<ul>\n<li><strong>2\u00d7 QSFP+ (custom configurations enabled) to PCIe Gen4 x4<\/strong><\/li>\n<li><strong>XCAU15P-2FFVB676 Artix-Ultrascale+ with DDR buffer<\/strong><\/li>\n<li><strong>Electrical trigger on\/off without delay<\/strong><\/li>\n<li><strong>Optical trigger input<\/strong><\/li>\n<\/ul>\n<h4><strong>Contact<\/strong><\/h4>\n<p>Do you have any questions about <strong>Flash 16 ADC<\/strong> or do you need individual advice for your application? <strong>Please feel free to contact us<\/strong> \u2013 our team of experts will help you find the optimal solution for your requirements.<\/p>","protected":false},"excerpt":{"rendered":"<p><a href=\"https:\/\/soliton-gmbh.de\/wp-content\/uploads\/2023\/06\/PS_logo.jpg\"><img loading=\"lazy\" decoding=\"async\" class=\"alignnone wp-image-6101\" src=\"https:\/\/soliton-gmbh.de\/wp-content\/uploads\/2023\/06\/PS_logo-300x80.jpg\" alt=\"\" width=\"203\" height=\"54\" srcset=\"https:\/\/soliton-gmbh.de\/wp-content\/uploads\/2023\/06\/PS_logo-300x80.jpg 300w, https:\/\/soliton-gmbh.de\/wp-content\/uploads\/2023\/06\/PS_logo-600x161.jpg 600w, https:\/\/soliton-gmbh.de\/wp-content\/uploads\/2023\/06\/PS_logo-768x206.jpg 768w, https:\/\/soliton-gmbh.de\/wp-content\/uploads\/2023\/06\/PS_logo-18x5.jpg 18w, https:\/\/soliton-gmbh.de\/wp-content\/uploads\/2023\/06\/PS_logo.jpg 1000w\" sizes=\"auto, (max-width: 203px) 100vw, 203px\" \/><\/a><\/p>\n<ul>\n<li>16-bit resolution<\/li>\n<li>125 MSPS sampling rate<\/li>\n<li>2.2 M\u03a9 input impedance (optional amplifier)<\/li>\n<li>Low-noise, adjustable gain<\/li>\n<li>Low power consumption<\/li>\n<li>Lightweight and compact with sophisticated design<\/li>\n<li>Photoacoustics<\/li>\n<li>Photoacoustic Microscopy (PAM)<\/li>\n<li>scanning applications<\/li>\n<\/ul>","protected":false},"featured_media":9114,"template":"","meta":{"_acf_changed":false,"_uag_custom_page_level_css":"","site-sidebar-layout":"default","site-content-layout":"","ast-site-content-layout":"default","site-content-style":"default","site-sidebar-style":"default","ast-global-header-display":"","ast-banner-title-visibility":"","ast-main-header-display":"","ast-hfb-above-header-display":"","ast-hfb-below-header-display":"","ast-hfb-mobile-header-display":"","site-post-title":"","ast-breadcrumbs-content":"","ast-featured-img":"","footer-sml-layout":"","ast-disable-related-posts":"","theme-transparent-header-meta":"default","adv-header-id-meta":"","stick-header-meta":"default","header-above-stick-meta":"","header-main-stick-meta":"","header-below-stick-meta":"","astra-migrate-meta-layouts":"set","ast-page-background-enabled":"default","ast-page-background-meta":{"desktop":{"background-color":"","background-image":"","background-repeat":"repeat","background-position":"center center","background-size":"auto","background-attachment":"scroll","background-type":"","background-media":"","overlay-type":"","overlay-color":"","overlay-opacity":"","overlay-gradient":""},"tablet":{"background-color":"","background-image":"","background-repeat":"repeat","background-position":"center center","background-size":"auto","background-attachment":"scroll","background-type":"","background-media":"","overlay-type":"","overlay-color":"","overlay-opacity":"","overlay-gradient":""},"mobile":{"background-color":"","background-image":"","background-repeat":"repeat","background-position":"center center","background-size":"auto","background-attachment":"scroll","background-type":"","background-media":"","overlay-type":"","overlay-color":"","overlay-opacity":"","overlay-gradient":""}},"ast-content-background-meta":{"desktop":{"background-color":"var(--ast-global-color-5)","background-image":"","background-repeat":"repeat","background-position":"center center","background-size":"auto","background-attachment":"scroll","background-type":"","background-media":"","overlay-type":"","overlay-color":"","overlay-opacity":"","overlay-gradient":""},"tablet":{"background-color":"var(--ast-global-color-5)","background-image":"","background-repeat":"repeat","background-position":"center center","background-size":"auto","background-attachment":"scroll","background-type":"","background-media":"","overlay-type":"","overlay-color":"","overlay-opacity":"","overlay-gradient":""},"mobile":{"background-color":"var(--ast-global-color-5)","background-image":"","background-repeat":"repeat","background-position":"center center","background-size":"auto","background-attachment":"scroll","background-type":"","background-media":"","overlay-type":"","overlay-color":"","overlay-opacity":"","overlay-gradient":""}}},"product_brand":[1624],"product_cat":[404],"product_tag":[1232,1233,1227,1240,1226,1235,1228,1238,1230,1236,1229,1237,1234,1231,1239],"class_list":{"0":"post-9068","1":"product","2":"type-product","3":"status-publish","4":"has-post-thumbnail","6":"product_brand-photosound","7":"product_cat-photoakustik-ultraschall","8":"product_tag-125-ms-s-abtastrate","9":"product_tag-16-bit-analog-digital-wandler","10":"product_tag-16-kanal-adc","11":"product_tag-echtzeit-datenerfassungssystem","12":"product_tag-flash-16-adc-system","13":"product_tag-fpga-basierte-signalverarbeitung","14":"product_tag-hochgeschwindigkeits-datenerfassung","15":"product_tag-kompaktes-adc-modul","16":"product_tag-mikroskopie-datenerfassung","17":"product_tag-pcie-adc-schnittstelle","18":"product_tag-photoakustik-adc","19":"product_tag-qsfp-hochgeschwindigkeitsuebertragung","20":"product_tag-rauscharmes-adc-system","21":"product_tag-scananwendungen-adc","22":"product_tag-variable-verstaerkung-adc","23":"desktop-align-left","24":"tablet-align-center","25":"mobile-align-center","26":"ast-product-gallery-layout-horizontal-slider","27":"ast-product-gallery-with-no-image","28":"ast-magnify-disabled","29":"ast-product-tabs-layout-horizontal","31":"first","32":"instock","33":"virtual","34":"sold-individually","35":"purchasable","36":"product-type-simple"},"acf":[],"yoast_head":"<!-- This site is optimized with the Yoast SEO Premium plugin v27.2 (Yoast SEO v27.4) - https:\/\/yoast.com\/product\/yoast-seo-premium-wordpress\/ -->\n<title>Flash 16 ADC - Soliton<\/title>\n<meta name=\"description\" content=\"Flash 16 ADC \u2013 Hochgeschwindigkeits-Datenerfassungssystem f\u00fcr Photoakustik &amp; Mikroskopie. 125 MS\/s, 16-Bit-Aufl\u00f6sung, kompakte Bauweise.\" \/>\n<meta name=\"robots\" content=\"index, follow, max-snippet:-1, max-image-preview:large, max-video-preview:-1\" \/>\n<link rel=\"canonical\" href=\"https:\/\/soliton-gmbh.de\/en\/product\/flash-16-adc\/\" \/>\n<meta property=\"og:locale\" content=\"en_US\" \/>\n<meta property=\"og:type\" content=\"article\" \/>\n<meta property=\"og:title\" content=\"Flash 16 ADC\" \/>\n<meta property=\"og:description\" content=\"Flash 16 ADC \u2013 Hochgeschwindigkeits-Datenerfassungssystem f\u00fcr Photoakustik &amp; Mikroskopie. 125 MS\/s, 16-Bit-Aufl\u00f6sung, kompakte Bauweise.\" \/>\n<meta property=\"og:url\" content=\"https:\/\/soliton-gmbh.de\/en\/product\/flash-16-adc\/\" \/>\n<meta property=\"og:site_name\" content=\"Soliton Laser- und Messtechnik GmbH\" \/>\n<meta property=\"article:modified_time\" content=\"2026-04-14T22:02:13+00:00\" \/>\n<meta property=\"og:image\" content=\"https:\/\/soliton-gmbh.de\/wp-content\/uploads\/2025\/02\/F16.jpg\" \/>\n\t<meta property=\"og:image:width\" content=\"1500\" \/>\n\t<meta property=\"og:image:height\" content=\"1319\" \/>\n\t<meta property=\"og:image:type\" content=\"image\/jpeg\" \/>\n<meta name=\"twitter:card\" content=\"summary_large_image\" \/>\n<meta name=\"twitter:label1\" content=\"Price\" \/>\n\t<meta name=\"twitter:data1\" content=\"&euro;0.00\" \/>\n\t<meta name=\"twitter:label2\" content=\"Availability\" \/>\n\t<meta name=\"twitter:data2\" content=\"In stock\" \/>\n<script type=\"application\/ld+json\" class=\"yoast-schema-graph\">{\"@context\":\"https:\\\/\\\/schema.org\",\"@graph\":[{\"@type\":\"WebPage\",\"@id\":\"https:\\\/\\\/soliton-gmbh.de\\\/produkt\\\/flash-16-adc\\\/\",\"url\":\"https:\\\/\\\/soliton-gmbh.de\\\/produkt\\\/flash-16-adc\\\/\",\"name\":\"Flash 16 ADC - Soliton\",\"isPartOf\":{\"@id\":\"https:\\\/\\\/soliton-gmbh.de\\\/#website\"},\"primaryImageOfPage\":{\"@id\":\"https:\\\/\\\/soliton-gmbh.de\\\/produkt\\\/flash-16-adc\\\/#primaryimage\"},\"image\":{\"@id\":\"https:\\\/\\\/soliton-gmbh.de\\\/produkt\\\/flash-16-adc\\\/#primaryimage\"},\"thumbnailUrl\":\"https:\\\/\\\/soliton-gmbh.de\\\/wp-content\\\/uploads\\\/2025\\\/02\\\/F16.jpg\",\"datePublished\":\"2025-02-05T14:58:50+00:00\",\"dateModified\":\"2026-04-14T22:02:13+00:00\",\"description\":\"Flash 16 ADC \u2013 Hochgeschwindigkeits-Datenerfassungssystem f\u00fcr Photoakustik & Mikroskopie. 125 MS\\\/s, 16-Bit-Aufl\u00f6sung, kompakte Bauweise.\",\"breadcrumb\":{\"@id\":\"https:\\\/\\\/soliton-gmbh.de\\\/produkt\\\/flash-16-adc\\\/#breadcrumb\"},\"inLanguage\":\"en-US\",\"potentialAction\":[{\"@type\":\"ReadAction\",\"target\":[\"https:\\\/\\\/soliton-gmbh.de\\\/produkt\\\/flash-16-adc\\\/\"]}]},{\"@type\":\"ImageObject\",\"inLanguage\":\"en-US\",\"@id\":\"https:\\\/\\\/soliton-gmbh.de\\\/produkt\\\/flash-16-adc\\\/#primaryimage\",\"url\":\"https:\\\/\\\/soliton-gmbh.de\\\/wp-content\\\/uploads\\\/2025\\\/02\\\/F16.jpg\",\"contentUrl\":\"https:\\\/\\\/soliton-gmbh.de\\\/wp-content\\\/uploads\\\/2025\\\/02\\\/F16.jpg\",\"width\":1500,\"height\":1319,\"caption\":\"Flash 16 ADC \u2013 Extrem schnelles 16-Kanal-Datenerfassungssystem mit 125 MS\\\/s Abtastrate, 16-Bit-Aufl\u00f6sung und kompakter Bauweise.\"},{\"@type\":\"BreadcrumbList\",\"@id\":\"https:\\\/\\\/soliton-gmbh.de\\\/produkt\\\/flash-16-adc\\\/#breadcrumb\",\"itemListElement\":[{\"@type\":\"ListItem\",\"position\":1,\"name\":\"Startseite\",\"item\":\"https:\\\/\\\/soliton-gmbh.de\\\/\"},{\"@type\":\"ListItem\",\"position\":2,\"name\":\"Produkte\",\"item\":\"https:\\\/\\\/soliton-gmbh.de\\\/produkte\\\/\"},{\"@type\":\"ListItem\",\"position\":3,\"name\":\"Flash 16 ADC\"}]},{\"@type\":\"WebSite\",\"@id\":\"https:\\\/\\\/soliton-gmbh.de\\\/#website\",\"url\":\"https:\\\/\\\/soliton-gmbh.de\\\/\",\"name\":\"Soliton Laser- und Messtechnik GmbH\",\"description\":\"\",\"publisher\":{\"@id\":\"https:\\\/\\\/soliton-gmbh.de\\\/#organization\"},\"potentialAction\":[{\"@type\":\"SearchAction\",\"target\":{\"@type\":\"EntryPoint\",\"urlTemplate\":\"https:\\\/\\\/soliton-gmbh.de\\\/?s={search_term_string}\"},\"query-input\":{\"@type\":\"PropertyValueSpecification\",\"valueRequired\":true,\"valueName\":\"search_term_string\"}}],\"inLanguage\":\"en-US\"},{\"@type\":\"Organization\",\"@id\":\"https:\\\/\\\/soliton-gmbh.de\\\/#organization\",\"name\":\"Soliton GmbH\",\"url\":\"https:\\\/\\\/soliton-gmbh.de\\\/\",\"logo\":{\"@type\":\"ImageObject\",\"inLanguage\":\"en-US\",\"@id\":\"https:\\\/\\\/soliton-gmbh.de\\\/#\\\/schema\\\/logo\\\/image\\\/\",\"url\":\"https:\\\/\\\/soliton-gmbh.de\\\/wp-content\\\/uploads\\\/2022\\\/08\\\/cropped-soliton-logo.png\",\"contentUrl\":\"https:\\\/\\\/soliton-gmbh.de\\\/wp-content\\\/uploads\\\/2022\\\/08\\\/cropped-soliton-logo.png\",\"width\":500,\"height\":350,\"caption\":\"Soliton GmbH\"},\"image\":{\"@id\":\"https:\\\/\\\/soliton-gmbh.de\\\/#\\\/schema\\\/logo\\\/image\\\/\"}}]}<\/script>\n<meta property=\"product:price:amount\" content=\"0.00\" \/>\n<meta property=\"product:price:currency\" content=\"EUR\" \/>\n<meta property=\"og:availability\" content=\"instock\" \/>\n<meta property=\"product:availability\" content=\"instock\" \/>\n<meta property=\"product:condition\" content=\"new\" \/>\n<!-- \/ Yoast SEO Premium plugin. -->","yoast_head_json":{"title":"Flash 16 ADC - Soliton","description":"Flash 16 ADC - High-speed data acquisition system for photoacoustics &amp; microscopy. 125 MS\/s, 16-bit resolution, compact design.","robots":{"index":"index","follow":"follow","max-snippet":"max-snippet:-1","max-image-preview":"max-image-preview:large","max-video-preview":"max-video-preview:-1"},"canonical":"https:\/\/soliton-gmbh.de\/en\/product\/flash-16-adc\/","og_locale":"en_US","og_type":"article","og_title":"Flash 16 ADC","og_description":"Flash 16 ADC \u2013 Hochgeschwindigkeits-Datenerfassungssystem f\u00fcr Photoakustik & Mikroskopie. 125 MS\/s, 16-Bit-Aufl\u00f6sung, kompakte Bauweise.","og_url":"https:\/\/soliton-gmbh.de\/en\/product\/flash-16-adc\/","og_site_name":"Soliton Laser- und Messtechnik GmbH","article_modified_time":"2026-04-14T22:02:13+00:00","og_image":[{"width":1500,"height":1319,"url":"https:\/\/soliton-gmbh.de\/wp-content\/uploads\/2025\/02\/F16.jpg","type":"image\/jpeg"}],"twitter_card":"summary_large_image","twitter_misc":{"Price":"&euro;0.00","Availability":"In stock"},"schema":{"@context":"https:\/\/schema.org","@graph":[{"@type":"WebPage","@id":"https:\/\/soliton-gmbh.de\/produkt\/flash-16-adc\/","url":"https:\/\/soliton-gmbh.de\/produkt\/flash-16-adc\/","name":"Flash 16 ADC - Soliton","isPartOf":{"@id":"https:\/\/soliton-gmbh.de\/#website"},"primaryImageOfPage":{"@id":"https:\/\/soliton-gmbh.de\/produkt\/flash-16-adc\/#primaryimage"},"image":{"@id":"https:\/\/soliton-gmbh.de\/produkt\/flash-16-adc\/#primaryimage"},"thumbnailUrl":"https:\/\/soliton-gmbh.de\/wp-content\/uploads\/2025\/02\/F16.jpg","datePublished":"2025-02-05T14:58:50+00:00","dateModified":"2026-04-14T22:02:13+00:00","description":"Flash 16 ADC - High-speed data acquisition system for photoacoustics &amp; microscopy. 125 MS\/s, 16-bit resolution, compact design.","breadcrumb":{"@id":"https:\/\/soliton-gmbh.de\/produkt\/flash-16-adc\/#breadcrumb"},"inLanguage":"en-US","potentialAction":[{"@type":"ReadAction","target":["https:\/\/soliton-gmbh.de\/produkt\/flash-16-adc\/"]}]},{"@type":"ImageObject","inLanguage":"en-US","@id":"https:\/\/soliton-gmbh.de\/produkt\/flash-16-adc\/#primaryimage","url":"https:\/\/soliton-gmbh.de\/wp-content\/uploads\/2025\/02\/F16.jpg","contentUrl":"https:\/\/soliton-gmbh.de\/wp-content\/uploads\/2025\/02\/F16.jpg","width":1500,"height":1319,"caption":"Flash 16 ADC \u2013 Extrem schnelles 16-Kanal-Datenerfassungssystem mit 125 MS\/s Abtastrate, 16-Bit-Aufl\u00f6sung und kompakter Bauweise."},{"@type":"BreadcrumbList","@id":"https:\/\/soliton-gmbh.de\/produkt\/flash-16-adc\/#breadcrumb","itemListElement":[{"@type":"ListItem","position":1,"name":"Startseite","item":"https:\/\/soliton-gmbh.de\/"},{"@type":"ListItem","position":2,"name":"Produkte","item":"https:\/\/soliton-gmbh.de\/produkte\/"},{"@type":"ListItem","position":3,"name":"Flash 16 ADC"}]},{"@type":"WebSite","@id":"https:\/\/soliton-gmbh.de\/#website","url":"https:\/\/soliton-gmbh.de\/","name":"Soliton Laser- und Messtechnik GmbH","description":"","publisher":{"@id":"https:\/\/soliton-gmbh.de\/#organization"},"potentialAction":[{"@type":"SearchAction","target":{"@type":"EntryPoint","urlTemplate":"https:\/\/soliton-gmbh.de\/?s={search_term_string}"},"query-input":{"@type":"PropertyValueSpecification","valueRequired":true,"valueName":"search_term_string"}}],"inLanguage":"en-US"},{"@type":"Organization","@id":"https:\/\/soliton-gmbh.de\/#organization","name":"Soliton GmbH","url":"https:\/\/soliton-gmbh.de\/","logo":{"@type":"ImageObject","inLanguage":"en-US","@id":"https:\/\/soliton-gmbh.de\/#\/schema\/logo\/image\/","url":"https:\/\/soliton-gmbh.de\/wp-content\/uploads\/2022\/08\/cropped-soliton-logo.png","contentUrl":"https:\/\/soliton-gmbh.de\/wp-content\/uploads\/2022\/08\/cropped-soliton-logo.png","width":500,"height":350,"caption":"Soliton GmbH"},"image":{"@id":"https:\/\/soliton-gmbh.de\/#\/schema\/logo\/image\/"}}]},"product_price_amount":"0.00","product_price_currency":"EUR","og_availability":"instock","product_availability":"instock","product_condition":"new"},"uagb_featured_image_src":{"full":["https:\/\/soliton-gmbh.de\/wp-content\/uploads\/2025\/02\/F16.jpg",1500,1319,false],"thumbnail":["https:\/\/soliton-gmbh.de\/wp-content\/uploads\/2025\/02\/F16-150x150.jpg",150,150,true],"medium":["https:\/\/soliton-gmbh.de\/wp-content\/uploads\/2025\/02\/F16-300x264.jpg",300,264,true],"medium_large":["https:\/\/soliton-gmbh.de\/wp-content\/uploads\/2025\/02\/F16-768x675.jpg",768,675,true],"large":["https:\/\/soliton-gmbh.de\/wp-content\/uploads\/2025\/02\/F16-1024x900.jpg",1024,900,true],"1536x1536":["https:\/\/soliton-gmbh.de\/wp-content\/uploads\/2025\/02\/F16.jpg",1500,1319,false],"2048x2048":["https:\/\/soliton-gmbh.de\/wp-content\/uploads\/2025\/02\/F16.jpg",1500,1319,false],"trp-custom-language-flag":["https:\/\/soliton-gmbh.de\/wp-content\/uploads\/2025\/02\/F16-14x12.jpg",14,12,true],"woocommerce_thumbnail":["https:\/\/soliton-gmbh.de\/wp-content\/uploads\/2025\/02\/F16-600x528.jpg",600,528,true],"woocommerce_single":["https:\/\/soliton-gmbh.de\/wp-content\/uploads\/2025\/02\/F16-1200x1055.jpg",1200,1055,true],"woocommerce_gallery_thumbnail":["https:\/\/soliton-gmbh.de\/wp-content\/uploads\/2025\/02\/F16-300x300.jpg",300,300,true]},"uagb_author_info":{"display_name":"Jonas Vogler","author_link":"https:\/\/soliton-gmbh.de\/en\/author\/"},"uagb_comment_info":0,"uagb_excerpt":"16-Bit Aufl\u00f6sung 125 MSPS Abtastrate 2,2 M\u03a9 Eingangsimpedanz (optionaler Verst\u00e4rker) Rauscharme, einstellbare Verst\u00e4rkung Geringer Stromverbrauch Leicht und kompakt mit ausgekl\u00fcgeltem Design Photoakustik Photoakustische Mikroskopie Scananwendungen","_links":{"self":[{"href":"https:\/\/soliton-gmbh.de\/en\/wp-json\/wp\/v2\/product\/9068","targetHints":{"allow":["GET"]}}],"collection":[{"href":"https:\/\/soliton-gmbh.de\/en\/wp-json\/wp\/v2\/product"}],"about":[{"href":"https:\/\/soliton-gmbh.de\/en\/wp-json\/wp\/v2\/types\/product"}],"wp:featuredmedia":[{"embeddable":true,"href":"https:\/\/soliton-gmbh.de\/en\/wp-json\/wp\/v2\/media\/9114"}],"wp:attachment":[{"href":"https:\/\/soliton-gmbh.de\/en\/wp-json\/wp\/v2\/media?parent=9068"}],"wp:term":[{"taxonomy":"product_brand","embeddable":true,"href":"https:\/\/soliton-gmbh.de\/en\/wp-json\/wp\/v2\/product_brand?post=9068"},{"taxonomy":"product_cat","embeddable":true,"href":"https:\/\/soliton-gmbh.de\/en\/wp-json\/wp\/v2\/product_cat?post=9068"},{"taxonomy":"product_tag","embeddable":true,"href":"https:\/\/soliton-gmbh.de\/en\/wp-json\/wp\/v2\/product_tag?post=9068"}],"curies":[{"name":"wp","href":"https:\/\/api.w.org\/{rel}","templated":true}]}}