{"id":9065,"date":"2025-02-05T15:45:35","date_gmt":"2025-02-05T14:45:35","guid":{"rendered":"https:\/\/soliton-gmbh.de\/?post_type=product&#038;p=9065"},"modified":"2026-04-15T23:48:22","modified_gmt":"2026-04-15T21:48:22","slug":"legion-adc-hd","status":"publish","type":"product","link":"https:\/\/soliton-gmbh.de\/en\/produkt\/legion-adc-hd\/","title":{"rendered":"LEGION ADC HD"},"content":{"rendered":"<p>The <strong>LEGION ADC HD<\/strong> is a state-of-the-art <strong>128-channel analog-to-digital converter<\/strong>, the one <strong>fully parallel signal processing<\/strong> Thanks to the <strong>continuous data acquisition without buffering or multiplexing<\/strong> The system delivers highly precise measurement results for <strong>ultrasound and photoacoustic applications<\/strong>.<\/p>\n<p>With the <strong>LEGION ADC HD<\/strong> can <strong>Output trigger signals are specifically defined<\/strong> and <strong>signal delays<\/strong> can be defined individually at the entrance. The system supports <strong>128-element detectors<\/strong>, while through <strong>modular extensions up to 8160 channels<\/strong> can be realized. <strong>By default, four units can be combined<\/strong>, whereby an additional <strong>Synchronization hub up to 16 units can be linked<\/strong> are.<\/p>\n<h4><strong>Digital preamplification for optimized signal quality<\/strong><\/h4>\n<p>Incoming <strong>analog signals<\/strong> are using integrated <strong>digitally controlled preamplifier<\/strong> on each channel <strong>40 dB amplified<\/strong>This ensures a <strong>excellent signal quality<\/strong> and reduces noise to a minimum. <strong>By request<\/strong> is the <strong>LEGION ADC HD<\/strong> also <strong>available without housing<\/strong>so that users <strong>customized photoacoustic arrays<\/strong> can integrate.<\/p>\n<h4><strong>Advanced data transfer with the ARC Card<\/strong><\/h4>\n<p>For maximum <strong>performance and efficiency<\/strong> offers <strong>Photosound<\/strong> a specially developed <strong>data acquisition card<\/strong> This is connected to the <strong>LEGION ADC128-80<\/strong> and the <strong>LEGION ADC16-125<\/strong> compatible and increases the <strong>Data transfer far beyond the USB3 limits<\/strong>In addition, the card increases the <strong>Working distance between the ADC and the receiver PC<\/strong>, which improves flexibility in use.<\/p>\n<p>The <strong>ARC Card<\/strong> is an essential accessory for the <strong>LEGION ADC HD<\/strong> and offers the following <strong>interfaces and configurations<\/strong>:<\/p>\n<ul>\n<li><strong>2\u00d7 QSFP+ (custom configurations enabled) to PCIe Gen4 x4<\/strong><\/li>\n<li><strong>XCAU15P-2FFVB676 Artix-Ultrascale+ with DDR buffer<\/strong><\/li>\n<li><strong>Electrical trigger on\/off without delay<\/strong><\/li>\n<li><strong>Optical trigger input<\/strong><\/li>\n<\/ul>\n<h4><strong>Contact<\/strong><\/h4>\n<p>Do you have any questions about <strong>LEGION ADC HD<\/strong> or do you need a tailor-made solution for your application? <strong>Please feel free to contact us<\/strong> \u2013 our team of experts will advise you comprehensively and help you find the optimal configuration for your requirements.<\/p>","protected":false},"excerpt":{"rendered":"<p><a href=\"https:\/\/soliton-gmbh.de\/wp-content\/uploads\/2023\/06\/PS_logo.jpg\"><img loading=\"lazy\" decoding=\"async\" class=\"alignnone wp-image-6101\" src=\"https:\/\/soliton-gmbh.de\/wp-content\/uploads\/2023\/06\/PS_logo.jpg\" alt=\"\" width=\"198\" height=\"53\" srcset=\"https:\/\/soliton-gmbh.de\/wp-content\/uploads\/2023\/06\/PS_logo.jpg 1000w, https:\/\/soliton-gmbh.de\/wp-content\/uploads\/2023\/06\/PS_logo-600x161.jpg 600w, https:\/\/soliton-gmbh.de\/wp-content\/uploads\/2023\/06\/PS_logo-300x80.jpg 300w, https:\/\/soliton-gmbh.de\/wp-content\/uploads\/2023\/06\/PS_logo-768x206.jpg 768w, https:\/\/soliton-gmbh.de\/wp-content\/uploads\/2023\/06\/PS_logo-18x5.jpg 18w\" sizes=\"auto, (max-width: 198px) 100vw, 198px\" \/><\/a><\/p>\n<ul>\n<li>12-bit resolution40<\/li>\n<li>80 MSPS sampling rate<\/li>\n<li>50 \u03a9 input impedance (with preamplifier 2.2 M\u03a9)<\/li>\n<li>Up to 48 dB gain<\/li>\n<li>Maximum 8160 points\/frame\/channel<\/li>\n<li><span style=\"font-size: 16px;\">Up to a maximum of 200 Hz trigger\/frame rate<\/span><\/li>\n<li>12.5 kHz to 30 MHz analog bandwidth<\/li>\n<li>Contact plug Cannon QLC260\/DLM260 or custom-made<\/li>\n<li>light and compact with sophisticated design<\/li>\n<li>MATLAB-based control software<\/li>\n<li>SDK IN C# with access to raw data<\/li>\n<\/ul>","protected":false},"featured_media":6100,"template":"","meta":{"_acf_changed":false,"_uag_custom_page_level_css":"","site-sidebar-layout":"default","site-content-layout":"default","ast-site-content-layout":"default","site-content-style":"default","site-sidebar-style":"default","ast-global-header-display":"","ast-banner-title-visibility":"","ast-main-header-display":"","ast-hfb-above-header-display":"","ast-hfb-below-header-display":"","ast-hfb-mobile-header-display":"","site-post-title":"","ast-breadcrumbs-content":"","ast-featured-img":"","footer-sml-layout":"","ast-disable-related-posts":"","theme-transparent-header-meta":"default","adv-header-id-meta":"","stick-header-meta":"default","header-above-stick-meta":"","header-main-stick-meta":"","header-below-stick-meta":"","astra-migrate-meta-layouts":"set","ast-page-background-enabled":"default","ast-page-background-meta":{"desktop":{"background-color":"","background-image":"","background-repeat":"repeat","background-position":"center center","background-size":"auto","background-attachment":"scroll","background-type":"","background-media":"","overlay-type":"","overlay-color":"","overlay-opacity":"","overlay-gradient":""},"tablet":{"background-color":"","background-image":"","background-repeat":"repeat","background-position":"center center","background-size":"auto","background-attachment":"scroll","background-type":"","background-media":"","overlay-type":"","overlay-color":"","overlay-opacity":"","overlay-gradient":""},"mobile":{"background-color":"","background-image":"","background-repeat":"repeat","background-position":"center center","background-size":"auto","background-attachment":"scroll","background-type":"","background-media":"","overlay-type":"","overlay-color":"","overlay-opacity":"","overlay-gradient":""}},"ast-content-background-meta":{"desktop":{"background-color":"var(--ast-global-color-5)","background-image":"","background-repeat":"repeat","background-position":"center center","background-size":"auto","background-attachment":"scroll","background-type":"","background-media":"","overlay-type":"","overlay-color":"","overlay-opacity":"","overlay-gradient":""},"tablet":{"background-color":"var(--ast-global-color-5)","background-image":"","background-repeat":"repeat","background-position":"center center","background-size":"auto","background-attachment":"scroll","background-type":"","background-media":"","overlay-type":"","overlay-color":"","overlay-opacity":"","overlay-gradient":""},"mobile":{"background-color":"var(--ast-global-color-5)","background-image":"","background-repeat":"repeat","background-position":"center center","background-size":"auto","background-attachment":"scroll","background-type":"","background-media":"","overlay-type":"","overlay-color":"","overlay-opacity":"","overlay-gradient":""}}},"product_brand":[1624],"product_cat":[29,371,404],"product_tag":[1216,1220,1225,1211,1217,1219,1222,1215,1210,1221,1212,1204,1224,1223,1218],"class_list":{"0":"post-9065","1":"product","2":"type-product","3":"status-publish","4":"has-post-thumbnail","6":"product_brand-photosound","7":"product_cat-maschinen-und-komponenten","8":"product_cat-elektronikkomponenten","9":"product_cat-photoakustik-ultraschall","10":"product_tag-128-kanal-adc","11":"product_tag-digitale-vorverstaerkung","12":"product_tag-echtzeit-datenverarbeitung","13":"product_tag-fpga-basierter-adc","14":"product_tag-hochaufloesender-analog-digital-wandler","15":"product_tag-hochgeschwindigkeits-adc","16":"product_tag-hochpraezise-signalverarbeitung","17":"product_tag-legion-adc-hd-system","18":"product_tag-multi-kanal-datenerfassung","19":"product_tag-optischer-trigger-eingang","20":"product_tag-pcie-adc-system","21":"product_tag-photoakustik-datenerfassung","22":"product_tag-skalierbares-adc-system","23":"product_tag-ultraschall-und-photoakustik-adc","24":"product_tag-ultraschall-adc","25":"desktop-align-left","26":"tablet-align-center","27":"mobile-align-center","28":"ast-product-gallery-layout-horizontal-slider","29":"ast-magnify-disabled","30":"ast-product-tabs-layout-horizontal","32":"first","33":"instock","34":"virtual","35":"sold-individually","36":"purchasable","37":"product-type-simple"},"acf":[],"yoast_head":"<!-- This site is optimized with the Yoast SEO Premium plugin v27.2 (Yoast SEO v27.4) - https:\/\/yoast.com\/product\/yoast-seo-premium-wordpress\/ -->\n<title>LEGION ADC HD - Soliton<\/title>\n<meta name=\"description\" content=\"LEGION ADC HD \u2013 128-Kanal Analog-Digital-Wandler mit digital gesteuerter Vorverst\u00e4rkung. Skalierbar bis 8160 Kan\u00e4le. Hochpr\u00e4zise Datenerfassung.\" \/>\n<meta name=\"robots\" content=\"index, follow, max-snippet:-1, max-image-preview:large, max-video-preview:-1\" \/>\n<link rel=\"canonical\" href=\"https:\/\/soliton-gmbh.de\/en\/product\/legion-adc-hd\/\" \/>\n<meta property=\"og:locale\" content=\"en_US\" \/>\n<meta property=\"og:type\" content=\"article\" \/>\n<meta property=\"og:title\" content=\"LEGION ADC HD\" \/>\n<meta property=\"og:description\" content=\"LEGION ADC HD \u2013 128-Kanal Analog-Digital-Wandler mit digital gesteuerter Vorverst\u00e4rkung. Skalierbar bis 8160 Kan\u00e4le. Hochpr\u00e4zise Datenerfassung.\" \/>\n<meta property=\"og:url\" content=\"https:\/\/soliton-gmbh.de\/en\/product\/legion-adc-hd\/\" \/>\n<meta property=\"og:site_name\" content=\"Soliton Laser- und Messtechnik GmbH\" \/>\n<meta property=\"article:modified_time\" content=\"2026-04-15T21:48:22+00:00\" \/>\n<meta property=\"og:image\" content=\"https:\/\/soliton-gmbh.de\/wp-content\/uploads\/2023\/06\/PS1.jpg\" \/>\n\t<meta property=\"og:image:width\" content=\"2295\" \/>\n\t<meta property=\"og:image:height\" content=\"1707\" \/>\n\t<meta property=\"og:image:type\" content=\"image\/jpeg\" \/>\n<meta name=\"twitter:card\" content=\"summary_large_image\" \/>\n<meta name=\"twitter:label1\" content=\"Price\" \/>\n\t<meta name=\"twitter:data1\" content=\"&euro;0.00\" \/>\n\t<meta name=\"twitter:label2\" content=\"Availability\" \/>\n\t<meta name=\"twitter:data2\" content=\"In stock\" \/>\n<script type=\"application\/ld+json\" class=\"yoast-schema-graph\">{\"@context\":\"https:\\\/\\\/schema.org\",\"@graph\":[{\"@type\":\"WebPage\",\"@id\":\"https:\\\/\\\/soliton-gmbh.de\\\/produkt\\\/legion-adc-hd\\\/\",\"url\":\"https:\\\/\\\/soliton-gmbh.de\\\/produkt\\\/legion-adc-hd\\\/\",\"name\":\"LEGION ADC HD - Soliton\",\"isPartOf\":{\"@id\":\"https:\\\/\\\/soliton-gmbh.de\\\/#website\"},\"primaryImageOfPage\":{\"@id\":\"https:\\\/\\\/soliton-gmbh.de\\\/produkt\\\/legion-adc-hd\\\/#primaryimage\"},\"image\":{\"@id\":\"https:\\\/\\\/soliton-gmbh.de\\\/produkt\\\/legion-adc-hd\\\/#primaryimage\"},\"thumbnailUrl\":\"https:\\\/\\\/soliton-gmbh.de\\\/wp-content\\\/uploads\\\/2023\\\/06\\\/PS1.jpg\",\"datePublished\":\"2025-02-05T14:45:35+00:00\",\"dateModified\":\"2026-04-15T21:48:22+00:00\",\"description\":\"LEGION ADC HD \u2013 128-Kanal Analog-Digital-Wandler mit digital gesteuerter Vorverst\u00e4rkung. Skalierbar bis 8160 Kan\u00e4le. Hochpr\u00e4zise Datenerfassung.\",\"breadcrumb\":{\"@id\":\"https:\\\/\\\/soliton-gmbh.de\\\/produkt\\\/legion-adc-hd\\\/#breadcrumb\"},\"inLanguage\":\"en-US\",\"potentialAction\":[{\"@type\":\"ReadAction\",\"target\":[\"https:\\\/\\\/soliton-gmbh.de\\\/produkt\\\/legion-adc-hd\\\/\"]}]},{\"@type\":\"ImageObject\",\"inLanguage\":\"en-US\",\"@id\":\"https:\\\/\\\/soliton-gmbh.de\\\/produkt\\\/legion-adc-hd\\\/#primaryimage\",\"url\":\"https:\\\/\\\/soliton-gmbh.de\\\/wp-content\\\/uploads\\\/2023\\\/06\\\/PS1.jpg\",\"contentUrl\":\"https:\\\/\\\/soliton-gmbh.de\\\/wp-content\\\/uploads\\\/2023\\\/06\\\/PS1.jpg\",\"width\":2295,\"height\":1707,\"caption\":\"LEGION ADC HD \u2013 Hochaufl\u00f6sender 128-Kanal Analog-Digital-Wandler f\u00fcr Ultraschall- und Photoakustikanwendungen mit skalierbarer Architektur.\"},{\"@type\":\"BreadcrumbList\",\"@id\":\"https:\\\/\\\/soliton-gmbh.de\\\/produkt\\\/legion-adc-hd\\\/#breadcrumb\",\"itemListElement\":[{\"@type\":\"ListItem\",\"position\":1,\"name\":\"Startseite\",\"item\":\"https:\\\/\\\/soliton-gmbh.de\\\/\"},{\"@type\":\"ListItem\",\"position\":2,\"name\":\"Produkte\",\"item\":\"https:\\\/\\\/soliton-gmbh.de\\\/produkte\\\/\"},{\"@type\":\"ListItem\",\"position\":3,\"name\":\"LEGION ADC HD\"}]},{\"@type\":\"WebSite\",\"@id\":\"https:\\\/\\\/soliton-gmbh.de\\\/#website\",\"url\":\"https:\\\/\\\/soliton-gmbh.de\\\/\",\"name\":\"Soliton Laser- und Messtechnik GmbH\",\"description\":\"\",\"publisher\":{\"@id\":\"https:\\\/\\\/soliton-gmbh.de\\\/#organization\"},\"potentialAction\":[{\"@type\":\"SearchAction\",\"target\":{\"@type\":\"EntryPoint\",\"urlTemplate\":\"https:\\\/\\\/soliton-gmbh.de\\\/?s={search_term_string}\"},\"query-input\":{\"@type\":\"PropertyValueSpecification\",\"valueRequired\":true,\"valueName\":\"search_term_string\"}}],\"inLanguage\":\"en-US\"},{\"@type\":\"Organization\",\"@id\":\"https:\\\/\\\/soliton-gmbh.de\\\/#organization\",\"name\":\"Soliton GmbH\",\"url\":\"https:\\\/\\\/soliton-gmbh.de\\\/\",\"logo\":{\"@type\":\"ImageObject\",\"inLanguage\":\"en-US\",\"@id\":\"https:\\\/\\\/soliton-gmbh.de\\\/#\\\/schema\\\/logo\\\/image\\\/\",\"url\":\"https:\\\/\\\/soliton-gmbh.de\\\/wp-content\\\/uploads\\\/2022\\\/08\\\/cropped-soliton-logo.png\",\"contentUrl\":\"https:\\\/\\\/soliton-gmbh.de\\\/wp-content\\\/uploads\\\/2022\\\/08\\\/cropped-soliton-logo.png\",\"width\":500,\"height\":350,\"caption\":\"Soliton GmbH\"},\"image\":{\"@id\":\"https:\\\/\\\/soliton-gmbh.de\\\/#\\\/schema\\\/logo\\\/image\\\/\"}}]}<\/script>\n<meta property=\"product:price:amount\" content=\"0.00\" \/>\n<meta property=\"product:price:currency\" content=\"EUR\" \/>\n<meta property=\"og:availability\" content=\"instock\" \/>\n<meta property=\"product:availability\" content=\"instock\" \/>\n<meta property=\"product:condition\" content=\"new\" \/>\n<!-- \/ Yoast SEO Premium plugin. -->","yoast_head_json":{"title":"LEGION ADC HD - Soliton","description":"LEGION ADC HD - 128-channel analog-to-digital converter with digitally controlled pre-amplification. Scalable up to 8160 channels. High-precision data acquisition.","robots":{"index":"index","follow":"follow","max-snippet":"max-snippet:-1","max-image-preview":"max-image-preview:large","max-video-preview":"max-video-preview:-1"},"canonical":"https:\/\/soliton-gmbh.de\/en\/product\/legion-adc-hd\/","og_locale":"en_US","og_type":"article","og_title":"LEGION ADC HD","og_description":"LEGION ADC HD \u2013 128-Kanal Analog-Digital-Wandler mit digital gesteuerter Vorverst\u00e4rkung. Skalierbar bis 8160 Kan\u00e4le. Hochpr\u00e4zise Datenerfassung.","og_url":"https:\/\/soliton-gmbh.de\/en\/product\/legion-adc-hd\/","og_site_name":"Soliton Laser- und Messtechnik GmbH","article_modified_time":"2026-04-15T21:48:22+00:00","og_image":[{"width":2295,"height":1707,"url":"https:\/\/soliton-gmbh.de\/wp-content\/uploads\/2023\/06\/PS1.jpg","type":"image\/jpeg"}],"twitter_card":"summary_large_image","twitter_misc":{"Price":"&euro;0.00","Availability":"In stock"},"schema":{"@context":"https:\/\/schema.org","@graph":[{"@type":"WebPage","@id":"https:\/\/soliton-gmbh.de\/produkt\/legion-adc-hd\/","url":"https:\/\/soliton-gmbh.de\/produkt\/legion-adc-hd\/","name":"LEGION ADC HD - Soliton","isPartOf":{"@id":"https:\/\/soliton-gmbh.de\/#website"},"primaryImageOfPage":{"@id":"https:\/\/soliton-gmbh.de\/produkt\/legion-adc-hd\/#primaryimage"},"image":{"@id":"https:\/\/soliton-gmbh.de\/produkt\/legion-adc-hd\/#primaryimage"},"thumbnailUrl":"https:\/\/soliton-gmbh.de\/wp-content\/uploads\/2023\/06\/PS1.jpg","datePublished":"2025-02-05T14:45:35+00:00","dateModified":"2026-04-15T21:48:22+00:00","description":"LEGION ADC HD - 128-channel analog-to-digital converter with digitally controlled pre-amplification. Scalable up to 8160 channels. High-precision data acquisition.","breadcrumb":{"@id":"https:\/\/soliton-gmbh.de\/produkt\/legion-adc-hd\/#breadcrumb"},"inLanguage":"en-US","potentialAction":[{"@type":"ReadAction","target":["https:\/\/soliton-gmbh.de\/produkt\/legion-adc-hd\/"]}]},{"@type":"ImageObject","inLanguage":"en-US","@id":"https:\/\/soliton-gmbh.de\/produkt\/legion-adc-hd\/#primaryimage","url":"https:\/\/soliton-gmbh.de\/wp-content\/uploads\/2023\/06\/PS1.jpg","contentUrl":"https:\/\/soliton-gmbh.de\/wp-content\/uploads\/2023\/06\/PS1.jpg","width":2295,"height":1707,"caption":"LEGION ADC HD \u2013 Hochaufl\u00f6sender 128-Kanal Analog-Digital-Wandler f\u00fcr Ultraschall- und Photoakustikanwendungen mit skalierbarer Architektur."},{"@type":"BreadcrumbList","@id":"https:\/\/soliton-gmbh.de\/produkt\/legion-adc-hd\/#breadcrumb","itemListElement":[{"@type":"ListItem","position":1,"name":"Startseite","item":"https:\/\/soliton-gmbh.de\/"},{"@type":"ListItem","position":2,"name":"Produkte","item":"https:\/\/soliton-gmbh.de\/produkte\/"},{"@type":"ListItem","position":3,"name":"LEGION ADC HD"}]},{"@type":"WebSite","@id":"https:\/\/soliton-gmbh.de\/#website","url":"https:\/\/soliton-gmbh.de\/","name":"Soliton Laser- und Messtechnik GmbH","description":"","publisher":{"@id":"https:\/\/soliton-gmbh.de\/#organization"},"potentialAction":[{"@type":"SearchAction","target":{"@type":"EntryPoint","urlTemplate":"https:\/\/soliton-gmbh.de\/?s={search_term_string}"},"query-input":{"@type":"PropertyValueSpecification","valueRequired":true,"valueName":"search_term_string"}}],"inLanguage":"en-US"},{"@type":"Organization","@id":"https:\/\/soliton-gmbh.de\/#organization","name":"Soliton GmbH","url":"https:\/\/soliton-gmbh.de\/","logo":{"@type":"ImageObject","inLanguage":"en-US","@id":"https:\/\/soliton-gmbh.de\/#\/schema\/logo\/image\/","url":"https:\/\/soliton-gmbh.de\/wp-content\/uploads\/2022\/08\/cropped-soliton-logo.png","contentUrl":"https:\/\/soliton-gmbh.de\/wp-content\/uploads\/2022\/08\/cropped-soliton-logo.png","width":500,"height":350,"caption":"Soliton GmbH"},"image":{"@id":"https:\/\/soliton-gmbh.de\/#\/schema\/logo\/image\/"}}]},"product_price_amount":"0.00","product_price_currency":"EUR","og_availability":"instock","product_availability":"instock","product_condition":"new"},"uagb_featured_image_src":{"full":["https:\/\/soliton-gmbh.de\/wp-content\/uploads\/2023\/06\/PS1.jpg",2295,1707,false],"thumbnail":["https:\/\/soliton-gmbh.de\/wp-content\/uploads\/2023\/06\/PS1-150x150.jpg",150,150,true],"medium":["https:\/\/soliton-gmbh.de\/wp-content\/uploads\/2023\/06\/PS1-300x223.jpg",300,223,true],"medium_large":["https:\/\/soliton-gmbh.de\/wp-content\/uploads\/2023\/06\/PS1-768x571.jpg",768,571,true],"large":["https:\/\/soliton-gmbh.de\/wp-content\/uploads\/2023\/06\/PS1-1024x762.jpg",1024,762,true],"1536x1536":["https:\/\/soliton-gmbh.de\/wp-content\/uploads\/2023\/06\/PS1-1536x1142.jpg",1536,1142,true],"2048x2048":["https:\/\/soliton-gmbh.de\/wp-content\/uploads\/2023\/06\/PS1-2048x1523.jpg",2048,1523,true],"trp-custom-language-flag":["https:\/\/soliton-gmbh.de\/wp-content\/uploads\/2023\/06\/PS1-16x12.jpg",16,12,true],"woocommerce_thumbnail":["https:\/\/soliton-gmbh.de\/wp-content\/uploads\/2023\/06\/PS1-600x446.jpg",600,446,true],"woocommerce_single":["https:\/\/soliton-gmbh.de\/wp-content\/uploads\/2023\/06\/PS1-1200x893.jpg",1200,893,true],"woocommerce_gallery_thumbnail":["https:\/\/soliton-gmbh.de\/wp-content\/uploads\/2023\/06\/PS1-300x300.jpg",300,300,true]},"uagb_author_info":{"display_name":"Jonas Vogler","author_link":"https:\/\/soliton-gmbh.de\/en\/author\/"},"uagb_comment_info":0,"uagb_excerpt":"12-Bit Aufl\u00f6sung40 80 MSPS Abtastrate 50 \u03a9 Eingangsimpedanz (mit Vorverst\u00e4rker 2,2 M\u03a9) Bis zu 48 dB Verst\u00e4rkung Maximal 8160 Punkte\/Frame\/Channel Bis zu maximal 200 Hz Trigger-\/Framerate 12,5 kHz bis 30 MHz analoge Bandbreite Kontaktstecker Cannon QLC260\/DLM260 oder Sonderanfertigung leicht und kompakt mit ausgekl\u00fcgeltem Design Steuersoftware auf MATLAB-Basis SDK IN C# mit Zugriff auf Rohdaten","_links":{"self":[{"href":"https:\/\/soliton-gmbh.de\/en\/wp-json\/wp\/v2\/product\/9065","targetHints":{"allow":["GET"]}}],"collection":[{"href":"https:\/\/soliton-gmbh.de\/en\/wp-json\/wp\/v2\/product"}],"about":[{"href":"https:\/\/soliton-gmbh.de\/en\/wp-json\/wp\/v2\/types\/product"}],"wp:featuredmedia":[{"embeddable":true,"href":"https:\/\/soliton-gmbh.de\/en\/wp-json\/wp\/v2\/media\/6100"}],"wp:attachment":[{"href":"https:\/\/soliton-gmbh.de\/en\/wp-json\/wp\/v2\/media?parent=9065"}],"wp:term":[{"taxonomy":"product_brand","embeddable":true,"href":"https:\/\/soliton-gmbh.de\/en\/wp-json\/wp\/v2\/product_brand?post=9065"},{"taxonomy":"product_cat","embeddable":true,"href":"https:\/\/soliton-gmbh.de\/en\/wp-json\/wp\/v2\/product_cat?post=9065"},{"taxonomy":"product_tag","embeddable":true,"href":"https:\/\/soliton-gmbh.de\/en\/wp-json\/wp\/v2\/product_tag?post=9065"}],"curies":[{"name":"wp","href":"https:\/\/api.w.org\/{rel}","templated":true}]}}