{"id":8829,"date":"2025-01-07T16:22:00","date_gmt":"2025-01-07T15:22:00","guid":{"rendered":"https:\/\/soliton-gmbh.de\/?post_type=product&#038;p=8829"},"modified":"2025-07-02T17:33:16","modified_gmt":"2025-07-02T15:33:16","slug":"variable-uv-waveplate","status":"publish","type":"product","link":"https:\/\/soliton-gmbh.de\/en\/produkt\/variable-uv-waveplate\/","title":{"rendered":"Variable Waveplate (UV)"},"content":{"rendered":"<p>The <strong>Variable UV waveplate<\/strong> from Meadowlark Optics extends the proven liquid crystal technology into the ultraviolet spectral range. While standard liquid crystal materials are susceptible to UV light damage at wavelengths below 450 nm, Meadowlark Optics has developed a new, UV-resistant material. This enables use at wavelengths up to 350 nm and ensures reliable performance even under demanding conditions.<\/p>\n<h4><strong>Diverse application possibilities and functions<\/strong><\/h4>\n<p>The Variable UV Waveplate can be flexibly adapted to customer-specific requirements and is ideal for applications such as:<\/p>\n<ul>\n<li><strong>Variable attenuators:<\/strong> For precise control of light intensity.<\/li>\n<li><strong>Polarization rotators:<\/strong> For an exact modification of the polarization direction.<\/li>\n<\/ul>\n<p>In addition, the UV waveplate is fully compatible with Meadowlark Optics&#039; standard range of liquid crystal controllers, allowing seamless integration into existing systems.<\/p>\n<h4><strong>Individual advice and solutions<\/strong><\/h4>\n<p>The Variable UV Waveplate offers an optimal solution for demanding optical applications in the UV range. Contact us for more information or for customization to your specific requirements. <a href=\"https:\/\/www.meadowlark.com\/shop\/liquid-crystal\/variable-waveplates\/uv-liquid-crystal-variable-retarder-waveplate\/\">meadowlark.com<\/a><\/p>","protected":false},"excerpt":{"rendered":"<p><a href=\"https:\/\/soliton-gmbh.de\/wp-content\/uploads\/2023\/02\/4C-MLO-Logo.png\"><img loading=\"lazy\" decoding=\"async\" class=\"alignnone wp-image-5337\" src=\"https:\/\/soliton-gmbh.de\/wp-content\/uploads\/2023\/02\/4C-MLO-Logo-300x60.png\" alt=\"Logo of the company Meadowlark Optics\" width=\"200\" height=\"40\" srcset=\"https:\/\/soliton-gmbh.de\/wp-content\/uploads\/2023\/02\/4C-MLO-Logo-300x60.png 300w, https:\/\/soliton-gmbh.de\/wp-content\/uploads\/2023\/02\/4C-MLO-Logo-600x120.png 600w, https:\/\/soliton-gmbh.de\/wp-content\/uploads\/2023\/02\/4C-MLO-Logo-1200x240.png 1200w, https:\/\/soliton-gmbh.de\/wp-content\/uploads\/2023\/02\/4C-MLO-Logo-1024x205.png 1024w, https:\/\/soliton-gmbh.de\/wp-content\/uploads\/2023\/02\/4C-MLO-Logo-768x154.png 768w, https:\/\/soliton-gmbh.de\/wp-content\/uploads\/2023\/02\/4C-MLO-Logo-18x4.png 18w, https:\/\/soliton-gmbh.de\/wp-content\/uploads\/2023\/02\/4C-MLO-Logo.png 1500w\" sizes=\"auto, (max-width: 200px) 100vw, 200px\" \/><\/a><\/p>\n<ul>\n<li>phase of amplitude modulation of the UV spectrum<\/li>\n<li>Analog modulation<\/li>\n<li>Non-mechanical polarization control<\/li>\n<li>Low absorption<\/li>\n<li>High UV tolerance LC<\/li>\n<\/ul>\n<p>Contact person: <a href=\"mailto:m.eib@soliton-gmbh.de\">Markus Eib, <\/a>Phone: 08105-779240<\/p>","protected":false},"featured_media":8830,"template":"","meta":{"_acf_changed":false,"_uag_custom_page_level_css":"","site-sidebar-layout":"default","site-content-layout":"","ast-site-content-layout":"default","site-content-style":"default","site-sidebar-style":"default","ast-global-header-display":"","ast-banner-title-visibility":"","ast-main-header-display":"","ast-hfb-above-header-display":"","ast-hfb-below-header-display":"","ast-hfb-mobile-header-display":"","site-post-title":"","ast-breadcrumbs-content":"","ast-featured-img":"","footer-sml-layout":"","ast-disable-related-posts":"","theme-transparent-header-meta":"default","adv-header-id-meta":"","stick-header-meta":"default","header-above-stick-meta":"","header-main-stick-meta":"","header-below-stick-meta":"","astra-migrate-meta-layouts":"set","ast-page-background-enabled":"default","ast-page-background-meta":{"desktop":{"background-color":"","background-image":"","background-repeat":"repeat","background-position":"center center","background-size":"auto","background-attachment":"scroll","background-type":"","background-media":"","overlay-type":"","overlay-color":"","overlay-opacity":"","overlay-gradient":""},"tablet":{"background-color":"","background-image":"","background-repeat":"repeat","background-position":"center center","background-size":"auto","background-attachment":"scroll","background-type":"","background-media":"","overlay-type":"","overlay-color":"","overlay-opacity":"","overlay-gradient":""},"mobile":{"background-color":"","background-image":"","background-repeat":"repeat","background-position":"center center","background-size":"auto","background-attachment":"scroll","background-type":"","background-media":"","overlay-type":"","overlay-color":"","overlay-opacity":"","overlay-gradient":""}},"ast-content-background-meta":{"desktop":{"background-color":"var(--ast-global-color-5)","background-image":"","background-repeat":"repeat","background-position":"center center","background-size":"auto","background-attachment":"scroll","background-type":"","background-media":"","overlay-type":"","overlay-color":"","overlay-opacity":"","overlay-gradient":""},"tablet":{"background-color":"var(--ast-global-color-5)","background-image":"","background-repeat":"repeat","background-position":"center center","background-size":"auto","background-attachment":"scroll","background-type":"","background-media":"","overlay-type":"","overlay-color":"","overlay-opacity":"","overlay-gradient":""},"mobile":{"background-color":"var(--ast-global-color-5)","background-image":"","background-repeat":"repeat","background-position":"center center","background-size":"auto","background-attachment":"scroll","background-type":"","background-media":"","overlay-type":"","overlay-color":"","overlay-opacity":"","overlay-gradient":""}}},"product_brand":[],"product_cat":[962],"product_tag":[1125,1106,1122,976,1123,971,1126,1124,1121,1119,1120],"class_list":{"0":"post-8829","1":"product","2":"type-product","3":"status-publish","4":"has-post-thumbnail","6":"product_cat-variable-optiken","7":"product_tag-daempfungsglied","8":"product_tag-fluessigkristalltechnologie","9":"product_tag-lichtintensitaetssteuerung","10":"product_tag-meadowlark-optics","11":"product_tag-optische-geraete","12":"product_tag-polarisationskontrolle","13":"product_tag-polarisationsrotator","14":"product_tag-ultraviolette-wellenlaengen","15":"product_tag-uv-licht","16":"product_tag-uv-waveplate","17":"product_tag-variable-waveplate","18":"desktop-align-left","19":"tablet-align-center","20":"mobile-align-center","21":"ast-product-gallery-layout-horizontal-slider","22":"ast-product-gallery-with-no-image","23":"ast-magnify-disabled","24":"ast-product-tabs-layout-horizontal","26":"first","27":"instock","28":"virtual","29":"sold-individually","30":"purchasable","31":"product-type-simple"},"acf":[],"yoast_head":"<!-- This site is optimized with the Yoast SEO Premium plugin v27.2 (Yoast SEO v27.4) - https:\/\/yoast.com\/product\/yoast-seo-premium-wordpress\/ -->\n<title>Variable Waveplate (UV) - Soliton<\/title>\n<meta name=\"description\" content=\"Variable UV-Waveplate: Pr\u00e4zise Polarisationskontrolle bis 350 nm. UV-resistentes Fl\u00fcssigkristallmaterial f\u00fcr vielseitige Anwendungen. Jetzt beraten lassen!\" \/>\n<meta name=\"robots\" content=\"index, follow, max-snippet:-1, max-image-preview:large, max-video-preview:-1\" \/>\n<link rel=\"canonical\" href=\"https:\/\/soliton-gmbh.de\/en\/product\/variable-uv-waveplate\/\" \/>\n<meta property=\"og:locale\" content=\"en_US\" \/>\n<meta property=\"og:type\" content=\"article\" \/>\n<meta property=\"og:title\" content=\"Variable Waveplate (UV)\" \/>\n<meta property=\"og:description\" content=\"Variable UV-Waveplate: Pr\u00e4zise Polarisationskontrolle bis 350 nm. UV-resistentes Fl\u00fcssigkristallmaterial f\u00fcr vielseitige Anwendungen. Jetzt beraten lassen!\" \/>\n<meta property=\"og:url\" content=\"https:\/\/soliton-gmbh.de\/en\/product\/variable-uv-waveplate\/\" \/>\n<meta property=\"og:site_name\" content=\"Soliton Laser- und Messtechnik GmbH\" \/>\n<meta property=\"article:modified_time\" content=\"2025-07-02T15:33:16+00:00\" \/>\n<meta property=\"og:image\" content=\"https:\/\/soliton-gmbh.de\/wp-content\/uploads\/2025\/01\/LCD8.jpg\" \/>\n\t<meta property=\"og:image:width\" content=\"1489\" \/>\n\t<meta property=\"og:image:height\" content=\"1185\" \/>\n\t<meta property=\"og:image:type\" content=\"image\/jpeg\" \/>\n<meta name=\"twitter:card\" content=\"summary_large_image\" \/>\n<meta name=\"twitter:label1\" content=\"Price\" \/>\n\t<meta name=\"twitter:data1\" content=\"&euro;0.00\" \/>\n\t<meta name=\"twitter:label2\" content=\"Availability\" \/>\n\t<meta name=\"twitter:data2\" content=\"In stock\" \/>\n<script type=\"application\/ld+json\" class=\"yoast-schema-graph\">{\"@context\":\"https:\\\/\\\/schema.org\",\"@graph\":[{\"@type\":\"WebPage\",\"@id\":\"https:\\\/\\\/soliton-gmbh.de\\\/produkt\\\/variable-uv-waveplate\\\/\",\"url\":\"https:\\\/\\\/soliton-gmbh.de\\\/produkt\\\/variable-uv-waveplate\\\/\",\"name\":\"Variable Waveplate (UV) - Soliton\",\"isPartOf\":{\"@id\":\"https:\\\/\\\/soliton-gmbh.de\\\/#website\"},\"primaryImageOfPage\":{\"@id\":\"https:\\\/\\\/soliton-gmbh.de\\\/produkt\\\/variable-uv-waveplate\\\/#primaryimage\"},\"image\":{\"@id\":\"https:\\\/\\\/soliton-gmbh.de\\\/produkt\\\/variable-uv-waveplate\\\/#primaryimage\"},\"thumbnailUrl\":\"https:\\\/\\\/soliton-gmbh.de\\\/wp-content\\\/uploads\\\/2025\\\/01\\\/LCD8.jpg\",\"datePublished\":\"2025-01-07T15:22:00+00:00\",\"dateModified\":\"2025-07-02T15:33:16+00:00\",\"description\":\"Variable UV-Waveplate: Pr\u00e4zise Polarisationskontrolle bis 350 nm. UV-resistentes Fl\u00fcssigkristallmaterial f\u00fcr vielseitige Anwendungen. Jetzt beraten lassen!\",\"breadcrumb\":{\"@id\":\"https:\\\/\\\/soliton-gmbh.de\\\/produkt\\\/variable-uv-waveplate\\\/#breadcrumb\"},\"inLanguage\":\"en-US\",\"potentialAction\":[{\"@type\":\"ReadAction\",\"target\":[\"https:\\\/\\\/soliton-gmbh.de\\\/produkt\\\/variable-uv-waveplate\\\/\"]}]},{\"@type\":\"ImageObject\",\"inLanguage\":\"en-US\",\"@id\":\"https:\\\/\\\/soliton-gmbh.de\\\/produkt\\\/variable-uv-waveplate\\\/#primaryimage\",\"url\":\"https:\\\/\\\/soliton-gmbh.de\\\/wp-content\\\/uploads\\\/2025\\\/01\\\/LCD8.jpg\",\"contentUrl\":\"https:\\\/\\\/soliton-gmbh.de\\\/wp-content\\\/uploads\\\/2025\\\/01\\\/LCD8.jpg\",\"width\":1489,\"height\":1185,\"caption\":\"Variable UV-Waveplate aus UV-best\u00e4ndigem Fl\u00fcssigkristallmaterial f\u00fcr Polarisationskontrolle im Bereich von 350\u2013450 nm.\"},{\"@type\":\"BreadcrumbList\",\"@id\":\"https:\\\/\\\/soliton-gmbh.de\\\/produkt\\\/variable-uv-waveplate\\\/#breadcrumb\",\"itemListElement\":[{\"@type\":\"ListItem\",\"position\":1,\"name\":\"Startseite\",\"item\":\"https:\\\/\\\/soliton-gmbh.de\\\/\"},{\"@type\":\"ListItem\",\"position\":2,\"name\":\"Produkte\",\"item\":\"https:\\\/\\\/soliton-gmbh.de\\\/produkte\\\/\"},{\"@type\":\"ListItem\",\"position\":3,\"name\":\"Variable Waveplate (UV)\"}]},{\"@type\":\"WebSite\",\"@id\":\"https:\\\/\\\/soliton-gmbh.de\\\/#website\",\"url\":\"https:\\\/\\\/soliton-gmbh.de\\\/\",\"name\":\"Soliton Laser- und Messtechnik GmbH\",\"description\":\"\",\"publisher\":{\"@id\":\"https:\\\/\\\/soliton-gmbh.de\\\/#organization\"},\"potentialAction\":[{\"@type\":\"SearchAction\",\"target\":{\"@type\":\"EntryPoint\",\"urlTemplate\":\"https:\\\/\\\/soliton-gmbh.de\\\/?s={search_term_string}\"},\"query-input\":{\"@type\":\"PropertyValueSpecification\",\"valueRequired\":true,\"valueName\":\"search_term_string\"}}],\"inLanguage\":\"en-US\"},{\"@type\":\"Organization\",\"@id\":\"https:\\\/\\\/soliton-gmbh.de\\\/#organization\",\"name\":\"Soliton GmbH\",\"url\":\"https:\\\/\\\/soliton-gmbh.de\\\/\",\"logo\":{\"@type\":\"ImageObject\",\"inLanguage\":\"en-US\",\"@id\":\"https:\\\/\\\/soliton-gmbh.de\\\/#\\\/schema\\\/logo\\\/image\\\/\",\"url\":\"https:\\\/\\\/soliton-gmbh.de\\\/wp-content\\\/uploads\\\/2022\\\/08\\\/cropped-soliton-logo.png\",\"contentUrl\":\"https:\\\/\\\/soliton-gmbh.de\\\/wp-content\\\/uploads\\\/2022\\\/08\\\/cropped-soliton-logo.png\",\"width\":500,\"height\":350,\"caption\":\"Soliton GmbH\"},\"image\":{\"@id\":\"https:\\\/\\\/soliton-gmbh.de\\\/#\\\/schema\\\/logo\\\/image\\\/\"}}]}<\/script>\n<meta property=\"product:price:amount\" content=\"0.00\" \/>\n<meta property=\"product:price:currency\" content=\"EUR\" \/>\n<meta property=\"og:availability\" content=\"instock\" \/>\n<meta property=\"product:availability\" content=\"instock\" \/>\n<meta property=\"product:condition\" content=\"new\" \/>\n<!-- \/ Yoast SEO Premium plugin. -->","yoast_head_json":{"title":"Variable Waveplate (UV) - Soliton","description":"Variable UV waveplate: Precise polarization control up to 350 nm. UV-resistant liquid crystal material for versatile applications. Get advice now!","robots":{"index":"index","follow":"follow","max-snippet":"max-snippet:-1","max-image-preview":"max-image-preview:large","max-video-preview":"max-video-preview:-1"},"canonical":"https:\/\/soliton-gmbh.de\/en\/product\/variable-uv-waveplate\/","og_locale":"en_US","og_type":"article","og_title":"Variable Waveplate (UV)","og_description":"Variable UV-Waveplate: Pr\u00e4zise Polarisationskontrolle bis 350 nm. UV-resistentes Fl\u00fcssigkristallmaterial f\u00fcr vielseitige Anwendungen. Jetzt beraten lassen!","og_url":"https:\/\/soliton-gmbh.de\/en\/product\/variable-uv-waveplate\/","og_site_name":"Soliton Laser- und Messtechnik GmbH","article_modified_time":"2025-07-02T15:33:16+00:00","og_image":[{"width":1489,"height":1185,"url":"https:\/\/soliton-gmbh.de\/wp-content\/uploads\/2025\/01\/LCD8.jpg","type":"image\/jpeg"}],"twitter_card":"summary_large_image","twitter_misc":{"Price":"&euro;0.00","Availability":"In stock"},"schema":{"@context":"https:\/\/schema.org","@graph":[{"@type":"WebPage","@id":"https:\/\/soliton-gmbh.de\/produkt\/variable-uv-waveplate\/","url":"https:\/\/soliton-gmbh.de\/produkt\/variable-uv-waveplate\/","name":"Variable Waveplate (UV) - Soliton","isPartOf":{"@id":"https:\/\/soliton-gmbh.de\/#website"},"primaryImageOfPage":{"@id":"https:\/\/soliton-gmbh.de\/produkt\/variable-uv-waveplate\/#primaryimage"},"image":{"@id":"https:\/\/soliton-gmbh.de\/produkt\/variable-uv-waveplate\/#primaryimage"},"thumbnailUrl":"https:\/\/soliton-gmbh.de\/wp-content\/uploads\/2025\/01\/LCD8.jpg","datePublished":"2025-01-07T15:22:00+00:00","dateModified":"2025-07-02T15:33:16+00:00","description":"Variable UV waveplate: Precise polarization control up to 350 nm. UV-resistant liquid crystal material for versatile applications. Get advice now!","breadcrumb":{"@id":"https:\/\/soliton-gmbh.de\/produkt\/variable-uv-waveplate\/#breadcrumb"},"inLanguage":"en-US","potentialAction":[{"@type":"ReadAction","target":["https:\/\/soliton-gmbh.de\/produkt\/variable-uv-waveplate\/"]}]},{"@type":"ImageObject","inLanguage":"en-US","@id":"https:\/\/soliton-gmbh.de\/produkt\/variable-uv-waveplate\/#primaryimage","url":"https:\/\/soliton-gmbh.de\/wp-content\/uploads\/2025\/01\/LCD8.jpg","contentUrl":"https:\/\/soliton-gmbh.de\/wp-content\/uploads\/2025\/01\/LCD8.jpg","width":1489,"height":1185,"caption":"Variable UV-Waveplate aus UV-best\u00e4ndigem Fl\u00fcssigkristallmaterial f\u00fcr Polarisationskontrolle im Bereich von 350\u2013450 nm."},{"@type":"BreadcrumbList","@id":"https:\/\/soliton-gmbh.de\/produkt\/variable-uv-waveplate\/#breadcrumb","itemListElement":[{"@type":"ListItem","position":1,"name":"Startseite","item":"https:\/\/soliton-gmbh.de\/"},{"@type":"ListItem","position":2,"name":"Produkte","item":"https:\/\/soliton-gmbh.de\/produkte\/"},{"@type":"ListItem","position":3,"name":"Variable Waveplate (UV)"}]},{"@type":"WebSite","@id":"https:\/\/soliton-gmbh.de\/#website","url":"https:\/\/soliton-gmbh.de\/","name":"Soliton Laser- und Messtechnik GmbH","description":"","publisher":{"@id":"https:\/\/soliton-gmbh.de\/#organization"},"potentialAction":[{"@type":"SearchAction","target":{"@type":"EntryPoint","urlTemplate":"https:\/\/soliton-gmbh.de\/?s={search_term_string}"},"query-input":{"@type":"PropertyValueSpecification","valueRequired":true,"valueName":"search_term_string"}}],"inLanguage":"en-US"},{"@type":"Organization","@id":"https:\/\/soliton-gmbh.de\/#organization","name":"Soliton GmbH","url":"https:\/\/soliton-gmbh.de\/","logo":{"@type":"ImageObject","inLanguage":"en-US","@id":"https:\/\/soliton-gmbh.de\/#\/schema\/logo\/image\/","url":"https:\/\/soliton-gmbh.de\/wp-content\/uploads\/2022\/08\/cropped-soliton-logo.png","contentUrl":"https:\/\/soliton-gmbh.de\/wp-content\/uploads\/2022\/08\/cropped-soliton-logo.png","width":500,"height":350,"caption":"Soliton GmbH"},"image":{"@id":"https:\/\/soliton-gmbh.de\/#\/schema\/logo\/image\/"}}]},"product_price_amount":"0.00","product_price_currency":"EUR","og_availability":"instock","product_availability":"instock","product_condition":"new"},"uagb_featured_image_src":{"full":["https:\/\/soliton-gmbh.de\/wp-content\/uploads\/2025\/01\/LCD8.jpg",1489,1185,false],"thumbnail":["https:\/\/soliton-gmbh.de\/wp-content\/uploads\/2025\/01\/LCD8-150x150.jpg",150,150,true],"medium":["https:\/\/soliton-gmbh.de\/wp-content\/uploads\/2025\/01\/LCD8-300x239.jpg",300,239,true],"medium_large":["https:\/\/soliton-gmbh.de\/wp-content\/uploads\/2025\/01\/LCD8-768x611.jpg",768,611,true],"large":["https:\/\/soliton-gmbh.de\/wp-content\/uploads\/2025\/01\/LCD8-1024x815.jpg",1024,815,true],"1536x1536":["https:\/\/soliton-gmbh.de\/wp-content\/uploads\/2025\/01\/LCD8.jpg",1489,1185,false],"2048x2048":["https:\/\/soliton-gmbh.de\/wp-content\/uploads\/2025\/01\/LCD8.jpg",1489,1185,false],"trp-custom-language-flag":["https:\/\/soliton-gmbh.de\/wp-content\/uploads\/2025\/01\/LCD8-15x12.jpg",15,12,true],"woocommerce_thumbnail":["https:\/\/soliton-gmbh.de\/wp-content\/uploads\/2025\/01\/LCD8-600x478.jpg",600,478,true],"woocommerce_single":["https:\/\/soliton-gmbh.de\/wp-content\/uploads\/2025\/01\/LCD8-1200x955.jpg",1200,955,true],"woocommerce_gallery_thumbnail":["https:\/\/soliton-gmbh.de\/wp-content\/uploads\/2025\/01\/LCD8-300x300.jpg",300,300,true]},"uagb_author_info":{"display_name":"Daniel","author_link":"https:\/\/soliton-gmbh.de\/en\/author\/"},"uagb_comment_info":0,"uagb_excerpt":"Phase der Amplitudenmodulation des UV-Spektrums Analoge Modulation Nicht-mechanische Polarisationskontrolle Geringe Absorption Hohe UV-Toleranz LC Ansprechpartner: Markus Eib, Tel: 08105-779240","_links":{"self":[{"href":"https:\/\/soliton-gmbh.de\/en\/wp-json\/wp\/v2\/product\/8829","targetHints":{"allow":["GET"]}}],"collection":[{"href":"https:\/\/soliton-gmbh.de\/en\/wp-json\/wp\/v2\/product"}],"about":[{"href":"https:\/\/soliton-gmbh.de\/en\/wp-json\/wp\/v2\/types\/product"}],"wp:featuredmedia":[{"embeddable":true,"href":"https:\/\/soliton-gmbh.de\/en\/wp-json\/wp\/v2\/media\/8830"}],"wp:attachment":[{"href":"https:\/\/soliton-gmbh.de\/en\/wp-json\/wp\/v2\/media?parent=8829"}],"wp:term":[{"taxonomy":"product_brand","embeddable":true,"href":"https:\/\/soliton-gmbh.de\/en\/wp-json\/wp\/v2\/product_brand?post=8829"},{"taxonomy":"product_cat","embeddable":true,"href":"https:\/\/soliton-gmbh.de\/en\/wp-json\/wp\/v2\/product_cat?post=8829"},{"taxonomy":"product_tag","embeddable":true,"href":"https:\/\/soliton-gmbh.de\/en\/wp-json\/wp\/v2\/product_tag?post=8829"}],"curies":[{"name":"wp","href":"https:\/\/api.w.org\/{rel}","templated":true}]}}