{"id":8826,"date":"2025-01-07T16:13:51","date_gmt":"2025-01-07T15:13:51","guid":{"rendered":"https:\/\/soliton-gmbh.de\/?post_type=product&#038;p=8826"},"modified":"2025-07-18T11:29:41","modified_gmt":"2025-07-18T09:29:41","slug":"temperature-control-and-detection","status":"publish","type":"product","link":"https:\/\/soliton-gmbh.de\/en\/produkt\/temperaturregelung-und-erfassung\/","title":{"rendered":"temperature control and detection"},"content":{"rendered":"<p>The <strong>temperature controller TC3051<\/strong> from Meadowlark Optics is the ideal solution for precise temperature control and sensing in liquid crystal devices. The microprocessor-controlled single-channel system was specifically developed for Meadowlark Optics liquid crystal products that use the <strong>Temperature Sensing and Control (TSC)<\/strong>option.<\/p>\n<h4><strong>Easy setup for maximum efficiency<\/strong><\/h4>\n<p>The TC3051 is user-friendly and requires minimal setup. It can be set up in three simple steps:<\/p>\n<ol>\n<li>Connect the supplied power adapter to the TC3051.<\/li>\n<li>Connect the temperature control cable to the TC3051 and the liquid crystal device.<\/li>\n<li>Turn on the device.<\/li>\n<\/ol>\n<p>With this straightforward setup, the TC3051 enables fast and reliable temperature control without additional adjustments or complicated operation.<\/p>\n<h4><strong>Individual advice and support<\/strong><\/h4>\n<p>The TC3051 offers an excellent combination of ease of use and technological precision.<\/p>\n<p>Our <strong>variable optics<\/strong> stand for precision and reliability. If you have any further questions about the systems, please feel free to send us a non-binding inquiry. Further information about the products and all technical data sheets for each variant can be found here: <a href=\"https:\/\/www.meadowlark.com\/shop\/liquid-crystal\/lc-controllers\/temperature-sensing-and-control-for-liquid-crystals\/\" target=\"_blank\" rel=\"noopener\">meadowlark.com<\/a>.<\/p>","protected":false},"excerpt":{"rendered":"<p><a href=\"https:\/\/soliton-gmbh.de\/wp-content\/uploads\/2023\/02\/4C-MLO-Logo.png\"><img loading=\"lazy\" decoding=\"async\" class=\"alignnone wp-image-5337\" src=\"https:\/\/soliton-gmbh.de\/wp-content\/uploads\/2023\/02\/4C-MLO-Logo-300x60.png\" alt=\"Logo of Meadowlark Optics\" width=\"200\" height=\"40\" srcset=\"https:\/\/soliton-gmbh.de\/wp-content\/uploads\/2023\/02\/4C-MLO-Logo-300x60.png 300w, https:\/\/soliton-gmbh.de\/wp-content\/uploads\/2023\/02\/4C-MLO-Logo-600x120.png 600w, https:\/\/soliton-gmbh.de\/wp-content\/uploads\/2023\/02\/4C-MLO-Logo-1200x240.png 1200w, https:\/\/soliton-gmbh.de\/wp-content\/uploads\/2023\/02\/4C-MLO-Logo-1024x205.png 1024w, https:\/\/soliton-gmbh.de\/wp-content\/uploads\/2023\/02\/4C-MLO-Logo-768x154.png 768w, https:\/\/soliton-gmbh.de\/wp-content\/uploads\/2023\/02\/4C-MLO-Logo-18x4.png 18w, https:\/\/soliton-gmbh.de\/wp-content\/uploads\/2023\/02\/4C-MLO-Logo.png 1500w\" sizes=\"auto, (max-width: 200px) 100vw, 200px\" \/><\/a><\/p>\n<ul>\n<li>stand-alone device<\/li>\n<li>LED display<\/li>\n<li>1-channel temperature control<\/li>\n<\/ul>\n<p>Contact person: <a href=\"mailto:m.eib@soliton-gmbh.de\">Markus Eib, <\/a>Phone: 08105-779240<\/p>","protected":false},"featured_media":8827,"template":"","meta":{"_acf_changed":false,"_uag_custom_page_level_css":"","site-sidebar-layout":"default","site-content-layout":"","ast-site-content-layout":"default","site-content-style":"default","site-sidebar-style":"default","ast-global-header-display":"","ast-banner-title-visibility":"","ast-main-header-display":"","ast-hfb-above-header-display":"","ast-hfb-below-header-display":"","ast-hfb-mobile-header-display":"","site-post-title":"","ast-breadcrumbs-content":"","ast-featured-img":"","footer-sml-layout":"","ast-disable-related-posts":"","theme-transparent-header-meta":"default","adv-header-id-meta":"","stick-header-meta":"default","header-above-stick-meta":"","header-main-stick-meta":"","header-below-stick-meta":"","astra-migrate-meta-layouts":"set","ast-page-background-enabled":"default","ast-page-background-meta":{"desktop":{"background-color":"","background-image":"","background-repeat":"repeat","background-position":"center center","background-size":"auto","background-attachment":"scroll","background-type":"","background-media":"","overlay-type":"","overlay-color":"","overlay-opacity":"","overlay-gradient":""},"tablet":{"background-color":"","background-image":"","background-repeat":"repeat","background-position":"center center","background-size":"auto","background-attachment":"scroll","background-type":"","background-media":"","overlay-type":"","overlay-color":"","overlay-opacity":"","overlay-gradient":""},"mobile":{"background-color":"","background-image":"","background-repeat":"repeat","background-position":"center center","background-size":"auto","background-attachment":"scroll","background-type":"","background-media":"","overlay-type":"","overlay-color":"","overlay-opacity":"","overlay-gradient":""}},"ast-content-background-meta":{"desktop":{"background-color":"var(--ast-global-color-5)","background-image":"","background-repeat":"repeat","background-position":"center center","background-size":"auto","background-attachment":"scroll","background-type":"","background-media":"","overlay-type":"","overlay-color":"","overlay-opacity":"","overlay-gradient":""},"tablet":{"background-color":"var(--ast-global-color-5)","background-image":"","background-repeat":"repeat","background-position":"center center","background-size":"auto","background-attachment":"scroll","background-type":"","background-media":"","overlay-type":"","overlay-color":"","overlay-opacity":"","overlay-gradient":""},"mobile":{"background-color":"var(--ast-global-color-5)","background-image":"","background-repeat":"repeat","background-position":"center center","background-size":"auto","background-attachment":"scroll","background-type":"","background-media":"","overlay-type":"","overlay-color":"","overlay-opacity":"","overlay-gradient":""}}},"product_brand":[],"product_cat":[962],"product_tag":[1038,1035,1032,1034,967,1042,1033,976,1041,1039,973,1040,1043,1037,1036],"class_list":{"0":"post-8826","1":"product","2":"type-product","3":"status-publish","4":"has-post-thumbnail","6":"product_cat-variable-optiken","7":"product_tag-celldrive-5000-software","8":"product_tag-d5020-controller","9":"product_tag-digital-interface-controller","10":"product_tag-fluessigkristall-digitalsteuerung","11":"product_tag-fluessigkristall-technologie","12":"product_tag-labview-kompatibilitaet","13":"product_tag-lc-digitalcontroller","14":"product_tag-meadowlark-optics","15":"product_tag-modulationswellenformen","16":"product_tag-nematischer-effekt","17":"product_tag-optische-anwendungen","18":"product_tag-praezise-retardance-steuerung","19":"product_tag-temperaturkontrolle","20":"product_tag-usb-gesteuerter-controller","21":"product_tag-zwei-kanal-controller","22":"desktop-align-left","23":"tablet-align-center","24":"mobile-align-center","25":"ast-product-gallery-layout-horizontal-slider","26":"ast-product-gallery-with-no-image","27":"ast-magnify-disabled","28":"ast-product-tabs-layout-horizontal","30":"first","31":"instock","32":"virtual","33":"sold-individually","34":"purchasable","35":"product-type-simple"},"acf":[],"yoast_head":"<!-- This site is optimized with the Yoast SEO Premium plugin v27.2 (Yoast SEO v27.4) - https:\/\/yoast.com\/product\/yoast-seo-premium-wordpress\/ -->\n<title>Temperaturregelung und -erfassung - Soliton<\/title>\n<meta name=\"description\" content=\"TC3051: Pr\u00e4zise Temperaturregelung f\u00fcr Fl\u00fcssigkristallger\u00e4te. Benutzerfreundlich, zuverl\u00e4ssig und speziell f\u00fcr Meadowlark Optics TSC-Systeme entwickelt.\" \/>\n<meta name=\"robots\" content=\"index, follow, max-snippet:-1, max-image-preview:large, max-video-preview:-1\" \/>\n<link rel=\"canonical\" href=\"https:\/\/soliton-gmbh.de\/en\/product\/temperature-control-and-detection\/\" \/>\n<meta property=\"og:locale\" content=\"en_US\" \/>\n<meta property=\"og:type\" content=\"article\" \/>\n<meta property=\"og:title\" content=\"Temperaturregelung und -erfassung\" \/>\n<meta property=\"og:description\" content=\"TC3051: Pr\u00e4zise Temperaturregelung f\u00fcr Fl\u00fcssigkristallger\u00e4te. Benutzerfreundlich, zuverl\u00e4ssig und speziell f\u00fcr Meadowlark Optics TSC-Systeme entwickelt.\" \/>\n<meta property=\"og:url\" content=\"https:\/\/soliton-gmbh.de\/en\/product\/temperature-control-and-detection\/\" \/>\n<meta property=\"og:site_name\" content=\"Soliton Laser- und Messtechnik GmbH\" \/>\n<meta property=\"article:modified_time\" content=\"2025-07-18T09:29:41+00:00\" \/>\n<meta property=\"og:image\" content=\"https:\/\/soliton-gmbh.de\/wp-content\/uploads\/2025\/01\/LCD7.jpg\" \/>\n\t<meta property=\"og:image:width\" content=\"1500\" \/>\n\t<meta property=\"og:image:height\" content=\"1306\" \/>\n\t<meta property=\"og:image:type\" content=\"image\/jpeg\" \/>\n<meta name=\"twitter:card\" content=\"summary_large_image\" \/>\n<meta name=\"twitter:label1\" content=\"Price\" \/>\n\t<meta name=\"twitter:data1\" content=\"&euro;0.00\" \/>\n\t<meta name=\"twitter:label2\" content=\"Availability\" \/>\n\t<meta name=\"twitter:data2\" content=\"In stock\" \/>\n<script type=\"application\/ld+json\" class=\"yoast-schema-graph\">{\"@context\":\"https:\\\/\\\/schema.org\",\"@graph\":[{\"@type\":\"WebPage\",\"@id\":\"https:\\\/\\\/soliton-gmbh.de\\\/produkt\\\/temperaturregelung-und-erfassung\\\/\",\"url\":\"https:\\\/\\\/soliton-gmbh.de\\\/produkt\\\/temperaturregelung-und-erfassung\\\/\",\"name\":\"Temperaturregelung und -erfassung - Soliton\",\"isPartOf\":{\"@id\":\"https:\\\/\\\/soliton-gmbh.de\\\/#website\"},\"primaryImageOfPage\":{\"@id\":\"https:\\\/\\\/soliton-gmbh.de\\\/produkt\\\/temperaturregelung-und-erfassung\\\/#primaryimage\"},\"image\":{\"@id\":\"https:\\\/\\\/soliton-gmbh.de\\\/produkt\\\/temperaturregelung-und-erfassung\\\/#primaryimage\"},\"thumbnailUrl\":\"https:\\\/\\\/soliton-gmbh.de\\\/wp-content\\\/uploads\\\/2025\\\/01\\\/LCD7.jpg\",\"datePublished\":\"2025-01-07T15:13:51+00:00\",\"dateModified\":\"2025-07-18T09:29:41+00:00\",\"description\":\"TC3051: Pr\u00e4zise Temperaturregelung f\u00fcr Fl\u00fcssigkristallger\u00e4te. Benutzerfreundlich, zuverl\u00e4ssig und speziell f\u00fcr Meadowlark Optics TSC-Systeme entwickelt.\",\"breadcrumb\":{\"@id\":\"https:\\\/\\\/soliton-gmbh.de\\\/produkt\\\/temperaturregelung-und-erfassung\\\/#breadcrumb\"},\"inLanguage\":\"en-US\",\"potentialAction\":[{\"@type\":\"ReadAction\",\"target\":[\"https:\\\/\\\/soliton-gmbh.de\\\/produkt\\\/temperaturregelung-und-erfassung\\\/\"]}]},{\"@type\":\"ImageObject\",\"inLanguage\":\"en-US\",\"@id\":\"https:\\\/\\\/soliton-gmbh.de\\\/produkt\\\/temperaturregelung-und-erfassung\\\/#primaryimage\",\"url\":\"https:\\\/\\\/soliton-gmbh.de\\\/wp-content\\\/uploads\\\/2025\\\/01\\\/LCD7.jpg\",\"contentUrl\":\"https:\\\/\\\/soliton-gmbh.de\\\/wp-content\\\/uploads\\\/2025\\\/01\\\/LCD7.jpg\",\"width\":1500,\"height\":1306,\"caption\":\"Temperaturregelung TC3051 mit LED-Display und Temperatursteuerungskabel f\u00fcr Fl\u00fcssigkristallger\u00e4te mit TSC-Option.\"},{\"@type\":\"BreadcrumbList\",\"@id\":\"https:\\\/\\\/soliton-gmbh.de\\\/produkt\\\/temperaturregelung-und-erfassung\\\/#breadcrumb\",\"itemListElement\":[{\"@type\":\"ListItem\",\"position\":1,\"name\":\"Startseite\",\"item\":\"https:\\\/\\\/soliton-gmbh.de\\\/\"},{\"@type\":\"ListItem\",\"position\":2,\"name\":\"Produkte\",\"item\":\"https:\\\/\\\/soliton-gmbh.de\\\/produkte\\\/\"},{\"@type\":\"ListItem\",\"position\":3,\"name\":\"Temperaturregelung und -erfassung\"}]},{\"@type\":\"WebSite\",\"@id\":\"https:\\\/\\\/soliton-gmbh.de\\\/#website\",\"url\":\"https:\\\/\\\/soliton-gmbh.de\\\/\",\"name\":\"Soliton Laser- und Messtechnik GmbH\",\"description\":\"\",\"publisher\":{\"@id\":\"https:\\\/\\\/soliton-gmbh.de\\\/#organization\"},\"potentialAction\":[{\"@type\":\"SearchAction\",\"target\":{\"@type\":\"EntryPoint\",\"urlTemplate\":\"https:\\\/\\\/soliton-gmbh.de\\\/?s={search_term_string}\"},\"query-input\":{\"@type\":\"PropertyValueSpecification\",\"valueRequired\":true,\"valueName\":\"search_term_string\"}}],\"inLanguage\":\"en-US\"},{\"@type\":\"Organization\",\"@id\":\"https:\\\/\\\/soliton-gmbh.de\\\/#organization\",\"name\":\"Soliton GmbH\",\"url\":\"https:\\\/\\\/soliton-gmbh.de\\\/\",\"logo\":{\"@type\":\"ImageObject\",\"inLanguage\":\"en-US\",\"@id\":\"https:\\\/\\\/soliton-gmbh.de\\\/#\\\/schema\\\/logo\\\/image\\\/\",\"url\":\"https:\\\/\\\/soliton-gmbh.de\\\/wp-content\\\/uploads\\\/2022\\\/08\\\/cropped-soliton-logo.png\",\"contentUrl\":\"https:\\\/\\\/soliton-gmbh.de\\\/wp-content\\\/uploads\\\/2022\\\/08\\\/cropped-soliton-logo.png\",\"width\":500,\"height\":350,\"caption\":\"Soliton GmbH\"},\"image\":{\"@id\":\"https:\\\/\\\/soliton-gmbh.de\\\/#\\\/schema\\\/logo\\\/image\\\/\"}}]}<\/script>\n<meta property=\"product:price:amount\" content=\"0.00\" \/>\n<meta property=\"product:price:currency\" content=\"EUR\" \/>\n<meta property=\"og:availability\" content=\"instock\" \/>\n<meta property=\"product:availability\" content=\"instock\" \/>\n<meta property=\"product:condition\" content=\"new\" \/>\n<!-- \/ Yoast SEO Premium plugin. -->","yoast_head_json":{"title":"Temperature control and detection - Soliton","description":"TC3051: Precise temperature control for liquid crystal devices. User-friendly, reliable and specially developed for Meadowlark Optics TSC systems.","robots":{"index":"index","follow":"follow","max-snippet":"max-snippet:-1","max-image-preview":"max-image-preview:large","max-video-preview":"max-video-preview:-1"},"canonical":"https:\/\/soliton-gmbh.de\/en\/product\/temperature-control-and-detection\/","og_locale":"en_US","og_type":"article","og_title":"Temperaturregelung und -erfassung","og_description":"TC3051: Pr\u00e4zise Temperaturregelung f\u00fcr Fl\u00fcssigkristallger\u00e4te. Benutzerfreundlich, zuverl\u00e4ssig und speziell f\u00fcr Meadowlark Optics TSC-Systeme entwickelt.","og_url":"https:\/\/soliton-gmbh.de\/en\/product\/temperature-control-and-detection\/","og_site_name":"Soliton Laser- und Messtechnik GmbH","article_modified_time":"2025-07-18T09:29:41+00:00","og_image":[{"width":1500,"height":1306,"url":"https:\/\/soliton-gmbh.de\/wp-content\/uploads\/2025\/01\/LCD7.jpg","type":"image\/jpeg"}],"twitter_card":"summary_large_image","twitter_misc":{"Price":"&euro;0.00","Availability":"In stock"},"schema":{"@context":"https:\/\/schema.org","@graph":[{"@type":"WebPage","@id":"https:\/\/soliton-gmbh.de\/produkt\/temperaturregelung-und-erfassung\/","url":"https:\/\/soliton-gmbh.de\/produkt\/temperaturregelung-und-erfassung\/","name":"Temperature control and detection - Soliton","isPartOf":{"@id":"https:\/\/soliton-gmbh.de\/#website"},"primaryImageOfPage":{"@id":"https:\/\/soliton-gmbh.de\/produkt\/temperaturregelung-und-erfassung\/#primaryimage"},"image":{"@id":"https:\/\/soliton-gmbh.de\/produkt\/temperaturregelung-und-erfassung\/#primaryimage"},"thumbnailUrl":"https:\/\/soliton-gmbh.de\/wp-content\/uploads\/2025\/01\/LCD7.jpg","datePublished":"2025-01-07T15:13:51+00:00","dateModified":"2025-07-18T09:29:41+00:00","description":"TC3051: Precise temperature control for liquid crystal devices. User-friendly, reliable and specially developed for Meadowlark Optics TSC systems.","breadcrumb":{"@id":"https:\/\/soliton-gmbh.de\/produkt\/temperaturregelung-und-erfassung\/#breadcrumb"},"inLanguage":"en-US","potentialAction":[{"@type":"ReadAction","target":["https:\/\/soliton-gmbh.de\/produkt\/temperaturregelung-und-erfassung\/"]}]},{"@type":"ImageObject","inLanguage":"en-US","@id":"https:\/\/soliton-gmbh.de\/produkt\/temperaturregelung-und-erfassung\/#primaryimage","url":"https:\/\/soliton-gmbh.de\/wp-content\/uploads\/2025\/01\/LCD7.jpg","contentUrl":"https:\/\/soliton-gmbh.de\/wp-content\/uploads\/2025\/01\/LCD7.jpg","width":1500,"height":1306,"caption":"Temperaturregelung TC3051 mit LED-Display und Temperatursteuerungskabel f\u00fcr Fl\u00fcssigkristallger\u00e4te mit TSC-Option."},{"@type":"BreadcrumbList","@id":"https:\/\/soliton-gmbh.de\/produkt\/temperaturregelung-und-erfassung\/#breadcrumb","itemListElement":[{"@type":"ListItem","position":1,"name":"Startseite","item":"https:\/\/soliton-gmbh.de\/"},{"@type":"ListItem","position":2,"name":"Produkte","item":"https:\/\/soliton-gmbh.de\/produkte\/"},{"@type":"ListItem","position":3,"name":"Temperaturregelung und -erfassung"}]},{"@type":"WebSite","@id":"https:\/\/soliton-gmbh.de\/#website","url":"https:\/\/soliton-gmbh.de\/","name":"Soliton Laser- und Messtechnik GmbH","description":"","publisher":{"@id":"https:\/\/soliton-gmbh.de\/#organization"},"potentialAction":[{"@type":"SearchAction","target":{"@type":"EntryPoint","urlTemplate":"https:\/\/soliton-gmbh.de\/?s={search_term_string}"},"query-input":{"@type":"PropertyValueSpecification","valueRequired":true,"valueName":"search_term_string"}}],"inLanguage":"en-US"},{"@type":"Organization","@id":"https:\/\/soliton-gmbh.de\/#organization","name":"Soliton GmbH","url":"https:\/\/soliton-gmbh.de\/","logo":{"@type":"ImageObject","inLanguage":"en-US","@id":"https:\/\/soliton-gmbh.de\/#\/schema\/logo\/image\/","url":"https:\/\/soliton-gmbh.de\/wp-content\/uploads\/2022\/08\/cropped-soliton-logo.png","contentUrl":"https:\/\/soliton-gmbh.de\/wp-content\/uploads\/2022\/08\/cropped-soliton-logo.png","width":500,"height":350,"caption":"Soliton GmbH"},"image":{"@id":"https:\/\/soliton-gmbh.de\/#\/schema\/logo\/image\/"}}]},"product_price_amount":"0.00","product_price_currency":"EUR","og_availability":"instock","product_availability":"instock","product_condition":"new"},"uagb_featured_image_src":{"full":["https:\/\/soliton-gmbh.de\/wp-content\/uploads\/2025\/01\/LCD7.jpg",1500,1306,false],"thumbnail":["https:\/\/soliton-gmbh.de\/wp-content\/uploads\/2025\/01\/LCD7-150x150.jpg",150,150,true],"medium":["https:\/\/soliton-gmbh.de\/wp-content\/uploads\/2025\/01\/LCD7-300x261.jpg",300,261,true],"medium_large":["https:\/\/soliton-gmbh.de\/wp-content\/uploads\/2025\/01\/LCD7-768x669.jpg",768,669,true],"large":["https:\/\/soliton-gmbh.de\/wp-content\/uploads\/2025\/01\/LCD7-1024x892.jpg",1024,892,true],"1536x1536":["https:\/\/soliton-gmbh.de\/wp-content\/uploads\/2025\/01\/LCD7.jpg",1500,1306,false],"2048x2048":["https:\/\/soliton-gmbh.de\/wp-content\/uploads\/2025\/01\/LCD7.jpg",1500,1306,false],"trp-custom-language-flag":["https:\/\/soliton-gmbh.de\/wp-content\/uploads\/2025\/01\/LCD7-14x12.jpg",14,12,true],"woocommerce_thumbnail":["https:\/\/soliton-gmbh.de\/wp-content\/uploads\/2025\/01\/LCD7-600x522.jpg",600,522,true],"woocommerce_single":["https:\/\/soliton-gmbh.de\/wp-content\/uploads\/2025\/01\/LCD7-1200x1045.jpg",1200,1045,true],"woocommerce_gallery_thumbnail":["https:\/\/soliton-gmbh.de\/wp-content\/uploads\/2025\/01\/LCD7-300x300.jpg",300,300,true]},"uagb_author_info":{"display_name":"Daniel","author_link":"https:\/\/soliton-gmbh.de\/en\/author\/"},"uagb_comment_info":0,"uagb_excerpt":"Stand alone Ger\u00e4t LED-Anzeige 1-Kanal-Temperaturregelung Ansprechpartner: Markus Eib, Tel: 08105-779240","_links":{"self":[{"href":"https:\/\/soliton-gmbh.de\/en\/wp-json\/wp\/v2\/product\/8826","targetHints":{"allow":["GET"]}}],"collection":[{"href":"https:\/\/soliton-gmbh.de\/en\/wp-json\/wp\/v2\/product"}],"about":[{"href":"https:\/\/soliton-gmbh.de\/en\/wp-json\/wp\/v2\/types\/product"}],"wp:featuredmedia":[{"embeddable":true,"href":"https:\/\/soliton-gmbh.de\/en\/wp-json\/wp\/v2\/media\/8827"}],"wp:attachment":[{"href":"https:\/\/soliton-gmbh.de\/en\/wp-json\/wp\/v2\/media?parent=8826"}],"wp:term":[{"taxonomy":"product_brand","embeddable":true,"href":"https:\/\/soliton-gmbh.de\/en\/wp-json\/wp\/v2\/product_brand?post=8826"},{"taxonomy":"product_cat","embeddable":true,"href":"https:\/\/soliton-gmbh.de\/en\/wp-json\/wp\/v2\/product_cat?post=8826"},{"taxonomy":"product_tag","embeddable":true,"href":"https:\/\/soliton-gmbh.de\/en\/wp-json\/wp\/v2\/product_tag?post=8826"}],"curies":[{"name":"wp","href":"https:\/\/api.w.org\/{rel}","templated":true}]}}