{"id":8821,"date":"2025-01-07T10:57:37","date_gmt":"2025-01-07T09:57:37","guid":{"rendered":"https:\/\/soliton-gmbh.de\/?post_type=product&#038;p=8821"},"modified":"2025-07-02T17:34:11","modified_gmt":"2025-07-02T15:34:11","slug":"variable-retarder","status":"publish","type":"product","link":"https:\/\/soliton-gmbh.de\/en\/produkt\/variabler-retarder\/","title":{"rendered":"Variable Retarder"},"content":{"rendered":"<p>The <strong>variable retarder<\/strong> from Meadowlark Optics enable precise control of light polarization using state-of-the-art liquid crystal technology. Using nematic liquid crystal materials, the effective birefringence of the material can be changed using electrical voltage. This allows different polarization states - elliptical, linear or circular - to be set flexibly and precisely.<\/p>\n<h4><strong>Innovative technology for the highest demands<\/strong><\/h4>\n<p>The variable retarders are manufactured with particular care and precision. Optically flat windows made of synthetic quartz glass form the basis and are provided with a transparent, conductive indium tin oxide (ITO) coating. This coating ensures maximum light transmission in the wavelength range from 450 to 1800 nm. In order to achieve optimal alignment of the liquid crystal molecules, a special dielectric layer is applied, which is then gently processed.<\/p>\n<h4><strong>Individual adjustments possible<\/strong><\/h4>\n<p>The variable retarders can be customized for specific requirements such as customized retardance ranges or special temperature controls. Contact us to discuss your individual needs.<\/p>\n<p>Our <strong>variable optics<\/strong> stand for precision and reliability. If you have any further questions about the systems, please feel free to send us a non-binding inquiry. Further information about the products and all technical data sheets for each variant can be found here: <a href=\"https:\/\/www.meadowlark.com\/shop\/liquid-crystal\/rotators\/liquid-crystal-polarization-rotator-continuous\/\" target=\"_blank\" rel=\"noopener\">meadowlark.com<\/a>.<\/p>","protected":false},"excerpt":{"rendered":"<p><a href=\"https:\/\/soliton-gmbh.de\/wp-content\/uploads\/2023\/02\/4C-MLO-Logo.png\"><img loading=\"lazy\" decoding=\"async\" class=\"alignnone wp-image-5337\" src=\"https:\/\/soliton-gmbh.de\/wp-content\/uploads\/2023\/02\/4C-MLO-Logo-300x60.png\" alt=\"Logo of the company Meadowlark Optics\" width=\"200\" height=\"40\" srcset=\"https:\/\/soliton-gmbh.de\/wp-content\/uploads\/2023\/02\/4C-MLO-Logo-300x60.png 300w, https:\/\/soliton-gmbh.de\/wp-content\/uploads\/2023\/02\/4C-MLO-Logo-600x120.png 600w, https:\/\/soliton-gmbh.de\/wp-content\/uploads\/2023\/02\/4C-MLO-Logo-1200x240.png 1200w, https:\/\/soliton-gmbh.de\/wp-content\/uploads\/2023\/02\/4C-MLO-Logo-1024x205.png 1024w, https:\/\/soliton-gmbh.de\/wp-content\/uploads\/2023\/02\/4C-MLO-Logo-768x154.png 768w, https:\/\/soliton-gmbh.de\/wp-content\/uploads\/2023\/02\/4C-MLO-Logo-18x4.png 18w, https:\/\/soliton-gmbh.de\/wp-content\/uploads\/2023\/02\/4C-MLO-Logo.png 1500w\" sizes=\"auto, (max-width: 200px) 100vw, 200px\" \/><\/a><\/p>\n<ul>\n<li><span class=\"--l sentence_highlight\"> computer control<\/span><\/li>\n<li><span class=\"--l sentence_highlight\">temperature control options<\/span><\/li>\n<li><span class=\"--l sentence_highlight\">Usable from 450 to 1800 nm<\/span><\/li>\n<li><span class=\"--l sentence_highlight\">Precise non-mechanical deceleration control<\/span><\/li>\n<\/ul>\n<p>Contact person: <a href=\"mailto:m.eib@soliton-gmbh.de\">Markus Eib, <\/a>Phone: 08105-779240<\/p>","protected":false},"featured_media":8822,"template":"","meta":{"_acf_changed":false,"_uag_custom_page_level_css":"","site-sidebar-layout":"default","site-content-layout":"","ast-site-content-layout":"default","site-content-style":"default","site-sidebar-style":"default","ast-global-header-display":"","ast-banner-title-visibility":"","ast-main-header-display":"","ast-hfb-above-header-display":"","ast-hfb-below-header-display":"","ast-hfb-mobile-header-display":"","site-post-title":"","ast-breadcrumbs-content":"","ast-featured-img":"","footer-sml-layout":"","ast-disable-related-posts":"","theme-transparent-header-meta":"default","adv-header-id-meta":"","stick-header-meta":"default","header-above-stick-meta":"","header-main-stick-meta":"","header-below-stick-meta":"","astra-migrate-meta-layouts":"set","ast-page-background-enabled":"default","ast-page-background-meta":{"desktop":{"background-color":"","background-image":"","background-repeat":"repeat","background-position":"center center","background-size":"auto","background-attachment":"scroll","background-type":"","background-media":"","overlay-type":"","overlay-color":"","overlay-opacity":"","overlay-gradient":""},"tablet":{"background-color":"","background-image":"","background-repeat":"repeat","background-position":"center center","background-size":"auto","background-attachment":"scroll","background-type":"","background-media":"","overlay-type":"","overlay-color":"","overlay-opacity":"","overlay-gradient":""},"mobile":{"background-color":"","background-image":"","background-repeat":"repeat","background-position":"center center","background-size":"auto","background-attachment":"scroll","background-type":"","background-media":"","overlay-type":"","overlay-color":"","overlay-opacity":"","overlay-gradient":""}},"ast-content-background-meta":{"desktop":{"background-color":"var(--ast-global-color-5)","background-image":"","background-repeat":"repeat","background-position":"center center","background-size":"auto","background-attachment":"scroll","background-type":"","background-media":"","overlay-type":"","overlay-color":"","overlay-opacity":"","overlay-gradient":""},"tablet":{"background-color":"var(--ast-global-color-5)","background-image":"","background-repeat":"repeat","background-position":"center center","background-size":"auto","background-attachment":"scroll","background-type":"","background-media":"","overlay-type":"","overlay-color":"","overlay-opacity":"","overlay-gradient":""},"mobile":{"background-color":"var(--ast-global-color-5)","background-image":"","background-repeat":"repeat","background-position":"center center","background-size":"auto","background-attachment":"scroll","background-type":"","background-media":"","overlay-type":"","overlay-color":"","overlay-opacity":"","overlay-gradient":""}}},"product_brand":[],"product_cat":[962],"product_tag":[1100,1112,1116,1114,976,972,973,1115,1113,985,1118,964,969,978,968,1117],"class_list":{"0":"post-8821","1":"product","2":"type-product","3":"status-publish","4":"has-post-thumbnail","6":"product_cat-variable-optiken","7":"product_tag-doppelbrechung","8":"product_tag-fluessigkristall-retarder","9":"product_tag-forschung-und-entwicklung","10":"product_tag-lichtpolarisation","11":"product_tag-meadowlark-optics","12":"product_tag-nematische-fluessigkristalle","13":"product_tag-optische-anwendungen","14":"product_tag-optische-messtechnik","15":"product_tag-optische-verzoegerer","16":"product_tag-polarisationssteuerung","17":"product_tag-quarzglasoptik","18":"product_tag-schneller-variabler-retarder","19":"product_tag-sub-millisecond-switching","20":"product_tag-uv-und-mwir-bereich","21":"product_tag-variable-retardation","22":"product_tag-wellenlaengenanpassung","23":"desktop-align-left","24":"tablet-align-center","25":"mobile-align-center","26":"ast-product-gallery-layout-horizontal-slider","27":"ast-product-gallery-with-no-image","28":"ast-magnify-disabled","29":"ast-product-tabs-layout-horizontal","31":"first","32":"instock","33":"virtual","34":"sold-individually","35":"purchasable","36":"product-type-simple"},"acf":[],"yoast_head":"<!-- This site is optimized with the Yoast SEO Premium plugin v27.2 (Yoast SEO v27.4) - https:\/\/yoast.com\/product\/yoast-seo-premium-wordpress\/ -->\n<title>Variable Retarder - Soliton<\/title>\n<meta name=\"description\" content=\"Variable Retarder von Meadowlark Optics: Elektrisch steuerbare Polarisationsverz\u00f6gerung f\u00fcr Forschung und Industrie. Pr\u00e4zision und Flexibilit\u00e4t garantiert.\" \/>\n<meta name=\"robots\" content=\"index, follow, max-snippet:-1, max-image-preview:large, max-video-preview:-1\" \/>\n<link rel=\"canonical\" href=\"https:\/\/soliton-gmbh.de\/en\/product\/variable-retarder\/\" \/>\n<meta property=\"og:locale\" content=\"en_US\" \/>\n<meta property=\"og:type\" content=\"article\" \/>\n<meta property=\"og:title\" content=\"Variable Retarder\" \/>\n<meta property=\"og:description\" content=\"Variable Retarder von Meadowlark Optics: Elektrisch steuerbare Polarisationsverz\u00f6gerung f\u00fcr Forschung und Industrie. Pr\u00e4zision und Flexibilit\u00e4t garantiert.\" \/>\n<meta property=\"og:url\" content=\"https:\/\/soliton-gmbh.de\/en\/product\/variable-retarder\/\" \/>\n<meta property=\"og:site_name\" content=\"Soliton Laser- und Messtechnik GmbH\" \/>\n<meta property=\"article:modified_time\" content=\"2025-07-02T15:34:11+00:00\" \/>\n<meta property=\"og:image\" content=\"https:\/\/soliton-gmbh.de\/wp-content\/uploads\/2025\/01\/LCD6.jpg\" \/>\n\t<meta property=\"og:image:width\" content=\"1455\" \/>\n\t<meta property=\"og:image:height\" content=\"1331\" \/>\n\t<meta property=\"og:image:type\" content=\"image\/jpeg\" \/>\n<meta name=\"twitter:card\" content=\"summary_large_image\" \/>\n<meta name=\"twitter:label1\" content=\"Price\" \/>\n\t<meta name=\"twitter:data1\" content=\"&euro;0.00\" \/>\n\t<meta name=\"twitter:label2\" content=\"Availability\" \/>\n\t<meta name=\"twitter:data2\" content=\"In stock\" \/>\n<script type=\"application\/ld+json\" class=\"yoast-schema-graph\">{\"@context\":\"https:\\\/\\\/schema.org\",\"@graph\":[{\"@type\":\"WebPage\",\"@id\":\"https:\\\/\\\/soliton-gmbh.de\\\/produkt\\\/variabler-retarder\\\/\",\"url\":\"https:\\\/\\\/soliton-gmbh.de\\\/produkt\\\/variabler-retarder\\\/\",\"name\":\"Variable Retarder - Soliton\",\"isPartOf\":{\"@id\":\"https:\\\/\\\/soliton-gmbh.de\\\/#website\"},\"primaryImageOfPage\":{\"@id\":\"https:\\\/\\\/soliton-gmbh.de\\\/produkt\\\/variabler-retarder\\\/#primaryimage\"},\"image\":{\"@id\":\"https:\\\/\\\/soliton-gmbh.de\\\/produkt\\\/variabler-retarder\\\/#primaryimage\"},\"thumbnailUrl\":\"https:\\\/\\\/soliton-gmbh.de\\\/wp-content\\\/uploads\\\/2025\\\/01\\\/LCD6.jpg\",\"datePublished\":\"2025-01-07T09:57:37+00:00\",\"dateModified\":\"2025-07-02T15:34:11+00:00\",\"description\":\"Variable Retarder von Meadowlark Optics: Elektrisch steuerbare Polarisationsverz\u00f6gerung f\u00fcr Forschung und Industrie. Pr\u00e4zision und Flexibilit\u00e4t garantiert.\",\"breadcrumb\":{\"@id\":\"https:\\\/\\\/soliton-gmbh.de\\\/produkt\\\/variabler-retarder\\\/#breadcrumb\"},\"inLanguage\":\"en-US\",\"potentialAction\":[{\"@type\":\"ReadAction\",\"target\":[\"https:\\\/\\\/soliton-gmbh.de\\\/produkt\\\/variabler-retarder\\\/\"]}]},{\"@type\":\"ImageObject\",\"inLanguage\":\"en-US\",\"@id\":\"https:\\\/\\\/soliton-gmbh.de\\\/produkt\\\/variabler-retarder\\\/#primaryimage\",\"url\":\"https:\\\/\\\/soliton-gmbh.de\\\/wp-content\\\/uploads\\\/2025\\\/01\\\/LCD6.jpg\",\"contentUrl\":\"https:\\\/\\\/soliton-gmbh.de\\\/wp-content\\\/uploads\\\/2025\\\/01\\\/LCD6.jpg\",\"width\":1455,\"height\":1331,\"caption\":\"Variabler Retarder aus Quarzglas mit Fl\u00fcssigkristallschicht zur Steuerung von Lichtpolarisation im Bereich von 450\u20131800 nm.\"},{\"@type\":\"BreadcrumbList\",\"@id\":\"https:\\\/\\\/soliton-gmbh.de\\\/produkt\\\/variabler-retarder\\\/#breadcrumb\",\"itemListElement\":[{\"@type\":\"ListItem\",\"position\":1,\"name\":\"Startseite\",\"item\":\"https:\\\/\\\/soliton-gmbh.de\\\/\"},{\"@type\":\"ListItem\",\"position\":2,\"name\":\"Produkte\",\"item\":\"https:\\\/\\\/soliton-gmbh.de\\\/produkte\\\/\"},{\"@type\":\"ListItem\",\"position\":3,\"name\":\"Variable Retarder\"}]},{\"@type\":\"WebSite\",\"@id\":\"https:\\\/\\\/soliton-gmbh.de\\\/#website\",\"url\":\"https:\\\/\\\/soliton-gmbh.de\\\/\",\"name\":\"Soliton Laser- und Messtechnik GmbH\",\"description\":\"\",\"publisher\":{\"@id\":\"https:\\\/\\\/soliton-gmbh.de\\\/#organization\"},\"potentialAction\":[{\"@type\":\"SearchAction\",\"target\":{\"@type\":\"EntryPoint\",\"urlTemplate\":\"https:\\\/\\\/soliton-gmbh.de\\\/?s={search_term_string}\"},\"query-input\":{\"@type\":\"PropertyValueSpecification\",\"valueRequired\":true,\"valueName\":\"search_term_string\"}}],\"inLanguage\":\"en-US\"},{\"@type\":\"Organization\",\"@id\":\"https:\\\/\\\/soliton-gmbh.de\\\/#organization\",\"name\":\"Soliton GmbH\",\"url\":\"https:\\\/\\\/soliton-gmbh.de\\\/\",\"logo\":{\"@type\":\"ImageObject\",\"inLanguage\":\"en-US\",\"@id\":\"https:\\\/\\\/soliton-gmbh.de\\\/#\\\/schema\\\/logo\\\/image\\\/\",\"url\":\"https:\\\/\\\/soliton-gmbh.de\\\/wp-content\\\/uploads\\\/2022\\\/08\\\/cropped-soliton-logo.png\",\"contentUrl\":\"https:\\\/\\\/soliton-gmbh.de\\\/wp-content\\\/uploads\\\/2022\\\/08\\\/cropped-soliton-logo.png\",\"width\":500,\"height\":350,\"caption\":\"Soliton GmbH\"},\"image\":{\"@id\":\"https:\\\/\\\/soliton-gmbh.de\\\/#\\\/schema\\\/logo\\\/image\\\/\"}}]}<\/script>\n<meta property=\"product:price:amount\" content=\"0.00\" \/>\n<meta property=\"product:price:currency\" content=\"EUR\" \/>\n<meta property=\"og:availability\" content=\"instock\" \/>\n<meta property=\"product:availability\" content=\"instock\" \/>\n<meta property=\"product:condition\" content=\"new\" \/>\n<!-- \/ Yoast SEO Premium plugin. -->","yoast_head_json":{"title":"Variable retarder - Soliton","description":"Variable retarder from Meadowlark Optics: Electrically controllable polarization retarder for research and industry. Precision and flexibility guaranteed.","robots":{"index":"index","follow":"follow","max-snippet":"max-snippet:-1","max-image-preview":"max-image-preview:large","max-video-preview":"max-video-preview:-1"},"canonical":"https:\/\/soliton-gmbh.de\/en\/product\/variable-retarder\/","og_locale":"en_US","og_type":"article","og_title":"Variable Retarder","og_description":"Variable Retarder von Meadowlark Optics: Elektrisch steuerbare Polarisationsverz\u00f6gerung f\u00fcr Forschung und Industrie. Pr\u00e4zision und Flexibilit\u00e4t garantiert.","og_url":"https:\/\/soliton-gmbh.de\/en\/product\/variable-retarder\/","og_site_name":"Soliton Laser- und Messtechnik GmbH","article_modified_time":"2025-07-02T15:34:11+00:00","og_image":[{"width":1455,"height":1331,"url":"https:\/\/soliton-gmbh.de\/wp-content\/uploads\/2025\/01\/LCD6.jpg","type":"image\/jpeg"}],"twitter_card":"summary_large_image","twitter_misc":{"Price":"&euro;0.00","Availability":"In stock"},"schema":{"@context":"https:\/\/schema.org","@graph":[{"@type":"WebPage","@id":"https:\/\/soliton-gmbh.de\/produkt\/variabler-retarder\/","url":"https:\/\/soliton-gmbh.de\/produkt\/variabler-retarder\/","name":"Variable retarder - Soliton","isPartOf":{"@id":"https:\/\/soliton-gmbh.de\/#website"},"primaryImageOfPage":{"@id":"https:\/\/soliton-gmbh.de\/produkt\/variabler-retarder\/#primaryimage"},"image":{"@id":"https:\/\/soliton-gmbh.de\/produkt\/variabler-retarder\/#primaryimage"},"thumbnailUrl":"https:\/\/soliton-gmbh.de\/wp-content\/uploads\/2025\/01\/LCD6.jpg","datePublished":"2025-01-07T09:57:37+00:00","dateModified":"2025-07-02T15:34:11+00:00","description":"Variable retarder from Meadowlark Optics: Electrically controllable polarization retarder for research and industry. Precision and flexibility guaranteed.","breadcrumb":{"@id":"https:\/\/soliton-gmbh.de\/produkt\/variabler-retarder\/#breadcrumb"},"inLanguage":"en-US","potentialAction":[{"@type":"ReadAction","target":["https:\/\/soliton-gmbh.de\/produkt\/variabler-retarder\/"]}]},{"@type":"ImageObject","inLanguage":"en-US","@id":"https:\/\/soliton-gmbh.de\/produkt\/variabler-retarder\/#primaryimage","url":"https:\/\/soliton-gmbh.de\/wp-content\/uploads\/2025\/01\/LCD6.jpg","contentUrl":"https:\/\/soliton-gmbh.de\/wp-content\/uploads\/2025\/01\/LCD6.jpg","width":1455,"height":1331,"caption":"Variabler Retarder aus Quarzglas mit Fl\u00fcssigkristallschicht zur Steuerung von Lichtpolarisation im Bereich von 450\u20131800 nm."},{"@type":"BreadcrumbList","@id":"https:\/\/soliton-gmbh.de\/produkt\/variabler-retarder\/#breadcrumb","itemListElement":[{"@type":"ListItem","position":1,"name":"Startseite","item":"https:\/\/soliton-gmbh.de\/"},{"@type":"ListItem","position":2,"name":"Produkte","item":"https:\/\/soliton-gmbh.de\/produkte\/"},{"@type":"ListItem","position":3,"name":"Variable Retarder"}]},{"@type":"WebSite","@id":"https:\/\/soliton-gmbh.de\/#website","url":"https:\/\/soliton-gmbh.de\/","name":"Soliton Laser- und Messtechnik GmbH","description":"","publisher":{"@id":"https:\/\/soliton-gmbh.de\/#organization"},"potentialAction":[{"@type":"SearchAction","target":{"@type":"EntryPoint","urlTemplate":"https:\/\/soliton-gmbh.de\/?s={search_term_string}"},"query-input":{"@type":"PropertyValueSpecification","valueRequired":true,"valueName":"search_term_string"}}],"inLanguage":"en-US"},{"@type":"Organization","@id":"https:\/\/soliton-gmbh.de\/#organization","name":"Soliton GmbH","url":"https:\/\/soliton-gmbh.de\/","logo":{"@type":"ImageObject","inLanguage":"en-US","@id":"https:\/\/soliton-gmbh.de\/#\/schema\/logo\/image\/","url":"https:\/\/soliton-gmbh.de\/wp-content\/uploads\/2022\/08\/cropped-soliton-logo.png","contentUrl":"https:\/\/soliton-gmbh.de\/wp-content\/uploads\/2022\/08\/cropped-soliton-logo.png","width":500,"height":350,"caption":"Soliton GmbH"},"image":{"@id":"https:\/\/soliton-gmbh.de\/#\/schema\/logo\/image\/"}}]},"product_price_amount":"0.00","product_price_currency":"EUR","og_availability":"instock","product_availability":"instock","product_condition":"new"},"uagb_featured_image_src":{"full":["https:\/\/soliton-gmbh.de\/wp-content\/uploads\/2025\/01\/LCD6.jpg",1455,1331,false],"thumbnail":["https:\/\/soliton-gmbh.de\/wp-content\/uploads\/2025\/01\/LCD6-150x150.jpg",150,150,true],"medium":["https:\/\/soliton-gmbh.de\/wp-content\/uploads\/2025\/01\/LCD6-300x274.jpg",300,274,true],"medium_large":["https:\/\/soliton-gmbh.de\/wp-content\/uploads\/2025\/01\/LCD6-768x703.jpg",768,703,true],"large":["https:\/\/soliton-gmbh.de\/wp-content\/uploads\/2025\/01\/LCD6-1024x937.jpg",1024,937,true],"1536x1536":["https:\/\/soliton-gmbh.de\/wp-content\/uploads\/2025\/01\/LCD6.jpg",1455,1331,false],"2048x2048":["https:\/\/soliton-gmbh.de\/wp-content\/uploads\/2025\/01\/LCD6.jpg",1455,1331,false],"trp-custom-language-flag":["https:\/\/soliton-gmbh.de\/wp-content\/uploads\/2025\/01\/LCD6-13x12.jpg",13,12,true],"woocommerce_thumbnail":["https:\/\/soliton-gmbh.de\/wp-content\/uploads\/2025\/01\/LCD6-600x549.jpg",600,549,true],"woocommerce_single":["https:\/\/soliton-gmbh.de\/wp-content\/uploads\/2025\/01\/LCD6-1200x1098.jpg",1200,1098,true],"woocommerce_gallery_thumbnail":["https:\/\/soliton-gmbh.de\/wp-content\/uploads\/2025\/01\/LCD6-300x300.jpg",300,300,true]},"uagb_author_info":{"display_name":"Daniel","author_link":"https:\/\/soliton-gmbh.de\/en\/author\/"},"uagb_comment_info":0,"uagb_excerpt":"Computersteuerung Optionen zur Temperaturregelung Verwendbar von 450 bis 1800 nm Pr\u00e4zise nicht-mechanische Verz\u00f6gerungssteuerung Ansprechpartner: Markus Eib, Tel: 08105-779240","_links":{"self":[{"href":"https:\/\/soliton-gmbh.de\/en\/wp-json\/wp\/v2\/product\/8821","targetHints":{"allow":["GET"]}}],"collection":[{"href":"https:\/\/soliton-gmbh.de\/en\/wp-json\/wp\/v2\/product"}],"about":[{"href":"https:\/\/soliton-gmbh.de\/en\/wp-json\/wp\/v2\/types\/product"}],"wp:featuredmedia":[{"embeddable":true,"href":"https:\/\/soliton-gmbh.de\/en\/wp-json\/wp\/v2\/media\/8822"}],"wp:attachment":[{"href":"https:\/\/soliton-gmbh.de\/en\/wp-json\/wp\/v2\/media?parent=8821"}],"wp:term":[{"taxonomy":"product_brand","embeddable":true,"href":"https:\/\/soliton-gmbh.de\/en\/wp-json\/wp\/v2\/product_brand?post=8821"},{"taxonomy":"product_cat","embeddable":true,"href":"https:\/\/soliton-gmbh.de\/en\/wp-json\/wp\/v2\/product_cat?post=8821"},{"taxonomy":"product_tag","embeddable":true,"href":"https:\/\/soliton-gmbh.de\/en\/wp-json\/wp\/v2\/product_tag?post=8821"}],"curies":[{"name":"wp","href":"https:\/\/api.w.org\/{rel}","templated":true}]}}