{"id":8667,"date":"2024-11-29T16:26:18","date_gmt":"2024-11-29T15:26:18","guid":{"rendered":"https:\/\/soliton-gmbh.de\/?post_type=product&#038;p=8667"},"modified":"2025-01-09T19:00:56","modified_gmt":"2025-01-09T18:00:56","slug":"variable-beam-attenuator","status":"publish","type":"product","link":"https:\/\/soliton-gmbh.de\/en\/produkt\/variabler-strahlabschwaecher\/","title":{"rendered":"Variable beam attenuator"},"content":{"rendered":"<p>Der <strong>Variable Strahlabschw\u00e4cher<\/strong> (Liquid Crystal Variable Attenuator, LCVA) bietet eine stufenlose und hochpr\u00e4zise Steuerung der Lichtintensit\u00e4t in Echtzeit.\u00a0 Die Transmission des Lichts kann je nach Bedarf durch den Einsatz modernster Fl\u00fcssigkristalltechnologie<span style=\"font-size: 16px;\">\u00a0angepasst werden. Dies macht den LCVA zu einer unverzichtbaren Komponente in optischen Systemen, bei denen Kontrolle und Flexibilit\u00e4t gefragt sind.<\/span><\/p>\n<h4><strong>Funktionsweise und Aufbau<\/strong><\/h4>\n<p>Der variable Strahlabschw\u00e4cher basiert auf einem Fl\u00fcssigkristall-Retarder, der zwischen zwei gekreuzten linearen Polarisatoren integriert ist. Die richtige Spannung steuert die Transmission:<\/p>\n<ul>\n<li><strong>Maximale Transmission:<\/strong> Eine halbwellenf\u00f6rmige Verz\u00f6gerung dreht die Polarisation des eingehenden Lichts um 90\u00b0, sodass der zweite Polarisator das Licht durchl\u00e4sst.<\/li>\n<li><strong>Minimale Transmission:<\/strong> Eine Verz\u00f6gerung von null oder einem Vielfachen von Wellen reduziert die Transmission auf ein Minimum.<\/li>\n<\/ul>\n<p>Die kontinuierliche Steuerung erm\u00f6glicht eine pr\u00e4zise Anpassung des Transmissionsgrades, basierend auf der Formel:<br \/>\n<strong>T(\u0398) = 1\/2 [1 &#8211; cos(\u0398)] Tmax<\/strong>, wobei Tmax den maximalen Transmissionsgrad angibt.<\/p>\n<p>Unsere <strong>variablen Optiken<\/strong> stehen f\u00fcr Pr\u00e4zision und Zuverl\u00e4ssigkeit. Falls Sie weitere\u00a0Fragen zu den Systemen haben, stellen Sie gerne eine unverbindliche Anfrage. Weitere Informationen \u00fcber die Produkte und alle technischen Datenbl\u00e4tter zu jeder Variante erhalten Sie hier: <a href=\"https:\/\/meadowlark.com\/product\/liquid-crystal-variable-attenuator\/\" target=\"_blank\" rel=\"noopener\">meadowlark.com<\/a>.<\/p>\n","protected":false},"excerpt":{"rendered":"<p><a href=\"https:\/\/soliton-gmbh.de\/wp-content\/uploads\/2023\/02\/4C-MLO-Logo.png\"><img loading=\"lazy\" decoding=\"async\" class=\"alignnone wp-image-5337\" src=\"https:\/\/soliton-gmbh.de\/wp-content\/uploads\/2023\/02\/4C-MLO-Logo-300x60.png\" alt=\"Logo of the company Meadowlark Optics\" width=\"200\" height=\"40\" srcset=\"https:\/\/soliton-gmbh.de\/wp-content\/uploads\/2023\/02\/4C-MLO-Logo-300x60.png 300w, https:\/\/soliton-gmbh.de\/wp-content\/uploads\/2023\/02\/4C-MLO-Logo-600x120.png 600w, https:\/\/soliton-gmbh.de\/wp-content\/uploads\/2023\/02\/4C-MLO-Logo-1200x240.png 1200w, https:\/\/soliton-gmbh.de\/wp-content\/uploads\/2023\/02\/4C-MLO-Logo-1024x205.png 1024w, https:\/\/soliton-gmbh.de\/wp-content\/uploads\/2023\/02\/4C-MLO-Logo-768x154.png 768w, https:\/\/soliton-gmbh.de\/wp-content\/uploads\/2023\/02\/4C-MLO-Logo-18x4.png 18w, https:\/\/soliton-gmbh.de\/wp-content\/uploads\/2023\/02\/4C-MLO-Logo.png 1500w\" sizes=\"auto, (max-width: 200px) 100vw, 200px\" \/><\/a><\/p>\n<ul>\n<li>High contrast ratio<\/li>\n<li>Computer-controlled functions<\/li>\n<li>Continuous control of light intensity<\/li>\n<\/ul>\n<p>Contact person: <a href=\"mailto:m.eib@soliton-gmbh.de\">Markus Eib, <\/a>Phone: 08105-779240<\/p>","protected":false},"featured_media":8668,"template":"","meta":{"_acf_changed":false,"_uag_custom_page_level_css":"","site-sidebar-layout":"default","site-content-layout":"","ast-site-content-layout":"default","site-content-style":"default","site-sidebar-style":"default","ast-global-header-display":"","ast-banner-title-visibility":"","ast-main-header-display":"","ast-hfb-above-header-display":"","ast-hfb-below-header-display":"","ast-hfb-mobile-header-display":"","site-post-title":"","ast-breadcrumbs-content":"","ast-featured-img":"","footer-sml-layout":"","ast-disable-related-posts":"","theme-transparent-header-meta":"default","adv-header-id-meta":"","stick-header-meta":"default","header-above-stick-meta":"","header-main-stick-meta":"","header-below-stick-meta":"","astra-migrate-meta-layouts":"set","ast-page-background-enabled":"default","ast-page-background-meta":{"desktop":{"background-color":"","background-image":"","background-repeat":"repeat","background-position":"center center","background-size":"auto","background-attachment":"scroll","background-type":"","background-media":"","overlay-type":"","overlay-color":"","overlay-opacity":"","overlay-gradient":""},"tablet":{"background-color":"","background-image":"","background-repeat":"repeat","background-position":"center center","background-size":"auto","background-attachment":"scroll","background-type":"","background-media":"","overlay-type":"","overlay-color":"","overlay-opacity":"","overlay-gradient":""},"mobile":{"background-color":"","background-image":"","background-repeat":"repeat","background-position":"center center","background-size":"auto","background-attachment":"scroll","background-type":"","background-media":"","overlay-type":"","overlay-color":"","overlay-opacity":"","overlay-gradient":""}},"ast-content-background-meta":{"desktop":{"background-color":"var(--ast-global-color-5)","background-image":"","background-repeat":"repeat","background-position":"center center","background-size":"auto","background-attachment":"scroll","background-type":"","background-media":"","overlay-type":"","overlay-color":"","overlay-opacity":"","overlay-gradient":""},"tablet":{"background-color":"var(--ast-global-color-5)","background-image":"","background-repeat":"repeat","background-position":"center center","background-size":"auto","background-attachment":"scroll","background-type":"","background-media":"","overlay-type":"","overlay-color":"","overlay-opacity":"","overlay-gradient":""},"mobile":{"background-color":"var(--ast-global-color-5)","background-image":"","background-repeat":"repeat","background-position":"center center","background-size":"auto","background-attachment":"scroll","background-type":"","background-media":"","overlay-type":"","overlay-color":"","overlay-opacity":"","overlay-gradient":""}}},"product_brand":[],"product_cat":[962],"product_tag":[1110,1106,1030,1105,1104,1111,976,972,973,1108,1109,970,1107],"class_list":{"0":"post-8667","1":"product","2":"type-product","3":"status-publish","4":"has-post-thumbnail","6":"product_cat-variable-optiken","7":"product_tag-extinktionsverhaeltnis","8":"product_tag-fluessigkristalltechnologie","9":"product_tag-laserstrahlsteuerung","10":"product_tag-lcva","11":"product_tag-lichtabschwaecher","12":"product_tag-lichttransmission","13":"product_tag-meadowlark-optics","14":"product_tag-nematische-fluessigkristalle","15":"product_tag-optische-anwendungen","16":"product_tag-optische-systeme","17":"product_tag-polarisationsoptik","18":"product_tag-praezisionsoptik","19":"product_tag-strahlintensitaetskontrolle","20":"desktop-align-left","21":"tablet-align-center","22":"mobile-align-center","23":"ast-product-gallery-layout-horizontal-slider","24":"ast-product-gallery-with-no-image","25":"ast-magnify-disabled","26":"ast-product-tabs-layout-horizontal","28":"first","29":"instock","30":"virtual","31":"purchasable","32":"product-type-simple"},"acf":[],"yoast_head":"<!-- This site is optimized with the Yoast SEO Premium plugin v27.2 (Yoast SEO v27.4) - https:\/\/yoast.com\/product\/yoast-seo-premium-wordpress\/ -->\n<title>Variabler Strahlabschw\u00e4cher - Soliton<\/title>\n<meta name=\"description\" content=\"Hochpr\u00e4ziser Variabler Strahlabschw\u00e4cher: Echtzeit-Steuerung der Lichtintensit\u00e4t mit Fl\u00fcssigkristalltechnologie. Ideal f\u00fcr Laser und Messtechnik.\" \/>\n<meta name=\"robots\" content=\"index, follow, max-snippet:-1, max-image-preview:large, max-video-preview:-1\" \/>\n<link rel=\"canonical\" href=\"https:\/\/soliton-gmbh.de\/en\/product\/variable-beam-attenuator\/\" \/>\n<meta property=\"og:locale\" content=\"en_US\" \/>\n<meta property=\"og:type\" content=\"article\" \/>\n<meta property=\"og:title\" content=\"Variabler Strahlabschw\u00e4cher\" \/>\n<meta property=\"og:description\" content=\"Hochpr\u00e4ziser Variabler Strahlabschw\u00e4cher: Echtzeit-Steuerung der Lichtintensit\u00e4t mit Fl\u00fcssigkristalltechnologie. Ideal f\u00fcr Laser und Messtechnik.\" \/>\n<meta property=\"og:url\" content=\"https:\/\/soliton-gmbh.de\/en\/product\/variable-beam-attenuator\/\" \/>\n<meta property=\"og:site_name\" content=\"Soliton Laser- und Messtechnik GmbH\" \/>\n<meta property=\"article:modified_time\" content=\"2025-01-09T18:00:56+00:00\" \/>\n<meta property=\"og:image\" content=\"https:\/\/soliton-gmbh.de\/wp-content\/uploads\/2024\/11\/LCD5-1.jpg\" \/>\n\t<meta property=\"og:image:width\" content=\"1136\" \/>\n\t<meta property=\"og:image:height\" content=\"920\" \/>\n\t<meta property=\"og:image:type\" content=\"image\/jpeg\" \/>\n<meta name=\"twitter:card\" content=\"summary_large_image\" \/>\n<meta name=\"twitter:label1\" content=\"Price\" \/>\n\t<meta name=\"twitter:data1\" content=\"&euro;0.00\" \/>\n\t<meta name=\"twitter:label2\" content=\"Availability\" \/>\n\t<meta name=\"twitter:data2\" content=\"In stock\" \/>\n<script type=\"application\/ld+json\" class=\"yoast-schema-graph\">{\"@context\":\"https:\\\/\\\/schema.org\",\"@graph\":[{\"@type\":\"WebPage\",\"@id\":\"https:\\\/\\\/soliton-gmbh.de\\\/produkt\\\/variabler-strahlabschwaecher\\\/\",\"url\":\"https:\\\/\\\/soliton-gmbh.de\\\/produkt\\\/variabler-strahlabschwaecher\\\/\",\"name\":\"Variabler Strahlabschw\u00e4cher - Soliton\",\"isPartOf\":{\"@id\":\"https:\\\/\\\/soliton-gmbh.de\\\/#website\"},\"primaryImageOfPage\":{\"@id\":\"https:\\\/\\\/soliton-gmbh.de\\\/produkt\\\/variabler-strahlabschwaecher\\\/#primaryimage\"},\"image\":{\"@id\":\"https:\\\/\\\/soliton-gmbh.de\\\/produkt\\\/variabler-strahlabschwaecher\\\/#primaryimage\"},\"thumbnailUrl\":\"https:\\\/\\\/soliton-gmbh.de\\\/wp-content\\\/uploads\\\/2024\\\/11\\\/LCD5-1.jpg\",\"datePublished\":\"2024-11-29T15:26:18+00:00\",\"dateModified\":\"2025-01-09T18:00:56+00:00\",\"description\":\"Hochpr\u00e4ziser Variabler Strahlabschw\u00e4cher: Echtzeit-Steuerung der Lichtintensit\u00e4t mit Fl\u00fcssigkristalltechnologie. Ideal f\u00fcr Laser und Messtechnik.\",\"breadcrumb\":{\"@id\":\"https:\\\/\\\/soliton-gmbh.de\\\/produkt\\\/variabler-strahlabschwaecher\\\/#breadcrumb\"},\"inLanguage\":\"en-US\",\"potentialAction\":[{\"@type\":\"ReadAction\",\"target\":[\"https:\\\/\\\/soliton-gmbh.de\\\/produkt\\\/variabler-strahlabschwaecher\\\/\"]}]},{\"@type\":\"ImageObject\",\"inLanguage\":\"en-US\",\"@id\":\"https:\\\/\\\/soliton-gmbh.de\\\/produkt\\\/variabler-strahlabschwaecher\\\/#primaryimage\",\"url\":\"https:\\\/\\\/soliton-gmbh.de\\\/wp-content\\\/uploads\\\/2024\\\/11\\\/LCD5-1.jpg\",\"contentUrl\":\"https:\\\/\\\/soliton-gmbh.de\\\/wp-content\\\/uploads\\\/2024\\\/11\\\/LCD5-1.jpg\",\"width\":1136,\"height\":920,\"caption\":\"Variabler Strahlabschw\u00e4cher mit Fl\u00fcssigkristall-Retarder und Polarisatoren f\u00fcr pr\u00e4zise Lichtsteuerung.\"},{\"@type\":\"BreadcrumbList\",\"@id\":\"https:\\\/\\\/soliton-gmbh.de\\\/produkt\\\/variabler-strahlabschwaecher\\\/#breadcrumb\",\"itemListElement\":[{\"@type\":\"ListItem\",\"position\":1,\"name\":\"Startseite\",\"item\":\"https:\\\/\\\/soliton-gmbh.de\\\/\"},{\"@type\":\"ListItem\",\"position\":2,\"name\":\"Produkte\",\"item\":\"https:\\\/\\\/soliton-gmbh.de\\\/produkte\\\/\"},{\"@type\":\"ListItem\",\"position\":3,\"name\":\"Variabler Strahlabschw\u00e4cher\"}]},{\"@type\":\"WebSite\",\"@id\":\"https:\\\/\\\/soliton-gmbh.de\\\/#website\",\"url\":\"https:\\\/\\\/soliton-gmbh.de\\\/\",\"name\":\"Soliton Laser- und Messtechnik GmbH\",\"description\":\"\",\"publisher\":{\"@id\":\"https:\\\/\\\/soliton-gmbh.de\\\/#organization\"},\"potentialAction\":[{\"@type\":\"SearchAction\",\"target\":{\"@type\":\"EntryPoint\",\"urlTemplate\":\"https:\\\/\\\/soliton-gmbh.de\\\/?s={search_term_string}\"},\"query-input\":{\"@type\":\"PropertyValueSpecification\",\"valueRequired\":true,\"valueName\":\"search_term_string\"}}],\"inLanguage\":\"en-US\"},{\"@type\":\"Organization\",\"@id\":\"https:\\\/\\\/soliton-gmbh.de\\\/#organization\",\"name\":\"Soliton GmbH\",\"url\":\"https:\\\/\\\/soliton-gmbh.de\\\/\",\"logo\":{\"@type\":\"ImageObject\",\"inLanguage\":\"en-US\",\"@id\":\"https:\\\/\\\/soliton-gmbh.de\\\/#\\\/schema\\\/logo\\\/image\\\/\",\"url\":\"https:\\\/\\\/soliton-gmbh.de\\\/wp-content\\\/uploads\\\/2022\\\/08\\\/cropped-soliton-logo.png\",\"contentUrl\":\"https:\\\/\\\/soliton-gmbh.de\\\/wp-content\\\/uploads\\\/2022\\\/08\\\/cropped-soliton-logo.png\",\"width\":500,\"height\":350,\"caption\":\"Soliton GmbH\"},\"image\":{\"@id\":\"https:\\\/\\\/soliton-gmbh.de\\\/#\\\/schema\\\/logo\\\/image\\\/\"}}]}<\/script>\n<meta property=\"product:price:amount\" content=\"0.00\" \/>\n<meta property=\"product:price:currency\" content=\"EUR\" \/>\n<meta property=\"og:availability\" content=\"instock\" \/>\n<meta property=\"product:availability\" content=\"instock\" \/>\n<meta property=\"product:condition\" content=\"new\" \/>\n<!-- \/ Yoast SEO Premium plugin. -->","yoast_head_json":{"title":"Variable beam attenuator - Soliton","description":"High-precision variable beam attenuator: real-time control of light intensity with liquid crystal technology. Ideal for lasers and measurement technology.","robots":{"index":"index","follow":"follow","max-snippet":"max-snippet:-1","max-image-preview":"max-image-preview:large","max-video-preview":"max-video-preview:-1"},"canonical":"https:\/\/soliton-gmbh.de\/en\/product\/variable-beam-attenuator\/","og_locale":"en_US","og_type":"article","og_title":"Variabler Strahlabschw\u00e4cher","og_description":"Hochpr\u00e4ziser Variabler Strahlabschw\u00e4cher: Echtzeit-Steuerung der Lichtintensit\u00e4t mit Fl\u00fcssigkristalltechnologie. Ideal f\u00fcr Laser und Messtechnik.","og_url":"https:\/\/soliton-gmbh.de\/en\/product\/variable-beam-attenuator\/","og_site_name":"Soliton Laser- und Messtechnik GmbH","article_modified_time":"2025-01-09T18:00:56+00:00","og_image":[{"width":1136,"height":920,"url":"https:\/\/soliton-gmbh.de\/wp-content\/uploads\/2024\/11\/LCD5-1.jpg","type":"image\/jpeg"}],"twitter_card":"summary_large_image","twitter_misc":{"Price":"&euro;0.00","Availability":"In stock"},"schema":{"@context":"https:\/\/schema.org","@graph":[{"@type":"WebPage","@id":"https:\/\/soliton-gmbh.de\/produkt\/variabler-strahlabschwaecher\/","url":"https:\/\/soliton-gmbh.de\/produkt\/variabler-strahlabschwaecher\/","name":"Variable beam attenuator - Soliton","isPartOf":{"@id":"https:\/\/soliton-gmbh.de\/#website"},"primaryImageOfPage":{"@id":"https:\/\/soliton-gmbh.de\/produkt\/variabler-strahlabschwaecher\/#primaryimage"},"image":{"@id":"https:\/\/soliton-gmbh.de\/produkt\/variabler-strahlabschwaecher\/#primaryimage"},"thumbnailUrl":"https:\/\/soliton-gmbh.de\/wp-content\/uploads\/2024\/11\/LCD5-1.jpg","datePublished":"2024-11-29T15:26:18+00:00","dateModified":"2025-01-09T18:00:56+00:00","description":"High-precision variable beam attenuator: real-time control of light intensity with liquid crystal technology. Ideal for lasers and measurement technology.","breadcrumb":{"@id":"https:\/\/soliton-gmbh.de\/produkt\/variabler-strahlabschwaecher\/#breadcrumb"},"inLanguage":"en-US","potentialAction":[{"@type":"ReadAction","target":["https:\/\/soliton-gmbh.de\/produkt\/variabler-strahlabschwaecher\/"]}]},{"@type":"ImageObject","inLanguage":"en-US","@id":"https:\/\/soliton-gmbh.de\/produkt\/variabler-strahlabschwaecher\/#primaryimage","url":"https:\/\/soliton-gmbh.de\/wp-content\/uploads\/2024\/11\/LCD5-1.jpg","contentUrl":"https:\/\/soliton-gmbh.de\/wp-content\/uploads\/2024\/11\/LCD5-1.jpg","width":1136,"height":920,"caption":"Variabler Strahlabschw\u00e4cher mit Fl\u00fcssigkristall-Retarder und Polarisatoren f\u00fcr pr\u00e4zise Lichtsteuerung."},{"@type":"BreadcrumbList","@id":"https:\/\/soliton-gmbh.de\/produkt\/variabler-strahlabschwaecher\/#breadcrumb","itemListElement":[{"@type":"ListItem","position":1,"name":"Startseite","item":"https:\/\/soliton-gmbh.de\/"},{"@type":"ListItem","position":2,"name":"Produkte","item":"https:\/\/soliton-gmbh.de\/produkte\/"},{"@type":"ListItem","position":3,"name":"Variabler Strahlabschw\u00e4cher"}]},{"@type":"WebSite","@id":"https:\/\/soliton-gmbh.de\/#website","url":"https:\/\/soliton-gmbh.de\/","name":"Soliton Laser- und Messtechnik GmbH","description":"","publisher":{"@id":"https:\/\/soliton-gmbh.de\/#organization"},"potentialAction":[{"@type":"SearchAction","target":{"@type":"EntryPoint","urlTemplate":"https:\/\/soliton-gmbh.de\/?s={search_term_string}"},"query-input":{"@type":"PropertyValueSpecification","valueRequired":true,"valueName":"search_term_string"}}],"inLanguage":"en-US"},{"@type":"Organization","@id":"https:\/\/soliton-gmbh.de\/#organization","name":"Soliton GmbH","url":"https:\/\/soliton-gmbh.de\/","logo":{"@type":"ImageObject","inLanguage":"en-US","@id":"https:\/\/soliton-gmbh.de\/#\/schema\/logo\/image\/","url":"https:\/\/soliton-gmbh.de\/wp-content\/uploads\/2022\/08\/cropped-soliton-logo.png","contentUrl":"https:\/\/soliton-gmbh.de\/wp-content\/uploads\/2022\/08\/cropped-soliton-logo.png","width":500,"height":350,"caption":"Soliton GmbH"},"image":{"@id":"https:\/\/soliton-gmbh.de\/#\/schema\/logo\/image\/"}}]},"product_price_amount":"0.00","product_price_currency":"EUR","og_availability":"instock","product_availability":"instock","product_condition":"new"},"uagb_featured_image_src":{"full":["https:\/\/soliton-gmbh.de\/wp-content\/uploads\/2024\/11\/LCD5-1.jpg",1136,920,false],"thumbnail":["https:\/\/soliton-gmbh.de\/wp-content\/uploads\/2024\/11\/LCD5-1-150x150.jpg",150,150,true],"medium":["https:\/\/soliton-gmbh.de\/wp-content\/uploads\/2024\/11\/LCD5-1-300x243.jpg",300,243,true],"medium_large":["https:\/\/soliton-gmbh.de\/wp-content\/uploads\/2024\/11\/LCD5-1-768x622.jpg",768,622,true],"large":["https:\/\/soliton-gmbh.de\/wp-content\/uploads\/2024\/11\/LCD5-1-1024x829.jpg",1024,829,true],"1536x1536":["https:\/\/soliton-gmbh.de\/wp-content\/uploads\/2024\/11\/LCD5-1.jpg",1136,920,false],"2048x2048":["https:\/\/soliton-gmbh.de\/wp-content\/uploads\/2024\/11\/LCD5-1.jpg",1136,920,false],"trp-custom-language-flag":["https:\/\/soliton-gmbh.de\/wp-content\/uploads\/2024\/11\/LCD5-1-15x12.jpg",15,12,true],"woocommerce_thumbnail":["https:\/\/soliton-gmbh.de\/wp-content\/uploads\/2024\/11\/LCD5-1-600x486.jpg",600,486,true],"woocommerce_single":["https:\/\/soliton-gmbh.de\/wp-content\/uploads\/2024\/11\/LCD5-1.jpg",1136,920,false],"woocommerce_gallery_thumbnail":["https:\/\/soliton-gmbh.de\/wp-content\/uploads\/2024\/11\/LCD5-1-300x300.jpg",300,300,true]},"uagb_author_info":{"display_name":"Daniel","author_link":"https:\/\/soliton-gmbh.de\/en\/author\/"},"uagb_comment_info":0,"uagb_excerpt":"Hohes Kontrastverh\u00e4ltnis Computergesteuerte Funktionen Kontinuierliche Steuerung der Lichtintensit\u00e4t Ansprechpartner: Markus Eib, Tel: 08105-779240","_links":{"self":[{"href":"https:\/\/soliton-gmbh.de\/en\/wp-json\/wp\/v2\/product\/8667","targetHints":{"allow":["GET"]}}],"collection":[{"href":"https:\/\/soliton-gmbh.de\/en\/wp-json\/wp\/v2\/product"}],"about":[{"href":"https:\/\/soliton-gmbh.de\/en\/wp-json\/wp\/v2\/types\/product"}],"wp:featuredmedia":[{"embeddable":true,"href":"https:\/\/soliton-gmbh.de\/en\/wp-json\/wp\/v2\/media\/8668"}],"wp:attachment":[{"href":"https:\/\/soliton-gmbh.de\/en\/wp-json\/wp\/v2\/media?parent=8667"}],"wp:term":[{"taxonomy":"product_brand","embeddable":true,"href":"https:\/\/soliton-gmbh.de\/en\/wp-json\/wp\/v2\/product_brand?post=8667"},{"taxonomy":"product_cat","embeddable":true,"href":"https:\/\/soliton-gmbh.de\/en\/wp-json\/wp\/v2\/product_cat?post=8667"},{"taxonomy":"product_tag","embeddable":true,"href":"https:\/\/soliton-gmbh.de\/en\/wp-json\/wp\/v2\/product_tag?post=8667"}],"curies":[{"name":"wp","href":"https:\/\/api.w.org\/{rel}","templated":true}]}}