{"id":8643,"date":"2024-11-27T15:38:06","date_gmt":"2024-11-27T14:38:06","guid":{"rendered":"https:\/\/soliton-gmbh.de\/?post_type=product&#038;p=8643"},"modified":"2026-04-14T23:21:05","modified_gmt":"2026-04-14T21:21:05","slug":"digital-interface-controller","status":"publish","type":"product","link":"https:\/\/soliton-gmbh.de\/en\/produkt\/digital-interface-controller\/","title":{"rendered":"Digital Interface Controller"},"content":{"rendered":"<p>The <strong>Digital interface controller D5020<\/strong> from Meadowlark Optics sets new standards in liquid crystal technology. This controller enables precise control and modulation of liquid crystal devices such as variable retarders, rotators and shutters. The advanced <strong>CellDRIVE 5000 software<\/strong> and the integrated USB interfaces make operation intuitive and flexible.<\/p>\n<h2><strong>LC digital controller for maximum versatility and flexibility<\/strong><\/h2>\n<p>The <strong>D5020 controller<\/strong> supports two independent channels with voltage and temperature control. In addition, it generates a <strong>2 kHz AC square wave<\/strong>, which can be modulated internally. In addition, the choice of modulation waveforms, including sinusoidal, triangular, square and transient nematic, allows maximum flexibility for demanding optical applications. In addition, the TTL synchronization output offers user-defined timing and phase settings that can be implemented precisely and reliably.<\/p>\n<h3><strong>Easy integration and comprehensive compatibility<\/strong><\/h3>\n<p>Thanks to its compact dimensions of <strong>5.50 x 5.25 x 1.63 inches<\/strong> and a weight of only <strong>1.8 pounds<\/strong> the <strong>Digital Interface Controller<\/strong> into any laboratory system. In addition, LabVIEW compatibility ensures precise control and modulation directly from the software. In addition, the <strong>liquid crystal digital controller<\/strong> a USB power supply and several external control options. This makes it universally usable and flexible for a wide range of applications.<\/p>\n<h3><strong>Advanced functions for liquid crystal control in the D5020 controller<\/strong><\/h3>\n<p>The <strong>LC digital controller<\/strong> offers advanced features such as active heating and passive cooling control. These maintain the temperatures of the liquid crystal devices with an accuracy of <strong>\u00b11\u00b0C<\/strong> constant. This keeps the performance of the devices stable, even under changing conditions. In addition, the <strong>CellDRIVE 5000 software<\/strong> separate synchronization outputs for each channel. It also supports extensive customizations necessary for the requirements of modern optical applications.<\/p>\n<h2><strong>Ideal for research and industry<\/strong><\/h2>\n<p>The <strong>Digital interface controller D5020<\/strong> from Meadowlark Optics is the perfect solution for precise control and modulation of liquid crystal devices. It also impresses with advanced functions and intuitive operation. Due to its robust design, it is ideal for applications in research, development and industrial systems. In addition, it sets new standards in liquid crystal technology.<\/p>\n<ul>\n<li>D5020 (standard)<\/li>\n<li>D5020 \u2013 20V (20 volt version)<\/li>\n<li>D5020 \u2013 HS (High Speed)<\/li>\n<\/ul>\n<p>Our <strong>variable optics<\/strong> stand for precision and reliability. If you have any further questions about the systems, please feel free to send us a non-binding inquiry. Further information about the products and all technical data sheets for each variant can be found here: <a href=\"https:\/\/meadowlark.com\/product\/high-speed-liquid-crystal-digital-interface-controller\/\" target=\"_blank\" rel=\"noopener\">meadowlark.com<\/a>.<\/p>","protected":false},"excerpt":{"rendered":"<p><a href=\"https:\/\/soliton-gmbh.de\/wp-content\/uploads\/2023\/02\/4C-MLO-Logo.png\"><img loading=\"lazy\" decoding=\"async\" class=\"alignnone wp-image-5337\" src=\"https:\/\/soliton-gmbh.de\/wp-content\/uploads\/2023\/02\/4C-MLO-Logo-300x60.png\" alt=\"Logo of Meadowlark Optics\" width=\"200\" height=\"40\" srcset=\"https:\/\/soliton-gmbh.de\/wp-content\/uploads\/2023\/02\/4C-MLO-Logo-300x60.png 300w, https:\/\/soliton-gmbh.de\/wp-content\/uploads\/2023\/02\/4C-MLO-Logo-600x120.png 600w, https:\/\/soliton-gmbh.de\/wp-content\/uploads\/2023\/02\/4C-MLO-Logo-1200x240.png 1200w, https:\/\/soliton-gmbh.de\/wp-content\/uploads\/2023\/02\/4C-MLO-Logo-1024x205.png 1024w, https:\/\/soliton-gmbh.de\/wp-content\/uploads\/2023\/02\/4C-MLO-Logo-768x154.png 768w, https:\/\/soliton-gmbh.de\/wp-content\/uploads\/2023\/02\/4C-MLO-Logo-18x4.png 18w, https:\/\/soliton-gmbh.de\/wp-content\/uploads\/2023\/02\/4C-MLO-Logo.png 1500w\" sizes=\"auto, (max-width: 200px) 100vw, 200px\" \/><\/a><\/p>\n<ul>\n<li>Two channels for voltage and temperature sensing and control (TSC)<\/li>\n<li>USB Powered<\/li>\n<li>Internally generated waveforms<\/li>\n<li>Independent SMB I\/O ports for each channel<\/li>\n<li>Multiple external control options<\/li>\n<\/ul>","protected":false},"featured_media":8644,"template":"","meta":{"_acf_changed":false,"_uag_custom_page_level_css":"","site-sidebar-layout":"default","site-content-layout":"","ast-site-content-layout":"default","site-content-style":"default","site-sidebar-style":"default","ast-global-header-display":"","ast-banner-title-visibility":"","ast-main-header-display":"","ast-hfb-above-header-display":"","ast-hfb-below-header-display":"","ast-hfb-mobile-header-display":"","site-post-title":"","ast-breadcrumbs-content":"","ast-featured-img":"","footer-sml-layout":"","ast-disable-related-posts":"","theme-transparent-header-meta":"default","adv-header-id-meta":"","stick-header-meta":"default","header-above-stick-meta":"","header-main-stick-meta":"","header-below-stick-meta":"","astra-migrate-meta-layouts":"set","ast-page-background-enabled":"default","ast-page-background-meta":{"desktop":{"background-color":"","background-image":"","background-repeat":"repeat","background-position":"center center","background-size":"auto","background-attachment":"scroll","background-type":"","background-media":"","overlay-type":"","overlay-color":"","overlay-opacity":"","overlay-gradient":""},"tablet":{"background-color":"","background-image":"","background-repeat":"repeat","background-position":"center center","background-size":"auto","background-attachment":"scroll","background-type":"","background-media":"","overlay-type":"","overlay-color":"","overlay-opacity":"","overlay-gradient":""},"mobile":{"background-color":"","background-image":"","background-repeat":"repeat","background-position":"center center","background-size":"auto","background-attachment":"scroll","background-type":"","background-media":"","overlay-type":"","overlay-color":"","overlay-opacity":"","overlay-gradient":""}},"ast-content-background-meta":{"desktop":{"background-color":"var(--ast-global-color-5)","background-image":"","background-repeat":"repeat","background-position":"center center","background-size":"auto","background-attachment":"scroll","background-type":"","background-media":"","overlay-type":"","overlay-color":"","overlay-opacity":"","overlay-gradient":""},"tablet":{"background-color":"var(--ast-global-color-5)","background-image":"","background-repeat":"repeat","background-position":"center center","background-size":"auto","background-attachment":"scroll","background-type":"","background-media":"","overlay-type":"","overlay-color":"","overlay-opacity":"","overlay-gradient":""},"mobile":{"background-color":"var(--ast-global-color-5)","background-image":"","background-repeat":"repeat","background-position":"center center","background-size":"auto","background-attachment":"scroll","background-type":"","background-media":"","overlay-type":"","overlay-color":"","overlay-opacity":"","overlay-gradient":""}}},"product_brand":[1609],"product_cat":[962],"product_tag":[1038,1035,1032,1034,967,1042,1033,976,1041,1039,973,1040,1043,1037,1036],"class_list":{"0":"post-8643","1":"product","2":"type-product","3":"status-publish","4":"has-post-thumbnail","6":"product_brand-meadowlark-optics","7":"product_cat-variable-optiken","8":"product_tag-celldrive-5000-software","9":"product_tag-d5020-controller","10":"product_tag-digital-interface-controller","11":"product_tag-fluessigkristall-digitalsteuerung","12":"product_tag-fluessigkristall-technologie","13":"product_tag-labview-kompatibilitaet","14":"product_tag-lc-digitalcontroller","15":"product_tag-meadowlark-optics","16":"product_tag-modulationswellenformen","17":"product_tag-nematischer-effekt","18":"product_tag-optische-anwendungen","19":"product_tag-praezise-retardance-steuerung","20":"product_tag-temperaturkontrolle","21":"product_tag-usb-gesteuerter-controller","22":"product_tag-zwei-kanal-controller","23":"desktop-align-left","24":"tablet-align-center","25":"mobile-align-center","26":"ast-product-gallery-layout-horizontal-slider","27":"ast-product-gallery-with-no-image","28":"ast-magnify-disabled","29":"ast-product-tabs-layout-horizontal","31":"first","32":"instock","33":"virtual","34":"sold-individually","35":"purchasable","36":"product-type-simple"},"acf":[],"yoast_head":"<!-- This site is optimized with the Yoast SEO Premium plugin v27.2 (Yoast SEO v27.5) - https:\/\/yoast.com\/product\/yoast-seo-premium-wordpress\/ -->\n<title>Digital Interface Controller - Soliton<\/title>\n<meta name=\"description\" content=\"Der Digital Interface Controller bietet pr\u00e4zise Steuerung von Fl\u00fcssigkristallger\u00e4ten mit zwei Kan\u00e4len, USB-Anschluss und umfangreichen Modulationsoptionen.\" \/>\n<meta name=\"robots\" content=\"index, follow, max-snippet:-1, max-image-preview:large, max-video-preview:-1\" \/>\n<link rel=\"canonical\" href=\"https:\/\/soliton-gmbh.de\/en\/product\/digital-interface-controller\/\" \/>\n<meta property=\"og:locale\" content=\"en_US\" \/>\n<meta property=\"og:type\" content=\"article\" \/>\n<meta property=\"og:title\" content=\"Digital Interface Controller\" \/>\n<meta property=\"og:description\" content=\"Der Digital Interface Controller bietet pr\u00e4zise Steuerung von Fl\u00fcssigkristallger\u00e4ten mit zwei Kan\u00e4len, USB-Anschluss und umfangreichen Modulationsoptionen.\" \/>\n<meta property=\"og:url\" content=\"https:\/\/soliton-gmbh.de\/en\/product\/digital-interface-controller\/\" \/>\n<meta property=\"og:site_name\" content=\"Soliton Laser- und Messtechnik GmbH\" \/>\n<meta property=\"article:modified_time\" content=\"2026-04-14T21:21:05+00:00\" \/>\n<meta property=\"og:image\" content=\"https:\/\/soliton-gmbh.de\/wp-content\/uploads\/2024\/11\/LCD4.jpg\" \/>\n\t<meta property=\"og:image:width\" content=\"1417\" \/>\n\t<meta property=\"og:image:height\" content=\"1147\" \/>\n\t<meta property=\"og:image:type\" content=\"image\/jpeg\" \/>\n<meta name=\"twitter:card\" content=\"summary_large_image\" \/>\n<meta name=\"twitter:label1\" content=\"Price\" \/>\n\t<meta name=\"twitter:data1\" content=\"&euro;0.00\" \/>\n\t<meta name=\"twitter:label2\" content=\"Availability\" \/>\n\t<meta name=\"twitter:data2\" content=\"In stock\" \/>\n<script type=\"application\/ld+json\" class=\"yoast-schema-graph\">{\"@context\":\"https:\\\/\\\/schema.org\",\"@graph\":[{\"@type\":\"WebPage\",\"@id\":\"https:\\\/\\\/soliton-gmbh.de\\\/produkt\\\/digital-interface-controller\\\/\",\"url\":\"https:\\\/\\\/soliton-gmbh.de\\\/produkt\\\/digital-interface-controller\\\/\",\"name\":\"Digital Interface Controller - Soliton\",\"isPartOf\":{\"@id\":\"https:\\\/\\\/soliton-gmbh.de\\\/#website\"},\"primaryImageOfPage\":{\"@id\":\"https:\\\/\\\/soliton-gmbh.de\\\/produkt\\\/digital-interface-controller\\\/#primaryimage\"},\"image\":{\"@id\":\"https:\\\/\\\/soliton-gmbh.de\\\/produkt\\\/digital-interface-controller\\\/#primaryimage\"},\"thumbnailUrl\":\"https:\\\/\\\/soliton-gmbh.de\\\/wp-content\\\/uploads\\\/2024\\\/11\\\/LCD4.jpg\",\"datePublished\":\"2024-11-27T14:38:06+00:00\",\"dateModified\":\"2026-04-14T21:21:05+00:00\",\"description\":\"Der Digital Interface Controller bietet pr\u00e4zise Steuerung von Fl\u00fcssigkristallger\u00e4ten mit zwei Kan\u00e4len, USB-Anschluss und umfangreichen Modulationsoptionen.\",\"breadcrumb\":{\"@id\":\"https:\\\/\\\/soliton-gmbh.de\\\/produkt\\\/digital-interface-controller\\\/#breadcrumb\"},\"inLanguage\":\"en-US\",\"potentialAction\":[{\"@type\":\"ReadAction\",\"target\":[\"https:\\\/\\\/soliton-gmbh.de\\\/produkt\\\/digital-interface-controller\\\/\"]}]},{\"@type\":\"ImageObject\",\"inLanguage\":\"en-US\",\"@id\":\"https:\\\/\\\/soliton-gmbh.de\\\/produkt\\\/digital-interface-controller\\\/#primaryimage\",\"url\":\"https:\\\/\\\/soliton-gmbh.de\\\/wp-content\\\/uploads\\\/2024\\\/11\\\/LCD4.jpg\",\"contentUrl\":\"https:\\\/\\\/soliton-gmbh.de\\\/wp-content\\\/uploads\\\/2024\\\/11\\\/LCD4.jpg\",\"width\":1417,\"height\":1147,\"caption\":\"Digital Interface Controller D5020 von Meadowlark Optics f\u00fcr Fl\u00fcssigkristallger\u00e4te mit USB-Schnittstelle und CellDRIVE 5000 Software\"},{\"@type\":\"BreadcrumbList\",\"@id\":\"https:\\\/\\\/soliton-gmbh.de\\\/produkt\\\/digital-interface-controller\\\/#breadcrumb\",\"itemListElement\":[{\"@type\":\"ListItem\",\"position\":1,\"name\":\"Startseite\",\"item\":\"https:\\\/\\\/soliton-gmbh.de\\\/\"},{\"@type\":\"ListItem\",\"position\":2,\"name\":\"Produkte\",\"item\":\"https:\\\/\\\/soliton-gmbh.de\\\/produkte\\\/\"},{\"@type\":\"ListItem\",\"position\":3,\"name\":\"Digital Interface Controller\"}]},{\"@type\":\"WebSite\",\"@id\":\"https:\\\/\\\/soliton-gmbh.de\\\/#website\",\"url\":\"https:\\\/\\\/soliton-gmbh.de\\\/\",\"name\":\"Soliton Laser- und Messtechnik GmbH\",\"description\":\"\",\"publisher\":{\"@id\":\"https:\\\/\\\/soliton-gmbh.de\\\/#organization\"},\"potentialAction\":[{\"@type\":\"SearchAction\",\"target\":{\"@type\":\"EntryPoint\",\"urlTemplate\":\"https:\\\/\\\/soliton-gmbh.de\\\/?s={search_term_string}\"},\"query-input\":{\"@type\":\"PropertyValueSpecification\",\"valueRequired\":true,\"valueName\":\"search_term_string\"}}],\"inLanguage\":\"en-US\"},{\"@type\":\"Organization\",\"@id\":\"https:\\\/\\\/soliton-gmbh.de\\\/#organization\",\"name\":\"Soliton GmbH\",\"url\":\"https:\\\/\\\/soliton-gmbh.de\\\/\",\"logo\":{\"@type\":\"ImageObject\",\"inLanguage\":\"en-US\",\"@id\":\"https:\\\/\\\/soliton-gmbh.de\\\/#\\\/schema\\\/logo\\\/image\\\/\",\"url\":\"https:\\\/\\\/soliton-gmbh.de\\\/wp-content\\\/uploads\\\/2022\\\/08\\\/cropped-soliton-logo.png\",\"contentUrl\":\"https:\\\/\\\/soliton-gmbh.de\\\/wp-content\\\/uploads\\\/2022\\\/08\\\/cropped-soliton-logo.png\",\"width\":500,\"height\":350,\"caption\":\"Soliton GmbH\"},\"image\":{\"@id\":\"https:\\\/\\\/soliton-gmbh.de\\\/#\\\/schema\\\/logo\\\/image\\\/\"}}]}<\/script>\n<meta property=\"product:price:amount\" content=\"0.00\" \/>\n<meta property=\"product:price:currency\" content=\"EUR\" \/>\n<meta property=\"og:availability\" content=\"instock\" \/>\n<meta property=\"product:availability\" content=\"instock\" \/>\n<meta property=\"product:condition\" content=\"new\" \/>\n<!-- \/ Yoast SEO Premium plugin. -->","yoast_head_json":{"title":"Digital Interface Controller - Soliton","description":"The Digital Interface Controller offers precise control of liquid crystal devices with two channels, USB connection and extensive modulation options.","robots":{"index":"index","follow":"follow","max-snippet":"max-snippet:-1","max-image-preview":"max-image-preview:large","max-video-preview":"max-video-preview:-1"},"canonical":"https:\/\/soliton-gmbh.de\/en\/product\/digital-interface-controller\/","og_locale":"en_US","og_type":"article","og_title":"Digital Interface Controller","og_description":"Der Digital Interface Controller bietet pr\u00e4zise Steuerung von Fl\u00fcssigkristallger\u00e4ten mit zwei Kan\u00e4len, USB-Anschluss und umfangreichen Modulationsoptionen.","og_url":"https:\/\/soliton-gmbh.de\/en\/product\/digital-interface-controller\/","og_site_name":"Soliton Laser- und Messtechnik GmbH","article_modified_time":"2026-04-14T21:21:05+00:00","og_image":[{"width":1417,"height":1147,"url":"https:\/\/soliton-gmbh.de\/wp-content\/uploads\/2024\/11\/LCD4.jpg","type":"image\/jpeg"}],"twitter_card":"summary_large_image","twitter_misc":{"Price":"&euro;0.00","Availability":"In stock"},"schema":{"@context":"https:\/\/schema.org","@graph":[{"@type":"WebPage","@id":"https:\/\/soliton-gmbh.de\/produkt\/digital-interface-controller\/","url":"https:\/\/soliton-gmbh.de\/produkt\/digital-interface-controller\/","name":"Digital Interface Controller - Soliton","isPartOf":{"@id":"https:\/\/soliton-gmbh.de\/#website"},"primaryImageOfPage":{"@id":"https:\/\/soliton-gmbh.de\/produkt\/digital-interface-controller\/#primaryimage"},"image":{"@id":"https:\/\/soliton-gmbh.de\/produkt\/digital-interface-controller\/#primaryimage"},"thumbnailUrl":"https:\/\/soliton-gmbh.de\/wp-content\/uploads\/2024\/11\/LCD4.jpg","datePublished":"2024-11-27T14:38:06+00:00","dateModified":"2026-04-14T21:21:05+00:00","description":"The Digital Interface Controller offers precise control of liquid crystal devices with two channels, USB connection and extensive modulation options.","breadcrumb":{"@id":"https:\/\/soliton-gmbh.de\/produkt\/digital-interface-controller\/#breadcrumb"},"inLanguage":"en-US","potentialAction":[{"@type":"ReadAction","target":["https:\/\/soliton-gmbh.de\/produkt\/digital-interface-controller\/"]}]},{"@type":"ImageObject","inLanguage":"en-US","@id":"https:\/\/soliton-gmbh.de\/produkt\/digital-interface-controller\/#primaryimage","url":"https:\/\/soliton-gmbh.de\/wp-content\/uploads\/2024\/11\/LCD4.jpg","contentUrl":"https:\/\/soliton-gmbh.de\/wp-content\/uploads\/2024\/11\/LCD4.jpg","width":1417,"height":1147,"caption":"Digital Interface Controller D5020 von Meadowlark Optics f\u00fcr Fl\u00fcssigkristallger\u00e4te mit USB-Schnittstelle und CellDRIVE 5000 Software"},{"@type":"BreadcrumbList","@id":"https:\/\/soliton-gmbh.de\/produkt\/digital-interface-controller\/#breadcrumb","itemListElement":[{"@type":"ListItem","position":1,"name":"Startseite","item":"https:\/\/soliton-gmbh.de\/"},{"@type":"ListItem","position":2,"name":"Produkte","item":"https:\/\/soliton-gmbh.de\/produkte\/"},{"@type":"ListItem","position":3,"name":"Digital Interface Controller"}]},{"@type":"WebSite","@id":"https:\/\/soliton-gmbh.de\/#website","url":"https:\/\/soliton-gmbh.de\/","name":"Soliton Laser- und Messtechnik GmbH","description":"","publisher":{"@id":"https:\/\/soliton-gmbh.de\/#organization"},"potentialAction":[{"@type":"SearchAction","target":{"@type":"EntryPoint","urlTemplate":"https:\/\/soliton-gmbh.de\/?s={search_term_string}"},"query-input":{"@type":"PropertyValueSpecification","valueRequired":true,"valueName":"search_term_string"}}],"inLanguage":"en-US"},{"@type":"Organization","@id":"https:\/\/soliton-gmbh.de\/#organization","name":"Soliton GmbH","url":"https:\/\/soliton-gmbh.de\/","logo":{"@type":"ImageObject","inLanguage":"en-US","@id":"https:\/\/soliton-gmbh.de\/#\/schema\/logo\/image\/","url":"https:\/\/soliton-gmbh.de\/wp-content\/uploads\/2022\/08\/cropped-soliton-logo.png","contentUrl":"https:\/\/soliton-gmbh.de\/wp-content\/uploads\/2022\/08\/cropped-soliton-logo.png","width":500,"height":350,"caption":"Soliton GmbH"},"image":{"@id":"https:\/\/soliton-gmbh.de\/#\/schema\/logo\/image\/"}}]},"product_price_amount":"0.00","product_price_currency":"EUR","og_availability":"instock","product_availability":"instock","product_condition":"new"},"uagb_featured_image_src":{"full":["https:\/\/soliton-gmbh.de\/wp-content\/uploads\/2024\/11\/LCD4.jpg",1417,1147,false],"thumbnail":["https:\/\/soliton-gmbh.de\/wp-content\/uploads\/2024\/11\/LCD4-150x150.jpg",150,150,true],"medium":["https:\/\/soliton-gmbh.de\/wp-content\/uploads\/2024\/11\/LCD4-300x243.jpg",300,243,true],"medium_large":["https:\/\/soliton-gmbh.de\/wp-content\/uploads\/2024\/11\/LCD4-768x622.jpg",768,622,true],"large":["https:\/\/soliton-gmbh.de\/wp-content\/uploads\/2024\/11\/LCD4-1024x829.jpg",1024,829,true],"1536x1536":["https:\/\/soliton-gmbh.de\/wp-content\/uploads\/2024\/11\/LCD4.jpg",1417,1147,false],"2048x2048":["https:\/\/soliton-gmbh.de\/wp-content\/uploads\/2024\/11\/LCD4.jpg",1417,1147,false],"trp-custom-language-flag":["https:\/\/soliton-gmbh.de\/wp-content\/uploads\/2024\/11\/LCD4-15x12.jpg",15,12,true],"woocommerce_thumbnail":["https:\/\/soliton-gmbh.de\/wp-content\/uploads\/2024\/11\/LCD4-600x486.jpg",600,486,true],"woocommerce_single":["https:\/\/soliton-gmbh.de\/wp-content\/uploads\/2024\/11\/LCD4-1200x971.jpg",1200,971,true],"woocommerce_gallery_thumbnail":["https:\/\/soliton-gmbh.de\/wp-content\/uploads\/2024\/11\/LCD4-300x300.jpg",300,300,true]},"uagb_author_info":{"display_name":"Daniel","author_link":"https:\/\/soliton-gmbh.de\/en\/author\/"},"uagb_comment_info":0,"uagb_excerpt":"Zwei Kan\u00e4le f\u00fcr Spannungs- und Temperaturerfassung und -regelung (TSC) USB Powered Intern generierte Wellenformen Unabh\u00e4ngige SMB-E\/A-Anschl\u00fcsse f\u00fcr jeden Kanal Mehrere externe Steuerungsoptionen","_links":{"self":[{"href":"https:\/\/soliton-gmbh.de\/en\/wp-json\/wp\/v2\/product\/8643","targetHints":{"allow":["GET"]}}],"collection":[{"href":"https:\/\/soliton-gmbh.de\/en\/wp-json\/wp\/v2\/product"}],"about":[{"href":"https:\/\/soliton-gmbh.de\/en\/wp-json\/wp\/v2\/types\/product"}],"wp:featuredmedia":[{"embeddable":true,"href":"https:\/\/soliton-gmbh.de\/en\/wp-json\/wp\/v2\/media\/8644"}],"wp:attachment":[{"href":"https:\/\/soliton-gmbh.de\/en\/wp-json\/wp\/v2\/media?parent=8643"}],"wp:term":[{"taxonomy":"product_brand","embeddable":true,"href":"https:\/\/soliton-gmbh.de\/en\/wp-json\/wp\/v2\/product_brand?post=8643"},{"taxonomy":"product_cat","embeddable":true,"href":"https:\/\/soliton-gmbh.de\/en\/wp-json\/wp\/v2\/product_cat?post=8643"},{"taxonomy":"product_tag","embeddable":true,"href":"https:\/\/soliton-gmbh.de\/en\/wp-json\/wp\/v2\/product_tag?post=8643"}],"curies":[{"name":"wp","href":"https:\/\/api.w.org\/{rel}","templated":true}]}}