{"id":8635,"date":"2024-11-26T14:42:32","date_gmt":"2024-11-26T13:42:32","guid":{"rendered":"https:\/\/soliton-gmbh.de\/?post_type=product&#038;p=8635"},"modified":"2026-04-15T00:16:29","modified_gmt":"2026-04-14T22:16:29","slug":"high-speed-variable-retarder","status":"publish","type":"product","link":"https:\/\/soliton-gmbh.de\/en\/produkt\/high-speed-variabler-retarder\/","title":{"rendered":"High Speed Variable Retarder"},"content":{"rendered":"<p>Der <strong>High Speed Variable Retarder<\/strong> von Meadowlark Optics kombiniert modernste Fl\u00fcssigkristall-Technologie mit blitzschnellen Schaltzeiten. Dieses hochentwickelte Ger\u00e4t bietet sub-millisecond Umschaltzeiten und erm\u00f6glicht eine pr\u00e4zise Steuerung von Polarisationszust\u00e4nden. Damit eignet es sich perfekt f\u00fcr Anwendungen in der Photonik, Optik und fortgeschrittenen Forschung. Dank der innovativen Steuerung nematischer Fl\u00fcssigkristalle l\u00e4sst sich die Birefringence flexibel anpassen, wodurch verschiedene Polarisationsmodi wie linear, elliptisch und zirkular erzeugt werden k\u00f6nnen.<\/p>\n<h2><strong>Schnelle Schaltzeiten f\u00fcr anspruchsvolle Anwendungen<\/strong><\/h2>\n<div class=\"flex-shrink-0 flex flex-col relative items-end\">\n<div>\n<div class=\"pt-0\">\n<div class=\"gizmo-bot-avatar flex h-8 w-8 items-center justify-center overflow-hidden rounded-full\">\n<div class=\"relative p-1 rounded-sm flex items-center justify-center bg-token-main-surface-primary text-token-text-primary h-8 w-8\"><\/div>\n<\/div>\n<\/div>\n<\/div>\n<\/div>\n<div class=\"group\/conversation-turn relative flex w-full min-w-0 flex-col agent-turn\">\n<div class=\"flex-col gap-1 md:gap-3\">\n<div class=\"flex max-w-full flex-col flex-grow\">\n<div class=\"min-h-8 text-message flex w-full flex-col items-end gap-2 whitespace-normal break-words [.text-message+&amp;]:mt-5\" dir=\"auto\" data-message-author-role=\"assistant\" data-message-id=\"cdef172a-0eec-4084-8935-1fcc887bd907\" data-message-model-slug=\"gpt-4o\">\n<div class=\"flex w-full flex-col gap-1 empty:hidden first:pt-[3px]\">\n<div class=\"markdown prose w-full break-words dark:prose-invert dark\">\n<p>Der <strong>High Speed Variable Retarder<\/strong> \u00fcberzeuigt mit seiner au\u00dfergew\u00f6hnlichen Geschwindigkeit und Effizienz. Wenn das Ger\u00e4t von niedrig nach hoch schaltet (\u03bb\/2 zu 0), ben\u00f6tigt es lediglich 50\u202f\u00b5s bei einer Wellenl\u00e4nge von 532\u202fnm. Und auch beim Schalten von hoch nach niedrig (0 zu \u03bb\/2) ist es mit nur etwa 500\u202f\u00b5s genauso schnell. Dank dieser enormen Geschwindigkeit steuern Sie selbst anspruchsvolle optische Systeme pr\u00e4zise und zuverl\u00e4ssig. Deshalb eignet sich der <strong>schnelle variable Retarder<\/strong> ideal f\u00fcr Anwendungen, die Hochgeschwindigkeits-Polarisationssteuerungen erfordern.<\/p>\n<\/div>\n<\/div>\n<\/div>\n<\/div>\n<\/div>\n<\/div>\n<h3><strong>Pr\u00e4zise Optik und hochwertige Materialien<\/strong><\/h3>\n<p>Der Retarder wird aus <strong>synthetischem Quarzglas<\/strong> gefertigt und ist mit einer fortschrittlichen Indium-Zinn-Oxid (ITO)-Beschichtung ausgestattet. Dadurch bietet er h\u00f6chste Lichtdurchl\u00e4ssigkeit im Bereich von <strong>450 bis 700 nm<\/strong>. Mit einer geringen Oberfl\u00e4chenreflexion von \u2264\u202f0,5\u202f% und einer Verzerrung der transmittierten Wellenfront von maximal \u03bb\/4 bei 632,8 nm erf\u00fcllt er die h\u00f6chsten Pr\u00e4zisionsanforderungen.<\/p>\n<h3><strong>Einfache Integration durch integrierten Treiber<\/strong><\/h3>\n<p>Mit dem D5020-HS-Treiber kann der High Speed Variabler Retarder m\u00fchelos in bestehende Systeme integriert werden. Dieser bietet vier Betriebsmodi, einschlie\u00dflich <strong>Chop<\/strong>, <strong>Gate<\/strong> und <strong>Steady State<\/strong>, sowie die Steuerung von bis zu zwei Retarderzellen gleichzeitig. Die USB-Schnittstelle erm\u00f6glicht eine einfache Steuerung, was den Retarder besonders benutzerfreundlich macht.<\/p>\n<h2><strong>Robust und vielseitig einsetzbar<\/strong><\/h2>\n<p>Das Ger\u00e4t ist f\u00fcr anspruchsvolle Anwendungen konzipiert. Es kann Temperaturen bis <strong>50 \u00b0C<\/strong> und eine Belastung von <strong>500\u202fW\/cm\u00b2 CW<\/strong> standhalten. Die robuste Bauweise und die pr\u00e4zise Verarbeitung gew\u00e4hrleisten eine lange Lebensdauer und Zuverl\u00e4ssigkeit.<\/p>\n<p>Der <strong>High Speed Variable Retarder<\/strong> von Meadowlark Optics ist die perfekte Wahl f\u00fcr alle, die pr\u00e4zise und schnelle Polarisationskontrollen ben\u00f6tigen. Ob in der Forschung, Entwicklung oder in industriellen Anwendungen \u2013 dieser <strong>schnell schaltende Polarisationsmodulator<\/strong> setzt neue Ma\u00dfst\u00e4be.<\/p>\n<p>Unsere <strong>variablen Optiken<\/strong> stehen f\u00fcr Pr\u00e4zision und Zuverl\u00e4ssigkeit. Falls Sie weitere\u00a0Fragen zu den Systemen haben, stellen Sie gerne eine unverbindliche Anfrage. Weitere Informationen \u00fcber die Produkte und alle technischen Datenbl\u00e4tter zu jeder Variante erhalten Sie hier: <a href=\"https:\/\/meadowlark.com\/product\/high-speed-lcvr-optical-head-only-two-inch\/\" target=\"_blank\" rel=\"noopener\">meadowlark.com<\/a>.<\/p>\n","protected":false},"excerpt":{"rendered":"<p><a href=\"https:\/\/soliton-gmbh.de\/wp-content\/uploads\/2023\/02\/4C-MLO-Logo.png\"><img loading=\"lazy\" decoding=\"async\" class=\"alignnone wp-image-5337\" src=\"https:\/\/soliton-gmbh.de\/wp-content\/uploads\/2023\/02\/4C-MLO-Logo-300x60.png\" alt=\"Logo of the company Meadowlark Optics\" width=\"200\" height=\"40\" srcset=\"https:\/\/soliton-gmbh.de\/wp-content\/uploads\/2023\/02\/4C-MLO-Logo-300x60.png 300w, https:\/\/soliton-gmbh.de\/wp-content\/uploads\/2023\/02\/4C-MLO-Logo-600x120.png 600w, https:\/\/soliton-gmbh.de\/wp-content\/uploads\/2023\/02\/4C-MLO-Logo-1200x240.png 1200w, https:\/\/soliton-gmbh.de\/wp-content\/uploads\/2023\/02\/4C-MLO-Logo-1024x205.png 1024w, https:\/\/soliton-gmbh.de\/wp-content\/uploads\/2023\/02\/4C-MLO-Logo-768x154.png 768w, https:\/\/soliton-gmbh.de\/wp-content\/uploads\/2023\/02\/4C-MLO-Logo-18x4.png 18w, https:\/\/soliton-gmbh.de\/wp-content\/uploads\/2023\/02\/4C-MLO-Logo.png 1500w\" sizes=\"auto, (max-width: 200px) 100vw, 200px\" \/><\/a><\/p>\n<ul>\n<li><span class=\"--l sentence_highlight\"> speeds in the sub-millisecond range<\/span><\/li>\n<li><span class=\"--l sentence_highlight\">standard LC drive schemes<\/span><\/li>\n<li><span class=\"--l sentence_highlight\">Including heated housing<\/span><\/li>\n<li><span class=\"--l sentence_highlight\">Precise non-mechanical deceleration control<\/span><\/li>\n<\/ul>","protected":false},"featured_media":8636,"template":"","meta":{"_acf_changed":false,"_uag_custom_page_level_css":"","site-sidebar-layout":"default","site-content-layout":"","ast-site-content-layout":"default","site-content-style":"default","site-sidebar-style":"default","ast-global-header-display":"","ast-banner-title-visibility":"","ast-main-header-display":"","ast-hfb-above-header-display":"","ast-hfb-below-header-display":"","ast-hfb-mobile-header-display":"","site-post-title":"","ast-breadcrumbs-content":"","ast-featured-img":"","footer-sml-layout":"","ast-disable-related-posts":"","theme-transparent-header-meta":"default","adv-header-id-meta":"","stick-header-meta":"default","header-above-stick-meta":"","header-main-stick-meta":"","header-below-stick-meta":"","astra-migrate-meta-layouts":"set","ast-page-background-enabled":"default","ast-page-background-meta":{"desktop":{"background-color":"","background-image":"","background-repeat":"repeat","background-position":"center center","background-size":"auto","background-attachment":"scroll","background-type":"","background-media":"","overlay-type":"","overlay-color":"","overlay-opacity":"","overlay-gradient":""},"tablet":{"background-color":"","background-image":"","background-repeat":"repeat","background-position":"center center","background-size":"auto","background-attachment":"scroll","background-type":"","background-media":"","overlay-type":"","overlay-color":"","overlay-opacity":"","overlay-gradient":""},"mobile":{"background-color":"","background-image":"","background-repeat":"repeat","background-position":"center center","background-size":"auto","background-attachment":"scroll","background-type":"","background-media":"","overlay-type":"","overlay-color":"","overlay-opacity":"","overlay-gradient":""}},"ast-content-background-meta":{"desktop":{"background-color":"var(--ast-global-color-5)","background-image":"","background-repeat":"repeat","background-position":"center center","background-size":"auto","background-attachment":"scroll","background-type":"","background-media":"","overlay-type":"","overlay-color":"","overlay-opacity":"","overlay-gradient":""},"tablet":{"background-color":"var(--ast-global-color-5)","background-image":"","background-repeat":"repeat","background-position":"center center","background-size":"auto","background-attachment":"scroll","background-type":"","background-media":"","overlay-type":"","overlay-color":"","overlay-opacity":"","overlay-gradient":""},"mobile":{"background-color":"var(--ast-global-color-5)","background-image":"","background-repeat":"repeat","background-position":"center center","background-size":"auto","background-attachment":"scroll","background-type":"","background-media":"","overlay-type":"","overlay-color":"","overlay-opacity":"","overlay-gradient":""}}},"product_brand":[1609],"product_cat":[962],"product_tag":[979,967,963,965,974,977,976,972,973,975,971,970,966,964,969,978,968],"class_list":{"0":"post-8635","1":"product","2":"type-product","3":"status-publish","4":"has-post-thumbnail","6":"product_brand-meadowlark-optics","7":"product_cat-variable-optiken","8":"product_tag-birefringence-steuerung","9":"product_tag-fluessigkristall-technologie","10":"product_tag-high-speed-variabler-retarder","11":"product_tag-hochgeschwindigkeits-polarisationssteuerung","12":"product_tag-hochgeschwindigkeitsoptik","13":"product_tag-integrierte-fluessigkristallsysteme","14":"product_tag-meadowlark-optics","15":"product_tag-nematische-fluessigkristalle","16":"product_tag-optische-anwendungen","17":"product_tag-photonik","18":"product_tag-polarisationskontrolle","19":"product_tag-praezisionsoptik","20":"product_tag-schnell-schaltender-polarisationsmodulator","21":"product_tag-schneller-variabler-retarder","22":"product_tag-sub-millisecond-switching","23":"product_tag-uv-und-mwir-bereich","24":"product_tag-variable-retardation","25":"desktop-align-left","26":"tablet-align-center","27":"mobile-align-center","28":"ast-product-gallery-layout-horizontal-slider","29":"ast-product-gallery-with-no-image","30":"ast-magnify-disabled","31":"ast-product-tabs-layout-horizontal","33":"first","34":"instock","35":"virtual","36":"sold-individually","37":"purchasable","38":"product-type-simple"},"acf":[],"yoast_head":"<!-- This site is optimized with the Yoast SEO Premium plugin v27.2 (Yoast SEO v27.5) - https:\/\/yoast.com\/product\/yoast-seo-premium-wordpress\/ -->\n<title>High Speed Variabler Retarder - Soliton<\/title>\n<meta name=\"description\" content=\"High Speed Variable Retarder bieten sub-millisekunden Schaltgeschwindigkeiten und pr\u00e4zise Polarisationskontrolle \u2013 ideal f\u00fcr optische Anwendungen.\" \/>\n<meta name=\"robots\" content=\"index, follow, max-snippet:-1, max-image-preview:large, max-video-preview:-1\" \/>\n<link rel=\"canonical\" href=\"https:\/\/soliton-gmbh.de\/en\/product\/high-speed-variable-retarder\/\" \/>\n<meta property=\"og:locale\" content=\"en_US\" \/>\n<meta property=\"og:type\" content=\"article\" \/>\n<meta property=\"og:title\" content=\"High Speed Variabler Retarder\" \/>\n<meta property=\"og:description\" content=\"High Speed Variable Retarder bieten sub-millisekunden Schaltgeschwindigkeiten und pr\u00e4zise Polarisationskontrolle \u2013 ideal f\u00fcr optische Anwendungen.\" \/>\n<meta property=\"og:url\" content=\"https:\/\/soliton-gmbh.de\/en\/product\/high-speed-variable-retarder\/\" \/>\n<meta property=\"og:site_name\" content=\"Soliton Laser- und Messtechnik GmbH\" \/>\n<meta property=\"article:modified_time\" content=\"2026-04-14T22:16:29+00:00\" \/>\n<meta property=\"og:image\" content=\"https:\/\/soliton-gmbh.de\/wp-content\/uploads\/2024\/11\/LCD5.jpg\" \/>\n\t<meta property=\"og:image:width\" content=\"1119\" \/>\n\t<meta property=\"og:image:height\" content=\"1073\" \/>\n\t<meta property=\"og:image:type\" content=\"image\/jpeg\" \/>\n<meta name=\"twitter:card\" content=\"summary_large_image\" \/>\n<meta name=\"twitter:label1\" content=\"Price\" \/>\n\t<meta name=\"twitter:data1\" content=\"&euro;0.00\" \/>\n\t<meta name=\"twitter:label2\" content=\"Availability\" \/>\n\t<meta name=\"twitter:data2\" content=\"In stock\" \/>\n<script type=\"application\/ld+json\" class=\"yoast-schema-graph\">{\"@context\":\"https:\\\/\\\/schema.org\",\"@graph\":[{\"@type\":\"WebPage\",\"@id\":\"https:\\\/\\\/soliton-gmbh.de\\\/produkt\\\/high-speed-variabler-retarder\\\/\",\"url\":\"https:\\\/\\\/soliton-gmbh.de\\\/produkt\\\/high-speed-variabler-retarder\\\/\",\"name\":\"High Speed Variabler Retarder - Soliton\",\"isPartOf\":{\"@id\":\"https:\\\/\\\/soliton-gmbh.de\\\/#website\"},\"primaryImageOfPage\":{\"@id\":\"https:\\\/\\\/soliton-gmbh.de\\\/produkt\\\/high-speed-variabler-retarder\\\/#primaryimage\"},\"image\":{\"@id\":\"https:\\\/\\\/soliton-gmbh.de\\\/produkt\\\/high-speed-variabler-retarder\\\/#primaryimage\"},\"thumbnailUrl\":\"https:\\\/\\\/soliton-gmbh.de\\\/wp-content\\\/uploads\\\/2024\\\/11\\\/LCD5.jpg\",\"datePublished\":\"2024-11-26T13:42:32+00:00\",\"dateModified\":\"2026-04-14T22:16:29+00:00\",\"description\":\"High Speed Variable Retarder bieten sub-millisekunden Schaltgeschwindigkeiten und pr\u00e4zise Polarisationskontrolle \u2013 ideal f\u00fcr optische Anwendungen.\",\"breadcrumb\":{\"@id\":\"https:\\\/\\\/soliton-gmbh.de\\\/produkt\\\/high-speed-variabler-retarder\\\/#breadcrumb\"},\"inLanguage\":\"en-US\",\"potentialAction\":[{\"@type\":\"ReadAction\",\"target\":[\"https:\\\/\\\/soliton-gmbh.de\\\/produkt\\\/high-speed-variabler-retarder\\\/\"]}]},{\"@type\":\"ImageObject\",\"inLanguage\":\"en-US\",\"@id\":\"https:\\\/\\\/soliton-gmbh.de\\\/produkt\\\/high-speed-variabler-retarder\\\/#primaryimage\",\"url\":\"https:\\\/\\\/soliton-gmbh.de\\\/wp-content\\\/uploads\\\/2024\\\/11\\\/LCD5.jpg\",\"contentUrl\":\"https:\\\/\\\/soliton-gmbh.de\\\/wp-content\\\/uploads\\\/2024\\\/11\\\/LCD5.jpg\",\"width\":1119,\"height\":1073,\"caption\":\"High Speed Variabler Retarder von Meadowlark Optics f\u00fcr pr\u00e4zise und schnelle Polarisationssteuerung\"},{\"@type\":\"BreadcrumbList\",\"@id\":\"https:\\\/\\\/soliton-gmbh.de\\\/produkt\\\/high-speed-variabler-retarder\\\/#breadcrumb\",\"itemListElement\":[{\"@type\":\"ListItem\",\"position\":1,\"name\":\"Startseite\",\"item\":\"https:\\\/\\\/soliton-gmbh.de\\\/\"},{\"@type\":\"ListItem\",\"position\":2,\"name\":\"Produkte\",\"item\":\"https:\\\/\\\/soliton-gmbh.de\\\/produkte\\\/\"},{\"@type\":\"ListItem\",\"position\":3,\"name\":\"High Speed Variabler Retarder\"}]},{\"@type\":\"WebSite\",\"@id\":\"https:\\\/\\\/soliton-gmbh.de\\\/#website\",\"url\":\"https:\\\/\\\/soliton-gmbh.de\\\/\",\"name\":\"Soliton Laser- und Messtechnik GmbH\",\"description\":\"\",\"publisher\":{\"@id\":\"https:\\\/\\\/soliton-gmbh.de\\\/#organization\"},\"potentialAction\":[{\"@type\":\"SearchAction\",\"target\":{\"@type\":\"EntryPoint\",\"urlTemplate\":\"https:\\\/\\\/soliton-gmbh.de\\\/?s={search_term_string}\"},\"query-input\":{\"@type\":\"PropertyValueSpecification\",\"valueRequired\":true,\"valueName\":\"search_term_string\"}}],\"inLanguage\":\"en-US\"},{\"@type\":\"Organization\",\"@id\":\"https:\\\/\\\/soliton-gmbh.de\\\/#organization\",\"name\":\"Soliton GmbH\",\"url\":\"https:\\\/\\\/soliton-gmbh.de\\\/\",\"logo\":{\"@type\":\"ImageObject\",\"inLanguage\":\"en-US\",\"@id\":\"https:\\\/\\\/soliton-gmbh.de\\\/#\\\/schema\\\/logo\\\/image\\\/\",\"url\":\"https:\\\/\\\/soliton-gmbh.de\\\/wp-content\\\/uploads\\\/2022\\\/08\\\/cropped-soliton-logo.png\",\"contentUrl\":\"https:\\\/\\\/soliton-gmbh.de\\\/wp-content\\\/uploads\\\/2022\\\/08\\\/cropped-soliton-logo.png\",\"width\":500,\"height\":350,\"caption\":\"Soliton GmbH\"},\"image\":{\"@id\":\"https:\\\/\\\/soliton-gmbh.de\\\/#\\\/schema\\\/logo\\\/image\\\/\"}}]}<\/script>\n<meta property=\"product:price:amount\" content=\"0.00\" \/>\n<meta property=\"product:price:currency\" content=\"EUR\" \/>\n<meta property=\"og:availability\" content=\"instock\" \/>\n<meta property=\"product:availability\" content=\"instock\" \/>\n<meta property=\"product:condition\" content=\"new\" \/>\n<!-- \/ Yoast SEO Premium plugin. -->","yoast_head_json":{"title":"High Speed Variable Retarder - Soliton","description":"High Speed Variable Retarders offer sub-millisecond switching speeds and precise polarization control - ideal for optical applications.","robots":{"index":"index","follow":"follow","max-snippet":"max-snippet:-1","max-image-preview":"max-image-preview:large","max-video-preview":"max-video-preview:-1"},"canonical":"https:\/\/soliton-gmbh.de\/en\/product\/high-speed-variable-retarder\/","og_locale":"en_US","og_type":"article","og_title":"High Speed Variabler Retarder","og_description":"High Speed Variable Retarder bieten sub-millisekunden Schaltgeschwindigkeiten und pr\u00e4zise Polarisationskontrolle \u2013 ideal f\u00fcr optische Anwendungen.","og_url":"https:\/\/soliton-gmbh.de\/en\/product\/high-speed-variable-retarder\/","og_site_name":"Soliton Laser- und Messtechnik GmbH","article_modified_time":"2026-04-14T22:16:29+00:00","og_image":[{"width":1119,"height":1073,"url":"https:\/\/soliton-gmbh.de\/wp-content\/uploads\/2024\/11\/LCD5.jpg","type":"image\/jpeg"}],"twitter_card":"summary_large_image","twitter_misc":{"Price":"&euro;0.00","Availability":"In stock"},"schema":{"@context":"https:\/\/schema.org","@graph":[{"@type":"WebPage","@id":"https:\/\/soliton-gmbh.de\/produkt\/high-speed-variabler-retarder\/","url":"https:\/\/soliton-gmbh.de\/produkt\/high-speed-variabler-retarder\/","name":"High Speed Variable Retarder - Soliton","isPartOf":{"@id":"https:\/\/soliton-gmbh.de\/#website"},"primaryImageOfPage":{"@id":"https:\/\/soliton-gmbh.de\/produkt\/high-speed-variabler-retarder\/#primaryimage"},"image":{"@id":"https:\/\/soliton-gmbh.de\/produkt\/high-speed-variabler-retarder\/#primaryimage"},"thumbnailUrl":"https:\/\/soliton-gmbh.de\/wp-content\/uploads\/2024\/11\/LCD5.jpg","datePublished":"2024-11-26T13:42:32+00:00","dateModified":"2026-04-14T22:16:29+00:00","description":"High Speed Variable Retarders offer sub-millisecond switching speeds and precise polarization control - ideal for optical applications.","breadcrumb":{"@id":"https:\/\/soliton-gmbh.de\/produkt\/high-speed-variabler-retarder\/#breadcrumb"},"inLanguage":"en-US","potentialAction":[{"@type":"ReadAction","target":["https:\/\/soliton-gmbh.de\/produkt\/high-speed-variabler-retarder\/"]}]},{"@type":"ImageObject","inLanguage":"en-US","@id":"https:\/\/soliton-gmbh.de\/produkt\/high-speed-variabler-retarder\/#primaryimage","url":"https:\/\/soliton-gmbh.de\/wp-content\/uploads\/2024\/11\/LCD5.jpg","contentUrl":"https:\/\/soliton-gmbh.de\/wp-content\/uploads\/2024\/11\/LCD5.jpg","width":1119,"height":1073,"caption":"High Speed Variabler Retarder von Meadowlark Optics f\u00fcr pr\u00e4zise und schnelle Polarisationssteuerung"},{"@type":"BreadcrumbList","@id":"https:\/\/soliton-gmbh.de\/produkt\/high-speed-variabler-retarder\/#breadcrumb","itemListElement":[{"@type":"ListItem","position":1,"name":"Startseite","item":"https:\/\/soliton-gmbh.de\/"},{"@type":"ListItem","position":2,"name":"Produkte","item":"https:\/\/soliton-gmbh.de\/produkte\/"},{"@type":"ListItem","position":3,"name":"High Speed Variabler Retarder"}]},{"@type":"WebSite","@id":"https:\/\/soliton-gmbh.de\/#website","url":"https:\/\/soliton-gmbh.de\/","name":"Soliton Laser- und Messtechnik GmbH","description":"","publisher":{"@id":"https:\/\/soliton-gmbh.de\/#organization"},"potentialAction":[{"@type":"SearchAction","target":{"@type":"EntryPoint","urlTemplate":"https:\/\/soliton-gmbh.de\/?s={search_term_string}"},"query-input":{"@type":"PropertyValueSpecification","valueRequired":true,"valueName":"search_term_string"}}],"inLanguage":"en-US"},{"@type":"Organization","@id":"https:\/\/soliton-gmbh.de\/#organization","name":"Soliton GmbH","url":"https:\/\/soliton-gmbh.de\/","logo":{"@type":"ImageObject","inLanguage":"en-US","@id":"https:\/\/soliton-gmbh.de\/#\/schema\/logo\/image\/","url":"https:\/\/soliton-gmbh.de\/wp-content\/uploads\/2022\/08\/cropped-soliton-logo.png","contentUrl":"https:\/\/soliton-gmbh.de\/wp-content\/uploads\/2022\/08\/cropped-soliton-logo.png","width":500,"height":350,"caption":"Soliton GmbH"},"image":{"@id":"https:\/\/soliton-gmbh.de\/#\/schema\/logo\/image\/"}}]},"product_price_amount":"0.00","product_price_currency":"EUR","og_availability":"instock","product_availability":"instock","product_condition":"new"},"uagb_featured_image_src":{"full":["https:\/\/soliton-gmbh.de\/wp-content\/uploads\/2024\/11\/LCD5.jpg",1119,1073,false],"thumbnail":["https:\/\/soliton-gmbh.de\/wp-content\/uploads\/2024\/11\/LCD5-150x150.jpg",150,150,true],"medium":["https:\/\/soliton-gmbh.de\/wp-content\/uploads\/2024\/11\/LCD5-300x288.jpg",300,288,true],"medium_large":["https:\/\/soliton-gmbh.de\/wp-content\/uploads\/2024\/11\/LCD5-768x736.jpg",768,736,true],"large":["https:\/\/soliton-gmbh.de\/wp-content\/uploads\/2024\/11\/LCD5-1024x982.jpg",1024,982,true],"1536x1536":["https:\/\/soliton-gmbh.de\/wp-content\/uploads\/2024\/11\/LCD5.jpg",1119,1073,false],"2048x2048":["https:\/\/soliton-gmbh.de\/wp-content\/uploads\/2024\/11\/LCD5.jpg",1119,1073,false],"trp-custom-language-flag":["https:\/\/soliton-gmbh.de\/wp-content\/uploads\/2024\/11\/LCD5-13x12.jpg",13,12,true],"woocommerce_thumbnail":["https:\/\/soliton-gmbh.de\/wp-content\/uploads\/2024\/11\/LCD5-600x575.jpg",600,575,true],"woocommerce_single":["https:\/\/soliton-gmbh.de\/wp-content\/uploads\/2024\/11\/LCD5.jpg",1119,1073,false],"woocommerce_gallery_thumbnail":["https:\/\/soliton-gmbh.de\/wp-content\/uploads\/2024\/11\/LCD5-300x300.jpg",300,300,true]},"uagb_author_info":{"display_name":"Daniel","author_link":"https:\/\/soliton-gmbh.de\/en\/author\/"},"uagb_comment_info":0,"uagb_excerpt":"Geschwindigkeiten im Sub-Millisekundenbereich Standard LC-Antriebsschemata Inklusive beheiztem Geh\u00e4use Pr\u00e4zise nicht-mechanische Verz\u00f6gerungssteuerung","_links":{"self":[{"href":"https:\/\/soliton-gmbh.de\/en\/wp-json\/wp\/v2\/product\/8635","targetHints":{"allow":["GET"]}}],"collection":[{"href":"https:\/\/soliton-gmbh.de\/en\/wp-json\/wp\/v2\/product"}],"about":[{"href":"https:\/\/soliton-gmbh.de\/en\/wp-json\/wp\/v2\/types\/product"}],"wp:featuredmedia":[{"embeddable":true,"href":"https:\/\/soliton-gmbh.de\/en\/wp-json\/wp\/v2\/media\/8636"}],"wp:attachment":[{"href":"https:\/\/soliton-gmbh.de\/en\/wp-json\/wp\/v2\/media?parent=8635"}],"wp:term":[{"taxonomy":"product_brand","embeddable":true,"href":"https:\/\/soliton-gmbh.de\/en\/wp-json\/wp\/v2\/product_brand?post=8635"},{"taxonomy":"product_cat","embeddable":true,"href":"https:\/\/soliton-gmbh.de\/en\/wp-json\/wp\/v2\/product_cat?post=8635"},{"taxonomy":"product_tag","embeddable":true,"href":"https:\/\/soliton-gmbh.de\/en\/wp-json\/wp\/v2\/product_tag?post=8635"}],"curies":[{"name":"wp","href":"https:\/\/api.w.org\/{rel}","templated":true}]}}