{"id":8626,"date":"2024-11-26T11:19:42","date_gmt":"2024-11-26T10:19:42","guid":{"rendered":"https:\/\/soliton-gmbh.de\/?post_type=product&#038;p=8626"},"modified":"2026-04-14T23:54:43","modified_gmt":"2026-04-14T21:54:43","slug":"ferroelectric-rotator","status":"publish","type":"product","link":"https:\/\/soliton-gmbh.de\/en\/produkt\/ferroelektrischer-rotator\/","title":{"rendered":"Ferroelectric Rotator"},"content":{"rendered":"<p>The <strong>ferroelectric rotator<\/strong> from Meadowlark Optics offers an exceptional combination of speed, precision and stability. This rotator uses ferroelectric liquid crystals to quickly and precisely control the polarization direction of light. With switching times of less than <strong>100 \u00b5s<\/strong> The rotator is ideal for applications that require highly dynamic control of polarization, such as <strong>broadband phase modulation<\/strong>, <strong>beam control<\/strong> and <strong>polarimetry<\/strong>.<\/p>\n<h2><strong>Achromatic technology in ferroelectric rotator for versatile applications<\/strong><\/h2>\n<p>The <strong>achromatic rotator<\/strong> works reliably over a wide wavelength range of <strong>405\u2013850 nm<\/strong>. It can also be used on request for wavelengths up to <strong>2 micrometers<\/strong> Due to the high extinction level and the precise polarization control, this <strong>high-speed polarization rotator<\/strong> extremely versatile. Applications range from photonics research to the precise control of laser beams in industrial environments.<\/p>\n<h3><strong>Vibration-free operation and robust construction<\/strong><\/h3>\n<p>Since the <strong>ferroelectric rotator<\/strong> Since it works completely without mechanical movement, there are no vibrations or noises. In addition, its robust construction made of high-quality quartz glass ensures a long service life, even with intensive use. In addition, the rotator meets the requirements of <strong>\u03bb\/2 PV at 633 nm<\/strong> and a surface quality of <strong>60-40 scratch-dig<\/strong> highest precision standards.<\/p>\n<h3><strong>Compact design and energy-efficient operation in the high-speed polarization rotator<\/strong><\/h3>\n<p>The <strong>ferroelectric rotator<\/strong> is characterized by its compact design with an outer diameter of <strong>2 inches<\/strong> and a clear aperture of <strong>0.70 inches<\/strong> In addition, the low operating voltage of <strong>\u00b15 to \u00b130 volts<\/strong> for low energy consumption, which makes it particularly efficient. This makes it easy to use in energy-sensitive systems without compromising performance.<\/p>\n<h2><strong>Precision and speed in one device<\/strong><\/h2>\n<p>The <strong>ferroelectric rotator<\/strong> from Meadowlark Optics offers the ideal combination of fast switching time, vibration-free operation and precise polarization control. It also sets new standards in optical beam control with its advanced liquid crystal technology and robust design.<\/p>\n<p>Our <strong>variable optics<\/strong> stand for precision and reliability. If you have any further questions about the systems, please feel free to send us a non-binding inquiry. Further information about the products and all technical data sheets for each variant can be found here: <a href=\"https:\/\/meadowlark.com\/product\/ferroelectric-polarization-rotator-binary\/\" target=\"_blank\" rel=\"noopener\">meadowlark.com<\/a>.<\/p>","protected":false},"excerpt":{"rendered":"<p><a href=\"https:\/\/soliton-gmbh.de\/wp-content\/uploads\/2023\/02\/4C-MLO-Logo.png\"><img loading=\"lazy\" decoding=\"async\" class=\"alignnone wp-image-5337\" src=\"https:\/\/soliton-gmbh.de\/wp-content\/uploads\/2023\/02\/4C-MLO-Logo-300x60.png\" alt=\"Logo of Meadowlark Optics\" width=\"200\" height=\"40\" srcset=\"https:\/\/soliton-gmbh.de\/wp-content\/uploads\/2023\/02\/4C-MLO-Logo-300x60.png 300w, https:\/\/soliton-gmbh.de\/wp-content\/uploads\/2023\/02\/4C-MLO-Logo-600x120.png 600w, https:\/\/soliton-gmbh.de\/wp-content\/uploads\/2023\/02\/4C-MLO-Logo-1200x240.png 1200w, https:\/\/soliton-gmbh.de\/wp-content\/uploads\/2023\/02\/4C-MLO-Logo-1024x205.png 1024w, https:\/\/soliton-gmbh.de\/wp-content\/uploads\/2023\/02\/4C-MLO-Logo-768x154.png 768w, https:\/\/soliton-gmbh.de\/wp-content\/uploads\/2023\/02\/4C-MLO-Logo-18x4.png 18w, https:\/\/soliton-gmbh.de\/wp-content\/uploads\/2023\/02\/4C-MLO-Logo.png 1500w\" sizes=\"auto, (max-width: 200px) 100vw, 200px\" \/><\/a><\/p>\n<ul>\n<li>Broadband performance<\/li>\n<li>Extremely fast switching speeds<\/li>\n<li>Noiseless, vibration-free<\/li>\n<li>operation with low voltage<\/li>\n<li>OEM sizes and shapes<\/li>\n<li>No mechanical movement<\/li>\n<\/ul>","protected":false},"featured_media":8627,"template":"","meta":{"_acf_changed":false,"_uag_custom_page_level_css":"","site-sidebar-layout":"default","site-content-layout":"","ast-site-content-layout":"default","site-content-style":"default","site-sidebar-style":"default","ast-global-header-display":"","ast-banner-title-visibility":"","ast-main-header-display":"","ast-hfb-above-header-display":"","ast-hfb-below-header-display":"","ast-hfb-mobile-header-display":"","site-post-title":"","ast-breadcrumbs-content":"","ast-featured-img":"","footer-sml-layout":"","ast-disable-related-posts":"","theme-transparent-header-meta":"default","adv-header-id-meta":"","stick-header-meta":"default","header-above-stick-meta":"","header-main-stick-meta":"","header-below-stick-meta":"","astra-migrate-meta-layouts":"set","ast-page-background-enabled":"default","ast-page-background-meta":{"desktop":{"background-color":"","background-image":"","background-repeat":"repeat","background-position":"center center","background-size":"auto","background-attachment":"scroll","background-type":"","background-media":"","overlay-type":"","overlay-color":"","overlay-opacity":"","overlay-gradient":""},"tablet":{"background-color":"","background-image":"","background-repeat":"repeat","background-position":"center center","background-size":"auto","background-attachment":"scroll","background-type":"","background-media":"","overlay-type":"","overlay-color":"","overlay-opacity":"","overlay-gradient":""},"mobile":{"background-color":"","background-image":"","background-repeat":"repeat","background-position":"center center","background-size":"auto","background-attachment":"scroll","background-type":"","background-media":"","overlay-type":"","overlay-color":"","overlay-opacity":"","overlay-gradient":""}},"ast-content-background-meta":{"desktop":{"background-color":"var(--ast-global-color-5)","background-image":"","background-repeat":"repeat","background-position":"center center","background-size":"auto","background-attachment":"scroll","background-type":"","background-media":"","overlay-type":"","overlay-color":"","overlay-opacity":"","overlay-gradient":""},"tablet":{"background-color":"var(--ast-global-color-5)","background-image":"","background-repeat":"repeat","background-position":"center center","background-size":"auto","background-attachment":"scroll","background-type":"","background-media":"","overlay-type":"","overlay-color":"","overlay-opacity":"","overlay-gradient":""},"mobile":{"background-color":"var(--ast-global-color-5)","background-image":"","background-repeat":"repeat","background-position":"center center","background-size":"auto","background-attachment":"scroll","background-type":"","background-media":"","overlay-type":"","overlay-color":"","overlay-opacity":"","overlay-gradient":""}}},"product_brand":[1609],"product_cat":[962],"product_tag":[1027,1025,1021,986,1017,1024,1005,1026,1030,976,1013,985,1029,1028,1031],"class_list":{"0":"post-8626","1":"product","2":"type-product","3":"status-publish","4":"has-post-thumbnail","6":"product_brand-meadowlark-optics","7":"product_cat-variable-optiken","8":"product_tag-achromatische-rotatoren","9":"product_tag-achromatischer-rotator","10":"product_tag-breitband-polarisation","11":"product_tag-dichroitische-polarisatoren","12":"product_tag-ferroelektrische-fluessigkristalle","13":"product_tag-ferroelektrischer-rotator","14":"product_tag-fluessigkristall-rotator","15":"product_tag-hochgeschwindigkeits-polarisationsrotator","16":"product_tag-laserstrahlsteuerung","17":"product_tag-meadowlark-optics","18":"product_tag-optische-strahlsteuerung","19":"product_tag-polarisationssteuerung","20":"product_tag-schaltzeiten-unter-100-s","21":"product_tag-vibrationsfreier-rotator","22":"product_tag-wellenlaengenbereich-405-850-nm","23":"desktop-align-left","24":"tablet-align-center","25":"mobile-align-center","26":"ast-product-gallery-layout-horizontal-slider","27":"ast-product-gallery-with-no-image","28":"ast-magnify-disabled","29":"ast-product-tabs-layout-horizontal","31":"first","32":"instock","33":"virtual","34":"sold-individually","35":"purchasable","36":"product-type-simple"},"acf":[],"yoast_head":"<!-- This site is optimized with the Yoast SEO Premium plugin v27.2 (Yoast SEO v27.5) - https:\/\/yoast.com\/product\/yoast-seo-premium-wordpress\/ -->\n<title>Ferroelektrischer Rotator - Soliton<\/title>\n<meta name=\"description\" content=\"Der ferroelektrische Rotator kombiniert hohe Geschwindigkeit, vibrationsfreie Funktion und breiten Wellenl\u00e4ngenbereich - ideal f\u00fcr optiosche Anwendungen.\" \/>\n<meta name=\"robots\" content=\"index, follow, max-snippet:-1, max-image-preview:large, max-video-preview:-1\" \/>\n<link rel=\"canonical\" href=\"https:\/\/soliton-gmbh.de\/en\/product\/ferroelectric-rotator\/\" \/>\n<meta property=\"og:locale\" content=\"en_US\" \/>\n<meta property=\"og:type\" content=\"article\" \/>\n<meta property=\"og:title\" content=\"Ferroelektrischer Rotator\" \/>\n<meta property=\"og:description\" content=\"Der ferroelektrische Rotator kombiniert hohe Geschwindigkeit, vibrationsfreie Funktion und breiten Wellenl\u00e4ngenbereich - ideal f\u00fcr optiosche Anwendungen.\" \/>\n<meta property=\"og:url\" content=\"https:\/\/soliton-gmbh.de\/en\/product\/ferroelectric-rotator\/\" \/>\n<meta property=\"og:site_name\" content=\"Soliton Laser- und Messtechnik GmbH\" \/>\n<meta property=\"article:modified_time\" content=\"2026-04-14T21:54:43+00:00\" \/>\n<meta property=\"og:image\" content=\"https:\/\/soliton-gmbh.de\/wp-content\/uploads\/2024\/11\/Achromatic-Ferroelectric-Rotator.jpg\" \/>\n\t<meta property=\"og:image:width\" content=\"1119\" \/>\n\t<meta property=\"og:image:height\" content=\"1073\" \/>\n\t<meta property=\"og:image:type\" content=\"image\/jpeg\" \/>\n<meta name=\"twitter:card\" content=\"summary_large_image\" \/>\n<meta name=\"twitter:label1\" content=\"Price\" \/>\n\t<meta name=\"twitter:data1\" content=\"&euro;0.00\" \/>\n\t<meta name=\"twitter:label2\" content=\"Availability\" \/>\n\t<meta name=\"twitter:data2\" content=\"In stock\" \/>\n<script type=\"application\/ld+json\" class=\"yoast-schema-graph\">{\"@context\":\"https:\\\/\\\/schema.org\",\"@graph\":[{\"@type\":\"WebPage\",\"@id\":\"https:\\\/\\\/soliton-gmbh.de\\\/produkt\\\/ferroelektrischer-rotator\\\/\",\"url\":\"https:\\\/\\\/soliton-gmbh.de\\\/produkt\\\/ferroelektrischer-rotator\\\/\",\"name\":\"Ferroelektrischer Rotator - Soliton\",\"isPartOf\":{\"@id\":\"https:\\\/\\\/soliton-gmbh.de\\\/#website\"},\"primaryImageOfPage\":{\"@id\":\"https:\\\/\\\/soliton-gmbh.de\\\/produkt\\\/ferroelektrischer-rotator\\\/#primaryimage\"},\"image\":{\"@id\":\"https:\\\/\\\/soliton-gmbh.de\\\/produkt\\\/ferroelektrischer-rotator\\\/#primaryimage\"},\"thumbnailUrl\":\"https:\\\/\\\/soliton-gmbh.de\\\/wp-content\\\/uploads\\\/2024\\\/11\\\/Achromatic-Ferroelectric-Rotator.jpg\",\"datePublished\":\"2024-11-26T10:19:42+00:00\",\"dateModified\":\"2026-04-14T21:54:43+00:00\",\"description\":\"Der ferroelektrische Rotator kombiniert hohe Geschwindigkeit, vibrationsfreie Funktion und breiten Wellenl\u00e4ngenbereich - ideal f\u00fcr optiosche Anwendungen.\",\"breadcrumb\":{\"@id\":\"https:\\\/\\\/soliton-gmbh.de\\\/produkt\\\/ferroelektrischer-rotator\\\/#breadcrumb\"},\"inLanguage\":\"en-US\",\"potentialAction\":[{\"@type\":\"ReadAction\",\"target\":[\"https:\\\/\\\/soliton-gmbh.de\\\/produkt\\\/ferroelektrischer-rotator\\\/\"]}]},{\"@type\":\"ImageObject\",\"inLanguage\":\"en-US\",\"@id\":\"https:\\\/\\\/soliton-gmbh.de\\\/produkt\\\/ferroelektrischer-rotator\\\/#primaryimage\",\"url\":\"https:\\\/\\\/soliton-gmbh.de\\\/wp-content\\\/uploads\\\/2024\\\/11\\\/Achromatic-Ferroelectric-Rotator.jpg\",\"contentUrl\":\"https:\\\/\\\/soliton-gmbh.de\\\/wp-content\\\/uploads\\\/2024\\\/11\\\/Achromatic-Ferroelectric-Rotator.jpg\",\"width\":1119,\"height\":1073,\"caption\":\"Ferroelektrischer Rotator von Meadowlark Optics f\u00fcr pr\u00e4zise Steuerung der Polarisationsrichtung mit Schaltzeiten unter 100 \u00b5s\"},{\"@type\":\"BreadcrumbList\",\"@id\":\"https:\\\/\\\/soliton-gmbh.de\\\/produkt\\\/ferroelektrischer-rotator\\\/#breadcrumb\",\"itemListElement\":[{\"@type\":\"ListItem\",\"position\":1,\"name\":\"Startseite\",\"item\":\"https:\\\/\\\/soliton-gmbh.de\\\/\"},{\"@type\":\"ListItem\",\"position\":2,\"name\":\"Produkte\",\"item\":\"https:\\\/\\\/soliton-gmbh.de\\\/produkte\\\/\"},{\"@type\":\"ListItem\",\"position\":3,\"name\":\"Ferroelektrischer Rotator\"}]},{\"@type\":\"WebSite\",\"@id\":\"https:\\\/\\\/soliton-gmbh.de\\\/#website\",\"url\":\"https:\\\/\\\/soliton-gmbh.de\\\/\",\"name\":\"Soliton Laser- und Messtechnik GmbH\",\"description\":\"\",\"publisher\":{\"@id\":\"https:\\\/\\\/soliton-gmbh.de\\\/#organization\"},\"potentialAction\":[{\"@type\":\"SearchAction\",\"target\":{\"@type\":\"EntryPoint\",\"urlTemplate\":\"https:\\\/\\\/soliton-gmbh.de\\\/?s={search_term_string}\"},\"query-input\":{\"@type\":\"PropertyValueSpecification\",\"valueRequired\":true,\"valueName\":\"search_term_string\"}}],\"inLanguage\":\"en-US\"},{\"@type\":\"Organization\",\"@id\":\"https:\\\/\\\/soliton-gmbh.de\\\/#organization\",\"name\":\"Soliton GmbH\",\"url\":\"https:\\\/\\\/soliton-gmbh.de\\\/\",\"logo\":{\"@type\":\"ImageObject\",\"inLanguage\":\"en-US\",\"@id\":\"https:\\\/\\\/soliton-gmbh.de\\\/#\\\/schema\\\/logo\\\/image\\\/\",\"url\":\"https:\\\/\\\/soliton-gmbh.de\\\/wp-content\\\/uploads\\\/2022\\\/08\\\/cropped-soliton-logo.png\",\"contentUrl\":\"https:\\\/\\\/soliton-gmbh.de\\\/wp-content\\\/uploads\\\/2022\\\/08\\\/cropped-soliton-logo.png\",\"width\":500,\"height\":350,\"caption\":\"Soliton GmbH\"},\"image\":{\"@id\":\"https:\\\/\\\/soliton-gmbh.de\\\/#\\\/schema\\\/logo\\\/image\\\/\"}}]}<\/script>\n<meta property=\"product:price:amount\" content=\"0.00\" \/>\n<meta property=\"product:price:currency\" content=\"EUR\" \/>\n<meta property=\"og:availability\" content=\"instock\" \/>\n<meta property=\"product:availability\" content=\"instock\" \/>\n<meta property=\"product:condition\" content=\"new\" \/>\n<!-- \/ Yoast SEO Premium plugin. -->","yoast_head_json":{"title":"Ferroelectric rotator - Soliton","description":"The ferroelectric rotator combines high speed, vibration-free operation and a wide wavelength range - ideal for optical applications.","robots":{"index":"index","follow":"follow","max-snippet":"max-snippet:-1","max-image-preview":"max-image-preview:large","max-video-preview":"max-video-preview:-1"},"canonical":"https:\/\/soliton-gmbh.de\/en\/product\/ferroelectric-rotator\/","og_locale":"en_US","og_type":"article","og_title":"Ferroelektrischer Rotator","og_description":"Der ferroelektrische Rotator kombiniert hohe Geschwindigkeit, vibrationsfreie Funktion und breiten Wellenl\u00e4ngenbereich - ideal f\u00fcr optiosche Anwendungen.","og_url":"https:\/\/soliton-gmbh.de\/en\/product\/ferroelectric-rotator\/","og_site_name":"Soliton Laser- und Messtechnik GmbH","article_modified_time":"2026-04-14T21:54:43+00:00","og_image":[{"width":1119,"height":1073,"url":"https:\/\/soliton-gmbh.de\/wp-content\/uploads\/2024\/11\/Achromatic-Ferroelectric-Rotator.jpg","type":"image\/jpeg"}],"twitter_card":"summary_large_image","twitter_misc":{"Price":"&euro;0.00","Availability":"In stock"},"schema":{"@context":"https:\/\/schema.org","@graph":[{"@type":"WebPage","@id":"https:\/\/soliton-gmbh.de\/produkt\/ferroelektrischer-rotator\/","url":"https:\/\/soliton-gmbh.de\/produkt\/ferroelektrischer-rotator\/","name":"Ferroelectric rotator - Soliton","isPartOf":{"@id":"https:\/\/soliton-gmbh.de\/#website"},"primaryImageOfPage":{"@id":"https:\/\/soliton-gmbh.de\/produkt\/ferroelektrischer-rotator\/#primaryimage"},"image":{"@id":"https:\/\/soliton-gmbh.de\/produkt\/ferroelektrischer-rotator\/#primaryimage"},"thumbnailUrl":"https:\/\/soliton-gmbh.de\/wp-content\/uploads\/2024\/11\/Achromatic-Ferroelectric-Rotator.jpg","datePublished":"2024-11-26T10:19:42+00:00","dateModified":"2026-04-14T21:54:43+00:00","description":"The ferroelectric rotator combines high speed, vibration-free operation and a wide wavelength range - ideal for optical applications.","breadcrumb":{"@id":"https:\/\/soliton-gmbh.de\/produkt\/ferroelektrischer-rotator\/#breadcrumb"},"inLanguage":"en-US","potentialAction":[{"@type":"ReadAction","target":["https:\/\/soliton-gmbh.de\/produkt\/ferroelektrischer-rotator\/"]}]},{"@type":"ImageObject","inLanguage":"en-US","@id":"https:\/\/soliton-gmbh.de\/produkt\/ferroelektrischer-rotator\/#primaryimage","url":"https:\/\/soliton-gmbh.de\/wp-content\/uploads\/2024\/11\/Achromatic-Ferroelectric-Rotator.jpg","contentUrl":"https:\/\/soliton-gmbh.de\/wp-content\/uploads\/2024\/11\/Achromatic-Ferroelectric-Rotator.jpg","width":1119,"height":1073,"caption":"Ferroelektrischer Rotator von Meadowlark Optics f\u00fcr pr\u00e4zise Steuerung der Polarisationsrichtung mit Schaltzeiten unter 100 \u00b5s"},{"@type":"BreadcrumbList","@id":"https:\/\/soliton-gmbh.de\/produkt\/ferroelektrischer-rotator\/#breadcrumb","itemListElement":[{"@type":"ListItem","position":1,"name":"Startseite","item":"https:\/\/soliton-gmbh.de\/"},{"@type":"ListItem","position":2,"name":"Produkte","item":"https:\/\/soliton-gmbh.de\/produkte\/"},{"@type":"ListItem","position":3,"name":"Ferroelektrischer Rotator"}]},{"@type":"WebSite","@id":"https:\/\/soliton-gmbh.de\/#website","url":"https:\/\/soliton-gmbh.de\/","name":"Soliton Laser- und Messtechnik GmbH","description":"","publisher":{"@id":"https:\/\/soliton-gmbh.de\/#organization"},"potentialAction":[{"@type":"SearchAction","target":{"@type":"EntryPoint","urlTemplate":"https:\/\/soliton-gmbh.de\/?s={search_term_string}"},"query-input":{"@type":"PropertyValueSpecification","valueRequired":true,"valueName":"search_term_string"}}],"inLanguage":"en-US"},{"@type":"Organization","@id":"https:\/\/soliton-gmbh.de\/#organization","name":"Soliton GmbH","url":"https:\/\/soliton-gmbh.de\/","logo":{"@type":"ImageObject","inLanguage":"en-US","@id":"https:\/\/soliton-gmbh.de\/#\/schema\/logo\/image\/","url":"https:\/\/soliton-gmbh.de\/wp-content\/uploads\/2022\/08\/cropped-soliton-logo.png","contentUrl":"https:\/\/soliton-gmbh.de\/wp-content\/uploads\/2022\/08\/cropped-soliton-logo.png","width":500,"height":350,"caption":"Soliton GmbH"},"image":{"@id":"https:\/\/soliton-gmbh.de\/#\/schema\/logo\/image\/"}}]},"product_price_amount":"0.00","product_price_currency":"EUR","og_availability":"instock","product_availability":"instock","product_condition":"new"},"uagb_featured_image_src":{"full":["https:\/\/soliton-gmbh.de\/wp-content\/uploads\/2024\/11\/Achromatic-Ferroelectric-Rotator.jpg",1119,1073,false],"thumbnail":["https:\/\/soliton-gmbh.de\/wp-content\/uploads\/2024\/11\/Achromatic-Ferroelectric-Rotator-150x150.jpg",150,150,true],"medium":["https:\/\/soliton-gmbh.de\/wp-content\/uploads\/2024\/11\/Achromatic-Ferroelectric-Rotator-300x288.jpg",300,288,true],"medium_large":["https:\/\/soliton-gmbh.de\/wp-content\/uploads\/2024\/11\/Achromatic-Ferroelectric-Rotator-768x736.jpg",768,736,true],"large":["https:\/\/soliton-gmbh.de\/wp-content\/uploads\/2024\/11\/Achromatic-Ferroelectric-Rotator-1024x982.jpg",1024,982,true],"1536x1536":["https:\/\/soliton-gmbh.de\/wp-content\/uploads\/2024\/11\/Achromatic-Ferroelectric-Rotator.jpg",1119,1073,false],"2048x2048":["https:\/\/soliton-gmbh.de\/wp-content\/uploads\/2024\/11\/Achromatic-Ferroelectric-Rotator.jpg",1119,1073,false],"trp-custom-language-flag":["https:\/\/soliton-gmbh.de\/wp-content\/uploads\/2024\/11\/Achromatic-Ferroelectric-Rotator-13x12.jpg",13,12,true],"woocommerce_thumbnail":["https:\/\/soliton-gmbh.de\/wp-content\/uploads\/2024\/11\/Achromatic-Ferroelectric-Rotator-600x575.jpg",600,575,true],"woocommerce_single":["https:\/\/soliton-gmbh.de\/wp-content\/uploads\/2024\/11\/Achromatic-Ferroelectric-Rotator.jpg",1119,1073,false],"woocommerce_gallery_thumbnail":["https:\/\/soliton-gmbh.de\/wp-content\/uploads\/2024\/11\/Achromatic-Ferroelectric-Rotator-300x300.jpg",300,300,true]},"uagb_author_info":{"display_name":"Daniel","author_link":"https:\/\/soliton-gmbh.de\/en\/author\/"},"uagb_comment_info":0,"uagb_excerpt":"Breitbandige Leistung Extrem schnelle Schaltgeschwindigkeiten Ger\u00e4uschlos, vibrationsfrei Betrieb mit Niederspannung OEM-Gr\u00f6\u00dfen und -Formen Keine mechanische Bewegung","_links":{"self":[{"href":"https:\/\/soliton-gmbh.de\/en\/wp-json\/wp\/v2\/product\/8626","targetHints":{"allow":["GET"]}}],"collection":[{"href":"https:\/\/soliton-gmbh.de\/en\/wp-json\/wp\/v2\/product"}],"about":[{"href":"https:\/\/soliton-gmbh.de\/en\/wp-json\/wp\/v2\/types\/product"}],"wp:featuredmedia":[{"embeddable":true,"href":"https:\/\/soliton-gmbh.de\/en\/wp-json\/wp\/v2\/media\/8627"}],"wp:attachment":[{"href":"https:\/\/soliton-gmbh.de\/en\/wp-json\/wp\/v2\/media?parent=8626"}],"wp:term":[{"taxonomy":"product_brand","embeddable":true,"href":"https:\/\/soliton-gmbh.de\/en\/wp-json\/wp\/v2\/product_brand?post=8626"},{"taxonomy":"product_cat","embeddable":true,"href":"https:\/\/soliton-gmbh.de\/en\/wp-json\/wp\/v2\/product_cat?post=8626"},{"taxonomy":"product_tag","embeddable":true,"href":"https:\/\/soliton-gmbh.de\/en\/wp-json\/wp\/v2\/product_tag?post=8626"}],"curies":[{"name":"wp","href":"https:\/\/api.w.org\/{rel}","templated":true}]}}