{"id":8614,"date":"2024-11-25T16:36:02","date_gmt":"2024-11-25T15:36:02","guid":{"rendered":"https:\/\/soliton-gmbh.de\/?post_type=product&#038;p=8614"},"modified":"2026-05-04T17:44:34","modified_gmt":"2026-05-04T15:44:34","slug":"polarization-rotator-with-liquid-crystal","status":"publish","type":"product","link":"https:\/\/soliton-gmbh.de\/en\/produkt\/polarisations-rotator-mit-fluessigkristall\/","title":{"rendered":"polarization rotator with liquid crystal"},"content":{"rendered":"<p>The <strong>polarization rotator with liquid crystal<\/strong> from Meadowlark Optics is a sophisticated two-stage device for controlling orthogonal polarizations. In addition, this rotator enables rapid switching between two linear polarization states. When voltage is applied, the output polarization remains parallel to the input polarization. Without voltage, the polarization is rotated orthogonally. Thanks to its innovative liquid crystal technology, the device offers precise control options for a wide range of optical applications.<\/p>\n<h2><strong>LC polarization rotator for highest precision and speed<\/strong><\/h2>\n<p>In addition, the liquid crystal rotator uses a twisted nematic structure that ensures particularly fast switching times. With a response time of less than <strong>5 milliseconds<\/strong> The rotator reacts extremely quickly in the visible spectrum. This makes it ideal for applications where speed and precision are crucial. The high extinction level of over <strong>10.000:1<\/strong> the rotator achieves maximum performance. It shows its excellent performance especially with narrow bandwidths or single laser lines.<\/p>\n<h3><strong>Vibration-free and durable \u2013 perfect for optical systems<\/strong><\/h3>\n<p>Since the rotator works completely without mechanical movement, there are no unwanted vibrations or noises. The solid construction with high-quality materials such as <strong>synthetic quartz glass<\/strong> ensures durability and stability, even under intensive use. With a temperature range of <strong>10 \u00b0C to 60 \u00b0C<\/strong> in the company and <strong>-40 \u00b0C to 90 \u00b0C<\/strong> During storage, the rotator remains reliable even under demanding conditions.<\/p>\n<h3><strong>Wide compatibility and customizable options<\/strong><\/h3>\n<p>The <strong>polarization rotator with liquid crystal<\/strong> covers a wide wavelength range from <strong>400 to 1800 nm<\/strong> In addition, users can choose between different spectral regions, including <strong>VIS (450\u2013700 nm)<\/strong>, <strong>IR1 (650\u2013950 nm)<\/strong>, <strong>IR2 (900\u20131250 nm)<\/strong> and <strong>IR3 (1200\u20131700 nm)<\/strong>In addition, the flexible adaptation of the optical specifications such as diameters and apertures enables the rotator to be optimally integrated into existing optical systems.<\/p>\n<h2><strong>Liquid Crystal Optical Rotator \u2013 Versatility and Precision in One Device<\/strong><\/h2>\n<p>In addition, the <strong>polarization rotator with liquid crystal<\/strong> from Meadowlark Optics is an ideal solution for applications that require precise polarization control, fast switching times and vibration-free operation. With its advanced liquid crystal technology, it sets new standards. And thanks to its robust design, it is impressive in optical beam control even in demanding applications.<\/p>\n<p>Our <strong>variable optics<\/strong> stand for precision and reliability. If you have any further questions about the systems, please feel free to send us a non-binding inquiry. Further information about the products and all technical data sheets for each variant can be found here: <a href=\"https:\/\/meadowlark.com\/product\/twisted-nematic-lc-polarization-rotator\/\" target=\"_blank\" rel=\"noopener\">meadowlark.com<\/a>.<\/p>","protected":false},"excerpt":{"rendered":"<p><a href=\"https:\/\/soliton-gmbh.de\/wp-content\/uploads\/2023\/02\/4C-MLO-Logo.png\"><img loading=\"lazy\" decoding=\"async\" class=\"alignnone wp-image-5337\" src=\"https:\/\/soliton-gmbh.de\/wp-content\/uploads\/2023\/02\/4C-MLO-Logo-300x60.png\" alt=\"Logo of the company Meadowlark Optics\" width=\"200\" height=\"40\" srcset=\"https:\/\/soliton-gmbh.de\/wp-content\/uploads\/2023\/02\/4C-MLO-Logo-300x60.png 300w, https:\/\/soliton-gmbh.de\/wp-content\/uploads\/2023\/02\/4C-MLO-Logo-600x120.png 600w, https:\/\/soliton-gmbh.de\/wp-content\/uploads\/2023\/02\/4C-MLO-Logo-1200x240.png 1200w, https:\/\/soliton-gmbh.de\/wp-content\/uploads\/2023\/02\/4C-MLO-Logo-1024x205.png 1024w, https:\/\/soliton-gmbh.de\/wp-content\/uploads\/2023\/02\/4C-MLO-Logo-768x154.png 768w, https:\/\/soliton-gmbh.de\/wp-content\/uploads\/2023\/02\/4C-MLO-Logo-18x4.png 18w, https:\/\/soliton-gmbh.de\/wp-content\/uploads\/2023\/02\/4C-MLO-Logo.png 1500w\" sizes=\"auto, (max-width: 200px) 100vw, 200px\" \/><\/a><\/p>\n<ul>\n<li>High polarization purity<\/li>\n<li>Noiseless, vibration-free<\/li>\n<li>low voltage operation<\/li>\n<li>Wide thermal range<\/li>\n<li>Faster switching speeds than LCVRs<\/li>\n<\/ul>\n<p>Contact person: <a href=\"mailto:m.eib@soliton-gmbh.de\">Markus Eib, <\/a>Phone: 08105-779240<\/p>","protected":false},"featured_media":8615,"template":"","meta":{"_acf_changed":false,"_uag_custom_page_level_css":"","site-sidebar-layout":"default","site-content-layout":"","ast-site-content-layout":"default","site-content-style":"default","site-sidebar-style":"default","ast-global-header-display":"","ast-banner-title-visibility":"","ast-main-header-display":"","ast-hfb-above-header-display":"","ast-hfb-below-header-display":"","ast-hfb-mobile-header-display":"","site-post-title":"","ast-breadcrumbs-content":"","ast-featured-img":"","footer-sml-layout":"","ast-disable-related-posts":"","theme-transparent-header-meta":"default","adv-header-id-meta":"","stick-header-meta":"default","header-above-stick-meta":"","header-main-stick-meta":"","header-below-stick-meta":"","astra-migrate-meta-layouts":"set","ast-page-background-enabled":"default","ast-page-background-meta":{"desktop":{"background-color":"","background-image":"","background-repeat":"repeat","background-position":"center center","background-size":"auto","background-attachment":"scroll","background-type":"","background-media":"","overlay-type":"","overlay-color":"","overlay-opacity":"","overlay-gradient":""},"tablet":{"background-color":"","background-image":"","background-repeat":"repeat","background-position":"center center","background-size":"auto","background-attachment":"scroll","background-type":"","background-media":"","overlay-type":"","overlay-color":"","overlay-opacity":"","overlay-gradient":""},"mobile":{"background-color":"","background-image":"","background-repeat":"repeat","background-position":"center center","background-size":"auto","background-attachment":"scroll","background-type":"","background-media":"","overlay-type":"","overlay-color":"","overlay-opacity":"","overlay-gradient":""}},"ast-content-background-meta":{"desktop":{"background-color":"var(--ast-global-color-5)","background-image":"","background-repeat":"repeat","background-position":"center center","background-size":"auto","background-attachment":"scroll","background-type":"","background-media":"","overlay-type":"","overlay-color":"","overlay-opacity":"","overlay-gradient":""},"tablet":{"background-color":"var(--ast-global-color-5)","background-image":"","background-repeat":"repeat","background-position":"center center","background-size":"auto","background-attachment":"scroll","background-type":"","background-media":"","overlay-type":"","overlay-color":"","overlay-opacity":"","overlay-gradient":""},"mobile":{"background-color":"var(--ast-global-color-5)","background-image":"","background-repeat":"repeat","background-position":"center center","background-size":"auto","background-attachment":"scroll","background-type":"","background-media":"","overlay-type":"","overlay-color":"","overlay-opacity":"","overlay-gradient":""}}},"product_brand":[1609],"product_cat":[962],"product_tag":[1005,967,1011,1004,976,973,1013,1006,1009,1003,1008,1010,1007,991,1012],"class_list":{"0":"post-8614","1":"product","2":"type-product","3":"status-publish","4":"has-post-thumbnail","6":"product_brand-meadowlark-optics","7":"product_cat-variable-optiken","8":"product_tag-fluessigkristall-rotator","9":"product_tag-fluessigkristall-technologie","10":"product_tag-hoher-extinktionsgrad","11":"product_tag-lc-polarisationsrotator","12":"product_tag-meadowlark-optics","13":"product_tag-optische-anwendungen","14":"product_tag-optische-strahlsteuerung","15":"product_tag-optischer-rotator","16":"product_tag-orthogonale-polarisation","17":"product_tag-polarisations-rotator-mit-fluessigkristall","18":"product_tag-polarisationsteuerung","19":"product_tag-schaltzeiten-unter-5-ms","20":"product_tag-twisted-nematic-rotator","21":"product_tag-vibrationsfreie-optik","22":"product_tag-wellenlaengenbereich-400-1800-nm","23":"desktop-align-left","24":"tablet-align-center","25":"mobile-align-center","26":"ast-product-gallery-layout-horizontal-slider","27":"ast-product-gallery-with-no-image","28":"ast-magnify-disabled","29":"ast-product-tabs-layout-horizontal","31":"first","32":"instock","33":"virtual","34":"sold-individually","35":"purchasable","36":"product-type-simple"},"acf":[],"yoast_head":"<!-- This site is optimized with the Yoast SEO Premium plugin v27.2 (Yoast SEO v27.6) - https:\/\/yoast.com\/product\/yoast-seo-premium-wordpress\/ -->\n<title>Polarisations-Rotator mit Fl\u00fcssigkristall - Soliton<\/title>\n<meta name=\"description\" content=\"Der Polarisations-Rotator mit Fl\u00fcssigkristall bietet schnelle Schaltzeiten, vibrationsfreie Funktion und eine pr\u00e4zise Steuerung orthogonaler Polarisation f\u00fcr optische Anwendungen.\" \/>\n<meta name=\"robots\" content=\"index, follow, max-snippet:-1, max-image-preview:large, max-video-preview:-1\" \/>\n<link rel=\"canonical\" href=\"https:\/\/soliton-gmbh.de\/en\/product\/polarization-rotator-with-liquid-crystal\/\" \/>\n<meta property=\"og:locale\" content=\"en_US\" \/>\n<meta property=\"og:type\" content=\"article\" \/>\n<meta property=\"og:title\" content=\"Polarisations-Rotator mit Fl\u00fcssigkristall\" \/>\n<meta property=\"og:description\" content=\"Der Polarisations-Rotator mit Fl\u00fcssigkristall bietet schnelle Schaltzeiten, vibrationsfreie Funktion und eine pr\u00e4zise Steuerung orthogonaler Polarisation f\u00fcr optische Anwendungen.\" \/>\n<meta property=\"og:url\" content=\"https:\/\/soliton-gmbh.de\/en\/product\/polarization-rotator-with-liquid-crystal\/\" \/>\n<meta property=\"og:site_name\" content=\"Soliton Laser- und Messtechnik GmbH\" \/>\n<meta property=\"article:modified_time\" content=\"2026-05-04T15:44:34+00:00\" \/>\n<meta property=\"og:image\" content=\"https:\/\/soliton-gmbh.de\/wp-content\/uploads\/2024\/11\/LCD2.jpg\" \/>\n\t<meta property=\"og:image:width\" content=\"1400\" \/>\n\t<meta property=\"og:image:height\" content=\"1411\" \/>\n\t<meta property=\"og:image:type\" content=\"image\/jpeg\" \/>\n<meta name=\"twitter:card\" content=\"summary_large_image\" \/>\n<meta name=\"twitter:label1\" content=\"Price\" \/>\n\t<meta name=\"twitter:data1\" content=\"&euro;0.00\" \/>\n\t<meta name=\"twitter:label2\" content=\"Availability\" \/>\n\t<meta name=\"twitter:data2\" content=\"In stock\" \/>\n<script type=\"application\/ld+json\" class=\"yoast-schema-graph\">{\"@context\":\"https:\\\/\\\/schema.org\",\"@graph\":[{\"@type\":\"WebPage\",\"@id\":\"https:\\\/\\\/soliton-gmbh.de\\\/produkt\\\/polarisations-rotator-mit-fluessigkristall\\\/\",\"url\":\"https:\\\/\\\/soliton-gmbh.de\\\/produkt\\\/polarisations-rotator-mit-fluessigkristall\\\/\",\"name\":\"Polarisations-Rotator mit Fl\u00fcssigkristall - Soliton\",\"isPartOf\":{\"@id\":\"https:\\\/\\\/soliton-gmbh.de\\\/#website\"},\"primaryImageOfPage\":{\"@id\":\"https:\\\/\\\/soliton-gmbh.de\\\/produkt\\\/polarisations-rotator-mit-fluessigkristall\\\/#primaryimage\"},\"image\":{\"@id\":\"https:\\\/\\\/soliton-gmbh.de\\\/produkt\\\/polarisations-rotator-mit-fluessigkristall\\\/#primaryimage\"},\"thumbnailUrl\":\"https:\\\/\\\/soliton-gmbh.de\\\/wp-content\\\/uploads\\\/2024\\\/11\\\/LCD2.jpg\",\"datePublished\":\"2024-11-25T15:36:02+00:00\",\"dateModified\":\"2026-05-04T15:44:34+00:00\",\"description\":\"Der Polarisations-Rotator mit Fl\u00fcssigkristall bietet schnelle Schaltzeiten, vibrationsfreie Funktion und eine pr\u00e4zise Steuerung orthogonaler Polarisation f\u00fcr optische Anwendungen.\",\"breadcrumb\":{\"@id\":\"https:\\\/\\\/soliton-gmbh.de\\\/produkt\\\/polarisations-rotator-mit-fluessigkristall\\\/#breadcrumb\"},\"inLanguage\":\"en-US\",\"potentialAction\":[{\"@type\":\"ReadAction\",\"target\":[\"https:\\\/\\\/soliton-gmbh.de\\\/produkt\\\/polarisations-rotator-mit-fluessigkristall\\\/\"]}]},{\"@type\":\"ImageObject\",\"inLanguage\":\"en-US\",\"@id\":\"https:\\\/\\\/soliton-gmbh.de\\\/produkt\\\/polarisations-rotator-mit-fluessigkristall\\\/#primaryimage\",\"url\":\"https:\\\/\\\/soliton-gmbh.de\\\/wp-content\\\/uploads\\\/2024\\\/11\\\/LCD2.jpg\",\"contentUrl\":\"https:\\\/\\\/soliton-gmbh.de\\\/wp-content\\\/uploads\\\/2024\\\/11\\\/LCD2.jpg\",\"width\":1400,\"height\":1411,\"caption\":\"Polarisations-Rotator mit Fl\u00fcssigkristall von Meadowlark Optics f\u00fcr pr\u00e4zise Steuerung orthogonaler Polarisationen\"},{\"@type\":\"BreadcrumbList\",\"@id\":\"https:\\\/\\\/soliton-gmbh.de\\\/produkt\\\/polarisations-rotator-mit-fluessigkristall\\\/#breadcrumb\",\"itemListElement\":[{\"@type\":\"ListItem\",\"position\":1,\"name\":\"Startseite\",\"item\":\"https:\\\/\\\/soliton-gmbh.de\\\/\"},{\"@type\":\"ListItem\",\"position\":2,\"name\":\"Produkte\",\"item\":\"https:\\\/\\\/soliton-gmbh.de\\\/produkte\\\/\"},{\"@type\":\"ListItem\",\"position\":3,\"name\":\"Polarisations-Rotator mit Fl\u00fcssigkristall\"}]},{\"@type\":\"WebSite\",\"@id\":\"https:\\\/\\\/soliton-gmbh.de\\\/#website\",\"url\":\"https:\\\/\\\/soliton-gmbh.de\\\/\",\"name\":\"Soliton Laser- und Messtechnik GmbH\",\"description\":\"\",\"publisher\":{\"@id\":\"https:\\\/\\\/soliton-gmbh.de\\\/#organization\"},\"potentialAction\":[{\"@type\":\"SearchAction\",\"target\":{\"@type\":\"EntryPoint\",\"urlTemplate\":\"https:\\\/\\\/soliton-gmbh.de\\\/?s={search_term_string}\"},\"query-input\":{\"@type\":\"PropertyValueSpecification\",\"valueRequired\":true,\"valueName\":\"search_term_string\"}}],\"inLanguage\":\"en-US\"},{\"@type\":\"Organization\",\"@id\":\"https:\\\/\\\/soliton-gmbh.de\\\/#organization\",\"name\":\"Soliton GmbH\",\"url\":\"https:\\\/\\\/soliton-gmbh.de\\\/\",\"logo\":{\"@type\":\"ImageObject\",\"inLanguage\":\"en-US\",\"@id\":\"https:\\\/\\\/soliton-gmbh.de\\\/#\\\/schema\\\/logo\\\/image\\\/\",\"url\":\"https:\\\/\\\/soliton-gmbh.de\\\/wp-content\\\/uploads\\\/2022\\\/08\\\/cropped-soliton-logo.png\",\"contentUrl\":\"https:\\\/\\\/soliton-gmbh.de\\\/wp-content\\\/uploads\\\/2022\\\/08\\\/cropped-soliton-logo.png\",\"width\":500,\"height\":350,\"caption\":\"Soliton GmbH\"},\"image\":{\"@id\":\"https:\\\/\\\/soliton-gmbh.de\\\/#\\\/schema\\\/logo\\\/image\\\/\"}}]}<\/script>\n<meta property=\"product:price:amount\" content=\"0.00\" \/>\n<meta property=\"product:price:currency\" content=\"EUR\" \/>\n<meta property=\"og:availability\" content=\"instock\" \/>\n<meta property=\"product:availability\" content=\"instock\" \/>\n<meta property=\"product:condition\" content=\"new\" \/>\n<!-- \/ Yoast SEO Premium plugin. -->","yoast_head_json":{"title":"Polarization rotator with liquid crystal - Soliton","description":"The polarization rotator with liquid crystal offers fast switching times, vibration-free operation and precise control of orthogonal polarization for optical applications.","robots":{"index":"index","follow":"follow","max-snippet":"max-snippet:-1","max-image-preview":"max-image-preview:large","max-video-preview":"max-video-preview:-1"},"canonical":"https:\/\/soliton-gmbh.de\/en\/product\/polarization-rotator-with-liquid-crystal\/","og_locale":"en_US","og_type":"article","og_title":"Polarisations-Rotator mit Fl\u00fcssigkristall","og_description":"Der Polarisations-Rotator mit Fl\u00fcssigkristall bietet schnelle Schaltzeiten, vibrationsfreie Funktion und eine pr\u00e4zise Steuerung orthogonaler Polarisation f\u00fcr optische Anwendungen.","og_url":"https:\/\/soliton-gmbh.de\/en\/product\/polarization-rotator-with-liquid-crystal\/","og_site_name":"Soliton Laser- und Messtechnik GmbH","article_modified_time":"2026-05-04T15:44:34+00:00","og_image":[{"width":1400,"height":1411,"url":"https:\/\/soliton-gmbh.de\/wp-content\/uploads\/2024\/11\/LCD2.jpg","type":"image\/jpeg"}],"twitter_card":"summary_large_image","twitter_misc":{"Price":"&euro;0.00","Availability":"In stock"},"schema":{"@context":"https:\/\/schema.org","@graph":[{"@type":"WebPage","@id":"https:\/\/soliton-gmbh.de\/produkt\/polarisations-rotator-mit-fluessigkristall\/","url":"https:\/\/soliton-gmbh.de\/produkt\/polarisations-rotator-mit-fluessigkristall\/","name":"Polarization rotator with liquid crystal - Soliton","isPartOf":{"@id":"https:\/\/soliton-gmbh.de\/#website"},"primaryImageOfPage":{"@id":"https:\/\/soliton-gmbh.de\/produkt\/polarisations-rotator-mit-fluessigkristall\/#primaryimage"},"image":{"@id":"https:\/\/soliton-gmbh.de\/produkt\/polarisations-rotator-mit-fluessigkristall\/#primaryimage"},"thumbnailUrl":"https:\/\/soliton-gmbh.de\/wp-content\/uploads\/2024\/11\/LCD2.jpg","datePublished":"2024-11-25T15:36:02+00:00","dateModified":"2026-05-04T15:44:34+00:00","description":"The polarization rotator with liquid crystal offers fast switching times, vibration-free operation and precise control of orthogonal polarization for optical applications.","breadcrumb":{"@id":"https:\/\/soliton-gmbh.de\/produkt\/polarisations-rotator-mit-fluessigkristall\/#breadcrumb"},"inLanguage":"en-US","potentialAction":[{"@type":"ReadAction","target":["https:\/\/soliton-gmbh.de\/produkt\/polarisations-rotator-mit-fluessigkristall\/"]}]},{"@type":"ImageObject","inLanguage":"en-US","@id":"https:\/\/soliton-gmbh.de\/produkt\/polarisations-rotator-mit-fluessigkristall\/#primaryimage","url":"https:\/\/soliton-gmbh.de\/wp-content\/uploads\/2024\/11\/LCD2.jpg","contentUrl":"https:\/\/soliton-gmbh.de\/wp-content\/uploads\/2024\/11\/LCD2.jpg","width":1400,"height":1411,"caption":"Polarisations-Rotator mit Fl\u00fcssigkristall von Meadowlark Optics f\u00fcr pr\u00e4zise Steuerung orthogonaler Polarisationen"},{"@type":"BreadcrumbList","@id":"https:\/\/soliton-gmbh.de\/produkt\/polarisations-rotator-mit-fluessigkristall\/#breadcrumb","itemListElement":[{"@type":"ListItem","position":1,"name":"Startseite","item":"https:\/\/soliton-gmbh.de\/"},{"@type":"ListItem","position":2,"name":"Produkte","item":"https:\/\/soliton-gmbh.de\/produkte\/"},{"@type":"ListItem","position":3,"name":"Polarisations-Rotator mit Fl\u00fcssigkristall"}]},{"@type":"WebSite","@id":"https:\/\/soliton-gmbh.de\/#website","url":"https:\/\/soliton-gmbh.de\/","name":"Soliton Laser- und Messtechnik GmbH","description":"","publisher":{"@id":"https:\/\/soliton-gmbh.de\/#organization"},"potentialAction":[{"@type":"SearchAction","target":{"@type":"EntryPoint","urlTemplate":"https:\/\/soliton-gmbh.de\/?s={search_term_string}"},"query-input":{"@type":"PropertyValueSpecification","valueRequired":true,"valueName":"search_term_string"}}],"inLanguage":"en-US"},{"@type":"Organization","@id":"https:\/\/soliton-gmbh.de\/#organization","name":"Soliton GmbH","url":"https:\/\/soliton-gmbh.de\/","logo":{"@type":"ImageObject","inLanguage":"en-US","@id":"https:\/\/soliton-gmbh.de\/#\/schema\/logo\/image\/","url":"https:\/\/soliton-gmbh.de\/wp-content\/uploads\/2022\/08\/cropped-soliton-logo.png","contentUrl":"https:\/\/soliton-gmbh.de\/wp-content\/uploads\/2022\/08\/cropped-soliton-logo.png","width":500,"height":350,"caption":"Soliton GmbH"},"image":{"@id":"https:\/\/soliton-gmbh.de\/#\/schema\/logo\/image\/"}}]},"product_price_amount":"0.00","product_price_currency":"EUR","og_availability":"instock","product_availability":"instock","product_condition":"new"},"uagb_featured_image_src":{"full":["https:\/\/soliton-gmbh.de\/wp-content\/uploads\/2024\/11\/LCD2.jpg",1400,1411,false],"thumbnail":["https:\/\/soliton-gmbh.de\/wp-content\/uploads\/2024\/11\/LCD2-150x150.jpg",150,150,true],"medium":["https:\/\/soliton-gmbh.de\/wp-content\/uploads\/2024\/11\/LCD2-298x300.jpg",298,300,true],"medium_large":["https:\/\/soliton-gmbh.de\/wp-content\/uploads\/2024\/11\/LCD2-768x774.jpg",768,774,true],"large":["https:\/\/soliton-gmbh.de\/wp-content\/uploads\/2024\/11\/LCD2-1016x1024.jpg",1016,1024,true],"1536x1536":["https:\/\/soliton-gmbh.de\/wp-content\/uploads\/2024\/11\/LCD2.jpg",1400,1411,false],"2048x2048":["https:\/\/soliton-gmbh.de\/wp-content\/uploads\/2024\/11\/LCD2.jpg",1400,1411,false],"trp-custom-language-flag":["https:\/\/soliton-gmbh.de\/wp-content\/uploads\/2024\/11\/LCD2-12x12.jpg",12,12,true],"woocommerce_thumbnail":["https:\/\/soliton-gmbh.de\/wp-content\/uploads\/2024\/11\/LCD2-600x605.jpg",600,605,true],"woocommerce_single":["https:\/\/soliton-gmbh.de\/wp-content\/uploads\/2024\/11\/LCD2-1200x1209.jpg",1200,1209,true],"woocommerce_gallery_thumbnail":["https:\/\/soliton-gmbh.de\/wp-content\/uploads\/2024\/11\/LCD2-300x300.jpg",300,300,true]},"uagb_author_info":{"display_name":"Daniel","author_link":"https:\/\/soliton-gmbh.de\/en\/author\/"},"uagb_comment_info":0,"uagb_excerpt":"Hohe Polarisationsreinheit Ger\u00e4uschlos, vibrationsfrei Betrieb mit niedriger Spannung Breiter thermischer Bereich Schnellere Schaltgeschwindigkeiten als LCVRs Ansprechpartner: Markus Eib, Tel: 08105-779240","_links":{"self":[{"href":"https:\/\/soliton-gmbh.de\/en\/wp-json\/wp\/v2\/product\/8614","targetHints":{"allow":["GET"]}}],"collection":[{"href":"https:\/\/soliton-gmbh.de\/en\/wp-json\/wp\/v2\/product"}],"about":[{"href":"https:\/\/soliton-gmbh.de\/en\/wp-json\/wp\/v2\/types\/product"}],"wp:featuredmedia":[{"embeddable":true,"href":"https:\/\/soliton-gmbh.de\/en\/wp-json\/wp\/v2\/media\/8615"}],"wp:attachment":[{"href":"https:\/\/soliton-gmbh.de\/en\/wp-json\/wp\/v2\/media?parent=8614"}],"wp:term":[{"taxonomy":"product_brand","embeddable":true,"href":"https:\/\/soliton-gmbh.de\/en\/wp-json\/wp\/v2\/product_brand?post=8614"},{"taxonomy":"product_cat","embeddable":true,"href":"https:\/\/soliton-gmbh.de\/en\/wp-json\/wp\/v2\/product_cat?post=8614"},{"taxonomy":"product_tag","embeddable":true,"href":"https:\/\/soliton-gmbh.de\/en\/wp-json\/wp\/v2\/product_tag?post=8614"}],"curies":[{"name":"wp","href":"https:\/\/api.w.org\/{rel}","templated":true}]}}