{"id":8607,"date":"2024-11-25T16:09:26","date_gmt":"2024-11-25T15:09:26","guid":{"rendered":"https:\/\/soliton-gmbh.de\/?post_type=product&#038;p=8607"},"modified":"2026-03-30T18:13:36","modified_gmt":"2026-03-30T16:13:36","slug":"analog-controller-for-variable-optics","status":"publish","type":"product","link":"https:\/\/soliton-gmbh.de\/en\/produkt\/analog-controller-fuer-variable-optiken\/","title":{"rendered":"Analog Controller for variable optics"},"content":{"rendered":"<p>The <strong>Analog Controller for variable optics<\/strong> Meadowlark Optics&#039; controller is specifically designed for precise control of liquid crystal devices. This controller, model B1010, is compatible with all standard Meadowlark Optics liquid crystal devices as well as other compatible <strong>nematic LC devices<\/strong> Its independent voltage controls allow the simple and reproducible selection of two retardance values. A manual toggle switch makes it easy to switch between the two states, e.g. from quarter-wave to three-quarter-wave retardance, which polarizes linear light between left and right circularly.<\/p>\n<h2>Liquid crystal analog control for precise polarization control<\/h2>\n<p>With the <strong>variable optics controller<\/strong> you can precisely control retardance values. Two independent voltage controls allow you to quickly switch between preset retardance values, such as from quarter-wave to three-quarter-wave retardance. Thanks to a manual toggle switch, control is simple and efficient, giving you precise polarization control.<\/p>\n<h3><strong>Precision through retardance-to-voltage correlation<\/strong><\/h3>\n<p>Meadowlark Optics supplies each liquid crystal device with a retardance-to-voltage curve. This curve ensures a precise correlation between the two parameters. This allows you to directly compare the data in combination with the <strong>Analog Controller for variable optics<\/strong> This allows you to control your devices precisely and achieve optimal results.<\/p>\n<h3><strong>Versatile compatibility and flexibility<\/strong><\/h3>\n<p>The controller is compatible with a wide range of devices, including <strong>Variable Retarder<\/strong>, <strong>UV retarder<\/strong>, <strong>MWIR retarder<\/strong> and <strong>OEM LCVRs<\/strong>. It also allows you to easily control <strong>shutters<\/strong>, <strong>rotators<\/strong> and many other liquid crystal devices. In addition, the external power supply or the optional 9V battery offers maximum flexibility. This means you can use the controller in a variety of ways and in a wide range of applications.<\/p>\n<h2>Compact variable optics controller for versatile applications<\/h2>\n<p>The <strong>Analog Controller for variable optics<\/strong> impresses with its compact size of only 3.3 x 6.0 x 2.2 inches and a weight of less than a pound. This makes it easy to transport and flexible to use. It meets all CE standards and is optimized for an operating voltage of 0 to 20 VAC at a 2 kHz AC square wave. Due to its robust construction, it can withstand even intensive use and remains reliable and durable in laboratory environments.<\/p>\n<p>Thanks to its powerful and compact design, the controller is the ideal solution for precise control of liquid crystal devices. Therefore, you benefit from its ease of use, flexibility and reliability, which make it perfect for research, development and laboratory applications.<\/p>\n<p>Our <strong>variable optics<\/strong> stand for precision and reliability. If you have any further questions about the systems, please feel free to send us a non-binding inquiry. Further information about the products and all technical data sheets for each variant can be found here: <a href=\"https:\/\/meadowlark.com\/product\/analog-liquid-crystal-controller\/\" target=\"_blank\" rel=\"noopener\">meadowlark.com<\/a>.<\/p>\n<p>&nbsp;<\/p>","protected":false},"excerpt":{"rendered":"<p><a href=\"https:\/\/soliton-gmbh.de\/wp-content\/uploads\/2023\/02\/4C-MLO-Logo.png\"><img loading=\"lazy\" decoding=\"async\" class=\"alignnone wp-image-5337\" src=\"https:\/\/soliton-gmbh.de\/wp-content\/uploads\/2023\/02\/4C-MLO-Logo-300x60.png\" alt=\"Logo of the company Meadowlark Optics \" width=\"200\" height=\"40\" srcset=\"https:\/\/soliton-gmbh.de\/wp-content\/uploads\/2023\/02\/4C-MLO-Logo-300x60.png 300w, https:\/\/soliton-gmbh.de\/wp-content\/uploads\/2023\/02\/4C-MLO-Logo-600x120.png 600w, https:\/\/soliton-gmbh.de\/wp-content\/uploads\/2023\/02\/4C-MLO-Logo-1200x240.png 1200w, https:\/\/soliton-gmbh.de\/wp-content\/uploads\/2023\/02\/4C-MLO-Logo-1024x205.png 1024w, https:\/\/soliton-gmbh.de\/wp-content\/uploads\/2023\/02\/4C-MLO-Logo-768x154.png 768w, https:\/\/soliton-gmbh.de\/wp-content\/uploads\/2023\/02\/4C-MLO-Logo-18x4.png 18w, https:\/\/soliton-gmbh.de\/wp-content\/uploads\/2023\/02\/4C-MLO-Logo.png 1500w\" sizes=\"auto, (max-width: 200px) 100vw, 200px\" \/><\/a><\/p>\n<ul>\n<li>Can control a wide variety of optics<\/li>\n<li>Optional battery supply<\/li>\n<li>Banana sockets for connecting multimeters<\/li>\n<\/ul>","protected":false},"featured_media":8608,"template":"","meta":{"_acf_changed":false,"_uag_custom_page_level_css":"","site-sidebar-layout":"default","site-content-layout":"","ast-site-content-layout":"default","site-content-style":"default","site-sidebar-style":"default","ast-global-header-display":"","ast-banner-title-visibility":"","ast-main-header-display":"","ast-hfb-above-header-display":"","ast-hfb-below-header-display":"","ast-hfb-mobile-header-display":"","site-post-title":"","ast-breadcrumbs-content":"","ast-featured-img":"","footer-sml-layout":"","ast-disable-related-posts":"","theme-transparent-header-meta":"default","adv-header-id-meta":"","stick-header-meta":"default","header-above-stick-meta":"","header-main-stick-meta":"","header-below-stick-meta":"","astra-migrate-meta-layouts":"set","ast-page-background-enabled":"default","ast-page-background-meta":{"desktop":{"background-color":"","background-image":"","background-repeat":"repeat","background-position":"center center","background-size":"auto","background-attachment":"scroll","background-type":"","background-media":"","overlay-type":"","overlay-color":"","overlay-opacity":"","overlay-gradient":""},"tablet":{"background-color":"","background-image":"","background-repeat":"repeat","background-position":"center center","background-size":"auto","background-attachment":"scroll","background-type":"","background-media":"","overlay-type":"","overlay-color":"","overlay-opacity":"","overlay-gradient":""},"mobile":{"background-color":"","background-image":"","background-repeat":"repeat","background-position":"center center","background-size":"auto","background-attachment":"scroll","background-type":"","background-media":"","overlay-type":"","overlay-color":"","overlay-opacity":"","overlay-gradient":""}},"ast-content-background-meta":{"desktop":{"background-color":"var(--ast-global-color-5)","background-image":"","background-repeat":"repeat","background-position":"center center","background-size":"auto","background-attachment":"scroll","background-type":"","background-media":"","overlay-type":"","overlay-color":"","overlay-opacity":"","overlay-gradient":""},"tablet":{"background-color":"var(--ast-global-color-5)","background-image":"","background-repeat":"repeat","background-position":"center center","background-size":"auto","background-attachment":"scroll","background-type":"","background-media":"","overlay-type":"","overlay-color":"","overlay-opacity":"","overlay-gradient":""},"mobile":{"background-color":"var(--ast-global-color-5)","background-image":"","background-repeat":"repeat","background-position":"center center","background-size":"auto","background-attachment":"scroll","background-type":"","background-media":"","overlay-type":"","overlay-color":"","overlay-opacity":"","overlay-gradient":""}}},"product_brand":[1609],"product_cat":[962],"product_tag":[992,998,993,967,1002,1001,995,999,976,973,985,997,1000,987,994,996],"class_list":{"0":"post-8607","1":"product","2":"type-product","3":"status-publish","4":"has-post-thumbnail","6":"product_brand-meadowlark-optics","7":"product_cat-variable-optiken","8":"product_tag-analog-controller-fuer-variable-optiken","9":"product_tag-bench-top-steuerung","10":"product_tag-fluessigkristall-analogsteuerung","11":"product_tag-fluessigkristall-technologie","12":"product_tag-hochpraezise-retardance","13":"product_tag-kompakte-steuerung","14":"product_tag-lc-controller","15":"product_tag-lc-geraete","16":"product_tag-meadowlark-optics","17":"product_tag-optische-anwendungen","18":"product_tag-polarisationssteuerung","19":"product_tag-retardance-kontrolle","20":"product_tag-spannungssteuerung","21":"product_tag-submillisekunden-schaltzeiten","22":"product_tag-variabler-optikcontroller","23":"product_tag-variabler-retarder","24":"desktop-align-left","25":"tablet-align-center","26":"mobile-align-center","27":"ast-product-gallery-layout-horizontal-slider","28":"ast-product-gallery-with-no-image","29":"ast-magnify-disabled","30":"ast-product-tabs-layout-horizontal","32":"first","33":"instock","34":"virtual","35":"sold-individually","36":"purchasable","37":"product-type-simple"},"acf":[],"yoast_head":"<!-- This site is optimized with the Yoast SEO Premium plugin v27.2 (Yoast SEO v27.5) - https:\/\/yoast.com\/product\/yoast-seo-premium-wordpress\/ -->\n<title>Analog Controller f\u00fcr variable Optiken - Soliton<\/title>\n<meta name=\"description\" content=\"Der Analog Controller f\u00fcr variable Optiken bietet pr\u00e4zise Steuerung f\u00fcr LC-Ger\u00e4te mit einfacher Bedienung und vielseitiger Kompatibilit\u00e4t.\" \/>\n<meta name=\"robots\" content=\"index, follow, max-snippet:-1, max-image-preview:large, max-video-preview:-1\" \/>\n<link rel=\"canonical\" href=\"https:\/\/soliton-gmbh.de\/en\/product\/analog-controller-for-variable-optics\/\" \/>\n<meta property=\"og:locale\" content=\"en_US\" \/>\n<meta property=\"og:type\" content=\"article\" \/>\n<meta property=\"og:title\" content=\"Analog Controller f\u00fcr variable Optiken\" \/>\n<meta property=\"og:description\" content=\"Der Analog Controller f\u00fcr variable Optiken bietet pr\u00e4zise Steuerung f\u00fcr LC-Ger\u00e4te mit einfacher Bedienung und vielseitiger Kompatibilit\u00e4t.\" \/>\n<meta property=\"og:url\" content=\"https:\/\/soliton-gmbh.de\/en\/product\/analog-controller-for-variable-optics\/\" \/>\n<meta property=\"og:site_name\" content=\"Soliton Laser- und Messtechnik GmbH\" \/>\n<meta property=\"article:modified_time\" content=\"2026-03-30T16:13:36+00:00\" \/>\n<meta property=\"og:image\" content=\"https:\/\/soliton-gmbh.de\/wp-content\/uploads\/2024\/11\/analog_controller.jpg\" \/>\n\t<meta property=\"og:image:width\" content=\"1500\" \/>\n\t<meta property=\"og:image:height\" content=\"1512\" \/>\n\t<meta property=\"og:image:type\" content=\"image\/jpeg\" \/>\n<meta name=\"twitter:card\" content=\"summary_large_image\" \/>\n<meta name=\"twitter:label1\" content=\"Price\" \/>\n\t<meta name=\"twitter:data1\" content=\"&euro;0.00\" \/>\n\t<meta name=\"twitter:label2\" content=\"Availability\" \/>\n\t<meta name=\"twitter:data2\" content=\"In stock\" \/>\n<script type=\"application\/ld+json\" class=\"yoast-schema-graph\">{\"@context\":\"https:\\\/\\\/schema.org\",\"@graph\":[{\"@type\":\"WebPage\",\"@id\":\"https:\\\/\\\/soliton-gmbh.de\\\/produkt\\\/analog-controller-fuer-variable-optiken\\\/\",\"url\":\"https:\\\/\\\/soliton-gmbh.de\\\/produkt\\\/analog-controller-fuer-variable-optiken\\\/\",\"name\":\"Analog Controller f\u00fcr variable Optiken - Soliton\",\"isPartOf\":{\"@id\":\"https:\\\/\\\/soliton-gmbh.de\\\/#website\"},\"primaryImageOfPage\":{\"@id\":\"https:\\\/\\\/soliton-gmbh.de\\\/produkt\\\/analog-controller-fuer-variable-optiken\\\/#primaryimage\"},\"image\":{\"@id\":\"https:\\\/\\\/soliton-gmbh.de\\\/produkt\\\/analog-controller-fuer-variable-optiken\\\/#primaryimage\"},\"thumbnailUrl\":\"https:\\\/\\\/soliton-gmbh.de\\\/wp-content\\\/uploads\\\/2024\\\/11\\\/analog_controller.jpg\",\"datePublished\":\"2024-11-25T15:09:26+00:00\",\"dateModified\":\"2026-03-30T16:13:36+00:00\",\"description\":\"Der Analog Controller f\u00fcr variable Optiken bietet pr\u00e4zise Steuerung f\u00fcr LC-Ger\u00e4te mit einfacher Bedienung und vielseitiger Kompatibilit\u00e4t.\",\"breadcrumb\":{\"@id\":\"https:\\\/\\\/soliton-gmbh.de\\\/produkt\\\/analog-controller-fuer-variable-optiken\\\/#breadcrumb\"},\"inLanguage\":\"en-US\",\"potentialAction\":[{\"@type\":\"ReadAction\",\"target\":[\"https:\\\/\\\/soliton-gmbh.de\\\/produkt\\\/analog-controller-fuer-variable-optiken\\\/\"]}]},{\"@type\":\"ImageObject\",\"inLanguage\":\"en-US\",\"@id\":\"https:\\\/\\\/soliton-gmbh.de\\\/produkt\\\/analog-controller-fuer-variable-optiken\\\/#primaryimage\",\"url\":\"https:\\\/\\\/soliton-gmbh.de\\\/wp-content\\\/uploads\\\/2024\\\/11\\\/analog_controller.jpg\",\"contentUrl\":\"https:\\\/\\\/soliton-gmbh.de\\\/wp-content\\\/uploads\\\/2024\\\/11\\\/analog_controller.jpg\",\"width\":1500,\"height\":1512,\"caption\":\"Analog Controller f\u00fcr variable Optiken von Meadowlark Optics f\u00fcr pr\u00e4zise Steuerung und flexible Spannungsanpassung\"},{\"@type\":\"BreadcrumbList\",\"@id\":\"https:\\\/\\\/soliton-gmbh.de\\\/produkt\\\/analog-controller-fuer-variable-optiken\\\/#breadcrumb\",\"itemListElement\":[{\"@type\":\"ListItem\",\"position\":1,\"name\":\"Startseite\",\"item\":\"https:\\\/\\\/soliton-gmbh.de\\\/\"},{\"@type\":\"ListItem\",\"position\":2,\"name\":\"Produkte\",\"item\":\"https:\\\/\\\/soliton-gmbh.de\\\/produkte\\\/\"},{\"@type\":\"ListItem\",\"position\":3,\"name\":\"Analog Controller f\u00fcr variable Optiken\"}]},{\"@type\":\"WebSite\",\"@id\":\"https:\\\/\\\/soliton-gmbh.de\\\/#website\",\"url\":\"https:\\\/\\\/soliton-gmbh.de\\\/\",\"name\":\"Soliton Laser- und Messtechnik GmbH\",\"description\":\"\",\"publisher\":{\"@id\":\"https:\\\/\\\/soliton-gmbh.de\\\/#organization\"},\"potentialAction\":[{\"@type\":\"SearchAction\",\"target\":{\"@type\":\"EntryPoint\",\"urlTemplate\":\"https:\\\/\\\/soliton-gmbh.de\\\/?s={search_term_string}\"},\"query-input\":{\"@type\":\"PropertyValueSpecification\",\"valueRequired\":true,\"valueName\":\"search_term_string\"}}],\"inLanguage\":\"en-US\"},{\"@type\":\"Organization\",\"@id\":\"https:\\\/\\\/soliton-gmbh.de\\\/#organization\",\"name\":\"Soliton GmbH\",\"url\":\"https:\\\/\\\/soliton-gmbh.de\\\/\",\"logo\":{\"@type\":\"ImageObject\",\"inLanguage\":\"en-US\",\"@id\":\"https:\\\/\\\/soliton-gmbh.de\\\/#\\\/schema\\\/logo\\\/image\\\/\",\"url\":\"https:\\\/\\\/soliton-gmbh.de\\\/wp-content\\\/uploads\\\/2022\\\/08\\\/cropped-soliton-logo.png\",\"contentUrl\":\"https:\\\/\\\/soliton-gmbh.de\\\/wp-content\\\/uploads\\\/2022\\\/08\\\/cropped-soliton-logo.png\",\"width\":500,\"height\":350,\"caption\":\"Soliton GmbH\"},\"image\":{\"@id\":\"https:\\\/\\\/soliton-gmbh.de\\\/#\\\/schema\\\/logo\\\/image\\\/\"}}]}<\/script>\n<meta property=\"product:price:amount\" content=\"0.00\" \/>\n<meta property=\"product:price:currency\" content=\"EUR\" \/>\n<meta property=\"og:availability\" content=\"instock\" \/>\n<meta property=\"product:availability\" content=\"instock\" \/>\n<meta property=\"product:condition\" content=\"new\" \/>\n<!-- \/ Yoast SEO Premium plugin. -->","yoast_head_json":{"title":"Analog controller for variable optics - Soliton","description":"The analog controller for variable optics offers precise control for LC devices with simple operation and versatile compatibility.","robots":{"index":"index","follow":"follow","max-snippet":"max-snippet:-1","max-image-preview":"max-image-preview:large","max-video-preview":"max-video-preview:-1"},"canonical":"https:\/\/soliton-gmbh.de\/en\/product\/analog-controller-for-variable-optics\/","og_locale":"en_US","og_type":"article","og_title":"Analog Controller f\u00fcr variable Optiken","og_description":"Der Analog Controller f\u00fcr variable Optiken bietet pr\u00e4zise Steuerung f\u00fcr LC-Ger\u00e4te mit einfacher Bedienung und vielseitiger Kompatibilit\u00e4t.","og_url":"https:\/\/soliton-gmbh.de\/en\/product\/analog-controller-for-variable-optics\/","og_site_name":"Soliton Laser- und Messtechnik GmbH","article_modified_time":"2026-03-30T16:13:36+00:00","og_image":[{"width":1500,"height":1512,"url":"https:\/\/soliton-gmbh.de\/wp-content\/uploads\/2024\/11\/analog_controller.jpg","type":"image\/jpeg"}],"twitter_card":"summary_large_image","twitter_misc":{"Price":"&euro;0.00","Availability":"In stock"},"schema":{"@context":"https:\/\/schema.org","@graph":[{"@type":"WebPage","@id":"https:\/\/soliton-gmbh.de\/produkt\/analog-controller-fuer-variable-optiken\/","url":"https:\/\/soliton-gmbh.de\/produkt\/analog-controller-fuer-variable-optiken\/","name":"Analog controller for variable optics - Soliton","isPartOf":{"@id":"https:\/\/soliton-gmbh.de\/#website"},"primaryImageOfPage":{"@id":"https:\/\/soliton-gmbh.de\/produkt\/analog-controller-fuer-variable-optiken\/#primaryimage"},"image":{"@id":"https:\/\/soliton-gmbh.de\/produkt\/analog-controller-fuer-variable-optiken\/#primaryimage"},"thumbnailUrl":"https:\/\/soliton-gmbh.de\/wp-content\/uploads\/2024\/11\/analog_controller.jpg","datePublished":"2024-11-25T15:09:26+00:00","dateModified":"2026-03-30T16:13:36+00:00","description":"The analog controller for variable optics offers precise control for LC devices with simple operation and versatile compatibility.","breadcrumb":{"@id":"https:\/\/soliton-gmbh.de\/produkt\/analog-controller-fuer-variable-optiken\/#breadcrumb"},"inLanguage":"en-US","potentialAction":[{"@type":"ReadAction","target":["https:\/\/soliton-gmbh.de\/produkt\/analog-controller-fuer-variable-optiken\/"]}]},{"@type":"ImageObject","inLanguage":"en-US","@id":"https:\/\/soliton-gmbh.de\/produkt\/analog-controller-fuer-variable-optiken\/#primaryimage","url":"https:\/\/soliton-gmbh.de\/wp-content\/uploads\/2024\/11\/analog_controller.jpg","contentUrl":"https:\/\/soliton-gmbh.de\/wp-content\/uploads\/2024\/11\/analog_controller.jpg","width":1500,"height":1512,"caption":"Analog Controller f\u00fcr variable Optiken von Meadowlark Optics f\u00fcr pr\u00e4zise Steuerung und flexible Spannungsanpassung"},{"@type":"BreadcrumbList","@id":"https:\/\/soliton-gmbh.de\/produkt\/analog-controller-fuer-variable-optiken\/#breadcrumb","itemListElement":[{"@type":"ListItem","position":1,"name":"Startseite","item":"https:\/\/soliton-gmbh.de\/"},{"@type":"ListItem","position":2,"name":"Produkte","item":"https:\/\/soliton-gmbh.de\/produkte\/"},{"@type":"ListItem","position":3,"name":"Analog Controller f\u00fcr variable Optiken"}]},{"@type":"WebSite","@id":"https:\/\/soliton-gmbh.de\/#website","url":"https:\/\/soliton-gmbh.de\/","name":"Soliton Laser- und Messtechnik GmbH","description":"","publisher":{"@id":"https:\/\/soliton-gmbh.de\/#organization"},"potentialAction":[{"@type":"SearchAction","target":{"@type":"EntryPoint","urlTemplate":"https:\/\/soliton-gmbh.de\/?s={search_term_string}"},"query-input":{"@type":"PropertyValueSpecification","valueRequired":true,"valueName":"search_term_string"}}],"inLanguage":"en-US"},{"@type":"Organization","@id":"https:\/\/soliton-gmbh.de\/#organization","name":"Soliton GmbH","url":"https:\/\/soliton-gmbh.de\/","logo":{"@type":"ImageObject","inLanguage":"en-US","@id":"https:\/\/soliton-gmbh.de\/#\/schema\/logo\/image\/","url":"https:\/\/soliton-gmbh.de\/wp-content\/uploads\/2022\/08\/cropped-soliton-logo.png","contentUrl":"https:\/\/soliton-gmbh.de\/wp-content\/uploads\/2022\/08\/cropped-soliton-logo.png","width":500,"height":350,"caption":"Soliton GmbH"},"image":{"@id":"https:\/\/soliton-gmbh.de\/#\/schema\/logo\/image\/"}}]},"product_price_amount":"0.00","product_price_currency":"EUR","og_availability":"instock","product_availability":"instock","product_condition":"new"},"uagb_featured_image_src":{"full":["https:\/\/soliton-gmbh.de\/wp-content\/uploads\/2024\/11\/analog_controller.jpg",1500,1512,false],"thumbnail":["https:\/\/soliton-gmbh.de\/wp-content\/uploads\/2024\/11\/analog_controller-150x150.jpg",150,150,true],"medium":["https:\/\/soliton-gmbh.de\/wp-content\/uploads\/2024\/11\/analog_controller-298x300.jpg",298,300,true],"medium_large":["https:\/\/soliton-gmbh.de\/wp-content\/uploads\/2024\/11\/analog_controller-768x774.jpg",768,774,true],"large":["https:\/\/soliton-gmbh.de\/wp-content\/uploads\/2024\/11\/analog_controller-1016x1024.jpg",1016,1024,true],"1536x1536":["https:\/\/soliton-gmbh.de\/wp-content\/uploads\/2024\/11\/analog_controller.jpg",1500,1512,false],"2048x2048":["https:\/\/soliton-gmbh.de\/wp-content\/uploads\/2024\/11\/analog_controller.jpg",1500,1512,false],"trp-custom-language-flag":["https:\/\/soliton-gmbh.de\/wp-content\/uploads\/2024\/11\/analog_controller-12x12.jpg",12,12,true],"woocommerce_thumbnail":["https:\/\/soliton-gmbh.de\/wp-content\/uploads\/2024\/11\/analog_controller-600x605.jpg",600,605,true],"woocommerce_single":["https:\/\/soliton-gmbh.de\/wp-content\/uploads\/2024\/11\/analog_controller-1200x1210.jpg",1200,1210,true],"woocommerce_gallery_thumbnail":["https:\/\/soliton-gmbh.de\/wp-content\/uploads\/2024\/11\/analog_controller-300x300.jpg",300,300,true]},"uagb_author_info":{"display_name":"Daniel","author_link":"https:\/\/soliton-gmbh.de\/en\/author\/"},"uagb_comment_info":0,"uagb_excerpt":"Kann unterschiedlichste Optiken ansteuern Optionale Batterieversorgung Bananenbuchsen f\u00fcr den Anschluss von Multimetern","_links":{"self":[{"href":"https:\/\/soliton-gmbh.de\/en\/wp-json\/wp\/v2\/product\/8607","targetHints":{"allow":["GET"]}}],"collection":[{"href":"https:\/\/soliton-gmbh.de\/en\/wp-json\/wp\/v2\/product"}],"about":[{"href":"https:\/\/soliton-gmbh.de\/en\/wp-json\/wp\/v2\/types\/product"}],"wp:featuredmedia":[{"embeddable":true,"href":"https:\/\/soliton-gmbh.de\/en\/wp-json\/wp\/v2\/media\/8608"}],"wp:attachment":[{"href":"https:\/\/soliton-gmbh.de\/en\/wp-json\/wp\/v2\/media?parent=8607"}],"wp:term":[{"taxonomy":"product_brand","embeddable":true,"href":"https:\/\/soliton-gmbh.de\/en\/wp-json\/wp\/v2\/product_brand?post=8607"},{"taxonomy":"product_cat","embeddable":true,"href":"https:\/\/soliton-gmbh.de\/en\/wp-json\/wp\/v2\/product_cat?post=8607"},{"taxonomy":"product_tag","embeddable":true,"href":"https:\/\/soliton-gmbh.de\/en\/wp-json\/wp\/v2\/product_tag?post=8607"}],"curies":[{"name":"wp","href":"https:\/\/api.w.org\/{rel}","templated":true}]}}