{"id":8290,"date":"2024-10-30T11:37:17","date_gmt":"2024-10-30T10:37:17","guid":{"rendered":"https:\/\/soliton-gmbh.de\/?post_type=product&#038;p=8290"},"modified":"2026-03-09T12:51:49","modified_gmt":"2026-03-09T11:51:49","slug":"sensor-controller","status":"publish","type":"product","link":"https:\/\/soliton-gmbh.de\/en\/produkt\/sensor-controller\/","title":{"rendered":"Sensor Controller"},"content":{"rendered":"<div class=\"wpb_text_column wpb_content_element testo-giustificato\">\n<div class=\"wpb_column vc_column_container vc_col-sm-10\">\n<div class=\"vc_column-inner\">\n<div class=\"wpb_wrapper\">\n<div class=\"wpb_text_column wpb_content_element testo-giustificato\">\n<div>\n<p data-start=\"1012\" data-end=\"1186\">Soliton offers <strong data-start=\"1027\" data-end=\"1063\">Sensor Controller from LaserPoint<\/strong> for the precise evaluation of <strong data-start=\"1095\" data-end=\"1129\">Laser power and laser energy<\/strong> in research, development and industrial applications.<\/p>\n<p data-start=\"1188\" data-end=\"1523\">The devices serve as central readout and control units for various laser power sensors, including <strong data-start=\"1298\" data-end=\"1360\">Thermopile detectors, photodiodes and other sensor types<\/strong>. As a result, they enable precise and reliable detection of measurement signals in a wide range of laser applications.<\/p>\n<p data-start=\"1525\" data-end=\"1872\">The sensor controllers have versatile connection options such as <strong data-start=\"1600\" data-end=\"1629\">USB, RS-232 or Ethernet<\/strong> and can either <strong data-start=\"1650\" data-end=\"1690\">stand-alone with integrated display<\/strong> or in connection with a <strong data-start=\"1720\" data-end=\"1738\">PC or laptop<\/strong> can be operated. This makes it easy to record, transfer and analyze measurement data.<\/p>\n<\/div>\n<div><\/div>\n<\/div>\n<div>\n<p>The LaserPoint sensor controller portfolio includes, among other things:<\/p>\n<\/div>\n<\/div>\n<\/div>\n<\/div>\n<div class=\"wpb_column vc_column_container vc_col-sm-10\">\n<div class=\"vc_column-inner\">\n<div class=\"wpb_wrapper\">\n<p><a href=\"https:\/\/www.laserpoint.eu\/de\/sensor-messgerate\/\" target=\"_blank\" rel=\"noopener\"><em>PLUS2<\/em> \u2013 USB device with touchscreen\u00a0<\/a>\u00a0\u00a0 \u00a0 \u00a0 \u00a0 \u00a0 \u00a0 \u00a0 \u00a0 \u00a0 \u00a0 \u00a0 \u00a0 \u00a0 \u00a0 \u00a0 \u00a0\u00a0 \u00a0 <a href=\"https:\/\/www.laserpoint.eu\/de\/sensor-messgerate\/\" target=\"_blank\" rel=\"noopener\"><img loading=\"lazy\" decoding=\"async\" class=\"alignnone wp-image-8292\" src=\"https:\/\/soliton-gmbh.de\/wp-content\/uploads\/2024\/10\/LP22-150x150.jpg\" alt=\"Sensor Controller from Laserpoint\" width=\"61\" height=\"61\" srcset=\"https:\/\/soliton-gmbh.de\/wp-content\/uploads\/2024\/10\/LP22-150x150.jpg 150w, https:\/\/soliton-gmbh.de\/wp-content\/uploads\/2024\/10\/LP22-300x300.jpg 300w, https:\/\/soliton-gmbh.de\/wp-content\/uploads\/2024\/10\/LP22-1024x1024.jpg 1024w, https:\/\/soliton-gmbh.de\/wp-content\/uploads\/2024\/10\/LP22-768x768.jpg 768w, https:\/\/soliton-gmbh.de\/wp-content\/uploads\/2024\/10\/LP22-12x12.jpg 12w, https:\/\/soliton-gmbh.de\/wp-content\/uploads\/2024\/10\/LP22-600x600.jpg 600w, https:\/\/soliton-gmbh.de\/wp-content\/uploads\/2024\/10\/LP22-1200x1200.jpg 1200w, https:\/\/soliton-gmbh.de\/wp-content\/uploads\/2024\/10\/LP22.jpg 1500w\" sizes=\"auto, (max-width: 61px) 100vw, 61px\" \/><\/a><\/p>\n<p><a href=\"https:\/\/www.laserpoint.eu\/de\/sensor-messgerate\/pc-link\/\" target=\"_blank\" rel=\"noopener\"><em>PC-LINK<\/em> \u2013 USB device for evaluation on laptop\/PC<\/a> \u00a0\u00a0 \u00a0\u00a0 <a href=\"https:\/\/www.laserpoint.eu\/de\/sensor-messgerate\/pc-link\/\" target=\"_blank\" rel=\"noopener\"><img loading=\"lazy\" decoding=\"async\" class=\"alignnone wp-image-8294\" src=\"https:\/\/soliton-gmbh.de\/wp-content\/uploads\/2024\/10\/LP23-150x150.jpg\" alt=\"Sensor Controller from Laserpoint\" width=\"63\" height=\"63\" srcset=\"https:\/\/soliton-gmbh.de\/wp-content\/uploads\/2024\/10\/LP23-150x150.jpg 150w, https:\/\/soliton-gmbh.de\/wp-content\/uploads\/2024\/10\/LP23-300x300.jpg 300w, https:\/\/soliton-gmbh.de\/wp-content\/uploads\/2024\/10\/LP23-1024x1024.jpg 1024w, https:\/\/soliton-gmbh.de\/wp-content\/uploads\/2024\/10\/LP23-768x768.jpg 768w, https:\/\/soliton-gmbh.de\/wp-content\/uploads\/2024\/10\/LP23-12x12.jpg 12w, https:\/\/soliton-gmbh.de\/wp-content\/uploads\/2024\/10\/LP23-600x600.jpg 600w, https:\/\/soliton-gmbh.de\/wp-content\/uploads\/2024\/10\/LP23-1200x1200.jpg 1200w, https:\/\/soliton-gmbh.de\/wp-content\/uploads\/2024\/10\/LP23.jpg 1500w\" sizes=\"auto, (max-width: 63px) 100vw, 63px\" \/><\/a><\/p>\n<div class=\"mceTemp\"><\/div>\n<p><a href=\"https:\/\/www.laserpoint.eu\/de\/sensor-messgerate\/pc-plug-integratiertes-messgerat-serie\/\" target=\"_blank\" rel=\"noopener\"><em>PcPlug V3<\/em> \u2013 USB device with integrated measuring head\u00a0<\/a> \u00a0 \u00a0\u00a0 \u00a0 \u00a0\u00a0 <a href=\"https:\/\/www.laserpoint.eu\/de\/sensor-messgerate\/pc-plug-integratiertes-messgerat-serie\/\" target=\"_blank\" rel=\"noopener\"><img loading=\"lazy\" decoding=\"async\" class=\"alignnone wp-image-8301\" src=\"https:\/\/soliton-gmbh.de\/wp-content\/uploads\/2024\/10\/LP25-150x150.jpg\" alt=\"Sensor Controller from Laserpoint\" width=\"81\" height=\"81\" srcset=\"https:\/\/soliton-gmbh.de\/wp-content\/uploads\/2024\/10\/LP25-150x150.jpg 150w, https:\/\/soliton-gmbh.de\/wp-content\/uploads\/2024\/10\/LP25-300x300.jpg 300w, https:\/\/soliton-gmbh.de\/wp-content\/uploads\/2024\/10\/LP25-1024x1024.jpg 1024w, https:\/\/soliton-gmbh.de\/wp-content\/uploads\/2024\/10\/LP25-768x768.jpg 768w, https:\/\/soliton-gmbh.de\/wp-content\/uploads\/2024\/10\/LP25-12x12.jpg 12w, https:\/\/soliton-gmbh.de\/wp-content\/uploads\/2024\/10\/LP25-600x600.jpg 600w, https:\/\/soliton-gmbh.de\/wp-content\/uploads\/2024\/10\/LP25-1200x1200.jpg 1200w, https:\/\/soliton-gmbh.de\/wp-content\/uploads\/2024\/10\/LP25.jpg 1500w\" sizes=\"auto, (max-width: 81px) 100vw, 81px\" \/><\/a><\/p>\n<p><a href=\"https:\/\/www.laserpoint.eu\/de\/sensor-messgerate\/hsm-1000\/\" target=\"_blank\" rel=\"noopener\"><em>HSM<\/em> \u2013 High Speed Device with Ethernet connection\u00a0<\/a>\u00a0\u00a0\u00a0\u00a0 \u00a0\u00a0\u00a0 <a href=\"https:\/\/www.laserpoint.eu\/de\/sensor-messgerate\/hsm-1000\/\" target=\"_blank\" rel=\"noopener\"><img loading=\"lazy\" decoding=\"async\" class=\"alignnone wp-image-8296\" src=\"https:\/\/soliton-gmbh.de\/wp-content\/uploads\/2024\/10\/LP24-150x150.jpg\" alt=\"Sensor Controller from Laserpoint\" width=\"102\" height=\"102\" srcset=\"https:\/\/soliton-gmbh.de\/wp-content\/uploads\/2024\/10\/LP24-150x150.jpg 150w, https:\/\/soliton-gmbh.de\/wp-content\/uploads\/2024\/10\/LP24-300x300.jpg 300w, https:\/\/soliton-gmbh.de\/wp-content\/uploads\/2024\/10\/LP24-1024x1024.jpg 1024w, https:\/\/soliton-gmbh.de\/wp-content\/uploads\/2024\/10\/LP24-768x768.jpg 768w, https:\/\/soliton-gmbh.de\/wp-content\/uploads\/2024\/10\/LP24-12x12.jpg 12w, https:\/\/soliton-gmbh.de\/wp-content\/uploads\/2024\/10\/LP24-600x600.jpg 600w, https:\/\/soliton-gmbh.de\/wp-content\/uploads\/2024\/10\/LP24-1200x1200.jpg 1200w, https:\/\/soliton-gmbh.de\/wp-content\/uploads\/2024\/10\/LP24.jpg 1500w\" sizes=\"auto, (max-width: 102px) 100vw, 102px\" \/><\/a><\/p>\n<p><a href=\"https:\/\/www.laserpoint.eu\/de\/sensor-messgerate\/software-galileo-de\/\" target=\"_blank\" rel=\"noopener\">GALILEO \u2013 evaluation software<\/a><\/p>\n<p data-start=\"2294\" data-end=\"2433\">The systems are compatible with a wide range of LaserPoint sensors and enable flexible integration into existing measurement systems.<\/p>\n<p data-start=\"2435\" data-end=\"2686\">As with all LaserPoint measurement systems, the devices are <strong data-start=\"2495\" data-end=\"2519\">delivered calibrated<\/strong> and are <strong data-start=\"2529\" data-end=\"2572\">Traceable to NIST and PTB standards<\/strong>, This ensures precise and reproducible measurement results.<\/p>\n<p data-start=\"2688\" data-end=\"2748\">Sensor controllers are particularly suitable for applications such as<\/p>\n<ul data-start=\"2750\" data-end=\"2923\">\n<li data-section-id=\"1y6wl20\" data-start=\"2750\" data-end=\"2790\">\n<p data-start=\"2752\" data-end=\"2790\"><strong data-start=\"2752\" data-end=\"2790\">Laser power and energy measurement<\/strong><\/p>\n<\/li>\n<li data-section-id=\"1kp7fa5\" data-start=\"2791\" data-end=\"2839\">\n<p data-start=\"2793\" data-end=\"2839\"><strong data-start=\"2793\" data-end=\"2839\">Process monitoring in laser processing<\/strong><\/p>\n<\/li>\n<li data-section-id=\"65msc1\" data-start=\"2840\" data-end=\"2881\">\n<p data-start=\"2842\" data-end=\"2881\"><strong data-start=\"2842\" data-end=\"2881\">Characterization of laser systems<\/strong><\/p>\n<\/li>\n<li data-section-id=\"ztx09z\" data-start=\"2882\" data-end=\"2923\">\n<p data-start=\"2884\" data-end=\"2923\"><strong data-start=\"2884\" data-end=\"2923\">Quality assurance and calibration<\/strong><\/p>\n<\/li>\n<\/ul>\n<p data-start=\"2925\" data-end=\"3101\">Please contact us if you require assistance in selecting a suitable sensor controller or the right combination of <strong data-start=\"3063\" data-end=\"3090\">Sensor and readout device<\/strong> need.<\/p>\n<p>Further information about the products and all technical data sheets for each variant can be found here: <a href=\"https:\/\/www.laserpoint.eu\/de\/sensor-messgerate\/\" target=\"_new\" rel=\"noopener\">LaserPoint.eu<\/a><\/p>\n<\/div>\n<\/div>\n<\/div>\n<\/div>","protected":false},"excerpt":{"rendered":"<p><a href=\"https:\/\/soliton-gmbh.de\/wp-content\/uploads\/2024\/08\/LOGO-LP-NO-CLAIM-01.jpg\"><img loading=\"lazy\" decoding=\"async\" class=\"alignnone wp-image-7819\" src=\"https:\/\/soliton-gmbh.de\/wp-content\/uploads\/2024\/08\/LOGO-LP-NO-CLAIM-01.jpg\" alt=\"Logo of Laserpoint\" width=\"219\" height=\"19\" srcset=\"https:\/\/soliton-gmbh.de\/wp-content\/uploads\/2024\/08\/LOGO-LP-NO-CLAIM-01.jpg 819w, https:\/\/soliton-gmbh.de\/wp-content\/uploads\/2024\/08\/LOGO-LP-NO-CLAIM-01-600x52.jpg 600w, https:\/\/soliton-gmbh.de\/wp-content\/uploads\/2024\/08\/LOGO-LP-NO-CLAIM-01-300x26.jpg 300w, https:\/\/soliton-gmbh.de\/wp-content\/uploads\/2024\/08\/LOGO-LP-NO-CLAIM-01-768x67.jpg 768w, https:\/\/soliton-gmbh.de\/wp-content\/uploads\/2024\/08\/LOGO-LP-NO-CLAIM-01-18x2.jpg 18w\" sizes=\"auto, (max-width: 219px) 100vw, 219px\" \/><\/a><\/p>\n<ul>\n<li>USB or Ethernet connection<\/li>\n<li>Stand-alone or via PC \/ laptop<\/li>\n<\/ul>\n<p>Mr. Markus Eib<\/p>","protected":false},"featured_media":8304,"template":"","meta":{"_acf_changed":false,"_uag_custom_page_level_css":"","site-sidebar-layout":"default","site-content-layout":"","ast-site-content-layout":"default","site-content-style":"default","site-sidebar-style":"default","ast-global-header-display":"","ast-banner-title-visibility":"","ast-main-header-display":"","ast-hfb-above-header-display":"","ast-hfb-below-header-display":"","ast-hfb-mobile-header-display":"","site-post-title":"","ast-breadcrumbs-content":"","ast-featured-img":"","footer-sml-layout":"","ast-disable-related-posts":"","theme-transparent-header-meta":"default","adv-header-id-meta":"","stick-header-meta":"default","header-above-stick-meta":"","header-main-stick-meta":"","header-below-stick-meta":"","astra-migrate-meta-layouts":"set","ast-page-background-enabled":"default","ast-page-background-meta":{"desktop":{"background-color":"","background-image":"","background-repeat":"repeat","background-position":"center center","background-size":"auto","background-attachment":"scroll","background-type":"","background-media":"","overlay-type":"","overlay-color":"","overlay-opacity":"","overlay-gradient":""},"tablet":{"background-color":"","background-image":"","background-repeat":"repeat","background-position":"center center","background-size":"auto","background-attachment":"scroll","background-type":"","background-media":"","overlay-type":"","overlay-color":"","overlay-opacity":"","overlay-gradient":""},"mobile":{"background-color":"","background-image":"","background-repeat":"repeat","background-position":"center center","background-size":"auto","background-attachment":"scroll","background-type":"","background-media":"","overlay-type":"","overlay-color":"","overlay-opacity":"","overlay-gradient":""}},"ast-content-background-meta":{"desktop":{"background-color":"var(--ast-global-color-5)","background-image":"","background-repeat":"repeat","background-position":"center center","background-size":"auto","background-attachment":"scroll","background-type":"","background-media":"","overlay-type":"","overlay-color":"","overlay-opacity":"","overlay-gradient":""},"tablet":{"background-color":"var(--ast-global-color-5)","background-image":"","background-repeat":"repeat","background-position":"center center","background-size":"auto","background-attachment":"scroll","background-type":"","background-media":"","overlay-type":"","overlay-color":"","overlay-opacity":"","overlay-gradient":""},"mobile":{"background-color":"var(--ast-global-color-5)","background-image":"","background-repeat":"repeat","background-position":"center center","background-size":"auto","background-attachment":"scroll","background-type":"","background-media":"","overlay-type":"","overlay-color":"","overlay-opacity":"","overlay-gradient":""}}},"product_brand":[],"product_cat":[760],"product_tag":[881,761,880,882,735,736,879,772,878,877,863,875,805,776,876],"class_list":{"0":"post-8290","1":"product","2":"type-product","3":"status-publish","4":"has-post-thumbnail","6":"product_cat-power-meter","7":"product_tag-digitale-anzeige","8":"product_tag-energiemessung","9":"product_tag-kalibrierung","10":"product_tag-kompatibilitaet-mit-sensoren","11":"product_tag-laserleistungsmessung","12":"product_tag-laserpoint-produkte","13":"product_tag-leistungs-und-energiemessgeraete","14":"product_tag-nist-und-ptb-rueckfuehrbarkeit","15":"product_tag-praezise-messungen","16":"product_tag-rs-232-schnittstelle","17":"product_tag-schnelle-reaktionszeit","18":"product_tag-sensor-controller","19":"product_tag-soliton-vertrieb","20":"product_tag-thermosaeulen-detektoren","21":"product_tag-usb-anschluss","22":"desktop-align-left","23":"tablet-align-center","24":"mobile-align-center","25":"ast-product-gallery-layout-horizontal-slider","26":"ast-magnify-disabled","27":"ast-product-tabs-layout-horizontal","29":"first","30":"instock","31":"virtual","32":"sold-individually","33":"purchasable","34":"product-type-simple"},"acf":[],"yoast_head":"<!-- This site is optimized with the Yoast SEO Premium plugin v27.2 (Yoast SEO v27.4) - https:\/\/yoast.com\/product\/yoast-seo-premium-wordpress\/ -->\n<title>Sensor Controller - Soliton<\/title>\n<meta name=\"description\" content=\"Sensor Controller \u2013 pr\u00e4zise und zuverl\u00e4ssige Ger\u00e4te f\u00fcr die Laserleistungs- und Energiemessung mit vielseitiger Konnektivit\u00e4t und hoher Genauigkeit.\" \/>\n<meta name=\"robots\" content=\"index, follow, max-snippet:-1, max-image-preview:large, max-video-preview:-1\" \/>\n<link rel=\"canonical\" href=\"https:\/\/soliton-gmbh.de\/en\/product\/sensor-controller\/\" \/>\n<meta property=\"og:locale\" content=\"en_US\" \/>\n<meta property=\"og:type\" content=\"article\" \/>\n<meta property=\"og:title\" content=\"Sensor Controller\" \/>\n<meta property=\"og:description\" content=\"Sensor Controller \u2013 pr\u00e4zise und zuverl\u00e4ssige Ger\u00e4te f\u00fcr die Laserleistungs- und Energiemessung mit vielseitiger Konnektivit\u00e4t und hoher Genauigkeit.\" \/>\n<meta property=\"og:url\" content=\"https:\/\/soliton-gmbh.de\/en\/product\/sensor-controller\/\" \/>\n<meta property=\"og:site_name\" content=\"Soliton Laser- und Messtechnik GmbH\" \/>\n<meta property=\"article:modified_time\" content=\"2026-03-09T11:51:49+00:00\" \/>\n<meta property=\"og:image\" content=\"https:\/\/soliton-gmbh.de\/wp-content\/uploads\/2024\/10\/LP26.jpg\" \/>\n\t<meta property=\"og:image:width\" content=\"1500\" \/>\n\t<meta property=\"og:image:height\" content=\"1500\" \/>\n\t<meta property=\"og:image:type\" content=\"image\/jpeg\" \/>\n<meta name=\"twitter:card\" content=\"summary_large_image\" \/>\n<meta name=\"twitter:label1\" content=\"Price\" \/>\n\t<meta name=\"twitter:data1\" content=\"&euro;0.00\" \/>\n\t<meta name=\"twitter:label2\" content=\"Availability\" \/>\n\t<meta name=\"twitter:data2\" content=\"In stock\" \/>\n<script type=\"application\/ld+json\" class=\"yoast-schema-graph\">{\"@context\":\"https:\\\/\\\/schema.org\",\"@graph\":[{\"@type\":\"WebPage\",\"@id\":\"https:\\\/\\\/soliton-gmbh.de\\\/produkt\\\/sensor-controller\\\/\",\"url\":\"https:\\\/\\\/soliton-gmbh.de\\\/produkt\\\/sensor-controller\\\/\",\"name\":\"Sensor Controller - Soliton\",\"isPartOf\":{\"@id\":\"https:\\\/\\\/soliton-gmbh.de\\\/#website\"},\"primaryImageOfPage\":{\"@id\":\"https:\\\/\\\/soliton-gmbh.de\\\/produkt\\\/sensor-controller\\\/#primaryimage\"},\"image\":{\"@id\":\"https:\\\/\\\/soliton-gmbh.de\\\/produkt\\\/sensor-controller\\\/#primaryimage\"},\"thumbnailUrl\":\"https:\\\/\\\/soliton-gmbh.de\\\/wp-content\\\/uploads\\\/2024\\\/10\\\/LP26.jpg\",\"datePublished\":\"2024-10-30T10:37:17+00:00\",\"dateModified\":\"2026-03-09T11:51:49+00:00\",\"description\":\"Sensor Controller \u2013 pr\u00e4zise und zuverl\u00e4ssige Ger\u00e4te f\u00fcr die Laserleistungs- und Energiemessung mit vielseitiger Konnektivit\u00e4t und hoher Genauigkeit.\",\"breadcrumb\":{\"@id\":\"https:\\\/\\\/soliton-gmbh.de\\\/produkt\\\/sensor-controller\\\/#breadcrumb\"},\"inLanguage\":\"en-US\",\"potentialAction\":[{\"@type\":\"ReadAction\",\"target\":[\"https:\\\/\\\/soliton-gmbh.de\\\/produkt\\\/sensor-controller\\\/\"]}]},{\"@type\":\"ImageObject\",\"inLanguage\":\"en-US\",\"@id\":\"https:\\\/\\\/soliton-gmbh.de\\\/produkt\\\/sensor-controller\\\/#primaryimage\",\"url\":\"https:\\\/\\\/soliton-gmbh.de\\\/wp-content\\\/uploads\\\/2024\\\/10\\\/LP26.jpg\",\"contentUrl\":\"https:\\\/\\\/soliton-gmbh.de\\\/wp-content\\\/uploads\\\/2024\\\/10\\\/LP26.jpg\",\"width\":1500,\"height\":1500,\"caption\":\"Controller f\u00fcr Powermeter\"},{\"@type\":\"BreadcrumbList\",\"@id\":\"https:\\\/\\\/soliton-gmbh.de\\\/produkt\\\/sensor-controller\\\/#breadcrumb\",\"itemListElement\":[{\"@type\":\"ListItem\",\"position\":1,\"name\":\"Startseite\",\"item\":\"https:\\\/\\\/soliton-gmbh.de\\\/\"},{\"@type\":\"ListItem\",\"position\":2,\"name\":\"Produkte\",\"item\":\"https:\\\/\\\/soliton-gmbh.de\\\/produkte\\\/\"},{\"@type\":\"ListItem\",\"position\":3,\"name\":\"Sensor Controller\"}]},{\"@type\":\"WebSite\",\"@id\":\"https:\\\/\\\/soliton-gmbh.de\\\/#website\",\"url\":\"https:\\\/\\\/soliton-gmbh.de\\\/\",\"name\":\"Soliton Laser- und Messtechnik GmbH\",\"description\":\"\",\"publisher\":{\"@id\":\"https:\\\/\\\/soliton-gmbh.de\\\/#organization\"},\"potentialAction\":[{\"@type\":\"SearchAction\",\"target\":{\"@type\":\"EntryPoint\",\"urlTemplate\":\"https:\\\/\\\/soliton-gmbh.de\\\/?s={search_term_string}\"},\"query-input\":{\"@type\":\"PropertyValueSpecification\",\"valueRequired\":true,\"valueName\":\"search_term_string\"}}],\"inLanguage\":\"en-US\"},{\"@type\":\"Organization\",\"@id\":\"https:\\\/\\\/soliton-gmbh.de\\\/#organization\",\"name\":\"Soliton GmbH\",\"url\":\"https:\\\/\\\/soliton-gmbh.de\\\/\",\"logo\":{\"@type\":\"ImageObject\",\"inLanguage\":\"en-US\",\"@id\":\"https:\\\/\\\/soliton-gmbh.de\\\/#\\\/schema\\\/logo\\\/image\\\/\",\"url\":\"https:\\\/\\\/soliton-gmbh.de\\\/wp-content\\\/uploads\\\/2022\\\/08\\\/cropped-soliton-logo.png\",\"contentUrl\":\"https:\\\/\\\/soliton-gmbh.de\\\/wp-content\\\/uploads\\\/2022\\\/08\\\/cropped-soliton-logo.png\",\"width\":500,\"height\":350,\"caption\":\"Soliton GmbH\"},\"image\":{\"@id\":\"https:\\\/\\\/soliton-gmbh.de\\\/#\\\/schema\\\/logo\\\/image\\\/\"}}]}<\/script>\n<meta property=\"product:price:amount\" content=\"0.00\" \/>\n<meta property=\"product:price:currency\" content=\"EUR\" \/>\n<meta property=\"og:availability\" content=\"instock\" \/>\n<meta property=\"product:availability\" content=\"instock\" \/>\n<meta property=\"product:condition\" content=\"new\" \/>\n<!-- \/ Yoast SEO Premium plugin. -->","yoast_head_json":{"title":"Sensor Controller - Soliton","description":"Sensor controllers - precise and reliable devices for laser power and energy measurement with versatile connectivity and high accuracy.","robots":{"index":"index","follow":"follow","max-snippet":"max-snippet:-1","max-image-preview":"max-image-preview:large","max-video-preview":"max-video-preview:-1"},"canonical":"https:\/\/soliton-gmbh.de\/en\/product\/sensor-controller\/","og_locale":"en_US","og_type":"article","og_title":"Sensor Controller","og_description":"Sensor Controller \u2013 pr\u00e4zise und zuverl\u00e4ssige Ger\u00e4te f\u00fcr die Laserleistungs- und Energiemessung mit vielseitiger Konnektivit\u00e4t und hoher Genauigkeit.","og_url":"https:\/\/soliton-gmbh.de\/en\/product\/sensor-controller\/","og_site_name":"Soliton Laser- und Messtechnik GmbH","article_modified_time":"2026-03-09T11:51:49+00:00","og_image":[{"width":1500,"height":1500,"url":"https:\/\/soliton-gmbh.de\/wp-content\/uploads\/2024\/10\/LP26.jpg","type":"image\/jpeg"}],"twitter_card":"summary_large_image","twitter_misc":{"Price":"&euro;0.00","Availability":"In stock"},"schema":{"@context":"https:\/\/schema.org","@graph":[{"@type":"WebPage","@id":"https:\/\/soliton-gmbh.de\/produkt\/sensor-controller\/","url":"https:\/\/soliton-gmbh.de\/produkt\/sensor-controller\/","name":"Sensor Controller - Soliton","isPartOf":{"@id":"https:\/\/soliton-gmbh.de\/#website"},"primaryImageOfPage":{"@id":"https:\/\/soliton-gmbh.de\/produkt\/sensor-controller\/#primaryimage"},"image":{"@id":"https:\/\/soliton-gmbh.de\/produkt\/sensor-controller\/#primaryimage"},"thumbnailUrl":"https:\/\/soliton-gmbh.de\/wp-content\/uploads\/2024\/10\/LP26.jpg","datePublished":"2024-10-30T10:37:17+00:00","dateModified":"2026-03-09T11:51:49+00:00","description":"Sensor controllers - precise and reliable devices for laser power and energy measurement with versatile connectivity and high accuracy.","breadcrumb":{"@id":"https:\/\/soliton-gmbh.de\/produkt\/sensor-controller\/#breadcrumb"},"inLanguage":"en-US","potentialAction":[{"@type":"ReadAction","target":["https:\/\/soliton-gmbh.de\/produkt\/sensor-controller\/"]}]},{"@type":"ImageObject","inLanguage":"en-US","@id":"https:\/\/soliton-gmbh.de\/produkt\/sensor-controller\/#primaryimage","url":"https:\/\/soliton-gmbh.de\/wp-content\/uploads\/2024\/10\/LP26.jpg","contentUrl":"https:\/\/soliton-gmbh.de\/wp-content\/uploads\/2024\/10\/LP26.jpg","width":1500,"height":1500,"caption":"Controller f\u00fcr Powermeter"},{"@type":"BreadcrumbList","@id":"https:\/\/soliton-gmbh.de\/produkt\/sensor-controller\/#breadcrumb","itemListElement":[{"@type":"ListItem","position":1,"name":"Startseite","item":"https:\/\/soliton-gmbh.de\/"},{"@type":"ListItem","position":2,"name":"Produkte","item":"https:\/\/soliton-gmbh.de\/produkte\/"},{"@type":"ListItem","position":3,"name":"Sensor Controller"}]},{"@type":"WebSite","@id":"https:\/\/soliton-gmbh.de\/#website","url":"https:\/\/soliton-gmbh.de\/","name":"Soliton Laser- und Messtechnik GmbH","description":"","publisher":{"@id":"https:\/\/soliton-gmbh.de\/#organization"},"potentialAction":[{"@type":"SearchAction","target":{"@type":"EntryPoint","urlTemplate":"https:\/\/soliton-gmbh.de\/?s={search_term_string}"},"query-input":{"@type":"PropertyValueSpecification","valueRequired":true,"valueName":"search_term_string"}}],"inLanguage":"en-US"},{"@type":"Organization","@id":"https:\/\/soliton-gmbh.de\/#organization","name":"Soliton GmbH","url":"https:\/\/soliton-gmbh.de\/","logo":{"@type":"ImageObject","inLanguage":"en-US","@id":"https:\/\/soliton-gmbh.de\/#\/schema\/logo\/image\/","url":"https:\/\/soliton-gmbh.de\/wp-content\/uploads\/2022\/08\/cropped-soliton-logo.png","contentUrl":"https:\/\/soliton-gmbh.de\/wp-content\/uploads\/2022\/08\/cropped-soliton-logo.png","width":500,"height":350,"caption":"Soliton GmbH"},"image":{"@id":"https:\/\/soliton-gmbh.de\/#\/schema\/logo\/image\/"}}]},"product_price_amount":"0.00","product_price_currency":"EUR","og_availability":"instock","product_availability":"instock","product_condition":"new"},"uagb_featured_image_src":{"full":["https:\/\/soliton-gmbh.de\/wp-content\/uploads\/2024\/10\/LP26.jpg",1500,1500,false],"thumbnail":["https:\/\/soliton-gmbh.de\/wp-content\/uploads\/2024\/10\/LP26-150x150.jpg",150,150,true],"medium":["https:\/\/soliton-gmbh.de\/wp-content\/uploads\/2024\/10\/LP26-300x300.jpg",300,300,true],"medium_large":["https:\/\/soliton-gmbh.de\/wp-content\/uploads\/2024\/10\/LP26-768x768.jpg",768,768,true],"large":["https:\/\/soliton-gmbh.de\/wp-content\/uploads\/2024\/10\/LP26-1024x1024.jpg",1024,1024,true],"1536x1536":["https:\/\/soliton-gmbh.de\/wp-content\/uploads\/2024\/10\/LP26.jpg",1500,1500,false],"2048x2048":["https:\/\/soliton-gmbh.de\/wp-content\/uploads\/2024\/10\/LP26.jpg",1500,1500,false],"trp-custom-language-flag":["https:\/\/soliton-gmbh.de\/wp-content\/uploads\/2024\/10\/LP26-12x12.jpg",12,12,true],"woocommerce_thumbnail":["https:\/\/soliton-gmbh.de\/wp-content\/uploads\/2024\/10\/LP26-600x600.jpg",600,600,true],"woocommerce_single":["https:\/\/soliton-gmbh.de\/wp-content\/uploads\/2024\/10\/LP26-1200x1200.jpg",1200,1200,true],"woocommerce_gallery_thumbnail":["https:\/\/soliton-gmbh.de\/wp-content\/uploads\/2024\/10\/LP26-300x300.jpg",300,300,true]},"uagb_author_info":{"display_name":"Daniel","author_link":"https:\/\/soliton-gmbh.de\/en\/author\/"},"uagb_comment_info":0,"uagb_excerpt":"USB oder Ethernet Anschluss Stand-alone oder \u00fcber PC \/ Laptop Hr. Markus Eib","_links":{"self":[{"href":"https:\/\/soliton-gmbh.de\/en\/wp-json\/wp\/v2\/product\/8290","targetHints":{"allow":["GET"]}}],"collection":[{"href":"https:\/\/soliton-gmbh.de\/en\/wp-json\/wp\/v2\/product"}],"about":[{"href":"https:\/\/soliton-gmbh.de\/en\/wp-json\/wp\/v2\/types\/product"}],"wp:featuredmedia":[{"embeddable":true,"href":"https:\/\/soliton-gmbh.de\/en\/wp-json\/wp\/v2\/media\/8304"}],"wp:attachment":[{"href":"https:\/\/soliton-gmbh.de\/en\/wp-json\/wp\/v2\/media?parent=8290"}],"wp:term":[{"taxonomy":"product_brand","embeddable":true,"href":"https:\/\/soliton-gmbh.de\/en\/wp-json\/wp\/v2\/product_brand?post=8290"},{"taxonomy":"product_cat","embeddable":true,"href":"https:\/\/soliton-gmbh.de\/en\/wp-json\/wp\/v2\/product_cat?post=8290"},{"taxonomy":"product_tag","embeddable":true,"href":"https:\/\/soliton-gmbh.de\/en\/wp-json\/wp\/v2\/product_tag?post=8290"}],"curies":[{"name":"wp","href":"https:\/\/api.w.org\/{rel}","templated":true}]}}