{"id":8263,"date":"2024-10-25T12:03:45","date_gmt":"2024-10-25T10:03:45","guid":{"rendered":"https:\/\/soliton-gmbh.de\/?post_type=product&#038;p=8263"},"modified":"2026-03-21T22:39:03","modified_gmt":"2026-03-21T21:39:03","slug":"oem-sensors","status":"publish","type":"product","link":"https:\/\/soliton-gmbh.de\/en\/produkt\/oem-sensoren\/","title":{"rendered":"OEM sensors"},"content":{"rendered":"<div class=\"wpb_text_column wpb_content_element testo-giustificato\">\n<div class=\"wpb_column vc_column_container vc_col-sm-10\">\n<div class=\"vc_column-inner\">\n<div class=\"wpb_wrapper\">\n<div class=\"wpb_text_column wpb_content_element testo-giustificato\">\n<div class=\"wpb_wrapper\">\n<p>We offer a range of <strong>OEM sensors<\/strong> from LaserPoint that can be easily integrated into laser machines to monitor laser power during operation. For more than two decades, LaserPoint has supplied OEM power and energy sensors to some of the world&#039;s leading laser manufacturers.<\/p>\n<\/div>\n<div class=\"wpb_wrapper\">\n<h2>variants<\/h2>\n<\/div>\n<\/div>\n<\/div>\n<\/div>\n<\/div>\n<div class=\"wpb_column vc_column_container vc_col-sm-10\">\n<div class=\"vc_column-inner\">\n<div class=\"wpb_wrapper\">\n<div class=\"wpb_text_column wpb_content_element testo-giustificato\">\n<div class=\"wpb_wrapper\">\n<ul>\n<li><a href=\"https:\/\/www.laserpoint.eu\/de\/produkte\/oem-sensoren\/oem-thermal-sensoren\/\" target=\"_blank\" rel=\"noopener\">OEM Thermal Sensors \u00a0 \u00a0 \u00a0 \u00a0 \u00a0 \u00a0 \u00a0 \u00a0 \u00a0 \u00a0 \u00a0 \u00a0 \u00a0 \u00a0 \u00a0 \u00a0 <\/a><a href=\"https:\/\/www.laserpoint.eu\/de\/produkte\/oem-sensoren\/oem-thermal-sensoren\/\" target=\"_blank\" rel=\"noopener\"><img loading=\"lazy\" decoding=\"async\" class=\"alignnone wp-image-8264\" src=\"https:\/\/soliton-gmbh.de\/wp-content\/uploads\/2024\/10\/LP18-300x289.jpg\" alt=\"\" width=\"71\" height=\"68\" srcset=\"https:\/\/soliton-gmbh.de\/wp-content\/uploads\/2024\/10\/LP18-300x289.jpg 300w, https:\/\/soliton-gmbh.de\/wp-content\/uploads\/2024\/10\/LP18-600x578.jpg 600w, https:\/\/soliton-gmbh.de\/wp-content\/uploads\/2024\/10\/LP18-1024x986.jpg 1024w, https:\/\/soliton-gmbh.de\/wp-content\/uploads\/2024\/10\/LP18-768x740.jpg 768w, https:\/\/soliton-gmbh.de\/wp-content\/uploads\/2024\/10\/LP18-12x12.jpg 12w, https:\/\/soliton-gmbh.de\/wp-content\/uploads\/2024\/10\/LP18.jpg 1200w\" sizes=\"auto, (max-width: 71px) 100vw, 71px\" \/><\/a><\/li>\n<li><a href=\"https:\/\/www.laserpoint.eu\/de\/produkte\/oem-sensoren\/oem-thermal-sensoren-mit-verstaerker\/\" target=\"_blank\" rel=\"noopener\">OEM Thermal Sensors with Amplifier \u00a0\u00a0 <\/a><a href=\"https:\/\/www.laserpoint.eu\/de\/produkte\/oem-sensoren\/oem-thermal-sensoren-mit-verstaerker\/\" target=\"_blank\" rel=\"noopener\"><img loading=\"lazy\" decoding=\"async\" class=\"alignnone wp-image-8265\" src=\"https:\/\/soliton-gmbh.de\/wp-content\/uploads\/2024\/10\/LP19-300x289.jpg\" alt=\"\" width=\"80\" height=\"77\" srcset=\"https:\/\/soliton-gmbh.de\/wp-content\/uploads\/2024\/10\/LP19-300x289.jpg 300w, https:\/\/soliton-gmbh.de\/wp-content\/uploads\/2024\/10\/LP19-600x578.jpg 600w, https:\/\/soliton-gmbh.de\/wp-content\/uploads\/2024\/10\/LP19-1024x986.jpg 1024w, https:\/\/soliton-gmbh.de\/wp-content\/uploads\/2024\/10\/LP19-768x740.jpg 768w, https:\/\/soliton-gmbh.de\/wp-content\/uploads\/2024\/10\/LP19-12x12.jpg 12w, https:\/\/soliton-gmbh.de\/wp-content\/uploads\/2024\/10\/LP19.jpg 1200w\" sizes=\"auto, (max-width: 80px) 100vw, 80px\" \/><\/a><\/li>\n<li><a href=\"https:\/\/www.laserpoint.eu\/de\/produkte\/oem-sensoren\/oem-power-probes-de\/\" target=\"_blank\" rel=\"noopener\">OEM Power Probes \u00a0 \u00a0 \u00a0 \u00a0 \u00a0 \u00a0 \u00a0 \u00a0 \u00a0 \u00a0 \u00a0 \u00a0 \u00a0 \u00a0 \u00a0 \u00a0\u00a0 \u00a0 \u00a0 \u00a0 \u00a0 \u00a0\u00a0 <\/a><a href=\"https:\/\/www.laserpoint.eu\/de\/produkte\/oem-sensoren\/oem-power-probes-de\/\" target=\"_blank\" rel=\"noopener\"><img loading=\"lazy\" decoding=\"async\" class=\"alignnone wp-image-8266\" src=\"https:\/\/soliton-gmbh.de\/wp-content\/uploads\/2024\/10\/LP20-300x289.jpg\" alt=\"\" width=\"85\" height=\"82\" srcset=\"https:\/\/soliton-gmbh.de\/wp-content\/uploads\/2024\/10\/LP20-300x289.jpg 300w, https:\/\/soliton-gmbh.de\/wp-content\/uploads\/2024\/10\/LP20-600x578.jpg 600w, https:\/\/soliton-gmbh.de\/wp-content\/uploads\/2024\/10\/LP20-1024x986.jpg 1024w, https:\/\/soliton-gmbh.de\/wp-content\/uploads\/2024\/10\/LP20-768x740.jpg 768w, https:\/\/soliton-gmbh.de\/wp-content\/uploads\/2024\/10\/LP20-12x12.jpg 12w, https:\/\/soliton-gmbh.de\/wp-content\/uploads\/2024\/10\/LP20.jpg 1200w\" sizes=\"auto, (max-width: 85px) 100vw, 85px\" \/><\/a><\/li>\n<li><a href=\"https:\/\/www.laserpoint.eu\/de\/produkte\/oem-sensoren\/oem-sensor-disks\/\" target=\"_blank\" rel=\"noopener\">OEM Sensor Disks \u00a0 \u00a0 \u00a0 \u00a0 \u00a0 \u00a0 \u00a0 \u00a0 \u00a0 \u00a0 \u00a0 \u00a0 \u00a0 \u00a0 \u00a0 \u00a0 \u00a0 \u00a0 \u00a0 \u00a0 \u00a0 \u00a0 <\/a><a href=\"https:\/\/www.laserpoint.eu\/de\/produkte\/oem-sensoren\/oem-sensor-disks\/\" target=\"_blank\" rel=\"noopener\"><img loading=\"lazy\" decoding=\"async\" class=\"alignnone wp-image-8267\" src=\"https:\/\/soliton-gmbh.de\/wp-content\/uploads\/2024\/10\/LP21-300x289.jpg\" alt=\"\" width=\"88\" height=\"84\" srcset=\"https:\/\/soliton-gmbh.de\/wp-content\/uploads\/2024\/10\/LP21-300x289.jpg 300w, https:\/\/soliton-gmbh.de\/wp-content\/uploads\/2024\/10\/LP21-600x578.jpg 600w, https:\/\/soliton-gmbh.de\/wp-content\/uploads\/2024\/10\/LP21-1024x986.jpg 1024w, https:\/\/soliton-gmbh.de\/wp-content\/uploads\/2024\/10\/LP21-768x740.jpg 768w, https:\/\/soliton-gmbh.de\/wp-content\/uploads\/2024\/10\/LP21-12x12.jpg 12w, https:\/\/soliton-gmbh.de\/wp-content\/uploads\/2024\/10\/LP21.jpg 1200w\" sizes=\"auto, (max-width: 88px) 100vw, 88px\" \/><\/a><\/li>\n<\/ul>\n<p>Our LaserPoint-manufactured <strong>thermopile detectors<\/strong> are characterized by high sensitivity and low impedance. High sensitivity is important to maximize the signal-to-noise ratio, especially when working at low powers. Complete OEM heads are designed around these sensor disks. They are supplied with housings, cooling systems and amplification electronics based on the customer&#039;s requirements and specifications.<\/p>\n<p>Compared to other sensor types that could be used in equivalent applications, lasers can be measured directly with the thermopile detectors without attenuation, even at high power levels. In addition, LaserPoint sensors are made of robust materials and coatings. These can be <strong>UV to far infrared<\/strong> and can be used at small beam diameters without the risk of damaging the detector even at extreme power densities.<\/p>\n<p>Furthermore, LaserPoint offers thermopiles with a high degree of linearity across their entire working range. With large apertures, they are suitable for the largest beam diameters. <strong>thermopile sensors<\/strong> are virtually insensitive to the position and size of the beam as it hits their active area, so alignment is never critical and installation time is fast for OEM applications.<\/p>\n<p>Everything has been developed to ensure accurate and reliable measurements of lasers such as <strong>CO\u2082, excimer, laser diodes, Nd <\/strong>from <strong>3 W to 200 W<\/strong> at competitive prices. All OEM sensors undergo a series of in-house inspections and controls, including individual sensitivity and impedance tests. A full calibration with <strong>NIST or PTB traceability<\/strong> is available upon request.<\/p>\n<p>If you have any further questions about the systems, please feel free to send us a non-binding inquiry. Further information about the products and all technical data sheets for each variant can be found here: <a href=\"https:\/\/www.laserpoint.eu\/de\/produkte\/oem-sensoren\/\" target=\"_new\" rel=\"noopener\">Laserpoint.eu<\/a>.<\/p>\n<\/div>\n<\/div>\n<\/div>\n<\/div>\n<\/div>\n<\/div>","protected":false},"excerpt":{"rendered":"<p><a href=\"https:\/\/soliton-gmbh.de\/wp-content\/uploads\/2024\/08\/LOGO-LP-NO-CLAIM-01.jpg\"><img loading=\"lazy\" decoding=\"async\" class=\"alignnone wp-image-7819\" src=\"https:\/\/soliton-gmbh.de\/wp-content\/uploads\/2024\/08\/LOGO-LP-NO-CLAIM-01.jpg\" alt=\"Logo of Laserpoint\" width=\"219\" height=\"19\" srcset=\"https:\/\/soliton-gmbh.de\/wp-content\/uploads\/2024\/08\/LOGO-LP-NO-CLAIM-01.jpg 819w, https:\/\/soliton-gmbh.de\/wp-content\/uploads\/2024\/08\/LOGO-LP-NO-CLAIM-01-600x52.jpg 600w, https:\/\/soliton-gmbh.de\/wp-content\/uploads\/2024\/08\/LOGO-LP-NO-CLAIM-01-300x26.jpg 300w, https:\/\/soliton-gmbh.de\/wp-content\/uploads\/2024\/08\/LOGO-LP-NO-CLAIM-01-768x67.jpg 768w, https:\/\/soliton-gmbh.de\/wp-content\/uploads\/2024\/08\/LOGO-LP-NO-CLAIM-01-18x2.jpg 18w\" sizes=\"auto, (max-width: 219px) 100vw, 219px\" \/><\/a><\/p>\n<ul>\n<li>Thermosensor discs<\/li>\n<li>Thermosensor discs with housing<\/li>\n<li>Encapsulated thermal sensors with amplifier<\/li>\n<li>Fast Response Sensor with preparation for installation<\/li>\n<li>Power Probe with housing and heat sink<\/li>\n<\/ul>","protected":false},"featured_media":8264,"template":"","meta":{"_acf_changed":false,"_uag_custom_page_level_css":"","site-sidebar-layout":"default","site-content-layout":"","ast-site-content-layout":"default","site-content-style":"default","site-sidebar-style":"default","ast-global-header-display":"","ast-banner-title-visibility":"","ast-main-header-display":"","ast-hfb-above-header-display":"","ast-hfb-below-header-display":"","ast-hfb-mobile-header-display":"","site-post-title":"","ast-breadcrumbs-content":"","ast-featured-img":"","footer-sml-layout":"","ast-disable-related-posts":"","theme-transparent-header-meta":"default","adv-header-id-meta":"","stick-header-meta":"default","header-above-stick-meta":"","header-main-stick-meta":"","header-below-stick-meta":"","astra-migrate-meta-layouts":"set","ast-page-background-enabled":"default","ast-page-background-meta":{"desktop":{"background-color":"","background-image":"","background-repeat":"repeat","background-position":"center center","background-size":"auto","background-attachment":"scroll","background-type":"","background-media":"","overlay-type":"","overlay-color":"","overlay-opacity":"","overlay-gradient":""},"tablet":{"background-color":"","background-image":"","background-repeat":"repeat","background-position":"center center","background-size":"auto","background-attachment":"scroll","background-type":"","background-media":"","overlay-type":"","overlay-color":"","overlay-opacity":"","overlay-gradient":""},"mobile":{"background-color":"","background-image":"","background-repeat":"repeat","background-position":"center center","background-size":"auto","background-attachment":"scroll","background-type":"","background-media":"","overlay-type":"","overlay-color":"","overlay-opacity":"","overlay-gradient":""}},"ast-content-background-meta":{"desktop":{"background-color":"var(--ast-global-color-5)","background-image":"","background-repeat":"repeat","background-position":"center center","background-size":"auto","background-attachment":"scroll","background-type":"","background-media":"","overlay-type":"","overlay-color":"","overlay-opacity":"","overlay-gradient":""},"tablet":{"background-color":"var(--ast-global-color-5)","background-image":"","background-repeat":"repeat","background-position":"center center","background-size":"auto","background-attachment":"scroll","background-type":"","background-media":"","overlay-type":"","overlay-color":"","overlay-opacity":"","overlay-gradient":""},"mobile":{"background-color":"var(--ast-global-color-5)","background-image":"","background-repeat":"repeat","background-position":"center center","background-size":"auto","background-attachment":"scroll","background-type":"","background-media":"","overlay-type":"","overlay-color":"","overlay-opacity":"","overlay-gradient":""}}},"product_brand":[],"product_cat":[760],"product_tag":[845,841,848,846,857,796,852,856,847,851,854,839,735,736,853,772,849,858,805,850,855,764],"class_list":{"0":"post-8263","1":"product","2":"type-product","3":"status-publish","4":"has-post-thumbnail","6":"product_cat-power-meter","7":"product_tag-cronos-serie","8":"product_tag-eigenstaendige-messgeraete","9":"product_tag-ergonomisches-design","10":"product_tag-fit-serie","11":"product_tag-grosse-aperturen","12":"product_tag-hochleistungslaser","13":"product_tag-hohe-empfindlichkeit","14":"product_tag-hohe-leistungsdichte","15":"product_tag-komfortable-bedienung","16":"product_tag-kompakte-leistungssensoren","17":"product_tag-kundenspezifische-sensoren","18":"product_tag-laserleistungsmesssonden","19":"product_tag-laserleistungsmessung","20":"product_tag-laserpoint-produkte","21":"product_tag-niedrige-impedanz","22":"product_tag-nist-und-ptb-rueckfuehrbarkeit","23":"product_tag-oem-sensoren","24":"product_tag-praezise-laserleistungsmessung","25":"product_tag-soliton-vertrieb","26":"product_tag-thermopile-detektoren","27":"product_tag-thermopile-sensoren","28":"product_tag-uv-bis-ferninfrarot","29":"desktop-align-left","30":"tablet-align-center","31":"mobile-align-center","32":"ast-product-gallery-layout-horizontal-slider","33":"ast-magnify-disabled","34":"ast-product-tabs-layout-horizontal","36":"first","37":"instock","38":"virtual","39":"sold-individually","40":"purchasable","41":"product-type-simple"},"acf":[],"yoast_head":"<!-- This site is optimized with the Yoast SEO Premium plugin v27.2 (Yoast SEO v27.4) - https:\/\/yoast.com\/product\/yoast-seo-premium-wordpress\/ -->\n<title>OEM Sensoren - Soliton<\/title>\n<meta name=\"description\" content=\"OEM Sensoren von LaserPoint \u2013 kompakte, hochpr\u00e4zise Thermopile-Detektoren mit hoher Empfindlichkeit f\u00fcr Laserleistungsmessungen von 3\u202fW bis 200\u202fW.\" \/>\n<meta name=\"robots\" content=\"index, follow, max-snippet:-1, max-image-preview:large, max-video-preview:-1\" \/>\n<link rel=\"canonical\" href=\"https:\/\/soliton-gmbh.de\/en\/product\/oem-sensors\/\" \/>\n<meta property=\"og:locale\" content=\"en_US\" \/>\n<meta property=\"og:type\" content=\"article\" \/>\n<meta property=\"og:title\" content=\"OEM Sensoren\" \/>\n<meta property=\"og:description\" content=\"OEM Sensoren von LaserPoint \u2013 kompakte, hochpr\u00e4zise Thermopile-Detektoren mit hoher Empfindlichkeit f\u00fcr Laserleistungsmessungen von 3\u202fW bis 200\u202fW.\" \/>\n<meta property=\"og:url\" content=\"https:\/\/soliton-gmbh.de\/en\/product\/oem-sensors\/\" \/>\n<meta property=\"og:site_name\" content=\"Soliton Laser- und Messtechnik GmbH\" \/>\n<meta property=\"article:modified_time\" content=\"2026-03-21T21:39:03+00:00\" \/>\n<meta property=\"og:image\" content=\"https:\/\/soliton-gmbh.de\/wp-content\/uploads\/2024\/10\/LP18.jpg\" \/>\n\t<meta property=\"og:image:width\" content=\"1200\" \/>\n\t<meta property=\"og:image:height\" content=\"1156\" \/>\n\t<meta property=\"og:image:type\" content=\"image\/jpeg\" \/>\n<meta name=\"twitter:card\" content=\"summary_large_image\" \/>\n<meta name=\"twitter:label1\" content=\"Price\" \/>\n\t<meta name=\"twitter:data1\" content=\"&euro;0.00\" \/>\n\t<meta name=\"twitter:label2\" content=\"Availability\" \/>\n\t<meta name=\"twitter:data2\" content=\"In stock\" \/>\n<script type=\"application\/ld+json\" class=\"yoast-schema-graph\">{\"@context\":\"https:\\\/\\\/schema.org\",\"@graph\":[{\"@type\":\"WebPage\",\"@id\":\"https:\\\/\\\/soliton-gmbh.de\\\/produkt\\\/oem-sensoren\\\/\",\"url\":\"https:\\\/\\\/soliton-gmbh.de\\\/produkt\\\/oem-sensoren\\\/\",\"name\":\"OEM Sensoren - Soliton\",\"isPartOf\":{\"@id\":\"https:\\\/\\\/soliton-gmbh.de\\\/#website\"},\"primaryImageOfPage\":{\"@id\":\"https:\\\/\\\/soliton-gmbh.de\\\/produkt\\\/oem-sensoren\\\/#primaryimage\"},\"image\":{\"@id\":\"https:\\\/\\\/soliton-gmbh.de\\\/produkt\\\/oem-sensoren\\\/#primaryimage\"},\"thumbnailUrl\":\"https:\\\/\\\/soliton-gmbh.de\\\/wp-content\\\/uploads\\\/2024\\\/10\\\/LP18.jpg\",\"datePublished\":\"2024-10-25T10:03:45+00:00\",\"dateModified\":\"2026-03-21T21:39:03+00:00\",\"description\":\"OEM Sensoren von LaserPoint \u2013 kompakte, hochpr\u00e4zise Thermopile-Detektoren mit hoher Empfindlichkeit f\u00fcr Laserleistungsmessungen von 3\u202fW bis 200\u202fW.\",\"breadcrumb\":{\"@id\":\"https:\\\/\\\/soliton-gmbh.de\\\/produkt\\\/oem-sensoren\\\/#breadcrumb\"},\"inLanguage\":\"en-US\",\"potentialAction\":[{\"@type\":\"ReadAction\",\"target\":[\"https:\\\/\\\/soliton-gmbh.de\\\/produkt\\\/oem-sensoren\\\/\"]}]},{\"@type\":\"ImageObject\",\"inLanguage\":\"en-US\",\"@id\":\"https:\\\/\\\/soliton-gmbh.de\\\/produkt\\\/oem-sensoren\\\/#primaryimage\",\"url\":\"https:\\\/\\\/soliton-gmbh.de\\\/wp-content\\\/uploads\\\/2024\\\/10\\\/LP18.jpg\",\"contentUrl\":\"https:\\\/\\\/soliton-gmbh.de\\\/wp-content\\\/uploads\\\/2024\\\/10\\\/LP18.jpg\",\"width\":1200,\"height\":1156},{\"@type\":\"BreadcrumbList\",\"@id\":\"https:\\\/\\\/soliton-gmbh.de\\\/produkt\\\/oem-sensoren\\\/#breadcrumb\",\"itemListElement\":[{\"@type\":\"ListItem\",\"position\":1,\"name\":\"Startseite\",\"item\":\"https:\\\/\\\/soliton-gmbh.de\\\/\"},{\"@type\":\"ListItem\",\"position\":2,\"name\":\"Produkte\",\"item\":\"https:\\\/\\\/soliton-gmbh.de\\\/produkte\\\/\"},{\"@type\":\"ListItem\",\"position\":3,\"name\":\"OEM Sensoren\"}]},{\"@type\":\"WebSite\",\"@id\":\"https:\\\/\\\/soliton-gmbh.de\\\/#website\",\"url\":\"https:\\\/\\\/soliton-gmbh.de\\\/\",\"name\":\"Soliton Laser- und Messtechnik GmbH\",\"description\":\"\",\"publisher\":{\"@id\":\"https:\\\/\\\/soliton-gmbh.de\\\/#organization\"},\"potentialAction\":[{\"@type\":\"SearchAction\",\"target\":{\"@type\":\"EntryPoint\",\"urlTemplate\":\"https:\\\/\\\/soliton-gmbh.de\\\/?s={search_term_string}\"},\"query-input\":{\"@type\":\"PropertyValueSpecification\",\"valueRequired\":true,\"valueName\":\"search_term_string\"}}],\"inLanguage\":\"en-US\"},{\"@type\":\"Organization\",\"@id\":\"https:\\\/\\\/soliton-gmbh.de\\\/#organization\",\"name\":\"Soliton GmbH\",\"url\":\"https:\\\/\\\/soliton-gmbh.de\\\/\",\"logo\":{\"@type\":\"ImageObject\",\"inLanguage\":\"en-US\",\"@id\":\"https:\\\/\\\/soliton-gmbh.de\\\/#\\\/schema\\\/logo\\\/image\\\/\",\"url\":\"https:\\\/\\\/soliton-gmbh.de\\\/wp-content\\\/uploads\\\/2022\\\/08\\\/cropped-soliton-logo.png\",\"contentUrl\":\"https:\\\/\\\/soliton-gmbh.de\\\/wp-content\\\/uploads\\\/2022\\\/08\\\/cropped-soliton-logo.png\",\"width\":500,\"height\":350,\"caption\":\"Soliton GmbH\"},\"image\":{\"@id\":\"https:\\\/\\\/soliton-gmbh.de\\\/#\\\/schema\\\/logo\\\/image\\\/\"}}]}<\/script>\n<meta property=\"product:price:amount\" content=\"0.00\" \/>\n<meta property=\"product:price:currency\" content=\"EUR\" \/>\n<meta property=\"og:availability\" content=\"instock\" \/>\n<meta property=\"product:availability\" content=\"instock\" \/>\n<meta property=\"product:condition\" content=\"new\" \/>\n<!-- \/ Yoast SEO Premium plugin. -->","yoast_head_json":{"title":"OEM sensors - Soliton","description":"OEM sensors from LaserPoint - compact, high-precision thermopile detectors with high sensitivity for laser power measurements from 3 W to 200 W.","robots":{"index":"index","follow":"follow","max-snippet":"max-snippet:-1","max-image-preview":"max-image-preview:large","max-video-preview":"max-video-preview:-1"},"canonical":"https:\/\/soliton-gmbh.de\/en\/product\/oem-sensors\/","og_locale":"en_US","og_type":"article","og_title":"OEM Sensoren","og_description":"OEM Sensoren von LaserPoint \u2013 kompakte, hochpr\u00e4zise Thermopile-Detektoren mit hoher Empfindlichkeit f\u00fcr Laserleistungsmessungen von 3\u202fW bis 200\u202fW.","og_url":"https:\/\/soliton-gmbh.de\/en\/product\/oem-sensors\/","og_site_name":"Soliton Laser- und Messtechnik GmbH","article_modified_time":"2026-03-21T21:39:03+00:00","og_image":[{"width":1200,"height":1156,"url":"https:\/\/soliton-gmbh.de\/wp-content\/uploads\/2024\/10\/LP18.jpg","type":"image\/jpeg"}],"twitter_card":"summary_large_image","twitter_misc":{"Price":"&euro;0.00","Availability":"In stock"},"schema":{"@context":"https:\/\/schema.org","@graph":[{"@type":"WebPage","@id":"https:\/\/soliton-gmbh.de\/produkt\/oem-sensoren\/","url":"https:\/\/soliton-gmbh.de\/produkt\/oem-sensoren\/","name":"OEM sensors - Soliton","isPartOf":{"@id":"https:\/\/soliton-gmbh.de\/#website"},"primaryImageOfPage":{"@id":"https:\/\/soliton-gmbh.de\/produkt\/oem-sensoren\/#primaryimage"},"image":{"@id":"https:\/\/soliton-gmbh.de\/produkt\/oem-sensoren\/#primaryimage"},"thumbnailUrl":"https:\/\/soliton-gmbh.de\/wp-content\/uploads\/2024\/10\/LP18.jpg","datePublished":"2024-10-25T10:03:45+00:00","dateModified":"2026-03-21T21:39:03+00:00","description":"OEM sensors from LaserPoint - compact, high-precision thermopile detectors with high sensitivity for laser power measurements from 3 W to 200 W.","breadcrumb":{"@id":"https:\/\/soliton-gmbh.de\/produkt\/oem-sensoren\/#breadcrumb"},"inLanguage":"en-US","potentialAction":[{"@type":"ReadAction","target":["https:\/\/soliton-gmbh.de\/produkt\/oem-sensoren\/"]}]},{"@type":"ImageObject","inLanguage":"en-US","@id":"https:\/\/soliton-gmbh.de\/produkt\/oem-sensoren\/#primaryimage","url":"https:\/\/soliton-gmbh.de\/wp-content\/uploads\/2024\/10\/LP18.jpg","contentUrl":"https:\/\/soliton-gmbh.de\/wp-content\/uploads\/2024\/10\/LP18.jpg","width":1200,"height":1156},{"@type":"BreadcrumbList","@id":"https:\/\/soliton-gmbh.de\/produkt\/oem-sensoren\/#breadcrumb","itemListElement":[{"@type":"ListItem","position":1,"name":"Startseite","item":"https:\/\/soliton-gmbh.de\/"},{"@type":"ListItem","position":2,"name":"Produkte","item":"https:\/\/soliton-gmbh.de\/produkte\/"},{"@type":"ListItem","position":3,"name":"OEM Sensoren"}]},{"@type":"WebSite","@id":"https:\/\/soliton-gmbh.de\/#website","url":"https:\/\/soliton-gmbh.de\/","name":"Soliton Laser- und Messtechnik GmbH","description":"","publisher":{"@id":"https:\/\/soliton-gmbh.de\/#organization"},"potentialAction":[{"@type":"SearchAction","target":{"@type":"EntryPoint","urlTemplate":"https:\/\/soliton-gmbh.de\/?s={search_term_string}"},"query-input":{"@type":"PropertyValueSpecification","valueRequired":true,"valueName":"search_term_string"}}],"inLanguage":"en-US"},{"@type":"Organization","@id":"https:\/\/soliton-gmbh.de\/#organization","name":"Soliton GmbH","url":"https:\/\/soliton-gmbh.de\/","logo":{"@type":"ImageObject","inLanguage":"en-US","@id":"https:\/\/soliton-gmbh.de\/#\/schema\/logo\/image\/","url":"https:\/\/soliton-gmbh.de\/wp-content\/uploads\/2022\/08\/cropped-soliton-logo.png","contentUrl":"https:\/\/soliton-gmbh.de\/wp-content\/uploads\/2022\/08\/cropped-soliton-logo.png","width":500,"height":350,"caption":"Soliton GmbH"},"image":{"@id":"https:\/\/soliton-gmbh.de\/#\/schema\/logo\/image\/"}}]},"product_price_amount":"0.00","product_price_currency":"EUR","og_availability":"instock","product_availability":"instock","product_condition":"new"},"uagb_featured_image_src":{"full":["https:\/\/soliton-gmbh.de\/wp-content\/uploads\/2024\/10\/LP18.jpg",1200,1156,false],"thumbnail":["https:\/\/soliton-gmbh.de\/wp-content\/uploads\/2024\/10\/LP18-150x150.jpg",150,150,true],"medium":["https:\/\/soliton-gmbh.de\/wp-content\/uploads\/2024\/10\/LP18-300x289.jpg",300,289,true],"medium_large":["https:\/\/soliton-gmbh.de\/wp-content\/uploads\/2024\/10\/LP18-768x740.jpg",768,740,true],"large":["https:\/\/soliton-gmbh.de\/wp-content\/uploads\/2024\/10\/LP18-1024x986.jpg",1024,986,true],"1536x1536":["https:\/\/soliton-gmbh.de\/wp-content\/uploads\/2024\/10\/LP18.jpg",1200,1156,false],"2048x2048":["https:\/\/soliton-gmbh.de\/wp-content\/uploads\/2024\/10\/LP18.jpg",1200,1156,false],"trp-custom-language-flag":["https:\/\/soliton-gmbh.de\/wp-content\/uploads\/2024\/10\/LP18-12x12.jpg",12,12,true],"woocommerce_thumbnail":["https:\/\/soliton-gmbh.de\/wp-content\/uploads\/2024\/10\/LP18-600x578.jpg",600,578,true],"woocommerce_single":["https:\/\/soliton-gmbh.de\/wp-content\/uploads\/2024\/10\/LP18.jpg",1200,1156,false],"woocommerce_gallery_thumbnail":["https:\/\/soliton-gmbh.de\/wp-content\/uploads\/2024\/10\/LP18-300x300.jpg",300,300,true]},"uagb_author_info":{"display_name":"Daniel","author_link":"https:\/\/soliton-gmbh.de\/en\/author\/"},"uagb_comment_info":0,"uagb_excerpt":"Thermosensor Scheiben Thermosensor Scheiben mit Geh\u00e4use Gekapselte Thermosensoren mit Verst\u00e4rker Fast Response Sensor mit Vorbereitung f\u00fcr Einbau Power Probe mit Geh\u00e4use und K\u00fchlk\u00f6rper","_links":{"self":[{"href":"https:\/\/soliton-gmbh.de\/en\/wp-json\/wp\/v2\/product\/8263","targetHints":{"allow":["GET"]}}],"collection":[{"href":"https:\/\/soliton-gmbh.de\/en\/wp-json\/wp\/v2\/product"}],"about":[{"href":"https:\/\/soliton-gmbh.de\/en\/wp-json\/wp\/v2\/types\/product"}],"wp:featuredmedia":[{"embeddable":true,"href":"https:\/\/soliton-gmbh.de\/en\/wp-json\/wp\/v2\/media\/8264"}],"wp:attachment":[{"href":"https:\/\/soliton-gmbh.de\/en\/wp-json\/wp\/v2\/media?parent=8263"}],"wp:term":[{"taxonomy":"product_brand","embeddable":true,"href":"https:\/\/soliton-gmbh.de\/en\/wp-json\/wp\/v2\/product_brand?post=8263"},{"taxonomy":"product_cat","embeddable":true,"href":"https:\/\/soliton-gmbh.de\/en\/wp-json\/wp\/v2\/product_cat?post=8263"},{"taxonomy":"product_tag","embeddable":true,"href":"https:\/\/soliton-gmbh.de\/en\/wp-json\/wp\/v2\/product_tag?post=8263"}],"curies":[{"name":"wp","href":"https:\/\/api.w.org\/{rel}","templated":true}]}}