{"id":8123,"date":"2024-10-11T17:11:09","date_gmt":"2024-10-11T15:11:09","guid":{"rendered":"https:\/\/soliton-gmbh.de\/?post_type=product&#038;p=8123"},"modified":"2026-05-04T18:15:17","modified_gmt":"2026-05-04T16:15:17","slug":"thermal-sensors","status":"publish","type":"product","link":"https:\/\/soliton-gmbh.de\/en\/produkt\/thermische-sensoren\/","title":{"rendered":"Thermal sensors"},"content":{"rendered":"<div class=\"wpb_text_column wpb_content_element testo-giustificato\">\n<div>\n<p data-start=\"425\" data-end=\"814\">Soliton offers you a broad portfolio of <strong data-start=\"471\" data-end=\"510\">thermal sensors from LaserPoint<\/strong> for the precise <strong data-start=\"527\" data-end=\"573\">Measurement of laser power and laser energy<\/strong> in research, development and industrial applications. The detector heads are suitable for a wide variety of laser systems and cover a broad spectral range <strong data-start=\"738\" data-end=\"772\">from the UV to the far infrared<\/strong> from.<\/p>\n<p data-start=\"816\" data-end=\"1398\">Depending on the measurement task, the requirements differ significantly - for example with regard to <strong data-start=\"902\" data-end=\"922\">Power range<\/strong>, <strong data-start=\"924\" data-end=\"942\">Energy sector<\/strong>, <strong data-start=\"944\" data-end=\"959\">Wavelength<\/strong>, <strong data-start=\"961\" data-end=\"982\">Response behavior<\/strong>, <strong data-start=\"984\" data-end=\"995\">cooling<\/strong>, <strong data-start=\"997\" data-end=\"1014\">Load capacity<\/strong> or <strong data-start=\"1020\" data-end=\"1039\">Measuring accuracy<\/strong>. That is why our range includes various sensor categories for <strong data-start=\"1105\" data-end=\"1116\">low<\/strong>, <strong data-start=\"1118\" data-end=\"1130\">middle<\/strong> and <strong data-start=\"1135\" data-end=\"1154\">high performance<\/strong>, for <strong data-start=\"1160\" data-end=\"1183\">High energy densities<\/strong> and for <strong data-start=\"1194\" data-end=\"1212\">pulsed lasers<\/strong>. Depending on the maximum measurable power, different cooling methods such as <strong data-start=\"1299\" data-end=\"1347\">Convection, fan or water cooling<\/strong> for use.<\/p>\n<p data-start=\"1400\" data-end=\"1847\">Each power meter is supplied with a <strong data-start=\"1433\" data-end=\"1447\">Certificate<\/strong> delivered, which <strong data-start=\"1467\" data-end=\"1503\">Traceability to NIST and PTB<\/strong> confirmed. For flexible integration, the thermal sensors are available with <strong data-start=\"1598\" data-end=\"1616\">DB15 connection<\/strong> or with <strong data-start=\"1626\" data-end=\"1660\">USB and RS-232 interfaces<\/strong> available. This makes LaserPoint systems suitable for precise, reliable and reproducible measurement results in demanding applications.<\/p>\n<\/div>\n<h2>The thermal sensors are divided into the following categories (for different laser power):<\/h2>\n<p><a href=\"https:\/\/www.laserpoint.eu\/de\/produkte\/thermische-sensoren\/thermische-sensoren-fuer-laser-mit-geringer-leistung\/\" target=\"_blank\" rel=\"noopener\">Low performance:<\/a><a href=\"https:\/\/www.laserpoint.eu\/de\/produkte\/thermische-sensoren\/thermische-sensoren-fuer-laser-mit-geringer-leistung\/\" target=\"_blank\" rel=\"noopener\">\u00a0 \u00a0\u00a0 \u00a0 <\/a><a href=\"https:\/\/www.laserpoint.eu\/de\/produkte\/thermische-sensoren\/thermische-sensoren-fuer-laser-mit-geringer-leistung\/\" target=\"_blank\" rel=\"noopener\"><img loading=\"lazy\" decoding=\"async\" class=\"alignnone wp-image-8124\" src=\"https:\/\/soliton-gmbh.de\/wp-content\/uploads\/2024\/10\/LP1.png\" alt=\"Thermal sensors from Laserpoint\" width=\"83\" height=\"98\" srcset=\"https:\/\/soliton-gmbh.de\/wp-content\/uploads\/2024\/10\/LP1.png 521w, https:\/\/soliton-gmbh.de\/wp-content\/uploads\/2024\/10\/LP1-255x300.png 255w, https:\/\/soliton-gmbh.de\/wp-content\/uploads\/2024\/10\/LP1-10x12.png 10w\" sizes=\"auto, (max-width: 83px) 100vw, 83px\" \/><\/a><\/p>\n<p><a href=\"https:\/\/www.laserpoint.eu\/de\/produkte\/thermische-sensoren\/thermische-sensoren-fur-laser-mit-mittlerer-leistung\/\" target=\"_blank\" rel=\"noopener\">Average power: \u00a0\u00a0 \u00a0 <\/a><a href=\"https:\/\/www.laserpoint.eu\/de\/produkte\/thermische-sensoren\/thermische-sensoren-fur-laser-mit-mittlerer-leistung\/\" target=\"_blank\" rel=\"noopener\"><img loading=\"lazy\" decoding=\"async\" class=\"alignnone wp-image-8125\" src=\"https:\/\/soliton-gmbh.de\/wp-content\/uploads\/2024\/10\/LP2.png\" alt=\"Thermal sensors from Laserpoint\" width=\"74\" height=\"70\" srcset=\"https:\/\/soliton-gmbh.de\/wp-content\/uploads\/2024\/10\/LP2.png 768w, https:\/\/soliton-gmbh.de\/wp-content\/uploads\/2024\/10\/LP2-600x567.png 600w, https:\/\/soliton-gmbh.de\/wp-content\/uploads\/2024\/10\/LP2-300x284.png 300w, https:\/\/soliton-gmbh.de\/wp-content\/uploads\/2024\/10\/LP2-13x12.png 13w\" sizes=\"auto, (max-width: 74px) 100vw, 74px\" \/><\/a><\/p>\n<p><a href=\"https:\/\/www.laserpoint.eu\/de\/produkte\/thermische-sensoren\/thermische-sensoren-fur-laser-mit-hoher-leistung\/\" target=\"_blank\" rel=\"noopener\">High performance: \u00a0 \u00a0 \u00a0 \u00a0\u00a0 <\/a><a href=\"https:\/\/www.laserpoint.eu\/de\/produkte\/thermische-sensoren\/thermische-sensoren-fur-laser-mit-hoher-leistung\/\" target=\"_blank\" rel=\"noopener\"><img loading=\"lazy\" decoding=\"async\" class=\"alignnone wp-image-8126\" src=\"https:\/\/soliton-gmbh.de\/wp-content\/uploads\/2024\/10\/LP3.png\" alt=\"Thermal sensors from Laserpoint\" width=\"81\" height=\"71\" srcset=\"https:\/\/soliton-gmbh.de\/wp-content\/uploads\/2024\/10\/LP3.png 750w, https:\/\/soliton-gmbh.de\/wp-content\/uploads\/2024\/10\/LP3-600x527.png 600w, https:\/\/soliton-gmbh.de\/wp-content\/uploads\/2024\/10\/LP3-300x264.png 300w, https:\/\/soliton-gmbh.de\/wp-content\/uploads\/2024\/10\/LP3-14x12.png 14w\" sizes=\"auto, (max-width: 81px) 100vw, 81px\" \/><\/a><\/p>\n<p><a href=\"https:\/\/www.laserpoint.eu\/de\/produkte\/thermische-sensoren\/thermische-sensoren-fur-laser-mit-hoher-energiedichte\/\" target=\"_blank\" rel=\"noopener\">High energy density: \u00a0 \u00a0<\/a><a href=\"https:\/\/www.laserpoint.eu\/de\/produkte\/thermische-sensoren\/thermische-sensoren-fur-laser-mit-hoher-energiedichte\/\" target=\"_blank\" rel=\"noopener\"><img loading=\"lazy\" decoding=\"async\" class=\"alignnone wp-image-8129\" src=\"https:\/\/soliton-gmbh.de\/wp-content\/uploads\/2024\/10\/LP5.png\" alt=\"Thermal sensors from Laserpoint\" width=\"60\" height=\"86\" srcset=\"https:\/\/soliton-gmbh.de\/wp-content\/uploads\/2024\/10\/LP5.png 754w, https:\/\/soliton-gmbh.de\/wp-content\/uploads\/2024\/10\/LP5-600x864.png 600w, https:\/\/soliton-gmbh.de\/wp-content\/uploads\/2024\/10\/LP5-208x300.png 208w, https:\/\/soliton-gmbh.de\/wp-content\/uploads\/2024\/10\/LP5-711x1024.png 711w, https:\/\/soliton-gmbh.de\/wp-content\/uploads\/2024\/10\/LP5-8x12.png 8w\" sizes=\"auto, (max-width: 60px) 100vw, 60px\" \/><\/a><\/p>\n<p><a href=\"https:\/\/www.laserpoint.eu\/de\/produkte\/thermische-sensoren\/thermische-sensoren-fur-gepulste-laser-de\/\" target=\"_blank\" rel=\"noopener\">Pulsed lasers:<\/a><a style=\"font-size: 16px; font-style: normal; font-weight: 400; color: #3a3a3a;\" href=\"https:\/\/www.laserpoint.eu\/de\/produkte\/thermische-sensoren\/thermische-sensoren-fur-gepulste-laser-de\/\" target=\"_blank\" rel=\"noopener\"> \u00a0 \u00a0 \u00a0 \u00a0\u00a0 <\/a><a style=\"font-size: 16px; font-style: normal; font-weight: 400; background-color: #ffffff;\" href=\"https:\/\/www.laserpoint.eu\/de\/produkte\/thermische-sensoren\/thermische-sensoren-fur-gepulste-laser-de\/\" target=\"_blank\" rel=\"noopener\"><img loading=\"lazy\" decoding=\"async\" class=\"alignnone wp-image-8127\" src=\"https:\/\/soliton-gmbh.de\/wp-content\/uploads\/2024\/10\/LP4.png\" alt=\"Thermal sensors from Laserpoint\" width=\"74\" height=\"93\" srcset=\"https:\/\/soliton-gmbh.de\/wp-content\/uploads\/2024\/10\/LP4.png 763w, https:\/\/soliton-gmbh.de\/wp-content\/uploads\/2024\/10\/LP4-600x758.png 600w, https:\/\/soliton-gmbh.de\/wp-content\/uploads\/2024\/10\/LP4-237x300.png 237w, https:\/\/soliton-gmbh.de\/wp-content\/uploads\/2024\/10\/LP4-9x12.png 9w\" sizes=\"auto, (max-width: 74px) 100vw, 74px\" \/><\/a><\/p>\n<p data-start=\"1849\" data-end=\"2112\">Whether for <strong data-start=\"1856\" data-end=\"1878\">Quality assurance<\/strong>, <strong data-start=\"1880\" data-end=\"1896\">calibration<\/strong>, <strong data-start=\"1898\" data-end=\"1919\">Long-term measurements<\/strong>, <strong data-start=\"1921\" data-end=\"1943\">Process monitoring<\/strong> or the characterization of laser systems: At Soliton you will find suitable thermal sensors for demanding measurement tasks.<\/p>\n<p data-start=\"2114\" data-end=\"2241\"><strong data-start=\"2114\" data-end=\"2241\">Contact us directly if you need support in selecting a suitable solution for your measurement task.<\/strong><\/p>\n<p>Further information about the systems and all data sheets for each system variant can be found here: <a href=\"https:\/\/www.laserpoint.eu\/de\/produkte\/thermische-sensoren\/thermische-sensoren-fuer-laser-mit-geringer-leistung\/\">Laserpoint.eu<\/a><\/p>\n<\/div>","protected":false},"excerpt":{"rendered":"<p><a href=\"https:\/\/soliton-gmbh.de\/wp-content\/uploads\/2024\/08\/LOGO-LP-NO-CLAIM-01.jpg\"><img loading=\"lazy\" decoding=\"async\" class=\"alignnone wp-image-7819 size-medium\" src=\"https:\/\/soliton-gmbh.de\/wp-content\/uploads\/2024\/08\/LOGO-LP-NO-CLAIM-01-300x26.jpg\" alt=\"\" width=\"300\" height=\"26\" srcset=\"https:\/\/soliton-gmbh.de\/wp-content\/uploads\/2024\/08\/LOGO-LP-NO-CLAIM-01-300x26.jpg 300w, https:\/\/soliton-gmbh.de\/wp-content\/uploads\/2024\/08\/LOGO-LP-NO-CLAIM-01-600x52.jpg 600w, https:\/\/soliton-gmbh.de\/wp-content\/uploads\/2024\/08\/LOGO-LP-NO-CLAIM-01-768x67.jpg 768w, https:\/\/soliton-gmbh.de\/wp-content\/uploads\/2024\/08\/LOGO-LP-NO-CLAIM-01-18x2.jpg 18w, https:\/\/soliton-gmbh.de\/wp-content\/uploads\/2024\/08\/LOGO-LP-NO-CLAIM-01.jpg 819w\" sizes=\"auto, (max-width: 300px) 100vw, 300px\" \/><\/a><\/p>\n<ul>\n<li>Thermal Sensors for Low Power Lasers<\/li>\n<li>Thermal Sensors for Medium Power Lasers<\/li>\n<li>Thermal Sensors for High Power Lasers<\/li>\n<li>Thermal Sensors for Pulsed Lasers<\/li>\n<li>Thermal Sensors for High Energy Density Lasers<\/li>\n<\/ul>","protected":false},"featured_media":8124,"template":"","meta":{"_acf_changed":false,"_uag_custom_page_level_css":"","site-sidebar-layout":"default","site-content-layout":"","ast-site-content-layout":"default","site-content-style":"default","site-sidebar-style":"default","ast-global-header-display":"","ast-banner-title-visibility":"","ast-main-header-display":"","ast-hfb-above-header-display":"","ast-hfb-below-header-display":"","ast-hfb-mobile-header-display":"","site-post-title":"","ast-breadcrumbs-content":"","ast-featured-img":"","footer-sml-layout":"","ast-disable-related-posts":"","theme-transparent-header-meta":"default","adv-header-id-meta":"","stick-header-meta":"default","header-above-stick-meta":"","header-main-stick-meta":"","header-below-stick-meta":"","astra-migrate-meta-layouts":"set","ast-page-background-enabled":"default","ast-page-background-meta":{"desktop":{"background-color":"","background-image":"","background-repeat":"repeat","background-position":"center center","background-size":"auto","background-attachment":"scroll","background-type":"","background-media":"","overlay-type":"","overlay-color":"","overlay-opacity":"","overlay-gradient":""},"tablet":{"background-color":"","background-image":"","background-repeat":"repeat","background-position":"center center","background-size":"auto","background-attachment":"scroll","background-type":"","background-media":"","overlay-type":"","overlay-color":"","overlay-opacity":"","overlay-gradient":""},"mobile":{"background-color":"","background-image":"","background-repeat":"repeat","background-position":"center center","background-size":"auto","background-attachment":"scroll","background-type":"","background-media":"","overlay-type":"","overlay-color":"","overlay-opacity":"","overlay-gradient":""}},"ast-content-background-meta":{"desktop":{"background-color":"var(--ast-global-color-5)","background-image":"","background-repeat":"repeat","background-position":"center center","background-size":"auto","background-attachment":"scroll","background-type":"","background-media":"","overlay-type":"","overlay-color":"","overlay-opacity":"","overlay-gradient":""},"tablet":{"background-color":"var(--ast-global-color-5)","background-image":"","background-repeat":"repeat","background-position":"center center","background-size":"auto","background-attachment":"scroll","background-type":"","background-media":"","overlay-type":"","overlay-color":"","overlay-opacity":"","overlay-gradient":""},"mobile":{"background-color":"var(--ast-global-color-5)","background-image":"","background-repeat":"repeat","background-position":"center center","background-size":"auto","background-attachment":"scroll","background-type":"","background-media":"","overlay-type":"","overlay-color":"","overlay-opacity":"","overlay-gradient":""}}},"product_brand":[1613],"product_cat":[760],"product_tag":[761,749,613,747,774,755,746,765,750,771,770,384,608,763,753,612,769,611,607,735,752,757,609,766,772,614,768,762,773,764,767],"class_list":{"0":"post-8123","1":"product","2":"type-product","3":"status-publish","4":"has-post-thumbnail","6":"product_brand-laserpoint","7":"product_cat-power-meter","8":"product_tag-energiemessung","9":"product_tag-energiemessung-fuer-gepulste-laser","10":"product_tag-energy-meter","11":"product_tag-femtosekunden-lasermessgeraete","12":"product_tag-hochenergiedichte-laser","13":"product_tag-hochgeschwindigkeits-laserdetektoren","14":"product_tag-hochpraezise-laserdetektion","15":"product_tag-industrielle-laseranwendungen","16":"product_tag-instabilitaetserkennung-bei-ultrakurzpulslasern","17":"product_tag-kuehlmethoden-fuer-sensoren","18":"product_tag-langzeit-laserleistungsmessung","19":"product_tag-laser","20":"product_tag-laser-power-meter","21":"product_tag-laser-detektorkoepfe","22":"product_tag-laser-pulsenergiemessung","23":"product_tag-laserenergie","24":"product_tag-laserenergieabsorption","25":"product_tag-laserleistung","26":"product_tag-laserleistungsmessgeraete","27":"product_tag-laserleistungsmessung","28":"product_tag-lasermessgeraete-mit-wasserkuehlung","29":"product_tag-lasermessloesungen-fuer-forschung-und-entwicklung","30":"product_tag-laserpoint","31":"product_tag-medizinische-lasertechnik","32":"product_tag-nist-und-ptb-rueckfuehrbarkeit","33":"product_tag-power-meter","34":"product_tag-thermoelement-arrays","35":"product_tag-thermosaeulen","36":"product_tag-usb-und-rs-232-anschluss","37":"product_tag-uv-bis-ferninfrarot","38":"product_tag-wissenschaftliche-forschungslaser","39":"desktop-align-left","40":"tablet-align-center","41":"mobile-align-center","42":"ast-product-gallery-layout-horizontal-slider","43":"ast-magnify-disabled","44":"ast-product-tabs-layout-horizontal","46":"first","47":"instock","48":"virtual","49":"sold-individually","50":"purchasable","51":"product-type-simple"},"acf":[],"yoast_head":"<!-- This site is optimized with the Yoast SEO Premium plugin v27.2 (Yoast SEO v27.6) - https:\/\/yoast.com\/product\/yoast-seo-premium-wordpress\/ -->\n<title>Thermische Sensoren - Soliton<\/title>\n<meta name=\"description\" content=\"Hochwertige thermische Sensoren von LaserPoint f\u00fcr pr\u00e4zise Laserleistungs- und Energiemessungen vom UV bis zum fernen Infrarot.\" \/>\n<meta name=\"robots\" content=\"index, follow, max-snippet:-1, max-image-preview:large, max-video-preview:-1\" \/>\n<link rel=\"canonical\" href=\"https:\/\/soliton-gmbh.de\/en\/product\/thermal-sensors\/\" \/>\n<meta property=\"og:locale\" content=\"en_US\" \/>\n<meta property=\"og:type\" content=\"article\" \/>\n<meta property=\"og:title\" content=\"Thermische Sensoren\" \/>\n<meta property=\"og:description\" content=\"Hochwertige thermische Sensoren von LaserPoint f\u00fcr pr\u00e4zise Laserleistungs- und Energiemessungen vom UV bis zum fernen Infrarot.\" \/>\n<meta property=\"og:url\" content=\"https:\/\/soliton-gmbh.de\/en\/product\/thermal-sensors\/\" \/>\n<meta property=\"og:site_name\" content=\"Soliton Laser- und Messtechnik GmbH\" \/>\n<meta property=\"article:modified_time\" content=\"2026-05-04T16:15:17+00:00\" \/>\n<meta property=\"og:image\" content=\"https:\/\/soliton-gmbh.de\/wp-content\/uploads\/2024\/10\/LP1.png\" \/>\n\t<meta property=\"og:image:width\" content=\"521\" \/>\n\t<meta property=\"og:image:height\" content=\"614\" \/>\n\t<meta property=\"og:image:type\" content=\"image\/png\" \/>\n<meta name=\"twitter:card\" content=\"summary_large_image\" \/>\n<meta name=\"twitter:label1\" content=\"Price\" \/>\n\t<meta name=\"twitter:data1\" content=\"&euro;0.00\" \/>\n\t<meta name=\"twitter:label2\" content=\"Availability\" \/>\n\t<meta name=\"twitter:data2\" content=\"In stock\" \/>\n<script type=\"application\/ld+json\" class=\"yoast-schema-graph\">{\"@context\":\"https:\\\/\\\/schema.org\",\"@graph\":[{\"@type\":\"WebPage\",\"@id\":\"https:\\\/\\\/soliton-gmbh.de\\\/produkt\\\/thermische-sensoren\\\/\",\"url\":\"https:\\\/\\\/soliton-gmbh.de\\\/produkt\\\/thermische-sensoren\\\/\",\"name\":\"Thermische Sensoren - Soliton\",\"isPartOf\":{\"@id\":\"https:\\\/\\\/soliton-gmbh.de\\\/#website\"},\"primaryImageOfPage\":{\"@id\":\"https:\\\/\\\/soliton-gmbh.de\\\/produkt\\\/thermische-sensoren\\\/#primaryimage\"},\"image\":{\"@id\":\"https:\\\/\\\/soliton-gmbh.de\\\/produkt\\\/thermische-sensoren\\\/#primaryimage\"},\"thumbnailUrl\":\"https:\\\/\\\/soliton-gmbh.de\\\/wp-content\\\/uploads\\\/2024\\\/10\\\/LP1.png\",\"datePublished\":\"2024-10-11T15:11:09+00:00\",\"dateModified\":\"2026-05-04T16:15:17+00:00\",\"description\":\"Hochwertige thermische Sensoren von LaserPoint f\u00fcr pr\u00e4zise Laserleistungs- und Energiemessungen vom UV bis zum fernen Infrarot.\",\"breadcrumb\":{\"@id\":\"https:\\\/\\\/soliton-gmbh.de\\\/produkt\\\/thermische-sensoren\\\/#breadcrumb\"},\"inLanguage\":\"en-US\",\"potentialAction\":[{\"@type\":\"ReadAction\",\"target\":[\"https:\\\/\\\/soliton-gmbh.de\\\/produkt\\\/thermische-sensoren\\\/\"]}]},{\"@type\":\"ImageObject\",\"inLanguage\":\"en-US\",\"@id\":\"https:\\\/\\\/soliton-gmbh.de\\\/produkt\\\/thermische-sensoren\\\/#primaryimage\",\"url\":\"https:\\\/\\\/soliton-gmbh.de\\\/wp-content\\\/uploads\\\/2024\\\/10\\\/LP1.png\",\"contentUrl\":\"https:\\\/\\\/soliton-gmbh.de\\\/wp-content\\\/uploads\\\/2024\\\/10\\\/LP1.png\",\"width\":521,\"height\":614,\"caption\":\"Thermische Sensoren von Laserpoint\"},{\"@type\":\"BreadcrumbList\",\"@id\":\"https:\\\/\\\/soliton-gmbh.de\\\/produkt\\\/thermische-sensoren\\\/#breadcrumb\",\"itemListElement\":[{\"@type\":\"ListItem\",\"position\":1,\"name\":\"Startseite\",\"item\":\"https:\\\/\\\/soliton-gmbh.de\\\/\"},{\"@type\":\"ListItem\",\"position\":2,\"name\":\"Produkte\",\"item\":\"https:\\\/\\\/soliton-gmbh.de\\\/produkte\\\/\"},{\"@type\":\"ListItem\",\"position\":3,\"name\":\"Thermische Sensoren\"}]},{\"@type\":\"WebSite\",\"@id\":\"https:\\\/\\\/soliton-gmbh.de\\\/#website\",\"url\":\"https:\\\/\\\/soliton-gmbh.de\\\/\",\"name\":\"Soliton Laser- und Messtechnik GmbH\",\"description\":\"\",\"publisher\":{\"@id\":\"https:\\\/\\\/soliton-gmbh.de\\\/#organization\"},\"potentialAction\":[{\"@type\":\"SearchAction\",\"target\":{\"@type\":\"EntryPoint\",\"urlTemplate\":\"https:\\\/\\\/soliton-gmbh.de\\\/?s={search_term_string}\"},\"query-input\":{\"@type\":\"PropertyValueSpecification\",\"valueRequired\":true,\"valueName\":\"search_term_string\"}}],\"inLanguage\":\"en-US\"},{\"@type\":\"Organization\",\"@id\":\"https:\\\/\\\/soliton-gmbh.de\\\/#organization\",\"name\":\"Soliton GmbH\",\"url\":\"https:\\\/\\\/soliton-gmbh.de\\\/\",\"logo\":{\"@type\":\"ImageObject\",\"inLanguage\":\"en-US\",\"@id\":\"https:\\\/\\\/soliton-gmbh.de\\\/#\\\/schema\\\/logo\\\/image\\\/\",\"url\":\"https:\\\/\\\/soliton-gmbh.de\\\/wp-content\\\/uploads\\\/2022\\\/08\\\/cropped-soliton-logo.png\",\"contentUrl\":\"https:\\\/\\\/soliton-gmbh.de\\\/wp-content\\\/uploads\\\/2022\\\/08\\\/cropped-soliton-logo.png\",\"width\":500,\"height\":350,\"caption\":\"Soliton GmbH\"},\"image\":{\"@id\":\"https:\\\/\\\/soliton-gmbh.de\\\/#\\\/schema\\\/logo\\\/image\\\/\"}}]}<\/script>\n<meta property=\"product:price:amount\" content=\"0.00\" \/>\n<meta property=\"product:price:currency\" content=\"EUR\" \/>\n<meta property=\"og:availability\" content=\"instock\" \/>\n<meta property=\"product:availability\" content=\"instock\" \/>\n<meta property=\"product:condition\" content=\"new\" \/>\n<!-- \/ Yoast SEO Premium plugin. -->","yoast_head_json":{"title":"Thermal sensors - Soliton","description":"High-quality thermal sensors from LaserPoint for precise laser power and energy measurements from the UV to the far infrared.","robots":{"index":"index","follow":"follow","max-snippet":"max-snippet:-1","max-image-preview":"max-image-preview:large","max-video-preview":"max-video-preview:-1"},"canonical":"https:\/\/soliton-gmbh.de\/en\/product\/thermal-sensors\/","og_locale":"en_US","og_type":"article","og_title":"Thermische Sensoren","og_description":"Hochwertige thermische Sensoren von LaserPoint f\u00fcr pr\u00e4zise Laserleistungs- und Energiemessungen vom UV bis zum fernen Infrarot.","og_url":"https:\/\/soliton-gmbh.de\/en\/product\/thermal-sensors\/","og_site_name":"Soliton Laser- und Messtechnik GmbH","article_modified_time":"2026-05-04T16:15:17+00:00","og_image":[{"width":521,"height":614,"url":"https:\/\/soliton-gmbh.de\/wp-content\/uploads\/2024\/10\/LP1.png","type":"image\/png"}],"twitter_card":"summary_large_image","twitter_misc":{"Price":"&euro;0.00","Availability":"In stock"},"schema":{"@context":"https:\/\/schema.org","@graph":[{"@type":"WebPage","@id":"https:\/\/soliton-gmbh.de\/produkt\/thermische-sensoren\/","url":"https:\/\/soliton-gmbh.de\/produkt\/thermische-sensoren\/","name":"Thermal sensors - Soliton","isPartOf":{"@id":"https:\/\/soliton-gmbh.de\/#website"},"primaryImageOfPage":{"@id":"https:\/\/soliton-gmbh.de\/produkt\/thermische-sensoren\/#primaryimage"},"image":{"@id":"https:\/\/soliton-gmbh.de\/produkt\/thermische-sensoren\/#primaryimage"},"thumbnailUrl":"https:\/\/soliton-gmbh.de\/wp-content\/uploads\/2024\/10\/LP1.png","datePublished":"2024-10-11T15:11:09+00:00","dateModified":"2026-05-04T16:15:17+00:00","description":"High-quality thermal sensors from LaserPoint for precise laser power and energy measurements from the UV to the far infrared.","breadcrumb":{"@id":"https:\/\/soliton-gmbh.de\/produkt\/thermische-sensoren\/#breadcrumb"},"inLanguage":"en-US","potentialAction":[{"@type":"ReadAction","target":["https:\/\/soliton-gmbh.de\/produkt\/thermische-sensoren\/"]}]},{"@type":"ImageObject","inLanguage":"en-US","@id":"https:\/\/soliton-gmbh.de\/produkt\/thermische-sensoren\/#primaryimage","url":"https:\/\/soliton-gmbh.de\/wp-content\/uploads\/2024\/10\/LP1.png","contentUrl":"https:\/\/soliton-gmbh.de\/wp-content\/uploads\/2024\/10\/LP1.png","width":521,"height":614,"caption":"Thermische Sensoren von Laserpoint"},{"@type":"BreadcrumbList","@id":"https:\/\/soliton-gmbh.de\/produkt\/thermische-sensoren\/#breadcrumb","itemListElement":[{"@type":"ListItem","position":1,"name":"Startseite","item":"https:\/\/soliton-gmbh.de\/"},{"@type":"ListItem","position":2,"name":"Produkte","item":"https:\/\/soliton-gmbh.de\/produkte\/"},{"@type":"ListItem","position":3,"name":"Thermische Sensoren"}]},{"@type":"WebSite","@id":"https:\/\/soliton-gmbh.de\/#website","url":"https:\/\/soliton-gmbh.de\/","name":"Soliton Laser- und Messtechnik GmbH","description":"","publisher":{"@id":"https:\/\/soliton-gmbh.de\/#organization"},"potentialAction":[{"@type":"SearchAction","target":{"@type":"EntryPoint","urlTemplate":"https:\/\/soliton-gmbh.de\/?s={search_term_string}"},"query-input":{"@type":"PropertyValueSpecification","valueRequired":true,"valueName":"search_term_string"}}],"inLanguage":"en-US"},{"@type":"Organization","@id":"https:\/\/soliton-gmbh.de\/#organization","name":"Soliton GmbH","url":"https:\/\/soliton-gmbh.de\/","logo":{"@type":"ImageObject","inLanguage":"en-US","@id":"https:\/\/soliton-gmbh.de\/#\/schema\/logo\/image\/","url":"https:\/\/soliton-gmbh.de\/wp-content\/uploads\/2022\/08\/cropped-soliton-logo.png","contentUrl":"https:\/\/soliton-gmbh.de\/wp-content\/uploads\/2022\/08\/cropped-soliton-logo.png","width":500,"height":350,"caption":"Soliton GmbH"},"image":{"@id":"https:\/\/soliton-gmbh.de\/#\/schema\/logo\/image\/"}}]},"product_price_amount":"0.00","product_price_currency":"EUR","og_availability":"instock","product_availability":"instock","product_condition":"new"},"uagb_featured_image_src":{"full":["https:\/\/soliton-gmbh.de\/wp-content\/uploads\/2024\/10\/LP1.png",521,614,false],"thumbnail":["https:\/\/soliton-gmbh.de\/wp-content\/uploads\/2024\/10\/LP1-150x150.png",150,150,true],"medium":["https:\/\/soliton-gmbh.de\/wp-content\/uploads\/2024\/10\/LP1-255x300.png",255,300,true],"medium_large":["https:\/\/soliton-gmbh.de\/wp-content\/uploads\/2024\/10\/LP1.png",521,614,false],"large":["https:\/\/soliton-gmbh.de\/wp-content\/uploads\/2024\/10\/LP1.png",521,614,false],"1536x1536":["https:\/\/soliton-gmbh.de\/wp-content\/uploads\/2024\/10\/LP1.png",521,614,false],"2048x2048":["https:\/\/soliton-gmbh.de\/wp-content\/uploads\/2024\/10\/LP1.png",521,614,false],"trp-custom-language-flag":["https:\/\/soliton-gmbh.de\/wp-content\/uploads\/2024\/10\/LP1-10x12.png",10,12,true],"woocommerce_thumbnail":["https:\/\/soliton-gmbh.de\/wp-content\/uploads\/2024\/10\/LP1.png",521,614,false],"woocommerce_single":["https:\/\/soliton-gmbh.de\/wp-content\/uploads\/2024\/10\/LP1.png",521,614,false],"woocommerce_gallery_thumbnail":["https:\/\/soliton-gmbh.de\/wp-content\/uploads\/2024\/10\/LP1-300x300.png",300,300,true]},"uagb_author_info":{"display_name":"Daniel","author_link":"https:\/\/soliton-gmbh.de\/en\/author\/"},"uagb_comment_info":0,"uagb_excerpt":"Thermische Sensoren f\u00fcr Laser mit geringer Leistung Thermische Sensoren f\u00fcr Laser mit mittlerer Leistung Thermische Sensoren f\u00fcr Laser mit hoher Leistung Thermische Sensoren f\u00fcr gepulste Laser Thermische Sensoren f\u00fcr Laser mit hoher Energiedichte","_links":{"self":[{"href":"https:\/\/soliton-gmbh.de\/en\/wp-json\/wp\/v2\/product\/8123","targetHints":{"allow":["GET"]}}],"collection":[{"href":"https:\/\/soliton-gmbh.de\/en\/wp-json\/wp\/v2\/product"}],"about":[{"href":"https:\/\/soliton-gmbh.de\/en\/wp-json\/wp\/v2\/types\/product"}],"wp:featuredmedia":[{"embeddable":true,"href":"https:\/\/soliton-gmbh.de\/en\/wp-json\/wp\/v2\/media\/8124"}],"wp:attachment":[{"href":"https:\/\/soliton-gmbh.de\/en\/wp-json\/wp\/v2\/media?parent=8123"}],"wp:term":[{"taxonomy":"product_brand","embeddable":true,"href":"https:\/\/soliton-gmbh.de\/en\/wp-json\/wp\/v2\/product_brand?post=8123"},{"taxonomy":"product_cat","embeddable":true,"href":"https:\/\/soliton-gmbh.de\/en\/wp-json\/wp\/v2\/product_cat?post=8123"},{"taxonomy":"product_tag","embeddable":true,"href":"https:\/\/soliton-gmbh.de\/en\/wp-json\/wp\/v2\/product_tag?post=8123"}],"curies":[{"name":"wp","href":"https:\/\/api.w.org\/{rel}","templated":true}]}}