{"id":7885,"date":"2024-08-28T15:38:52","date_gmt":"2024-08-28T13:38:52","guid":{"rendered":"https:\/\/soliton-gmbh.de\/?post_type=product&#038;p=7885"},"modified":"2025-03-19T15:37:34","modified_gmt":"2025-03-19T14:37:34","slug":"twyman-green-interferometer-with-lwir-wavelength","status":"publish","type":"product","link":"https:\/\/soliton-gmbh.de\/en\/produkt\/twyman-green-interferometer-mit-lwir-wellenlaenge\/","title":{"rendered":"Twyman-Green Interferometer \u2013 LWIR"},"content":{"rendered":"<p>The Twyman-Green interferometer with LWIR wavelength of <strong>4D Technology<\/strong> is a high-precision optical measuring instrument that is widely used in both science and industry. It measures wavefronts and analyzes optical components to detect even the smallest deviations in the optics. The interferometer thus guarantees consistently high quality.<\/p>\n<p>This makes it an indispensable tool for the optics industry and scientific applications. It delivers outstanding results, especially in combination with LWIR wavelengths (long-wave infrared).<\/p>\n<p>The PhaseCam impresses with its high-resolution sensor and user-friendly control, combined with comprehensive analysis software. Thanks to the patented \u201cDynamic Interferometry\u00ae\u201d technology from <strong>4D Technology<\/strong> The high-speed optical phase sensor enables wavefront measurements in less than 30 microseconds. This speed allows the interferometer to be used under almost all conditions without the need for vibration isolation.<\/p>\n<p>The integrated software &quot;4Sight Focus&quot; facilitates operation and offers a comprehensive solution for measuring telescope optics, large mirrors and optical systems. Particularly noteworthy is the availability of interferometers with LWIR wavelength, which are ideal for special applications in the long-wave infrared range.<\/p>\n<h3>Application areas and wavelength options of the interferometer<\/h3>\n<p>The interferometer is ideal for measuring large focal optics and optical systems, such as concave telescope mirrors and lens systems. It is also ideal for testing afocal components with a small aperture, such as flat mirrors and collimators. It can also be used to adjust elements such as scanning mirrors. Special, adapted systems are available for measurements in clean room conditions.<\/p>\n<p>As standard, the laser interferometer offers wavelengths of 532 nm and 632.8 nm for the visible range and 1064 nm and 1550 nm for the shortwave infrared range. Options are also available for special applications in the MWIR or even in the longwave infrared range (LWIR) up to 10.6 \u00b5m.<\/p>","protected":false},"excerpt":{"rendered":"<p><a href=\"https:\/\/soliton-gmbh.de\/wp-content\/uploads\/2024\/08\/4dtechnology-Logo.png\"><img loading=\"lazy\" decoding=\"async\" class=\"alignnone wp-image-7929\" src=\"https:\/\/soliton-gmbh.de\/wp-content\/uploads\/2024\/08\/4dtechnology-Logo-300x79.png\" alt=\"Twyman-Green-Interferometer von 4D Technology\" width=\"152\" height=\"40\" srcset=\"https:\/\/soliton-gmbh.de\/wp-content\/uploads\/2024\/08\/4dtechnology-Logo-300x79.png 300w, https:\/\/soliton-gmbh.de\/wp-content\/uploads\/2024\/08\/4dtechnology-Logo-600x157.png 600w, https:\/\/soliton-gmbh.de\/wp-content\/uploads\/2024\/08\/4dtechnology-Logo-1024x268.png 1024w, https:\/\/soliton-gmbh.de\/wp-content\/uploads\/2024\/08\/4dtechnology-Logo-768x201.png 768w, https:\/\/soliton-gmbh.de\/wp-content\/uploads\/2024\/08\/4dtechnology-Logo-18x5.png 18w, https:\/\/soliton-gmbh.de\/wp-content\/uploads\/2024\/08\/4dtechnology-Logo.png 1114w\" sizes=\"auto, (max-width: 152px) 100vw, 152px\" \/><\/a><\/p>\n<ul>\n<li><span data-contrast=\"auto\">Wellenl\u00e4nge: 10,6\u00b5m<\/span><span data-ccp-props=\"{&quot;134233117&quot;:true,&quot;134233118&quot;:true,&quot;201341983&quot;:0,&quot;335559739&quot;:160,&quot;335559740&quot;:240}\">\u00a0<\/span><\/li>\n<li data-leveltext=\"\uf0b7\" data-font=\"Symbol\" data-listid=\"1\" data-list-defn-props=\"{&quot;335552541&quot;:1,&quot;335559685&quot;:720,&quot;335559991&quot;:360,&quot;469769226&quot;:&quot;Symbol&quot;,&quot;469769242&quot;:[8226],&quot;469777803&quot;:&quot;left&quot;,&quot;469777804&quot;:&quot;\uf0b7&quot;,&quot;469777815&quot;:&quot;multilevel&quot;}\" aria-setsize=\"-1\" data-aria-posinset=\"1\" data-aria-level=\"1\"><span data-contrast=\"auto\">F\u00fcr Teleskopoptiken, gro\u00dfe Spiegel und optische Systeme (auch in Echtzeit)<\/span><span data-ccp-props=\"{&quot;134233117&quot;:true,&quot;134233118&quot;:true,&quot;201341983&quot;:0,&quot;335559739&quot;:160,&quot;335559740&quot;:240}\">\u00a0<\/span><\/li>\n<li data-leveltext=\"\uf0b7\" data-font=\"Symbol\" data-listid=\"1\" data-list-defn-props=\"{&quot;335552541&quot;:1,&quot;335559685&quot;:720,&quot;335559991&quot;:360,&quot;469769226&quot;:&quot;Symbol&quot;,&quot;469769242&quot;:[8226],&quot;469777803&quot;:&quot;left&quot;,&quot;469777804&quot;:&quot;\uf0b7&quot;,&quot;469777815&quot;:&quot;multilevel&quot;}\" aria-setsize=\"-1\" data-aria-posinset=\"1\" data-aria-level=\"1\"><span data-contrast=\"auto\">Vibrationsunabh\u00e4ngiges dynamisches Interferometer<\/span><span data-ccp-props=\"{&quot;134233117&quot;:true,&quot;134233118&quot;:true,&quot;201341983&quot;:0,&quot;335559739&quot;:160,&quot;335559740&quot;:240}\">\u00a0<\/span><\/li>\n<li data-leveltext=\"\uf0b7\" data-font=\"Symbol\" data-listid=\"1\" data-list-defn-props=\"{&quot;335552541&quot;:1,&quot;335559685&quot;:720,&quot;335559991&quot;:360,&quot;469769226&quot;:&quot;Symbol&quot;,&quot;469769242&quot;:[8226],&quot;469777803&quot;:&quot;left&quot;,&quot;469777804&quot;:&quot;\uf0b7&quot;,&quot;469777815&quot;:&quot;multilevel&quot;}\" aria-setsize=\"-1\" data-aria-posinset=\"1\" data-aria-level=\"1\"><span data-contrast=\"auto\">Kleine kompakte Bauweisen\u00a0<\/span><span data-ccp-props=\"{&quot;134233117&quot;:true,&quot;134233118&quot;:true,&quot;201341983&quot;:0,&quot;335559739&quot;:160,&quot;335559740&quot;:240}\">\u00a0<\/span><\/li>\n<li data-leveltext=\"\uf0b7\" data-font=\"Symbol\" data-listid=\"1\" data-list-defn-props=\"{&quot;335552541&quot;:1,&quot;335559685&quot;:720,&quot;335559991&quot;:360,&quot;469769226&quot;:&quot;Symbol&quot;,&quot;469769242&quot;:[8226],&quot;469777803&quot;:&quot;left&quot;,&quot;469777804&quot;:&quot;\uf0b7&quot;,&quot;469777815&quot;:&quot;multilevel&quot;}\" aria-setsize=\"-1\" data-aria-posinset=\"1\" data-aria-level=\"1\"><span data-contrast=\"auto\">F\u00fcr h\u00f6chste Wiederholgenauigkeit und Pr\u00e4zision<\/span><span data-ccp-props=\"{&quot;134233117&quot;:true,&quot;134233118&quot;:true,&quot;201341983&quot;:0,&quot;335559739&quot;:160,&quot;335559740&quot;:240}\">\u00a0<\/span><\/li>\n<li data-leveltext=\"\uf0b7\" data-font=\"Symbol\" data-listid=\"1\" data-list-defn-props=\"{&quot;335552541&quot;:1,&quot;335559685&quot;:720,&quot;335559991&quot;:360,&quot;469769226&quot;:&quot;Symbol&quot;,&quot;469769242&quot;:[8226],&quot;469777803&quot;:&quot;left&quot;,&quot;469777804&quot;:&quot;\uf0b7&quot;,&quot;469777815&quot;:&quot;multilevel&quot;}\" aria-setsize=\"-1\" data-aria-posinset=\"1\" data-aria-level=\"1\"><span data-contrast=\"auto\">Messungen unter 30\u00b5sek<\/span><\/li>\n<\/ul>\n<p>Ansprechpartner: Hr. Michael Zerbin<\/p>\n","protected":false},"featured_media":9410,"template":"","meta":{"_acf_changed":false,"_uag_custom_page_level_css":"","site-sidebar-layout":"default","site-content-layout":"","ast-site-content-layout":"default","site-content-style":"default","site-sidebar-style":"default","ast-global-header-display":"","ast-banner-title-visibility":"","ast-main-header-display":"","ast-hfb-above-header-display":"","ast-hfb-below-header-display":"","ast-hfb-mobile-header-display":"","site-post-title":"","ast-breadcrumbs-content":"","ast-featured-img":"","footer-sml-layout":"","ast-disable-related-posts":"","theme-transparent-header-meta":"default","adv-header-id-meta":"","stick-header-meta":"default","header-above-stick-meta":"","header-main-stick-meta":"","header-below-stick-meta":"","astra-migrate-meta-layouts":"set","ast-page-background-enabled":"default","ast-page-background-meta":{"desktop":{"background-color":"","background-image":"","background-repeat":"repeat","background-position":"center center","background-size":"auto","background-attachment":"scroll","background-type":"","background-media":"","overlay-type":"","overlay-color":"","overlay-opacity":"","overlay-gradient":""},"tablet":{"background-color":"","background-image":"","background-repeat":"repeat","background-position":"center center","background-size":"auto","background-attachment":"scroll","background-type":"","background-media":"","overlay-type":"","overlay-color":"","overlay-opacity":"","overlay-gradient":""},"mobile":{"background-color":"","background-image":"","background-repeat":"repeat","background-position":"center center","background-size":"auto","background-attachment":"scroll","background-type":"","background-media":"","overlay-type":"","overlay-color":"","overlay-opacity":"","overlay-gradient":""}},"ast-content-background-meta":{"desktop":{"background-color":"var(--ast-global-color-5)","background-image":"","background-repeat":"repeat","background-position":"center center","background-size":"auto","background-attachment":"scroll","background-type":"","background-media":"","overlay-type":"","overlay-color":"","overlay-opacity":"","overlay-gradient":""},"tablet":{"background-color":"var(--ast-global-color-5)","background-image":"","background-repeat":"repeat","background-position":"center center","background-size":"auto","background-attachment":"scroll","background-type":"","background-media":"","overlay-type":"","overlay-color":"","overlay-opacity":"","overlay-gradient":""},"mobile":{"background-color":"var(--ast-global-color-5)","background-image":"","background-repeat":"repeat","background-position":"center center","background-size":"auto","background-attachment":"scroll","background-type":"","background-media":"","overlay-type":"","overlay-color":"","overlay-opacity":"","overlay-gradient":""}}},"product_brand":[],"product_cat":[685],"product_tag":[716,731,733,730,732,698,699,724,728,723,689,715,725,727,710,711,713,712,714,703,720,734,691,702,705,686,721,717,704,444,706,701,729,687,726,696,697,700,695,718,722,707,708,709,376,719,693,688,690,692,694],"class_list":{"0":"post-7885","1":"product","2":"type-product","3":"status-publish","4":"has-post-thumbnail","6":"product_cat-interferometer-fuer-konkave-optiken-und-teleskopspiegel","7":"product_tag-phase-shifting-interferometer","8":"product_tag-12-zoll","9":"product_tag-24-zoll","10":"product_tag-300-mm-apertur","11":"product_tag-600-mm-apertur","12":"product_tag-ae100","13":"product_tag-ae150","14":"product_tag-adaptive-optik","15":"product_tag-apertur","16":"product_tag-cryovac-und-thermische-tests","17":"product_tag-dynafiz","18":"product_tag-dynamic-fizeau-interferometer","19":"product_tag-einsatz-im-reinraum-reinraumversion","20":"product_tag-electronic-speckle-pattern-interferometry","21":"product_tag-f-nummer","22":"product_tag-f-1","23":"product_tag-f-16","24":"product_tag-f-32","25":"product_tag-f-8","26":"product_tag-fizeau-interferometer","27":"product_tag-grosse-primaerspiegel","28":"product_tag-hene-laser","29":"product_tag-infrarot-interferometer","30":"product_tag-interferogramm","31":"product_tag-interferometer","32":"product_tag-interferometer-mit-lwir-wellenlaenge","33":"product_tag-konkave-sekundaerspiegel","34":"product_tag-konkave-spiegel","35":"product_tag-laser-interferometer","36":"product_tag-optiken","37":"product_tag-optiken-messen","38":"product_tag-phasenschiebeverfahren","39":"product_tag-pvr","40":"product_tag-qualifire","41":"product_tag-qualitaetskontrolle-in-der-produktion","42":"product_tag-s100","43":"product_tag-s150","44":"product_tag-s300","45":"product_tag-s50","46":"product_tag-schnelle-ausrichtung-komplexer-optischer-systeme","47":"product_tag-segmentierte-spiegel","48":"product_tag-spiegel","49":"product_tag-teleskope","50":"product_tag-teleskopsiegel","51":"product_tag-twyman-green-interferometer","52":"product_tag-uebertragungsfehler-der-wellenfront-bei-fokalen-systemen-twe","53":"product_tag-verifire-asphere","54":"product_tag-verifire","55":"product_tag-verifire-hd-hdx","56":"product_tag-verifire-mst","57":"product_tag-verifire-xl","58":"desktop-align-left","59":"tablet-align-center","60":"mobile-align-center","61":"ast-product-gallery-layout-horizontal-slider","62":"ast-magnify-disabled","63":"ast-product-tabs-layout-horizontal","65":"first","66":"instock","67":"virtual","68":"sold-individually","69":"purchasable","70":"product-type-simple"},"acf":[],"yoast_head":"<!-- This site is optimized with the Yoast SEO Premium plugin v27.2 (Yoast SEO v27.4) - https:\/\/yoast.com\/product\/yoast-seo-premium-wordpress\/ -->\n<title>Twyman-Green Interferometer - LWIR - Soliton<\/title>\n<meta name=\"description\" content=\"Entdecken Sie das hochpr\u00e4zise Interferometer mit LWIR Wellenl\u00e4nge von 4D Technology, ideal f\u00fcr die Messung von Wellenfronten und optischen Komponenten in Wissenschaft und Industrie. Perfekt f\u00fcr Anwendungen im langwelligen Infrarotbereich\" \/>\n<meta name=\"robots\" content=\"index, follow, max-snippet:-1, max-image-preview:large, max-video-preview:-1\" \/>\n<link rel=\"canonical\" href=\"https:\/\/soliton-gmbh.de\/en\/product\/twyman-green-interferometer-with-lwir-wavelength\/\" \/>\n<meta property=\"og:locale\" content=\"en_US\" \/>\n<meta property=\"og:type\" content=\"article\" \/>\n<meta property=\"og:title\" content=\"Twyman-Green Interferometer - LWIR\" \/>\n<meta property=\"og:description\" content=\"Entdecken Sie das hochpr\u00e4zise Interferometer mit LWIR Wellenl\u00e4nge von 4D Technology, ideal f\u00fcr die Messung von Wellenfronten und optischen Komponenten in Wissenschaft und Industrie. Perfekt f\u00fcr Anwendungen im langwelligen Infrarotbereich\" \/>\n<meta property=\"og:url\" content=\"https:\/\/soliton-gmbh.de\/en\/product\/twyman-green-interferometer-with-lwir-wavelength\/\" \/>\n<meta property=\"og:site_name\" content=\"Soliton Laser- und Messtechnik GmbH\" \/>\n<meta property=\"article:modified_time\" content=\"2025-03-19T14:37:34+00:00\" \/>\n<meta property=\"og:image\" content=\"https:\/\/soliton-gmbh.de\/wp-content\/uploads\/2024\/08\/4D8.jpg\" \/>\n\t<meta property=\"og:image:width\" content=\"1500\" \/>\n\t<meta property=\"og:image:height\" content=\"1500\" \/>\n\t<meta property=\"og:image:type\" content=\"image\/jpeg\" \/>\n<meta name=\"twitter:card\" content=\"summary_large_image\" \/>\n<meta name=\"twitter:label1\" content=\"Price\" \/>\n\t<meta name=\"twitter:data1\" content=\"&euro;0.00\" \/>\n\t<meta name=\"twitter:label2\" content=\"Availability\" \/>\n\t<meta name=\"twitter:data2\" content=\"In stock\" \/>\n<script type=\"application\/ld+json\" class=\"yoast-schema-graph\">{\"@context\":\"https:\\\/\\\/schema.org\",\"@graph\":[{\"@type\":\"WebPage\",\"@id\":\"https:\\\/\\\/soliton-gmbh.de\\\/produkt\\\/twyman-green-interferometer-mit-lwir-wellenlaenge\\\/\",\"url\":\"https:\\\/\\\/soliton-gmbh.de\\\/produkt\\\/twyman-green-interferometer-mit-lwir-wellenlaenge\\\/\",\"name\":\"Twyman-Green Interferometer - LWIR - Soliton\",\"isPartOf\":{\"@id\":\"https:\\\/\\\/soliton-gmbh.de\\\/#website\"},\"primaryImageOfPage\":{\"@id\":\"https:\\\/\\\/soliton-gmbh.de\\\/produkt\\\/twyman-green-interferometer-mit-lwir-wellenlaenge\\\/#primaryimage\"},\"image\":{\"@id\":\"https:\\\/\\\/soliton-gmbh.de\\\/produkt\\\/twyman-green-interferometer-mit-lwir-wellenlaenge\\\/#primaryimage\"},\"thumbnailUrl\":\"https:\\\/\\\/soliton-gmbh.de\\\/wp-content\\\/uploads\\\/2024\\\/08\\\/4D8.jpg\",\"datePublished\":\"2024-08-28T13:38:52+00:00\",\"dateModified\":\"2025-03-19T14:37:34+00:00\",\"description\":\"Entdecken Sie das hochpr\u00e4zise Interferometer mit LWIR Wellenl\u00e4nge von 4D Technology, ideal f\u00fcr die Messung von Wellenfronten und optischen Komponenten in Wissenschaft und Industrie. Perfekt f\u00fcr Anwendungen im langwelligen Infrarotbereich\",\"breadcrumb\":{\"@id\":\"https:\\\/\\\/soliton-gmbh.de\\\/produkt\\\/twyman-green-interferometer-mit-lwir-wellenlaenge\\\/#breadcrumb\"},\"inLanguage\":\"en-US\",\"potentialAction\":[{\"@type\":\"ReadAction\",\"target\":[\"https:\\\/\\\/soliton-gmbh.de\\\/produkt\\\/twyman-green-interferometer-mit-lwir-wellenlaenge\\\/\"]}]},{\"@type\":\"ImageObject\",\"inLanguage\":\"en-US\",\"@id\":\"https:\\\/\\\/soliton-gmbh.de\\\/produkt\\\/twyman-green-interferometer-mit-lwir-wellenlaenge\\\/#primaryimage\",\"url\":\"https:\\\/\\\/soliton-gmbh.de\\\/wp-content\\\/uploads\\\/2024\\\/08\\\/4D8.jpg\",\"contentUrl\":\"https:\\\/\\\/soliton-gmbh.de\\\/wp-content\\\/uploads\\\/2024\\\/08\\\/4D8.jpg\",\"width\":1500,\"height\":1500,\"caption\":\"Interferometer mit LWIR Wellenl\u00e4nge\"},{\"@type\":\"BreadcrumbList\",\"@id\":\"https:\\\/\\\/soliton-gmbh.de\\\/produkt\\\/twyman-green-interferometer-mit-lwir-wellenlaenge\\\/#breadcrumb\",\"itemListElement\":[{\"@type\":\"ListItem\",\"position\":1,\"name\":\"Startseite\",\"item\":\"https:\\\/\\\/soliton-gmbh.de\\\/\"},{\"@type\":\"ListItem\",\"position\":2,\"name\":\"Produkte\",\"item\":\"https:\\\/\\\/soliton-gmbh.de\\\/produkte\\\/\"},{\"@type\":\"ListItem\",\"position\":3,\"name\":\"Twyman-Green Interferometer &#8211; LWIR\"}]},{\"@type\":\"WebSite\",\"@id\":\"https:\\\/\\\/soliton-gmbh.de\\\/#website\",\"url\":\"https:\\\/\\\/soliton-gmbh.de\\\/\",\"name\":\"Soliton Laser- und Messtechnik GmbH\",\"description\":\"\",\"publisher\":{\"@id\":\"https:\\\/\\\/soliton-gmbh.de\\\/#organization\"},\"potentialAction\":[{\"@type\":\"SearchAction\",\"target\":{\"@type\":\"EntryPoint\",\"urlTemplate\":\"https:\\\/\\\/soliton-gmbh.de\\\/?s={search_term_string}\"},\"query-input\":{\"@type\":\"PropertyValueSpecification\",\"valueRequired\":true,\"valueName\":\"search_term_string\"}}],\"inLanguage\":\"en-US\"},{\"@type\":\"Organization\",\"@id\":\"https:\\\/\\\/soliton-gmbh.de\\\/#organization\",\"name\":\"Soliton GmbH\",\"url\":\"https:\\\/\\\/soliton-gmbh.de\\\/\",\"logo\":{\"@type\":\"ImageObject\",\"inLanguage\":\"en-US\",\"@id\":\"https:\\\/\\\/soliton-gmbh.de\\\/#\\\/schema\\\/logo\\\/image\\\/\",\"url\":\"https:\\\/\\\/soliton-gmbh.de\\\/wp-content\\\/uploads\\\/2022\\\/08\\\/cropped-soliton-logo.png\",\"contentUrl\":\"https:\\\/\\\/soliton-gmbh.de\\\/wp-content\\\/uploads\\\/2022\\\/08\\\/cropped-soliton-logo.png\",\"width\":500,\"height\":350,\"caption\":\"Soliton GmbH\"},\"image\":{\"@id\":\"https:\\\/\\\/soliton-gmbh.de\\\/#\\\/schema\\\/logo\\\/image\\\/\"}}]}<\/script>\n<meta property=\"product:price:amount\" content=\"0.00\" \/>\n<meta property=\"product:price:currency\" content=\"EUR\" \/>\n<meta property=\"og:availability\" content=\"instock\" \/>\n<meta property=\"product:availability\" content=\"instock\" \/>\n<meta property=\"product:condition\" content=\"new\" \/>\n<!-- \/ Yoast SEO Premium plugin. -->","yoast_head_json":{"title":"Twyman-Green Interferometer - LWIR - Soliton","description":"Discover the high-precision LWIR wavelength interferometer from 4D Technology, ideal for measuring wavefronts and optical components in science and industry. Perfect for applications in the long-wave infrared range","robots":{"index":"index","follow":"follow","max-snippet":"max-snippet:-1","max-image-preview":"max-image-preview:large","max-video-preview":"max-video-preview:-1"},"canonical":"https:\/\/soliton-gmbh.de\/en\/product\/twyman-green-interferometer-with-lwir-wavelength\/","og_locale":"en_US","og_type":"article","og_title":"Twyman-Green Interferometer - LWIR","og_description":"Entdecken Sie das hochpr\u00e4zise Interferometer mit LWIR Wellenl\u00e4nge von 4D Technology, ideal f\u00fcr die Messung von Wellenfronten und optischen Komponenten in Wissenschaft und Industrie. Perfekt f\u00fcr Anwendungen im langwelligen Infrarotbereich","og_url":"https:\/\/soliton-gmbh.de\/en\/product\/twyman-green-interferometer-with-lwir-wavelength\/","og_site_name":"Soliton Laser- und Messtechnik GmbH","article_modified_time":"2025-03-19T14:37:34+00:00","og_image":[{"width":1500,"height":1500,"url":"https:\/\/soliton-gmbh.de\/wp-content\/uploads\/2024\/08\/4D8.jpg","type":"image\/jpeg"}],"twitter_card":"summary_large_image","twitter_misc":{"Price":"&euro;0.00","Availability":"In stock"},"schema":{"@context":"https:\/\/schema.org","@graph":[{"@type":"WebPage","@id":"https:\/\/soliton-gmbh.de\/produkt\/twyman-green-interferometer-mit-lwir-wellenlaenge\/","url":"https:\/\/soliton-gmbh.de\/produkt\/twyman-green-interferometer-mit-lwir-wellenlaenge\/","name":"Twyman-Green Interferometer - LWIR - Soliton","isPartOf":{"@id":"https:\/\/soliton-gmbh.de\/#website"},"primaryImageOfPage":{"@id":"https:\/\/soliton-gmbh.de\/produkt\/twyman-green-interferometer-mit-lwir-wellenlaenge\/#primaryimage"},"image":{"@id":"https:\/\/soliton-gmbh.de\/produkt\/twyman-green-interferometer-mit-lwir-wellenlaenge\/#primaryimage"},"thumbnailUrl":"https:\/\/soliton-gmbh.de\/wp-content\/uploads\/2024\/08\/4D8.jpg","datePublished":"2024-08-28T13:38:52+00:00","dateModified":"2025-03-19T14:37:34+00:00","description":"Discover the high-precision LWIR wavelength interferometer from 4D Technology, ideal for measuring wavefronts and optical components in science and industry. Perfect for applications in the long-wave infrared range","breadcrumb":{"@id":"https:\/\/soliton-gmbh.de\/produkt\/twyman-green-interferometer-mit-lwir-wellenlaenge\/#breadcrumb"},"inLanguage":"en-US","potentialAction":[{"@type":"ReadAction","target":["https:\/\/soliton-gmbh.de\/produkt\/twyman-green-interferometer-mit-lwir-wellenlaenge\/"]}]},{"@type":"ImageObject","inLanguage":"en-US","@id":"https:\/\/soliton-gmbh.de\/produkt\/twyman-green-interferometer-mit-lwir-wellenlaenge\/#primaryimage","url":"https:\/\/soliton-gmbh.de\/wp-content\/uploads\/2024\/08\/4D8.jpg","contentUrl":"https:\/\/soliton-gmbh.de\/wp-content\/uploads\/2024\/08\/4D8.jpg","width":1500,"height":1500,"caption":"Interferometer mit LWIR Wellenl\u00e4nge"},{"@type":"BreadcrumbList","@id":"https:\/\/soliton-gmbh.de\/produkt\/twyman-green-interferometer-mit-lwir-wellenlaenge\/#breadcrumb","itemListElement":[{"@type":"ListItem","position":1,"name":"Startseite","item":"https:\/\/soliton-gmbh.de\/"},{"@type":"ListItem","position":2,"name":"Produkte","item":"https:\/\/soliton-gmbh.de\/produkte\/"},{"@type":"ListItem","position":3,"name":"Twyman-Green Interferometer &#8211; LWIR"}]},{"@type":"WebSite","@id":"https:\/\/soliton-gmbh.de\/#website","url":"https:\/\/soliton-gmbh.de\/","name":"Soliton Laser- und Messtechnik GmbH","description":"","publisher":{"@id":"https:\/\/soliton-gmbh.de\/#organization"},"potentialAction":[{"@type":"SearchAction","target":{"@type":"EntryPoint","urlTemplate":"https:\/\/soliton-gmbh.de\/?s={search_term_string}"},"query-input":{"@type":"PropertyValueSpecification","valueRequired":true,"valueName":"search_term_string"}}],"inLanguage":"en-US"},{"@type":"Organization","@id":"https:\/\/soliton-gmbh.de\/#organization","name":"Soliton GmbH","url":"https:\/\/soliton-gmbh.de\/","logo":{"@type":"ImageObject","inLanguage":"en-US","@id":"https:\/\/soliton-gmbh.de\/#\/schema\/logo\/image\/","url":"https:\/\/soliton-gmbh.de\/wp-content\/uploads\/2022\/08\/cropped-soliton-logo.png","contentUrl":"https:\/\/soliton-gmbh.de\/wp-content\/uploads\/2022\/08\/cropped-soliton-logo.png","width":500,"height":350,"caption":"Soliton GmbH"},"image":{"@id":"https:\/\/soliton-gmbh.de\/#\/schema\/logo\/image\/"}}]},"product_price_amount":"0.00","product_price_currency":"EUR","og_availability":"instock","product_availability":"instock","product_condition":"new"},"uagb_featured_image_src":{"full":["https:\/\/soliton-gmbh.de\/wp-content\/uploads\/2024\/08\/4D8.jpg",1500,1500,false],"thumbnail":["https:\/\/soliton-gmbh.de\/wp-content\/uploads\/2024\/08\/4D8-150x150.jpg",150,150,true],"medium":["https:\/\/soliton-gmbh.de\/wp-content\/uploads\/2024\/08\/4D8-300x300.jpg",300,300,true],"medium_large":["https:\/\/soliton-gmbh.de\/wp-content\/uploads\/2024\/08\/4D8-768x768.jpg",768,768,true],"large":["https:\/\/soliton-gmbh.de\/wp-content\/uploads\/2024\/08\/4D8-1024x1024.jpg",1024,1024,true],"1536x1536":["https:\/\/soliton-gmbh.de\/wp-content\/uploads\/2024\/08\/4D8.jpg",1500,1500,false],"2048x2048":["https:\/\/soliton-gmbh.de\/wp-content\/uploads\/2024\/08\/4D8.jpg",1500,1500,false],"trp-custom-language-flag":["https:\/\/soliton-gmbh.de\/wp-content\/uploads\/2024\/08\/4D8-12x12.jpg",12,12,true],"woocommerce_thumbnail":["https:\/\/soliton-gmbh.de\/wp-content\/uploads\/2024\/08\/4D8-600x600.jpg",600,600,true],"woocommerce_single":["https:\/\/soliton-gmbh.de\/wp-content\/uploads\/2024\/08\/4D8-1200x1200.jpg",1200,1200,true],"woocommerce_gallery_thumbnail":["https:\/\/soliton-gmbh.de\/wp-content\/uploads\/2024\/08\/4D8-300x300.jpg",300,300,true]},"uagb_author_info":{"display_name":"Jonas Vogler","author_link":"https:\/\/soliton-gmbh.de\/en\/author\/"},"uagb_comment_info":0,"uagb_excerpt":"Wellenl\u00e4nge: 10,6\u00b5m\u00a0 F\u00fcr Teleskopoptiken, gro\u00dfe Spiegel und optische Systeme (auch in Echtzeit)\u00a0 Vibrationsunabh\u00e4ngiges dynamisches Interferometer\u00a0 Kleine kompakte Bauweisen\u00a0\u00a0 F\u00fcr h\u00f6chste Wiederholgenauigkeit und Pr\u00e4zision\u00a0 Messungen unter 30\u00b5sek Ansprechpartner: Hr. Michael Zerbin","_links":{"self":[{"href":"https:\/\/soliton-gmbh.de\/en\/wp-json\/wp\/v2\/product\/7885","targetHints":{"allow":["GET"]}}],"collection":[{"href":"https:\/\/soliton-gmbh.de\/en\/wp-json\/wp\/v2\/product"}],"about":[{"href":"https:\/\/soliton-gmbh.de\/en\/wp-json\/wp\/v2\/types\/product"}],"wp:featuredmedia":[{"embeddable":true,"href":"https:\/\/soliton-gmbh.de\/en\/wp-json\/wp\/v2\/media\/9410"}],"wp:attachment":[{"href":"https:\/\/soliton-gmbh.de\/en\/wp-json\/wp\/v2\/media?parent=7885"}],"wp:term":[{"taxonomy":"product_brand","embeddable":true,"href":"https:\/\/soliton-gmbh.de\/en\/wp-json\/wp\/v2\/product_brand?post=7885"},{"taxonomy":"product_cat","embeddable":true,"href":"https:\/\/soliton-gmbh.de\/en\/wp-json\/wp\/v2\/product_cat?post=7885"},{"taxonomy":"product_tag","embeddable":true,"href":"https:\/\/soliton-gmbh.de\/en\/wp-json\/wp\/v2\/product_tag?post=7885"}],"curies":[{"name":"wp","href":"https:\/\/api.w.org\/{rel}","templated":true}]}}