{"id":7847,"date":"2024-08-12T10:50:38","date_gmt":"2024-08-12T08:50:38","guid":{"rendered":"https:\/\/soliton-gmbh.de\/?post_type=product&#038;p=7847"},"modified":"2025-02-05T16:39:28","modified_gmt":"2025-02-05T15:39:28","slug":"roundness-tester-for-small-and-large-diameters","status":"publish","type":"product","link":"https:\/\/soliton-gmbh.de\/en\/produkt\/rundheitstester-fuer-kleine-und-grosse-durchmesser\/","title":{"rendered":"Roundness tester for small and large diameters"},"content":{"rendered":"<p>The <strong>Roundness tester for small and large diameters<\/strong> from <strong>SM Instruments<\/strong> are market-established and highly specialized measuring instruments due to the company&#039;s long tradition. They are used in the manufacturing industry, primarily to check the roundness of cylindrical components. Roundness is a crucial measure of quality and functionality, particularly in the areas of mechanical engineering, the automotive industry and aerospace. As a result, even the smallest deviations can lead to significant problems.<\/p>\n<p>The component to be measured is placed on a rotating platform and rotated. A tactile sensor records the deviations from the ideal roundness. The in-house software &quot;Circom&quot; then analyses and evaluates this data. This software impresses with its simple and intuitive design. Both the roundness and over thirteen other parameters can be recorded and evaluated, and the measurements can also be carried out automatically. Thanks to special FFT analyses, sinusoidal components within the measured values can also be evaluated, which is particularly important in the field of rolling bearing production.<\/p>\n<p>In addition to small stand systems with a table diameter of 160 mm, large systems with up to 650 mm are also available. In addition, intermediate sizes are also available, so that the right <strong>Roundness tester for small and large diameters<\/strong> can be offered.<\/p>","protected":false},"excerpt":{"rendered":"<p><a href=\"https:\/\/soliton-gmbh.de\/wp-content\/uploads\/2024\/08\/Logo_SM.jpg\"><img loading=\"lazy\" decoding=\"async\" class=\"alignnone wp-image-9082\" src=\"https:\/\/soliton-gmbh.de\/wp-content\/uploads\/2024\/08\/Logo_SM-300x135.jpg\" alt=\"\" width=\"151\" height=\"68\" srcset=\"https:\/\/soliton-gmbh.de\/wp-content\/uploads\/2024\/08\/Logo_SM-300x135.jpg 300w, https:\/\/soliton-gmbh.de\/wp-content\/uploads\/2024\/08\/Logo_SM-1024x461.jpg 1024w, https:\/\/soliton-gmbh.de\/wp-content\/uploads\/2024\/08\/Logo_SM-768x346.jpg 768w, https:\/\/soliton-gmbh.de\/wp-content\/uploads\/2024\/08\/Logo_SM-1536x691.jpg 1536w, https:\/\/soliton-gmbh.de\/wp-content\/uploads\/2024\/08\/Logo_SM-18x8.jpg 18w, https:\/\/soliton-gmbh.de\/wp-content\/uploads\/2024\/08\/Logo_SM-600x270.jpg 600w, https:\/\/soliton-gmbh.de\/wp-content\/uploads\/2024\/08\/Logo_SM-1200x540.jpg 1200w, https:\/\/soliton-gmbh.de\/wp-content\/uploads\/2024\/08\/Logo_SM.jpg 1598w\" sizes=\"auto, (max-width: 151px) 100vw, 151px\" \/><\/a><\/p>\n<ul>\n<li>Roundness tester for cylindrical geometries with the highest demands<\/li>\n<li>Large construction methods<\/li>\n<li>Very high accuracies<\/li>\n<li>Max. load capacity 1500kg<\/li>\n<li>Max. measurable diameter (depending on measuring device) 300mm \u2013 1300mm<\/li>\n<li>Meets all common standards (ISO, DIN)<\/li>\n<\/ul>\n<p>Contact person: Mr. Michael Zerbin<\/p>","protected":false},"featured_media":9078,"template":"","meta":{"_acf_changed":false,"_uag_custom_page_level_css":"","site-sidebar-layout":"default","site-content-layout":"","ast-site-content-layout":"default","site-content-style":"default","site-sidebar-style":"default","ast-global-header-display":"","ast-banner-title-visibility":"","ast-main-header-display":"","ast-hfb-above-header-display":"","ast-hfb-below-header-display":"","ast-hfb-mobile-header-display":"","site-post-title":"","ast-breadcrumbs-content":"","ast-featured-img":"","footer-sml-layout":"","ast-disable-related-posts":"","theme-transparent-header-meta":"default","adv-header-id-meta":"","stick-header-meta":"default","header-above-stick-meta":"","header-main-stick-meta":"","header-below-stick-meta":"","astra-migrate-meta-layouts":"set","ast-page-background-enabled":"default","ast-page-background-meta":{"desktop":{"background-color":"","background-image":"","background-repeat":"repeat","background-position":"center center","background-size":"auto","background-attachment":"scroll","background-type":"","background-media":"","overlay-type":"","overlay-color":"","overlay-opacity":"","overlay-gradient":""},"tablet":{"background-color":"","background-image":"","background-repeat":"repeat","background-position":"center center","background-size":"auto","background-attachment":"scroll","background-type":"","background-media":"","overlay-type":"","overlay-color":"","overlay-opacity":"","overlay-gradient":""},"mobile":{"background-color":"","background-image":"","background-repeat":"repeat","background-position":"center center","background-size":"auto","background-attachment":"scroll","background-type":"","background-media":"","overlay-type":"","overlay-color":"","overlay-opacity":"","overlay-gradient":""}},"ast-content-background-meta":{"desktop":{"background-color":"var(--ast-global-color-5)","background-image":"","background-repeat":"repeat","background-position":"center center","background-size":"auto","background-attachment":"scroll","background-type":"","background-media":"","overlay-type":"","overlay-color":"","overlay-opacity":"","overlay-gradient":""},"tablet":{"background-color":"var(--ast-global-color-5)","background-image":"","background-repeat":"repeat","background-position":"center center","background-size":"auto","background-attachment":"scroll","background-type":"","background-media":"","overlay-type":"","overlay-color":"","overlay-opacity":"","overlay-gradient":""},"mobile":{"background-color":"var(--ast-global-color-5)","background-image":"","background-repeat":"repeat","background-position":"center center","background-size":"auto","background-attachment":"scroll","background-type":"","background-media":"","overlay-type":"","overlay-color":"","overlay-opacity":"","overlay-gradient":""}}},"product_brand":[],"product_cat":[380],"product_tag":[654,664,679,634,645,665,661,660,658,681,669,656,647,648,670,680,641,642,673,672,678,674,651,653,627,639,638,632,684,676,663,662,675,629,635,562,650,655,569,683,666,646,637,640,643,625,649,633,626,631,630,657,682,659,668,667,652,677,628,644,636,671],"class_list":{"0":"post-7847","1":"product","2":"type-product","3":"status-publish","4":"has-post-thumbnail","6":"product_cat-taktile_messtechnik","7":"product_tag-achsen-messen","8":"product_tag-angularity","9":"product_tag-auslaufen","10":"product_tag-automatisierte-rundheitsmessung","11":"product_tag-circom","12":"product_tag-coaxiality","13":"product_tag-concentricity","14":"product_tag-cone-shape","15":"product_tag-cylindricity","16":"product_tag-dickenvariation","17":"product_tag-ebenheit","18":"product_tag-flatness","19":"product_tag-form-messen","20":"product_tag-formmessgeraete","21":"product_tag-geradheit","22":"product_tag-gesamtauslauf","23":"product_tag-industrie-messgeraet","24":"product_tag-kalibriertes-rundheitsmessgeraet","25":"product_tag-kegelform","26":"product_tag-kegelig","27":"product_tag-koaxialitaet","28":"product_tag-konzentrizitaet","29":"product_tag-lagemessung","30":"product_tag-lager-messen","31":"product_tag-messgeraet-fuer-rundheit","32":"product_tag-messgeraet-fuer-zylindrische-bauteile","33":"product_tag-messsystem-fuer-rundheit","34":"product_tag-messtechnik-fuer-rundheit","35":"product_tag-mwa","36":"product_tag-orthogonalitaet","37":"product_tag-orthogonality","38":"product_tag-parallelism","39":"product_tag-parallelitaet","40":"product_tag-praezisionsmessgeraet-fuer-rundheit","41":"product_tag-praezisionsmessung","42":"product_tag-rondcom","43":"product_tag-rotationsgenauigkeit","44":"product_tag-roundness","45":"product_tag-roundtest","46":"product_tag-roundtracer","47":"product_tag-run-out","48":"product_tag-rundheit","49":"product_tag-rundheitsanalyse","50":"product_tag-rundheitsdetektor","51":"product_tag-rundheitskontrolle","52":"product_tag-rundheitsmessgeraet","53":"product_tag-rundheitsmessgeraete","54":"product_tag-rundheitsmesssystem","55":"product_tag-rundheitsmessung","56":"product_tag-rundheitspruefgeraet","57":"product_tag-rundheitspruefung","58":"product_tag-straightness","59":"product_tag-talyrond","60":"product_tag-taper","61":"product_tag-thickness-variation","62":"product_tag-total-run-out","63":"product_tag-welle-messen","64":"product_tag-winkel","65":"product_tag-zylindrische-bauteile-messung","66":"product_tag-zylindrische-formmessung","67":"product_tag-zylindrische-teile-pruefung","68":"product_tag-zylindrizitaet","69":"desktop-align-left","70":"tablet-align-center","71":"mobile-align-center","72":"ast-product-gallery-layout-horizontal-slider","73":"ast-magnify-disabled","74":"ast-product-tabs-layout-horizontal","76":"first","77":"instock","78":"virtual","79":"sold-individually","80":"purchasable","81":"product-type-simple"},"acf":[],"yoast_head":"<!-- This site is optimized with the Yoast SEO Premium plugin v27.2 (Yoast SEO v27.4) - https:\/\/yoast.com\/product\/yoast-seo-premium-wordpress\/ -->\n<title>Rundheitstester f\u00fcr kleine und gro\u00dfe Durchmesser - Soliton<\/title>\n<meta name=\"description\" content=\"Die Rundheitstester f\u00fcr kleine und gro\u00dfe Durchmesser werden eingesetzt, um vorzugsweise die Rundheit von zylindrischen Bauteilen zu \u00fcberpr\u00fcfen.\" \/>\n<meta name=\"robots\" content=\"index, follow, max-snippet:-1, max-image-preview:large, max-video-preview:-1\" \/>\n<link rel=\"canonical\" href=\"https:\/\/soliton-gmbh.de\/en\/product\/roundness-tester-for-small-and-large-diameters\/\" \/>\n<meta property=\"og:locale\" content=\"en_US\" \/>\n<meta property=\"og:type\" content=\"article\" \/>\n<meta property=\"og:title\" content=\"Rundheitstester f\u00fcr kleine und gro\u00dfe Durchmesser\" \/>\n<meta property=\"og:description\" content=\"Die Rundheitstester f\u00fcr kleine und gro\u00dfe Durchmesser werden eingesetzt, um vorzugsweise die Rundheit von zylindrischen Bauteilen zu \u00fcberpr\u00fcfen.\" \/>\n<meta property=\"og:url\" content=\"https:\/\/soliton-gmbh.de\/en\/product\/roundness-tester-for-small-and-large-diameters\/\" \/>\n<meta property=\"og:site_name\" content=\"Soliton Laser- und Messtechnik GmbH\" \/>\n<meta property=\"article:modified_time\" content=\"2025-02-05T15:39:28+00:00\" \/>\n<meta property=\"og:image\" content=\"https:\/\/soliton-gmbh.de\/wp-content\/uploads\/2024\/08\/R-100-1.jpg\" \/>\n\t<meta property=\"og:image:width\" content=\"1500\" \/>\n\t<meta property=\"og:image:height\" content=\"1612\" \/>\n\t<meta property=\"og:image:type\" content=\"image\/jpeg\" \/>\n<meta name=\"twitter:card\" content=\"summary_large_image\" \/>\n<meta name=\"twitter:label1\" content=\"Price\" \/>\n\t<meta name=\"twitter:data1\" content=\"&euro;0.00\" \/>\n\t<meta name=\"twitter:label2\" content=\"Availability\" \/>\n\t<meta name=\"twitter:data2\" content=\"In stock\" \/>\n<script type=\"application\/ld+json\" class=\"yoast-schema-graph\">{\"@context\":\"https:\\\/\\\/schema.org\",\"@graph\":[{\"@type\":\"WebPage\",\"@id\":\"https:\\\/\\\/soliton-gmbh.de\\\/produkt\\\/rundheitstester-fuer-kleine-und-grosse-durchmesser\\\/\",\"url\":\"https:\\\/\\\/soliton-gmbh.de\\\/produkt\\\/rundheitstester-fuer-kleine-und-grosse-durchmesser\\\/\",\"name\":\"Rundheitstester f\u00fcr kleine und gro\u00dfe Durchmesser - Soliton\",\"isPartOf\":{\"@id\":\"https:\\\/\\\/soliton-gmbh.de\\\/#website\"},\"primaryImageOfPage\":{\"@id\":\"https:\\\/\\\/soliton-gmbh.de\\\/produkt\\\/rundheitstester-fuer-kleine-und-grosse-durchmesser\\\/#primaryimage\"},\"image\":{\"@id\":\"https:\\\/\\\/soliton-gmbh.de\\\/produkt\\\/rundheitstester-fuer-kleine-und-grosse-durchmesser\\\/#primaryimage\"},\"thumbnailUrl\":\"https:\\\/\\\/soliton-gmbh.de\\\/wp-content\\\/uploads\\\/2024\\\/08\\\/R-100-1.jpg\",\"datePublished\":\"2024-08-12T08:50:38+00:00\",\"dateModified\":\"2025-02-05T15:39:28+00:00\",\"description\":\"Die Rundheitstester f\u00fcr kleine und gro\u00dfe Durchmesser werden eingesetzt, um vorzugsweise die Rundheit von zylindrischen Bauteilen zu \u00fcberpr\u00fcfen.\",\"breadcrumb\":{\"@id\":\"https:\\\/\\\/soliton-gmbh.de\\\/produkt\\\/rundheitstester-fuer-kleine-und-grosse-durchmesser\\\/#breadcrumb\"},\"inLanguage\":\"en-US\",\"potentialAction\":[{\"@type\":\"ReadAction\",\"target\":[\"https:\\\/\\\/soliton-gmbh.de\\\/produkt\\\/rundheitstester-fuer-kleine-und-grosse-durchmesser\\\/\"]}]},{\"@type\":\"ImageObject\",\"inLanguage\":\"en-US\",\"@id\":\"https:\\\/\\\/soliton-gmbh.de\\\/produkt\\\/rundheitstester-fuer-kleine-und-grosse-durchmesser\\\/#primaryimage\",\"url\":\"https:\\\/\\\/soliton-gmbh.de\\\/wp-content\\\/uploads\\\/2024\\\/08\\\/R-100-1.jpg\",\"contentUrl\":\"https:\\\/\\\/soliton-gmbh.de\\\/wp-content\\\/uploads\\\/2024\\\/08\\\/R-100-1.jpg\",\"width\":1500,\"height\":1612},{\"@type\":\"BreadcrumbList\",\"@id\":\"https:\\\/\\\/soliton-gmbh.de\\\/produkt\\\/rundheitstester-fuer-kleine-und-grosse-durchmesser\\\/#breadcrumb\",\"itemListElement\":[{\"@type\":\"ListItem\",\"position\":1,\"name\":\"Startseite\",\"item\":\"https:\\\/\\\/soliton-gmbh.de\\\/\"},{\"@type\":\"ListItem\",\"position\":2,\"name\":\"Produkte\",\"item\":\"https:\\\/\\\/soliton-gmbh.de\\\/produkte\\\/\"},{\"@type\":\"ListItem\",\"position\":3,\"name\":\"Rundheitstester f\u00fcr kleine und gro\u00dfe Durchmesser\"}]},{\"@type\":\"WebSite\",\"@id\":\"https:\\\/\\\/soliton-gmbh.de\\\/#website\",\"url\":\"https:\\\/\\\/soliton-gmbh.de\\\/\",\"name\":\"Soliton Laser- und Messtechnik GmbH\",\"description\":\"\",\"publisher\":{\"@id\":\"https:\\\/\\\/soliton-gmbh.de\\\/#organization\"},\"potentialAction\":[{\"@type\":\"SearchAction\",\"target\":{\"@type\":\"EntryPoint\",\"urlTemplate\":\"https:\\\/\\\/soliton-gmbh.de\\\/?s={search_term_string}\"},\"query-input\":{\"@type\":\"PropertyValueSpecification\",\"valueRequired\":true,\"valueName\":\"search_term_string\"}}],\"inLanguage\":\"en-US\"},{\"@type\":\"Organization\",\"@id\":\"https:\\\/\\\/soliton-gmbh.de\\\/#organization\",\"name\":\"Soliton GmbH\",\"url\":\"https:\\\/\\\/soliton-gmbh.de\\\/\",\"logo\":{\"@type\":\"ImageObject\",\"inLanguage\":\"en-US\",\"@id\":\"https:\\\/\\\/soliton-gmbh.de\\\/#\\\/schema\\\/logo\\\/image\\\/\",\"url\":\"https:\\\/\\\/soliton-gmbh.de\\\/wp-content\\\/uploads\\\/2022\\\/08\\\/cropped-soliton-logo.png\",\"contentUrl\":\"https:\\\/\\\/soliton-gmbh.de\\\/wp-content\\\/uploads\\\/2022\\\/08\\\/cropped-soliton-logo.png\",\"width\":500,\"height\":350,\"caption\":\"Soliton GmbH\"},\"image\":{\"@id\":\"https:\\\/\\\/soliton-gmbh.de\\\/#\\\/schema\\\/logo\\\/image\\\/\"}}]}<\/script>\n<meta property=\"product:price:amount\" content=\"0.00\" \/>\n<meta property=\"product:price:currency\" content=\"EUR\" \/>\n<meta property=\"og:availability\" content=\"instock\" \/>\n<meta property=\"product:availability\" content=\"instock\" \/>\n<meta property=\"product:condition\" content=\"new\" \/>\n<!-- \/ Yoast SEO Premium plugin. -->","yoast_head_json":{"title":"Roundness tester for small and large diameters - Soliton","description":"The roundness testers for small and large diameters are used primarily to check the roundness of cylindrical components.","robots":{"index":"index","follow":"follow","max-snippet":"max-snippet:-1","max-image-preview":"max-image-preview:large","max-video-preview":"max-video-preview:-1"},"canonical":"https:\/\/soliton-gmbh.de\/en\/product\/roundness-tester-for-small-and-large-diameters\/","og_locale":"en_US","og_type":"article","og_title":"Rundheitstester f\u00fcr kleine und gro\u00dfe Durchmesser","og_description":"Die Rundheitstester f\u00fcr kleine und gro\u00dfe Durchmesser werden eingesetzt, um vorzugsweise die Rundheit von zylindrischen Bauteilen zu \u00fcberpr\u00fcfen.","og_url":"https:\/\/soliton-gmbh.de\/en\/product\/roundness-tester-for-small-and-large-diameters\/","og_site_name":"Soliton Laser- und Messtechnik GmbH","article_modified_time":"2025-02-05T15:39:28+00:00","og_image":[{"width":1500,"height":1612,"url":"https:\/\/soliton-gmbh.de\/wp-content\/uploads\/2024\/08\/R-100-1.jpg","type":"image\/jpeg"}],"twitter_card":"summary_large_image","twitter_misc":{"Price":"&euro;0.00","Availability":"In stock"},"schema":{"@context":"https:\/\/schema.org","@graph":[{"@type":"WebPage","@id":"https:\/\/soliton-gmbh.de\/produkt\/rundheitstester-fuer-kleine-und-grosse-durchmesser\/","url":"https:\/\/soliton-gmbh.de\/produkt\/rundheitstester-fuer-kleine-und-grosse-durchmesser\/","name":"Roundness tester for small and large diameters - Soliton","isPartOf":{"@id":"https:\/\/soliton-gmbh.de\/#website"},"primaryImageOfPage":{"@id":"https:\/\/soliton-gmbh.de\/produkt\/rundheitstester-fuer-kleine-und-grosse-durchmesser\/#primaryimage"},"image":{"@id":"https:\/\/soliton-gmbh.de\/produkt\/rundheitstester-fuer-kleine-und-grosse-durchmesser\/#primaryimage"},"thumbnailUrl":"https:\/\/soliton-gmbh.de\/wp-content\/uploads\/2024\/08\/R-100-1.jpg","datePublished":"2024-08-12T08:50:38+00:00","dateModified":"2025-02-05T15:39:28+00:00","description":"The roundness testers for small and large diameters are used primarily to check the roundness of cylindrical components.","breadcrumb":{"@id":"https:\/\/soliton-gmbh.de\/produkt\/rundheitstester-fuer-kleine-und-grosse-durchmesser\/#breadcrumb"},"inLanguage":"en-US","potentialAction":[{"@type":"ReadAction","target":["https:\/\/soliton-gmbh.de\/produkt\/rundheitstester-fuer-kleine-und-grosse-durchmesser\/"]}]},{"@type":"ImageObject","inLanguage":"en-US","@id":"https:\/\/soliton-gmbh.de\/produkt\/rundheitstester-fuer-kleine-und-grosse-durchmesser\/#primaryimage","url":"https:\/\/soliton-gmbh.de\/wp-content\/uploads\/2024\/08\/R-100-1.jpg","contentUrl":"https:\/\/soliton-gmbh.de\/wp-content\/uploads\/2024\/08\/R-100-1.jpg","width":1500,"height":1612},{"@type":"BreadcrumbList","@id":"https:\/\/soliton-gmbh.de\/produkt\/rundheitstester-fuer-kleine-und-grosse-durchmesser\/#breadcrumb","itemListElement":[{"@type":"ListItem","position":1,"name":"Startseite","item":"https:\/\/soliton-gmbh.de\/"},{"@type":"ListItem","position":2,"name":"Produkte","item":"https:\/\/soliton-gmbh.de\/produkte\/"},{"@type":"ListItem","position":3,"name":"Rundheitstester f\u00fcr kleine und gro\u00dfe Durchmesser"}]},{"@type":"WebSite","@id":"https:\/\/soliton-gmbh.de\/#website","url":"https:\/\/soliton-gmbh.de\/","name":"Soliton Laser- und Messtechnik GmbH","description":"","publisher":{"@id":"https:\/\/soliton-gmbh.de\/#organization"},"potentialAction":[{"@type":"SearchAction","target":{"@type":"EntryPoint","urlTemplate":"https:\/\/soliton-gmbh.de\/?s={search_term_string}"},"query-input":{"@type":"PropertyValueSpecification","valueRequired":true,"valueName":"search_term_string"}}],"inLanguage":"en-US"},{"@type":"Organization","@id":"https:\/\/soliton-gmbh.de\/#organization","name":"Soliton GmbH","url":"https:\/\/soliton-gmbh.de\/","logo":{"@type":"ImageObject","inLanguage":"en-US","@id":"https:\/\/soliton-gmbh.de\/#\/schema\/logo\/image\/","url":"https:\/\/soliton-gmbh.de\/wp-content\/uploads\/2022\/08\/cropped-soliton-logo.png","contentUrl":"https:\/\/soliton-gmbh.de\/wp-content\/uploads\/2022\/08\/cropped-soliton-logo.png","width":500,"height":350,"caption":"Soliton GmbH"},"image":{"@id":"https:\/\/soliton-gmbh.de\/#\/schema\/logo\/image\/"}}]},"product_price_amount":"0.00","product_price_currency":"EUR","og_availability":"instock","product_availability":"instock","product_condition":"new"},"uagb_featured_image_src":{"full":["https:\/\/soliton-gmbh.de\/wp-content\/uploads\/2024\/08\/R-100-1.jpg",1500,1612,false],"thumbnail":["https:\/\/soliton-gmbh.de\/wp-content\/uploads\/2024\/08\/R-100-1-150x150.jpg",150,150,true],"medium":["https:\/\/soliton-gmbh.de\/wp-content\/uploads\/2024\/08\/R-100-1-279x300.jpg",279,300,true],"medium_large":["https:\/\/soliton-gmbh.de\/wp-content\/uploads\/2024\/08\/R-100-1-768x825.jpg",768,825,true],"large":["https:\/\/soliton-gmbh.de\/wp-content\/uploads\/2024\/08\/R-100-1-953x1024.jpg",953,1024,true],"1536x1536":["https:\/\/soliton-gmbh.de\/wp-content\/uploads\/2024\/08\/R-100-1-1429x1536.jpg",1429,1536,true],"2048x2048":["https:\/\/soliton-gmbh.de\/wp-content\/uploads\/2024\/08\/R-100-1.jpg",1500,1612,false],"trp-custom-language-flag":["https:\/\/soliton-gmbh.de\/wp-content\/uploads\/2024\/08\/R-100-1-11x12.jpg",11,12,true],"woocommerce_thumbnail":["https:\/\/soliton-gmbh.de\/wp-content\/uploads\/2024\/08\/R-100-1-600x645.jpg",600,645,true],"woocommerce_single":["https:\/\/soliton-gmbh.de\/wp-content\/uploads\/2024\/08\/R-100-1-1200x1290.jpg",1200,1290,true],"woocommerce_gallery_thumbnail":["https:\/\/soliton-gmbh.de\/wp-content\/uploads\/2024\/08\/R-100-1-300x300.jpg",300,300,true]},"uagb_author_info":{"display_name":"Jonas Vogler","author_link":"https:\/\/soliton-gmbh.de\/en\/author\/"},"uagb_comment_info":0,"uagb_excerpt":"Rundheitstester f\u00fcr zylindrische Geometrien mit h\u00f6chsten Anspr\u00fcchen Gro\u00dfe Bauweisen Sehr hohe Genauigkeiten Max. Tragf\u00e4higkeit 1500kg Max. messbare Durchmesser (Messger\u00e4teabh\u00e4ngig) 300mm \u2013 1300mm Erf\u00fcllt alle g\u00e4ngigen Normen (ISO, DIN) Ansprechpartner: Hr. Michael Zerbin","_links":{"self":[{"href":"https:\/\/soliton-gmbh.de\/en\/wp-json\/wp\/v2\/product\/7847","targetHints":{"allow":["GET"]}}],"collection":[{"href":"https:\/\/soliton-gmbh.de\/en\/wp-json\/wp\/v2\/product"}],"about":[{"href":"https:\/\/soliton-gmbh.de\/en\/wp-json\/wp\/v2\/types\/product"}],"wp:featuredmedia":[{"embeddable":true,"href":"https:\/\/soliton-gmbh.de\/en\/wp-json\/wp\/v2\/media\/9078"}],"wp:attachment":[{"href":"https:\/\/soliton-gmbh.de\/en\/wp-json\/wp\/v2\/media?parent=7847"}],"wp:term":[{"taxonomy":"product_brand","embeddable":true,"href":"https:\/\/soliton-gmbh.de\/en\/wp-json\/wp\/v2\/product_brand?post=7847"},{"taxonomy":"product_cat","embeddable":true,"href":"https:\/\/soliton-gmbh.de\/en\/wp-json\/wp\/v2\/product_cat?post=7847"},{"taxonomy":"product_tag","embeddable":true,"href":"https:\/\/soliton-gmbh.de\/en\/wp-json\/wp\/v2\/product_tag?post=7847"}],"curies":[{"name":"wp","href":"https:\/\/api.w.org\/{rel}","templated":true}]}}