{"id":7830,"date":"2024-08-12T10:10:42","date_gmt":"2024-08-12T08:10:42","guid":{"rendered":"https:\/\/soliton-gmbh.de\/?post_type=product&#038;p=7830"},"modified":"2026-04-16T00:17:16","modified_gmt":"2026-04-15T22:17:16","slug":"larger-measuring-device-for-determining-contours","status":"publish","type":"product","link":"https:\/\/soliton-gmbh.de\/en\/produkt\/groesseres-messgeraet-zur-bestimmung-von-konturen\/","title":{"rendered":"Measuring device for determining contours"},"content":{"rendered":"<h1 style=\"font-size: 30px;\" data-start=\"220\" data-end=\"301\">Vielseitiges Messger\u00e4t zur Bestimmung von Konturen f\u00fcr Forschung und Industrie<\/h1>\n<p data-start=\"303\" data-end=\"497\"><span class=\"relative -mx-px my-[-0.2rem] rounded px-px py-[0.2rem] transition-colors duration-100 ease-in-out\">Das <strong data-start=\"4\" data-end=\"45\">Messger\u00e4t zur Bestimmung von Konturen<\/strong> PGS200 von SM Instruments erm\u00f6glicht die pr\u00e4zise Erfassung von 2D-Profilen und Konturen auf eine \u00e4u\u00dferst einfache und intuitive Weise.<\/span> <span class=\"relative -mx-px my-[-0.2rem] rounded px-px py-[0.2rem] transition-colors duration-100 ease-in-out\">Im Vergleich zur kleineren Version PGS100 ist die S\u00e4ule per Software auch in Z-Achse ansteuerbar.<\/span> <span class=\"relative -mx-px my-[-0.2rem] rounded px-px py-[0.2rem] transition-colors duration-100 ease-in-out\">Au\u00dferdem kann die komplette S\u00e4uleneinheit verfahren werden oder die Tasteinheit schwenkbar ausgef\u00fchrt sein.<\/span> <span class=\"relative -mx-px my-[-0.2rem] rounded px-px py-[0.2rem] transition-colors duration-100 ease-in-out\">Dadurch sind umfangreiche Messungen durch die gro\u00dfe Varianz an Messtastern und Messarmen m\u00f6glich.<\/span><\/p>\n<h2 data-start=\"499\" data-end=\"564\">Technische Merkmale<\/h2>\n<p data-start=\"566\" data-end=\"764\"><span class=\"relative -mx-px my-[-0.2rem] rounded px-px py-[0.2rem] transition-colors duration-100 ease-in-out\">Das <strong data-start=\"4\" data-end=\"45\">Messger\u00e4t zur Bestimmung von Konturen<\/strong> verf\u00fcgt \u00fcber einen nutzbaren Messbereich von 220 mm L\u00e4nge und 50 mm H\u00f6he, was eine sehr gute Zug\u00e4nglichkeit gew\u00e4hrleistet.<\/span> <span class=\"relative -mx-px my-[-0.2rem] rounded px-px py-[0.2rem] transition-colors duration-100 ease-in-out\">Die Bedienung der Software des Profilometers ist nicht nur sehr einfach, sondern auch intuitiv.<\/span> <span class=\"relative -mx-px my-[-0.2rem] rounded px-px py-[0.2rem] transition-colors duration-100 ease-in-out\">Das Softwareprogramm Profile Studio ist mit allen notwendigen CAD-Funktionen ausgestattet, die f\u00fcr die Bema\u00dfung im Messbericht und f\u00fcr die zuverl\u00e4ssige Kontrolle Ihrer Teile erforderlich sind.<\/span> <span class=\"relative -mx-px my-[-0.2rem] rounded px-px py-[0.2rem] transition-colors duration-100 ease-in-out\">Zus\u00e4tzlich lassen sich Programme zur Automatisierung, die beispielsweise bei Serienmessungen zum Einsatz kommen, leicht und schnell erstellen.<\/span><\/p>\n<p data-start=\"766\" data-end=\"924\"><span class=\"relative -mx-px my-[-0.2rem] rounded px-px py-[0.2rem] transition-colors duration-100 ease-in-out\">Standardm\u00e4\u00dfig ist das Messger\u00e4t mit einem Arbeitstisch mit \u201eT\u201c-Nut und einem 32-mm-Messtaster ausgestattet.<\/span> <span class=\"relative -mx-px my-[-0.2rem] rounded px-px py-[0.2rem] transition-colors duration-100 ease-in-out\">Passende Zubeh\u00f6rteile, wie der Positionierer mit 3 oder 4 Freiheitsgraden und der Pr\u00e4zisionsschraubstock f\u00fcr die Teilefixierung, k\u00f6nnen erg\u00e4nzt werden.<\/span> <span class=\"relative -mx-px my-[-0.2rem] rounded px-px py-[0.2rem] transition-colors duration-100 ease-in-out\">Die Kalibrierung des Ger\u00e4ts erfolgt softwaregesteuert anhand eines Kalibriernormales nach den g\u00e4ngigen industriellen Normen (DIN EN ISO\/IEC 17025).<\/span><\/p>\n<h2 data-start=\"926\" data-end=\"990\">Anwendungsbereiche des Messger\u00e4ts zur Bestimmung von Konturen<\/h2>\n<p data-start=\"992\" data-end=\"1150\"><span class=\"relative -mx-px my-[-0.2rem] rounded px-px py-[0.2rem] transition-colors duration-100 ease-in-out\">Das <strong data-start=\"4\" data-end=\"45\">Messger\u00e4t zur Bestimmung von Konturen<\/strong> findet Anwendung in der Qualit\u00e4tskontrolle im Maschinenbau und der Metallverarbeitung.<\/span> <span class=\"relative -mx-px my-[-0.2rem] rounded px-px py-[0.2rem] transition-colors duration-100 ease-in-out\">Es ist einsatzf\u00e4hig f\u00fcr nahezu alle festen Werkstoffe, bei denen Konturen und Profile gemessen werden m\u00fcssen.<\/span> <span class=\"relative -mx-px my-[-0.2rem] rounded px-px py-[0.2rem] transition-colors duration-100 ease-in-out\">Typische Anwendungen umfassen die Erfassung von Defekten an Oberfl\u00e4chen, die Messung von Winkeln und Rundungen von Fl\u00e4chen, die Analyse von Gewindeprofilen, die Bestimmung von Kantenverl\u00e4ufen mit zugeh\u00f6rigem Winkel sowie die Messung der L\u00e4nge von Nuten oder Gewinden.<\/span><\/p>\n","protected":false},"excerpt":{"rendered":"<p><a href=\"https:\/\/soliton-gmbh.de\/wp-content\/uploads\/2024\/08\/Logo_SM.jpg\"><img loading=\"lazy\" decoding=\"async\" class=\"alignnone wp-image-9082\" src=\"https:\/\/soliton-gmbh.de\/wp-content\/uploads\/2024\/08\/Logo_SM-300x135.jpg\" alt=\"\" width=\"151\" height=\"68\" srcset=\"https:\/\/soliton-gmbh.de\/wp-content\/uploads\/2024\/08\/Logo_SM-300x135.jpg 300w, https:\/\/soliton-gmbh.de\/wp-content\/uploads\/2024\/08\/Logo_SM-1024x461.jpg 1024w, https:\/\/soliton-gmbh.de\/wp-content\/uploads\/2024\/08\/Logo_SM-768x346.jpg 768w, https:\/\/soliton-gmbh.de\/wp-content\/uploads\/2024\/08\/Logo_SM-1536x691.jpg 1536w, https:\/\/soliton-gmbh.de\/wp-content\/uploads\/2024\/08\/Logo_SM-18x8.jpg 18w, https:\/\/soliton-gmbh.de\/wp-content\/uploads\/2024\/08\/Logo_SM-600x270.jpg 600w, https:\/\/soliton-gmbh.de\/wp-content\/uploads\/2024\/08\/Logo_SM-1200x540.jpg 1200w, https:\/\/soliton-gmbh.de\/wp-content\/uploads\/2024\/08\/Logo_SM.jpg 1598w\" sizes=\"auto, (max-width: 151px) 100vw, 151px\" \/><\/a><\/p>\n<ul>\n<li>Contour measuring device for profiles and shapes<\/li>\n<li>Resolution 0.1\u00b5m<\/li>\n<li>Measuring range:\n<ul>\n<li>220mm horizontal (distance in X-direction)<\/li>\n<li>50mm vertical (distance in Y direction)<\/li>\n<li>320mm Standard (up to 700mm) Travel (in Y direction)<\/li>\n<\/ul>\n<\/li>\n<li>Meets all common standards (ISO, DIN)<\/li>\n<li>Reports ready-made or freely designed<\/li>\n<\/ul>","protected":false},"featured_media":9092,"template":"","meta":{"_acf_changed":false,"_uag_custom_page_level_css":"","site-sidebar-layout":"default","site-content-layout":"","ast-site-content-layout":"default","site-content-style":"default","site-sidebar-style":"default","ast-global-header-display":"","ast-banner-title-visibility":"","ast-main-header-display":"","ast-hfb-above-header-display":"","ast-hfb-below-header-display":"","ast-hfb-mobile-header-display":"","site-post-title":"","ast-breadcrumbs-content":"","ast-featured-img":"","footer-sml-layout":"","ast-disable-related-posts":"","theme-transparent-header-meta":"default","adv-header-id-meta":"","stick-header-meta":"default","header-above-stick-meta":"","header-main-stick-meta":"","header-below-stick-meta":"","astra-migrate-meta-layouts":"set","ast-page-background-enabled":"default","ast-page-background-meta":{"desktop":{"background-color":"","background-image":"","background-repeat":"repeat","background-position":"center center","background-size":"auto","background-attachment":"scroll","background-type":"","background-media":"","overlay-type":"","overlay-color":"","overlay-opacity":"","overlay-gradient":""},"tablet":{"background-color":"","background-image":"","background-repeat":"repeat","background-position":"center center","background-size":"auto","background-attachment":"scroll","background-type":"","background-media":"","overlay-type":"","overlay-color":"","overlay-opacity":"","overlay-gradient":""},"mobile":{"background-color":"","background-image":"","background-repeat":"repeat","background-position":"center center","background-size":"auto","background-attachment":"scroll","background-type":"","background-media":"","overlay-type":"","overlay-color":"","overlay-opacity":"","overlay-gradient":""}},"ast-content-background-meta":{"desktop":{"background-color":"var(--ast-global-color-5)","background-image":"","background-repeat":"repeat","background-position":"center center","background-size":"auto","background-attachment":"scroll","background-type":"","background-media":"","overlay-type":"","overlay-color":"","overlay-opacity":"","overlay-gradient":""},"tablet":{"background-color":"var(--ast-global-color-5)","background-image":"","background-repeat":"repeat","background-position":"center center","background-size":"auto","background-attachment":"scroll","background-type":"","background-media":"","overlay-type":"","overlay-color":"","overlay-opacity":"","overlay-gradient":""},"mobile":{"background-color":"var(--ast-global-color-5)","background-image":"","background-repeat":"repeat","background-position":"center center","background-size":"auto","background-attachment":"scroll","background-type":"","background-media":"","overlay-type":"","overlay-color":"","overlay-opacity":"","overlay-gradient":""}}},"product_brand":[1635],"product_cat":[380],"product_tag":[617,622,621,620,520,618,616,624,387,623,619],"class_list":{"0":"post-7830","1":"product","2":"type-product","3":"status-publish","4":"has-post-thumbnail","6":"product_brand-sm-metrology","7":"product_cat-taktile_messtechnik","8":"product_tag-2d-profile","9":"product_tag-automatisierung","10":"product_tag-cad-funktionen","11":"product_tag-groesseres-messgeraet-zur-bestimmung-von-konturen","12":"product_tag-konturen","13":"product_tag-messtaster","14":"product_tag-pgs200-konturmessgeraet","15":"product_tag-praezisionsschraubstock","16":"product_tag-profilometer","17":"product_tag-serienmessungen","18":"product_tag-sm-instruments","19":"desktop-align-left","20":"tablet-align-center","21":"mobile-align-center","22":"ast-product-gallery-layout-horizontal-slider","23":"ast-magnify-disabled","24":"ast-product-tabs-layout-horizontal","26":"first","27":"instock","28":"virtual","29":"sold-individually","30":"purchasable","31":"product-type-simple"},"acf":[],"yoast_head":"<!-- This site is optimized with the Yoast SEO Premium plugin v27.2 (Yoast SEO v27.4) - https:\/\/yoast.com\/product\/yoast-seo-premium-wordpress\/ -->\n<title>Messger\u00e4t zur Bestimmung von Konturen - Soliton<\/title>\n<meta name=\"description\" content=\"Das Messger\u00e4t zur Bestimmung von Konturen PGS200 von SM Instruments erfasst 2D-Profile und Konturen auf eine \u00e4u\u00dferst einfache und intuitive Weise.\" \/>\n<meta name=\"robots\" content=\"index, follow, max-snippet:-1, max-image-preview:large, max-video-preview:-1\" \/>\n<link rel=\"canonical\" href=\"https:\/\/soliton-gmbh.de\/en\/product\/larger-measuring-device-for-determining-contours\/\" \/>\n<meta property=\"og:locale\" content=\"en_US\" \/>\n<meta property=\"og:type\" content=\"article\" \/>\n<meta property=\"og:title\" content=\"Messger\u00e4t zur Bestimmung von Konturen\" \/>\n<meta property=\"og:description\" content=\"Das Messger\u00e4t zur Bestimmung von Konturen PGS200 von SM Instruments erfasst 2D-Profile und Konturen auf eine \u00e4u\u00dferst einfache und intuitive Weise.\" \/>\n<meta property=\"og:url\" content=\"https:\/\/soliton-gmbh.de\/en\/product\/larger-measuring-device-for-determining-contours\/\" \/>\n<meta property=\"og:site_name\" content=\"Soliton Laser- und Messtechnik GmbH\" \/>\n<meta property=\"article:modified_time\" content=\"2026-04-15T22:17:16+00:00\" \/>\n<meta property=\"og:image\" content=\"https:\/\/soliton-gmbh.de\/wp-content\/uploads\/2024\/08\/SM1.jpg\" \/>\n\t<meta property=\"og:image:width\" content=\"1500\" \/>\n\t<meta property=\"og:image:height\" content=\"1327\" \/>\n\t<meta property=\"og:image:type\" content=\"image\/jpeg\" \/>\n<meta name=\"twitter:card\" content=\"summary_large_image\" \/>\n<meta name=\"twitter:label1\" content=\"Price\" \/>\n\t<meta name=\"twitter:data1\" content=\"&euro;0.00\" \/>\n\t<meta name=\"twitter:label2\" content=\"Availability\" \/>\n\t<meta name=\"twitter:data2\" content=\"In stock\" \/>\n<script type=\"application\/ld+json\" class=\"yoast-schema-graph\">{\"@context\":\"https:\\\/\\\/schema.org\",\"@graph\":[{\"@type\":\"WebPage\",\"@id\":\"https:\\\/\\\/soliton-gmbh.de\\\/produkt\\\/groesseres-messgeraet-zur-bestimmung-von-konturen\\\/\",\"url\":\"https:\\\/\\\/soliton-gmbh.de\\\/produkt\\\/groesseres-messgeraet-zur-bestimmung-von-konturen\\\/\",\"name\":\"Messger\u00e4t zur Bestimmung von Konturen - Soliton\",\"isPartOf\":{\"@id\":\"https:\\\/\\\/soliton-gmbh.de\\\/#website\"},\"primaryImageOfPage\":{\"@id\":\"https:\\\/\\\/soliton-gmbh.de\\\/produkt\\\/groesseres-messgeraet-zur-bestimmung-von-konturen\\\/#primaryimage\"},\"image\":{\"@id\":\"https:\\\/\\\/soliton-gmbh.de\\\/produkt\\\/groesseres-messgeraet-zur-bestimmung-von-konturen\\\/#primaryimage\"},\"thumbnailUrl\":\"https:\\\/\\\/soliton-gmbh.de\\\/wp-content\\\/uploads\\\/2024\\\/08\\\/SM1.jpg\",\"datePublished\":\"2024-08-12T08:10:42+00:00\",\"dateModified\":\"2026-04-15T22:17:16+00:00\",\"description\":\"Das Messger\u00e4t zur Bestimmung von Konturen PGS200 von SM Instruments erfasst 2D-Profile und Konturen auf eine \u00e4u\u00dferst einfache und intuitive Weise.\",\"breadcrumb\":{\"@id\":\"https:\\\/\\\/soliton-gmbh.de\\\/produkt\\\/groesseres-messgeraet-zur-bestimmung-von-konturen\\\/#breadcrumb\"},\"inLanguage\":\"en-US\",\"potentialAction\":[{\"@type\":\"ReadAction\",\"target\":[\"https:\\\/\\\/soliton-gmbh.de\\\/produkt\\\/groesseres-messgeraet-zur-bestimmung-von-konturen\\\/\"]}]},{\"@type\":\"ImageObject\",\"inLanguage\":\"en-US\",\"@id\":\"https:\\\/\\\/soliton-gmbh.de\\\/produkt\\\/groesseres-messgeraet-zur-bestimmung-von-konturen\\\/#primaryimage\",\"url\":\"https:\\\/\\\/soliton-gmbh.de\\\/wp-content\\\/uploads\\\/2024\\\/08\\\/SM1.jpg\",\"contentUrl\":\"https:\\\/\\\/soliton-gmbh.de\\\/wp-content\\\/uploads\\\/2024\\\/08\\\/SM1.jpg\",\"width\":1500,\"height\":1327,\"caption\":\"Messger\u00e4t zur Bestimmung von Konturen\"},{\"@type\":\"BreadcrumbList\",\"@id\":\"https:\\\/\\\/soliton-gmbh.de\\\/produkt\\\/groesseres-messgeraet-zur-bestimmung-von-konturen\\\/#breadcrumb\",\"itemListElement\":[{\"@type\":\"ListItem\",\"position\":1,\"name\":\"Startseite\",\"item\":\"https:\\\/\\\/soliton-gmbh.de\\\/\"},{\"@type\":\"ListItem\",\"position\":2,\"name\":\"Produkte\",\"item\":\"https:\\\/\\\/soliton-gmbh.de\\\/produkte\\\/\"},{\"@type\":\"ListItem\",\"position\":3,\"name\":\"Messger\u00e4t zur Bestimmung von Konturen\"}]},{\"@type\":\"WebSite\",\"@id\":\"https:\\\/\\\/soliton-gmbh.de\\\/#website\",\"url\":\"https:\\\/\\\/soliton-gmbh.de\\\/\",\"name\":\"Soliton Laser- und Messtechnik GmbH\",\"description\":\"\",\"publisher\":{\"@id\":\"https:\\\/\\\/soliton-gmbh.de\\\/#organization\"},\"potentialAction\":[{\"@type\":\"SearchAction\",\"target\":{\"@type\":\"EntryPoint\",\"urlTemplate\":\"https:\\\/\\\/soliton-gmbh.de\\\/?s={search_term_string}\"},\"query-input\":{\"@type\":\"PropertyValueSpecification\",\"valueRequired\":true,\"valueName\":\"search_term_string\"}}],\"inLanguage\":\"en-US\"},{\"@type\":\"Organization\",\"@id\":\"https:\\\/\\\/soliton-gmbh.de\\\/#organization\",\"name\":\"Soliton GmbH\",\"url\":\"https:\\\/\\\/soliton-gmbh.de\\\/\",\"logo\":{\"@type\":\"ImageObject\",\"inLanguage\":\"en-US\",\"@id\":\"https:\\\/\\\/soliton-gmbh.de\\\/#\\\/schema\\\/logo\\\/image\\\/\",\"url\":\"https:\\\/\\\/soliton-gmbh.de\\\/wp-content\\\/uploads\\\/2022\\\/08\\\/cropped-soliton-logo.png\",\"contentUrl\":\"https:\\\/\\\/soliton-gmbh.de\\\/wp-content\\\/uploads\\\/2022\\\/08\\\/cropped-soliton-logo.png\",\"width\":500,\"height\":350,\"caption\":\"Soliton GmbH\"},\"image\":{\"@id\":\"https:\\\/\\\/soliton-gmbh.de\\\/#\\\/schema\\\/logo\\\/image\\\/\"}}]}<\/script>\n<meta property=\"product:price:amount\" content=\"0.00\" \/>\n<meta property=\"product:price:currency\" content=\"EUR\" \/>\n<meta property=\"og:availability\" content=\"instock\" \/>\n<meta property=\"product:availability\" content=\"instock\" \/>\n<meta property=\"product:condition\" content=\"new\" \/>\n<!-- \/ Yoast SEO Premium plugin. -->","yoast_head_json":{"title":"Measuring device for determining contours - Soliton","description":"The PGS200 contour measuring device from SM Instruments captures 2D profiles and contours in an extremely simple and intuitive way.","robots":{"index":"index","follow":"follow","max-snippet":"max-snippet:-1","max-image-preview":"max-image-preview:large","max-video-preview":"max-video-preview:-1"},"canonical":"https:\/\/soliton-gmbh.de\/en\/product\/larger-measuring-device-for-determining-contours\/","og_locale":"en_US","og_type":"article","og_title":"Messger\u00e4t zur Bestimmung von Konturen","og_description":"Das Messger\u00e4t zur Bestimmung von Konturen PGS200 von SM Instruments erfasst 2D-Profile und Konturen auf eine \u00e4u\u00dferst einfache und intuitive Weise.","og_url":"https:\/\/soliton-gmbh.de\/en\/product\/larger-measuring-device-for-determining-contours\/","og_site_name":"Soliton Laser- und Messtechnik GmbH","article_modified_time":"2026-04-15T22:17:16+00:00","og_image":[{"width":1500,"height":1327,"url":"https:\/\/soliton-gmbh.de\/wp-content\/uploads\/2024\/08\/SM1.jpg","type":"image\/jpeg"}],"twitter_card":"summary_large_image","twitter_misc":{"Price":"&euro;0.00","Availability":"In stock"},"schema":{"@context":"https:\/\/schema.org","@graph":[{"@type":"WebPage","@id":"https:\/\/soliton-gmbh.de\/produkt\/groesseres-messgeraet-zur-bestimmung-von-konturen\/","url":"https:\/\/soliton-gmbh.de\/produkt\/groesseres-messgeraet-zur-bestimmung-von-konturen\/","name":"Measuring device for determining contours - Soliton","isPartOf":{"@id":"https:\/\/soliton-gmbh.de\/#website"},"primaryImageOfPage":{"@id":"https:\/\/soliton-gmbh.de\/produkt\/groesseres-messgeraet-zur-bestimmung-von-konturen\/#primaryimage"},"image":{"@id":"https:\/\/soliton-gmbh.de\/produkt\/groesseres-messgeraet-zur-bestimmung-von-konturen\/#primaryimage"},"thumbnailUrl":"https:\/\/soliton-gmbh.de\/wp-content\/uploads\/2024\/08\/SM1.jpg","datePublished":"2024-08-12T08:10:42+00:00","dateModified":"2026-04-15T22:17:16+00:00","description":"The PGS200 contour measuring device from SM Instruments captures 2D profiles and contours in an extremely simple and intuitive way.","breadcrumb":{"@id":"https:\/\/soliton-gmbh.de\/produkt\/groesseres-messgeraet-zur-bestimmung-von-konturen\/#breadcrumb"},"inLanguage":"en-US","potentialAction":[{"@type":"ReadAction","target":["https:\/\/soliton-gmbh.de\/produkt\/groesseres-messgeraet-zur-bestimmung-von-konturen\/"]}]},{"@type":"ImageObject","inLanguage":"en-US","@id":"https:\/\/soliton-gmbh.de\/produkt\/groesseres-messgeraet-zur-bestimmung-von-konturen\/#primaryimage","url":"https:\/\/soliton-gmbh.de\/wp-content\/uploads\/2024\/08\/SM1.jpg","contentUrl":"https:\/\/soliton-gmbh.de\/wp-content\/uploads\/2024\/08\/SM1.jpg","width":1500,"height":1327,"caption":"Messger\u00e4t zur Bestimmung von Konturen"},{"@type":"BreadcrumbList","@id":"https:\/\/soliton-gmbh.de\/produkt\/groesseres-messgeraet-zur-bestimmung-von-konturen\/#breadcrumb","itemListElement":[{"@type":"ListItem","position":1,"name":"Startseite","item":"https:\/\/soliton-gmbh.de\/"},{"@type":"ListItem","position":2,"name":"Produkte","item":"https:\/\/soliton-gmbh.de\/produkte\/"},{"@type":"ListItem","position":3,"name":"Messger\u00e4t zur Bestimmung von Konturen"}]},{"@type":"WebSite","@id":"https:\/\/soliton-gmbh.de\/#website","url":"https:\/\/soliton-gmbh.de\/","name":"Soliton Laser- und Messtechnik GmbH","description":"","publisher":{"@id":"https:\/\/soliton-gmbh.de\/#organization"},"potentialAction":[{"@type":"SearchAction","target":{"@type":"EntryPoint","urlTemplate":"https:\/\/soliton-gmbh.de\/?s={search_term_string}"},"query-input":{"@type":"PropertyValueSpecification","valueRequired":true,"valueName":"search_term_string"}}],"inLanguage":"en-US"},{"@type":"Organization","@id":"https:\/\/soliton-gmbh.de\/#organization","name":"Soliton GmbH","url":"https:\/\/soliton-gmbh.de\/","logo":{"@type":"ImageObject","inLanguage":"en-US","@id":"https:\/\/soliton-gmbh.de\/#\/schema\/logo\/image\/","url":"https:\/\/soliton-gmbh.de\/wp-content\/uploads\/2022\/08\/cropped-soliton-logo.png","contentUrl":"https:\/\/soliton-gmbh.de\/wp-content\/uploads\/2022\/08\/cropped-soliton-logo.png","width":500,"height":350,"caption":"Soliton GmbH"},"image":{"@id":"https:\/\/soliton-gmbh.de\/#\/schema\/logo\/image\/"}}]},"product_price_amount":"0.00","product_price_currency":"EUR","og_availability":"instock","product_availability":"instock","product_condition":"new"},"uagb_featured_image_src":{"full":["https:\/\/soliton-gmbh.de\/wp-content\/uploads\/2024\/08\/SM1.jpg",1500,1327,false],"thumbnail":["https:\/\/soliton-gmbh.de\/wp-content\/uploads\/2024\/08\/SM1-150x150.jpg",150,150,true],"medium":["https:\/\/soliton-gmbh.de\/wp-content\/uploads\/2024\/08\/SM1-300x265.jpg",300,265,true],"medium_large":["https:\/\/soliton-gmbh.de\/wp-content\/uploads\/2024\/08\/SM1-768x679.jpg",768,679,true],"large":["https:\/\/soliton-gmbh.de\/wp-content\/uploads\/2024\/08\/SM1-1024x906.jpg",1024,906,true],"1536x1536":["https:\/\/soliton-gmbh.de\/wp-content\/uploads\/2024\/08\/SM1.jpg",1500,1327,false],"2048x2048":["https:\/\/soliton-gmbh.de\/wp-content\/uploads\/2024\/08\/SM1.jpg",1500,1327,false],"trp-custom-language-flag":["https:\/\/soliton-gmbh.de\/wp-content\/uploads\/2024\/08\/SM1-14x12.jpg",14,12,true],"woocommerce_thumbnail":["https:\/\/soliton-gmbh.de\/wp-content\/uploads\/2024\/08\/SM1-600x531.jpg",600,531,true],"woocommerce_single":["https:\/\/soliton-gmbh.de\/wp-content\/uploads\/2024\/08\/SM1-1200x1062.jpg",1200,1062,true],"woocommerce_gallery_thumbnail":["https:\/\/soliton-gmbh.de\/wp-content\/uploads\/2024\/08\/SM1-300x300.jpg",300,300,true]},"uagb_author_info":{"display_name":"Jonas Vogler","author_link":"https:\/\/soliton-gmbh.de\/en\/author\/"},"uagb_comment_info":0,"uagb_excerpt":"Konturmessger\u00e4t f\u00fcr Profile und Formen Aufl\u00f6sung 0,1\u00b5m Messbereich: 220mm Horizontal (Strecke in X-Richtung) 50mm Senkrecht (Strecke in Y-Richtung) 320mm Standardm\u00e4\u00dfig (bis 700mm) Verfahrweg (in Y-Richtung) Erf\u00fcllt alle g\u00e4ngigen Normen (ISO, DIN) Berichte vorgefertigt oder frei gestaltbar","_links":{"self":[{"href":"https:\/\/soliton-gmbh.de\/en\/wp-json\/wp\/v2\/product\/7830","targetHints":{"allow":["GET"]}}],"collection":[{"href":"https:\/\/soliton-gmbh.de\/en\/wp-json\/wp\/v2\/product"}],"about":[{"href":"https:\/\/soliton-gmbh.de\/en\/wp-json\/wp\/v2\/types\/product"}],"wp:featuredmedia":[{"embeddable":true,"href":"https:\/\/soliton-gmbh.de\/en\/wp-json\/wp\/v2\/media\/9092"}],"wp:attachment":[{"href":"https:\/\/soliton-gmbh.de\/en\/wp-json\/wp\/v2\/media?parent=7830"}],"wp:term":[{"taxonomy":"product_brand","embeddable":true,"href":"https:\/\/soliton-gmbh.de\/en\/wp-json\/wp\/v2\/product_brand?post=7830"},{"taxonomy":"product_cat","embeddable":true,"href":"https:\/\/soliton-gmbh.de\/en\/wp-json\/wp\/v2\/product_cat?post=7830"},{"taxonomy":"product_tag","embeddable":true,"href":"https:\/\/soliton-gmbh.de\/en\/wp-json\/wp\/v2\/product_tag?post=7830"}],"curies":[{"name":"wp","href":"https:\/\/api.w.org\/{rel}","templated":true}]}}