{"id":7784,"date":"2024-07-10T23:09:04","date_gmt":"2024-07-10T21:09:04","guid":{"rendered":"https:\/\/soliton-gmbh.de\/?post_type=product&#038;p=7784"},"modified":"2026-04-16T00:22:26","modified_gmt":"2026-04-15T22:22:26","slug":"mobile-nir-system","status":"publish","type":"product","link":"https:\/\/soliton-gmbh.de\/en\/produkt\/mobiles-nir-system\/","title":{"rendered":"Mobile NIR System Visum Palm"},"content":{"rendered":"<p class=\"first-token\" data-sourcepos=\"1:1-1:14\">The Palm visa from<strong> IRIS Technology Solutions<\/strong> revolutionizes quality control and is a real hit in incoming goods inspections as well as in the testing of raw materials and end products. It analyzes not only powders, particles and solids, but also liquids - and all in a matter of seconds. It does not require a PC, tablet or smartphone, as the built-in CPU delivers precise measurement results immediately.<\/p>\n<p data-sourcepos=\"3:1-3:50\">The integrated pass\/fail test is particularly practical, as it speeds up and simplifies incoming goods inspection. You simply define the expected substance and the Visum Palm gives you clear feedback: green means \u201cpassed\u201d, red indicates a deviation and names the most similar substance.<\/p>\n<p data-sourcepos=\"5:1-5:231\">With the optional Visum Master software, you can easily manage your libraries and even create new ones without any prior knowledge of chemometrics. The integrated AI support makes it possible.<\/p>\n<p data-sourcepos=\"7:1-7:177\">And to ensure that you shine during audits, the Visum Palm automatically creates detailed qualification reports in accordance with ISO 9001 and meets the requirements of 21 CFR Part 11.<\/p>\n<p data-sourcepos=\"9:1-9:63\">Last but not least, the innovative water cooling ensures constant sample temperatures and thus optimal reproducibility of your measurement results.<\/p>\n<p data-sourcepos=\"11:1-11:110\">Convince yourself of the Palm Visa from <strong>IRIS Technology Solutions<\/strong> and experience a new dimension of quality control!<\/p>\n<p>The manufacturer's website <strong>IRIS Technology Solutions<\/strong> can be found under the following link: <a href=\"https:\/\/www.iris-eng.com\/service\/real-time-quality-control-systems\/\" target=\"_blank\" rel=\"noopener\">https:\/\/www.iris-eng.com\/service\/real-time-quality-control-systems\/<\/a><\/p>","protected":false},"excerpt":{"rendered":"<p><a href=\"https:\/\/www.iris-eng.com\/service\/real-time-quality-control-systems\/\" target=\"_blank\" rel=\"noopener\"><img loading=\"lazy\" decoding=\"async\" class=\"alignnone wp-image-7606\" src=\"https:\/\/soliton-gmbh.de\/wp-content\/uploads\/2024\/06\/IRIS-technology-solutions-300x66.png\" alt=\"IRIS technology solutions\" width=\"208\" height=\"46\" srcset=\"https:\/\/soliton-gmbh.de\/wp-content\/uploads\/2024\/06\/IRIS-technology-solutions-300x66.png 300w, https:\/\/soliton-gmbh.de\/wp-content\/uploads\/2024\/06\/IRIS-technology-solutions-600x133.png 600w, https:\/\/soliton-gmbh.de\/wp-content\/uploads\/2024\/06\/IRIS-technology-solutions-1200x266.png 1200w, https:\/\/soliton-gmbh.de\/wp-content\/uploads\/2024\/06\/IRIS-technology-solutions-1024x227.png 1024w, https:\/\/soliton-gmbh.de\/wp-content\/uploads\/2024\/06\/IRIS-technology-solutions-768x170.png 768w, https:\/\/soliton-gmbh.de\/wp-content\/uploads\/2024\/06\/IRIS-technology-solutions-18x4.png 18w, https:\/\/soliton-gmbh.de\/wp-content\/uploads\/2024\/06\/IRIS-technology-solutions.png 1390w\" sizes=\"auto, (max-width: 208px) 100vw, 208px\" \/><\/a><\/p>\n<ul>\n<li>Self-contained unit thanks to built-in CPU<\/li>\n<li>No PC\/tablet\/smartphone required for evaluation<\/li>\n<li>AI-supported method and model creation<\/li>\n<li>meets the requirements of 21 CFR Part 11<\/li>\n<li>Spectral range: 900-1700 nm<\/li>\n<li>10mm measuring range with 50mm illumination area, thus physical compensation of heterogeneities<\/li>\n<li>Spectral resolution of 3nm \/ 256 pixels<\/li>\n<\/ul>","protected":false},"featured_media":7588,"template":"","meta":{"_acf_changed":false,"_uag_custom_page_level_css":"","site-sidebar-layout":"default","site-content-layout":"","ast-site-content-layout":"default","site-content-style":"default","site-sidebar-style":"default","ast-global-header-display":"","ast-banner-title-visibility":"","ast-main-header-display":"","ast-hfb-above-header-display":"","ast-hfb-below-header-display":"","ast-hfb-mobile-header-display":"","site-post-title":"","ast-breadcrumbs-content":"","ast-featured-img":"","footer-sml-layout":"","ast-disable-related-posts":"","theme-transparent-header-meta":"default","adv-header-id-meta":"","stick-header-meta":"default","header-above-stick-meta":"","header-main-stick-meta":"","header-below-stick-meta":"","astra-migrate-meta-layouts":"set","ast-page-background-enabled":"default","ast-page-background-meta":{"desktop":{"background-color":"","background-image":"","background-repeat":"repeat","background-position":"center center","background-size":"auto","background-attachment":"scroll","background-type":"","background-media":"","overlay-type":"","overlay-color":"","overlay-opacity":"","overlay-gradient":""},"tablet":{"background-color":"","background-image":"","background-repeat":"repeat","background-position":"center center","background-size":"auto","background-attachment":"scroll","background-type":"","background-media":"","overlay-type":"","overlay-color":"","overlay-opacity":"","overlay-gradient":""},"mobile":{"background-color":"","background-image":"","background-repeat":"repeat","background-position":"center center","background-size":"auto","background-attachment":"scroll","background-type":"","background-media":"","overlay-type":"","overlay-color":"","overlay-opacity":"","overlay-gradient":""}},"ast-content-background-meta":{"desktop":{"background-color":"var(--ast-global-color-5)","background-image":"","background-repeat":"repeat","background-position":"center center","background-size":"auto","background-attachment":"scroll","background-type":"","background-media":"","overlay-type":"","overlay-color":"","overlay-opacity":"","overlay-gradient":""},"tablet":{"background-color":"var(--ast-global-color-5)","background-image":"","background-repeat":"repeat","background-position":"center center","background-size":"auto","background-attachment":"scroll","background-type":"","background-media":"","overlay-type":"","overlay-color":"","overlay-opacity":"","overlay-gradient":""},"mobile":{"background-color":"var(--ast-global-color-5)","background-image":"","background-repeat":"repeat","background-position":"center center","background-size":"auto","background-attachment":"scroll","background-type":"","background-media":"","overlay-type":"","overlay-color":"","overlay-opacity":"","overlay-gradient":""}}},"product_brand":[1630],"product_cat":[418],"product_tag":[428,429,424,420,427,430,426,425,421,432,423,419,422,431],"class_list":{"0":"post-7784","1":"product","2":"type-product","3":"status-publish","4":"has-post-thumbnail","6":"product_brand-iris-technology-solutions","7":"product_cat-nir-spektrometer-iris","8":"product_tag-21-cfr-part-11","9":"product_tag-chemometrie","10":"product_tag-handheld-spektrometer","11":"product_tag-iris","12":"product_tag-iso-9001","13":"product_tag-ki-unterstuetzung","14":"product_tag-pass-fail-test","15":"product_tag-pc-frei","16":"product_tag-qualitaetskontrolle","17":"product_tag-reproduzierbarkeit","18":"product_tag-spektrometer","19":"product_tag-visum-palm","20":"product_tag-wareneingangskontrolle","21":"product_tag-wasserkuehlung","22":"desktop-align-left","23":"tablet-align-center","24":"mobile-align-center","25":"ast-product-gallery-layout-horizontal-slider","26":"ast-product-gallery-with-no-image","27":"ast-magnify-disabled","28":"ast-product-tabs-layout-horizontal","30":"first","31":"instock","32":"virtual","33":"sold-individually","34":"purchasable","35":"product-type-simple"},"acf":[],"yoast_head":"<!-- This site is optimized with the Yoast SEO Premium plugin v27.2 (Yoast SEO v27.4) - https:\/\/yoast.com\/product\/yoast-seo-premium-wordpress\/ -->\n<title>Mobiles NIR System Visum Palm - Soliton<\/title>\n<meta name=\"description\" content=\"Visum Palm: Das revolution\u00e4re Spektrometer f\u00fcr schnelle Qualit\u00e4tskontrolle. Sofortige Ergebnisse, KI Unterst\u00fctung und automatische Berichterstellung.\" \/>\n<meta name=\"robots\" content=\"index, follow, max-snippet:-1, max-image-preview:large, max-video-preview:-1\" \/>\n<link rel=\"canonical\" href=\"https:\/\/soliton-gmbh.de\/en\/product\/mobile-nir-system\/\" \/>\n<meta property=\"og:locale\" content=\"en_US\" \/>\n<meta property=\"og:type\" content=\"article\" \/>\n<meta property=\"og:title\" content=\"Mobiles NIR System Visum Palm\" \/>\n<meta property=\"og:description\" content=\"Visum Palm: Das revolution\u00e4re Spektrometer f\u00fcr schnelle Qualit\u00e4tskontrolle. Sofortige Ergebnisse, KI Unterst\u00fctung und automatische Berichterstellung.\" \/>\n<meta property=\"og:url\" content=\"https:\/\/soliton-gmbh.de\/en\/product\/mobile-nir-system\/\" \/>\n<meta property=\"og:site_name\" content=\"Soliton Laser- und Messtechnik GmbH\" \/>\n<meta property=\"article:modified_time\" content=\"2026-04-15T22:22:26+00:00\" \/>\n<meta property=\"og:image\" content=\"https:\/\/soliton-gmbh.de\/wp-content\/uploads\/2024\/05\/Visum-PALM-1-1024x1024.png\" \/>\n\t<meta property=\"og:image:width\" content=\"1024\" \/>\n\t<meta property=\"og:image:height\" content=\"1024\" \/>\n\t<meta property=\"og:image:type\" content=\"image\/png\" \/>\n<meta name=\"twitter:card\" content=\"summary_large_image\" \/>\n<meta name=\"twitter:label1\" content=\"Price\" \/>\n\t<meta name=\"twitter:data1\" content=\"&euro;0.00\" \/>\n\t<meta name=\"twitter:label2\" content=\"Availability\" \/>\n\t<meta name=\"twitter:data2\" content=\"In stock\" \/>\n<script type=\"application\/ld+json\" class=\"yoast-schema-graph\">{\"@context\":\"https:\\\/\\\/schema.org\",\"@graph\":[{\"@type\":\"WebPage\",\"@id\":\"https:\\\/\\\/soliton-gmbh.de\\\/produkt\\\/mobiles-nir-system\\\/\",\"url\":\"https:\\\/\\\/soliton-gmbh.de\\\/produkt\\\/mobiles-nir-system\\\/\",\"name\":\"Mobiles NIR System Visum Palm - Soliton\",\"isPartOf\":{\"@id\":\"https:\\\/\\\/soliton-gmbh.de\\\/#website\"},\"primaryImageOfPage\":{\"@id\":\"https:\\\/\\\/soliton-gmbh.de\\\/produkt\\\/mobiles-nir-system\\\/#primaryimage\"},\"image\":{\"@id\":\"https:\\\/\\\/soliton-gmbh.de\\\/produkt\\\/mobiles-nir-system\\\/#primaryimage\"},\"thumbnailUrl\":\"https:\\\/\\\/soliton-gmbh.de\\\/wp-content\\\/uploads\\\/2024\\\/05\\\/Visum-PALM-1.png\",\"datePublished\":\"2024-07-10T21:09:04+00:00\",\"dateModified\":\"2026-04-15T22:22:26+00:00\",\"description\":\"Visum Palm: Das revolution\u00e4re Spektrometer f\u00fcr schnelle Qualit\u00e4tskontrolle. Sofortige Ergebnisse, KI Unterst\u00fctung und automatische Berichterstellung.\",\"breadcrumb\":{\"@id\":\"https:\\\/\\\/soliton-gmbh.de\\\/produkt\\\/mobiles-nir-system\\\/#breadcrumb\"},\"inLanguage\":\"en-US\",\"potentialAction\":[{\"@type\":\"ReadAction\",\"target\":[\"https:\\\/\\\/soliton-gmbh.de\\\/produkt\\\/mobiles-nir-system\\\/\"]}]},{\"@type\":\"ImageObject\",\"inLanguage\":\"en-US\",\"@id\":\"https:\\\/\\\/soliton-gmbh.de\\\/produkt\\\/mobiles-nir-system\\\/#primaryimage\",\"url\":\"https:\\\/\\\/soliton-gmbh.de\\\/wp-content\\\/uploads\\\/2024\\\/05\\\/Visum-PALM-1.png\",\"contentUrl\":\"https:\\\/\\\/soliton-gmbh.de\\\/wp-content\\\/uploads\\\/2024\\\/05\\\/Visum-PALM-1.png\",\"width\":3000,\"height\":3000,\"caption\":\"Visum PALM\"},{\"@type\":\"BreadcrumbList\",\"@id\":\"https:\\\/\\\/soliton-gmbh.de\\\/produkt\\\/mobiles-nir-system\\\/#breadcrumb\",\"itemListElement\":[{\"@type\":\"ListItem\",\"position\":1,\"name\":\"Startseite\",\"item\":\"https:\\\/\\\/soliton-gmbh.de\\\/\"},{\"@type\":\"ListItem\",\"position\":2,\"name\":\"Produkte\",\"item\":\"https:\\\/\\\/soliton-gmbh.de\\\/produkte\\\/\"},{\"@type\":\"ListItem\",\"position\":3,\"name\":\"Mobiles NIR System Visum Palm\"}]},{\"@type\":\"WebSite\",\"@id\":\"https:\\\/\\\/soliton-gmbh.de\\\/#website\",\"url\":\"https:\\\/\\\/soliton-gmbh.de\\\/\",\"name\":\"Soliton Laser- und Messtechnik GmbH\",\"description\":\"\",\"publisher\":{\"@id\":\"https:\\\/\\\/soliton-gmbh.de\\\/#organization\"},\"potentialAction\":[{\"@type\":\"SearchAction\",\"target\":{\"@type\":\"EntryPoint\",\"urlTemplate\":\"https:\\\/\\\/soliton-gmbh.de\\\/?s={search_term_string}\"},\"query-input\":{\"@type\":\"PropertyValueSpecification\",\"valueRequired\":true,\"valueName\":\"search_term_string\"}}],\"inLanguage\":\"en-US\"},{\"@type\":\"Organization\",\"@id\":\"https:\\\/\\\/soliton-gmbh.de\\\/#organization\",\"name\":\"Soliton GmbH\",\"url\":\"https:\\\/\\\/soliton-gmbh.de\\\/\",\"logo\":{\"@type\":\"ImageObject\",\"inLanguage\":\"en-US\",\"@id\":\"https:\\\/\\\/soliton-gmbh.de\\\/#\\\/schema\\\/logo\\\/image\\\/\",\"url\":\"https:\\\/\\\/soliton-gmbh.de\\\/wp-content\\\/uploads\\\/2022\\\/08\\\/cropped-soliton-logo.png\",\"contentUrl\":\"https:\\\/\\\/soliton-gmbh.de\\\/wp-content\\\/uploads\\\/2022\\\/08\\\/cropped-soliton-logo.png\",\"width\":500,\"height\":350,\"caption\":\"Soliton GmbH\"},\"image\":{\"@id\":\"https:\\\/\\\/soliton-gmbh.de\\\/#\\\/schema\\\/logo\\\/image\\\/\"}}]}<\/script>\n<meta property=\"product:price:amount\" content=\"0.00\" \/>\n<meta property=\"product:price:currency\" content=\"EUR\" \/>\n<meta property=\"og:availability\" content=\"instock\" \/>\n<meta property=\"product:availability\" content=\"instock\" \/>\n<meta property=\"product:condition\" content=\"new\" \/>\n<!-- \/ Yoast SEO Premium plugin. -->","yoast_head_json":{"title":"Mobile NIR system Visum Palm - Soliton","description":"Visum Palm: The revolutionary spectrometer for fast quality control. Instant results, AI support and automatic reporting.","robots":{"index":"index","follow":"follow","max-snippet":"max-snippet:-1","max-image-preview":"max-image-preview:large","max-video-preview":"max-video-preview:-1"},"canonical":"https:\/\/soliton-gmbh.de\/en\/product\/mobile-nir-system\/","og_locale":"en_US","og_type":"article","og_title":"Mobiles NIR System Visum Palm","og_description":"Visum Palm: Das revolution\u00e4re Spektrometer f\u00fcr schnelle Qualit\u00e4tskontrolle. Sofortige Ergebnisse, KI Unterst\u00fctung und automatische Berichterstellung.","og_url":"https:\/\/soliton-gmbh.de\/en\/product\/mobile-nir-system\/","og_site_name":"Soliton Laser- und Messtechnik GmbH","article_modified_time":"2026-04-15T22:22:26+00:00","og_image":[{"width":1024,"height":1024,"url":"https:\/\/soliton-gmbh.de\/wp-content\/uploads\/2024\/05\/Visum-PALM-1-1024x1024.png","type":"image\/png"}],"twitter_card":"summary_large_image","twitter_misc":{"Price":"&euro;0.00","Availability":"In stock"},"schema":{"@context":"https:\/\/schema.org","@graph":[{"@type":"WebPage","@id":"https:\/\/soliton-gmbh.de\/produkt\/mobiles-nir-system\/","url":"https:\/\/soliton-gmbh.de\/produkt\/mobiles-nir-system\/","name":"Mobile NIR system Visum Palm - Soliton","isPartOf":{"@id":"https:\/\/soliton-gmbh.de\/#website"},"primaryImageOfPage":{"@id":"https:\/\/soliton-gmbh.de\/produkt\/mobiles-nir-system\/#primaryimage"},"image":{"@id":"https:\/\/soliton-gmbh.de\/produkt\/mobiles-nir-system\/#primaryimage"},"thumbnailUrl":"https:\/\/soliton-gmbh.de\/wp-content\/uploads\/2024\/05\/Visum-PALM-1.png","datePublished":"2024-07-10T21:09:04+00:00","dateModified":"2026-04-15T22:22:26+00:00","description":"Visum Palm: The revolutionary spectrometer for fast quality control. Instant results, AI support and automatic reporting.","breadcrumb":{"@id":"https:\/\/soliton-gmbh.de\/produkt\/mobiles-nir-system\/#breadcrumb"},"inLanguage":"en-US","potentialAction":[{"@type":"ReadAction","target":["https:\/\/soliton-gmbh.de\/produkt\/mobiles-nir-system\/"]}]},{"@type":"ImageObject","inLanguage":"en-US","@id":"https:\/\/soliton-gmbh.de\/produkt\/mobiles-nir-system\/#primaryimage","url":"https:\/\/soliton-gmbh.de\/wp-content\/uploads\/2024\/05\/Visum-PALM-1.png","contentUrl":"https:\/\/soliton-gmbh.de\/wp-content\/uploads\/2024\/05\/Visum-PALM-1.png","width":3000,"height":3000,"caption":"Visum PALM"},{"@type":"BreadcrumbList","@id":"https:\/\/soliton-gmbh.de\/produkt\/mobiles-nir-system\/#breadcrumb","itemListElement":[{"@type":"ListItem","position":1,"name":"Startseite","item":"https:\/\/soliton-gmbh.de\/"},{"@type":"ListItem","position":2,"name":"Produkte","item":"https:\/\/soliton-gmbh.de\/produkte\/"},{"@type":"ListItem","position":3,"name":"Mobiles NIR System Visum Palm"}]},{"@type":"WebSite","@id":"https:\/\/soliton-gmbh.de\/#website","url":"https:\/\/soliton-gmbh.de\/","name":"Soliton Laser- und Messtechnik GmbH","description":"","publisher":{"@id":"https:\/\/soliton-gmbh.de\/#organization"},"potentialAction":[{"@type":"SearchAction","target":{"@type":"EntryPoint","urlTemplate":"https:\/\/soliton-gmbh.de\/?s={search_term_string}"},"query-input":{"@type":"PropertyValueSpecification","valueRequired":true,"valueName":"search_term_string"}}],"inLanguage":"en-US"},{"@type":"Organization","@id":"https:\/\/soliton-gmbh.de\/#organization","name":"Soliton GmbH","url":"https:\/\/soliton-gmbh.de\/","logo":{"@type":"ImageObject","inLanguage":"en-US","@id":"https:\/\/soliton-gmbh.de\/#\/schema\/logo\/image\/","url":"https:\/\/soliton-gmbh.de\/wp-content\/uploads\/2022\/08\/cropped-soliton-logo.png","contentUrl":"https:\/\/soliton-gmbh.de\/wp-content\/uploads\/2022\/08\/cropped-soliton-logo.png","width":500,"height":350,"caption":"Soliton GmbH"},"image":{"@id":"https:\/\/soliton-gmbh.de\/#\/schema\/logo\/image\/"}}]},"product_price_amount":"0.00","product_price_currency":"EUR","og_availability":"instock","product_availability":"instock","product_condition":"new"},"uagb_featured_image_src":{"full":["https:\/\/soliton-gmbh.de\/wp-content\/uploads\/2024\/05\/Visum-PALM-1.png",3000,3000,false],"thumbnail":["https:\/\/soliton-gmbh.de\/wp-content\/uploads\/2024\/05\/Visum-PALM-1-150x150.png",150,150,true],"medium":["https:\/\/soliton-gmbh.de\/wp-content\/uploads\/2024\/05\/Visum-PALM-1-300x300.png",300,300,true],"medium_large":["https:\/\/soliton-gmbh.de\/wp-content\/uploads\/2024\/05\/Visum-PALM-1-768x768.png",768,768,true],"large":["https:\/\/soliton-gmbh.de\/wp-content\/uploads\/2024\/05\/Visum-PALM-1-1024x1024.png",1024,1024,true],"1536x1536":["https:\/\/soliton-gmbh.de\/wp-content\/uploads\/2024\/05\/Visum-PALM-1-1536x1536.png",1536,1536,true],"2048x2048":["https:\/\/soliton-gmbh.de\/wp-content\/uploads\/2024\/05\/Visum-PALM-1-2048x2048.png",2048,2048,true],"trp-custom-language-flag":["https:\/\/soliton-gmbh.de\/wp-content\/uploads\/2024\/05\/Visum-PALM-1-12x12.png",12,12,true],"woocommerce_thumbnail":["https:\/\/soliton-gmbh.de\/wp-content\/uploads\/2024\/05\/Visum-PALM-1-600x600.png",600,600,true],"woocommerce_single":["https:\/\/soliton-gmbh.de\/wp-content\/uploads\/2024\/05\/Visum-PALM-1-1200x1200.png",1200,1200,true],"woocommerce_gallery_thumbnail":["https:\/\/soliton-gmbh.de\/wp-content\/uploads\/2024\/05\/Visum-PALM-1-300x300.png",300,300,true]},"uagb_author_info":{"display_name":"admin","author_link":"https:\/\/soliton-gmbh.de\/en\/author\/"},"uagb_comment_info":0,"uagb_excerpt":"Self-contained unit dank eingebauter CPU Kein PC\/Tablet\/Smartphone zur Auswertung n\u00f6tig KI-unterst\u00fctze Methoden- und Modellerstellung erf\u00fcllt die Anforderungen gem. 21 CFR Part 11 Spektralbereich: 900-1700 nm 10mm Messbereich bei 50mm Beleuchtungsfl\u00e4che, dadurch physikalische Kompensation von Heterogenit\u00e4ten Spektrale Aufl\u00f6sung von 3nm \/ 256 Pixel","_links":{"self":[{"href":"https:\/\/soliton-gmbh.de\/en\/wp-json\/wp\/v2\/product\/7784","targetHints":{"allow":["GET"]}}],"collection":[{"href":"https:\/\/soliton-gmbh.de\/en\/wp-json\/wp\/v2\/product"}],"about":[{"href":"https:\/\/soliton-gmbh.de\/en\/wp-json\/wp\/v2\/types\/product"}],"wp:featuredmedia":[{"embeddable":true,"href":"https:\/\/soliton-gmbh.de\/en\/wp-json\/wp\/v2\/media\/7588"}],"wp:attachment":[{"href":"https:\/\/soliton-gmbh.de\/en\/wp-json\/wp\/v2\/media?parent=7784"}],"wp:term":[{"taxonomy":"product_brand","embeddable":true,"href":"https:\/\/soliton-gmbh.de\/en\/wp-json\/wp\/v2\/product_brand?post=7784"},{"taxonomy":"product_cat","embeddable":true,"href":"https:\/\/soliton-gmbh.de\/en\/wp-json\/wp\/v2\/product_cat?post=7784"},{"taxonomy":"product_tag","embeddable":true,"href":"https:\/\/soliton-gmbh.de\/en\/wp-json\/wp\/v2\/product_tag?post=7784"}],"curies":[{"name":"wp","href":"https:\/\/api.w.org\/{rel}","templated":true}]}}