{"id":7543,"date":"2024-05-21T20:51:41","date_gmt":"2024-05-21T18:51:41","guid":{"rendered":"https:\/\/soliton-gmbh.de\/?post_type=product&#038;p=7543"},"modified":"2026-05-04T17:58:51","modified_gmt":"2026-05-04T15:58:51","slug":"measurement-and-characterization-of-coating-thicknesses","status":"publish","type":"product","link":"https:\/\/soliton-gmbh.de\/en\/produkt\/messung-und-charakterisierung-von-schichtdicken\/","title":{"rendered":"Coating thickness gauge for transparent layers"},"content":{"rendered":"<h1><strong>Coating thickness gauges for transparent coatings<\/strong><\/h1>\n<p><strong>ThetaMetrisis<\/strong> offers a range of high-precision systems for measuring and characterizing layer thicknesses based on white light reflection spectroscopy (WLRS). <strong>Coating thickness gauges for transparent coatings<\/strong> measure even the smallest layers of a wide variety of materials. By using a broadband light source, a spectrometer (VIS-NIR possible) and coupling via optical fibers, you can also capture complex layer stacks and characterize their different layers.<\/p>\n<p>Our systems work by interfering with light rays after they are reflected from the surface of layers lying on top of each other. This interference allows you to accurately calculate the layer thickness and other relevant parameters. We offer a wide range of systems, from simple stand systems for measurements on straight surfaces to special applications. You can even measure more complex structures such as curved lenses. We use a mounting unit coupled to a fiber.<\/p>\n<p>For special applications, you can also couple your coating thickness gauge for transparent layers to a microscope to precisely measure highly curved surfaces or to minimize interference factors such as roughness.<\/p>\n<p>Our systems are widely used in the thickness determination of silicon layers on wafers. For example, in coating measurement on electronic parts as well as on lenses and car headlights. You benefit from fast, non-destructive and accurate characterization of thin layers and coatings on a variety of materials. With their versatility and user-friendliness, the <strong>Coating thickness gauges for transparent coatings<\/strong> from ThetaMetrisis ideal for use in research and development, quality control and production.<\/p>","protected":false},"excerpt":{"rendered":"<p><a href=\"https:\/\/soliton-gmbh.de\/wp-content\/uploads\/2024\/05\/Metrisis.png\"><img loading=\"lazy\" decoding=\"async\" class=\"alignnone wp-image-9425\" src=\"https:\/\/soliton-gmbh.de\/wp-content\/uploads\/2024\/05\/Metrisis-300x127.png\" alt=\"\" width=\"151\" height=\"64\" srcset=\"https:\/\/soliton-gmbh.de\/wp-content\/uploads\/2024\/05\/Metrisis-300x127.png 300w, https:\/\/soliton-gmbh.de\/wp-content\/uploads\/2024\/05\/Metrisis-1024x433.png 1024w, https:\/\/soliton-gmbh.de\/wp-content\/uploads\/2024\/05\/Metrisis-768x325.png 768w, https:\/\/soliton-gmbh.de\/wp-content\/uploads\/2024\/05\/Metrisis-1536x650.png 1536w, https:\/\/soliton-gmbh.de\/wp-content\/uploads\/2024\/05\/Metrisis-18x8.png 18w, https:\/\/soliton-gmbh.de\/wp-content\/uploads\/2024\/05\/Metrisis-600x254.png 600w, https:\/\/soliton-gmbh.de\/wp-content\/uploads\/2024\/05\/Metrisis-1200x508.png 1200w, https:\/\/soliton-gmbh.de\/wp-content\/uploads\/2024\/05\/Metrisis.png 2000w\" sizes=\"auto, (max-width: 151px) 100vw, 151px\" \/><\/a><\/p>\n<ul>\n<li>Measuring range: 1nm \u2013 3mm<\/li>\n<li>Wavelengths: 190 \u2013 2500 nm<\/li>\n<li>Fast, non-destructive measurement<\/li>\n<li>User-friendly software<\/li>\n<\/ul>","protected":false},"featured_media":9427,"template":"","meta":{"_acf_changed":false,"_uag_custom_page_level_css":"","site-sidebar-layout":"default","site-content-layout":"","ast-site-content-layout":"default","site-content-style":"default","site-sidebar-style":"default","ast-global-header-display":"","ast-banner-title-visibility":"","ast-main-header-display":"","ast-hfb-above-header-display":"","ast-hfb-below-header-display":"","ast-hfb-mobile-header-display":"","site-post-title":"","ast-breadcrumbs-content":"","ast-featured-img":"","footer-sml-layout":"","ast-disable-related-posts":"","theme-transparent-header-meta":"default","adv-header-id-meta":"","stick-header-meta":"default","header-above-stick-meta":"","header-main-stick-meta":"","header-below-stick-meta":"","astra-migrate-meta-layouts":"set","ast-page-background-enabled":"default","ast-page-background-meta":{"desktop":{"background-color":"","background-image":"","background-repeat":"repeat","background-position":"center center","background-size":"auto","background-attachment":"scroll","background-type":"","background-media":"","overlay-type":"","overlay-color":"","overlay-opacity":"","overlay-gradient":""},"tablet":{"background-color":"","background-image":"","background-repeat":"repeat","background-position":"center center","background-size":"auto","background-attachment":"scroll","background-type":"","background-media":"","overlay-type":"","overlay-color":"","overlay-opacity":"","overlay-gradient":""},"mobile":{"background-color":"","background-image":"","background-repeat":"repeat","background-position":"center center","background-size":"auto","background-attachment":"scroll","background-type":"","background-media":"","overlay-type":"","overlay-color":"","overlay-opacity":"","overlay-gradient":""}},"ast-content-background-meta":{"desktop":{"background-color":"var(--ast-global-color-5)","background-image":"","background-repeat":"repeat","background-position":"center center","background-size":"auto","background-attachment":"scroll","background-type":"","background-media":"","overlay-type":"","overlay-color":"","overlay-opacity":"","overlay-gradient":""},"tablet":{"background-color":"var(--ast-global-color-5)","background-image":"","background-repeat":"repeat","background-position":"center center","background-size":"auto","background-attachment":"scroll","background-type":"","background-media":"","overlay-type":"","overlay-color":"","overlay-opacity":"","overlay-gradient":""},"mobile":{"background-color":"var(--ast-global-color-5)","background-image":"","background-repeat":"repeat","background-position":"center center","background-size":"auto","background-attachment":"scroll","background-type":"","background-media":"","overlay-type":"","overlay-color":"","overlay-opacity":"","overlay-gradient":""}}},"product_brand":[1639],"product_cat":[326],"product_tag":[602,513,577,573,575,574,571,576,572,583,578,579,580,582,581,416,511,591,592,593,590,603,599,597,584,585,586,587,588,589,598,512,515,1241,510,596,595,594,600,415,601,604,514],"class_list":{"0":"post-7543","1":"product","2":"type-product","3":"status-publish","4":"has-post-thumbnail","6":"product_brand-theta-metrisis","7":"product_cat-filmdickenmessung","8":"product_tag-alpha2-0","9":"product_tag-deflektometrie","10":"product_tag-f10-ar","11":"product_tag-f10-arc","12":"product_tag-f10-hc","13":"product_tag-f10-rt","14":"product_tag-f20","15":"product_tag-f3-cs","16":"product_tag-f3-sx","17":"product_tag-f30","18":"product_tag-f40","19":"product_tag-f50","20":"product_tag-f54","21":"product_tag-f60-c","22":"product_tag-f60-t","23":"product_tag-filmdicken-messsysteme","24":"product_tag-filmetrics","25":"product_tag-filmtek-2000","26":"product_tag-filmtek-3000","27":"product_tag-filmtek-6000","28":"product_tag-firma-bruker","29":"product_tag-ir-vase-mark-ii","30":"product_tag-ise","31":"product_tag-m-2000","32":"product_tag-mprobe-20","33":"product_tag-mprobe-40","34":"product_tag-mprobe-50","35":"product_tag-mprobe-60","36":"product_tag-mprobe-70","37":"product_tag-mprobe-hc","38":"product_tag-rc2","39":"product_tag-reflektometrie","40":"product_tag-schichtdicke-messen","41":"product_tag-schichtdickenmessgeraet","42":"product_tag-schichtdickenmessung","43":"product_tag-sendira","44":"product_tag-senpro","45":"product_tag-senresearch-4-0","46":"product_tag-theta-se","47":"product_tag-thetametrisis","48":"product_tag-vase","49":"product_tag-vuv-vase","50":"product_tag-white-light-interferometry","51":"desktop-align-left","52":"tablet-align-center","53":"mobile-align-center","54":"ast-product-gallery-layout-horizontal-slider","55":"ast-magnify-disabled","56":"ast-product-tabs-layout-horizontal","58":"first","59":"instock","60":"virtual","61":"sold-individually","62":"purchasable","63":"product-type-simple"},"acf":[],"yoast_head":"<!-- This site is optimized with the Yoast SEO Premium plugin v27.2 (Yoast SEO v27.6) - https:\/\/yoast.com\/product\/yoast-seo-premium-wordpress\/ -->\n<title>Schichtdickenmessger\u00e4t - Soliton<\/title>\n<meta name=\"description\" content=\"Mit diesen Schichtdickenmessger\u00e4ten f\u00fcr transparente Schichten von ThetaMetresis messen Sie selbst kleinste Schichten verschiedenster Materialien.\" \/>\n<meta name=\"robots\" content=\"index, follow, max-snippet:-1, max-image-preview:large, max-video-preview:-1\" \/>\n<link rel=\"canonical\" href=\"https:\/\/soliton-gmbh.de\/en\/product\/measurement-and-characterization-of-coating-thicknesses\/\" \/>\n<meta property=\"og:locale\" content=\"en_US\" \/>\n<meta property=\"og:type\" content=\"article\" \/>\n<meta property=\"og:title\" content=\"Schichtdickenmessger\u00e4t f\u00fcr transparente Schichten\" \/>\n<meta property=\"og:description\" content=\"Mit diesen Schichtdickenmessger\u00e4ten f\u00fcr transparente Schichten von ThetaMetresis messen Sie selbst kleinste Schichten verschiedenster Materialien.\" \/>\n<meta property=\"og:url\" content=\"https:\/\/soliton-gmbh.de\/en\/product\/measurement-and-characterization-of-coating-thicknesses\/\" \/>\n<meta property=\"og:site_name\" content=\"Soliton Laser- und Messtechnik GmbH\" \/>\n<meta property=\"article:modified_time\" content=\"2026-05-04T15:58:51+00:00\" \/>\n<meta property=\"og:image\" content=\"https:\/\/soliton-gmbh.de\/wp-content\/uploads\/2024\/05\/Theta1.jpg\" \/>\n\t<meta property=\"og:image:width\" content=\"1500\" \/>\n\t<meta property=\"og:image:height\" content=\"1501\" \/>\n\t<meta property=\"og:image:type\" content=\"image\/jpeg\" \/>\n<meta name=\"twitter:card\" content=\"summary_large_image\" \/>\n<meta name=\"twitter:label1\" content=\"Price\" \/>\n\t<meta name=\"twitter:data1\" content=\"&euro;0.00\" \/>\n\t<meta name=\"twitter:label2\" content=\"Availability\" \/>\n\t<meta name=\"twitter:data2\" content=\"In stock\" \/>\n<script type=\"application\/ld+json\" class=\"yoast-schema-graph\">{\"@context\":\"https:\\\/\\\/schema.org\",\"@graph\":[{\"@type\":\"WebPage\",\"@id\":\"https:\\\/\\\/soliton-gmbh.de\\\/produkt\\\/messung-und-charakterisierung-von-schichtdicken\\\/\",\"url\":\"https:\\\/\\\/soliton-gmbh.de\\\/produkt\\\/messung-und-charakterisierung-von-schichtdicken\\\/\",\"name\":\"Schichtdickenmessger\u00e4t - Soliton\",\"isPartOf\":{\"@id\":\"https:\\\/\\\/soliton-gmbh.de\\\/#website\"},\"primaryImageOfPage\":{\"@id\":\"https:\\\/\\\/soliton-gmbh.de\\\/produkt\\\/messung-und-charakterisierung-von-schichtdicken\\\/#primaryimage\"},\"image\":{\"@id\":\"https:\\\/\\\/soliton-gmbh.de\\\/produkt\\\/messung-und-charakterisierung-von-schichtdicken\\\/#primaryimage\"},\"thumbnailUrl\":\"https:\\\/\\\/soliton-gmbh.de\\\/wp-content\\\/uploads\\\/2024\\\/05\\\/Theta1.jpg\",\"datePublished\":\"2024-05-21T18:51:41+00:00\",\"dateModified\":\"2026-05-04T15:58:51+00:00\",\"description\":\"Mit diesen Schichtdickenmessger\u00e4ten f\u00fcr transparente Schichten von ThetaMetresis messen Sie selbst kleinste Schichten verschiedenster Materialien.\",\"breadcrumb\":{\"@id\":\"https:\\\/\\\/soliton-gmbh.de\\\/produkt\\\/messung-und-charakterisierung-von-schichtdicken\\\/#breadcrumb\"},\"inLanguage\":\"en-US\",\"potentialAction\":[{\"@type\":\"ReadAction\",\"target\":[\"https:\\\/\\\/soliton-gmbh.de\\\/produkt\\\/messung-und-charakterisierung-von-schichtdicken\\\/\"]}]},{\"@type\":\"ImageObject\",\"inLanguage\":\"en-US\",\"@id\":\"https:\\\/\\\/soliton-gmbh.de\\\/produkt\\\/messung-und-charakterisierung-von-schichtdicken\\\/#primaryimage\",\"url\":\"https:\\\/\\\/soliton-gmbh.de\\\/wp-content\\\/uploads\\\/2024\\\/05\\\/Theta1.jpg\",\"contentUrl\":\"https:\\\/\\\/soliton-gmbh.de\\\/wp-content\\\/uploads\\\/2024\\\/05\\\/Theta1.jpg\",\"width\":1500,\"height\":1501,\"caption\":\"Thetametrisis Schichtdickenmessung\"},{\"@type\":\"BreadcrumbList\",\"@id\":\"https:\\\/\\\/soliton-gmbh.de\\\/produkt\\\/messung-und-charakterisierung-von-schichtdicken\\\/#breadcrumb\",\"itemListElement\":[{\"@type\":\"ListItem\",\"position\":1,\"name\":\"Startseite\",\"item\":\"https:\\\/\\\/soliton-gmbh.de\\\/\"},{\"@type\":\"ListItem\",\"position\":2,\"name\":\"Produkte\",\"item\":\"https:\\\/\\\/soliton-gmbh.de\\\/produkte\\\/\"},{\"@type\":\"ListItem\",\"position\":3,\"name\":\"Schichtdickenmessger\u00e4t f\u00fcr transparente Schichten\"}]},{\"@type\":\"WebSite\",\"@id\":\"https:\\\/\\\/soliton-gmbh.de\\\/#website\",\"url\":\"https:\\\/\\\/soliton-gmbh.de\\\/\",\"name\":\"Soliton Laser- und Messtechnik GmbH\",\"description\":\"\",\"publisher\":{\"@id\":\"https:\\\/\\\/soliton-gmbh.de\\\/#organization\"},\"potentialAction\":[{\"@type\":\"SearchAction\",\"target\":{\"@type\":\"EntryPoint\",\"urlTemplate\":\"https:\\\/\\\/soliton-gmbh.de\\\/?s={search_term_string}\"},\"query-input\":{\"@type\":\"PropertyValueSpecification\",\"valueRequired\":true,\"valueName\":\"search_term_string\"}}],\"inLanguage\":\"en-US\"},{\"@type\":\"Organization\",\"@id\":\"https:\\\/\\\/soliton-gmbh.de\\\/#organization\",\"name\":\"Soliton GmbH\",\"url\":\"https:\\\/\\\/soliton-gmbh.de\\\/\",\"logo\":{\"@type\":\"ImageObject\",\"inLanguage\":\"en-US\",\"@id\":\"https:\\\/\\\/soliton-gmbh.de\\\/#\\\/schema\\\/logo\\\/image\\\/\",\"url\":\"https:\\\/\\\/soliton-gmbh.de\\\/wp-content\\\/uploads\\\/2022\\\/08\\\/cropped-soliton-logo.png\",\"contentUrl\":\"https:\\\/\\\/soliton-gmbh.de\\\/wp-content\\\/uploads\\\/2022\\\/08\\\/cropped-soliton-logo.png\",\"width\":500,\"height\":350,\"caption\":\"Soliton GmbH\"},\"image\":{\"@id\":\"https:\\\/\\\/soliton-gmbh.de\\\/#\\\/schema\\\/logo\\\/image\\\/\"}}]}<\/script>\n<meta property=\"product:price:amount\" content=\"0.00\" \/>\n<meta property=\"product:price:currency\" content=\"EUR\" \/>\n<meta property=\"og:availability\" content=\"instock\" \/>\n<meta property=\"product:availability\" content=\"instock\" \/>\n<meta property=\"product:condition\" content=\"new\" \/>\n<!-- \/ Yoast SEO Premium plugin. -->","yoast_head_json":{"title":"Coating thickness gauge - Soliton","description":"With these coating thickness gauges for transparent coatings from ThetaMetresis, you can measure even the smallest coatings of a wide variety of materials.","robots":{"index":"index","follow":"follow","max-snippet":"max-snippet:-1","max-image-preview":"max-image-preview:large","max-video-preview":"max-video-preview:-1"},"canonical":"https:\/\/soliton-gmbh.de\/en\/product\/measurement-and-characterization-of-coating-thicknesses\/","og_locale":"en_US","og_type":"article","og_title":"Schichtdickenmessger\u00e4t f\u00fcr transparente Schichten","og_description":"Mit diesen Schichtdickenmessger\u00e4ten f\u00fcr transparente Schichten von ThetaMetresis messen Sie selbst kleinste Schichten verschiedenster Materialien.","og_url":"https:\/\/soliton-gmbh.de\/en\/product\/measurement-and-characterization-of-coating-thicknesses\/","og_site_name":"Soliton Laser- und Messtechnik GmbH","article_modified_time":"2026-05-04T15:58:51+00:00","og_image":[{"width":1500,"height":1501,"url":"https:\/\/soliton-gmbh.de\/wp-content\/uploads\/2024\/05\/Theta1.jpg","type":"image\/jpeg"}],"twitter_card":"summary_large_image","twitter_misc":{"Price":"&euro;0.00","Availability":"In stock"},"schema":{"@context":"https:\/\/schema.org","@graph":[{"@type":"WebPage","@id":"https:\/\/soliton-gmbh.de\/produkt\/messung-und-charakterisierung-von-schichtdicken\/","url":"https:\/\/soliton-gmbh.de\/produkt\/messung-und-charakterisierung-von-schichtdicken\/","name":"Coating thickness gauge - Soliton","isPartOf":{"@id":"https:\/\/soliton-gmbh.de\/#website"},"primaryImageOfPage":{"@id":"https:\/\/soliton-gmbh.de\/produkt\/messung-und-charakterisierung-von-schichtdicken\/#primaryimage"},"image":{"@id":"https:\/\/soliton-gmbh.de\/produkt\/messung-und-charakterisierung-von-schichtdicken\/#primaryimage"},"thumbnailUrl":"https:\/\/soliton-gmbh.de\/wp-content\/uploads\/2024\/05\/Theta1.jpg","datePublished":"2024-05-21T18:51:41+00:00","dateModified":"2026-05-04T15:58:51+00:00","description":"With these coating thickness gauges for transparent coatings from ThetaMetresis, you can measure even the smallest coatings of a wide variety of materials.","breadcrumb":{"@id":"https:\/\/soliton-gmbh.de\/produkt\/messung-und-charakterisierung-von-schichtdicken\/#breadcrumb"},"inLanguage":"en-US","potentialAction":[{"@type":"ReadAction","target":["https:\/\/soliton-gmbh.de\/produkt\/messung-und-charakterisierung-von-schichtdicken\/"]}]},{"@type":"ImageObject","inLanguage":"en-US","@id":"https:\/\/soliton-gmbh.de\/produkt\/messung-und-charakterisierung-von-schichtdicken\/#primaryimage","url":"https:\/\/soliton-gmbh.de\/wp-content\/uploads\/2024\/05\/Theta1.jpg","contentUrl":"https:\/\/soliton-gmbh.de\/wp-content\/uploads\/2024\/05\/Theta1.jpg","width":1500,"height":1501,"caption":"Thetametrisis Schichtdickenmessung"},{"@type":"BreadcrumbList","@id":"https:\/\/soliton-gmbh.de\/produkt\/messung-und-charakterisierung-von-schichtdicken\/#breadcrumb","itemListElement":[{"@type":"ListItem","position":1,"name":"Startseite","item":"https:\/\/soliton-gmbh.de\/"},{"@type":"ListItem","position":2,"name":"Produkte","item":"https:\/\/soliton-gmbh.de\/produkte\/"},{"@type":"ListItem","position":3,"name":"Schichtdickenmessger\u00e4t f\u00fcr transparente Schichten"}]},{"@type":"WebSite","@id":"https:\/\/soliton-gmbh.de\/#website","url":"https:\/\/soliton-gmbh.de\/","name":"Soliton Laser- und Messtechnik GmbH","description":"","publisher":{"@id":"https:\/\/soliton-gmbh.de\/#organization"},"potentialAction":[{"@type":"SearchAction","target":{"@type":"EntryPoint","urlTemplate":"https:\/\/soliton-gmbh.de\/?s={search_term_string}"},"query-input":{"@type":"PropertyValueSpecification","valueRequired":true,"valueName":"search_term_string"}}],"inLanguage":"en-US"},{"@type":"Organization","@id":"https:\/\/soliton-gmbh.de\/#organization","name":"Soliton GmbH","url":"https:\/\/soliton-gmbh.de\/","logo":{"@type":"ImageObject","inLanguage":"en-US","@id":"https:\/\/soliton-gmbh.de\/#\/schema\/logo\/image\/","url":"https:\/\/soliton-gmbh.de\/wp-content\/uploads\/2022\/08\/cropped-soliton-logo.png","contentUrl":"https:\/\/soliton-gmbh.de\/wp-content\/uploads\/2022\/08\/cropped-soliton-logo.png","width":500,"height":350,"caption":"Soliton GmbH"},"image":{"@id":"https:\/\/soliton-gmbh.de\/#\/schema\/logo\/image\/"}}]},"product_price_amount":"0.00","product_price_currency":"EUR","og_availability":"instock","product_availability":"instock","product_condition":"new"},"uagb_featured_image_src":{"full":["https:\/\/soliton-gmbh.de\/wp-content\/uploads\/2024\/05\/Theta1.jpg",1500,1501,false],"thumbnail":["https:\/\/soliton-gmbh.de\/wp-content\/uploads\/2024\/05\/Theta1-150x150.jpg",150,150,true],"medium":["https:\/\/soliton-gmbh.de\/wp-content\/uploads\/2024\/05\/Theta1-300x300.jpg",300,300,true],"medium_large":["https:\/\/soliton-gmbh.de\/wp-content\/uploads\/2024\/05\/Theta1-768x769.jpg",768,769,true],"large":["https:\/\/soliton-gmbh.de\/wp-content\/uploads\/2024\/05\/Theta1-1024x1024.jpg",1024,1024,true],"1536x1536":["https:\/\/soliton-gmbh.de\/wp-content\/uploads\/2024\/05\/Theta1.jpg",1500,1501,false],"2048x2048":["https:\/\/soliton-gmbh.de\/wp-content\/uploads\/2024\/05\/Theta1.jpg",1500,1501,false],"trp-custom-language-flag":["https:\/\/soliton-gmbh.de\/wp-content\/uploads\/2024\/05\/Theta1-12x12.jpg",12,12,true],"woocommerce_thumbnail":["https:\/\/soliton-gmbh.de\/wp-content\/uploads\/2024\/05\/Theta1-600x600.jpg",600,600,true],"woocommerce_single":["https:\/\/soliton-gmbh.de\/wp-content\/uploads\/2024\/05\/Theta1-1200x1201.jpg",1200,1201,true],"woocommerce_gallery_thumbnail":["https:\/\/soliton-gmbh.de\/wp-content\/uploads\/2024\/05\/Theta1-300x300.jpg",300,300,true]},"uagb_author_info":{"display_name":"Jonas Vogler","author_link":"https:\/\/soliton-gmbh.de\/en\/author\/"},"uagb_comment_info":0,"uagb_excerpt":"Messbereich: 1nm - 3mm Wellenl\u00e4ngen: 190 - 2500 nm Schnelle, zerst\u00f6rungsfreie Messung Benutzerfreundliche Software","_links":{"self":[{"href":"https:\/\/soliton-gmbh.de\/en\/wp-json\/wp\/v2\/product\/7543","targetHints":{"allow":["GET"]}}],"collection":[{"href":"https:\/\/soliton-gmbh.de\/en\/wp-json\/wp\/v2\/product"}],"about":[{"href":"https:\/\/soliton-gmbh.de\/en\/wp-json\/wp\/v2\/types\/product"}],"wp:featuredmedia":[{"embeddable":true,"href":"https:\/\/soliton-gmbh.de\/en\/wp-json\/wp\/v2\/media\/9427"}],"wp:attachment":[{"href":"https:\/\/soliton-gmbh.de\/en\/wp-json\/wp\/v2\/media?parent=7543"}],"wp:term":[{"taxonomy":"product_brand","embeddable":true,"href":"https:\/\/soliton-gmbh.de\/en\/wp-json\/wp\/v2\/product_brand?post=7543"},{"taxonomy":"product_cat","embeddable":true,"href":"https:\/\/soliton-gmbh.de\/en\/wp-json\/wp\/v2\/product_cat?post=7543"},{"taxonomy":"product_tag","embeddable":true,"href":"https:\/\/soliton-gmbh.de\/en\/wp-json\/wp\/v2\/product_tag?post=7543"}],"curies":[{"name":"wp","href":"https:\/\/api.w.org\/{rel}","templated":true}]}}