{"id":7182,"date":"2024-02-20T21:49:15","date_gmt":"2024-02-20T20:49:15","guid":{"rendered":"https:\/\/soliton-gmbh.de\/?post_type=product&#038;p=7182"},"modified":"2026-03-19T12:47:29","modified_gmt":"2026-03-19T11:47:29","slug":"silicon-carbide-optics","status":"publish","type":"product","link":"https:\/\/soliton-gmbh.de\/en\/produkt\/siliziumkarbid-optiken\/","title":{"rendered":"Silicon carbide optics"},"content":{"rendered":"<h1 data-start=\"189\" data-end=\"267\">Silicon carbide optics for the highest demands in industry and research<\/h1>\n<p data-start=\"338\" data-end=\"903\">The <strong data-start=\"342\" data-end=\"369\">Silicon carbide optics<\/strong> from Entegris set new standards in high-precision optics. Developed using the innovative SUPERSiC\u00ae material, they combine exceptional mechanical and thermal properties that far exceed the performance of conventional materials such as beryllium, aluminum, or glass. SUPERSiC\u00ae is a specially processed silicon carbide (SiC) developed by Entegris and characterized by high stiffness, strength, and excellent thermal conductivity \u2013 even under extreme conditions.<\/p>\n<p data-start=\"905\" data-end=\"1347\">The material demonstrates its stability, particularly in cryogenic environments such as those found in space travel or high-performance measurement technologies. At the same time, the absence of beryllium eliminates the health risks that can occur with many conventional high-performance optics. Thus, the <strong data-start=\"1226\" data-end=\"1253\">Silicon carbide optics<\/strong> from Entegris is a safe and future-proof alternative for demanding optical systems.<\/p>\n<h2 data-start=\"1349\" data-end=\"1422\">Diverse applications of silicon carbide optics in aviation, aerospace and industry<\/h2>\n<p data-start=\"1424\" data-end=\"1821\">The unique properties of SUPERSiC\u00ae make it an ideal choice for electro-optical systems in aerospace and industrial applications on Earth. Whether in precision mirror systems, laser technologies, or sensor platforms \u2013 wherever thermal stability, low weight, and high strength are required, these materials are used. <strong data-start=\"1780\" data-end=\"1807\">Silicon carbide optics<\/strong> for use.<\/p>\n<p data-start=\"1823\" data-end=\"2031\">Thanks to the combination of material expertise and manufacturing precision, Entegris offers solutions for applications where conventional materials reach their physical or safety limits.<\/p>","protected":false},"excerpt":{"rendered":"<p><a href=\"https:\/\/soliton-gmbh.de\/wp-content\/uploads\/2023\/02\/Entegrisd.png\"><img loading=\"lazy\" decoding=\"async\" class=\"alignnone wp-image-5903\" src=\"https:\/\/soliton-gmbh.de\/wp-content\/uploads\/2023\/02\/Entegrisd-300x71.png\" alt=\"Entegris\" width=\"152\" height=\"36\" srcset=\"https:\/\/soliton-gmbh.de\/wp-content\/uploads\/2023\/02\/Entegrisd-300x71.png 300w, https:\/\/soliton-gmbh.de\/wp-content\/uploads\/2023\/02\/Entegrisd-600x143.png 600w, https:\/\/soliton-gmbh.de\/wp-content\/uploads\/2023\/02\/Entegrisd-1200x286.png 1200w, https:\/\/soliton-gmbh.de\/wp-content\/uploads\/2023\/02\/Entegrisd-1024x244.png 1024w, https:\/\/soliton-gmbh.de\/wp-content\/uploads\/2023\/02\/Entegrisd-768x183.png 768w, https:\/\/soliton-gmbh.de\/wp-content\/uploads\/2023\/02\/Entegrisd-1536x366.png 1536w, https:\/\/soliton-gmbh.de\/wp-content\/uploads\/2023\/02\/Entegrisd-18x4.png 18w, https:\/\/soliton-gmbh.de\/wp-content\/uploads\/2023\/02\/Entegrisd.png 1582w\" sizes=\"auto, (max-width: 152px) 100vw, 152px\" \/><\/a><\/p>\n<ul>\n<li>Optics for aerospace applications<\/li>\n<li>For applications with the highest demands<\/li>\n<li>Entegris SUPERSiC \u00ae therefore offers:\n<ul>\n<li>High rigidity and strength<\/li>\n<li>Excellent thermal properties<\/li>\n<li>Excellent value for money<\/li>\n<\/ul>\n<\/li>\n<li>Individual and series production according to drawings<\/li>\n<\/ul>\n<p>Contact person: Mr. Michael Zerbin<\/p>","protected":false},"featured_media":7184,"template":"","meta":{"_acf_changed":false,"_uag_custom_page_level_css":"","site-sidebar-layout":"default","site-content-layout":"","ast-site-content-layout":"default","site-content-style":"default","site-sidebar-style":"default","ast-global-header-display":"","ast-banner-title-visibility":"","ast-main-header-display":"","ast-hfb-above-header-display":"","ast-hfb-below-header-display":"","ast-hfb-mobile-header-display":"","site-post-title":"","ast-breadcrumbs-content":"","ast-featured-img":"","footer-sml-layout":"","ast-disable-related-posts":"","theme-transparent-header-meta":"default","adv-header-id-meta":"","stick-header-meta":"default","header-above-stick-meta":"","header-main-stick-meta":"","header-below-stick-meta":"","astra-migrate-meta-layouts":"set","ast-page-background-enabled":"default","ast-page-background-meta":{"desktop":{"background-color":"","background-image":"","background-repeat":"repeat","background-position":"center center","background-size":"auto","background-attachment":"scroll","background-type":"","background-media":"","overlay-type":"","overlay-color":"","overlay-opacity":"","overlay-gradient":""},"tablet":{"background-color":"","background-image":"","background-repeat":"repeat","background-position":"center center","background-size":"auto","background-attachment":"scroll","background-type":"","background-media":"","overlay-type":"","overlay-color":"","overlay-opacity":"","overlay-gradient":""},"mobile":{"background-color":"","background-image":"","background-repeat":"repeat","background-position":"center center","background-size":"auto","background-attachment":"scroll","background-type":"","background-media":"","overlay-type":"","overlay-color":"","overlay-opacity":"","overlay-gradient":""}},"ast-content-background-meta":{"desktop":{"background-color":"var(--ast-global-color-5)","background-image":"","background-repeat":"repeat","background-position":"center center","background-size":"auto","background-attachment":"scroll","background-type":"","background-media":"","overlay-type":"","overlay-color":"","overlay-opacity":"","overlay-gradient":""},"tablet":{"background-color":"var(--ast-global-color-5)","background-image":"","background-repeat":"repeat","background-position":"center center","background-size":"auto","background-attachment":"scroll","background-type":"","background-media":"","overlay-type":"","overlay-color":"","overlay-opacity":"","overlay-gradient":""},"mobile":{"background-color":"var(--ast-global-color-5)","background-image":"","background-repeat":"repeat","background-position":"center center","background-size":"auto","background-attachment":"scroll","background-type":"","background-media":"","overlay-type":"","overlay-color":"","overlay-opacity":"","overlay-gradient":""}}},"product_brand":[],"product_cat":[402],"product_tag":[400,401],"class_list":{"0":"post-7182","1":"product","2":"type-product","3":"status-publish","4":"has-post-thumbnail","6":"product_cat-entegris-siliziumkarbid-materialien","7":"product_tag-siliziumkarbid-optiken","8":"product_tag-supersic","9":"desktop-align-left","10":"tablet-align-center","11":"mobile-align-center","12":"ast-product-gallery-layout-horizontal-slider","13":"ast-magnify-disabled","14":"ast-product-tabs-layout-horizontal","16":"first","17":"instock","18":"virtual","19":"sold-individually","20":"purchasable","21":"product-type-simple"},"acf":[],"yoast_head":"<!-- This site is optimized with the Yoast SEO Premium plugin v27.2 (Yoast SEO v27.4) - https:\/\/yoast.com\/product\/yoast-seo-premium-wordpress\/ -->\n<title>Siliciumcarbid Optiken - Soliton<\/title>\n<meta name=\"description\" content=\"Hochpr\u00e4zise Siliciumcarbid Optiken von Entegris \u2013 robust, thermisch stabil und berylliumfrei f\u00fcr anspruchsvolle Anwendungen in Luft- und Raumfahrt.\" \/>\n<meta name=\"robots\" content=\"index, follow, max-snippet:-1, max-image-preview:large, max-video-preview:-1\" \/>\n<link rel=\"canonical\" href=\"https:\/\/soliton-gmbh.de\/en\/product\/silicon-carbide-optics\/\" \/>\n<meta property=\"og:locale\" content=\"en_US\" \/>\n<meta property=\"og:type\" content=\"article\" \/>\n<meta property=\"og:title\" content=\"Siliciumcarbid Optiken\" \/>\n<meta property=\"og:description\" content=\"Hochpr\u00e4zise Siliciumcarbid Optiken von Entegris \u2013 robust, thermisch stabil und berylliumfrei f\u00fcr anspruchsvolle Anwendungen in Luft- und Raumfahrt.\" \/>\n<meta property=\"og:url\" content=\"https:\/\/soliton-gmbh.de\/en\/product\/silicon-carbide-optics\/\" \/>\n<meta property=\"og:site_name\" content=\"Soliton Laser- und Messtechnik GmbH\" \/>\n<meta property=\"article:modified_time\" content=\"2026-03-19T11:47:29+00:00\" \/>\n<meta property=\"og:image\" content=\"https:\/\/soliton-gmbh.de\/wp-content\/uploads\/2024\/02\/SiC_Large_Mirrors-300-1118.jpg\" \/>\n\t<meta property=\"og:image:width\" content=\"1200\" \/>\n\t<meta property=\"og:image:height\" content=\"1500\" \/>\n\t<meta property=\"og:image:type\" content=\"image\/jpeg\" \/>\n<meta name=\"twitter:card\" content=\"summary_large_image\" \/>\n<meta name=\"twitter:label1\" content=\"Price\" \/>\n\t<meta name=\"twitter:data1\" content=\"&euro;0.00\" \/>\n\t<meta name=\"twitter:label2\" content=\"Availability\" \/>\n\t<meta name=\"twitter:data2\" content=\"In stock\" \/>\n<script type=\"application\/ld+json\" class=\"yoast-schema-graph\">{\"@context\":\"https:\\\/\\\/schema.org\",\"@graph\":[{\"@type\":\"WebPage\",\"@id\":\"https:\\\/\\\/soliton-gmbh.de\\\/produkt\\\/siliziumkarbid-optiken\\\/\",\"url\":\"https:\\\/\\\/soliton-gmbh.de\\\/produkt\\\/siliziumkarbid-optiken\\\/\",\"name\":\"Siliciumcarbid Optiken - Soliton\",\"isPartOf\":{\"@id\":\"https:\\\/\\\/soliton-gmbh.de\\\/#website\"},\"primaryImageOfPage\":{\"@id\":\"https:\\\/\\\/soliton-gmbh.de\\\/produkt\\\/siliziumkarbid-optiken\\\/#primaryimage\"},\"image\":{\"@id\":\"https:\\\/\\\/soliton-gmbh.de\\\/produkt\\\/siliziumkarbid-optiken\\\/#primaryimage\"},\"thumbnailUrl\":\"https:\\\/\\\/soliton-gmbh.de\\\/wp-content\\\/uploads\\\/2024\\\/02\\\/SiC_Large_Mirrors-300-1118.jpg\",\"datePublished\":\"2024-02-20T20:49:15+00:00\",\"dateModified\":\"2026-03-19T11:47:29+00:00\",\"description\":\"Hochpr\u00e4zise Siliciumcarbid Optiken von Entegris \u2013 robust, thermisch stabil und berylliumfrei f\u00fcr anspruchsvolle Anwendungen in Luft- und Raumfahrt.\",\"breadcrumb\":{\"@id\":\"https:\\\/\\\/soliton-gmbh.de\\\/produkt\\\/siliziumkarbid-optiken\\\/#breadcrumb\"},\"inLanguage\":\"en-US\",\"potentialAction\":[{\"@type\":\"ReadAction\",\"target\":[\"https:\\\/\\\/soliton-gmbh.de\\\/produkt\\\/siliziumkarbid-optiken\\\/\"]}]},{\"@type\":\"ImageObject\",\"inLanguage\":\"en-US\",\"@id\":\"https:\\\/\\\/soliton-gmbh.de\\\/produkt\\\/siliziumkarbid-optiken\\\/#primaryimage\",\"url\":\"https:\\\/\\\/soliton-gmbh.de\\\/wp-content\\\/uploads\\\/2024\\\/02\\\/SiC_Large_Mirrors-300-1118.jpg\",\"contentUrl\":\"https:\\\/\\\/soliton-gmbh.de\\\/wp-content\\\/uploads\\\/2024\\\/02\\\/SiC_Large_Mirrors-300-1118.jpg\",\"width\":1200,\"height\":1500,\"caption\":\"Silicium Carbid Optik SUPERSiC\u00ae von Entegris f\u00fcr Hochleistungsanwendungen in Raumfahrt und Industrie\"},{\"@type\":\"BreadcrumbList\",\"@id\":\"https:\\\/\\\/soliton-gmbh.de\\\/produkt\\\/siliziumkarbid-optiken\\\/#breadcrumb\",\"itemListElement\":[{\"@type\":\"ListItem\",\"position\":1,\"name\":\"Startseite\",\"item\":\"https:\\\/\\\/soliton-gmbh.de\\\/\"},{\"@type\":\"ListItem\",\"position\":2,\"name\":\"Produkte\",\"item\":\"https:\\\/\\\/soliton-gmbh.de\\\/produkte\\\/\"},{\"@type\":\"ListItem\",\"position\":3,\"name\":\"Siliciumcarbid Optiken\"}]},{\"@type\":\"WebSite\",\"@id\":\"https:\\\/\\\/soliton-gmbh.de\\\/#website\",\"url\":\"https:\\\/\\\/soliton-gmbh.de\\\/\",\"name\":\"Soliton Laser- und Messtechnik GmbH\",\"description\":\"\",\"publisher\":{\"@id\":\"https:\\\/\\\/soliton-gmbh.de\\\/#organization\"},\"potentialAction\":[{\"@type\":\"SearchAction\",\"target\":{\"@type\":\"EntryPoint\",\"urlTemplate\":\"https:\\\/\\\/soliton-gmbh.de\\\/?s={search_term_string}\"},\"query-input\":{\"@type\":\"PropertyValueSpecification\",\"valueRequired\":true,\"valueName\":\"search_term_string\"}}],\"inLanguage\":\"en-US\"},{\"@type\":\"Organization\",\"@id\":\"https:\\\/\\\/soliton-gmbh.de\\\/#organization\",\"name\":\"Soliton GmbH\",\"url\":\"https:\\\/\\\/soliton-gmbh.de\\\/\",\"logo\":{\"@type\":\"ImageObject\",\"inLanguage\":\"en-US\",\"@id\":\"https:\\\/\\\/soliton-gmbh.de\\\/#\\\/schema\\\/logo\\\/image\\\/\",\"url\":\"https:\\\/\\\/soliton-gmbh.de\\\/wp-content\\\/uploads\\\/2022\\\/08\\\/cropped-soliton-logo.png\",\"contentUrl\":\"https:\\\/\\\/soliton-gmbh.de\\\/wp-content\\\/uploads\\\/2022\\\/08\\\/cropped-soliton-logo.png\",\"width\":500,\"height\":350,\"caption\":\"Soliton GmbH\"},\"image\":{\"@id\":\"https:\\\/\\\/soliton-gmbh.de\\\/#\\\/schema\\\/logo\\\/image\\\/\"}}]}<\/script>\n<meta property=\"product:price:amount\" content=\"0.00\" \/>\n<meta property=\"product:price:currency\" content=\"EUR\" \/>\n<meta property=\"og:availability\" content=\"instock\" \/>\n<meta property=\"product:availability\" content=\"instock\" \/>\n<meta property=\"product:condition\" content=\"new\" \/>\n<!-- \/ Yoast SEO Premium plugin. -->","yoast_head_json":{"title":"Silicon carbide optics - Soliton","description":"High-precision silicon carbide optics from Entegris - robust, thermally stable and beryllium-free for demanding aerospace applications.","robots":{"index":"index","follow":"follow","max-snippet":"max-snippet:-1","max-image-preview":"max-image-preview:large","max-video-preview":"max-video-preview:-1"},"canonical":"https:\/\/soliton-gmbh.de\/en\/product\/silicon-carbide-optics\/","og_locale":"en_US","og_type":"article","og_title":"Siliciumcarbid Optiken","og_description":"Hochpr\u00e4zise Siliciumcarbid Optiken von Entegris \u2013 robust, thermisch stabil und berylliumfrei f\u00fcr anspruchsvolle Anwendungen in Luft- und Raumfahrt.","og_url":"https:\/\/soliton-gmbh.de\/en\/product\/silicon-carbide-optics\/","og_site_name":"Soliton Laser- und Messtechnik GmbH","article_modified_time":"2026-03-19T11:47:29+00:00","og_image":[{"width":1200,"height":1500,"url":"https:\/\/soliton-gmbh.de\/wp-content\/uploads\/2024\/02\/SiC_Large_Mirrors-300-1118.jpg","type":"image\/jpeg"}],"twitter_card":"summary_large_image","twitter_misc":{"Price":"&euro;0.00","Availability":"In stock"},"schema":{"@context":"https:\/\/schema.org","@graph":[{"@type":"WebPage","@id":"https:\/\/soliton-gmbh.de\/produkt\/siliziumkarbid-optiken\/","url":"https:\/\/soliton-gmbh.de\/produkt\/siliziumkarbid-optiken\/","name":"Silicon carbide optics - Soliton","isPartOf":{"@id":"https:\/\/soliton-gmbh.de\/#website"},"primaryImageOfPage":{"@id":"https:\/\/soliton-gmbh.de\/produkt\/siliziumkarbid-optiken\/#primaryimage"},"image":{"@id":"https:\/\/soliton-gmbh.de\/produkt\/siliziumkarbid-optiken\/#primaryimage"},"thumbnailUrl":"https:\/\/soliton-gmbh.de\/wp-content\/uploads\/2024\/02\/SiC_Large_Mirrors-300-1118.jpg","datePublished":"2024-02-20T20:49:15+00:00","dateModified":"2026-03-19T11:47:29+00:00","description":"High-precision silicon carbide optics from Entegris - robust, thermally stable and beryllium-free for demanding aerospace applications.","breadcrumb":{"@id":"https:\/\/soliton-gmbh.de\/produkt\/siliziumkarbid-optiken\/#breadcrumb"},"inLanguage":"en-US","potentialAction":[{"@type":"ReadAction","target":["https:\/\/soliton-gmbh.de\/produkt\/siliziumkarbid-optiken\/"]}]},{"@type":"ImageObject","inLanguage":"en-US","@id":"https:\/\/soliton-gmbh.de\/produkt\/siliziumkarbid-optiken\/#primaryimage","url":"https:\/\/soliton-gmbh.de\/wp-content\/uploads\/2024\/02\/SiC_Large_Mirrors-300-1118.jpg","contentUrl":"https:\/\/soliton-gmbh.de\/wp-content\/uploads\/2024\/02\/SiC_Large_Mirrors-300-1118.jpg","width":1200,"height":1500,"caption":"Silicium Carbid Optik SUPERSiC\u00ae von Entegris f\u00fcr Hochleistungsanwendungen in Raumfahrt und Industrie"},{"@type":"BreadcrumbList","@id":"https:\/\/soliton-gmbh.de\/produkt\/siliziumkarbid-optiken\/#breadcrumb","itemListElement":[{"@type":"ListItem","position":1,"name":"Startseite","item":"https:\/\/soliton-gmbh.de\/"},{"@type":"ListItem","position":2,"name":"Produkte","item":"https:\/\/soliton-gmbh.de\/produkte\/"},{"@type":"ListItem","position":3,"name":"Siliciumcarbid Optiken"}]},{"@type":"WebSite","@id":"https:\/\/soliton-gmbh.de\/#website","url":"https:\/\/soliton-gmbh.de\/","name":"Soliton Laser- und Messtechnik GmbH","description":"","publisher":{"@id":"https:\/\/soliton-gmbh.de\/#organization"},"potentialAction":[{"@type":"SearchAction","target":{"@type":"EntryPoint","urlTemplate":"https:\/\/soliton-gmbh.de\/?s={search_term_string}"},"query-input":{"@type":"PropertyValueSpecification","valueRequired":true,"valueName":"search_term_string"}}],"inLanguage":"en-US"},{"@type":"Organization","@id":"https:\/\/soliton-gmbh.de\/#organization","name":"Soliton GmbH","url":"https:\/\/soliton-gmbh.de\/","logo":{"@type":"ImageObject","inLanguage":"en-US","@id":"https:\/\/soliton-gmbh.de\/#\/schema\/logo\/image\/","url":"https:\/\/soliton-gmbh.de\/wp-content\/uploads\/2022\/08\/cropped-soliton-logo.png","contentUrl":"https:\/\/soliton-gmbh.de\/wp-content\/uploads\/2022\/08\/cropped-soliton-logo.png","width":500,"height":350,"caption":"Soliton GmbH"},"image":{"@id":"https:\/\/soliton-gmbh.de\/#\/schema\/logo\/image\/"}}]},"product_price_amount":"0.00","product_price_currency":"EUR","og_availability":"instock","product_availability":"instock","product_condition":"new"},"uagb_featured_image_src":{"full":["https:\/\/soliton-gmbh.de\/wp-content\/uploads\/2024\/02\/SiC_Large_Mirrors-300-1118.jpg",1200,1500,false],"thumbnail":["https:\/\/soliton-gmbh.de\/wp-content\/uploads\/2024\/02\/SiC_Large_Mirrors-300-1118-150x150.jpg",150,150,true],"medium":["https:\/\/soliton-gmbh.de\/wp-content\/uploads\/2024\/02\/SiC_Large_Mirrors-300-1118-240x300.jpg",240,300,true],"medium_large":["https:\/\/soliton-gmbh.de\/wp-content\/uploads\/2024\/02\/SiC_Large_Mirrors-300-1118-768x960.jpg",768,960,true],"large":["https:\/\/soliton-gmbh.de\/wp-content\/uploads\/2024\/02\/SiC_Large_Mirrors-300-1118-819x1024.jpg",819,1024,true],"1536x1536":["https:\/\/soliton-gmbh.de\/wp-content\/uploads\/2024\/02\/SiC_Large_Mirrors-300-1118.jpg",1200,1500,false],"2048x2048":["https:\/\/soliton-gmbh.de\/wp-content\/uploads\/2024\/02\/SiC_Large_Mirrors-300-1118.jpg",1200,1500,false],"trp-custom-language-flag":["https:\/\/soliton-gmbh.de\/wp-content\/uploads\/2024\/02\/SiC_Large_Mirrors-300-1118-10x12.jpg",10,12,true],"woocommerce_thumbnail":["https:\/\/soliton-gmbh.de\/wp-content\/uploads\/2024\/02\/SiC_Large_Mirrors-300-1118-600x750.jpg",600,750,true],"woocommerce_single":["https:\/\/soliton-gmbh.de\/wp-content\/uploads\/2024\/02\/SiC_Large_Mirrors-300-1118.jpg",1200,1500,false],"woocommerce_gallery_thumbnail":["https:\/\/soliton-gmbh.de\/wp-content\/uploads\/2024\/02\/SiC_Large_Mirrors-300-1118-300x300.jpg",300,300,true]},"uagb_author_info":{"display_name":"Jonas Vogler","author_link":"https:\/\/soliton-gmbh.de\/en\/author\/"},"uagb_comment_info":0,"uagb_excerpt":"Optiken f\u00fcr Luft- und Raumfahrtanwendungen F\u00fcr Anwendungen mit h\u00f6chsten Anspr\u00fcchen Entegris SUPERSiC \u00ae bietet deshalb: Hohe Steifigkeit und Festigkeit Hervorragende thermische Eigenschaften Ausgezeichnetes Preis-Leistungs-Verh\u00e4ltnis Einzel- und Serienfertigung nach Zeichnung Ansprechpartner: Hr. Michael Zerbin","_links":{"self":[{"href":"https:\/\/soliton-gmbh.de\/en\/wp-json\/wp\/v2\/product\/7182","targetHints":{"allow":["GET"]}}],"collection":[{"href":"https:\/\/soliton-gmbh.de\/en\/wp-json\/wp\/v2\/product"}],"about":[{"href":"https:\/\/soliton-gmbh.de\/en\/wp-json\/wp\/v2\/types\/product"}],"wp:featuredmedia":[{"embeddable":true,"href":"https:\/\/soliton-gmbh.de\/en\/wp-json\/wp\/v2\/media\/7184"}],"wp:attachment":[{"href":"https:\/\/soliton-gmbh.de\/en\/wp-json\/wp\/v2\/media?parent=7182"}],"wp:term":[{"taxonomy":"product_brand","embeddable":true,"href":"https:\/\/soliton-gmbh.de\/en\/wp-json\/wp\/v2\/product_brand?post=7182"},{"taxonomy":"product_cat","embeddable":true,"href":"https:\/\/soliton-gmbh.de\/en\/wp-json\/wp\/v2\/product_cat?post=7182"},{"taxonomy":"product_tag","embeddable":true,"href":"https:\/\/soliton-gmbh.de\/en\/wp-json\/wp\/v2\/product_tag?post=7182"}],"curies":[{"name":"wp","href":"https:\/\/api.w.org\/{rel}","templated":true}]}}