{"id":6463,"date":"2024-01-11T00:22:09","date_gmt":"2024-01-10T23:22:09","guid":{"rendered":"https:\/\/soliton-gmbh.de\/?post_type=product&#038;p=6463"},"modified":"2026-04-16T00:19:21","modified_gmt":"2026-04-15T22:19:21","slug":"measuring-device-for-the-determination-of-contours","status":"publish","type":"product","link":"https:\/\/soliton-gmbh.de\/en\/produkt\/messgeraet-zu-bestimmung-von-konturen\/","title":{"rendered":"Measuring device for determining contours"},"content":{"rendered":"<p>The PGS100 contour measuring device from SM Instruments captures 2D profiles and contours in an extremely simple and intuitive way.<\/p>\n<p>It enables measurements with a usable measuring range of 130 mm in length and 50 mm in height. The software is not only very easy to use, but also intuitive. In addition, the Profile Studio software program is equipped with all the necessary CAD functions. These are required for dimensioning in the measurement report and for reliable control of your parts. In addition, programs for automation, which are used for series measurements, for example, can be created quickly and easily.<\/p>\n<p>The PGS100 comes standard with a work table with a &quot;T&quot; slot and a 32 mm measuring probe. These components can be supplemented with suitable accessories, such as the &quot;positioner&quot; with 3 or 4 degrees of freedom and the precision vice for fixing parts. The profilometer is calibrated using software and a special calibration probe.<\/p>\n<p>The measuring device for determining contours combines a very simple, cost-effective approach with the hand-crank adjustable column, the wide range of software functions and the accuracy of a complete profilometer. All contours can be recorded and evaluated using various probes.<\/p>","protected":false},"excerpt":{"rendered":"<p><a href=\"https:\/\/soliton-gmbh.de\/wp-content\/uploads\/2024\/08\/Logo_SM.jpg\"><img loading=\"lazy\" decoding=\"async\" class=\"alignnone wp-image-9082\" src=\"https:\/\/soliton-gmbh.de\/wp-content\/uploads\/2024\/08\/Logo_SM-300x135.jpg\" alt=\"\" width=\"151\" height=\"68\" srcset=\"https:\/\/soliton-gmbh.de\/wp-content\/uploads\/2024\/08\/Logo_SM-300x135.jpg 300w, https:\/\/soliton-gmbh.de\/wp-content\/uploads\/2024\/08\/Logo_SM-1024x461.jpg 1024w, https:\/\/soliton-gmbh.de\/wp-content\/uploads\/2024\/08\/Logo_SM-768x346.jpg 768w, https:\/\/soliton-gmbh.de\/wp-content\/uploads\/2024\/08\/Logo_SM-1536x691.jpg 1536w, https:\/\/soliton-gmbh.de\/wp-content\/uploads\/2024\/08\/Logo_SM-18x8.jpg 18w, https:\/\/soliton-gmbh.de\/wp-content\/uploads\/2024\/08\/Logo_SM-600x270.jpg 600w, https:\/\/soliton-gmbh.de\/wp-content\/uploads\/2024\/08\/Logo_SM-1200x540.jpg 1200w, https:\/\/soliton-gmbh.de\/wp-content\/uploads\/2024\/08\/Logo_SM.jpg 1598w\" sizes=\"auto, (max-width: 151px) 100vw, 151px\" \/><\/a><\/p>\n<ul>\n<li>Contour measuring device for profiles and shapes<\/li>\n<li>Resolution 0.2\u00b5m<\/li>\n<li>Measuring range:\n<ul>\n<li>130mm horizontal (distance in X direction)<\/li>\n<li>50mm vertical (distance in Y direction)<\/li>\n<li>320mm travel (in Y direction)<\/li>\n<\/ul>\n<\/li>\n<li>Meets all common standards (ISO, DIN)<\/li>\n<li>Measuring speed 0.2mm\/s \u2013 2mm\/s<\/li>\n<li>Reports ready-made or freely designed<\/li>\n<li>Semi-automatic measurements possible<\/li>\n<\/ul>","protected":false},"featured_media":9102,"template":"","meta":{"_acf_changed":false,"_uag_custom_page_level_css":"","site-sidebar-layout":"default","site-content-layout":"","ast-site-content-layout":"default","site-content-style":"default","site-sidebar-style":"default","ast-global-header-display":"","ast-banner-title-visibility":"","ast-main-header-display":"","ast-hfb-above-header-display":"","ast-hfb-below-header-display":"","ast-hfb-mobile-header-display":"","site-post-title":"","ast-breadcrumbs-content":"","ast-featured-img":"","footer-sml-layout":"","ast-disable-related-posts":"","theme-transparent-header-meta":"default","adv-header-id-meta":"","stick-header-meta":"default","header-above-stick-meta":"","header-main-stick-meta":"","header-below-stick-meta":"","astra-migrate-meta-layouts":"set","ast-page-background-enabled":"default","ast-page-background-meta":{"desktop":{"background-color":"","background-image":"","background-repeat":"repeat","background-position":"center center","background-size":"auto","background-attachment":"scroll","background-type":"","background-media":"","overlay-type":"","overlay-color":"","overlay-opacity":"","overlay-gradient":""},"tablet":{"background-color":"","background-image":"","background-repeat":"repeat","background-position":"center center","background-size":"auto","background-attachment":"scroll","background-type":"","background-media":"","overlay-type":"","overlay-color":"","overlay-opacity":"","overlay-gradient":""},"mobile":{"background-color":"","background-image":"","background-repeat":"repeat","background-position":"center center","background-size":"auto","background-attachment":"scroll","background-type":"","background-media":"","overlay-type":"","overlay-color":"","overlay-opacity":"","overlay-gradient":""}},"ast-content-background-meta":{"desktop":{"background-color":"var(--ast-global-color-5)","background-image":"","background-repeat":"repeat","background-position":"center center","background-size":"auto","background-attachment":"scroll","background-type":"","background-media":"","overlay-type":"","overlay-color":"","overlay-opacity":"","overlay-gradient":""},"tablet":{"background-color":"var(--ast-global-color-5)","background-image":"","background-repeat":"repeat","background-position":"center center","background-size":"auto","background-attachment":"scroll","background-type":"","background-media":"","overlay-type":"","overlay-color":"","overlay-opacity":"","overlay-gradient":""},"mobile":{"background-color":"var(--ast-global-color-5)","background-image":"","background-repeat":"repeat","background-position":"center center","background-size":"auto","background-attachment":"scroll","background-type":"","background-media":"","overlay-type":"","overlay-color":"","overlay-opacity":"","overlay-gradient":""}}},"product_brand":[1635],"product_cat":[380],"product_tag":[1184,386,387],"class_list":{"0":"post-6463","1":"product","2":"type-product","3":"status-publish","4":"has-post-thumbnail","6":"product_brand-sm-metrology","7":"product_cat-taktile_messtechnik","8":"product_tag-konturmessgeraet","9":"product_tag-pgs100","10":"product_tag-profilometer","11":"desktop-align-left","12":"tablet-align-center","13":"mobile-align-center","14":"ast-product-gallery-layout-horizontal-slider","15":"ast-magnify-disabled","16":"ast-product-tabs-layout-horizontal","18":"first","19":"instock","20":"virtual","21":"sold-individually","22":"purchasable","23":"product-type-simple"},"acf":[],"yoast_head":"<!-- This site is optimized with the Yoast SEO Premium plugin v27.2 (Yoast SEO v27.4) - https:\/\/yoast.com\/product\/yoast-seo-premium-wordpress\/ -->\n<title>Messger\u00e4t zur Bestimmung von Konturen - Soliton<\/title>\n<meta name=\"description\" content=\"Das Messger\u00e4t zu Bestimmung von Schichtdicken PGS100 von SM Instruments erfasst 2D-Profile und Konturen auf eine \u00e4u\u00dferst einfache und intuitive Weise.\" \/>\n<meta name=\"robots\" content=\"index, follow, max-snippet:-1, max-image-preview:large, max-video-preview:-1\" \/>\n<link rel=\"canonical\" href=\"https:\/\/soliton-gmbh.de\/en\/product\/measuring-device-for-the-determination-of-contours\/\" \/>\n<meta property=\"og:locale\" content=\"en_US\" \/>\n<meta property=\"og:type\" content=\"article\" \/>\n<meta property=\"og:title\" content=\"Messger\u00e4t zur Bestimmung von Konturen\" \/>\n<meta property=\"og:description\" content=\"Das Messger\u00e4t zu Bestimmung von Schichtdicken PGS100 von SM Instruments erfasst 2D-Profile und Konturen auf eine \u00e4u\u00dferst einfache und intuitive Weise.\" \/>\n<meta property=\"og:url\" content=\"https:\/\/soliton-gmbh.de\/en\/product\/measuring-device-for-the-determination-of-contours\/\" \/>\n<meta property=\"og:site_name\" content=\"Soliton Laser- und Messtechnik GmbH\" \/>\n<meta property=\"article:modified_time\" content=\"2026-04-15T22:19:21+00:00\" \/>\n<meta property=\"og:image\" content=\"https:\/\/soliton-gmbh.de\/wp-content\/uploads\/2024\/01\/PGS1.jpg\" \/>\n\t<meta property=\"og:image:width\" content=\"1500\" \/>\n\t<meta property=\"og:image:height\" content=\"1460\" \/>\n\t<meta property=\"og:image:type\" content=\"image\/jpeg\" \/>\n<meta name=\"twitter:card\" content=\"summary_large_image\" \/>\n<meta name=\"twitter:label1\" content=\"Price\" \/>\n\t<meta name=\"twitter:data1\" content=\"&euro;0.00\" \/>\n\t<meta name=\"twitter:label2\" content=\"Availability\" \/>\n\t<meta name=\"twitter:data2\" content=\"In stock\" \/>\n<script type=\"application\/ld+json\" class=\"yoast-schema-graph\">{\"@context\":\"https:\\\/\\\/schema.org\",\"@graph\":[{\"@type\":\"WebPage\",\"@id\":\"https:\\\/\\\/soliton-gmbh.de\\\/produkt\\\/messgeraet-zu-bestimmung-von-konturen\\\/\",\"url\":\"https:\\\/\\\/soliton-gmbh.de\\\/produkt\\\/messgeraet-zu-bestimmung-von-konturen\\\/\",\"name\":\"Messger\u00e4t zur Bestimmung von Konturen - Soliton\",\"isPartOf\":{\"@id\":\"https:\\\/\\\/soliton-gmbh.de\\\/#website\"},\"primaryImageOfPage\":{\"@id\":\"https:\\\/\\\/soliton-gmbh.de\\\/produkt\\\/messgeraet-zu-bestimmung-von-konturen\\\/#primaryimage\"},\"image\":{\"@id\":\"https:\\\/\\\/soliton-gmbh.de\\\/produkt\\\/messgeraet-zu-bestimmung-von-konturen\\\/#primaryimage\"},\"thumbnailUrl\":\"https:\\\/\\\/soliton-gmbh.de\\\/wp-content\\\/uploads\\\/2024\\\/01\\\/PGS1.jpg\",\"datePublished\":\"2024-01-10T23:22:09+00:00\",\"dateModified\":\"2026-04-15T22:19:21+00:00\",\"description\":\"Das Messger\u00e4t zu Bestimmung von Schichtdicken PGS100 von SM Instruments erfasst 2D-Profile und Konturen auf eine \u00e4u\u00dferst einfache und intuitive Weise.\",\"breadcrumb\":{\"@id\":\"https:\\\/\\\/soliton-gmbh.de\\\/produkt\\\/messgeraet-zu-bestimmung-von-konturen\\\/#breadcrumb\"},\"inLanguage\":\"en-US\",\"potentialAction\":[{\"@type\":\"ReadAction\",\"target\":[\"https:\\\/\\\/soliton-gmbh.de\\\/produkt\\\/messgeraet-zu-bestimmung-von-konturen\\\/\"]}]},{\"@type\":\"ImageObject\",\"inLanguage\":\"en-US\",\"@id\":\"https:\\\/\\\/soliton-gmbh.de\\\/produkt\\\/messgeraet-zu-bestimmung-von-konturen\\\/#primaryimage\",\"url\":\"https:\\\/\\\/soliton-gmbh.de\\\/wp-content\\\/uploads\\\/2024\\\/01\\\/PGS1.jpg\",\"contentUrl\":\"https:\\\/\\\/soliton-gmbh.de\\\/wp-content\\\/uploads\\\/2024\\\/01\\\/PGS1.jpg\",\"width\":1500,\"height\":1460},{\"@type\":\"BreadcrumbList\",\"@id\":\"https:\\\/\\\/soliton-gmbh.de\\\/produkt\\\/messgeraet-zu-bestimmung-von-konturen\\\/#breadcrumb\",\"itemListElement\":[{\"@type\":\"ListItem\",\"position\":1,\"name\":\"Startseite\",\"item\":\"https:\\\/\\\/soliton-gmbh.de\\\/\"},{\"@type\":\"ListItem\",\"position\":2,\"name\":\"Produkte\",\"item\":\"https:\\\/\\\/soliton-gmbh.de\\\/produkte\\\/\"},{\"@type\":\"ListItem\",\"position\":3,\"name\":\"Messger\u00e4t zur Bestimmung von Konturen\"}]},{\"@type\":\"WebSite\",\"@id\":\"https:\\\/\\\/soliton-gmbh.de\\\/#website\",\"url\":\"https:\\\/\\\/soliton-gmbh.de\\\/\",\"name\":\"Soliton Laser- und Messtechnik GmbH\",\"description\":\"\",\"publisher\":{\"@id\":\"https:\\\/\\\/soliton-gmbh.de\\\/#organization\"},\"potentialAction\":[{\"@type\":\"SearchAction\",\"target\":{\"@type\":\"EntryPoint\",\"urlTemplate\":\"https:\\\/\\\/soliton-gmbh.de\\\/?s={search_term_string}\"},\"query-input\":{\"@type\":\"PropertyValueSpecification\",\"valueRequired\":true,\"valueName\":\"search_term_string\"}}],\"inLanguage\":\"en-US\"},{\"@type\":\"Organization\",\"@id\":\"https:\\\/\\\/soliton-gmbh.de\\\/#organization\",\"name\":\"Soliton GmbH\",\"url\":\"https:\\\/\\\/soliton-gmbh.de\\\/\",\"logo\":{\"@type\":\"ImageObject\",\"inLanguage\":\"en-US\",\"@id\":\"https:\\\/\\\/soliton-gmbh.de\\\/#\\\/schema\\\/logo\\\/image\\\/\",\"url\":\"https:\\\/\\\/soliton-gmbh.de\\\/wp-content\\\/uploads\\\/2022\\\/08\\\/cropped-soliton-logo.png\",\"contentUrl\":\"https:\\\/\\\/soliton-gmbh.de\\\/wp-content\\\/uploads\\\/2022\\\/08\\\/cropped-soliton-logo.png\",\"width\":500,\"height\":350,\"caption\":\"Soliton GmbH\"},\"image\":{\"@id\":\"https:\\\/\\\/soliton-gmbh.de\\\/#\\\/schema\\\/logo\\\/image\\\/\"}}]}<\/script>\n<meta property=\"product:price:amount\" content=\"0.00\" \/>\n<meta property=\"product:price:currency\" content=\"EUR\" \/>\n<meta property=\"og:availability\" content=\"instock\" \/>\n<meta property=\"product:availability\" content=\"instock\" \/>\n<meta property=\"product:condition\" content=\"new\" \/>\n<!-- \/ Yoast SEO Premium plugin. -->","yoast_head_json":{"title":"Measuring device for determining contours - Soliton","description":"The PGS100 coating thickness gauge from SM Instruments captures 2D profiles and contours in an extremely simple and intuitive way.","robots":{"index":"index","follow":"follow","max-snippet":"max-snippet:-1","max-image-preview":"max-image-preview:large","max-video-preview":"max-video-preview:-1"},"canonical":"https:\/\/soliton-gmbh.de\/en\/product\/measuring-device-for-the-determination-of-contours\/","og_locale":"en_US","og_type":"article","og_title":"Messger\u00e4t zur Bestimmung von Konturen","og_description":"Das Messger\u00e4t zu Bestimmung von Schichtdicken PGS100 von SM Instruments erfasst 2D-Profile und Konturen auf eine \u00e4u\u00dferst einfache und intuitive Weise.","og_url":"https:\/\/soliton-gmbh.de\/en\/product\/measuring-device-for-the-determination-of-contours\/","og_site_name":"Soliton Laser- und Messtechnik GmbH","article_modified_time":"2026-04-15T22:19:21+00:00","og_image":[{"width":1500,"height":1460,"url":"https:\/\/soliton-gmbh.de\/wp-content\/uploads\/2024\/01\/PGS1.jpg","type":"image\/jpeg"}],"twitter_card":"summary_large_image","twitter_misc":{"Price":"&euro;0.00","Availability":"In stock"},"schema":{"@context":"https:\/\/schema.org","@graph":[{"@type":"WebPage","@id":"https:\/\/soliton-gmbh.de\/produkt\/messgeraet-zu-bestimmung-von-konturen\/","url":"https:\/\/soliton-gmbh.de\/produkt\/messgeraet-zu-bestimmung-von-konturen\/","name":"Measuring device for determining contours - Soliton","isPartOf":{"@id":"https:\/\/soliton-gmbh.de\/#website"},"primaryImageOfPage":{"@id":"https:\/\/soliton-gmbh.de\/produkt\/messgeraet-zu-bestimmung-von-konturen\/#primaryimage"},"image":{"@id":"https:\/\/soliton-gmbh.de\/produkt\/messgeraet-zu-bestimmung-von-konturen\/#primaryimage"},"thumbnailUrl":"https:\/\/soliton-gmbh.de\/wp-content\/uploads\/2024\/01\/PGS1.jpg","datePublished":"2024-01-10T23:22:09+00:00","dateModified":"2026-04-15T22:19:21+00:00","description":"The PGS100 coating thickness gauge from SM Instruments captures 2D profiles and contours in an extremely simple and intuitive way.","breadcrumb":{"@id":"https:\/\/soliton-gmbh.de\/produkt\/messgeraet-zu-bestimmung-von-konturen\/#breadcrumb"},"inLanguage":"en-US","potentialAction":[{"@type":"ReadAction","target":["https:\/\/soliton-gmbh.de\/produkt\/messgeraet-zu-bestimmung-von-konturen\/"]}]},{"@type":"ImageObject","inLanguage":"en-US","@id":"https:\/\/soliton-gmbh.de\/produkt\/messgeraet-zu-bestimmung-von-konturen\/#primaryimage","url":"https:\/\/soliton-gmbh.de\/wp-content\/uploads\/2024\/01\/PGS1.jpg","contentUrl":"https:\/\/soliton-gmbh.de\/wp-content\/uploads\/2024\/01\/PGS1.jpg","width":1500,"height":1460},{"@type":"BreadcrumbList","@id":"https:\/\/soliton-gmbh.de\/produkt\/messgeraet-zu-bestimmung-von-konturen\/#breadcrumb","itemListElement":[{"@type":"ListItem","position":1,"name":"Startseite","item":"https:\/\/soliton-gmbh.de\/"},{"@type":"ListItem","position":2,"name":"Produkte","item":"https:\/\/soliton-gmbh.de\/produkte\/"},{"@type":"ListItem","position":3,"name":"Messger\u00e4t zur Bestimmung von Konturen"}]},{"@type":"WebSite","@id":"https:\/\/soliton-gmbh.de\/#website","url":"https:\/\/soliton-gmbh.de\/","name":"Soliton Laser- und Messtechnik GmbH","description":"","publisher":{"@id":"https:\/\/soliton-gmbh.de\/#organization"},"potentialAction":[{"@type":"SearchAction","target":{"@type":"EntryPoint","urlTemplate":"https:\/\/soliton-gmbh.de\/?s={search_term_string}"},"query-input":{"@type":"PropertyValueSpecification","valueRequired":true,"valueName":"search_term_string"}}],"inLanguage":"en-US"},{"@type":"Organization","@id":"https:\/\/soliton-gmbh.de\/#organization","name":"Soliton GmbH","url":"https:\/\/soliton-gmbh.de\/","logo":{"@type":"ImageObject","inLanguage":"en-US","@id":"https:\/\/soliton-gmbh.de\/#\/schema\/logo\/image\/","url":"https:\/\/soliton-gmbh.de\/wp-content\/uploads\/2022\/08\/cropped-soliton-logo.png","contentUrl":"https:\/\/soliton-gmbh.de\/wp-content\/uploads\/2022\/08\/cropped-soliton-logo.png","width":500,"height":350,"caption":"Soliton GmbH"},"image":{"@id":"https:\/\/soliton-gmbh.de\/#\/schema\/logo\/image\/"}}]},"product_price_amount":"0.00","product_price_currency":"EUR","og_availability":"instock","product_availability":"instock","product_condition":"new"},"uagb_featured_image_src":{"full":["https:\/\/soliton-gmbh.de\/wp-content\/uploads\/2024\/01\/PGS1.jpg",1500,1460,false],"thumbnail":["https:\/\/soliton-gmbh.de\/wp-content\/uploads\/2024\/01\/PGS1-150x150.jpg",150,150,true],"medium":["https:\/\/soliton-gmbh.de\/wp-content\/uploads\/2024\/01\/PGS1-300x292.jpg",300,292,true],"medium_large":["https:\/\/soliton-gmbh.de\/wp-content\/uploads\/2024\/01\/PGS1-768x748.jpg",768,748,true],"large":["https:\/\/soliton-gmbh.de\/wp-content\/uploads\/2024\/01\/PGS1-1024x997.jpg",1024,997,true],"1536x1536":["https:\/\/soliton-gmbh.de\/wp-content\/uploads\/2024\/01\/PGS1.jpg",1500,1460,false],"2048x2048":["https:\/\/soliton-gmbh.de\/wp-content\/uploads\/2024\/01\/PGS1.jpg",1500,1460,false],"trp-custom-language-flag":["https:\/\/soliton-gmbh.de\/wp-content\/uploads\/2024\/01\/PGS1-12x12.jpg",12,12,true],"woocommerce_thumbnail":["https:\/\/soliton-gmbh.de\/wp-content\/uploads\/2024\/01\/PGS1-600x584.jpg",600,584,true],"woocommerce_single":["https:\/\/soliton-gmbh.de\/wp-content\/uploads\/2024\/01\/PGS1-1200x1168.jpg",1200,1168,true],"woocommerce_gallery_thumbnail":["https:\/\/soliton-gmbh.de\/wp-content\/uploads\/2024\/01\/PGS1-300x300.jpg",300,300,true]},"uagb_author_info":{"display_name":"Jonas Vogler","author_link":"https:\/\/soliton-gmbh.de\/en\/author\/"},"uagb_comment_info":0,"uagb_excerpt":"Konturmessger\u00e4t f\u00fcr Profile und Formen Aufl\u00f6sung 0,2\u00b5m Messbereich: 130mm Horizontal (Strecke in X-Richtung) 50mm Senkrecht (Strecke in Y-Richtung) 320mm Verfahrweg (in Y-Richtung) Erf\u00fcllt alle g\u00e4ngigen Normen (ISO, DIN) Messgeschwindigkeit 0,2mm\/s \u2013 2mm\/s Berichte vorgefertigt oder frei gestaltbar Halbautomatische Messungen m\u00f6glich","_links":{"self":[{"href":"https:\/\/soliton-gmbh.de\/en\/wp-json\/wp\/v2\/product\/6463","targetHints":{"allow":["GET"]}}],"collection":[{"href":"https:\/\/soliton-gmbh.de\/en\/wp-json\/wp\/v2\/product"}],"about":[{"href":"https:\/\/soliton-gmbh.de\/en\/wp-json\/wp\/v2\/types\/product"}],"wp:featuredmedia":[{"embeddable":true,"href":"https:\/\/soliton-gmbh.de\/en\/wp-json\/wp\/v2\/media\/9102"}],"wp:attachment":[{"href":"https:\/\/soliton-gmbh.de\/en\/wp-json\/wp\/v2\/media?parent=6463"}],"wp:term":[{"taxonomy":"product_brand","embeddable":true,"href":"https:\/\/soliton-gmbh.de\/en\/wp-json\/wp\/v2\/product_brand?post=6463"},{"taxonomy":"product_cat","embeddable":true,"href":"https:\/\/soliton-gmbh.de\/en\/wp-json\/wp\/v2\/product_cat?post=6463"},{"taxonomy":"product_tag","embeddable":true,"href":"https:\/\/soliton-gmbh.de\/en\/wp-json\/wp\/v2\/product_tag?post=6463"}],"curies":[{"name":"wp","href":"https:\/\/api.w.org\/{rel}","templated":true}]}}