{"id":6448,"date":"2024-01-09T22:51:56","date_gmt":"2024-01-09T21:51:56","guid":{"rendered":"https:\/\/soliton-gmbh.de\/?post_type=product&#038;p=6448"},"modified":"2026-04-16T00:15:38","modified_gmt":"2026-04-15T22:15:38","slug":"measuring-device-for-roughness-and-contours","status":"publish","type":"product","link":"https:\/\/soliton-gmbh.de\/en\/produkt\/messgeraet-fuer-rauheit-und-konturen\/","title":{"rendered":"measuring device for roughness and contours"},"content":{"rendered":"<p>The WARPsurf Roughness and Contour Meter is a groundbreaking instrument for surface analysis. With its all-in-one design, it enables complete roughness and profile analysis using just one portable device. In addition, the 7-inch color touchscreen and user-friendly icon interface make it as easy to use as a smartphone, even for first-time users.<\/p>\n<p>The integrated 1 GHz microprocessor ensures smooth operation and fast processing of complex profiles. The compact and handy WARPsurf also has a micrometric positioning system with a 110 mm stroke. In addition, it has an innovative, interchangeable probe system with a magnetic holder, which makes positioning easier even on large workpieces.<\/p>\n<p>The integrated safety function, with magnetic arm holder, offers reliability and prevents damage. Images can be saved or reports printed in PDF format via the USB interface. There is also the option of connecting a standard desktop printer to print directly. In addition,<span style=\"font-size: 16px;\">\u00a0For more detailed analysis, the device can be connected to a computer via Bluetooth to use the advanced Profile Studio software.<\/span><\/p>\n<p>Finally, there is the option to connect the WARPsurf to the company network via Wi-Fi to save measurement data and print reports wirelessly.<\/p>\n<h6>Application examples<\/h6>\n<p>Examples of applications for the roughness and contour measuring device include the detection of roughness and waviness on standard components as well as inside complex components with edges that are difficult to access with standard probes. A variety of standard probes or self-definable probes are used. Holes up to a diameter of 2 mm are also easily accessible.<\/p>\n<p>In contour mode, any contour up to a height of five millimeters can be traced and evaluated. This means that radii, edges, steps or even errors of any kind can be scanned. Examples of this are threads, grooves or height profiles, there are no limits, everything with a surface can be measured.<\/p>\n<p>&nbsp;<\/p>","protected":false},"excerpt":{"rendered":"<p><a href=\"https:\/\/soliton-gmbh.de\/wp-content\/uploads\/2024\/08\/Logo_SM.jpg\"><img loading=\"lazy\" decoding=\"async\" class=\"alignnone wp-image-9082\" src=\"https:\/\/soliton-gmbh.de\/wp-content\/uploads\/2024\/08\/Logo_SM-300x135.jpg\" alt=\"\" width=\"151\" height=\"68\" srcset=\"https:\/\/soliton-gmbh.de\/wp-content\/uploads\/2024\/08\/Logo_SM-300x135.jpg 300w, https:\/\/soliton-gmbh.de\/wp-content\/uploads\/2024\/08\/Logo_SM-1024x461.jpg 1024w, https:\/\/soliton-gmbh.de\/wp-content\/uploads\/2024\/08\/Logo_SM-768x346.jpg 768w, https:\/\/soliton-gmbh.de\/wp-content\/uploads\/2024\/08\/Logo_SM-1536x691.jpg 1536w, https:\/\/soliton-gmbh.de\/wp-content\/uploads\/2024\/08\/Logo_SM-18x8.jpg 18w, https:\/\/soliton-gmbh.de\/wp-content\/uploads\/2024\/08\/Logo_SM-600x270.jpg 600w, https:\/\/soliton-gmbh.de\/wp-content\/uploads\/2024\/08\/Logo_SM-1200x540.jpg 1200w, https:\/\/soliton-gmbh.de\/wp-content\/uploads\/2024\/08\/Logo_SM.jpg 1598w\" sizes=\"auto, (max-width: 151px) 100vw, 151px\" \/><\/a><\/p>\n<ul>\n<li>Combines roughness and contour measuring device<\/li>\n<li>Resolution 0.1nm<\/li>\n<li>60mm horizontal (distance in X direction)<\/li>\n<li>1.5mm vertical (+\/- elongation in Y direction)<\/li>\n<li>Meets all common standards (ISO, DIN)<\/li>\n<li>Mobile measuring system with Bluetooth and battery<\/li>\n<li>Reports ready-made or freely designed<\/li>\n<\/ul>","protected":false},"featured_media":9085,"template":"","meta":{"_acf_changed":false,"_uag_custom_page_level_css":"","site-sidebar-layout":"default","site-content-layout":"","ast-site-content-layout":"default","site-content-style":"default","site-sidebar-style":"default","ast-global-header-display":"","ast-banner-title-visibility":"","ast-main-header-display":"","ast-hfb-above-header-display":"","ast-hfb-below-header-display":"","ast-hfb-mobile-header-display":"","site-post-title":"","ast-breadcrumbs-content":"","ast-featured-img":"","footer-sml-layout":"","ast-disable-related-posts":"","theme-transparent-header-meta":"default","adv-header-id-meta":"","stick-header-meta":"default","header-above-stick-meta":"","header-main-stick-meta":"","header-below-stick-meta":"","astra-migrate-meta-layouts":"set","ast-page-background-enabled":"default","ast-page-background-meta":{"desktop":{"background-color":"","background-image":"","background-repeat":"repeat","background-position":"center center","background-size":"auto","background-attachment":"scroll","background-type":"","background-media":"","overlay-type":"","overlay-color":"","overlay-opacity":"","overlay-gradient":""},"tablet":{"background-color":"","background-image":"","background-repeat":"repeat","background-position":"center center","background-size":"auto","background-attachment":"scroll","background-type":"","background-media":"","overlay-type":"","overlay-color":"","overlay-opacity":"","overlay-gradient":""},"mobile":{"background-color":"","background-image":"","background-repeat":"repeat","background-position":"center center","background-size":"auto","background-attachment":"scroll","background-type":"","background-media":"","overlay-type":"","overlay-color":"","overlay-opacity":"","overlay-gradient":""}},"ast-content-background-meta":{"desktop":{"background-color":"var(--ast-global-color-5)","background-image":"","background-repeat":"repeat","background-position":"center center","background-size":"auto","background-attachment":"scroll","background-type":"","background-media":"","overlay-type":"","overlay-color":"","overlay-opacity":"","overlay-gradient":""},"tablet":{"background-color":"var(--ast-global-color-5)","background-image":"","background-repeat":"repeat","background-position":"center center","background-size":"auto","background-attachment":"scroll","background-type":"","background-media":"","overlay-type":"","overlay-color":"","overlay-opacity":"","overlay-gradient":""},"mobile":{"background-color":"var(--ast-global-color-5)","background-image":"","background-repeat":"repeat","background-position":"center center","background-size":"auto","background-attachment":"scroll","background-type":"","background-media":"","overlay-type":"","overlay-color":"","overlay-opacity":"","overlay-gradient":""}}},"product_brand":[1635],"product_cat":[380],"product_tag":[568,563,567,560,565,381,562,570,569,564,561,558,559,566,383,382],"class_list":{"0":"post-6448","1":"product","2":"type-product","3":"status-publish","4":"has-post-thumbnail","6":"product_brand-sm-metrology","7":"product_cat-taktile_messtechnik","8":"product_tag-contracer","9":"product_tag-crysta-apex","10":"product_tag-formtracer-avant","11":"product_tag-handysurf","12":"product_tag-legex","13":"product_tag-rauheitsmessgeraet","14":"product_tag-rondcom","15":"product_tag-roundpak","16":"product_tag-roundtest","17":"product_tag-strato-aktive","18":"product_tag-surfcom","19":"product_tag-surfcom-crest","20":"product_tag-surfcom-nex-200","21":"product_tag-surftest","22":"product_tag-warpsurf","23":"product_tag-warpsurf-rugo-profilometer","24":"desktop-align-left","25":"tablet-align-center","26":"mobile-align-center","27":"ast-product-gallery-layout-horizontal-slider","28":"ast-magnify-disabled","29":"ast-product-tabs-layout-horizontal","31":"first","32":"instock","33":"virtual","34":"sold-individually","35":"purchasable","36":"product-type-simple"},"acf":[],"yoast_head":"<!-- This site is optimized with the Yoast SEO Premium plugin v27.2 (Yoast SEO v27.4) - https:\/\/yoast.com\/product\/yoast-seo-premium-wordpress\/ -->\n<title>Messger\u00e4t f\u00fcr Rauheit und Konturen - Soliton<\/title>\n<meta name=\"description\" content=\"Das WARPsurf Messger\u00e4t f\u00fcr Rauheit und Konturen ist ein Instrument f\u00fcr Oberfl\u00e4chenanalysen. Mit seiner All-in-One-Konstruktion erm\u00f6glicht es eine vollst\u00e4ndige Analyse von Rauheit und Profil.\" \/>\n<meta name=\"robots\" content=\"index, follow, max-snippet:-1, max-image-preview:large, max-video-preview:-1\" \/>\n<link rel=\"canonical\" href=\"https:\/\/soliton-gmbh.de\/en\/product\/measuring-device-for-roughness-and-contours\/\" \/>\n<meta property=\"og:locale\" content=\"en_US\" \/>\n<meta property=\"og:type\" content=\"article\" \/>\n<meta property=\"og:title\" content=\"Messger\u00e4t f\u00fcr Rauheit und Konturen\" \/>\n<meta property=\"og:description\" content=\"Das WARPsurf Messger\u00e4t f\u00fcr Rauheit und Konturen ist ein Instrument f\u00fcr Oberfl\u00e4chenanalysen. Mit seiner All-in-One-Konstruktion erm\u00f6glicht es eine vollst\u00e4ndige Analyse von Rauheit und Profil.\" \/>\n<meta property=\"og:url\" content=\"https:\/\/soliton-gmbh.de\/en\/product\/measuring-device-for-roughness-and-contours\/\" \/>\n<meta property=\"og:site_name\" content=\"Soliton Laser- und Messtechnik GmbH\" \/>\n<meta property=\"article:modified_time\" content=\"2026-04-15T22:15:38+00:00\" \/>\n<meta property=\"og:image\" content=\"https:\/\/soliton-gmbh.de\/wp-content\/uploads\/2024\/01\/0814_e_web.jpg\" \/>\n\t<meta property=\"og:image:width\" content=\"1500\" \/>\n\t<meta property=\"og:image:height\" content=\"1216\" \/>\n\t<meta property=\"og:image:type\" content=\"image\/jpeg\" \/>\n<meta name=\"twitter:card\" content=\"summary_large_image\" \/>\n<meta name=\"twitter:label1\" content=\"Price\" \/>\n\t<meta name=\"twitter:data1\" content=\"&euro;0.00\" \/>\n\t<meta name=\"twitter:label2\" content=\"Availability\" \/>\n\t<meta name=\"twitter:data2\" content=\"In stock\" \/>\n<script type=\"application\/ld+json\" class=\"yoast-schema-graph\">{\"@context\":\"https:\\\/\\\/schema.org\",\"@graph\":[{\"@type\":\"WebPage\",\"@id\":\"https:\\\/\\\/soliton-gmbh.de\\\/produkt\\\/messgeraet-fuer-rauheit-und-konturen\\\/\",\"url\":\"https:\\\/\\\/soliton-gmbh.de\\\/produkt\\\/messgeraet-fuer-rauheit-und-konturen\\\/\",\"name\":\"Messger\u00e4t f\u00fcr Rauheit und Konturen - Soliton\",\"isPartOf\":{\"@id\":\"https:\\\/\\\/soliton-gmbh.de\\\/#website\"},\"primaryImageOfPage\":{\"@id\":\"https:\\\/\\\/soliton-gmbh.de\\\/produkt\\\/messgeraet-fuer-rauheit-und-konturen\\\/#primaryimage\"},\"image\":{\"@id\":\"https:\\\/\\\/soliton-gmbh.de\\\/produkt\\\/messgeraet-fuer-rauheit-und-konturen\\\/#primaryimage\"},\"thumbnailUrl\":\"https:\\\/\\\/soliton-gmbh.de\\\/wp-content\\\/uploads\\\/2024\\\/01\\\/0814_e_web.jpg\",\"datePublished\":\"2024-01-09T21:51:56+00:00\",\"dateModified\":\"2026-04-15T22:15:38+00:00\",\"description\":\"Das WARPsurf Messger\u00e4t f\u00fcr Rauheit und Konturen ist ein Instrument f\u00fcr Oberfl\u00e4chenanalysen. Mit seiner All-in-One-Konstruktion erm\u00f6glicht es eine vollst\u00e4ndige Analyse von Rauheit und Profil.\",\"breadcrumb\":{\"@id\":\"https:\\\/\\\/soliton-gmbh.de\\\/produkt\\\/messgeraet-fuer-rauheit-und-konturen\\\/#breadcrumb\"},\"inLanguage\":\"en-US\",\"potentialAction\":[{\"@type\":\"ReadAction\",\"target\":[\"https:\\\/\\\/soliton-gmbh.de\\\/produkt\\\/messgeraet-fuer-rauheit-und-konturen\\\/\"]}]},{\"@type\":\"ImageObject\",\"inLanguage\":\"en-US\",\"@id\":\"https:\\\/\\\/soliton-gmbh.de\\\/produkt\\\/messgeraet-fuer-rauheit-und-konturen\\\/#primaryimage\",\"url\":\"https:\\\/\\\/soliton-gmbh.de\\\/wp-content\\\/uploads\\\/2024\\\/01\\\/0814_e_web.jpg\",\"contentUrl\":\"https:\\\/\\\/soliton-gmbh.de\\\/wp-content\\\/uploads\\\/2024\\\/01\\\/0814_e_web.jpg\",\"width\":1500,\"height\":1216},{\"@type\":\"BreadcrumbList\",\"@id\":\"https:\\\/\\\/soliton-gmbh.de\\\/produkt\\\/messgeraet-fuer-rauheit-und-konturen\\\/#breadcrumb\",\"itemListElement\":[{\"@type\":\"ListItem\",\"position\":1,\"name\":\"Startseite\",\"item\":\"https:\\\/\\\/soliton-gmbh.de\\\/\"},{\"@type\":\"ListItem\",\"position\":2,\"name\":\"Produkte\",\"item\":\"https:\\\/\\\/soliton-gmbh.de\\\/produkte\\\/\"},{\"@type\":\"ListItem\",\"position\":3,\"name\":\"Messger\u00e4t f\u00fcr Rauheit und Konturen\"}]},{\"@type\":\"WebSite\",\"@id\":\"https:\\\/\\\/soliton-gmbh.de\\\/#website\",\"url\":\"https:\\\/\\\/soliton-gmbh.de\\\/\",\"name\":\"Soliton Laser- und Messtechnik GmbH\",\"description\":\"\",\"publisher\":{\"@id\":\"https:\\\/\\\/soliton-gmbh.de\\\/#organization\"},\"potentialAction\":[{\"@type\":\"SearchAction\",\"target\":{\"@type\":\"EntryPoint\",\"urlTemplate\":\"https:\\\/\\\/soliton-gmbh.de\\\/?s={search_term_string}\"},\"query-input\":{\"@type\":\"PropertyValueSpecification\",\"valueRequired\":true,\"valueName\":\"search_term_string\"}}],\"inLanguage\":\"en-US\"},{\"@type\":\"Organization\",\"@id\":\"https:\\\/\\\/soliton-gmbh.de\\\/#organization\",\"name\":\"Soliton GmbH\",\"url\":\"https:\\\/\\\/soliton-gmbh.de\\\/\",\"logo\":{\"@type\":\"ImageObject\",\"inLanguage\":\"en-US\",\"@id\":\"https:\\\/\\\/soliton-gmbh.de\\\/#\\\/schema\\\/logo\\\/image\\\/\",\"url\":\"https:\\\/\\\/soliton-gmbh.de\\\/wp-content\\\/uploads\\\/2022\\\/08\\\/cropped-soliton-logo.png\",\"contentUrl\":\"https:\\\/\\\/soliton-gmbh.de\\\/wp-content\\\/uploads\\\/2022\\\/08\\\/cropped-soliton-logo.png\",\"width\":500,\"height\":350,\"caption\":\"Soliton GmbH\"},\"image\":{\"@id\":\"https:\\\/\\\/soliton-gmbh.de\\\/#\\\/schema\\\/logo\\\/image\\\/\"}}]}<\/script>\n<meta property=\"product:price:amount\" content=\"0.00\" \/>\n<meta property=\"product:price:currency\" content=\"EUR\" \/>\n<meta property=\"og:availability\" content=\"instock\" \/>\n<meta property=\"product:availability\" content=\"instock\" \/>\n<meta property=\"product:condition\" content=\"new\" \/>\n<!-- \/ Yoast SEO Premium plugin. -->","yoast_head_json":{"title":"Measuring device for roughness and contours - Soliton","description":"The WARPsurf roughness and contour measuring device is an instrument for surface analysis. With its all-in-one design, it enables a complete analysis of roughness and profile.","robots":{"index":"index","follow":"follow","max-snippet":"max-snippet:-1","max-image-preview":"max-image-preview:large","max-video-preview":"max-video-preview:-1"},"canonical":"https:\/\/soliton-gmbh.de\/en\/product\/measuring-device-for-roughness-and-contours\/","og_locale":"en_US","og_type":"article","og_title":"Messger\u00e4t f\u00fcr Rauheit und Konturen","og_description":"Das WARPsurf Messger\u00e4t f\u00fcr Rauheit und Konturen ist ein Instrument f\u00fcr Oberfl\u00e4chenanalysen. Mit seiner All-in-One-Konstruktion erm\u00f6glicht es eine vollst\u00e4ndige Analyse von Rauheit und Profil.","og_url":"https:\/\/soliton-gmbh.de\/en\/product\/measuring-device-for-roughness-and-contours\/","og_site_name":"Soliton Laser- und Messtechnik GmbH","article_modified_time":"2026-04-15T22:15:38+00:00","og_image":[{"width":1500,"height":1216,"url":"https:\/\/soliton-gmbh.de\/wp-content\/uploads\/2024\/01\/0814_e_web.jpg","type":"image\/jpeg"}],"twitter_card":"summary_large_image","twitter_misc":{"Price":"&euro;0.00","Availability":"In stock"},"schema":{"@context":"https:\/\/schema.org","@graph":[{"@type":"WebPage","@id":"https:\/\/soliton-gmbh.de\/produkt\/messgeraet-fuer-rauheit-und-konturen\/","url":"https:\/\/soliton-gmbh.de\/produkt\/messgeraet-fuer-rauheit-und-konturen\/","name":"Measuring device for roughness and contours - Soliton","isPartOf":{"@id":"https:\/\/soliton-gmbh.de\/#website"},"primaryImageOfPage":{"@id":"https:\/\/soliton-gmbh.de\/produkt\/messgeraet-fuer-rauheit-und-konturen\/#primaryimage"},"image":{"@id":"https:\/\/soliton-gmbh.de\/produkt\/messgeraet-fuer-rauheit-und-konturen\/#primaryimage"},"thumbnailUrl":"https:\/\/soliton-gmbh.de\/wp-content\/uploads\/2024\/01\/0814_e_web.jpg","datePublished":"2024-01-09T21:51:56+00:00","dateModified":"2026-04-15T22:15:38+00:00","description":"The WARPsurf roughness and contour measuring device is an instrument for surface analysis. With its all-in-one design, it enables a complete analysis of roughness and profile.","breadcrumb":{"@id":"https:\/\/soliton-gmbh.de\/produkt\/messgeraet-fuer-rauheit-und-konturen\/#breadcrumb"},"inLanguage":"en-US","potentialAction":[{"@type":"ReadAction","target":["https:\/\/soliton-gmbh.de\/produkt\/messgeraet-fuer-rauheit-und-konturen\/"]}]},{"@type":"ImageObject","inLanguage":"en-US","@id":"https:\/\/soliton-gmbh.de\/produkt\/messgeraet-fuer-rauheit-und-konturen\/#primaryimage","url":"https:\/\/soliton-gmbh.de\/wp-content\/uploads\/2024\/01\/0814_e_web.jpg","contentUrl":"https:\/\/soliton-gmbh.de\/wp-content\/uploads\/2024\/01\/0814_e_web.jpg","width":1500,"height":1216},{"@type":"BreadcrumbList","@id":"https:\/\/soliton-gmbh.de\/produkt\/messgeraet-fuer-rauheit-und-konturen\/#breadcrumb","itemListElement":[{"@type":"ListItem","position":1,"name":"Startseite","item":"https:\/\/soliton-gmbh.de\/"},{"@type":"ListItem","position":2,"name":"Produkte","item":"https:\/\/soliton-gmbh.de\/produkte\/"},{"@type":"ListItem","position":3,"name":"Messger\u00e4t f\u00fcr Rauheit und Konturen"}]},{"@type":"WebSite","@id":"https:\/\/soliton-gmbh.de\/#website","url":"https:\/\/soliton-gmbh.de\/","name":"Soliton Laser- und Messtechnik GmbH","description":"","publisher":{"@id":"https:\/\/soliton-gmbh.de\/#organization"},"potentialAction":[{"@type":"SearchAction","target":{"@type":"EntryPoint","urlTemplate":"https:\/\/soliton-gmbh.de\/?s={search_term_string}"},"query-input":{"@type":"PropertyValueSpecification","valueRequired":true,"valueName":"search_term_string"}}],"inLanguage":"en-US"},{"@type":"Organization","@id":"https:\/\/soliton-gmbh.de\/#organization","name":"Soliton GmbH","url":"https:\/\/soliton-gmbh.de\/","logo":{"@type":"ImageObject","inLanguage":"en-US","@id":"https:\/\/soliton-gmbh.de\/#\/schema\/logo\/image\/","url":"https:\/\/soliton-gmbh.de\/wp-content\/uploads\/2022\/08\/cropped-soliton-logo.png","contentUrl":"https:\/\/soliton-gmbh.de\/wp-content\/uploads\/2022\/08\/cropped-soliton-logo.png","width":500,"height":350,"caption":"Soliton GmbH"},"image":{"@id":"https:\/\/soliton-gmbh.de\/#\/schema\/logo\/image\/"}}]},"product_price_amount":"0.00","product_price_currency":"EUR","og_availability":"instock","product_availability":"instock","product_condition":"new"},"uagb_featured_image_src":{"full":["https:\/\/soliton-gmbh.de\/wp-content\/uploads\/2024\/01\/0814_e_web.jpg",1500,1216,false],"thumbnail":["https:\/\/soliton-gmbh.de\/wp-content\/uploads\/2024\/01\/0814_e_web-150x150.jpg",150,150,true],"medium":["https:\/\/soliton-gmbh.de\/wp-content\/uploads\/2024\/01\/0814_e_web-300x243.jpg",300,243,true],"medium_large":["https:\/\/soliton-gmbh.de\/wp-content\/uploads\/2024\/01\/0814_e_web-768x623.jpg",768,623,true],"large":["https:\/\/soliton-gmbh.de\/wp-content\/uploads\/2024\/01\/0814_e_web-1024x830.jpg",1024,830,true],"1536x1536":["https:\/\/soliton-gmbh.de\/wp-content\/uploads\/2024\/01\/0814_e_web.jpg",1500,1216,false],"2048x2048":["https:\/\/soliton-gmbh.de\/wp-content\/uploads\/2024\/01\/0814_e_web.jpg",1500,1216,false],"trp-custom-language-flag":["https:\/\/soliton-gmbh.de\/wp-content\/uploads\/2024\/01\/0814_e_web-15x12.jpg",15,12,true],"woocommerce_thumbnail":["https:\/\/soliton-gmbh.de\/wp-content\/uploads\/2024\/01\/0814_e_web-600x486.jpg",600,486,true],"woocommerce_single":["https:\/\/soliton-gmbh.de\/wp-content\/uploads\/2024\/01\/0814_e_web-1200x973.jpg",1200,973,true],"woocommerce_gallery_thumbnail":["https:\/\/soliton-gmbh.de\/wp-content\/uploads\/2024\/01\/0814_e_web-300x300.jpg",300,300,true]},"uagb_author_info":{"display_name":"Jonas Vogler","author_link":"https:\/\/soliton-gmbh.de\/en\/author\/"},"uagb_comment_info":0,"uagb_excerpt":"Kombiniert Rauheits- und Konturmessger\u00e4t Aufl\u00f6sung 0,1nm 60mm Horizontal (Strecke in X-Richtung) 1,5mm Senkrecht (+\/- Elongation in Y-Richtung) Erf\u00fcllt alle g\u00e4ngigen Normen (ISO, DIN) Mobiles Messsystem mit Bluetooth und Akku Berichte vorgefertigt oder frei gestaltbar","_links":{"self":[{"href":"https:\/\/soliton-gmbh.de\/en\/wp-json\/wp\/v2\/product\/6448","targetHints":{"allow":["GET"]}}],"collection":[{"href":"https:\/\/soliton-gmbh.de\/en\/wp-json\/wp\/v2\/product"}],"about":[{"href":"https:\/\/soliton-gmbh.de\/en\/wp-json\/wp\/v2\/types\/product"}],"wp:featuredmedia":[{"embeddable":true,"href":"https:\/\/soliton-gmbh.de\/en\/wp-json\/wp\/v2\/media\/9085"}],"wp:attachment":[{"href":"https:\/\/soliton-gmbh.de\/en\/wp-json\/wp\/v2\/media?parent=6448"}],"wp:term":[{"taxonomy":"product_brand","embeddable":true,"href":"https:\/\/soliton-gmbh.de\/en\/wp-json\/wp\/v2\/product_brand?post=6448"},{"taxonomy":"product_cat","embeddable":true,"href":"https:\/\/soliton-gmbh.de\/en\/wp-json\/wp\/v2\/product_cat?post=6448"},{"taxonomy":"product_tag","embeddable":true,"href":"https:\/\/soliton-gmbh.de\/en\/wp-json\/wp\/v2\/product_tag?post=6448"}],"curies":[{"name":"wp","href":"https:\/\/api.w.org\/{rel}","templated":true}]}}