{"id":6350,"date":"2023-12-04T11:38:13","date_gmt":"2023-12-04T10:38:13","guid":{"rendered":"https:\/\/soliton-gmbh.de\/?post_type=product&#038;p=6350"},"modified":"2026-03-30T17:57:13","modified_gmt":"2026-03-30T15:57:13","slug":"ac-ddg-4-digital-delay-generator","status":"publish","type":"product","link":"https:\/\/soliton-gmbh.de\/en\/produkt\/ac-ddg-4-digital-delay-generator\/","title":{"rendered":"AC-DDG-4 Digital Delay Generator"},"content":{"rendered":"<h2>Precise trigger and gating signals for spectroscopic applications<\/h2>\n<p>The <strong>Digital Delay Generator<\/strong> AtomTrace is a central component for all time-critical applications in laser spectroscopy \u2013 especially in <strong>LIBS systems (Laser-Induced Breakdown Spectroscopy)<\/strong>Developed with a focus on accuracy, flexibility, and compatibility, the device enables precise control of trigger, synchronization, delay, and gating signals required in highly dynamic measurement systems.<\/p>\n<p>Clear and reliable timing of the connected components is crucial for reproducible measurement results. This is precisely where the Digital Delay Generator comes in, providing precisely adjustable time delays that can be optimally tailored to various experimental requirements.<\/p>\n<h2>Optimal integration into LIBS systems<\/h2>\n<p>Specifically designed for the requirements of LIBS applications, the Digital Delay Generator offers an excellent price-performance ratio. The basic version is equipped with four individually configurable trigger outputs. This allows for precise timing coordination of various devices such as lasers, detectors, or cameras \u2013 a decisive advantage for experiments where microseconds count.<\/p>\n<p>Due to the multi-channel function, users gain maximum control over complex signal sequences and can gain comprehensive information about different configuration options of their application. <strong>Digital Delay Generator<\/strong> is therefore an indispensable tool for research, development and quality assurance \u2013 wherever the highest precision and timing are required.<\/p>\n<p>&nbsp;<\/p>\n<p>&nbsp;<\/p>","protected":false},"excerpt":{"rendered":"<p><a href=\"https:\/\/soliton-gmbh.de\/wp-content\/uploads\/2022\/10\/logo-atomtrace-final.png\"><img loading=\"lazy\" decoding=\"async\" class=\"alignnone wp-image-5623\" src=\"https:\/\/soliton-gmbh.de\/wp-content\/uploads\/2022\/10\/logo-atomtrace-final.png\" alt=\"\" width=\"160\" height=\"36\" srcset=\"https:\/\/soliton-gmbh.de\/wp-content\/uploads\/2022\/10\/logo-atomtrace-final.png 205w, https:\/\/soliton-gmbh.de\/wp-content\/uploads\/2022\/10\/logo-atomtrace-final-18x4.png 18w, https:\/\/soliton-gmbh.de\/wp-content\/uploads\/2022\/10\/logo-atomtrace-final-200x46.png 200w\" sizes=\"auto, (max-width: 160px) 100vw, 160px\" \/><\/a><\/p>\n<ul>\n<li>up to four output triggers with 3.3V and 5V\n<ul>\n<li>\u00e0 pulse lengths 100ns \u2013 1000S<\/li>\n<li>\u00e0 Delay: 0 \u2013 1000s<\/li>\n<\/ul>\n<\/li>\n<li>\n<p style=\"text-align: left;\">Determination of delays<\/p>\n<\/li>\n<li>\n<p style=\"text-align: left;\">Adaptable to your application<\/p>\n<\/li>\n<li>\n<p style=\"text-align: left;\">available as aluminum version or Eurocard<\/p>\n<\/li>\n<li>\n<p style=\"text-align: left;\">Programming languages: C++, C#, Java, LabView and much more.<\/p>\n<\/li>\n<\/ul>\n<p>Contact: Thomas Walter<\/p>","protected":false},"featured_media":6351,"template":"","meta":{"_acf_changed":false,"_uag_custom_page_level_css":"","site-sidebar-layout":"default","site-content-layout":"default","ast-site-content-layout":"default","site-content-style":"default","site-sidebar-style":"default","ast-global-header-display":"","ast-banner-title-visibility":"","ast-main-header-display":"","ast-hfb-above-header-display":"","ast-hfb-below-header-display":"","ast-hfb-mobile-header-display":"","site-post-title":"","ast-breadcrumbs-content":"","ast-featured-img":"","footer-sml-layout":"","ast-disable-related-posts":"","theme-transparent-header-meta":"default","adv-header-id-meta":"","stick-header-meta":"default","header-above-stick-meta":"","header-main-stick-meta":"","header-below-stick-meta":"","astra-migrate-meta-layouts":"set","ast-page-background-enabled":"default","ast-page-background-meta":{"desktop":{"background-color":"","background-image":"","background-repeat":"repeat","background-position":"center center","background-size":"auto","background-attachment":"scroll","background-type":"","background-media":"","overlay-type":"","overlay-color":"","overlay-opacity":"","overlay-gradient":""},"tablet":{"background-color":"","background-image":"","background-repeat":"repeat","background-position":"center center","background-size":"auto","background-attachment":"scroll","background-type":"","background-media":"","overlay-type":"","overlay-color":"","overlay-opacity":"","overlay-gradient":""},"mobile":{"background-color":"","background-image":"","background-repeat":"repeat","background-position":"center center","background-size":"auto","background-attachment":"scroll","background-type":"","background-media":"","overlay-type":"","overlay-color":"","overlay-opacity":"","overlay-gradient":""}},"ast-content-background-meta":{"desktop":{"background-color":"var(--ast-global-color-5)","background-image":"","background-repeat":"repeat","background-position":"center center","background-size":"auto","background-attachment":"scroll","background-type":"","background-media":"","overlay-type":"","overlay-color":"","overlay-opacity":"","overlay-gradient":""},"tablet":{"background-color":"var(--ast-global-color-5)","background-image":"","background-repeat":"repeat","background-position":"center center","background-size":"auto","background-attachment":"scroll","background-type":"","background-media":"","overlay-type":"","overlay-color":"","overlay-opacity":"","overlay-gradient":""},"mobile":{"background-color":"var(--ast-global-color-5)","background-image":"","background-repeat":"repeat","background-position":"center center","background-size":"auto","background-attachment":"scroll","background-type":"","background-media":"","overlay-type":"","overlay-color":"","overlay-opacity":"","overlay-gradient":""}}},"product_brand":[1605],"product_cat":[89,84],"product_tag":[],"class_list":{"0":"post-6350","1":"product","2":"type-product","3":"status-publish","4":"has-post-thumbnail","6":"product_brand-atom-trace","7":"product_cat-libs-spektrometer","8":"product_cat-spektrometer","9":"desktop-align-left","10":"tablet-align-center","11":"mobile-align-center","12":"ast-product-gallery-layout-horizontal-slider","13":"ast-product-gallery-with-no-image","14":"ast-magnify-disabled","15":"ast-product-tabs-layout-horizontal","17":"first","18":"instock","19":"downloadable","20":"virtual","21":"sold-individually","22":"purchasable","23":"product-type-simple"},"acf":[],"yoast_head":"<!-- This site is optimized with the Yoast SEO Premium plugin v27.2 (Yoast SEO v27.4) - https:\/\/yoast.com\/product\/yoast-seo-premium-wordpress\/ -->\n<title>AC-DDG-4 Digital Delay Generator - Soliton<\/title>\n<meta name=\"description\" content=\"Digital Delay Generator von AtomTrace \u2013 pr\u00e4zise Zeitsteuerung f\u00fcr Trigger- und Gating-Signale in LIBS-Systemen mit bis zu 4 frei konfigurierbaren Ausg\u00e4ngen.\" \/>\n<meta name=\"robots\" content=\"index, follow, max-snippet:-1, max-image-preview:large, max-video-preview:-1\" \/>\n<link rel=\"canonical\" href=\"https:\/\/soliton-gmbh.de\/en\/product\/ac-ddg-4-digital-delay-generator\/\" \/>\n<meta property=\"og:locale\" content=\"en_US\" \/>\n<meta property=\"og:type\" content=\"article\" \/>\n<meta property=\"og:title\" content=\"AC-DDG-4 Digital Delay Generator\" \/>\n<meta property=\"og:description\" content=\"Digital Delay Generator von AtomTrace \u2013 pr\u00e4zise Zeitsteuerung f\u00fcr Trigger- und Gating-Signale in LIBS-Systemen mit bis zu 4 frei konfigurierbaren Ausg\u00e4ngen.\" \/>\n<meta property=\"og:url\" content=\"https:\/\/soliton-gmbh.de\/en\/product\/ac-ddg-4-digital-delay-generator\/\" \/>\n<meta property=\"og:site_name\" content=\"Soliton Laser- und Messtechnik GmbH\" \/>\n<meta property=\"article:modified_time\" content=\"2026-03-30T15:57:13+00:00\" \/>\n<meta property=\"og:image\" content=\"https:\/\/soliton-gmbh.de\/wp-content\/uploads\/2023\/12\/DDG_im.jpg\" \/>\n\t<meta property=\"og:image:width\" content=\"647\" \/>\n\t<meta property=\"og:image:height\" content=\"427\" \/>\n\t<meta property=\"og:image:type\" content=\"image\/jpeg\" \/>\n<meta name=\"twitter:card\" content=\"summary_large_image\" \/>\n<meta name=\"twitter:label1\" content=\"Price\" \/>\n\t<meta name=\"twitter:data1\" content=\"&euro;0.00\" \/>\n\t<meta name=\"twitter:label2\" content=\"Availability\" \/>\n\t<meta name=\"twitter:data2\" content=\"In stock\" \/>\n<script type=\"application\/ld+json\" class=\"yoast-schema-graph\">{\"@context\":\"https:\\\/\\\/schema.org\",\"@graph\":[{\"@type\":\"WebPage\",\"@id\":\"https:\\\/\\\/soliton-gmbh.de\\\/produkt\\\/ac-ddg-4-digital-delay-generator\\\/\",\"url\":\"https:\\\/\\\/soliton-gmbh.de\\\/produkt\\\/ac-ddg-4-digital-delay-generator\\\/\",\"name\":\"AC-DDG-4 Digital Delay Generator - Soliton\",\"isPartOf\":{\"@id\":\"https:\\\/\\\/soliton-gmbh.de\\\/#website\"},\"primaryImageOfPage\":{\"@id\":\"https:\\\/\\\/soliton-gmbh.de\\\/produkt\\\/ac-ddg-4-digital-delay-generator\\\/#primaryimage\"},\"image\":{\"@id\":\"https:\\\/\\\/soliton-gmbh.de\\\/produkt\\\/ac-ddg-4-digital-delay-generator\\\/#primaryimage\"},\"thumbnailUrl\":\"https:\\\/\\\/soliton-gmbh.de\\\/wp-content\\\/uploads\\\/2023\\\/12\\\/DDG_im.jpg\",\"datePublished\":\"2023-12-04T10:38:13+00:00\",\"dateModified\":\"2026-03-30T15:57:13+00:00\",\"description\":\"Digital Delay Generator von AtomTrace \u2013 pr\u00e4zise Zeitsteuerung f\u00fcr Trigger- und Gating-Signale in LIBS-Systemen mit bis zu 4 frei konfigurierbaren Ausg\u00e4ngen.\",\"breadcrumb\":{\"@id\":\"https:\\\/\\\/soliton-gmbh.de\\\/produkt\\\/ac-ddg-4-digital-delay-generator\\\/#breadcrumb\"},\"inLanguage\":\"en-US\",\"potentialAction\":[{\"@type\":\"ReadAction\",\"target\":[\"https:\\\/\\\/soliton-gmbh.de\\\/produkt\\\/ac-ddg-4-digital-delay-generator\\\/\"]}]},{\"@type\":\"ImageObject\",\"inLanguage\":\"en-US\",\"@id\":\"https:\\\/\\\/soliton-gmbh.de\\\/produkt\\\/ac-ddg-4-digital-delay-generator\\\/#primaryimage\",\"url\":\"https:\\\/\\\/soliton-gmbh.de\\\/wp-content\\\/uploads\\\/2023\\\/12\\\/DDG_im.jpg\",\"contentUrl\":\"https:\\\/\\\/soliton-gmbh.de\\\/wp-content\\\/uploads\\\/2023\\\/12\\\/DDG_im.jpg\",\"width\":647,\"height\":427,\"caption\":\"Digital Delay Generator mit 4 Trigger-Ausg\u00e4ngen f\u00fcr LIBS-Anwendungen von AtomTrace\"},{\"@type\":\"BreadcrumbList\",\"@id\":\"https:\\\/\\\/soliton-gmbh.de\\\/produkt\\\/ac-ddg-4-digital-delay-generator\\\/#breadcrumb\",\"itemListElement\":[{\"@type\":\"ListItem\",\"position\":1,\"name\":\"Startseite\",\"item\":\"https:\\\/\\\/soliton-gmbh.de\\\/\"},{\"@type\":\"ListItem\",\"position\":2,\"name\":\"Produkte\",\"item\":\"https:\\\/\\\/soliton-gmbh.de\\\/produkte\\\/\"},{\"@type\":\"ListItem\",\"position\":3,\"name\":\"AC-DDG-4 Digital Delay Generator\"}]},{\"@type\":\"WebSite\",\"@id\":\"https:\\\/\\\/soliton-gmbh.de\\\/#website\",\"url\":\"https:\\\/\\\/soliton-gmbh.de\\\/\",\"name\":\"Soliton Laser- und Messtechnik GmbH\",\"description\":\"\",\"publisher\":{\"@id\":\"https:\\\/\\\/soliton-gmbh.de\\\/#organization\"},\"potentialAction\":[{\"@type\":\"SearchAction\",\"target\":{\"@type\":\"EntryPoint\",\"urlTemplate\":\"https:\\\/\\\/soliton-gmbh.de\\\/?s={search_term_string}\"},\"query-input\":{\"@type\":\"PropertyValueSpecification\",\"valueRequired\":true,\"valueName\":\"search_term_string\"}}],\"inLanguage\":\"en-US\"},{\"@type\":\"Organization\",\"@id\":\"https:\\\/\\\/soliton-gmbh.de\\\/#organization\",\"name\":\"Soliton GmbH\",\"url\":\"https:\\\/\\\/soliton-gmbh.de\\\/\",\"logo\":{\"@type\":\"ImageObject\",\"inLanguage\":\"en-US\",\"@id\":\"https:\\\/\\\/soliton-gmbh.de\\\/#\\\/schema\\\/logo\\\/image\\\/\",\"url\":\"https:\\\/\\\/soliton-gmbh.de\\\/wp-content\\\/uploads\\\/2022\\\/08\\\/cropped-soliton-logo.png\",\"contentUrl\":\"https:\\\/\\\/soliton-gmbh.de\\\/wp-content\\\/uploads\\\/2022\\\/08\\\/cropped-soliton-logo.png\",\"width\":500,\"height\":350,\"caption\":\"Soliton GmbH\"},\"image\":{\"@id\":\"https:\\\/\\\/soliton-gmbh.de\\\/#\\\/schema\\\/logo\\\/image\\\/\"}}]}<\/script>\n<meta property=\"product:price:amount\" content=\"0.00\" \/>\n<meta property=\"product:price:currency\" content=\"EUR\" \/>\n<meta property=\"og:availability\" content=\"instock\" \/>\n<meta property=\"product:availability\" content=\"instock\" \/>\n<meta property=\"product:condition\" content=\"new\" \/>\n<!-- \/ Yoast SEO Premium plugin. -->","yoast_head_json":{"title":"AC-DDG-4 Digital Delay Generator - Soliton","description":"Digital Delay Generator from AtomTrace - precise time control for trigger and gating signals in LIBS systems with up to 4 freely configurable outputs.","robots":{"index":"index","follow":"follow","max-snippet":"max-snippet:-1","max-image-preview":"max-image-preview:large","max-video-preview":"max-video-preview:-1"},"canonical":"https:\/\/soliton-gmbh.de\/en\/product\/ac-ddg-4-digital-delay-generator\/","og_locale":"en_US","og_type":"article","og_title":"AC-DDG-4 Digital Delay Generator","og_description":"Digital Delay Generator von AtomTrace \u2013 pr\u00e4zise Zeitsteuerung f\u00fcr Trigger- und Gating-Signale in LIBS-Systemen mit bis zu 4 frei konfigurierbaren Ausg\u00e4ngen.","og_url":"https:\/\/soliton-gmbh.de\/en\/product\/ac-ddg-4-digital-delay-generator\/","og_site_name":"Soliton Laser- und Messtechnik GmbH","article_modified_time":"2026-03-30T15:57:13+00:00","og_image":[{"width":647,"height":427,"url":"https:\/\/soliton-gmbh.de\/wp-content\/uploads\/2023\/12\/DDG_im.jpg","type":"image\/jpeg"}],"twitter_card":"summary_large_image","twitter_misc":{"Price":"&euro;0.00","Availability":"In stock"},"schema":{"@context":"https:\/\/schema.org","@graph":[{"@type":"WebPage","@id":"https:\/\/soliton-gmbh.de\/produkt\/ac-ddg-4-digital-delay-generator\/","url":"https:\/\/soliton-gmbh.de\/produkt\/ac-ddg-4-digital-delay-generator\/","name":"AC-DDG-4 Digital Delay Generator - Soliton","isPartOf":{"@id":"https:\/\/soliton-gmbh.de\/#website"},"primaryImageOfPage":{"@id":"https:\/\/soliton-gmbh.de\/produkt\/ac-ddg-4-digital-delay-generator\/#primaryimage"},"image":{"@id":"https:\/\/soliton-gmbh.de\/produkt\/ac-ddg-4-digital-delay-generator\/#primaryimage"},"thumbnailUrl":"https:\/\/soliton-gmbh.de\/wp-content\/uploads\/2023\/12\/DDG_im.jpg","datePublished":"2023-12-04T10:38:13+00:00","dateModified":"2026-03-30T15:57:13+00:00","description":"Digital Delay Generator from AtomTrace - precise time control for trigger and gating signals in LIBS systems with up to 4 freely configurable outputs.","breadcrumb":{"@id":"https:\/\/soliton-gmbh.de\/produkt\/ac-ddg-4-digital-delay-generator\/#breadcrumb"},"inLanguage":"en-US","potentialAction":[{"@type":"ReadAction","target":["https:\/\/soliton-gmbh.de\/produkt\/ac-ddg-4-digital-delay-generator\/"]}]},{"@type":"ImageObject","inLanguage":"en-US","@id":"https:\/\/soliton-gmbh.de\/produkt\/ac-ddg-4-digital-delay-generator\/#primaryimage","url":"https:\/\/soliton-gmbh.de\/wp-content\/uploads\/2023\/12\/DDG_im.jpg","contentUrl":"https:\/\/soliton-gmbh.de\/wp-content\/uploads\/2023\/12\/DDG_im.jpg","width":647,"height":427,"caption":"Digital Delay Generator mit 4 Trigger-Ausg\u00e4ngen f\u00fcr LIBS-Anwendungen von AtomTrace"},{"@type":"BreadcrumbList","@id":"https:\/\/soliton-gmbh.de\/produkt\/ac-ddg-4-digital-delay-generator\/#breadcrumb","itemListElement":[{"@type":"ListItem","position":1,"name":"Startseite","item":"https:\/\/soliton-gmbh.de\/"},{"@type":"ListItem","position":2,"name":"Produkte","item":"https:\/\/soliton-gmbh.de\/produkte\/"},{"@type":"ListItem","position":3,"name":"AC-DDG-4 Digital Delay Generator"}]},{"@type":"WebSite","@id":"https:\/\/soliton-gmbh.de\/#website","url":"https:\/\/soliton-gmbh.de\/","name":"Soliton Laser- und Messtechnik GmbH","description":"","publisher":{"@id":"https:\/\/soliton-gmbh.de\/#organization"},"potentialAction":[{"@type":"SearchAction","target":{"@type":"EntryPoint","urlTemplate":"https:\/\/soliton-gmbh.de\/?s={search_term_string}"},"query-input":{"@type":"PropertyValueSpecification","valueRequired":true,"valueName":"search_term_string"}}],"inLanguage":"en-US"},{"@type":"Organization","@id":"https:\/\/soliton-gmbh.de\/#organization","name":"Soliton GmbH","url":"https:\/\/soliton-gmbh.de\/","logo":{"@type":"ImageObject","inLanguage":"en-US","@id":"https:\/\/soliton-gmbh.de\/#\/schema\/logo\/image\/","url":"https:\/\/soliton-gmbh.de\/wp-content\/uploads\/2022\/08\/cropped-soliton-logo.png","contentUrl":"https:\/\/soliton-gmbh.de\/wp-content\/uploads\/2022\/08\/cropped-soliton-logo.png","width":500,"height":350,"caption":"Soliton GmbH"},"image":{"@id":"https:\/\/soliton-gmbh.de\/#\/schema\/logo\/image\/"}}]},"product_price_amount":"0.00","product_price_currency":"EUR","og_availability":"instock","product_availability":"instock","product_condition":"new"},"uagb_featured_image_src":{"full":["https:\/\/soliton-gmbh.de\/wp-content\/uploads\/2023\/12\/DDG_im.jpg",647,427,false],"thumbnail":["https:\/\/soliton-gmbh.de\/wp-content\/uploads\/2023\/12\/DDG_im-150x150.jpg",150,150,true],"medium":["https:\/\/soliton-gmbh.de\/wp-content\/uploads\/2023\/12\/DDG_im-300x198.jpg",300,198,true],"medium_large":["https:\/\/soliton-gmbh.de\/wp-content\/uploads\/2023\/12\/DDG_im.jpg",647,427,false],"large":["https:\/\/soliton-gmbh.de\/wp-content\/uploads\/2023\/12\/DDG_im.jpg",647,427,false],"1536x1536":["https:\/\/soliton-gmbh.de\/wp-content\/uploads\/2023\/12\/DDG_im.jpg",647,427,false],"2048x2048":["https:\/\/soliton-gmbh.de\/wp-content\/uploads\/2023\/12\/DDG_im.jpg",647,427,false],"trp-custom-language-flag":["https:\/\/soliton-gmbh.de\/wp-content\/uploads\/2023\/12\/DDG_im-18x12.jpg",18,12,true],"woocommerce_thumbnail":["https:\/\/soliton-gmbh.de\/wp-content\/uploads\/2023\/12\/DDG_im-600x396.jpg",600,396,true],"woocommerce_single":["https:\/\/soliton-gmbh.de\/wp-content\/uploads\/2023\/12\/DDG_im.jpg",647,427,false],"woocommerce_gallery_thumbnail":["https:\/\/soliton-gmbh.de\/wp-content\/uploads\/2023\/12\/DDG_im-300x300.jpg",300,300,true]},"uagb_author_info":{"display_name":"Daniel","author_link":"https:\/\/soliton-gmbh.de\/en\/author\/"},"uagb_comment_info":0,"uagb_excerpt":"bis zu vier Output-Trigger mit 3,3V sowie 5 V \u00e0 Pulsl\u00e4ngen 100ns \u2013 1000S \u00e0 Verz\u00f6gerung: 0 \u2013 1000s Bestimmung von Verz\u00f6gerungen Anpassungsf\u00e4hig an Ihre Anwendung verf\u00fcgbar als Aluminiumversion oder Eurocard Programmiersprachen: C++, C#, Java, LabView uvm. Ansprechpartner: Thomas Walter","_links":{"self":[{"href":"https:\/\/soliton-gmbh.de\/en\/wp-json\/wp\/v2\/product\/6350","targetHints":{"allow":["GET"]}}],"collection":[{"href":"https:\/\/soliton-gmbh.de\/en\/wp-json\/wp\/v2\/product"}],"about":[{"href":"https:\/\/soliton-gmbh.de\/en\/wp-json\/wp\/v2\/types\/product"}],"wp:featuredmedia":[{"embeddable":true,"href":"https:\/\/soliton-gmbh.de\/en\/wp-json\/wp\/v2\/media\/6351"}],"wp:attachment":[{"href":"https:\/\/soliton-gmbh.de\/en\/wp-json\/wp\/v2\/media?parent=6350"}],"wp:term":[{"taxonomy":"product_brand","embeddable":true,"href":"https:\/\/soliton-gmbh.de\/en\/wp-json\/wp\/v2\/product_brand?post=6350"},{"taxonomy":"product_cat","embeddable":true,"href":"https:\/\/soliton-gmbh.de\/en\/wp-json\/wp\/v2\/product_cat?post=6350"},{"taxonomy":"product_tag","embeddable":true,"href":"https:\/\/soliton-gmbh.de\/en\/wp-json\/wp\/v2\/product_tag?post=6350"}],"curies":[{"name":"wp","href":"https:\/\/api.w.org\/{rel}","templated":true}]}}