{"id":6348,"date":"2023-12-04T11:35:19","date_gmt":"2023-12-04T10:35:19","guid":{"rendered":"https:\/\/soliton-gmbh.de\/?post_type=product&#038;p=6348"},"modified":"2026-04-15T23:52:41","modified_gmt":"2026-04-15T21:52:41","slug":"libs-interaction-chamber","status":"publish","type":"product","link":"https:\/\/soliton-gmbh.de\/en\/produkt\/libs-interaktionskammer\/","title":{"rendered":"LIBS interaction chamber"},"content":{"rendered":"<p>The LIBS vacuum interaction chamber is part of a complete LIBS system, the Sci-Trace. This can also be customized individually for your application. The spectrum ranges from very simple vacuum capsules to complete scientific systems for your investigation purposes.<\/p>\n<p>This LIBS interaction chamber was designed in such a way that the routine procedures required for LIBS measurements were either simplified or even automated, which enables the application of LIBS in all areas. In general, modifications to the system are possible in order to adapt it to your scientific experiments.<\/p>","protected":false},"excerpt":{"rendered":"<p><a href=\"https:\/\/soliton-gmbh.de\/wp-content\/uploads\/2022\/10\/logo-atomtrace-final.png\"><img loading=\"lazy\" decoding=\"async\" class=\"alignnone wp-image-5623\" src=\"https:\/\/soliton-gmbh.de\/wp-content\/uploads\/2022\/10\/logo-atomtrace-final.png\" alt=\"AtomTrace \" width=\"160\" height=\"36\" srcset=\"https:\/\/soliton-gmbh.de\/wp-content\/uploads\/2022\/10\/logo-atomtrace-final.png 205w, https:\/\/soliton-gmbh.de\/wp-content\/uploads\/2022\/10\/logo-atomtrace-final-18x4.png 18w, https:\/\/soliton-gmbh.de\/wp-content\/uploads\/2022\/10\/logo-atomtrace-final-200x46.png 200w\" sizes=\"auto, (max-width: 160px) 100vw, 160px\" \/><\/a><\/p>\n<ul>\n<li>Scientific vacuum and LIBS systems<\/li>\n<li>simulates atmospheric conditions<\/li>\n<li>Adaptable to your application<\/li>\n<li>Modular<\/li>\n<li>Full automation &amp; partial automation possible<\/li>\n<li>Laser safety guaranteed<\/li>\n<li>Intuitive simple software<\/li>\n<\/ul>","protected":false},"featured_media":6349,"template":"","meta":{"_acf_changed":false,"_uag_custom_page_level_css":"","site-sidebar-layout":"default","site-content-layout":"default","ast-site-content-layout":"default","site-content-style":"default","site-sidebar-style":"default","ast-global-header-display":"","ast-banner-title-visibility":"","ast-main-header-display":"","ast-hfb-above-header-display":"","ast-hfb-below-header-display":"","ast-hfb-mobile-header-display":"","site-post-title":"","ast-breadcrumbs-content":"","ast-featured-img":"","footer-sml-layout":"","ast-disable-related-posts":"","theme-transparent-header-meta":"default","adv-header-id-meta":"","stick-header-meta":"default","header-above-stick-meta":"","header-main-stick-meta":"","header-below-stick-meta":"","astra-migrate-meta-layouts":"set","ast-page-background-enabled":"default","ast-page-background-meta":{"desktop":{"background-color":"","background-image":"","background-repeat":"repeat","background-position":"center center","background-size":"auto","background-attachment":"scroll","background-type":"","background-media":"","overlay-type":"","overlay-color":"","overlay-opacity":"","overlay-gradient":""},"tablet":{"background-color":"","background-image":"","background-repeat":"repeat","background-position":"center center","background-size":"auto","background-attachment":"scroll","background-type":"","background-media":"","overlay-type":"","overlay-color":"","overlay-opacity":"","overlay-gradient":""},"mobile":{"background-color":"","background-image":"","background-repeat":"repeat","background-position":"center center","background-size":"auto","background-attachment":"scroll","background-type":"","background-media":"","overlay-type":"","overlay-color":"","overlay-opacity":"","overlay-gradient":""}},"ast-content-background-meta":{"desktop":{"background-color":"var(--ast-global-color-5)","background-image":"","background-repeat":"repeat","background-position":"center center","background-size":"auto","background-attachment":"scroll","background-type":"","background-media":"","overlay-type":"","overlay-color":"","overlay-opacity":"","overlay-gradient":""},"tablet":{"background-color":"var(--ast-global-color-5)","background-image":"","background-repeat":"repeat","background-position":"center center","background-size":"auto","background-attachment":"scroll","background-type":"","background-media":"","overlay-type":"","overlay-color":"","overlay-opacity":"","overlay-gradient":""},"mobile":{"background-color":"var(--ast-global-color-5)","background-image":"","background-repeat":"repeat","background-position":"center center","background-size":"auto","background-attachment":"scroll","background-type":"","background-media":"","overlay-type":"","overlay-color":"","overlay-opacity":"","overlay-gradient":""}}},"product_brand":[1605],"product_cat":[89,84],"product_tag":[457,472,476,471,477,475,467,474,468,466,456,470,487,473,465],"class_list":{"0":"post-6348","1":"product","2":"type-product","3":"status-publish","4":"has-post-thumbnail","6":"product_brand-atom-trace","7":"product_cat-libs-spektrometer","8":"product_cat-spektrometer","9":"product_tag-atomtrace","10":"product_tag-chemische-analyse","11":"product_tag-echelle-spektrometer","12":"product_tag-elementanalyse","13":"product_tag-emccd-detektor","14":"product_tag-fernanalyse","15":"product_tag-forschung","16":"product_tag-in-situ-analyse","17":"product_tag-industrie","18":"product_tag-laborgeraet","19":"product_tag-laser-induzierte-plasmaspektroskopie","20":"product_tag-libs","21":"product_tag-libs-interaktionskammer","22":"product_tag-mobile-analyse","23":"product_tag-spektroskopie","24":"desktop-align-left","25":"tablet-align-center","26":"mobile-align-center","27":"ast-product-gallery-layout-horizontal-slider","28":"ast-product-gallery-with-no-image","29":"ast-magnify-disabled","30":"ast-product-tabs-layout-horizontal","32":"first","33":"instock","34":"downloadable","35":"virtual","36":"sold-individually","37":"purchasable","38":"product-type-simple"},"acf":[],"yoast_head":"<!-- This site is optimized with the Yoast SEO Premium plugin v27.2 (Yoast SEO v27.4) - https:\/\/yoast.com\/product\/yoast-seo-premium-wordpress\/ -->\n<title>LIBS Interaktionskammer - Soliton<\/title>\n<meta name=\"description\" content=\"Die LIBS-Vakuum-Interaktionskammer von AtomTrace ist Teil des Sci-Trace-Systems und kann an Ihre spezifischen Forschungsbed\u00fcrfnisse angepasst werden. Sie bietet eine flexible Plattform f\u00fcr vielf\u00e4ltige Experimente und erm\u00f6glicht pr\u00e4zise Analysen in einer kontrollierten Umgebung.\" \/>\n<meta name=\"robots\" content=\"index, follow, max-snippet:-1, max-image-preview:large, max-video-preview:-1\" \/>\n<link rel=\"canonical\" href=\"https:\/\/soliton-gmbh.de\/en\/product\/libs-interaction-chamber\/\" \/>\n<meta property=\"og:locale\" content=\"en_US\" \/>\n<meta property=\"og:type\" content=\"article\" \/>\n<meta property=\"og:title\" content=\"LIBS Interaktionskammer\" \/>\n<meta property=\"og:description\" content=\"Die LIBS-Vakuum-Interaktionskammer von AtomTrace ist Teil des Sci-Trace-Systems und kann an Ihre spezifischen Forschungsbed\u00fcrfnisse angepasst werden. Sie bietet eine flexible Plattform f\u00fcr vielf\u00e4ltige Experimente und erm\u00f6glicht pr\u00e4zise Analysen in einer kontrollierten Umgebung.\" \/>\n<meta property=\"og:url\" content=\"https:\/\/soliton-gmbh.de\/en\/product\/libs-interaction-chamber\/\" \/>\n<meta property=\"og:site_name\" content=\"Soliton Laser- und Messtechnik GmbH\" \/>\n<meta property=\"article:modified_time\" content=\"2026-04-15T21:52:41+00:00\" \/>\n<meta property=\"og:image\" content=\"https:\/\/soliton-gmbh.de\/wp-content\/uploads\/2023\/12\/Bild-Vakkumkammer.jpg\" \/>\n\t<meta property=\"og:image:width\" content=\"1024\" \/>\n\t<meta property=\"og:image:height\" content=\"740\" \/>\n\t<meta property=\"og:image:type\" content=\"image\/jpeg\" \/>\n<meta name=\"twitter:card\" content=\"summary_large_image\" \/>\n<meta name=\"twitter:label1\" content=\"Price\" \/>\n\t<meta name=\"twitter:data1\" content=\"&euro;0.00\" \/>\n\t<meta name=\"twitter:label2\" content=\"Availability\" \/>\n\t<meta name=\"twitter:data2\" content=\"In stock\" \/>\n<script type=\"application\/ld+json\" class=\"yoast-schema-graph\">{\"@context\":\"https:\\\/\\\/schema.org\",\"@graph\":[{\"@type\":\"WebPage\",\"@id\":\"https:\\\/\\\/soliton-gmbh.de\\\/produkt\\\/libs-interaktionskammer\\\/\",\"url\":\"https:\\\/\\\/soliton-gmbh.de\\\/produkt\\\/libs-interaktionskammer\\\/\",\"name\":\"LIBS Interaktionskammer - Soliton\",\"isPartOf\":{\"@id\":\"https:\\\/\\\/soliton-gmbh.de\\\/#website\"},\"primaryImageOfPage\":{\"@id\":\"https:\\\/\\\/soliton-gmbh.de\\\/produkt\\\/libs-interaktionskammer\\\/#primaryimage\"},\"image\":{\"@id\":\"https:\\\/\\\/soliton-gmbh.de\\\/produkt\\\/libs-interaktionskammer\\\/#primaryimage\"},\"thumbnailUrl\":\"https:\\\/\\\/soliton-gmbh.de\\\/wp-content\\\/uploads\\\/2023\\\/12\\\/Bild-Vakkumkammer.jpg\",\"datePublished\":\"2023-12-04T10:35:19+00:00\",\"dateModified\":\"2026-04-15T21:52:41+00:00\",\"description\":\"Die LIBS-Vakuum-Interaktionskammer von AtomTrace ist Teil des Sci-Trace-Systems und kann an Ihre spezifischen Forschungsbed\u00fcrfnisse angepasst werden. Sie bietet eine flexible Plattform f\u00fcr vielf\u00e4ltige Experimente und erm\u00f6glicht pr\u00e4zise Analysen in einer kontrollierten Umgebung.\",\"breadcrumb\":{\"@id\":\"https:\\\/\\\/soliton-gmbh.de\\\/produkt\\\/libs-interaktionskammer\\\/#breadcrumb\"},\"inLanguage\":\"en-US\",\"potentialAction\":[{\"@type\":\"ReadAction\",\"target\":[\"https:\\\/\\\/soliton-gmbh.de\\\/produkt\\\/libs-interaktionskammer\\\/\"]}]},{\"@type\":\"ImageObject\",\"inLanguage\":\"en-US\",\"@id\":\"https:\\\/\\\/soliton-gmbh.de\\\/produkt\\\/libs-interaktionskammer\\\/#primaryimage\",\"url\":\"https:\\\/\\\/soliton-gmbh.de\\\/wp-content\\\/uploads\\\/2023\\\/12\\\/Bild-Vakkumkammer.jpg\",\"contentUrl\":\"https:\\\/\\\/soliton-gmbh.de\\\/wp-content\\\/uploads\\\/2023\\\/12\\\/Bild-Vakkumkammer.jpg\",\"width\":1024,\"height\":740,\"caption\":\"LIBS Interaktionskammer, AtomTrace\"},{\"@type\":\"BreadcrumbList\",\"@id\":\"https:\\\/\\\/soliton-gmbh.de\\\/produkt\\\/libs-interaktionskammer\\\/#breadcrumb\",\"itemListElement\":[{\"@type\":\"ListItem\",\"position\":1,\"name\":\"Startseite\",\"item\":\"https:\\\/\\\/soliton-gmbh.de\\\/\"},{\"@type\":\"ListItem\",\"position\":2,\"name\":\"Produkte\",\"item\":\"https:\\\/\\\/soliton-gmbh.de\\\/produkte\\\/\"},{\"@type\":\"ListItem\",\"position\":3,\"name\":\"LIBS Interaktionskammer\"}]},{\"@type\":\"WebSite\",\"@id\":\"https:\\\/\\\/soliton-gmbh.de\\\/#website\",\"url\":\"https:\\\/\\\/soliton-gmbh.de\\\/\",\"name\":\"Soliton Laser- und Messtechnik GmbH\",\"description\":\"\",\"publisher\":{\"@id\":\"https:\\\/\\\/soliton-gmbh.de\\\/#organization\"},\"potentialAction\":[{\"@type\":\"SearchAction\",\"target\":{\"@type\":\"EntryPoint\",\"urlTemplate\":\"https:\\\/\\\/soliton-gmbh.de\\\/?s={search_term_string}\"},\"query-input\":{\"@type\":\"PropertyValueSpecification\",\"valueRequired\":true,\"valueName\":\"search_term_string\"}}],\"inLanguage\":\"en-US\"},{\"@type\":\"Organization\",\"@id\":\"https:\\\/\\\/soliton-gmbh.de\\\/#organization\",\"name\":\"Soliton GmbH\",\"url\":\"https:\\\/\\\/soliton-gmbh.de\\\/\",\"logo\":{\"@type\":\"ImageObject\",\"inLanguage\":\"en-US\",\"@id\":\"https:\\\/\\\/soliton-gmbh.de\\\/#\\\/schema\\\/logo\\\/image\\\/\",\"url\":\"https:\\\/\\\/soliton-gmbh.de\\\/wp-content\\\/uploads\\\/2022\\\/08\\\/cropped-soliton-logo.png\",\"contentUrl\":\"https:\\\/\\\/soliton-gmbh.de\\\/wp-content\\\/uploads\\\/2022\\\/08\\\/cropped-soliton-logo.png\",\"width\":500,\"height\":350,\"caption\":\"Soliton GmbH\"},\"image\":{\"@id\":\"https:\\\/\\\/soliton-gmbh.de\\\/#\\\/schema\\\/logo\\\/image\\\/\"}}]}<\/script>\n<meta property=\"product:price:amount\" content=\"0.00\" \/>\n<meta property=\"product:price:currency\" content=\"EUR\" \/>\n<meta property=\"og:availability\" content=\"instock\" \/>\n<meta property=\"product:availability\" content=\"instock\" \/>\n<meta property=\"product:condition\" content=\"new\" \/>\n<!-- \/ Yoast SEO Premium plugin. -->","yoast_head_json":{"title":"LIBS interaction chamber - Soliton","description":"AtomTrace's LIBS vacuum interaction chamber is part of the Sci-Trace system and can be customized to your specific research needs. It provides a flexible platform for a variety of experiments and enables precise analysis in a controlled environment.","robots":{"index":"index","follow":"follow","max-snippet":"max-snippet:-1","max-image-preview":"max-image-preview:large","max-video-preview":"max-video-preview:-1"},"canonical":"https:\/\/soliton-gmbh.de\/en\/product\/libs-interaction-chamber\/","og_locale":"en_US","og_type":"article","og_title":"LIBS Interaktionskammer","og_description":"Die LIBS-Vakuum-Interaktionskammer von AtomTrace ist Teil des Sci-Trace-Systems und kann an Ihre spezifischen Forschungsbed\u00fcrfnisse angepasst werden. Sie bietet eine flexible Plattform f\u00fcr vielf\u00e4ltige Experimente und erm\u00f6glicht pr\u00e4zise Analysen in einer kontrollierten Umgebung.","og_url":"https:\/\/soliton-gmbh.de\/en\/product\/libs-interaction-chamber\/","og_site_name":"Soliton Laser- und Messtechnik GmbH","article_modified_time":"2026-04-15T21:52:41+00:00","og_image":[{"width":1024,"height":740,"url":"https:\/\/soliton-gmbh.de\/wp-content\/uploads\/2023\/12\/Bild-Vakkumkammer.jpg","type":"image\/jpeg"}],"twitter_card":"summary_large_image","twitter_misc":{"Price":"&euro;0.00","Availability":"In stock"},"schema":{"@context":"https:\/\/schema.org","@graph":[{"@type":"WebPage","@id":"https:\/\/soliton-gmbh.de\/produkt\/libs-interaktionskammer\/","url":"https:\/\/soliton-gmbh.de\/produkt\/libs-interaktionskammer\/","name":"LIBS interaction chamber - Soliton","isPartOf":{"@id":"https:\/\/soliton-gmbh.de\/#website"},"primaryImageOfPage":{"@id":"https:\/\/soliton-gmbh.de\/produkt\/libs-interaktionskammer\/#primaryimage"},"image":{"@id":"https:\/\/soliton-gmbh.de\/produkt\/libs-interaktionskammer\/#primaryimage"},"thumbnailUrl":"https:\/\/soliton-gmbh.de\/wp-content\/uploads\/2023\/12\/Bild-Vakkumkammer.jpg","datePublished":"2023-12-04T10:35:19+00:00","dateModified":"2026-04-15T21:52:41+00:00","description":"AtomTrace's LIBS vacuum interaction chamber is part of the Sci-Trace system and can be customized to your specific research needs. It provides a flexible platform for a variety of experiments and enables precise analysis in a controlled environment.","breadcrumb":{"@id":"https:\/\/soliton-gmbh.de\/produkt\/libs-interaktionskammer\/#breadcrumb"},"inLanguage":"en-US","potentialAction":[{"@type":"ReadAction","target":["https:\/\/soliton-gmbh.de\/produkt\/libs-interaktionskammer\/"]}]},{"@type":"ImageObject","inLanguage":"en-US","@id":"https:\/\/soliton-gmbh.de\/produkt\/libs-interaktionskammer\/#primaryimage","url":"https:\/\/soliton-gmbh.de\/wp-content\/uploads\/2023\/12\/Bild-Vakkumkammer.jpg","contentUrl":"https:\/\/soliton-gmbh.de\/wp-content\/uploads\/2023\/12\/Bild-Vakkumkammer.jpg","width":1024,"height":740,"caption":"LIBS Interaktionskammer, AtomTrace"},{"@type":"BreadcrumbList","@id":"https:\/\/soliton-gmbh.de\/produkt\/libs-interaktionskammer\/#breadcrumb","itemListElement":[{"@type":"ListItem","position":1,"name":"Startseite","item":"https:\/\/soliton-gmbh.de\/"},{"@type":"ListItem","position":2,"name":"Produkte","item":"https:\/\/soliton-gmbh.de\/produkte\/"},{"@type":"ListItem","position":3,"name":"LIBS Interaktionskammer"}]},{"@type":"WebSite","@id":"https:\/\/soliton-gmbh.de\/#website","url":"https:\/\/soliton-gmbh.de\/","name":"Soliton Laser- und Messtechnik GmbH","description":"","publisher":{"@id":"https:\/\/soliton-gmbh.de\/#organization"},"potentialAction":[{"@type":"SearchAction","target":{"@type":"EntryPoint","urlTemplate":"https:\/\/soliton-gmbh.de\/?s={search_term_string}"},"query-input":{"@type":"PropertyValueSpecification","valueRequired":true,"valueName":"search_term_string"}}],"inLanguage":"en-US"},{"@type":"Organization","@id":"https:\/\/soliton-gmbh.de\/#organization","name":"Soliton GmbH","url":"https:\/\/soliton-gmbh.de\/","logo":{"@type":"ImageObject","inLanguage":"en-US","@id":"https:\/\/soliton-gmbh.de\/#\/schema\/logo\/image\/","url":"https:\/\/soliton-gmbh.de\/wp-content\/uploads\/2022\/08\/cropped-soliton-logo.png","contentUrl":"https:\/\/soliton-gmbh.de\/wp-content\/uploads\/2022\/08\/cropped-soliton-logo.png","width":500,"height":350,"caption":"Soliton GmbH"},"image":{"@id":"https:\/\/soliton-gmbh.de\/#\/schema\/logo\/image\/"}}]},"product_price_amount":"0.00","product_price_currency":"EUR","og_availability":"instock","product_availability":"instock","product_condition":"new"},"uagb_featured_image_src":{"full":["https:\/\/soliton-gmbh.de\/wp-content\/uploads\/2023\/12\/Bild-Vakkumkammer.jpg",1024,740,false],"thumbnail":["https:\/\/soliton-gmbh.de\/wp-content\/uploads\/2023\/12\/Bild-Vakkumkammer-150x150.jpg",150,150,true],"medium":["https:\/\/soliton-gmbh.de\/wp-content\/uploads\/2023\/12\/Bild-Vakkumkammer-300x217.jpg",300,217,true],"medium_large":["https:\/\/soliton-gmbh.de\/wp-content\/uploads\/2023\/12\/Bild-Vakkumkammer-768x555.jpg",768,555,true],"large":["https:\/\/soliton-gmbh.de\/wp-content\/uploads\/2023\/12\/Bild-Vakkumkammer.jpg",1024,740,false],"1536x1536":["https:\/\/soliton-gmbh.de\/wp-content\/uploads\/2023\/12\/Bild-Vakkumkammer.jpg",1024,740,false],"2048x2048":["https:\/\/soliton-gmbh.de\/wp-content\/uploads\/2023\/12\/Bild-Vakkumkammer.jpg",1024,740,false],"trp-custom-language-flag":["https:\/\/soliton-gmbh.de\/wp-content\/uploads\/2023\/12\/Bild-Vakkumkammer-18x12.jpg",18,12,true],"woocommerce_thumbnail":["https:\/\/soliton-gmbh.de\/wp-content\/uploads\/2023\/12\/Bild-Vakkumkammer-600x434.jpg",600,434,true],"woocommerce_single":["https:\/\/soliton-gmbh.de\/wp-content\/uploads\/2023\/12\/Bild-Vakkumkammer.jpg",1024,740,false],"woocommerce_gallery_thumbnail":["https:\/\/soliton-gmbh.de\/wp-content\/uploads\/2023\/12\/Bild-Vakkumkammer-300x300.jpg",300,300,true]},"uagb_author_info":{"display_name":"Daniel","author_link":"https:\/\/soliton-gmbh.de\/en\/author\/"},"uagb_comment_info":0,"uagb_excerpt":"Wissenschaftliche Vakuum sowie LIBS Systeme simuliert atmosph\u00e4rische Zust\u00e4nde Anpassungsf\u00e4hig an Ihre Anwendung Modular aufgebaut Vollautomatisierung &amp; Teilautomatisierung m\u00f6glich Lasersicherheit garantiert Intuitive einfache Software","_links":{"self":[{"href":"https:\/\/soliton-gmbh.de\/en\/wp-json\/wp\/v2\/product\/6348","targetHints":{"allow":["GET"]}}],"collection":[{"href":"https:\/\/soliton-gmbh.de\/en\/wp-json\/wp\/v2\/product"}],"about":[{"href":"https:\/\/soliton-gmbh.de\/en\/wp-json\/wp\/v2\/types\/product"}],"wp:featuredmedia":[{"embeddable":true,"href":"https:\/\/soliton-gmbh.de\/en\/wp-json\/wp\/v2\/media\/6349"}],"wp:attachment":[{"href":"https:\/\/soliton-gmbh.de\/en\/wp-json\/wp\/v2\/media?parent=6348"}],"wp:term":[{"taxonomy":"product_brand","embeddable":true,"href":"https:\/\/soliton-gmbh.de\/en\/wp-json\/wp\/v2\/product_brand?post=6348"},{"taxonomy":"product_cat","embeddable":true,"href":"https:\/\/soliton-gmbh.de\/en\/wp-json\/wp\/v2\/product_cat?post=6348"},{"taxonomy":"product_tag","embeddable":true,"href":"https:\/\/soliton-gmbh.de\/en\/wp-json\/wp\/v2\/product_tag?post=6348"}],"curies":[{"name":"wp","href":"https:\/\/api.w.org\/{rel}","templated":true}]}}