{"id":6275,"date":"2023-08-16T11:01:38","date_gmt":"2023-08-16T09:01:38","guid":{"rendered":"https:\/\/soliton-gmbh.de\/?post_type=product&#038;p=6275"},"modified":"2026-05-04T18:09:34","modified_gmt":"2026-05-04T16:09:34","slug":"superachromatic-precision-retarder","status":"publish","type":"product","link":"https:\/\/soliton-gmbh.de\/en\/produkt\/superachromatischer-praezisions-retarder\/","title":{"rendered":"Super achromatic precision retarder"},"content":{"rendered":"<p data-start=\"110\" data-end=\"727\">The Superachromatic Precision Retarder from Meadowlark Optics sets the standard for high-precision polarization modulation over an unprecedented wavelength range. With a standard coverage of 420 to 1100 nm and 800 to 1700 nm and the option of a quarter-wave or half-wave retarder, this device meets the requirements of demanding applications in research and industry. Due to the wide spectral coverage, the stock range does not require an anti-reflection coating, but we do offer customized coatings on request to further minimize reflections.<\/p>\n<h2 data-start=\"729\" data-end=\"804\">Design and functional principle of the Superachromatic Precision Retarder<\/h2>\n<p data-start=\"806\" data-end=\"1334\">At the heart of the broadband retarder are several birefringent polymer films that are precisely aligned and laminated between optically flat N-BK7 windows. The precise lamination ensures homogeneous phase retardation across the entire field of view. As more polymer layers are used, the overall transmission is slightly lower than with classic precision retarders. In return, you benefit from a uniform retardation accuracy of \u00b1 \u03bb\/50 across the entire spectral range.<\/p>\n<h3 data-start=\"1336\" data-end=\"1381\">Technical highlights and measuring accuracy<\/h3>\n<p data-start=\"1383\" data-end=\"1880\">The superachromatic precision retarder impresses with a proven retardation accuracy of \u00b1 \u03bb\/50 and a comprehensive measurement protocol with over 25 wavelength points, which documents a precision of \u00b1 0.001 waves. This makes the ultra-broadband retarder perfect for applications in which the smallest deviations in the phase shift are significant, for example in elliptical polarization analysis or electro-optical modulation.<\/p>\n<h2 data-start=\"1882\" data-end=\"1936\">Customization options and typical areas of application<\/h2>\n<p data-start=\"1938\" data-end=\"2451\">Customer-specific versions of the superachromatic precision retarder can not only be tailored to any wavelength range and retardation parameters, but can also be provided with specialized anti-reflection coatings to further optimize performance in spectrally limited systems. In microscopy, spectroscopy, biophotonics and quality assurance of semiconductor components, the broadband retarder guarantees stable and reproducible polarization control.<\/p>\n<h2 data-start=\"2453\" data-end=\"2489\">Contact and individual advice<\/h2>\n<p data-start=\"2491\" data-end=\"3018\">For your next optical project, we will be happy to provide you with a detailed quote including a measurement certificate and customized coating options. Please contact us directly via our website.<\/p>","protected":false},"excerpt":{"rendered":"<p><a href=\"https:\/\/soliton-gmbh.de\/wp-content\/uploads\/2023\/02\/4C-MLO-Logo.png\"><img loading=\"lazy\" decoding=\"async\" class=\"alignnone wp-image-5337\" src=\"https:\/\/soliton-gmbh.de\/wp-content\/uploads\/2023\/02\/4C-MLO-Logo-300x60.png\" alt=\"\" width=\"200\" height=\"40\" srcset=\"https:\/\/soliton-gmbh.de\/wp-content\/uploads\/2023\/02\/4C-MLO-Logo-300x60.png 300w, https:\/\/soliton-gmbh.de\/wp-content\/uploads\/2023\/02\/4C-MLO-Logo-600x120.png 600w, https:\/\/soliton-gmbh.de\/wp-content\/uploads\/2023\/02\/4C-MLO-Logo-1200x240.png 1200w, https:\/\/soliton-gmbh.de\/wp-content\/uploads\/2023\/02\/4C-MLO-Logo-1024x205.png 1024w, https:\/\/soliton-gmbh.de\/wp-content\/uploads\/2023\/02\/4C-MLO-Logo-768x154.png 768w, https:\/\/soliton-gmbh.de\/wp-content\/uploads\/2023\/02\/4C-MLO-Logo-18x4.png 18w, https:\/\/soliton-gmbh.de\/wp-content\/uploads\/2023\/02\/4C-MLO-Logo.png 1500w\" sizes=\"auto, (max-width: 200px) 100vw, 200px\" \/><\/a><\/p>\n<ul>\n<li>Ultra wideband wavelength range<\/li>\n<li>420 to 1100nm and 800 to 1700nm<\/li>\n<li>Custom wavelength ranges available<\/li>\n<li>Custom delay parameters available<\/li>\n<li>Excellent field of view<\/li>\n<\/ul>","protected":false},"featured_media":6277,"template":"","meta":{"_acf_changed":false,"_uag_custom_page_level_css":"","site-sidebar-layout":"default","site-content-layout":"default","ast-site-content-layout":"default","site-content-style":"default","site-sidebar-style":"default","ast-global-header-display":"","ast-banner-title-visibility":"","ast-main-header-display":"","ast-hfb-above-header-display":"","ast-hfb-below-header-display":"","ast-hfb-mobile-header-display":"","site-post-title":"","ast-breadcrumbs-content":"","ast-featured-img":"","footer-sml-layout":"","ast-disable-related-posts":"","theme-transparent-header-meta":"default","adv-header-id-meta":"","stick-header-meta":"default","header-above-stick-meta":"","header-main-stick-meta":"","header-below-stick-meta":"","astra-migrate-meta-layouts":"set","ast-page-background-enabled":"default","ast-page-background-meta":{"desktop":{"background-color":"","background-image":"","background-repeat":"repeat","background-position":"center center","background-size":"auto","background-attachment":"scroll","background-type":"","background-media":"","overlay-type":"","overlay-color":"","overlay-opacity":"","overlay-gradient":""},"tablet":{"background-color":"","background-image":"","background-repeat":"repeat","background-position":"center center","background-size":"auto","background-attachment":"scroll","background-type":"","background-media":"","overlay-type":"","overlay-color":"","overlay-opacity":"","overlay-gradient":""},"mobile":{"background-color":"","background-image":"","background-repeat":"repeat","background-position":"center center","background-size":"auto","background-attachment":"scroll","background-type":"","background-media":"","overlay-type":"","overlay-color":"","overlay-opacity":"","overlay-gradient":""}},"ast-content-background-meta":{"desktop":{"background-color":"var(--ast-global-color-5)","background-image":"","background-repeat":"repeat","background-position":"center center","background-size":"auto","background-attachment":"scroll","background-type":"","background-media":"","overlay-type":"","overlay-color":"","overlay-opacity":"","overlay-gradient":""},"tablet":{"background-color":"var(--ast-global-color-5)","background-image":"","background-repeat":"repeat","background-position":"center center","background-size":"auto","background-attachment":"scroll","background-type":"","background-media":"","overlay-type":"","overlay-color":"","overlay-opacity":"","overlay-gradient":""},"mobile":{"background-color":"var(--ast-global-color-5)","background-image":"","background-repeat":"repeat","background-position":"center center","background-size":"auto","background-attachment":"scroll","background-type":"","background-media":"","overlay-type":"","overlay-color":"","overlay-opacity":"","overlay-gradient":""}}},"product_brand":[1609],"product_cat":[373],"product_tag":[],"class_list":{"0":"post-6275","1":"product","2":"type-product","3":"status-publish","4":"has-post-thumbnail","6":"product_brand-meadowlark-optics","7":"product_cat-retarder","8":"desktop-align-left","9":"tablet-align-center","10":"mobile-align-center","11":"ast-product-gallery-layout-horizontal-slider","12":"ast-product-gallery-with-no-image","13":"ast-magnify-disabled","14":"ast-product-tabs-layout-horizontal","16":"first","17":"instock","18":"virtual","19":"sold-individually","20":"purchasable","21":"product-type-simple"},"acf":[],"yoast_head":"<!-- This site is optimized with the Yoast SEO Premium plugin v27.2 (Yoast SEO v27.6) - https:\/\/yoast.com\/product\/yoast-seo-premium-wordpress\/ -->\n<title>Superachromatischer Pr\u00e4zisions-Retarder - Soliton<\/title>\n<meta name=\"description\" content=\"Superachromatischer Pr\u00e4zisions-Retarder f\u00fcr ultra-breitbandige Polarisationskontrolle. Kontaktieren Sie uns f\u00fcr ein individuelles Angebot.\" \/>\n<meta name=\"robots\" content=\"index, follow, max-snippet:-1, max-image-preview:large, max-video-preview:-1\" \/>\n<link rel=\"canonical\" href=\"https:\/\/soliton-gmbh.de\/en\/product\/superachromatic-precision-retarder\/\" \/>\n<meta property=\"og:locale\" content=\"en_US\" \/>\n<meta property=\"og:type\" content=\"article\" \/>\n<meta property=\"og:title\" content=\"Superachromatischer Pr\u00e4zisions-Retarder\" \/>\n<meta property=\"og:description\" content=\"Superachromatischer Pr\u00e4zisions-Retarder f\u00fcr ultra-breitbandige Polarisationskontrolle. Kontaktieren Sie uns f\u00fcr ein individuelles Angebot.\" \/>\n<meta property=\"og:url\" content=\"https:\/\/soliton-gmbh.de\/en\/product\/superachromatic-precision-retarder\/\" \/>\n<meta property=\"og:site_name\" content=\"Soliton Laser- und Messtechnik GmbH\" \/>\n<meta property=\"article:modified_time\" content=\"2026-05-04T16:09:34+00:00\" \/>\n<meta property=\"og:image\" content=\"https:\/\/soliton-gmbh.de\/wp-content\/uploads\/2023\/08\/MDL10.jpg\" \/>\n\t<meta property=\"og:image:width\" content=\"1171\" \/>\n\t<meta property=\"og:image:height\" content=\"957\" \/>\n\t<meta property=\"og:image:type\" content=\"image\/jpeg\" \/>\n<meta name=\"twitter:card\" content=\"summary_large_image\" \/>\n<meta name=\"twitter:label1\" content=\"Price\" \/>\n\t<meta name=\"twitter:data1\" content=\"&euro;0.00\" \/>\n\t<meta name=\"twitter:label2\" content=\"Availability\" \/>\n\t<meta name=\"twitter:data2\" content=\"In stock\" \/>\n<script type=\"application\/ld+json\" class=\"yoast-schema-graph\">{\"@context\":\"https:\\\/\\\/schema.org\",\"@graph\":[{\"@type\":\"WebPage\",\"@id\":\"https:\\\/\\\/soliton-gmbh.de\\\/produkt\\\/superachromatischer-praezisions-retarder\\\/\",\"url\":\"https:\\\/\\\/soliton-gmbh.de\\\/produkt\\\/superachromatischer-praezisions-retarder\\\/\",\"name\":\"Superachromatischer Pr\u00e4zisions-Retarder - Soliton\",\"isPartOf\":{\"@id\":\"https:\\\/\\\/soliton-gmbh.de\\\/#website\"},\"primaryImageOfPage\":{\"@id\":\"https:\\\/\\\/soliton-gmbh.de\\\/produkt\\\/superachromatischer-praezisions-retarder\\\/#primaryimage\"},\"image\":{\"@id\":\"https:\\\/\\\/soliton-gmbh.de\\\/produkt\\\/superachromatischer-praezisions-retarder\\\/#primaryimage\"},\"thumbnailUrl\":\"https:\\\/\\\/soliton-gmbh.de\\\/wp-content\\\/uploads\\\/2023\\\/08\\\/MDL10.jpg\",\"datePublished\":\"2023-08-16T09:01:38+00:00\",\"dateModified\":\"2026-05-04T16:09:34+00:00\",\"description\":\"Superachromatischer Pr\u00e4zisions-Retarder f\u00fcr ultra-breitbandige Polarisationskontrolle. Kontaktieren Sie uns f\u00fcr ein individuelles Angebot.\",\"breadcrumb\":{\"@id\":\"https:\\\/\\\/soliton-gmbh.de\\\/produkt\\\/superachromatischer-praezisions-retarder\\\/#breadcrumb\"},\"inLanguage\":\"en-US\",\"potentialAction\":[{\"@type\":\"ReadAction\",\"target\":[\"https:\\\/\\\/soliton-gmbh.de\\\/produkt\\\/superachromatischer-praezisions-retarder\\\/\"]}]},{\"@type\":\"ImageObject\",\"inLanguage\":\"en-US\",\"@id\":\"https:\\\/\\\/soliton-gmbh.de\\\/produkt\\\/superachromatischer-praezisions-retarder\\\/#primaryimage\",\"url\":\"https:\\\/\\\/soliton-gmbh.de\\\/wp-content\\\/uploads\\\/2023\\\/08\\\/MDL10.jpg\",\"contentUrl\":\"https:\\\/\\\/soliton-gmbh.de\\\/wp-content\\\/uploads\\\/2023\\\/08\\\/MDL10.jpg\",\"width\":1171,\"height\":957,\"caption\":\"Superachromatischer Pr\u00e4zisions-Retarder mit doppelbrechenden Polymerfolien und N-BK7-Substrat f\u00fcr Ultra-breitband-Kontrolle\"},{\"@type\":\"BreadcrumbList\",\"@id\":\"https:\\\/\\\/soliton-gmbh.de\\\/produkt\\\/superachromatischer-praezisions-retarder\\\/#breadcrumb\",\"itemListElement\":[{\"@type\":\"ListItem\",\"position\":1,\"name\":\"Startseite\",\"item\":\"https:\\\/\\\/soliton-gmbh.de\\\/\"},{\"@type\":\"ListItem\",\"position\":2,\"name\":\"Produkte\",\"item\":\"https:\\\/\\\/soliton-gmbh.de\\\/produkte\\\/\"},{\"@type\":\"ListItem\",\"position\":3,\"name\":\"Superachromatischer Pr\u00e4zisions-Retarder\"}]},{\"@type\":\"WebSite\",\"@id\":\"https:\\\/\\\/soliton-gmbh.de\\\/#website\",\"url\":\"https:\\\/\\\/soliton-gmbh.de\\\/\",\"name\":\"Soliton Laser- und Messtechnik GmbH\",\"description\":\"\",\"publisher\":{\"@id\":\"https:\\\/\\\/soliton-gmbh.de\\\/#organization\"},\"potentialAction\":[{\"@type\":\"SearchAction\",\"target\":{\"@type\":\"EntryPoint\",\"urlTemplate\":\"https:\\\/\\\/soliton-gmbh.de\\\/?s={search_term_string}\"},\"query-input\":{\"@type\":\"PropertyValueSpecification\",\"valueRequired\":true,\"valueName\":\"search_term_string\"}}],\"inLanguage\":\"en-US\"},{\"@type\":\"Organization\",\"@id\":\"https:\\\/\\\/soliton-gmbh.de\\\/#organization\",\"name\":\"Soliton GmbH\",\"url\":\"https:\\\/\\\/soliton-gmbh.de\\\/\",\"logo\":{\"@type\":\"ImageObject\",\"inLanguage\":\"en-US\",\"@id\":\"https:\\\/\\\/soliton-gmbh.de\\\/#\\\/schema\\\/logo\\\/image\\\/\",\"url\":\"https:\\\/\\\/soliton-gmbh.de\\\/wp-content\\\/uploads\\\/2022\\\/08\\\/cropped-soliton-logo.png\",\"contentUrl\":\"https:\\\/\\\/soliton-gmbh.de\\\/wp-content\\\/uploads\\\/2022\\\/08\\\/cropped-soliton-logo.png\",\"width\":500,\"height\":350,\"caption\":\"Soliton GmbH\"},\"image\":{\"@id\":\"https:\\\/\\\/soliton-gmbh.de\\\/#\\\/schema\\\/logo\\\/image\\\/\"}}]}<\/script>\n<meta property=\"product:price:amount\" content=\"0.00\" \/>\n<meta property=\"product:price:currency\" content=\"EUR\" \/>\n<meta property=\"og:availability\" content=\"instock\" \/>\n<meta property=\"product:availability\" content=\"instock\" \/>\n<meta property=\"product:condition\" content=\"new\" \/>\n<!-- \/ Yoast SEO Premium plugin. -->","yoast_head_json":{"title":"Superachromatic precision retarder - Soliton","description":"Superachromatic precision retarder for ultra-broadband polarization control. Contact us for a customized offer.","robots":{"index":"index","follow":"follow","max-snippet":"max-snippet:-1","max-image-preview":"max-image-preview:large","max-video-preview":"max-video-preview:-1"},"canonical":"https:\/\/soliton-gmbh.de\/en\/product\/superachromatic-precision-retarder\/","og_locale":"en_US","og_type":"article","og_title":"Superachromatischer Pr\u00e4zisions-Retarder","og_description":"Superachromatischer Pr\u00e4zisions-Retarder f\u00fcr ultra-breitbandige Polarisationskontrolle. Kontaktieren Sie uns f\u00fcr ein individuelles Angebot.","og_url":"https:\/\/soliton-gmbh.de\/en\/product\/superachromatic-precision-retarder\/","og_site_name":"Soliton Laser- und Messtechnik GmbH","article_modified_time":"2026-05-04T16:09:34+00:00","og_image":[{"width":1171,"height":957,"url":"https:\/\/soliton-gmbh.de\/wp-content\/uploads\/2023\/08\/MDL10.jpg","type":"image\/jpeg"}],"twitter_card":"summary_large_image","twitter_misc":{"Price":"&euro;0.00","Availability":"In stock"},"schema":{"@context":"https:\/\/schema.org","@graph":[{"@type":"WebPage","@id":"https:\/\/soliton-gmbh.de\/produkt\/superachromatischer-praezisions-retarder\/","url":"https:\/\/soliton-gmbh.de\/produkt\/superachromatischer-praezisions-retarder\/","name":"Superachromatic precision retarder - Soliton","isPartOf":{"@id":"https:\/\/soliton-gmbh.de\/#website"},"primaryImageOfPage":{"@id":"https:\/\/soliton-gmbh.de\/produkt\/superachromatischer-praezisions-retarder\/#primaryimage"},"image":{"@id":"https:\/\/soliton-gmbh.de\/produkt\/superachromatischer-praezisions-retarder\/#primaryimage"},"thumbnailUrl":"https:\/\/soliton-gmbh.de\/wp-content\/uploads\/2023\/08\/MDL10.jpg","datePublished":"2023-08-16T09:01:38+00:00","dateModified":"2026-05-04T16:09:34+00:00","description":"Superachromatic precision retarder for ultra-broadband polarization control. Contact us for a customized offer.","breadcrumb":{"@id":"https:\/\/soliton-gmbh.de\/produkt\/superachromatischer-praezisions-retarder\/#breadcrumb"},"inLanguage":"en-US","potentialAction":[{"@type":"ReadAction","target":["https:\/\/soliton-gmbh.de\/produkt\/superachromatischer-praezisions-retarder\/"]}]},{"@type":"ImageObject","inLanguage":"en-US","@id":"https:\/\/soliton-gmbh.de\/produkt\/superachromatischer-praezisions-retarder\/#primaryimage","url":"https:\/\/soliton-gmbh.de\/wp-content\/uploads\/2023\/08\/MDL10.jpg","contentUrl":"https:\/\/soliton-gmbh.de\/wp-content\/uploads\/2023\/08\/MDL10.jpg","width":1171,"height":957,"caption":"Superachromatischer Pr\u00e4zisions-Retarder mit doppelbrechenden Polymerfolien und N-BK7-Substrat f\u00fcr Ultra-breitband-Kontrolle"},{"@type":"BreadcrumbList","@id":"https:\/\/soliton-gmbh.de\/produkt\/superachromatischer-praezisions-retarder\/#breadcrumb","itemListElement":[{"@type":"ListItem","position":1,"name":"Startseite","item":"https:\/\/soliton-gmbh.de\/"},{"@type":"ListItem","position":2,"name":"Produkte","item":"https:\/\/soliton-gmbh.de\/produkte\/"},{"@type":"ListItem","position":3,"name":"Superachromatischer Pr\u00e4zisions-Retarder"}]},{"@type":"WebSite","@id":"https:\/\/soliton-gmbh.de\/#website","url":"https:\/\/soliton-gmbh.de\/","name":"Soliton Laser- und Messtechnik GmbH","description":"","publisher":{"@id":"https:\/\/soliton-gmbh.de\/#organization"},"potentialAction":[{"@type":"SearchAction","target":{"@type":"EntryPoint","urlTemplate":"https:\/\/soliton-gmbh.de\/?s={search_term_string}"},"query-input":{"@type":"PropertyValueSpecification","valueRequired":true,"valueName":"search_term_string"}}],"inLanguage":"en-US"},{"@type":"Organization","@id":"https:\/\/soliton-gmbh.de\/#organization","name":"Soliton GmbH","url":"https:\/\/soliton-gmbh.de\/","logo":{"@type":"ImageObject","inLanguage":"en-US","@id":"https:\/\/soliton-gmbh.de\/#\/schema\/logo\/image\/","url":"https:\/\/soliton-gmbh.de\/wp-content\/uploads\/2022\/08\/cropped-soliton-logo.png","contentUrl":"https:\/\/soliton-gmbh.de\/wp-content\/uploads\/2022\/08\/cropped-soliton-logo.png","width":500,"height":350,"caption":"Soliton GmbH"},"image":{"@id":"https:\/\/soliton-gmbh.de\/#\/schema\/logo\/image\/"}}]},"product_price_amount":"0.00","product_price_currency":"EUR","og_availability":"instock","product_availability":"instock","product_condition":"new"},"uagb_featured_image_src":{"full":["https:\/\/soliton-gmbh.de\/wp-content\/uploads\/2023\/08\/MDL10.jpg",1171,957,false],"thumbnail":["https:\/\/soliton-gmbh.de\/wp-content\/uploads\/2023\/08\/MDL10-150x150.jpg",150,150,true],"medium":["https:\/\/soliton-gmbh.de\/wp-content\/uploads\/2023\/08\/MDL10-300x245.jpg",300,245,true],"medium_large":["https:\/\/soliton-gmbh.de\/wp-content\/uploads\/2023\/08\/MDL10-768x628.jpg",768,628,true],"large":["https:\/\/soliton-gmbh.de\/wp-content\/uploads\/2023\/08\/MDL10-1024x837.jpg",1024,837,true],"1536x1536":["https:\/\/soliton-gmbh.de\/wp-content\/uploads\/2023\/08\/MDL10.jpg",1171,957,false],"2048x2048":["https:\/\/soliton-gmbh.de\/wp-content\/uploads\/2023\/08\/MDL10.jpg",1171,957,false],"trp-custom-language-flag":["https:\/\/soliton-gmbh.de\/wp-content\/uploads\/2023\/08\/MDL10-15x12.jpg",15,12,true],"woocommerce_thumbnail":["https:\/\/soliton-gmbh.de\/wp-content\/uploads\/2023\/08\/MDL10-600x490.jpg",600,490,true],"woocommerce_single":["https:\/\/soliton-gmbh.de\/wp-content\/uploads\/2023\/08\/MDL10.jpg",1171,957,false],"woocommerce_gallery_thumbnail":["https:\/\/soliton-gmbh.de\/wp-content\/uploads\/2023\/08\/MDL10-300x300.jpg",300,300,true]},"uagb_author_info":{"display_name":"Daniel","author_link":"https:\/\/soliton-gmbh.de\/en\/author\/"},"uagb_comment_info":0,"uagb_excerpt":"Ultra-Breitband-Wellenl\u00e4ngenbereich 420 bis 1100 nm und 800 bis 1700 nm Kundenspezifische Wellenl\u00e4ngenbereiche verf\u00fcgbar Kundenspezifische Verz\u00f6gerungsparameter verf\u00fcgbar Hervorragendes Sichtfeld","_links":{"self":[{"href":"https:\/\/soliton-gmbh.de\/en\/wp-json\/wp\/v2\/product\/6275","targetHints":{"allow":["GET"]}}],"collection":[{"href":"https:\/\/soliton-gmbh.de\/en\/wp-json\/wp\/v2\/product"}],"about":[{"href":"https:\/\/soliton-gmbh.de\/en\/wp-json\/wp\/v2\/types\/product"}],"wp:featuredmedia":[{"embeddable":true,"href":"https:\/\/soliton-gmbh.de\/en\/wp-json\/wp\/v2\/media\/6277"}],"wp:attachment":[{"href":"https:\/\/soliton-gmbh.de\/en\/wp-json\/wp\/v2\/media?parent=6275"}],"wp:term":[{"taxonomy":"product_brand","embeddable":true,"href":"https:\/\/soliton-gmbh.de\/en\/wp-json\/wp\/v2\/product_brand?post=6275"},{"taxonomy":"product_cat","embeddable":true,"href":"https:\/\/soliton-gmbh.de\/en\/wp-json\/wp\/v2\/product_cat?post=6275"},{"taxonomy":"product_tag","embeddable":true,"href":"https:\/\/soliton-gmbh.de\/en\/wp-json\/wp\/v2\/product_tag?post=6275"}],"curies":[{"name":"wp","href":"https:\/\/api.w.org\/{rel}","templated":true}]}}