{"id":6270,"date":"2023-08-16T10:27:06","date_gmt":"2023-08-16T08:27:06","guid":{"rendered":"https:\/\/soliton-gmbh.de\/?post_type=product&#038;p=6270"},"modified":"2026-03-30T18:07:45","modified_gmt":"2026-03-30T16:07:45","slug":"achromatic-precision-retarder","status":"publish","type":"product","link":"https:\/\/soliton-gmbh.de\/en\/produkt\/achromatischer-praezisions-retarder\/","title":{"rendered":"Achromatic precision retarder"},"content":{"rendered":"<p data-start=\"91\" data-end=\"897\">The achromatic precision retarder from Meadowlark Optics opens up completely new possibilities in optical measurement technology thanks to its almost constant phase delay over a wavelength range from 485 nm to 1650 nm. In addition, standardized quarter-wave and half-wave versions are available for the visible ranges 545-630 nm, 555-730 nm, 630-835 nm and 735-985 nm as well as for the near-infrared range 920-1240 nm and 1200-1650 nm, so that the retarder can be flexibly integrated into inline spectroscopy systems and polarization analyses. The achromatic waveplate not only impresses with its excellent spectral coverage, but also with its outstanding homogeneity of the phase shift across the entire field of view.<\/p>\n<h2 data-start=\"899\" data-end=\"948\">Technological structure and performance features<\/h2>\n<p data-start=\"949\" data-end=\"1828\">The achromatic precision retarder consists of several precisely aligned birefringent polymer films. These are laminated between precision-polished, optically flat N-BK7 substrates. As a rule, a retardation accuracy of up to \u03bb\/100 is achieved and the wavefront distortion is limited to a maximum of \u03bb\/4, thus ensuring minimal influence on the beam shape even in the most demanding applications. In addition, the thermal stability between -20 \u00b0C and +50 \u00b0C and a limited beam deviation of \u2264 1 arc minute ensure reliable operation under changing ambient conditions. Even with intensive laser irradiation of up to 500 W\/cm\u00b2 in continuous operation and pulse energies of up to 600 mJ\/cm\u00b2 (20 ns, visible) or 4 J\/cm\u00b2 (20 ns, 1064 nm).<\/p>\n<h2 data-start=\"1830\" data-end=\"1887\">Customization options and typical areas of application<\/h2>\n<p data-start=\"1888\" data-end=\"2463\">As a rule, we supply the achromatic precision retarder in the standard diameters of 25.4 mm and 50.8 mm with variable clear apertures to enable optimum integration into your optical systems. We also manufacture customer-specific wavelength ranges from 400 nm to 1800 nm as well as individual retardation values according to your specifications. On request, we can equip the achromatic waveplate with special anti-reflective coatings. This further reduces the degree of reflection in critical spectral windows and maximizes transmission.<\/p>\n<h2 data-start=\"2465\" data-end=\"2503\">Contact and individual advice<\/h2>\n<p data-start=\"2504\" data-end=\"3074\">We look forward to providing you with a detailed quotation including a comprehensive measurement report and personal advice.<\/p>","protected":false},"excerpt":{"rendered":"<p><a href=\"https:\/\/soliton-gmbh.de\/wp-content\/uploads\/2023\/02\/4C-MLO-Logo.png\"><img loading=\"lazy\" decoding=\"async\" class=\"alignnone wp-image-5337\" src=\"https:\/\/soliton-gmbh.de\/wp-content\/uploads\/2023\/02\/4C-MLO-Logo-300x60.png\" alt=\"\" width=\"200\" height=\"40\" srcset=\"https:\/\/soliton-gmbh.de\/wp-content\/uploads\/2023\/02\/4C-MLO-Logo-300x60.png 300w, https:\/\/soliton-gmbh.de\/wp-content\/uploads\/2023\/02\/4C-MLO-Logo-600x120.png 600w, https:\/\/soliton-gmbh.de\/wp-content\/uploads\/2023\/02\/4C-MLO-Logo-1200x240.png 1200w, https:\/\/soliton-gmbh.de\/wp-content\/uploads\/2023\/02\/4C-MLO-Logo-1024x205.png 1024w, https:\/\/soliton-gmbh.de\/wp-content\/uploads\/2023\/02\/4C-MLO-Logo-768x154.png 768w, https:\/\/soliton-gmbh.de\/wp-content\/uploads\/2023\/02\/4C-MLO-Logo-18x4.png 18w, https:\/\/soliton-gmbh.de\/wp-content\/uploads\/2023\/02\/4C-MLO-Logo.png 1500w\" sizes=\"auto, (max-width: 200px) 100vw, 200px\" \/><\/a><\/p>\n<ul>\n<li><span class=\"--l --r sentence_highlight\">Wide spectral range<\/span><\/li>\n<li><span class=\"--l --r sentence_highlight\">Excellent field of view<\/span><\/li>\n<\/ul>","protected":false},"featured_media":6273,"template":"","meta":{"_acf_changed":false,"_uag_custom_page_level_css":"","site-sidebar-layout":"default","site-content-layout":"default","ast-site-content-layout":"default","site-content-style":"default","site-sidebar-style":"default","ast-global-header-display":"","ast-banner-title-visibility":"","ast-main-header-display":"","ast-hfb-above-header-display":"","ast-hfb-below-header-display":"","ast-hfb-mobile-header-display":"","site-post-title":"","ast-breadcrumbs-content":"","ast-featured-img":"","footer-sml-layout":"","ast-disable-related-posts":"","theme-transparent-header-meta":"default","adv-header-id-meta":"","stick-header-meta":"default","header-above-stick-meta":"","header-main-stick-meta":"","header-below-stick-meta":"","astra-migrate-meta-layouts":"set","ast-page-background-enabled":"default","ast-page-background-meta":{"desktop":{"background-color":"","background-image":"","background-repeat":"repeat","background-position":"center center","background-size":"auto","background-attachment":"scroll","background-type":"","background-media":"","overlay-type":"","overlay-color":"","overlay-opacity":"","overlay-gradient":""},"tablet":{"background-color":"","background-image":"","background-repeat":"repeat","background-position":"center center","background-size":"auto","background-attachment":"scroll","background-type":"","background-media":"","overlay-type":"","overlay-color":"","overlay-opacity":"","overlay-gradient":""},"mobile":{"background-color":"","background-image":"","background-repeat":"repeat","background-position":"center center","background-size":"auto","background-attachment":"scroll","background-type":"","background-media":"","overlay-type":"","overlay-color":"","overlay-opacity":"","overlay-gradient":""}},"ast-content-background-meta":{"desktop":{"background-color":"var(--ast-global-color-5)","background-image":"","background-repeat":"repeat","background-position":"center center","background-size":"auto","background-attachment":"scroll","background-type":"","background-media":"","overlay-type":"","overlay-color":"","overlay-opacity":"","overlay-gradient":""},"tablet":{"background-color":"var(--ast-global-color-5)","background-image":"","background-repeat":"repeat","background-position":"center center","background-size":"auto","background-attachment":"scroll","background-type":"","background-media":"","overlay-type":"","overlay-color":"","overlay-opacity":"","overlay-gradient":""},"mobile":{"background-color":"var(--ast-global-color-5)","background-image":"","background-repeat":"repeat","background-position":"center center","background-size":"auto","background-attachment":"scroll","background-type":"","background-media":"","overlay-type":"","overlay-color":"","overlay-opacity":"","overlay-gradient":""}}},"product_brand":[1609],"product_cat":[373],"product_tag":[],"class_list":{"0":"post-6270","1":"product","2":"type-product","3":"status-publish","4":"has-post-thumbnail","6":"product_brand-meadowlark-optics","7":"product_cat-retarder","8":"desktop-align-left","9":"tablet-align-center","10":"mobile-align-center","11":"ast-product-gallery-layout-horizontal-slider","12":"ast-product-gallery-with-no-image","13":"ast-magnify-disabled","14":"ast-product-tabs-layout-horizontal","16":"first","17":"instock","18":"virtual","19":"sold-individually","20":"purchasable","21":"product-type-simple"},"acf":[],"yoast_head":"<!-- This site is optimized with the Yoast SEO Premium plugin v27.2 (Yoast SEO v27.6) - https:\/\/yoast.com\/product\/yoast-seo-premium-wordpress\/ -->\n<title>Achromatischer Pr\u00e4zisions-Retarder - Soliton<\/title>\n<meta name=\"description\" content=\"Achromatischer Pr\u00e4zisions-Retarder f\u00fcr konstante Phasenkontrolle von 485\u20131650 nm. Jetzt individuelles Angebot f\u00fcr Ihre optische Anwendung anfordern!\" \/>\n<meta name=\"robots\" content=\"index, follow, max-snippet:-1, max-image-preview:large, max-video-preview:-1\" \/>\n<link rel=\"canonical\" href=\"https:\/\/soliton-gmbh.de\/en\/product\/achromatic-precision-retarder\/\" \/>\n<meta property=\"og:locale\" content=\"en_US\" \/>\n<meta property=\"og:type\" content=\"article\" \/>\n<meta property=\"og:title\" content=\"Achromatischer Pr\u00e4zisions-Retarder\" \/>\n<meta property=\"og:description\" content=\"Achromatischer Pr\u00e4zisions-Retarder f\u00fcr konstante Phasenkontrolle von 485\u20131650 nm. Jetzt individuelles Angebot f\u00fcr Ihre optische Anwendung anfordern!\" \/>\n<meta property=\"og:url\" content=\"https:\/\/soliton-gmbh.de\/en\/product\/achromatic-precision-retarder\/\" \/>\n<meta property=\"og:site_name\" content=\"Soliton Laser- und Messtechnik GmbH\" \/>\n<meta property=\"article:modified_time\" content=\"2026-03-30T16:07:45+00:00\" \/>\n<meta property=\"og:image\" content=\"https:\/\/soliton-gmbh.de\/wp-content\/uploads\/2023\/08\/MDL9.jpg\" \/>\n\t<meta property=\"og:image:width\" content=\"871\" \/>\n\t<meta property=\"og:image:height\" content=\"851\" \/>\n\t<meta property=\"og:image:type\" content=\"image\/jpeg\" \/>\n<meta name=\"twitter:card\" content=\"summary_large_image\" \/>\n<meta name=\"twitter:label1\" content=\"Price\" \/>\n\t<meta name=\"twitter:data1\" content=\"&euro;0.00\" \/>\n\t<meta name=\"twitter:label2\" content=\"Availability\" \/>\n\t<meta name=\"twitter:data2\" content=\"In stock\" \/>\n<script type=\"application\/ld+json\" class=\"yoast-schema-graph\">{\"@context\":\"https:\\\/\\\/schema.org\",\"@graph\":[{\"@type\":\"WebPage\",\"@id\":\"https:\\\/\\\/soliton-gmbh.de\\\/produkt\\\/achromatischer-praezisions-retarder\\\/\",\"url\":\"https:\\\/\\\/soliton-gmbh.de\\\/produkt\\\/achromatischer-praezisions-retarder\\\/\",\"name\":\"Achromatischer Pr\u00e4zisions-Retarder - Soliton\",\"isPartOf\":{\"@id\":\"https:\\\/\\\/soliton-gmbh.de\\\/#website\"},\"primaryImageOfPage\":{\"@id\":\"https:\\\/\\\/soliton-gmbh.de\\\/produkt\\\/achromatischer-praezisions-retarder\\\/#primaryimage\"},\"image\":{\"@id\":\"https:\\\/\\\/soliton-gmbh.de\\\/produkt\\\/achromatischer-praezisions-retarder\\\/#primaryimage\"},\"thumbnailUrl\":\"https:\\\/\\\/soliton-gmbh.de\\\/wp-content\\\/uploads\\\/2023\\\/08\\\/MDL9.jpg\",\"datePublished\":\"2023-08-16T08:27:06+00:00\",\"dateModified\":\"2026-03-30T16:07:45+00:00\",\"description\":\"Achromatischer Pr\u00e4zisions-Retarder f\u00fcr konstante Phasenkontrolle von 485\u20131650 nm. Jetzt individuelles Angebot f\u00fcr Ihre optische Anwendung anfordern!\",\"breadcrumb\":{\"@id\":\"https:\\\/\\\/soliton-gmbh.de\\\/produkt\\\/achromatischer-praezisions-retarder\\\/#breadcrumb\"},\"inLanguage\":\"en-US\",\"potentialAction\":[{\"@type\":\"ReadAction\",\"target\":[\"https:\\\/\\\/soliton-gmbh.de\\\/produkt\\\/achromatischer-praezisions-retarder\\\/\"]}]},{\"@type\":\"ImageObject\",\"inLanguage\":\"en-US\",\"@id\":\"https:\\\/\\\/soliton-gmbh.de\\\/produkt\\\/achromatischer-praezisions-retarder\\\/#primaryimage\",\"url\":\"https:\\\/\\\/soliton-gmbh.de\\\/wp-content\\\/uploads\\\/2023\\\/08\\\/MDL9.jpg\",\"contentUrl\":\"https:\\\/\\\/soliton-gmbh.de\\\/wp-content\\\/uploads\\\/2023\\\/08\\\/MDL9.jpg\",\"width\":871,\"height\":851,\"caption\":\"Achromatischer Pr\u00e4zisions-Retarder von Meadowlark Optics mit laminierten doppelbrechenden Polymerfolien und N-BK7-Fenstern f\u00fcr konstante Phasenverz\u00f6gerung im breiten Spektrum.\"},{\"@type\":\"BreadcrumbList\",\"@id\":\"https:\\\/\\\/soliton-gmbh.de\\\/produkt\\\/achromatischer-praezisions-retarder\\\/#breadcrumb\",\"itemListElement\":[{\"@type\":\"ListItem\",\"position\":1,\"name\":\"Startseite\",\"item\":\"https:\\\/\\\/soliton-gmbh.de\\\/\"},{\"@type\":\"ListItem\",\"position\":2,\"name\":\"Produkte\",\"item\":\"https:\\\/\\\/soliton-gmbh.de\\\/produkte\\\/\"},{\"@type\":\"ListItem\",\"position\":3,\"name\":\"Achromatischer Pr\u00e4zisions-Retarder\"}]},{\"@type\":\"WebSite\",\"@id\":\"https:\\\/\\\/soliton-gmbh.de\\\/#website\",\"url\":\"https:\\\/\\\/soliton-gmbh.de\\\/\",\"name\":\"Soliton Laser- und Messtechnik GmbH\",\"description\":\"\",\"publisher\":{\"@id\":\"https:\\\/\\\/soliton-gmbh.de\\\/#organization\"},\"potentialAction\":[{\"@type\":\"SearchAction\",\"target\":{\"@type\":\"EntryPoint\",\"urlTemplate\":\"https:\\\/\\\/soliton-gmbh.de\\\/?s={search_term_string}\"},\"query-input\":{\"@type\":\"PropertyValueSpecification\",\"valueRequired\":true,\"valueName\":\"search_term_string\"}}],\"inLanguage\":\"en-US\"},{\"@type\":\"Organization\",\"@id\":\"https:\\\/\\\/soliton-gmbh.de\\\/#organization\",\"name\":\"Soliton GmbH\",\"url\":\"https:\\\/\\\/soliton-gmbh.de\\\/\",\"logo\":{\"@type\":\"ImageObject\",\"inLanguage\":\"en-US\",\"@id\":\"https:\\\/\\\/soliton-gmbh.de\\\/#\\\/schema\\\/logo\\\/image\\\/\",\"url\":\"https:\\\/\\\/soliton-gmbh.de\\\/wp-content\\\/uploads\\\/2022\\\/08\\\/cropped-soliton-logo.png\",\"contentUrl\":\"https:\\\/\\\/soliton-gmbh.de\\\/wp-content\\\/uploads\\\/2022\\\/08\\\/cropped-soliton-logo.png\",\"width\":500,\"height\":350,\"caption\":\"Soliton GmbH\"},\"image\":{\"@id\":\"https:\\\/\\\/soliton-gmbh.de\\\/#\\\/schema\\\/logo\\\/image\\\/\"}}]}<\/script>\n<meta property=\"product:price:amount\" content=\"0.00\" \/>\n<meta property=\"product:price:currency\" content=\"EUR\" \/>\n<meta property=\"og:availability\" content=\"instock\" \/>\n<meta property=\"product:availability\" content=\"instock\" \/>\n<meta property=\"product:condition\" content=\"new\" \/>\n<!-- \/ Yoast SEO Premium plugin. -->","yoast_head_json":{"title":"Achromatic precision retarder - Soliton","description":"Achromatic precision retarder for constant phase control from 485-1650 nm. Request an individual offer for your optical application now!","robots":{"index":"index","follow":"follow","max-snippet":"max-snippet:-1","max-image-preview":"max-image-preview:large","max-video-preview":"max-video-preview:-1"},"canonical":"https:\/\/soliton-gmbh.de\/en\/product\/achromatic-precision-retarder\/","og_locale":"en_US","og_type":"article","og_title":"Achromatischer Pr\u00e4zisions-Retarder","og_description":"Achromatischer Pr\u00e4zisions-Retarder f\u00fcr konstante Phasenkontrolle von 485\u20131650 nm. Jetzt individuelles Angebot f\u00fcr Ihre optische Anwendung anfordern!","og_url":"https:\/\/soliton-gmbh.de\/en\/product\/achromatic-precision-retarder\/","og_site_name":"Soliton Laser- und Messtechnik GmbH","article_modified_time":"2026-03-30T16:07:45+00:00","og_image":[{"width":871,"height":851,"url":"https:\/\/soliton-gmbh.de\/wp-content\/uploads\/2023\/08\/MDL9.jpg","type":"image\/jpeg"}],"twitter_card":"summary_large_image","twitter_misc":{"Price":"&euro;0.00","Availability":"In stock"},"schema":{"@context":"https:\/\/schema.org","@graph":[{"@type":"WebPage","@id":"https:\/\/soliton-gmbh.de\/produkt\/achromatischer-praezisions-retarder\/","url":"https:\/\/soliton-gmbh.de\/produkt\/achromatischer-praezisions-retarder\/","name":"Achromatic precision retarder - Soliton","isPartOf":{"@id":"https:\/\/soliton-gmbh.de\/#website"},"primaryImageOfPage":{"@id":"https:\/\/soliton-gmbh.de\/produkt\/achromatischer-praezisions-retarder\/#primaryimage"},"image":{"@id":"https:\/\/soliton-gmbh.de\/produkt\/achromatischer-praezisions-retarder\/#primaryimage"},"thumbnailUrl":"https:\/\/soliton-gmbh.de\/wp-content\/uploads\/2023\/08\/MDL9.jpg","datePublished":"2023-08-16T08:27:06+00:00","dateModified":"2026-03-30T16:07:45+00:00","description":"Achromatic precision retarder for constant phase control from 485-1650 nm. Request an individual offer for your optical application now!","breadcrumb":{"@id":"https:\/\/soliton-gmbh.de\/produkt\/achromatischer-praezisions-retarder\/#breadcrumb"},"inLanguage":"en-US","potentialAction":[{"@type":"ReadAction","target":["https:\/\/soliton-gmbh.de\/produkt\/achromatischer-praezisions-retarder\/"]}]},{"@type":"ImageObject","inLanguage":"en-US","@id":"https:\/\/soliton-gmbh.de\/produkt\/achromatischer-praezisions-retarder\/#primaryimage","url":"https:\/\/soliton-gmbh.de\/wp-content\/uploads\/2023\/08\/MDL9.jpg","contentUrl":"https:\/\/soliton-gmbh.de\/wp-content\/uploads\/2023\/08\/MDL9.jpg","width":871,"height":851,"caption":"Achromatischer Pr\u00e4zisions-Retarder von Meadowlark Optics mit laminierten doppelbrechenden Polymerfolien und N-BK7-Fenstern f\u00fcr konstante Phasenverz\u00f6gerung im breiten Spektrum."},{"@type":"BreadcrumbList","@id":"https:\/\/soliton-gmbh.de\/produkt\/achromatischer-praezisions-retarder\/#breadcrumb","itemListElement":[{"@type":"ListItem","position":1,"name":"Startseite","item":"https:\/\/soliton-gmbh.de\/"},{"@type":"ListItem","position":2,"name":"Produkte","item":"https:\/\/soliton-gmbh.de\/produkte\/"},{"@type":"ListItem","position":3,"name":"Achromatischer Pr\u00e4zisions-Retarder"}]},{"@type":"WebSite","@id":"https:\/\/soliton-gmbh.de\/#website","url":"https:\/\/soliton-gmbh.de\/","name":"Soliton Laser- und Messtechnik GmbH","description":"","publisher":{"@id":"https:\/\/soliton-gmbh.de\/#organization"},"potentialAction":[{"@type":"SearchAction","target":{"@type":"EntryPoint","urlTemplate":"https:\/\/soliton-gmbh.de\/?s={search_term_string}"},"query-input":{"@type":"PropertyValueSpecification","valueRequired":true,"valueName":"search_term_string"}}],"inLanguage":"en-US"},{"@type":"Organization","@id":"https:\/\/soliton-gmbh.de\/#organization","name":"Soliton GmbH","url":"https:\/\/soliton-gmbh.de\/","logo":{"@type":"ImageObject","inLanguage":"en-US","@id":"https:\/\/soliton-gmbh.de\/#\/schema\/logo\/image\/","url":"https:\/\/soliton-gmbh.de\/wp-content\/uploads\/2022\/08\/cropped-soliton-logo.png","contentUrl":"https:\/\/soliton-gmbh.de\/wp-content\/uploads\/2022\/08\/cropped-soliton-logo.png","width":500,"height":350,"caption":"Soliton GmbH"},"image":{"@id":"https:\/\/soliton-gmbh.de\/#\/schema\/logo\/image\/"}}]},"product_price_amount":"0.00","product_price_currency":"EUR","og_availability":"instock","product_availability":"instock","product_condition":"new"},"uagb_featured_image_src":{"full":["https:\/\/soliton-gmbh.de\/wp-content\/uploads\/2023\/08\/MDL9.jpg",871,851,false],"thumbnail":["https:\/\/soliton-gmbh.de\/wp-content\/uploads\/2023\/08\/MDL9-150x150.jpg",150,150,true],"medium":["https:\/\/soliton-gmbh.de\/wp-content\/uploads\/2023\/08\/MDL9-300x293.jpg",300,293,true],"medium_large":["https:\/\/soliton-gmbh.de\/wp-content\/uploads\/2023\/08\/MDL9-768x750.jpg",768,750,true],"large":["https:\/\/soliton-gmbh.de\/wp-content\/uploads\/2023\/08\/MDL9.jpg",871,851,false],"1536x1536":["https:\/\/soliton-gmbh.de\/wp-content\/uploads\/2023\/08\/MDL9.jpg",871,851,false],"2048x2048":["https:\/\/soliton-gmbh.de\/wp-content\/uploads\/2023\/08\/MDL9.jpg",871,851,false],"trp-custom-language-flag":["https:\/\/soliton-gmbh.de\/wp-content\/uploads\/2023\/08\/MDL9-12x12.jpg",12,12,true],"woocommerce_thumbnail":["https:\/\/soliton-gmbh.de\/wp-content\/uploads\/2023\/08\/MDL9-600x586.jpg",600,586,true],"woocommerce_single":["https:\/\/soliton-gmbh.de\/wp-content\/uploads\/2023\/08\/MDL9.jpg",871,851,false],"woocommerce_gallery_thumbnail":["https:\/\/soliton-gmbh.de\/wp-content\/uploads\/2023\/08\/MDL9-300x300.jpg",300,300,true]},"uagb_author_info":{"display_name":"Daniel","author_link":"https:\/\/soliton-gmbh.de\/en\/author\/"},"uagb_comment_info":0,"uagb_excerpt":"Breiter Spektralbereich Hervorragendes Sichtfeld","_links":{"self":[{"href":"https:\/\/soliton-gmbh.de\/en\/wp-json\/wp\/v2\/product\/6270","targetHints":{"allow":["GET"]}}],"collection":[{"href":"https:\/\/soliton-gmbh.de\/en\/wp-json\/wp\/v2\/product"}],"about":[{"href":"https:\/\/soliton-gmbh.de\/en\/wp-json\/wp\/v2\/types\/product"}],"wp:featuredmedia":[{"embeddable":true,"href":"https:\/\/soliton-gmbh.de\/en\/wp-json\/wp\/v2\/media\/6273"}],"wp:attachment":[{"href":"https:\/\/soliton-gmbh.de\/en\/wp-json\/wp\/v2\/media?parent=6270"}],"wp:term":[{"taxonomy":"product_brand","embeddable":true,"href":"https:\/\/soliton-gmbh.de\/en\/wp-json\/wp\/v2\/product_brand?post=6270"},{"taxonomy":"product_cat","embeddable":true,"href":"https:\/\/soliton-gmbh.de\/en\/wp-json\/wp\/v2\/product_cat?post=6270"},{"taxonomy":"product_tag","embeddable":true,"href":"https:\/\/soliton-gmbh.de\/en\/wp-json\/wp\/v2\/product_tag?post=6270"}],"curies":[{"name":"wp","href":"https:\/\/api.w.org\/{rel}","templated":true}]}}