{"id":6131,"date":"2023-06-28T12:33:12","date_gmt":"2023-06-28T10:33:12","guid":{"rendered":"https:\/\/soliton-gmbh.de\/?post_type=product&#038;p=6131"},"modified":"2026-04-15T23:59:31","modified_gmt":"2026-04-15T21:59:31","slug":"legionamp","status":"publish","type":"product","link":"https:\/\/soliton-gmbh.de\/en\/produkt\/legionamp\/","title":{"rendered":"Legion AMP"},"content":{"rendered":"<p>The <strong>LEGION AMP<\/strong> amplifies signals reliably and precisely. With its <strong>128 channels<\/strong> It is perfect for use in <strong>analog-to-digital converters<\/strong> from third parties. Especially in the <strong>ultrasound and photoacoustic technology<\/strong> It plays an important role. Many users use it, for example, in <strong>Vantage systems from Verasonics\u00ae<\/strong> to ensure precise signal processing.<\/p>\n<h2><strong>Strong signal amplification with minimal noise\u00a0<\/strong><\/h2>\n<p>With a <strong>input impedance of 2.2 M\u03a9<\/strong> The LEGION AMP provides a <strong>uniform amplification of up to 40 dB<\/strong>At the same time, it effectively reduces <strong>background noise<\/strong>, so that clear and precise measurement results are obtained. Especially with <strong>photoacoustic applications<\/strong>, which also require low frequencies, the preamplifier significantly improves the signal quality.<\/p>\n<h3><strong>Flexibly expandable for different systems<\/strong><\/h3>\n<p>Thanks to its sophisticated design, the LEGION AMP adapts flexibly to different systems. In <strong>256-channel Vantage systems<\/strong> can be up to <strong>combine two units<\/strong>to double the number of channels. In addition, the amplifier can be adapted to special requirements, such as <strong>1024-channel systems<\/strong>, so that the system remains compatible for future expansions.<\/p>\n<h3><strong>Space-saving design of the 128-channel preamplifier with sophisticated construction<\/strong><\/h3>\n<p>The LEGION AMP impresses with its compact design. Two cards can be easily placed next to each other without causing space problems. In addition, the <strong>2 \u00d7 25 mm preamplification per channel<\/strong> optimal signal processing. In addition, <strong>spacers<\/strong> the electronics and prevent collisions with other components or cables.<\/p>\n<p>The <strong>LEGION AMP<\/strong> offers a <strong>powerful signal amplification<\/strong> for demanding <strong>ultrasound and photoacoustic applications<\/strong>. He combines <strong>high amplification power<\/strong>, <strong>low noise levels<\/strong> and a <strong>space-saving design<\/strong>This makes it ideal for professional use in research and industry.<\/p>\n<p>&nbsp;<\/p>","protected":false},"excerpt":{"rendered":"<p><a href=\"https:\/\/soliton-gmbh.de\/wp-content\/uploads\/2023\/06\/PS_logo.jpg\"><img loading=\"lazy\" decoding=\"async\" class=\"alignnone wp-image-6101\" src=\"https:\/\/soliton-gmbh.de\/wp-content\/uploads\/2023\/06\/PS_logo.jpg\" alt=\"PhotoSound\" width=\"198\" height=\"53\" srcset=\"https:\/\/soliton-gmbh.de\/wp-content\/uploads\/2023\/06\/PS_logo.jpg 1000w, https:\/\/soliton-gmbh.de\/wp-content\/uploads\/2023\/06\/PS_logo-600x161.jpg 600w, https:\/\/soliton-gmbh.de\/wp-content\/uploads\/2023\/06\/PS_logo-300x80.jpg 300w, https:\/\/soliton-gmbh.de\/wp-content\/uploads\/2023\/06\/PS_logo-768x206.jpg 768w, https:\/\/soliton-gmbh.de\/wp-content\/uploads\/2023\/06\/PS_logo-18x5.jpg 18w\" sizes=\"auto, (max-width: 198px) 100vw, 198px\" \/><\/a><\/p>\n<ul>\n<li>128-channel preamplifier for photoacoustics and ultrasound<\/li>\n<li>40 dB amplification<\/li>\n<li>2.2 M\u03a9 input impedance<\/li>\n<li>50 \u03a9 output impedance<\/li>\n<li>40 kHz to 45 MHz analog bandwidth<\/li>\n<li>Contact connection Cannon DLM260 (input and output)<\/li>\n<li>Contact connection adjustable via pinout map<\/li>\n<\/ul>","protected":false},"featured_media":9121,"template":"","meta":{"_acf_changed":false,"_uag_custom_page_level_css":"","site-sidebar-layout":"default","site-content-layout":"default","ast-site-content-layout":"default","site-content-style":"default","site-sidebar-style":"default","ast-global-header-display":"","ast-banner-title-visibility":"","ast-main-header-display":"","ast-hfb-above-header-display":"","ast-hfb-below-header-display":"","ast-hfb-mobile-header-display":"","site-post-title":"","ast-breadcrumbs-content":"","ast-featured-img":"","footer-sml-layout":"","ast-disable-related-posts":"","theme-transparent-header-meta":"default","adv-header-id-meta":"","stick-header-meta":"default","header-above-stick-meta":"","header-main-stick-meta":"","header-below-stick-meta":"","astra-migrate-meta-layouts":"set","ast-page-background-enabled":"default","ast-page-background-meta":{"desktop":{"background-color":"","background-image":"","background-repeat":"repeat","background-position":"center center","background-size":"auto","background-attachment":"scroll","background-type":"","background-media":"","overlay-type":"","overlay-color":"","overlay-opacity":"","overlay-gradient":""},"tablet":{"background-color":"","background-image":"","background-repeat":"repeat","background-position":"center center","background-size":"auto","background-attachment":"scroll","background-type":"","background-media":"","overlay-type":"","overlay-color":"","overlay-opacity":"","overlay-gradient":""},"mobile":{"background-color":"","background-image":"","background-repeat":"repeat","background-position":"center center","background-size":"auto","background-attachment":"scroll","background-type":"","background-media":"","overlay-type":"","overlay-color":"","overlay-opacity":"","overlay-gradient":""}},"ast-content-background-meta":{"desktop":{"background-color":"var(--ast-global-color-5)","background-image":"","background-repeat":"repeat","background-position":"center center","background-size":"auto","background-attachment":"scroll","background-type":"","background-media":"","overlay-type":"","overlay-color":"","overlay-opacity":"","overlay-gradient":""},"tablet":{"background-color":"var(--ast-global-color-5)","background-image":"","background-repeat":"repeat","background-position":"center center","background-size":"auto","background-attachment":"scroll","background-type":"","background-media":"","overlay-type":"","overlay-color":"","overlay-opacity":"","overlay-gradient":""},"mobile":{"background-color":"var(--ast-global-color-5)","background-image":"","background-repeat":"repeat","background-position":"center center","background-size":"auto","background-attachment":"scroll","background-type":"","background-media":"","overlay-type":"","overlay-color":"","overlay-opacity":"","overlay-gradient":""}}},"product_brand":[1624],"product_cat":[29,371,404],"product_tag":[1156,1163,1166,1162,1167,1158,399,1161,1155,1168,1157,1164,1160,1159,1165,1154],"class_list":{"0":"post-6131","1":"product","2":"type-product","3":"status-publish","4":"has-post-thumbnail","6":"product_brand-photosound","7":"product_cat-maschinen-und-komponenten","8":"product_cat-elektronikkomponenten","9":"product_cat-photoakustik-ultraschall","10":"product_tag-128-kanal-verstaerker","11":"product_tag-analog-digital-wandler-vorverstaerker","12":"product_tag-elektronikmodul-fuer-ultraschallmessungen","13":"product_tag-hochimpedanz-verstaerker","14":"product_tag-hochleistungs-vorverstaerker-fuer-forschung","15":"product_tag-hochpraeziser-vorverstaerker","16":"product_tag-legion-amp","17":"product_tag-niedrigrausch-verstaerker","18":"product_tag-photoakustik-vorverstaerker","19":"product_tag-signalrauschreduzierung-ultraschall","20":"product_tag-signalverstaerker-fuer-ad-wandler","21":"product_tag-ultraschall-frontend-modul","22":"product_tag-ultraschall-signalverstaerkung","23":"product_tag-verasonics-kompatibler-verstaerker","24":"product_tag-verstaerker-fuer-256-kanal-systeme","25":"product_tag-vorverstaerker-fuer-ultraschall","26":"desktop-align-left","27":"tablet-align-center","28":"mobile-align-center","29":"ast-product-gallery-layout-horizontal-slider","30":"ast-magnify-disabled","31":"ast-product-tabs-layout-horizontal","33":"first","34":"instock","35":"virtual","36":"sold-individually","37":"purchasable","38":"product-type-simple"},"acf":[],"yoast_head":"<!-- This site is optimized with the Yoast SEO Premium plugin v27.2 (Yoast SEO v27.4) - https:\/\/yoast.com\/product\/yoast-seo-premium-wordpress\/ -->\n<title>Legion AMP - Soliton<\/title>\n<meta name=\"description\" content=\"LEGION AMP \u2013 128-Kanal-Vorverst\u00e4rker f\u00fcr Ultraschall &amp; Photoakustik. Optimale Signalverst\u00e4rkung mit 40 dB &amp; minimierten St\u00f6rger\u00e4uschen. Jetzt entdecken!\" \/>\n<meta name=\"robots\" content=\"index, follow, max-snippet:-1, max-image-preview:large, max-video-preview:-1\" \/>\n<link rel=\"canonical\" href=\"https:\/\/soliton-gmbh.de\/en\/product\/legionamp\/\" \/>\n<meta property=\"og:locale\" content=\"en_US\" \/>\n<meta property=\"og:type\" content=\"article\" \/>\n<meta property=\"og:title\" content=\"Legion AMP\" \/>\n<meta property=\"og:description\" content=\"LEGION AMP \u2013 128-Kanal-Vorverst\u00e4rker f\u00fcr Ultraschall &amp; Photoakustik. Optimale Signalverst\u00e4rkung mit 40 dB &amp; minimierten St\u00f6rger\u00e4uschen. Jetzt entdecken!\" \/>\n<meta property=\"og:url\" content=\"https:\/\/soliton-gmbh.de\/en\/product\/legionamp\/\" \/>\n<meta property=\"og:site_name\" content=\"Soliton Laser- und Messtechnik GmbH\" \/>\n<meta property=\"article:modified_time\" content=\"2026-04-15T21:59:31+00:00\" \/>\n<meta property=\"og:image\" content=\"https:\/\/soliton-gmbh.de\/wp-content\/uploads\/2023\/06\/AMP1.jpg\" \/>\n\t<meta property=\"og:image:width\" content=\"1450\" \/>\n\t<meta property=\"og:image:height\" content=\"1340\" \/>\n\t<meta property=\"og:image:type\" content=\"image\/jpeg\" \/>\n<meta name=\"twitter:card\" content=\"summary_large_image\" \/>\n<meta name=\"twitter:label1\" content=\"Price\" \/>\n\t<meta name=\"twitter:data1\" content=\"&euro;0.00\" \/>\n\t<meta name=\"twitter:label2\" content=\"Availability\" \/>\n\t<meta name=\"twitter:data2\" content=\"In stock\" \/>\n<script type=\"application\/ld+json\" class=\"yoast-schema-graph\">{\"@context\":\"https:\\\/\\\/schema.org\",\"@graph\":[{\"@type\":\"WebPage\",\"@id\":\"https:\\\/\\\/soliton-gmbh.de\\\/produkt\\\/legionamp\\\/\",\"url\":\"https:\\\/\\\/soliton-gmbh.de\\\/produkt\\\/legionamp\\\/\",\"name\":\"Legion AMP - Soliton\",\"isPartOf\":{\"@id\":\"https:\\\/\\\/soliton-gmbh.de\\\/#website\"},\"primaryImageOfPage\":{\"@id\":\"https:\\\/\\\/soliton-gmbh.de\\\/produkt\\\/legionamp\\\/#primaryimage\"},\"image\":{\"@id\":\"https:\\\/\\\/soliton-gmbh.de\\\/produkt\\\/legionamp\\\/#primaryimage\"},\"thumbnailUrl\":\"https:\\\/\\\/soliton-gmbh.de\\\/wp-content\\\/uploads\\\/2023\\\/06\\\/AMP1.jpg\",\"datePublished\":\"2023-06-28T10:33:12+00:00\",\"dateModified\":\"2026-04-15T21:59:31+00:00\",\"description\":\"LEGION AMP \u2013 128-Kanal-Vorverst\u00e4rker f\u00fcr Ultraschall & Photoakustik. Optimale Signalverst\u00e4rkung mit 40 dB & minimierten St\u00f6rger\u00e4uschen. Jetzt entdecken!\",\"breadcrumb\":{\"@id\":\"https:\\\/\\\/soliton-gmbh.de\\\/produkt\\\/legionamp\\\/#breadcrumb\"},\"inLanguage\":\"en-US\",\"potentialAction\":[{\"@type\":\"ReadAction\",\"target\":[\"https:\\\/\\\/soliton-gmbh.de\\\/produkt\\\/legionamp\\\/\"]}]},{\"@type\":\"ImageObject\",\"inLanguage\":\"en-US\",\"@id\":\"https:\\\/\\\/soliton-gmbh.de\\\/produkt\\\/legionamp\\\/#primaryimage\",\"url\":\"https:\\\/\\\/soliton-gmbh.de\\\/wp-content\\\/uploads\\\/2023\\\/06\\\/AMP1.jpg\",\"contentUrl\":\"https:\\\/\\\/soliton-gmbh.de\\\/wp-content\\\/uploads\\\/2023\\\/06\\\/AMP1.jpg\",\"width\":1450,\"height\":1340,\"caption\":\"LEGION AMP \u2013 Kompakter 128-Kanal-Vorverst\u00e4rker f\u00fcr Ultraschall- und Photoakustikanwendungen.\"},{\"@type\":\"BreadcrumbList\",\"@id\":\"https:\\\/\\\/soliton-gmbh.de\\\/produkt\\\/legionamp\\\/#breadcrumb\",\"itemListElement\":[{\"@type\":\"ListItem\",\"position\":1,\"name\":\"Startseite\",\"item\":\"https:\\\/\\\/soliton-gmbh.de\\\/\"},{\"@type\":\"ListItem\",\"position\":2,\"name\":\"Produkte\",\"item\":\"https:\\\/\\\/soliton-gmbh.de\\\/produkte\\\/\"},{\"@type\":\"ListItem\",\"position\":3,\"name\":\"Legion AMP\"}]},{\"@type\":\"WebSite\",\"@id\":\"https:\\\/\\\/soliton-gmbh.de\\\/#website\",\"url\":\"https:\\\/\\\/soliton-gmbh.de\\\/\",\"name\":\"Soliton Laser- und Messtechnik GmbH\",\"description\":\"\",\"publisher\":{\"@id\":\"https:\\\/\\\/soliton-gmbh.de\\\/#organization\"},\"potentialAction\":[{\"@type\":\"SearchAction\",\"target\":{\"@type\":\"EntryPoint\",\"urlTemplate\":\"https:\\\/\\\/soliton-gmbh.de\\\/?s={search_term_string}\"},\"query-input\":{\"@type\":\"PropertyValueSpecification\",\"valueRequired\":true,\"valueName\":\"search_term_string\"}}],\"inLanguage\":\"en-US\"},{\"@type\":\"Organization\",\"@id\":\"https:\\\/\\\/soliton-gmbh.de\\\/#organization\",\"name\":\"Soliton GmbH\",\"url\":\"https:\\\/\\\/soliton-gmbh.de\\\/\",\"logo\":{\"@type\":\"ImageObject\",\"inLanguage\":\"en-US\",\"@id\":\"https:\\\/\\\/soliton-gmbh.de\\\/#\\\/schema\\\/logo\\\/image\\\/\",\"url\":\"https:\\\/\\\/soliton-gmbh.de\\\/wp-content\\\/uploads\\\/2022\\\/08\\\/cropped-soliton-logo.png\",\"contentUrl\":\"https:\\\/\\\/soliton-gmbh.de\\\/wp-content\\\/uploads\\\/2022\\\/08\\\/cropped-soliton-logo.png\",\"width\":500,\"height\":350,\"caption\":\"Soliton GmbH\"},\"image\":{\"@id\":\"https:\\\/\\\/soliton-gmbh.de\\\/#\\\/schema\\\/logo\\\/image\\\/\"}}]}<\/script>\n<meta property=\"product:price:amount\" content=\"0.00\" \/>\n<meta property=\"product:price:currency\" content=\"EUR\" \/>\n<meta property=\"og:availability\" content=\"instock\" \/>\n<meta property=\"product:availability\" content=\"instock\" \/>\n<meta property=\"product:condition\" content=\"new\" \/>\n<!-- \/ Yoast SEO Premium plugin. -->","yoast_head_json":{"title":"Legion AMP - Soliton","description":"LEGION AMP - 128-channel preamplifier for ultrasound &amp; photoacoustics. Optimum signal amplification with 40 dB &amp; minimized noise. Discover now!","robots":{"index":"index","follow":"follow","max-snippet":"max-snippet:-1","max-image-preview":"max-image-preview:large","max-video-preview":"max-video-preview:-1"},"canonical":"https:\/\/soliton-gmbh.de\/en\/product\/legionamp\/","og_locale":"en_US","og_type":"article","og_title":"Legion AMP","og_description":"LEGION AMP \u2013 128-Kanal-Vorverst\u00e4rker f\u00fcr Ultraschall & Photoakustik. Optimale Signalverst\u00e4rkung mit 40 dB & minimierten St\u00f6rger\u00e4uschen. Jetzt entdecken!","og_url":"https:\/\/soliton-gmbh.de\/en\/product\/legionamp\/","og_site_name":"Soliton Laser- und Messtechnik GmbH","article_modified_time":"2026-04-15T21:59:31+00:00","og_image":[{"width":1450,"height":1340,"url":"https:\/\/soliton-gmbh.de\/wp-content\/uploads\/2023\/06\/AMP1.jpg","type":"image\/jpeg"}],"twitter_card":"summary_large_image","twitter_misc":{"Price":"&euro;0.00","Availability":"In stock"},"schema":{"@context":"https:\/\/schema.org","@graph":[{"@type":"WebPage","@id":"https:\/\/soliton-gmbh.de\/produkt\/legionamp\/","url":"https:\/\/soliton-gmbh.de\/produkt\/legionamp\/","name":"Legion AMP - Soliton","isPartOf":{"@id":"https:\/\/soliton-gmbh.de\/#website"},"primaryImageOfPage":{"@id":"https:\/\/soliton-gmbh.de\/produkt\/legionamp\/#primaryimage"},"image":{"@id":"https:\/\/soliton-gmbh.de\/produkt\/legionamp\/#primaryimage"},"thumbnailUrl":"https:\/\/soliton-gmbh.de\/wp-content\/uploads\/2023\/06\/AMP1.jpg","datePublished":"2023-06-28T10:33:12+00:00","dateModified":"2026-04-15T21:59:31+00:00","description":"LEGION AMP - 128-channel preamplifier for ultrasound &amp; photoacoustics. Optimum signal amplification with 40 dB &amp; minimized noise. Discover now!","breadcrumb":{"@id":"https:\/\/soliton-gmbh.de\/produkt\/legionamp\/#breadcrumb"},"inLanguage":"en-US","potentialAction":[{"@type":"ReadAction","target":["https:\/\/soliton-gmbh.de\/produkt\/legionamp\/"]}]},{"@type":"ImageObject","inLanguage":"en-US","@id":"https:\/\/soliton-gmbh.de\/produkt\/legionamp\/#primaryimage","url":"https:\/\/soliton-gmbh.de\/wp-content\/uploads\/2023\/06\/AMP1.jpg","contentUrl":"https:\/\/soliton-gmbh.de\/wp-content\/uploads\/2023\/06\/AMP1.jpg","width":1450,"height":1340,"caption":"LEGION AMP \u2013 Kompakter 128-Kanal-Vorverst\u00e4rker f\u00fcr Ultraschall- und Photoakustikanwendungen."},{"@type":"BreadcrumbList","@id":"https:\/\/soliton-gmbh.de\/produkt\/legionamp\/#breadcrumb","itemListElement":[{"@type":"ListItem","position":1,"name":"Startseite","item":"https:\/\/soliton-gmbh.de\/"},{"@type":"ListItem","position":2,"name":"Produkte","item":"https:\/\/soliton-gmbh.de\/produkte\/"},{"@type":"ListItem","position":3,"name":"Legion AMP"}]},{"@type":"WebSite","@id":"https:\/\/soliton-gmbh.de\/#website","url":"https:\/\/soliton-gmbh.de\/","name":"Soliton Laser- und Messtechnik GmbH","description":"","publisher":{"@id":"https:\/\/soliton-gmbh.de\/#organization"},"potentialAction":[{"@type":"SearchAction","target":{"@type":"EntryPoint","urlTemplate":"https:\/\/soliton-gmbh.de\/?s={search_term_string}"},"query-input":{"@type":"PropertyValueSpecification","valueRequired":true,"valueName":"search_term_string"}}],"inLanguage":"en-US"},{"@type":"Organization","@id":"https:\/\/soliton-gmbh.de\/#organization","name":"Soliton GmbH","url":"https:\/\/soliton-gmbh.de\/","logo":{"@type":"ImageObject","inLanguage":"en-US","@id":"https:\/\/soliton-gmbh.de\/#\/schema\/logo\/image\/","url":"https:\/\/soliton-gmbh.de\/wp-content\/uploads\/2022\/08\/cropped-soliton-logo.png","contentUrl":"https:\/\/soliton-gmbh.de\/wp-content\/uploads\/2022\/08\/cropped-soliton-logo.png","width":500,"height":350,"caption":"Soliton GmbH"},"image":{"@id":"https:\/\/soliton-gmbh.de\/#\/schema\/logo\/image\/"}}]},"product_price_amount":"0.00","product_price_currency":"EUR","og_availability":"instock","product_availability":"instock","product_condition":"new"},"uagb_featured_image_src":{"full":["https:\/\/soliton-gmbh.de\/wp-content\/uploads\/2023\/06\/AMP1.jpg",1450,1340,false],"thumbnail":["https:\/\/soliton-gmbh.de\/wp-content\/uploads\/2023\/06\/AMP1-150x150.jpg",150,150,true],"medium":["https:\/\/soliton-gmbh.de\/wp-content\/uploads\/2023\/06\/AMP1-300x277.jpg",300,277,true],"medium_large":["https:\/\/soliton-gmbh.de\/wp-content\/uploads\/2023\/06\/AMP1-768x710.jpg",768,710,true],"large":["https:\/\/soliton-gmbh.de\/wp-content\/uploads\/2023\/06\/AMP1-1024x946.jpg",1024,946,true],"1536x1536":["https:\/\/soliton-gmbh.de\/wp-content\/uploads\/2023\/06\/AMP1.jpg",1450,1340,false],"2048x2048":["https:\/\/soliton-gmbh.de\/wp-content\/uploads\/2023\/06\/AMP1.jpg",1450,1340,false],"trp-custom-language-flag":["https:\/\/soliton-gmbh.de\/wp-content\/uploads\/2023\/06\/AMP1-13x12.jpg",13,12,true],"woocommerce_thumbnail":["https:\/\/soliton-gmbh.de\/wp-content\/uploads\/2023\/06\/AMP1-600x554.jpg",600,554,true],"woocommerce_single":["https:\/\/soliton-gmbh.de\/wp-content\/uploads\/2023\/06\/AMP1-1200x1109.jpg",1200,1109,true],"woocommerce_gallery_thumbnail":["https:\/\/soliton-gmbh.de\/wp-content\/uploads\/2023\/06\/AMP1-300x300.jpg",300,300,true]},"uagb_author_info":{"display_name":"Daniel Wagner","author_link":"https:\/\/soliton-gmbh.de\/en\/author\/"},"uagb_comment_info":0,"uagb_excerpt":"128-Kanal Vorverst\u00e4rker f\u00fcr Photoakustik und Ultraschall 40 dB Verst\u00e4rkung 2,2 M\u03a9 Eingangsimpedanz 50 \u03a9 Ausgangsimpedanz 40 kHz bis 45 MHz analoge Bandbreite Kontaktverbindung Cannon DLM260 (Eingang und Ausgang) Kontaktverbindung anpassbar via Pinout-Map","_links":{"self":[{"href":"https:\/\/soliton-gmbh.de\/en\/wp-json\/wp\/v2\/product\/6131","targetHints":{"allow":["GET"]}}],"collection":[{"href":"https:\/\/soliton-gmbh.de\/en\/wp-json\/wp\/v2\/product"}],"about":[{"href":"https:\/\/soliton-gmbh.de\/en\/wp-json\/wp\/v2\/types\/product"}],"wp:featuredmedia":[{"embeddable":true,"href":"https:\/\/soliton-gmbh.de\/en\/wp-json\/wp\/v2\/media\/9121"}],"wp:attachment":[{"href":"https:\/\/soliton-gmbh.de\/en\/wp-json\/wp\/v2\/media?parent=6131"}],"wp:term":[{"taxonomy":"product_brand","embeddable":true,"href":"https:\/\/soliton-gmbh.de\/en\/wp-json\/wp\/v2\/product_brand?post=6131"},{"taxonomy":"product_cat","embeddable":true,"href":"https:\/\/soliton-gmbh.de\/en\/wp-json\/wp\/v2\/product_cat?post=6131"},{"taxonomy":"product_tag","embeddable":true,"href":"https:\/\/soliton-gmbh.de\/en\/wp-json\/wp\/v2\/product_tag?post=6131"}],"curies":[{"name":"wp","href":"https:\/\/api.w.org\/{rel}","templated":true}]}}