{"id":5793,"date":"2023-04-26T16:43:43","date_gmt":"2023-04-26T14:43:43","guid":{"rendered":"https:\/\/soliton.selectcode.io\/?post_type=product&#038;p=5793"},"modified":"2026-04-15T00:07:38","modified_gmt":"2026-04-14T22:07:38","slug":"gas-raman-spectrometer","status":"publish","type":"product","link":"https:\/\/soliton-gmbh.de\/en\/produkt\/gas-ramanspektrometer\/","title":{"rendered":"Gas Raman spectrometer"},"content":{"rendered":"<h1>Precise gas analysis with the Raman spectrometer<\/h1>\n<p>The gas Raman spectrometer enables the composition of gas mixtures to be determined quickly and precisely. Raman spectroscopy offers the advantage that gases can be analyzed directly and non-destructively without sample preparation. Due to the high sensitivity of the system, even low concentrations can be reliably detected.<\/p>\n<h2>Technical properties<\/h2>\n<p>The spectrometer works with a powerful laser excitation system that is optimized to clearly detect even weak Raman signals from gaseous samples. The compact and robust design ensures stable operation in laboratories, mobile analysis devices or industrial measurement environments. Specially adapted optics ensure high signal quality and reduce interfering background radiation.<\/p>\n<h2>Advantages of Raman-based gas analysis<\/h2>\n<p>Raman technology enables the simultaneous measurement of multiple gas components in a single spectrum. No consumables or chemical reagents are required, which reduces operating costs. The method is also insensitive to humidity and allows measurements at variable temperatures and pressures.<\/p>\n<h2>Areas of application<\/h2>\n<p>The gas Raman spectrometer is used in process monitoring in the chemical industry, in environmental analysis and in safety and research facilities. Typical fields of application are the control of gas purity, the detection of trace gases and the monitoring of industrial gas processes.<\/p>\n<h2>Contact and advice<\/h2>\n<p>For detailed technical information and a solution tailored to your application, we will be happy to provide you with an individual offer. Visit our product page. Further technical information on Raman gas analysis can be found at <a href=\"https:\/\/spie.org\/\">SPIE - The International Society for Optics and Photonics<\/a>.<\/p>","protected":false},"excerpt":{"rendered":"<p><a href=\"https:\/\/soliton-gmbh.de\/wp-content\/uploads\/2023\/02\/Enwave.png\"><img loading=\"lazy\" decoding=\"async\" class=\"alignnone wp-image-5169\" src=\"https:\/\/soliton-gmbh.de\/wp-content\/uploads\/2023\/02\/Enwave.png\" alt=\"\" width=\"202\" height=\"30\" srcset=\"https:\/\/soliton-gmbh.de\/wp-content\/uploads\/2023\/02\/Enwave.png 290w, https:\/\/soliton-gmbh.de\/wp-content\/uploads\/2023\/02\/Enwave-18x3.png 18w\" sizes=\"auto, (max-width: 202px) 100vw, 202px\" \/><\/a><\/p>\n<ul>\n<li>Excellent signal\/noise ratio<\/li>\n<li>Inexpensive<\/li>\n<li>Compact<\/li>\n<li>Flexible<\/li>\n<\/ul>","protected":false},"featured_media":5796,"template":"","meta":{"_acf_changed":false,"_uag_custom_page_level_css":"","site-sidebar-layout":"default","site-content-layout":"default","ast-site-content-layout":"default","site-content-style":"default","site-sidebar-style":"default","ast-global-header-display":"","ast-banner-title-visibility":"","ast-main-header-display":"","ast-hfb-above-header-display":"","ast-hfb-below-header-display":"","ast-hfb-mobile-header-display":"","site-post-title":"","ast-breadcrumbs-content":"","ast-featured-img":"","footer-sml-layout":"","ast-disable-related-posts":"","theme-transparent-header-meta":"default","adv-header-id-meta":"","stick-header-meta":"default","header-above-stick-meta":"","header-main-stick-meta":"","header-below-stick-meta":"","astra-migrate-meta-layouts":"set","ast-page-background-enabled":"default","ast-page-background-meta":{"desktop":{"background-color":"","background-image":"","background-repeat":"repeat","background-position":"center center","background-size":"auto","background-attachment":"scroll","background-type":"","background-media":"","overlay-type":"","overlay-color":"","overlay-opacity":"","overlay-gradient":""},"tablet":{"background-color":"","background-image":"","background-repeat":"repeat","background-position":"center center","background-size":"auto","background-attachment":"scroll","background-type":"","background-media":"","overlay-type":"","overlay-color":"","overlay-opacity":"","overlay-gradient":""},"mobile":{"background-color":"","background-image":"","background-repeat":"repeat","background-position":"center center","background-size":"auto","background-attachment":"scroll","background-type":"","background-media":"","overlay-type":"","overlay-color":"","overlay-opacity":"","overlay-gradient":""}},"ast-content-background-meta":{"desktop":{"background-color":"var(--ast-global-color-5)","background-image":"","background-repeat":"repeat","background-position":"center center","background-size":"auto","background-attachment":"scroll","background-type":"","background-media":"","overlay-type":"","overlay-color":"","overlay-opacity":"","overlay-gradient":""},"tablet":{"background-color":"var(--ast-global-color-5)","background-image":"","background-repeat":"repeat","background-position":"center center","background-size":"auto","background-attachment":"scroll","background-type":"","background-media":"","overlay-type":"","overlay-color":"","overlay-opacity":"","overlay-gradient":""},"mobile":{"background-color":"var(--ast-global-color-5)","background-image":"","background-repeat":"repeat","background-position":"center center","background-size":"auto","background-attachment":"scroll","background-type":"","background-media":"","overlay-type":"","overlay-color":"","overlay-opacity":"","overlay-gradient":""}}},"product_brand":[1626],"product_cat":[87,84],"product_tag":[],"class_list":{"0":"post-5793","1":"product","2":"type-product","3":"status-publish","4":"has-post-thumbnail","6":"product_brand-enwave-optronics-inc","7":"product_cat-raman-spektrometer","8":"product_cat-spektrometer","9":"desktop-align-left","10":"tablet-align-center","11":"mobile-align-center","12":"ast-product-gallery-layout-horizontal-slider","13":"ast-product-gallery-with-no-image","14":"ast-magnify-disabled","15":"ast-product-tabs-layout-horizontal","17":"first","18":"instock","19":"virtual","20":"sold-individually","21":"purchasable","22":"product-type-simple"},"acf":[],"yoast_head":"<!-- This site is optimized with the Yoast SEO Premium plugin v27.2 (Yoast SEO v27.4) - https:\/\/yoast.com\/product\/yoast-seo-premium-wordpress\/ -->\n<title>Gas Ramanspektrometer - Soliton<\/title>\n<meta name=\"description\" content=\"Gas Ramanspektrometer f\u00fcr pr\u00e4zise, zerst\u00f6rungsfreie Gasanalyse in Industrie, Technik und Forschung. Ideal zur Detektion von Spurengasen und Gasreinheit.\" \/>\n<meta name=\"robots\" content=\"index, follow, max-snippet:-1, max-image-preview:large, max-video-preview:-1\" \/>\n<link rel=\"canonical\" href=\"https:\/\/soliton-gmbh.de\/en\/product\/gas-raman-spectrometer\/\" \/>\n<meta property=\"og:locale\" content=\"en_US\" \/>\n<meta property=\"og:type\" content=\"article\" \/>\n<meta property=\"og:title\" content=\"Gas Ramanspektrometer\" \/>\n<meta property=\"og:description\" content=\"Gas Ramanspektrometer f\u00fcr pr\u00e4zise, zerst\u00f6rungsfreie Gasanalyse in Industrie, Technik und Forschung. Ideal zur Detektion von Spurengasen und Gasreinheit.\" \/>\n<meta property=\"og:url\" content=\"https:\/\/soliton-gmbh.de\/en\/product\/gas-raman-spectrometer\/\" \/>\n<meta property=\"og:site_name\" content=\"Soliton Laser- und Messtechnik GmbH\" \/>\n<meta property=\"article:modified_time\" content=\"2026-04-14T22:07:38+00:00\" \/>\n<meta property=\"og:image\" content=\"https:\/\/soliton-gmbh.de\/wp-content\/uploads\/2023\/04\/GasRaman.jpg\" \/>\n\t<meta property=\"og:image:width\" content=\"1458\" \/>\n\t<meta property=\"og:image:height\" content=\"1066\" \/>\n\t<meta property=\"og:image:type\" content=\"image\/jpeg\" \/>\n<meta name=\"twitter:card\" content=\"summary_large_image\" \/>\n<meta name=\"twitter:label1\" content=\"Price\" \/>\n\t<meta name=\"twitter:data1\" content=\"&euro;0.00\" \/>\n\t<meta name=\"twitter:label2\" content=\"Availability\" \/>\n\t<meta name=\"twitter:data2\" content=\"In stock\" \/>\n<script type=\"application\/ld+json\" class=\"yoast-schema-graph\">{\"@context\":\"https:\\\/\\\/schema.org\",\"@graph\":[{\"@type\":\"WebPage\",\"@id\":\"https:\\\/\\\/soliton-gmbh.de\\\/produkt\\\/gas-ramanspektrometer\\\/\",\"url\":\"https:\\\/\\\/soliton-gmbh.de\\\/produkt\\\/gas-ramanspektrometer\\\/\",\"name\":\"Gas Ramanspektrometer - Soliton\",\"isPartOf\":{\"@id\":\"https:\\\/\\\/soliton-gmbh.de\\\/#website\"},\"primaryImageOfPage\":{\"@id\":\"https:\\\/\\\/soliton-gmbh.de\\\/produkt\\\/gas-ramanspektrometer\\\/#primaryimage\"},\"image\":{\"@id\":\"https:\\\/\\\/soliton-gmbh.de\\\/produkt\\\/gas-ramanspektrometer\\\/#primaryimage\"},\"thumbnailUrl\":\"https:\\\/\\\/soliton-gmbh.de\\\/wp-content\\\/uploads\\\/2023\\\/04\\\/GasRaman.jpg\",\"datePublished\":\"2023-04-26T14:43:43+00:00\",\"dateModified\":\"2026-04-14T22:07:38+00:00\",\"description\":\"Gas Ramanspektrometer f\u00fcr pr\u00e4zise, zerst\u00f6rungsfreie Gasanalyse in Industrie, Technik und Forschung. Ideal zur Detektion von Spurengasen und Gasreinheit.\",\"breadcrumb\":{\"@id\":\"https:\\\/\\\/soliton-gmbh.de\\\/produkt\\\/gas-ramanspektrometer\\\/#breadcrumb\"},\"inLanguage\":\"en-US\",\"potentialAction\":[{\"@type\":\"ReadAction\",\"target\":[\"https:\\\/\\\/soliton-gmbh.de\\\/produkt\\\/gas-ramanspektrometer\\\/\"]}]},{\"@type\":\"ImageObject\",\"inLanguage\":\"en-US\",\"@id\":\"https:\\\/\\\/soliton-gmbh.de\\\/produkt\\\/gas-ramanspektrometer\\\/#primaryimage\",\"url\":\"https:\\\/\\\/soliton-gmbh.de\\\/wp-content\\\/uploads\\\/2023\\\/04\\\/GasRaman.jpg\",\"contentUrl\":\"https:\\\/\\\/soliton-gmbh.de\\\/wp-content\\\/uploads\\\/2023\\\/04\\\/GasRaman.jpg\",\"width\":1458,\"height\":1066,\"caption\":\"Gas Ramanspektrometer f\u00fcr schnelle, pr\u00e4zise und zerst\u00f6rungsfreie Analyse von Gasgemischen in Industrie und Forschung\"},{\"@type\":\"BreadcrumbList\",\"@id\":\"https:\\\/\\\/soliton-gmbh.de\\\/produkt\\\/gas-ramanspektrometer\\\/#breadcrumb\",\"itemListElement\":[{\"@type\":\"ListItem\",\"position\":1,\"name\":\"Startseite\",\"item\":\"https:\\\/\\\/soliton-gmbh.de\\\/\"},{\"@type\":\"ListItem\",\"position\":2,\"name\":\"Produkte\",\"item\":\"https:\\\/\\\/soliton-gmbh.de\\\/produkte\\\/\"},{\"@type\":\"ListItem\",\"position\":3,\"name\":\"Gas Ramanspektrometer\"}]},{\"@type\":\"WebSite\",\"@id\":\"https:\\\/\\\/soliton-gmbh.de\\\/#website\",\"url\":\"https:\\\/\\\/soliton-gmbh.de\\\/\",\"name\":\"Soliton Laser- und Messtechnik GmbH\",\"description\":\"\",\"publisher\":{\"@id\":\"https:\\\/\\\/soliton-gmbh.de\\\/#organization\"},\"potentialAction\":[{\"@type\":\"SearchAction\",\"target\":{\"@type\":\"EntryPoint\",\"urlTemplate\":\"https:\\\/\\\/soliton-gmbh.de\\\/?s={search_term_string}\"},\"query-input\":{\"@type\":\"PropertyValueSpecification\",\"valueRequired\":true,\"valueName\":\"search_term_string\"}}],\"inLanguage\":\"en-US\"},{\"@type\":\"Organization\",\"@id\":\"https:\\\/\\\/soliton-gmbh.de\\\/#organization\",\"name\":\"Soliton GmbH\",\"url\":\"https:\\\/\\\/soliton-gmbh.de\\\/\",\"logo\":{\"@type\":\"ImageObject\",\"inLanguage\":\"en-US\",\"@id\":\"https:\\\/\\\/soliton-gmbh.de\\\/#\\\/schema\\\/logo\\\/image\\\/\",\"url\":\"https:\\\/\\\/soliton-gmbh.de\\\/wp-content\\\/uploads\\\/2022\\\/08\\\/cropped-soliton-logo.png\",\"contentUrl\":\"https:\\\/\\\/soliton-gmbh.de\\\/wp-content\\\/uploads\\\/2022\\\/08\\\/cropped-soliton-logo.png\",\"width\":500,\"height\":350,\"caption\":\"Soliton GmbH\"},\"image\":{\"@id\":\"https:\\\/\\\/soliton-gmbh.de\\\/#\\\/schema\\\/logo\\\/image\\\/\"}}]}<\/script>\n<meta property=\"product:price:amount\" content=\"0.00\" \/>\n<meta property=\"product:price:currency\" content=\"EUR\" \/>\n<meta property=\"og:availability\" content=\"instock\" \/>\n<meta property=\"product:availability\" content=\"instock\" \/>\n<meta property=\"product:condition\" content=\"new\" \/>\n<!-- \/ Yoast SEO Premium plugin. -->","yoast_head_json":{"title":"Gas Raman spectrometer - Soliton","description":"Gas Raman spectrometer for precise, non-destructive gas analysis in industry, technology and research. Ideal for the detection of trace gases and gas purity.","robots":{"index":"index","follow":"follow","max-snippet":"max-snippet:-1","max-image-preview":"max-image-preview:large","max-video-preview":"max-video-preview:-1"},"canonical":"https:\/\/soliton-gmbh.de\/en\/product\/gas-raman-spectrometer\/","og_locale":"en_US","og_type":"article","og_title":"Gas Ramanspektrometer","og_description":"Gas Ramanspektrometer f\u00fcr pr\u00e4zise, zerst\u00f6rungsfreie Gasanalyse in Industrie, Technik und Forschung. Ideal zur Detektion von Spurengasen und Gasreinheit.","og_url":"https:\/\/soliton-gmbh.de\/en\/product\/gas-raman-spectrometer\/","og_site_name":"Soliton Laser- und Messtechnik GmbH","article_modified_time":"2026-04-14T22:07:38+00:00","og_image":[{"width":1458,"height":1066,"url":"https:\/\/soliton-gmbh.de\/wp-content\/uploads\/2023\/04\/GasRaman.jpg","type":"image\/jpeg"}],"twitter_card":"summary_large_image","twitter_misc":{"Price":"&euro;0.00","Availability":"In stock"},"schema":{"@context":"https:\/\/schema.org","@graph":[{"@type":"WebPage","@id":"https:\/\/soliton-gmbh.de\/produkt\/gas-ramanspektrometer\/","url":"https:\/\/soliton-gmbh.de\/produkt\/gas-ramanspektrometer\/","name":"Gas Raman spectrometer - Soliton","isPartOf":{"@id":"https:\/\/soliton-gmbh.de\/#website"},"primaryImageOfPage":{"@id":"https:\/\/soliton-gmbh.de\/produkt\/gas-ramanspektrometer\/#primaryimage"},"image":{"@id":"https:\/\/soliton-gmbh.de\/produkt\/gas-ramanspektrometer\/#primaryimage"},"thumbnailUrl":"https:\/\/soliton-gmbh.de\/wp-content\/uploads\/2023\/04\/GasRaman.jpg","datePublished":"2023-04-26T14:43:43+00:00","dateModified":"2026-04-14T22:07:38+00:00","description":"Gas Raman spectrometer for precise, non-destructive gas analysis in industry, technology and research. Ideal for the detection of trace gases and gas purity.","breadcrumb":{"@id":"https:\/\/soliton-gmbh.de\/produkt\/gas-ramanspektrometer\/#breadcrumb"},"inLanguage":"en-US","potentialAction":[{"@type":"ReadAction","target":["https:\/\/soliton-gmbh.de\/produkt\/gas-ramanspektrometer\/"]}]},{"@type":"ImageObject","inLanguage":"en-US","@id":"https:\/\/soliton-gmbh.de\/produkt\/gas-ramanspektrometer\/#primaryimage","url":"https:\/\/soliton-gmbh.de\/wp-content\/uploads\/2023\/04\/GasRaman.jpg","contentUrl":"https:\/\/soliton-gmbh.de\/wp-content\/uploads\/2023\/04\/GasRaman.jpg","width":1458,"height":1066,"caption":"Gas Ramanspektrometer f\u00fcr schnelle, pr\u00e4zise und zerst\u00f6rungsfreie Analyse von Gasgemischen in Industrie und Forschung"},{"@type":"BreadcrumbList","@id":"https:\/\/soliton-gmbh.de\/produkt\/gas-ramanspektrometer\/#breadcrumb","itemListElement":[{"@type":"ListItem","position":1,"name":"Startseite","item":"https:\/\/soliton-gmbh.de\/"},{"@type":"ListItem","position":2,"name":"Produkte","item":"https:\/\/soliton-gmbh.de\/produkte\/"},{"@type":"ListItem","position":3,"name":"Gas Ramanspektrometer"}]},{"@type":"WebSite","@id":"https:\/\/soliton-gmbh.de\/#website","url":"https:\/\/soliton-gmbh.de\/","name":"Soliton Laser- und Messtechnik GmbH","description":"","publisher":{"@id":"https:\/\/soliton-gmbh.de\/#organization"},"potentialAction":[{"@type":"SearchAction","target":{"@type":"EntryPoint","urlTemplate":"https:\/\/soliton-gmbh.de\/?s={search_term_string}"},"query-input":{"@type":"PropertyValueSpecification","valueRequired":true,"valueName":"search_term_string"}}],"inLanguage":"en-US"},{"@type":"Organization","@id":"https:\/\/soliton-gmbh.de\/#organization","name":"Soliton GmbH","url":"https:\/\/soliton-gmbh.de\/","logo":{"@type":"ImageObject","inLanguage":"en-US","@id":"https:\/\/soliton-gmbh.de\/#\/schema\/logo\/image\/","url":"https:\/\/soliton-gmbh.de\/wp-content\/uploads\/2022\/08\/cropped-soliton-logo.png","contentUrl":"https:\/\/soliton-gmbh.de\/wp-content\/uploads\/2022\/08\/cropped-soliton-logo.png","width":500,"height":350,"caption":"Soliton GmbH"},"image":{"@id":"https:\/\/soliton-gmbh.de\/#\/schema\/logo\/image\/"}}]},"product_price_amount":"0.00","product_price_currency":"EUR","og_availability":"instock","product_availability":"instock","product_condition":"new"},"uagb_featured_image_src":{"full":["https:\/\/soliton-gmbh.de\/wp-content\/uploads\/2023\/04\/GasRaman.jpg",1458,1066,false],"thumbnail":["https:\/\/soliton-gmbh.de\/wp-content\/uploads\/2023\/04\/GasRaman-150x150.jpg",150,150,true],"medium":["https:\/\/soliton-gmbh.de\/wp-content\/uploads\/2023\/04\/GasRaman-300x219.jpg",300,219,true],"medium_large":["https:\/\/soliton-gmbh.de\/wp-content\/uploads\/2023\/04\/GasRaman-768x562.jpg",768,562,true],"large":["https:\/\/soliton-gmbh.de\/wp-content\/uploads\/2023\/04\/GasRaman-1024x749.jpg",1024,749,true],"1536x1536":["https:\/\/soliton-gmbh.de\/wp-content\/uploads\/2023\/04\/GasRaman.jpg",1458,1066,false],"2048x2048":["https:\/\/soliton-gmbh.de\/wp-content\/uploads\/2023\/04\/GasRaman.jpg",1458,1066,false],"trp-custom-language-flag":["https:\/\/soliton-gmbh.de\/wp-content\/uploads\/2023\/04\/GasRaman-16x12.jpg",16,12,true],"woocommerce_thumbnail":["https:\/\/soliton-gmbh.de\/wp-content\/uploads\/2023\/04\/GasRaman-600x439.jpg",600,439,true],"woocommerce_single":["https:\/\/soliton-gmbh.de\/wp-content\/uploads\/2023\/04\/GasRaman-1200x877.jpg",1200,877,true],"woocommerce_gallery_thumbnail":["https:\/\/soliton-gmbh.de\/wp-content\/uploads\/2023\/04\/GasRaman-300x300.jpg",300,300,true]},"uagb_author_info":{"display_name":"Daniel Wagner","author_link":"https:\/\/soliton-gmbh.de\/en\/author\/"},"uagb_comment_info":0,"uagb_excerpt":"Exzellentes Signal-\/Rauschverh\u00e4ltnis Kosteng\u00fcnstig Kompakt Flexibel","_links":{"self":[{"href":"https:\/\/soliton-gmbh.de\/en\/wp-json\/wp\/v2\/product\/5793","targetHints":{"allow":["GET"]}}],"collection":[{"href":"https:\/\/soliton-gmbh.de\/en\/wp-json\/wp\/v2\/product"}],"about":[{"href":"https:\/\/soliton-gmbh.de\/en\/wp-json\/wp\/v2\/types\/product"}],"wp:featuredmedia":[{"embeddable":true,"href":"https:\/\/soliton-gmbh.de\/en\/wp-json\/wp\/v2\/media\/5796"}],"wp:attachment":[{"href":"https:\/\/soliton-gmbh.de\/en\/wp-json\/wp\/v2\/media?parent=5793"}],"wp:term":[{"taxonomy":"product_brand","embeddable":true,"href":"https:\/\/soliton-gmbh.de\/en\/wp-json\/wp\/v2\/product_brand?post=5793"},{"taxonomy":"product_cat","embeddable":true,"href":"https:\/\/soliton-gmbh.de\/en\/wp-json\/wp\/v2\/product_cat?post=5793"},{"taxonomy":"product_tag","embeddable":true,"href":"https:\/\/soliton-gmbh.de\/en\/wp-json\/wp\/v2\/product_tag?post=5793"}],"curies":[{"name":"wp","href":"https:\/\/api.w.org\/{rel}","templated":true}]}}