{"id":5749,"date":"2023-04-19T18:55:52","date_gmt":"2023-04-19T16:55:52","guid":{"rendered":"https:\/\/soliton.selectcode.io\/?post_type=product&#038;p=5749"},"modified":"2026-04-15T23:25:22","modified_gmt":"2026-04-15T21:25:22","slug":"handheld-3d-surface-measuring-device","status":"publish","type":"product","link":"https:\/\/soliton-gmbh.de\/en\/produkt\/handgehaltenes-3d-oberflaechenmessgeraet\/","title":{"rendered":"InSpec"},"content":{"rendered":"<h1 data-start=\"121\" data-end=\"190\">Handgehaltene Defekterkennung mit 3D-Pr\u00e4zision \u2013 InSpec &amp; InSpec XL<\/h1>\n<h2 data-start=\"192\" data-end=\"257\">Mobile Oberfl\u00e4chenanalyse f\u00fcr Industrie und Qualit\u00e4tssicherung<\/h2>\n<p data-start=\"259\" data-end=\"413\"><span class=\"relative -mx-px my-[-0.2rem] rounded px-px py-[0.2rem] transition-colors duration-100 ease-in-out\">Die <strong data-start=\"4\" data-end=\"37\">handgehaltene Defekterkennung<\/strong> mit dem InSpec-System von Soliton bietet eine pr\u00e4zise und flexible L\u00f6sung zur Erkennung und Vermessung von Oberfl\u00e4chenfehlern direkt vor Ort.<\/span> <span class=\"relative -mx-px my-[-0.2rem] rounded px-px py-[0.2rem] transition-colors duration-100 ease-in-out\">Urspr\u00fcnglich f\u00fcr die Luftfahrt entwickelt, erm\u00f6glicht das Ger\u00e4t die direkte Messung von Defekten, Radien und Winkeln auf Bauteiloberfl\u00e4chen. Das alles ganz ohne aufwendige Replikation oder Demontage.<\/span><\/p>\n<p data-start=\"415\" data-end=\"573\"><span class=\"relative -mx-px my-[-0.2rem] rounded px-px py-[0.2rem] transition-colors duration-100 ease-in-out\">Mit einer lateralen Aufl\u00f6sung von bis zu 4\u202f\u00b5m und einer vertikalen Genauigkeit von 4\u202f\u00b5m erfasst das InSpec-System selbst kleinste Oberfl\u00e4chenabweichungen.<\/span> <span class=\"relative -mx-px my-[-0.2rem] rounded px-px py-[0.2rem] transition-colors duration-100 ease-in-out\">Zudem identifiziert die integrierte Software automatisch Defekte wie Kratzer, Risse oder Dellen und erstellt detaillierte 2D- und 3D-Darstellungen f\u00fcr eine umfassende Analyse.&lt;\/span&gt;<\/span><\/p>\n<h2 data-start=\"575\" data-end=\"634\">Vielseitige Einsatzm\u00f6glichkeiten und einfache Handhabung<\/h2>\n<p data-start=\"636\" data-end=\"834\"><span class=\"relative -mx-px my-[-0.2rem] rounded px-px py-[0.2rem] transition-colors duration-100 ease-in-out\">Das handgehaltene Design des InSpec erm\u00f6glicht den Einsatz in verschiedenen Bereichen wie der Produktion, Wareneingangskontrolle oder im Au\u00dfendienst.<\/span> <span class=\"relative -mx-px my-[-0.2rem] rounded px-px py-[0.2rem] transition-colors duration-100 ease-in-out\">Aufgrund von optionalem Zubeh\u00f6r wie Spiegelsets und flexible Halterungen k\u00f6nnen auch schwer zug\u00e4ngliche Stellen pr\u00e4zise vermessen werden.<\/span> <span class=\"relative -mx-px my-[-0.2rem] rounded px-px py-[0.2rem] transition-colors duration-100 ease-in-out\">Zudem ist das System f\u00fcr den Einsatz mit Robotern geeignet, was eine automatisierte Pr\u00fcfung in Fertigungsprozessen erm\u00f6glicht.<\/span><\/p>\n<p data-start=\"836\" data-end=\"1097\">Das InSpec XL erweitert die Einsatzm\u00f6glichkeiten durch ein gr\u00f6\u00dferes Messfeld von 15\u202fmm \u00d7 15\u202fmm und eine maximale Defekttiefe von bis zu 9\u202fmm, ideal f\u00fcr die Analyse gr\u00f6\u00dferer Bauteile.&lt;\/p&gt;<\/p>\n","protected":false},"excerpt":{"rendered":"<div class=\"page\" title=\"page 1\">\n<div class=\"section\">\n<div class=\"layoutArea\">\n<div class=\"column\">\n<p><a href=\"https:\/\/soliton-gmbh.de\/wp-content\/uploads\/2023\/04\/4D-Logo-2022.png\"><img loading=\"lazy\" decoding=\"async\" class=\"alignnone wp-image-5720\" src=\"https:\/\/soliton-gmbh.de\/wp-content\/uploads\/2023\/04\/4D-Logo-2022-1024x266.png\" alt=\"Logo of the company 4D Technology\" width=\"201\" height=\"52\" srcset=\"https:\/\/soliton-gmbh.de\/wp-content\/uploads\/2023\/04\/4D-Logo-2022-1024x266.png 1024w, https:\/\/soliton-gmbh.de\/wp-content\/uploads\/2023\/04\/4D-Logo-2022-600x156.png 600w, https:\/\/soliton-gmbh.de\/wp-content\/uploads\/2023\/04\/4D-Logo-2022-1200x312.png 1200w, https:\/\/soliton-gmbh.de\/wp-content\/uploads\/2023\/04\/4D-Logo-2022-300x78.png 300w, https:\/\/soliton-gmbh.de\/wp-content\/uploads\/2023\/04\/4D-Logo-2022-768x200.png 768w, https:\/\/soliton-gmbh.de\/wp-content\/uploads\/2023\/04\/4D-Logo-2022-1536x399.png 1536w, https:\/\/soliton-gmbh.de\/wp-content\/uploads\/2023\/04\/4D-Logo-2022-2048x532.png 2048w, https:\/\/soliton-gmbh.de\/wp-content\/uploads\/2023\/04\/4D-Logo-2022-18x5.png 18w\" sizes=\"auto, (max-width: 201px) 100vw, 201px\" \/><\/a><\/p>\n<ul>\n<li>Defect detection in the \u03bcm range<\/li>\n<li>Replaces cumbersome molds<\/li>\n<li>Direct measurement in the production area, for incoming goods inspection and outdoors<\/li>\n<li>Developed for defects in aircraft parts<\/li>\n<li>Handheld, workstation or robotic operation<\/li>\n<\/ul>\n<\/div>\n<\/div>\n<\/div>\n<\/div>","protected":false},"featured_media":5754,"template":"","meta":{"_acf_changed":false,"_uag_custom_page_level_css":"","site-sidebar-layout":"default","site-content-layout":"default","ast-site-content-layout":"default","site-content-style":"default","site-sidebar-style":"default","ast-global-header-display":"","ast-banner-title-visibility":"","ast-main-header-display":"","ast-hfb-above-header-display":"","ast-hfb-below-header-display":"","ast-hfb-mobile-header-display":"","site-post-title":"","ast-breadcrumbs-content":"","ast-featured-img":"","footer-sml-layout":"","ast-disable-related-posts":"","theme-transparent-header-meta":"default","adv-header-id-meta":"","stick-header-meta":"default","header-above-stick-meta":"","header-main-stick-meta":"","header-below-stick-meta":"","astra-migrate-meta-layouts":"set","ast-page-background-enabled":"default","ast-page-background-meta":{"desktop":{"background-color":"","background-image":"","background-repeat":"repeat","background-position":"center center","background-size":"auto","background-attachment":"scroll","background-type":"","background-media":"","overlay-type":"","overlay-color":"","overlay-opacity":"","overlay-gradient":""},"tablet":{"background-color":"","background-image":"","background-repeat":"repeat","background-position":"center center","background-size":"auto","background-attachment":"scroll","background-type":"","background-media":"","overlay-type":"","overlay-color":"","overlay-opacity":"","overlay-gradient":""},"mobile":{"background-color":"","background-image":"","background-repeat":"repeat","background-position":"center center","background-size":"auto","background-attachment":"scroll","background-type":"","background-media":"","overlay-type":"","overlay-color":"","overlay-opacity":"","overlay-gradient":""}},"ast-content-background-meta":{"desktop":{"background-color":"var(--ast-global-color-5)","background-image":"","background-repeat":"repeat","background-position":"center center","background-size":"auto","background-attachment":"scroll","background-type":"","background-media":"","overlay-type":"","overlay-color":"","overlay-opacity":"","overlay-gradient":""},"tablet":{"background-color":"var(--ast-global-color-5)","background-image":"","background-repeat":"repeat","background-position":"center center","background-size":"auto","background-attachment":"scroll","background-type":"","background-media":"","overlay-type":"","overlay-color":"","overlay-opacity":"","overlay-gradient":""},"mobile":{"background-color":"var(--ast-global-color-5)","background-image":"","background-repeat":"repeat","background-position":"center center","background-size":"auto","background-attachment":"scroll","background-type":"","background-media":"","overlay-type":"","overlay-color":"","overlay-opacity":"","overlay-gradient":""}}},"product_brand":[1623],"product_cat":[28,80],"product_tag":[534,537,539,536,535,530,545,552,521,519,518,529,553,547,546,540,556,557,555,532,516,517,550,549,538,542,520,522,442,543,524,525,527,526,544,523,533,548,528,541,551,554,531],"class_list":{"0":"post-5749","1":"product","2":"type-product","3":"status-publish","4":"has-post-thumbnail","6":"product_brand-4d-technology","7":"product_cat-analytik","8":"product_cat-3d-messtechnik","9":"product_tag-3d-messgeraet","10":"product_tag-abdruecke","11":"product_tag-aircraft","12":"product_tag-automaten","13":"product_tag-automatisiert","14":"product_tag-breite","15":"product_tag-chamfer","16":"product_tag-compactcobot","17":"product_tag-contour","18":"product_tag-defect","19":"product_tag-defekte","20":"product_tag-depth","21":"product_tag-disccobot","22":"product_tag-edge-break","23":"product_tag-fase","24":"product_tag-flugzeug","25":"product_tag-gelsight-max-3d","26":"product_tag-gelsight-mini","27":"product_tag-gelsight-mobile","28":"product_tag-groesse","29":"product_tag-handgefuehrt","30":"product_tag-handheld","31":"product_tag-high-throughput","32":"product_tag-hoher-durchsatz","33":"product_tag-imprint","34":"product_tag-infineon","35":"product_tag-konturen","36":"product_tag-kratzer","37":"product_tag-oberflaechenmessgeraet","38":"product_tag-radius","39":"product_tag-rauheit","40":"product_tag-rauigkeit","41":"product_tag-rhoughness","42":"product_tag-roughness","43":"product_tag-round","44":"product_tag-scratch","45":"product_tag-size","46":"product_tag-taktik","47":"product_tag-tiefe","48":"product_tag-turbine","49":"product_tag-turbinecobot","50":"product_tag-ur-10","51":"product_tag-width","52":"desktop-align-left","53":"tablet-align-center","54":"mobile-align-center","55":"ast-product-gallery-layout-horizontal-slider","56":"ast-magnify-disabled","57":"ast-product-single-variable","58":"ast-product-tabs-layout-horizontal","60":"first","61":"instock","62":"sold-individually","63":"shipping-taxable","64":"purchasable","65":"product-type-variable","66":"has-default-attributes"},"acf":[],"yoast_head":"<!-- This site is optimized with the Yoast SEO Premium plugin v27.2 (Yoast SEO v27.4) - https:\/\/yoast.com\/product\/yoast-seo-premium-wordpress\/ -->\n<title>InSpec Soliton<\/title>\n<meta name=\"description\" content=\"Pr\u00e4zise handgehaltene Defekterkennung mit InSpec \u2013 3D-Oberfl\u00e4chenmessung f\u00fcr Industrie und Qualit\u00e4tssicherung, mobil und flexibel einsetzbar.\" \/>\n<meta name=\"robots\" content=\"index, follow, max-snippet:-1, max-image-preview:large, max-video-preview:-1\" \/>\n<link rel=\"canonical\" href=\"https:\/\/soliton-gmbh.de\/en\/product\/handheld-3d-surface-measuring-device\/\" \/>\n<meta property=\"og:locale\" content=\"en_US\" \/>\n<meta property=\"og:type\" content=\"article\" \/>\n<meta property=\"og:title\" content=\"InSpec\" \/>\n<meta property=\"og:description\" content=\"Pr\u00e4zise handgehaltene Defekterkennung mit InSpec \u2013 3D-Oberfl\u00e4chenmessung f\u00fcr Industrie und Qualit\u00e4tssicherung, mobil und flexibel einsetzbar.\" \/>\n<meta property=\"og:url\" content=\"https:\/\/soliton-gmbh.de\/en\/product\/handheld-3d-surface-measuring-device\/\" \/>\n<meta property=\"og:site_name\" content=\"Soliton Laser- und Messtechnik GmbH\" \/>\n<meta property=\"article:modified_time\" content=\"2026-04-15T21:25:22+00:00\" \/>\n<meta property=\"og:image\" content=\"https:\/\/soliton-gmbh.de\/wp-content\/uploads\/2023\/04\/4D_Inspec1-2.jpg\" \/>\n\t<meta property=\"og:image:width\" content=\"1500\" \/>\n\t<meta property=\"og:image:height\" content=\"1500\" \/>\n\t<meta property=\"og:image:type\" content=\"image\/jpeg\" \/>\n<meta name=\"twitter:card\" content=\"summary_large_image\" \/>\n<meta name=\"twitter:label1\" content=\"Availability\" \/>\n\t<meta name=\"twitter:data1\" content=\"In stock\" \/>\n<script type=\"application\/ld+json\" class=\"yoast-schema-graph\">{\"@context\":\"https:\\\/\\\/schema.org\",\"@graph\":[{\"@type\":\"WebPage\",\"@id\":\"https:\\\/\\\/soliton-gmbh.de\\\/produkt\\\/handgehaltenes-3d-oberflaechenmessgeraet\\\/\",\"url\":\"https:\\\/\\\/soliton-gmbh.de\\\/produkt\\\/handgehaltenes-3d-oberflaechenmessgeraet\\\/\",\"name\":\"InSpec Soliton\",\"isPartOf\":{\"@id\":\"https:\\\/\\\/soliton-gmbh.de\\\/#website\"},\"primaryImageOfPage\":{\"@id\":\"https:\\\/\\\/soliton-gmbh.de\\\/produkt\\\/handgehaltenes-3d-oberflaechenmessgeraet\\\/#primaryimage\"},\"image\":{\"@id\":\"https:\\\/\\\/soliton-gmbh.de\\\/produkt\\\/handgehaltenes-3d-oberflaechenmessgeraet\\\/#primaryimage\"},\"thumbnailUrl\":\"https:\\\/\\\/soliton-gmbh.de\\\/wp-content\\\/uploads\\\/2023\\\/04\\\/4D_Inspec1-2.jpg\",\"datePublished\":\"2023-04-19T16:55:52+00:00\",\"dateModified\":\"2026-04-15T21:25:22+00:00\",\"description\":\"Pr\u00e4zise handgehaltene Defekterkennung mit InSpec \u2013 3D-Oberfl\u00e4chenmessung f\u00fcr Industrie und Qualit\u00e4tssicherung, mobil und flexibel einsetzbar.\",\"breadcrumb\":{\"@id\":\"https:\\\/\\\/soliton-gmbh.de\\\/produkt\\\/handgehaltenes-3d-oberflaechenmessgeraet\\\/#breadcrumb\"},\"inLanguage\":\"en-US\",\"potentialAction\":[{\"@type\":\"ReadAction\",\"target\":[\"https:\\\/\\\/soliton-gmbh.de\\\/produkt\\\/handgehaltenes-3d-oberflaechenmessgeraet\\\/\"]}]},{\"@type\":\"ImageObject\",\"inLanguage\":\"en-US\",\"@id\":\"https:\\\/\\\/soliton-gmbh.de\\\/produkt\\\/handgehaltenes-3d-oberflaechenmessgeraet\\\/#primaryimage\",\"url\":\"https:\\\/\\\/soliton-gmbh.de\\\/wp-content\\\/uploads\\\/2023\\\/04\\\/4D_Inspec1-2.jpg\",\"contentUrl\":\"https:\\\/\\\/soliton-gmbh.de\\\/wp-content\\\/uploads\\\/2023\\\/04\\\/4D_Inspec1-2.jpg\",\"width\":1500,\"height\":1500,\"caption\":\"Handgehaltenes 3D-Oberfl\u00e4chenmessger\u00e4t InSpec zur pr\u00e4zisen Defekterkennung auf Bauteiloberfl\u00e4chen\"},{\"@type\":\"BreadcrumbList\",\"@id\":\"https:\\\/\\\/soliton-gmbh.de\\\/produkt\\\/handgehaltenes-3d-oberflaechenmessgeraet\\\/#breadcrumb\",\"itemListElement\":[{\"@type\":\"ListItem\",\"position\":1,\"name\":\"Startseite\",\"item\":\"https:\\\/\\\/soliton-gmbh.de\\\/\"},{\"@type\":\"ListItem\",\"position\":2,\"name\":\"Produkte\",\"item\":\"https:\\\/\\\/soliton-gmbh.de\\\/produkte\\\/\"},{\"@type\":\"ListItem\",\"position\":3,\"name\":\"InSpec\"}]},{\"@type\":\"WebSite\",\"@id\":\"https:\\\/\\\/soliton-gmbh.de\\\/#website\",\"url\":\"https:\\\/\\\/soliton-gmbh.de\\\/\",\"name\":\"Soliton Laser- und Messtechnik GmbH\",\"description\":\"\",\"publisher\":{\"@id\":\"https:\\\/\\\/soliton-gmbh.de\\\/#organization\"},\"potentialAction\":[{\"@type\":\"SearchAction\",\"target\":{\"@type\":\"EntryPoint\",\"urlTemplate\":\"https:\\\/\\\/soliton-gmbh.de\\\/?s={search_term_string}\"},\"query-input\":{\"@type\":\"PropertyValueSpecification\",\"valueRequired\":true,\"valueName\":\"search_term_string\"}}],\"inLanguage\":\"en-US\"},{\"@type\":\"Organization\",\"@id\":\"https:\\\/\\\/soliton-gmbh.de\\\/#organization\",\"name\":\"Soliton GmbH\",\"url\":\"https:\\\/\\\/soliton-gmbh.de\\\/\",\"logo\":{\"@type\":\"ImageObject\",\"inLanguage\":\"en-US\",\"@id\":\"https:\\\/\\\/soliton-gmbh.de\\\/#\\\/schema\\\/logo\\\/image\\\/\",\"url\":\"https:\\\/\\\/soliton-gmbh.de\\\/wp-content\\\/uploads\\\/2022\\\/08\\\/cropped-soliton-logo.png\",\"contentUrl\":\"https:\\\/\\\/soliton-gmbh.de\\\/wp-content\\\/uploads\\\/2022\\\/08\\\/cropped-soliton-logo.png\",\"width\":500,\"height\":350,\"caption\":\"Soliton GmbH\"},\"image\":{\"@id\":\"https:\\\/\\\/soliton-gmbh.de\\\/#\\\/schema\\\/logo\\\/image\\\/\"}}]}<\/script>\n<meta property=\"og:availability\" content=\"instock\" \/>\n<meta property=\"product:availability\" content=\"instock\" \/>\n<meta property=\"product:condition\" content=\"new\" \/>\n<!-- \/ Yoast SEO Premium plugin. -->","yoast_head_json":{"title":"InSpec Soliton","description":"Precise hand-held defect detection with InSpec - 3D surface measurement for industry and quality assurance, mobile and flexible in use.","robots":{"index":"index","follow":"follow","max-snippet":"max-snippet:-1","max-image-preview":"max-image-preview:large","max-video-preview":"max-video-preview:-1"},"canonical":"https:\/\/soliton-gmbh.de\/en\/product\/handheld-3d-surface-measuring-device\/","og_locale":"en_US","og_type":"article","og_title":"InSpec","og_description":"Pr\u00e4zise handgehaltene Defekterkennung mit InSpec \u2013 3D-Oberfl\u00e4chenmessung f\u00fcr Industrie und Qualit\u00e4tssicherung, mobil und flexibel einsetzbar.","og_url":"https:\/\/soliton-gmbh.de\/en\/product\/handheld-3d-surface-measuring-device\/","og_site_name":"Soliton Laser- und Messtechnik GmbH","article_modified_time":"2026-04-15T21:25:22+00:00","og_image":[{"width":1500,"height":1500,"url":"https:\/\/soliton-gmbh.de\/wp-content\/uploads\/2023\/04\/4D_Inspec1-2.jpg","type":"image\/jpeg"}],"twitter_card":"summary_large_image","twitter_misc":{"Availability":"In stock"},"schema":{"@context":"https:\/\/schema.org","@graph":[{"@type":"WebPage","@id":"https:\/\/soliton-gmbh.de\/produkt\/handgehaltenes-3d-oberflaechenmessgeraet\/","url":"https:\/\/soliton-gmbh.de\/produkt\/handgehaltenes-3d-oberflaechenmessgeraet\/","name":"InSpec Soliton","isPartOf":{"@id":"https:\/\/soliton-gmbh.de\/#website"},"primaryImageOfPage":{"@id":"https:\/\/soliton-gmbh.de\/produkt\/handgehaltenes-3d-oberflaechenmessgeraet\/#primaryimage"},"image":{"@id":"https:\/\/soliton-gmbh.de\/produkt\/handgehaltenes-3d-oberflaechenmessgeraet\/#primaryimage"},"thumbnailUrl":"https:\/\/soliton-gmbh.de\/wp-content\/uploads\/2023\/04\/4D_Inspec1-2.jpg","datePublished":"2023-04-19T16:55:52+00:00","dateModified":"2026-04-15T21:25:22+00:00","description":"Precise hand-held defect detection with InSpec - 3D surface measurement for industry and quality assurance, mobile and flexible in use.","breadcrumb":{"@id":"https:\/\/soliton-gmbh.de\/produkt\/handgehaltenes-3d-oberflaechenmessgeraet\/#breadcrumb"},"inLanguage":"en-US","potentialAction":[{"@type":"ReadAction","target":["https:\/\/soliton-gmbh.de\/produkt\/handgehaltenes-3d-oberflaechenmessgeraet\/"]}]},{"@type":"ImageObject","inLanguage":"en-US","@id":"https:\/\/soliton-gmbh.de\/produkt\/handgehaltenes-3d-oberflaechenmessgeraet\/#primaryimage","url":"https:\/\/soliton-gmbh.de\/wp-content\/uploads\/2023\/04\/4D_Inspec1-2.jpg","contentUrl":"https:\/\/soliton-gmbh.de\/wp-content\/uploads\/2023\/04\/4D_Inspec1-2.jpg","width":1500,"height":1500,"caption":"Handgehaltenes 3D-Oberfl\u00e4chenmessger\u00e4t InSpec zur pr\u00e4zisen Defekterkennung auf Bauteiloberfl\u00e4chen"},{"@type":"BreadcrumbList","@id":"https:\/\/soliton-gmbh.de\/produkt\/handgehaltenes-3d-oberflaechenmessgeraet\/#breadcrumb","itemListElement":[{"@type":"ListItem","position":1,"name":"Startseite","item":"https:\/\/soliton-gmbh.de\/"},{"@type":"ListItem","position":2,"name":"Produkte","item":"https:\/\/soliton-gmbh.de\/produkte\/"},{"@type":"ListItem","position":3,"name":"InSpec"}]},{"@type":"WebSite","@id":"https:\/\/soliton-gmbh.de\/#website","url":"https:\/\/soliton-gmbh.de\/","name":"Soliton Laser- und Messtechnik GmbH","description":"","publisher":{"@id":"https:\/\/soliton-gmbh.de\/#organization"},"potentialAction":[{"@type":"SearchAction","target":{"@type":"EntryPoint","urlTemplate":"https:\/\/soliton-gmbh.de\/?s={search_term_string}"},"query-input":{"@type":"PropertyValueSpecification","valueRequired":true,"valueName":"search_term_string"}}],"inLanguage":"en-US"},{"@type":"Organization","@id":"https:\/\/soliton-gmbh.de\/#organization","name":"Soliton GmbH","url":"https:\/\/soliton-gmbh.de\/","logo":{"@type":"ImageObject","inLanguage":"en-US","@id":"https:\/\/soliton-gmbh.de\/#\/schema\/logo\/image\/","url":"https:\/\/soliton-gmbh.de\/wp-content\/uploads\/2022\/08\/cropped-soliton-logo.png","contentUrl":"https:\/\/soliton-gmbh.de\/wp-content\/uploads\/2022\/08\/cropped-soliton-logo.png","width":500,"height":350,"caption":"Soliton GmbH"},"image":{"@id":"https:\/\/soliton-gmbh.de\/#\/schema\/logo\/image\/"}}]},"og_availability":"instock","product_availability":"instock","product_condition":"new"},"uagb_featured_image_src":{"full":["https:\/\/soliton-gmbh.de\/wp-content\/uploads\/2023\/04\/4D_Inspec1-2.jpg",1500,1500,false],"thumbnail":["https:\/\/soliton-gmbh.de\/wp-content\/uploads\/2023\/04\/4D_Inspec1-2-150x150.jpg",150,150,true],"medium":["https:\/\/soliton-gmbh.de\/wp-content\/uploads\/2023\/04\/4D_Inspec1-2-300x300.jpg",300,300,true],"medium_large":["https:\/\/soliton-gmbh.de\/wp-content\/uploads\/2023\/04\/4D_Inspec1-2-768x768.jpg",768,768,true],"large":["https:\/\/soliton-gmbh.de\/wp-content\/uploads\/2023\/04\/4D_Inspec1-2-1024x1024.jpg",1024,1024,true],"1536x1536":["https:\/\/soliton-gmbh.de\/wp-content\/uploads\/2023\/04\/4D_Inspec1-2.jpg",1500,1500,false],"2048x2048":["https:\/\/soliton-gmbh.de\/wp-content\/uploads\/2023\/04\/4D_Inspec1-2.jpg",1500,1500,false],"trp-custom-language-flag":["https:\/\/soliton-gmbh.de\/wp-content\/uploads\/2023\/04\/4D_Inspec1-2-12x12.jpg",12,12,true],"woocommerce_thumbnail":["https:\/\/soliton-gmbh.de\/wp-content\/uploads\/2023\/04\/4D_Inspec1-2-600x600.jpg",600,600,true],"woocommerce_single":["https:\/\/soliton-gmbh.de\/wp-content\/uploads\/2023\/04\/4D_Inspec1-2-1200x1200.jpg",1200,1200,true],"woocommerce_gallery_thumbnail":["https:\/\/soliton-gmbh.de\/wp-content\/uploads\/2023\/04\/4D_Inspec1-2-300x300.jpg",300,300,true]},"uagb_author_info":{"display_name":"Daniel Wagner","author_link":"https:\/\/soliton-gmbh.de\/en\/author\/"},"uagb_comment_info":0,"uagb_excerpt":"Defekterkennung im \u03bcm\u2013Bereich Ersetzt aufw\u00e4ndige Abdr\u00fccke Direktmessung im Produktionsbereich, f\u00fcr die Wareneingangskontrolle und im Au\u00dfenbereich Entwickelt f\u00fcr Defekte an Flugzeugteilen Handheld-, Workstation- oder Roboterbetrieb","_links":{"self":[{"href":"https:\/\/soliton-gmbh.de\/en\/wp-json\/wp\/v2\/product\/5749","targetHints":{"allow":["GET"]}}],"collection":[{"href":"https:\/\/soliton-gmbh.de\/en\/wp-json\/wp\/v2\/product"}],"about":[{"href":"https:\/\/soliton-gmbh.de\/en\/wp-json\/wp\/v2\/types\/product"}],"wp:featuredmedia":[{"embeddable":true,"href":"https:\/\/soliton-gmbh.de\/en\/wp-json\/wp\/v2\/media\/5754"}],"wp:attachment":[{"href":"https:\/\/soliton-gmbh.de\/en\/wp-json\/wp\/v2\/media?parent=5749"}],"wp:term":[{"taxonomy":"product_brand","embeddable":true,"href":"https:\/\/soliton-gmbh.de\/en\/wp-json\/wp\/v2\/product_brand?post=5749"},{"taxonomy":"product_cat","embeddable":true,"href":"https:\/\/soliton-gmbh.de\/en\/wp-json\/wp\/v2\/product_cat?post=5749"},{"taxonomy":"product_tag","embeddable":true,"href":"https:\/\/soliton-gmbh.de\/en\/wp-json\/wp\/v2\/product_tag?post=5749"}],"curies":[{"name":"wp","href":"https:\/\/api.w.org\/{rel}","templated":true}]}}