{"id":5745,"date":"2023-04-19T13:39:18","date_gmt":"2023-04-19T11:39:18","guid":{"rendered":"https:\/\/soliton.selectcode.io\/?post_type=product&#038;p=5745"},"modified":"2026-03-06T15:26:23","modified_gmt":"2026-03-06T14:26:23","slug":"nanocam","status":"publish","type":"product","link":"https:\/\/soliton-gmbh.de\/en\/produkt\/nanocam\/","title":{"rendered":"Roughness measuring device for telescopic optics"},"content":{"rendered":"<h1 style=\"font-size: 30px;\" data-start=\"197\" data-end=\"263\">Vielseitiges Pr\u00e4zision-Profilometer f\u00fcr Forschung und Industrie<\/h1>\n<p data-start=\"265\" data-end=\"419\"><span class=\"relative -mx-px my-[-0.2rem] rounded px-px py-[0.2rem] transition-colors duration-100 ease-in-out\">Das <strong data-start=\"4\" data-end=\"30\">Pr\u00e4zision-Profilometer<\/strong> NanoCam HD von 4D Technology ist ein hochentwickeltes Messger\u00e4t zur pr\u00e4zisen Analyse von Oberfl\u00e4chenrauheiten.<\/span> <span class=\"relative -mx-px my-[-0.2rem] rounded px-px py-[0.2rem] transition-colors duration-100 ease-in-out\">Es erm\u00f6glicht die ber\u00fchrungslose Messung von Oberfl\u00e4chenstrukturen mit sub-Angstr\u00f6m-Aufl\u00f6sung und ist ideal f\u00fcr Anwendungen in der Optik, Halbleiterindustrie und Materialwissenschaft.<\/span> <span class=\"relative -mx-px my-[-0.2rem] rounded px-px py-[0.2rem] transition-colors duration-100 ease-in-out\">Dank seiner kompakten Bauweise und der M\u00f6glichkeit zur Integration in automatisierte Systeme bietet das NanoCam HD maximale Flexibilit\u00e4t f\u00fcr verschiedenste Messaufgaben.<\/span><\/p>\n<h2 data-start=\"421\" data-end=\"471\">Technische Merkmale<\/h2>\n<p data-start=\"473\" data-end=\"671\"><span class=\"relative -mx-px my-[-0.2rem] rounded px-px py-[0.2rem] transition-colors duration-100 ease-in-out\">Das <strong data-start=\"4\" data-end=\"30\">Pr\u00e4zision-Profilometer<\/strong> NanoCam HD nutzt die patentierte Dynamic Interferometry\u00ae-Technologie, um schnelle und pr\u00e4zise Messungen durchzuf\u00fchren.<\/span> <span class=\"relative -mx-px my-[-0.2rem] rounded px-px py-[0.2rem] transition-colors duration-100 ease-in-out\">Mit einer vertikalen Aufl\u00f6sung von bis zu 1 \u00c5 und einer Messzeit von weniger als 100 Mikrosekunden liefert es zuverl\u00e4ssige Ergebnisse, selbst in vibrationsreichen Umgebungen.<\/span> <span class=\"relative -mx-px my-[-0.2rem] rounded px-px py-[0.2rem] transition-colors duration-100 ease-in-out\">Die integrierte 5-Megapixel-Kamera mit 12-Bit-Tiefe und das 460 nm LED-Licht erm\u00f6glichen eine detaillierte Erfassung der Oberfl\u00e4chentopografie.<\/span> <span class=\"relative -mx-px my-[-0.2rem] rounded px-px py-[0.2rem] transition-colors duration-100 ease-in-out\">Die mitgelieferte 4Sight Focus\u2122-Software bietet umfangreiche Analysefunktionen gem\u00e4\u00df ISO 25178 und unterst\u00fctzt die Auswertung von 2D- und 3D-Oberfl\u00e4chenprofilen.<\/span><\/p>\n<h2 data-start=\"673\" data-end=\"722\">Anwendungsbereiche des Pr\u00e4zision-Profilometers<\/h2>\n<p data-start=\"724\" data-end=\"962\"><span class=\"relative -mx-px my-[-0.2rem] rounded px-px py-[0.2rem] transition-colors duration-100 ease-in-out\">Das <strong data-start=\"4\" data-end=\"30\">Pr\u00e4zision-Profilometer<\/strong> NanoCam HD findet Anwendung in verschiedenen Bereichen der Forschung und Industrie.<\/span> <span class=\"relative -mx-px my-[-0.2rem] rounded px-px py-[0.2rem] transition-colors duration-100 ease-in-out\">In der Optikindustrie dient es zur Qualit\u00e4tskontrolle von Linsen und Spiegeln.<\/span> <span class=\"relative -mx-px my-[-0.2rem] rounded px-px py-[0.2rem] transition-colors duration-100 ease-in-out\">In der Halbleiterfertigung erm\u00f6glicht es die \u00dcberwachung von Oberfl\u00e4chenrauheiten auf Wafern.<\/span> <span class=\"relative -mx-px my-[-0.2rem] rounded px-px py-[0.2rem] transition-colors duration-100 ease-in-out\">Auch in der Materialwissenschaft wird es zur Charakterisierung von Oberfl\u00e4chenstrukturen eingesetzt.<\/span> <span class=\"relative -mx-px my-[-0.2rem] rounded px-px py-[0.2rem] transition-colors duration-100 ease-in-out\">Durch die M\u00f6glichkeit zur Integration in automatisierte Fertigungsprozesse eignet sich das NanoCam HD auch f\u00fcr den Einsatz in der Serienproduktion.<\/span><\/p>\n","protected":false},"excerpt":{"rendered":"<p><a href=\"https:\/\/soliton-gmbh.de\/wp-content\/uploads\/2023\/04\/4D-Logo-2022.png\"><img loading=\"lazy\" decoding=\"async\" class=\"alignnone wp-image-5720\" src=\"https:\/\/soliton-gmbh.de\/wp-content\/uploads\/2023\/04\/4D-Logo-2022-1024x266.png\" alt=\"4D Technology\" width=\"201\" height=\"52\" srcset=\"https:\/\/soliton-gmbh.de\/wp-content\/uploads\/2023\/04\/4D-Logo-2022-1024x266.png 1024w, https:\/\/soliton-gmbh.de\/wp-content\/uploads\/2023\/04\/4D-Logo-2022-600x156.png 600w, https:\/\/soliton-gmbh.de\/wp-content\/uploads\/2023\/04\/4D-Logo-2022-1200x312.png 1200w, https:\/\/soliton-gmbh.de\/wp-content\/uploads\/2023\/04\/4D-Logo-2022-300x78.png 300w, https:\/\/soliton-gmbh.de\/wp-content\/uploads\/2023\/04\/4D-Logo-2022-768x200.png 768w, https:\/\/soliton-gmbh.de\/wp-content\/uploads\/2023\/04\/4D-Logo-2022-1536x399.png 1536w, https:\/\/soliton-gmbh.de\/wp-content\/uploads\/2023\/04\/4D-Logo-2022-2048x532.png 2048w, https:\/\/soliton-gmbh.de\/wp-content\/uploads\/2023\/04\/4D-Logo-2022-18x5.png 18w\" sizes=\"auto, (max-width: 201px) 100vw, 201px\" \/><\/a><\/p>\n<ul>\n<li style=\"font-weight: 400;\">Roughness measurement according to ISO 25178<\/li>\n<li style=\"font-weight: 400;\">Quantification of the smallest roughnesses -&gt; down to 1 \u00c5<\/li>\n<li style=\"font-weight: 400;\">Production process monitoring<\/li>\n<li style=\"font-weight: 400;\">Handheld, workstation or robotic operation<\/li>\n<li style=\"font-weight: 400;\">independent of vibrations<\/li>\n<\/ul>\n<p>Contact person: Mr. Thomas Walter<\/p>","protected":false},"featured_media":9439,"template":"","meta":{"_acf_changed":false,"_uag_custom_page_level_css":"","site-sidebar-layout":"default","site-content-layout":"default","ast-site-content-layout":"default","site-content-style":"default","site-sidebar-style":"default","ast-global-header-display":"","ast-banner-title-visibility":"","ast-main-header-display":"","ast-hfb-above-header-display":"","ast-hfb-below-header-display":"","ast-hfb-mobile-header-display":"","site-post-title":"","ast-breadcrumbs-content":"","ast-featured-img":"","footer-sml-layout":"","ast-disable-related-posts":"","theme-transparent-header-meta":"default","adv-header-id-meta":"","stick-header-meta":"default","header-above-stick-meta":"","header-main-stick-meta":"","header-below-stick-meta":"","astra-migrate-meta-layouts":"set","ast-page-background-enabled":"default","ast-page-background-meta":{"desktop":{"background-color":"","background-image":"","background-repeat":"repeat","background-position":"center center","background-size":"auto","background-attachment":"scroll","background-type":"","background-media":"","overlay-type":"","overlay-color":"","overlay-opacity":"","overlay-gradient":""},"tablet":{"background-color":"","background-image":"","background-repeat":"repeat","background-position":"center center","background-size":"auto","background-attachment":"scroll","background-type":"","background-media":"","overlay-type":"","overlay-color":"","overlay-opacity":"","overlay-gradient":""},"mobile":{"background-color":"","background-image":"","background-repeat":"repeat","background-position":"center center","background-size":"auto","background-attachment":"scroll","background-type":"","background-media":"","overlay-type":"","overlay-color":"","overlay-opacity":"","overlay-gradient":""}},"ast-content-background-meta":{"desktop":{"background-color":"var(--ast-global-color-5)","background-image":"","background-repeat":"repeat","background-position":"center center","background-size":"auto","background-attachment":"scroll","background-type":"","background-media":"","overlay-type":"","overlay-color":"","overlay-opacity":"","overlay-gradient":""},"tablet":{"background-color":"var(--ast-global-color-5)","background-image":"","background-repeat":"repeat","background-position":"center center","background-size":"auto","background-attachment":"scroll","background-type":"","background-media":"","overlay-type":"","overlay-color":"","overlay-opacity":"","overlay-gradient":""},"mobile":{"background-color":"var(--ast-global-color-5)","background-image":"","background-repeat":"repeat","background-position":"center center","background-size":"auto","background-attachment":"scroll","background-type":"","background-media":"","overlay-type":"","overlay-color":"","overlay-opacity":"","overlay-gradient":""}}},"product_brand":[],"product_cat":[28,372,80],"product_tag":[447,1460,1459,446,1462,448,1463,388,442,449,1458,444,1461,1457,445,421,443,450,452,451],"class_list":{"0":"post-5745","1":"product","2":"type-product","3":"status-publish","4":"has-post-thumbnail","6":"product_cat-analytik","7":"product_cat-interferometrie","8":"product_cat-3d-messtechnik","9":"product_tag-4d-technology","10":"product_tag-4sight-focus","11":"product_tag-beruehrungslose-messung","12":"product_tag-dynamic-interferometry","13":"product_tag-halbleiterfertigung","14":"product_tag-iso-25178","15":"product_tag-materialwissenschaft","16":"product_tag-nanocam-hd","17":"product_tag-oberflaechenmessgeraet","18":"product_tag-oberflaechenrauheit","19":"product_tag-oberflaechenrauheitsmessung","20":"product_tag-optiken","21":"product_tag-optikindustrie","22":"product_tag-praezision-profilometer","23":"product_tag-praezisionsmetrologie","24":"product_tag-qualitaetskontrolle","25":"product_tag-rauheitsmessung","26":"product_tag-sub-angstrom","27":"product_tag-tragbares-messgeraet","28":"product_tag-vibrationsunempfindlich","29":"desktop-align-left","30":"tablet-align-center","31":"mobile-align-center","32":"ast-product-gallery-layout-horizontal-slider","33":"ast-product-gallery-with-no-image","34":"ast-magnify-disabled","35":"ast-product-tabs-layout-horizontal","37":"first","38":"instock","39":"virtual","40":"sold-individually","41":"purchasable","42":"product-type-simple"},"acf":[],"yoast_head":"<!-- This site is optimized with the Yoast SEO Premium plugin v27.2 (Yoast SEO v27.4) - https:\/\/yoast.com\/product\/yoast-seo-premium-wordpress\/ -->\n<title>Rauheitsmessger\u00e4t f\u00fcr Teleskop-Optiken - Soliton<\/title>\n<meta name=\"description\" content=\"Pr\u00e4zision-Profilometer NanoCam HD \u2013 ber\u00fchrungslose Oberfl\u00e4chenmessung mit sub-Angstr\u00f6m-Aufl\u00f6sung f\u00fcr Optik, Halbleiter und Materialwissenschaft.\" \/>\n<meta name=\"robots\" content=\"index, follow, max-snippet:-1, max-image-preview:large, max-video-preview:-1\" \/>\n<link rel=\"canonical\" href=\"https:\/\/soliton-gmbh.de\/en\/product\/nanocam\/\" \/>\n<meta property=\"og:locale\" content=\"en_US\" \/>\n<meta property=\"og:type\" content=\"article\" \/>\n<meta property=\"og:title\" content=\"Rauheitsmessger\u00e4t f\u00fcr Teleskop-Optiken\" \/>\n<meta property=\"og:description\" content=\"Pr\u00e4zision-Profilometer NanoCam HD \u2013 ber\u00fchrungslose Oberfl\u00e4chenmessung mit sub-Angstr\u00f6m-Aufl\u00f6sung f\u00fcr Optik, Halbleiter und Materialwissenschaft.\" \/>\n<meta property=\"og:url\" content=\"https:\/\/soliton-gmbh.de\/en\/product\/nanocam\/\" \/>\n<meta property=\"og:site_name\" content=\"Soliton Laser- und Messtechnik GmbH\" \/>\n<meta property=\"article:modified_time\" content=\"2026-03-06T14:26:23+00:00\" \/>\n<meta property=\"og:image\" content=\"https:\/\/soliton-gmbh.de\/wp-content\/uploads\/2023\/04\/4D16.jpg\" \/>\n\t<meta property=\"og:image:width\" content=\"1500\" \/>\n\t<meta property=\"og:image:height\" content=\"1501\" \/>\n\t<meta property=\"og:image:type\" content=\"image\/jpeg\" \/>\n<meta name=\"twitter:card\" content=\"summary_large_image\" \/>\n<meta name=\"twitter:label1\" content=\"Price\" \/>\n\t<meta name=\"twitter:data1\" content=\"&euro;0.00\" \/>\n\t<meta name=\"twitter:label2\" content=\"Availability\" \/>\n\t<meta name=\"twitter:data2\" content=\"In stock\" \/>\n<script type=\"application\/ld+json\" class=\"yoast-schema-graph\">{\"@context\":\"https:\\\/\\\/schema.org\",\"@graph\":[{\"@type\":\"WebPage\",\"@id\":\"https:\\\/\\\/soliton-gmbh.de\\\/produkt\\\/nanocam\\\/\",\"url\":\"https:\\\/\\\/soliton-gmbh.de\\\/produkt\\\/nanocam\\\/\",\"name\":\"Rauheitsmessger\u00e4t f\u00fcr Teleskop-Optiken - Soliton\",\"isPartOf\":{\"@id\":\"https:\\\/\\\/soliton-gmbh.de\\\/#website\"},\"primaryImageOfPage\":{\"@id\":\"https:\\\/\\\/soliton-gmbh.de\\\/produkt\\\/nanocam\\\/#primaryimage\"},\"image\":{\"@id\":\"https:\\\/\\\/soliton-gmbh.de\\\/produkt\\\/nanocam\\\/#primaryimage\"},\"thumbnailUrl\":\"https:\\\/\\\/soliton-gmbh.de\\\/wp-content\\\/uploads\\\/2023\\\/04\\\/4D16.jpg\",\"datePublished\":\"2023-04-19T11:39:18+00:00\",\"dateModified\":\"2026-03-06T14:26:23+00:00\",\"description\":\"Pr\u00e4zision-Profilometer NanoCam HD \u2013 ber\u00fchrungslose Oberfl\u00e4chenmessung mit sub-Angstr\u00f6m-Aufl\u00f6sung f\u00fcr Optik, Halbleiter und Materialwissenschaft.\",\"breadcrumb\":{\"@id\":\"https:\\\/\\\/soliton-gmbh.de\\\/produkt\\\/nanocam\\\/#breadcrumb\"},\"inLanguage\":\"en-US\",\"potentialAction\":[{\"@type\":\"ReadAction\",\"target\":[\"https:\\\/\\\/soliton-gmbh.de\\\/produkt\\\/nanocam\\\/\"]}]},{\"@type\":\"ImageObject\",\"inLanguage\":\"en-US\",\"@id\":\"https:\\\/\\\/soliton-gmbh.de\\\/produkt\\\/nanocam\\\/#primaryimage\",\"url\":\"https:\\\/\\\/soliton-gmbh.de\\\/wp-content\\\/uploads\\\/2023\\\/04\\\/4D16.jpg\",\"contentUrl\":\"https:\\\/\\\/soliton-gmbh.de\\\/wp-content\\\/uploads\\\/2023\\\/04\\\/4D16.jpg\",\"width\":1500,\"height\":1501,\"caption\":\"Pr\u00e4zision-Profilometer NanoCam HD \u2013 Hochpr\u00e4zises Messger\u00e4t zur ber\u00fchrungslosen Analyse von Oberfl\u00e4chenrauheiten\"},{\"@type\":\"BreadcrumbList\",\"@id\":\"https:\\\/\\\/soliton-gmbh.de\\\/produkt\\\/nanocam\\\/#breadcrumb\",\"itemListElement\":[{\"@type\":\"ListItem\",\"position\":1,\"name\":\"Startseite\",\"item\":\"https:\\\/\\\/soliton-gmbh.de\\\/\"},{\"@type\":\"ListItem\",\"position\":2,\"name\":\"Produkte\",\"item\":\"https:\\\/\\\/soliton-gmbh.de\\\/produkte\\\/\"},{\"@type\":\"ListItem\",\"position\":3,\"name\":\"Rauheitsmessger\u00e4t f\u00fcr Teleskop-Optiken\"}]},{\"@type\":\"WebSite\",\"@id\":\"https:\\\/\\\/soliton-gmbh.de\\\/#website\",\"url\":\"https:\\\/\\\/soliton-gmbh.de\\\/\",\"name\":\"Soliton Laser- und Messtechnik GmbH\",\"description\":\"\",\"publisher\":{\"@id\":\"https:\\\/\\\/soliton-gmbh.de\\\/#organization\"},\"potentialAction\":[{\"@type\":\"SearchAction\",\"target\":{\"@type\":\"EntryPoint\",\"urlTemplate\":\"https:\\\/\\\/soliton-gmbh.de\\\/?s={search_term_string}\"},\"query-input\":{\"@type\":\"PropertyValueSpecification\",\"valueRequired\":true,\"valueName\":\"search_term_string\"}}],\"inLanguage\":\"en-US\"},{\"@type\":\"Organization\",\"@id\":\"https:\\\/\\\/soliton-gmbh.de\\\/#organization\",\"name\":\"Soliton GmbH\",\"url\":\"https:\\\/\\\/soliton-gmbh.de\\\/\",\"logo\":{\"@type\":\"ImageObject\",\"inLanguage\":\"en-US\",\"@id\":\"https:\\\/\\\/soliton-gmbh.de\\\/#\\\/schema\\\/logo\\\/image\\\/\",\"url\":\"https:\\\/\\\/soliton-gmbh.de\\\/wp-content\\\/uploads\\\/2022\\\/08\\\/cropped-soliton-logo.png\",\"contentUrl\":\"https:\\\/\\\/soliton-gmbh.de\\\/wp-content\\\/uploads\\\/2022\\\/08\\\/cropped-soliton-logo.png\",\"width\":500,\"height\":350,\"caption\":\"Soliton GmbH\"},\"image\":{\"@id\":\"https:\\\/\\\/soliton-gmbh.de\\\/#\\\/schema\\\/logo\\\/image\\\/\"}}]}<\/script>\n<meta property=\"product:price:amount\" content=\"0.00\" \/>\n<meta property=\"product:price:currency\" content=\"EUR\" \/>\n<meta property=\"og:availability\" content=\"instock\" \/>\n<meta property=\"product:availability\" content=\"instock\" \/>\n<meta property=\"product:condition\" content=\"new\" \/>\n<!-- \/ Yoast SEO Premium plugin. -->","yoast_head_json":{"title":"Roughness measuring device for telescope optics - Soliton","description":"Precision profilometer NanoCam HD - non-contact surface measurement with sub-Angstrom resolution for optics, semiconductors and materials science.","robots":{"index":"index","follow":"follow","max-snippet":"max-snippet:-1","max-image-preview":"max-image-preview:large","max-video-preview":"max-video-preview:-1"},"canonical":"https:\/\/soliton-gmbh.de\/en\/product\/nanocam\/","og_locale":"en_US","og_type":"article","og_title":"Rauheitsmessger\u00e4t f\u00fcr Teleskop-Optiken","og_description":"Pr\u00e4zision-Profilometer NanoCam HD \u2013 ber\u00fchrungslose Oberfl\u00e4chenmessung mit sub-Angstr\u00f6m-Aufl\u00f6sung f\u00fcr Optik, Halbleiter und Materialwissenschaft.","og_url":"https:\/\/soliton-gmbh.de\/en\/product\/nanocam\/","og_site_name":"Soliton Laser- und Messtechnik GmbH","article_modified_time":"2026-03-06T14:26:23+00:00","og_image":[{"width":1500,"height":1501,"url":"https:\/\/soliton-gmbh.de\/wp-content\/uploads\/2023\/04\/4D16.jpg","type":"image\/jpeg"}],"twitter_card":"summary_large_image","twitter_misc":{"Price":"&euro;0.00","Availability":"In stock"},"schema":{"@context":"https:\/\/schema.org","@graph":[{"@type":"WebPage","@id":"https:\/\/soliton-gmbh.de\/produkt\/nanocam\/","url":"https:\/\/soliton-gmbh.de\/produkt\/nanocam\/","name":"Roughness measuring device for telescope optics - Soliton","isPartOf":{"@id":"https:\/\/soliton-gmbh.de\/#website"},"primaryImageOfPage":{"@id":"https:\/\/soliton-gmbh.de\/produkt\/nanocam\/#primaryimage"},"image":{"@id":"https:\/\/soliton-gmbh.de\/produkt\/nanocam\/#primaryimage"},"thumbnailUrl":"https:\/\/soliton-gmbh.de\/wp-content\/uploads\/2023\/04\/4D16.jpg","datePublished":"2023-04-19T11:39:18+00:00","dateModified":"2026-03-06T14:26:23+00:00","description":"Precision profilometer NanoCam HD - non-contact surface measurement with sub-Angstrom resolution for optics, semiconductors and materials science.","breadcrumb":{"@id":"https:\/\/soliton-gmbh.de\/produkt\/nanocam\/#breadcrumb"},"inLanguage":"en-US","potentialAction":[{"@type":"ReadAction","target":["https:\/\/soliton-gmbh.de\/produkt\/nanocam\/"]}]},{"@type":"ImageObject","inLanguage":"en-US","@id":"https:\/\/soliton-gmbh.de\/produkt\/nanocam\/#primaryimage","url":"https:\/\/soliton-gmbh.de\/wp-content\/uploads\/2023\/04\/4D16.jpg","contentUrl":"https:\/\/soliton-gmbh.de\/wp-content\/uploads\/2023\/04\/4D16.jpg","width":1500,"height":1501,"caption":"Pr\u00e4zision-Profilometer NanoCam HD \u2013 Hochpr\u00e4zises Messger\u00e4t zur ber\u00fchrungslosen Analyse von Oberfl\u00e4chenrauheiten"},{"@type":"BreadcrumbList","@id":"https:\/\/soliton-gmbh.de\/produkt\/nanocam\/#breadcrumb","itemListElement":[{"@type":"ListItem","position":1,"name":"Startseite","item":"https:\/\/soliton-gmbh.de\/"},{"@type":"ListItem","position":2,"name":"Produkte","item":"https:\/\/soliton-gmbh.de\/produkte\/"},{"@type":"ListItem","position":3,"name":"Rauheitsmessger\u00e4t f\u00fcr Teleskop-Optiken"}]},{"@type":"WebSite","@id":"https:\/\/soliton-gmbh.de\/#website","url":"https:\/\/soliton-gmbh.de\/","name":"Soliton Laser- und Messtechnik GmbH","description":"","publisher":{"@id":"https:\/\/soliton-gmbh.de\/#organization"},"potentialAction":[{"@type":"SearchAction","target":{"@type":"EntryPoint","urlTemplate":"https:\/\/soliton-gmbh.de\/?s={search_term_string}"},"query-input":{"@type":"PropertyValueSpecification","valueRequired":true,"valueName":"search_term_string"}}],"inLanguage":"en-US"},{"@type":"Organization","@id":"https:\/\/soliton-gmbh.de\/#organization","name":"Soliton GmbH","url":"https:\/\/soliton-gmbh.de\/","logo":{"@type":"ImageObject","inLanguage":"en-US","@id":"https:\/\/soliton-gmbh.de\/#\/schema\/logo\/image\/","url":"https:\/\/soliton-gmbh.de\/wp-content\/uploads\/2022\/08\/cropped-soliton-logo.png","contentUrl":"https:\/\/soliton-gmbh.de\/wp-content\/uploads\/2022\/08\/cropped-soliton-logo.png","width":500,"height":350,"caption":"Soliton GmbH"},"image":{"@id":"https:\/\/soliton-gmbh.de\/#\/schema\/logo\/image\/"}}]},"product_price_amount":"0.00","product_price_currency":"EUR","og_availability":"instock","product_availability":"instock","product_condition":"new"},"uagb_featured_image_src":{"full":["https:\/\/soliton-gmbh.de\/wp-content\/uploads\/2023\/04\/4D16.jpg",1500,1501,false],"thumbnail":["https:\/\/soliton-gmbh.de\/wp-content\/uploads\/2023\/04\/4D16-150x150.jpg",150,150,true],"medium":["https:\/\/soliton-gmbh.de\/wp-content\/uploads\/2023\/04\/4D16-300x300.jpg",300,300,true],"medium_large":["https:\/\/soliton-gmbh.de\/wp-content\/uploads\/2023\/04\/4D16-768x769.jpg",768,769,true],"large":["https:\/\/soliton-gmbh.de\/wp-content\/uploads\/2023\/04\/4D16-1024x1024.jpg",1024,1024,true],"1536x1536":["https:\/\/soliton-gmbh.de\/wp-content\/uploads\/2023\/04\/4D16.jpg",1500,1501,false],"2048x2048":["https:\/\/soliton-gmbh.de\/wp-content\/uploads\/2023\/04\/4D16.jpg",1500,1501,false],"trp-custom-language-flag":["https:\/\/soliton-gmbh.de\/wp-content\/uploads\/2023\/04\/4D16-12x12.jpg",12,12,true],"woocommerce_thumbnail":["https:\/\/soliton-gmbh.de\/wp-content\/uploads\/2023\/04\/4D16-600x600.jpg",600,600,true],"woocommerce_single":["https:\/\/soliton-gmbh.de\/wp-content\/uploads\/2023\/04\/4D16-1200x1201.jpg",1200,1201,true],"woocommerce_gallery_thumbnail":["https:\/\/soliton-gmbh.de\/wp-content\/uploads\/2023\/04\/4D16-300x300.jpg",300,300,true]},"uagb_author_info":{"display_name":"Simon Zimmermann","author_link":"https:\/\/soliton-gmbh.de\/en\/author\/"},"uagb_comment_info":0,"uagb_excerpt":"Rauheitsmessung nach ISO 25178 Quantifizierung kleinster Rauheiten -&gt; bis 1 \u00c5 \u00dcberwachung Produktionsprozess Handheld-, Workstation- oder Roboterbetrieb unabh\u00e4ngig von Vibrationen Ansprechpartner: Hr. Thomas Walter","_links":{"self":[{"href":"https:\/\/soliton-gmbh.de\/en\/wp-json\/wp\/v2\/product\/5745","targetHints":{"allow":["GET"]}}],"collection":[{"href":"https:\/\/soliton-gmbh.de\/en\/wp-json\/wp\/v2\/product"}],"about":[{"href":"https:\/\/soliton-gmbh.de\/en\/wp-json\/wp\/v2\/types\/product"}],"wp:featuredmedia":[{"embeddable":true,"href":"https:\/\/soliton-gmbh.de\/en\/wp-json\/wp\/v2\/media\/9439"}],"wp:attachment":[{"href":"https:\/\/soliton-gmbh.de\/en\/wp-json\/wp\/v2\/media?parent=5745"}],"wp:term":[{"taxonomy":"product_brand","embeddable":true,"href":"https:\/\/soliton-gmbh.de\/en\/wp-json\/wp\/v2\/product_brand?post=5745"},{"taxonomy":"product_cat","embeddable":true,"href":"https:\/\/soliton-gmbh.de\/en\/wp-json\/wp\/v2\/product_cat?post=5745"},{"taxonomy":"product_tag","embeddable":true,"href":"https:\/\/soliton-gmbh.de\/en\/wp-json\/wp\/v2\/product_tag?post=5745"}],"curies":[{"name":"wp","href":"https:\/\/api.w.org\/{rel}","templated":true}]}}