{"id":5735,"date":"2023-04-17T15:46:12","date_gmt":"2023-04-17T13:46:12","guid":{"rendered":"https:\/\/soliton.selectcode.io\/?post_type=product&#038;p=5735"},"modified":"2026-04-14T23:58:16","modified_gmt":"2026-04-14T21:58:16","slug":"microfluidics","status":"publish","type":"product","link":"https:\/\/soliton-gmbh.de\/en\/produkt\/mikrofluidik\/","title":{"rendered":"Production of microfluidic chips from glass"},"content":{"rendered":"<h1>Precise glass processing for the production of glass microfluidic chips<\/h1>\n<p>The production of microfluidic chips made of glass is becoming increasingly important, as glass offers excellent chemical resistance, optical transparency and mechanical stability. Many industries therefore rely on glass as a substrate material. However, traditional processing methods are reaching their limits, for example in terms of miniaturization, the high level of post-processing required and the associated costs.<\/p>\n<h2>The Citrogene Solution\u2122 - progress in glass micromachining<\/h2>\n<p>With the Citrogene Solution\u2122, Citrogene has developed a proprietary manufacturing process that enables high-precision microstructures in brittle materials. The process is based on an ultra-fast solid-state laser in combination with a specially developed post-processing technology. This allows microstructures to be machined directly from the base material without damaging it or the extracted parts.<\/p>\n<h2>Technical advantages of the Citrogene Solution\u2122<\/h2>\n<p>Processing is fast, cost-efficient and scalable. Clean components of almost any shape are produced without deposits. The high bending strength of the glass is retained and the cut surfaces are almost vertical with a surface roughness of less than 600 nm in most cases. The process therefore enables high-precision production with minimal post-processing.<\/p>\n<h2>Compatible materials and formats<\/h2>\n<p>The Citrogene Solution\u2122 is compatible with a wide range of brittle materials, including quartz, fused silica, borofloat, soda lime, alkali-free barium boroaluminosilicate, aluminosilicate and borosilicate. Wafers with thicknesses of 30 \u00b5m to 3 mm and diameters of up to 300 mm can be processed. The process can therefore be used flexibly for different production requirements.<\/p>\n<h2>Typical areas of application<\/h2>\n<p>Glass microfluidic chips are used in biotechnology, medical technology, chemical analysis and lab-on-a-chip systems. Thanks to the high precision of the Citrogene Solution\u2122, complex channel structures and microcomponents required for modern microfluidic systems can be realized.<\/p>\n<h2>Contact and advice<\/h2>\n<p>For detailed technical information and a customized solution, we will be happy to provide you with a quote. Visit our product page. Further information on microfluidic production can be found at <a href=\"https:\/\/spie.org\/\">SPIE - The International Society for Optics and Photonics<\/a>.<\/p>","protected":false},"excerpt":{"rendered":"<p><a href=\"https:\/\/soliton-gmbh.de\/wp-content\/uploads\/2023\/04\/Citrogen-Logo.png\"><img loading=\"lazy\" decoding=\"async\" class=\"alignnone wp-image-5739\" src=\"https:\/\/soliton-gmbh.de\/wp-content\/uploads\/2023\/04\/Citrogen-Logo.png\" alt=\"\" width=\"142\" height=\"30\" srcset=\"https:\/\/soliton-gmbh.de\/wp-content\/uploads\/2023\/04\/Citrogen-Logo.png 1000w, https:\/\/soliton-gmbh.de\/wp-content\/uploads\/2023\/04\/Citrogen-Logo-600x127.png 600w, https:\/\/soliton-gmbh.de\/wp-content\/uploads\/2023\/04\/Citrogen-Logo-300x63.png 300w, https:\/\/soliton-gmbh.de\/wp-content\/uploads\/2023\/04\/Citrogen-Logo-768x162.png 768w, https:\/\/soliton-gmbh.de\/wp-content\/uploads\/2023\/04\/Citrogen-Logo-18x4.png 18w\" sizes=\"auto, (max-width: 142px) 100vw, 142px\" \/><\/a><\/p>\n<ul>\n<li>Short pulse laser manufacturing<\/li>\n<li>Production according to user specifications<\/li>\n<li>Bonding of glass layers<\/li>\n<li>Special laser process<\/li>\n<\/ul>","protected":false},"featured_media":5737,"template":"","meta":{"_acf_changed":false,"_uag_custom_page_level_css":"","site-sidebar-layout":"default","site-content-layout":"default","ast-site-content-layout":"default","site-content-style":"default","site-sidebar-style":"default","ast-global-header-display":"","ast-banner-title-visibility":"","ast-main-header-display":"","ast-hfb-above-header-display":"","ast-hfb-below-header-display":"","ast-hfb-mobile-header-display":"","site-post-title":"","ast-breadcrumbs-content":"","ast-featured-img":"","footer-sml-layout":"","ast-disable-related-posts":"","theme-transparent-header-meta":"default","adv-header-id-meta":"","stick-header-meta":"default","header-above-stick-meta":"","header-main-stick-meta":"","header-below-stick-meta":"","astra-migrate-meta-layouts":"set","ast-page-background-enabled":"default","ast-page-background-meta":{"desktop":{"background-color":"","background-image":"","background-repeat":"repeat","background-position":"center center","background-size":"auto","background-attachment":"scroll","background-type":"","background-media":"","overlay-type":"","overlay-color":"","overlay-opacity":"","overlay-gradient":""},"tablet":{"background-color":"","background-image":"","background-repeat":"repeat","background-position":"center center","background-size":"auto","background-attachment":"scroll","background-type":"","background-media":"","overlay-type":"","overlay-color":"","overlay-opacity":"","overlay-gradient":""},"mobile":{"background-color":"","background-image":"","background-repeat":"repeat","background-position":"center center","background-size":"auto","background-attachment":"scroll","background-type":"","background-media":"","overlay-type":"","overlay-color":"","overlay-opacity":"","overlay-gradient":""}},"ast-content-background-meta":{"desktop":{"background-color":"var(--ast-global-color-5)","background-image":"","background-repeat":"repeat","background-position":"center center","background-size":"auto","background-attachment":"scroll","background-type":"","background-media":"","overlay-type":"","overlay-color":"","overlay-opacity":"","overlay-gradient":""},"tablet":{"background-color":"var(--ast-global-color-5)","background-image":"","background-repeat":"repeat","background-position":"center center","background-size":"auto","background-attachment":"scroll","background-type":"","background-media":"","overlay-type":"","overlay-color":"","overlay-opacity":"","overlay-gradient":""},"mobile":{"background-color":"var(--ast-global-color-5)","background-image":"","background-repeat":"repeat","background-position":"center center","background-size":"auto","background-attachment":"scroll","background-type":"","background-media":"","overlay-type":"","overlay-color":"","overlay-opacity":"","overlay-gradient":""}}},"product_brand":[1622],"product_cat":[28,327],"product_tag":[],"class_list":{"0":"post-5735","1":"product","2":"type-product","3":"status-publish","4":"has-post-thumbnail","6":"product_brand-citrogene","7":"product_cat-analytik","8":"product_cat-mikrofluidik","9":"desktop-align-left","10":"tablet-align-center","11":"mobile-align-center","12":"ast-product-gallery-layout-horizontal-slider","13":"ast-product-gallery-with-no-image","14":"ast-magnify-disabled","15":"ast-product-tabs-layout-horizontal","17":"first","18":"instock","19":"virtual","20":"sold-individually","21":"purchasable","22":"product-type-simple"},"acf":[],"yoast_head":"<!-- This site is optimized with the Yoast SEO Premium plugin v27.2 (Yoast SEO v27.6) - https:\/\/yoast.com\/product\/yoast-seo-premium-wordpress\/ -->\n<title>Fertigung von Mikrofluidik-Chips aus Glas - Soliton<\/title>\n<meta name=\"description\" content=\"Fertigung von Mikrofluidik-Chips aus Glas mit Citrogene Solution\u2122. Pr\u00e4zise, saubere Strukturen ohne Ablagerungen f\u00fcr Biotechnologie, Medizin und Analytik.\" \/>\n<meta name=\"robots\" content=\"index, follow, max-snippet:-1, max-image-preview:large, max-video-preview:-1\" \/>\n<link rel=\"canonical\" href=\"https:\/\/soliton-gmbh.de\/en\/product\/microfluidics\/\" \/>\n<meta property=\"og:locale\" content=\"en_US\" \/>\n<meta property=\"og:type\" content=\"article\" \/>\n<meta property=\"og:title\" content=\"Fertigung von Mikrofluidik-Chips aus Glas\" \/>\n<meta property=\"og:description\" content=\"Fertigung von Mikrofluidik-Chips aus Glas mit Citrogene Solution\u2122. Pr\u00e4zise, saubere Strukturen ohne Ablagerungen f\u00fcr Biotechnologie, Medizin und Analytik.\" \/>\n<meta property=\"og:url\" content=\"https:\/\/soliton-gmbh.de\/en\/product\/microfluidics\/\" \/>\n<meta property=\"og:site_name\" content=\"Soliton Laser- und Messtechnik GmbH\" \/>\n<meta property=\"article:modified_time\" content=\"2026-04-14T21:58:16+00:00\" \/>\n<meta property=\"og:image\" content=\"https:\/\/soliton-gmbh.de\/wp-content\/uploads\/2023\/04\/Fluid-1.jpg\" \/>\n\t<meta property=\"og:image:width\" content=\"1500\" \/>\n\t<meta property=\"og:image:height\" content=\"1196\" \/>\n\t<meta property=\"og:image:type\" content=\"image\/jpeg\" \/>\n<meta name=\"twitter:card\" content=\"summary_large_image\" \/>\n<meta name=\"twitter:label1\" content=\"Price\" \/>\n\t<meta name=\"twitter:data1\" content=\"&euro;0.00\" \/>\n\t<meta name=\"twitter:label2\" content=\"Availability\" \/>\n\t<meta name=\"twitter:data2\" content=\"In stock\" \/>\n<script type=\"application\/ld+json\" class=\"yoast-schema-graph\">{\"@context\":\"https:\\\/\\\/schema.org\",\"@graph\":[{\"@type\":\"WebPage\",\"@id\":\"https:\\\/\\\/soliton-gmbh.de\\\/produkt\\\/mikrofluidik\\\/\",\"url\":\"https:\\\/\\\/soliton-gmbh.de\\\/produkt\\\/mikrofluidik\\\/\",\"name\":\"Fertigung von Mikrofluidik-Chips aus Glas - Soliton\",\"isPartOf\":{\"@id\":\"https:\\\/\\\/soliton-gmbh.de\\\/#website\"},\"primaryImageOfPage\":{\"@id\":\"https:\\\/\\\/soliton-gmbh.de\\\/produkt\\\/mikrofluidik\\\/#primaryimage\"},\"image\":{\"@id\":\"https:\\\/\\\/soliton-gmbh.de\\\/produkt\\\/mikrofluidik\\\/#primaryimage\"},\"thumbnailUrl\":\"https:\\\/\\\/soliton-gmbh.de\\\/wp-content\\\/uploads\\\/2023\\\/04\\\/Fluid-1.jpg\",\"datePublished\":\"2023-04-17T13:46:12+00:00\",\"dateModified\":\"2026-04-14T21:58:16+00:00\",\"description\":\"Fertigung von Mikrofluidik-Chips aus Glas mit Citrogene Solution\u2122. Pr\u00e4zise, saubere Strukturen ohne Ablagerungen f\u00fcr Biotechnologie, Medizin und Analytik.\",\"breadcrumb\":{\"@id\":\"https:\\\/\\\/soliton-gmbh.de\\\/produkt\\\/mikrofluidik\\\/#breadcrumb\"},\"inLanguage\":\"en-US\",\"potentialAction\":[{\"@type\":\"ReadAction\",\"target\":[\"https:\\\/\\\/soliton-gmbh.de\\\/produkt\\\/mikrofluidik\\\/\"]}]},{\"@type\":\"ImageObject\",\"inLanguage\":\"en-US\",\"@id\":\"https:\\\/\\\/soliton-gmbh.de\\\/produkt\\\/mikrofluidik\\\/#primaryimage\",\"url\":\"https:\\\/\\\/soliton-gmbh.de\\\/wp-content\\\/uploads\\\/2023\\\/04\\\/Fluid-1.jpg\",\"contentUrl\":\"https:\\\/\\\/soliton-gmbh.de\\\/wp-content\\\/uploads\\\/2023\\\/04\\\/Fluid-1.jpg\",\"width\":1500,\"height\":1196,\"caption\":\"Mikrofluidik-Chip aus Glas, gefertigt mit der Citrogene Solution\u2122 f\u00fcr hochpr\u00e4zise Strukturen und glatte Schnittfl\u00e4chen.\"},{\"@type\":\"BreadcrumbList\",\"@id\":\"https:\\\/\\\/soliton-gmbh.de\\\/produkt\\\/mikrofluidik\\\/#breadcrumb\",\"itemListElement\":[{\"@type\":\"ListItem\",\"position\":1,\"name\":\"Startseite\",\"item\":\"https:\\\/\\\/soliton-gmbh.de\\\/\"},{\"@type\":\"ListItem\",\"position\":2,\"name\":\"Produkte\",\"item\":\"https:\\\/\\\/soliton-gmbh.de\\\/produkte\\\/\"},{\"@type\":\"ListItem\",\"position\":3,\"name\":\"Fertigung von Mikrofluidik-Chips aus Glas\"}]},{\"@type\":\"WebSite\",\"@id\":\"https:\\\/\\\/soliton-gmbh.de\\\/#website\",\"url\":\"https:\\\/\\\/soliton-gmbh.de\\\/\",\"name\":\"Soliton Laser- und Messtechnik GmbH\",\"description\":\"\",\"publisher\":{\"@id\":\"https:\\\/\\\/soliton-gmbh.de\\\/#organization\"},\"potentialAction\":[{\"@type\":\"SearchAction\",\"target\":{\"@type\":\"EntryPoint\",\"urlTemplate\":\"https:\\\/\\\/soliton-gmbh.de\\\/?s={search_term_string}\"},\"query-input\":{\"@type\":\"PropertyValueSpecification\",\"valueRequired\":true,\"valueName\":\"search_term_string\"}}],\"inLanguage\":\"en-US\"},{\"@type\":\"Organization\",\"@id\":\"https:\\\/\\\/soliton-gmbh.de\\\/#organization\",\"name\":\"Soliton GmbH\",\"url\":\"https:\\\/\\\/soliton-gmbh.de\\\/\",\"logo\":{\"@type\":\"ImageObject\",\"inLanguage\":\"en-US\",\"@id\":\"https:\\\/\\\/soliton-gmbh.de\\\/#\\\/schema\\\/logo\\\/image\\\/\",\"url\":\"https:\\\/\\\/soliton-gmbh.de\\\/wp-content\\\/uploads\\\/2022\\\/08\\\/cropped-soliton-logo.png\",\"contentUrl\":\"https:\\\/\\\/soliton-gmbh.de\\\/wp-content\\\/uploads\\\/2022\\\/08\\\/cropped-soliton-logo.png\",\"width\":500,\"height\":350,\"caption\":\"Soliton GmbH\"},\"image\":{\"@id\":\"https:\\\/\\\/soliton-gmbh.de\\\/#\\\/schema\\\/logo\\\/image\\\/\"}}]}<\/script>\n<meta property=\"product:price:amount\" content=\"0.00\" \/>\n<meta property=\"product:price:currency\" content=\"EUR\" \/>\n<meta property=\"og:availability\" content=\"instock\" \/>\n<meta property=\"product:availability\" content=\"instock\" \/>\n<meta property=\"product:condition\" content=\"new\" \/>\n<!-- \/ Yoast SEO Premium plugin. -->","yoast_head_json":{"title":"Production of glass microfluidic chips - Soliton","description":"Production of glass microfluidic chips with Citrogene Solution\u2122. Precise, clean structures without deposits for biotechnology, medicine and analytics.","robots":{"index":"index","follow":"follow","max-snippet":"max-snippet:-1","max-image-preview":"max-image-preview:large","max-video-preview":"max-video-preview:-1"},"canonical":"https:\/\/soliton-gmbh.de\/en\/product\/microfluidics\/","og_locale":"en_US","og_type":"article","og_title":"Fertigung von Mikrofluidik-Chips aus Glas","og_description":"Fertigung von Mikrofluidik-Chips aus Glas mit Citrogene Solution\u2122. Pr\u00e4zise, saubere Strukturen ohne Ablagerungen f\u00fcr Biotechnologie, Medizin und Analytik.","og_url":"https:\/\/soliton-gmbh.de\/en\/product\/microfluidics\/","og_site_name":"Soliton Laser- und Messtechnik GmbH","article_modified_time":"2026-04-14T21:58:16+00:00","og_image":[{"width":1500,"height":1196,"url":"https:\/\/soliton-gmbh.de\/wp-content\/uploads\/2023\/04\/Fluid-1.jpg","type":"image\/jpeg"}],"twitter_card":"summary_large_image","twitter_misc":{"Price":"&euro;0.00","Availability":"In stock"},"schema":{"@context":"https:\/\/schema.org","@graph":[{"@type":"WebPage","@id":"https:\/\/soliton-gmbh.de\/produkt\/mikrofluidik\/","url":"https:\/\/soliton-gmbh.de\/produkt\/mikrofluidik\/","name":"Production of glass microfluidic chips - Soliton","isPartOf":{"@id":"https:\/\/soliton-gmbh.de\/#website"},"primaryImageOfPage":{"@id":"https:\/\/soliton-gmbh.de\/produkt\/mikrofluidik\/#primaryimage"},"image":{"@id":"https:\/\/soliton-gmbh.de\/produkt\/mikrofluidik\/#primaryimage"},"thumbnailUrl":"https:\/\/soliton-gmbh.de\/wp-content\/uploads\/2023\/04\/Fluid-1.jpg","datePublished":"2023-04-17T13:46:12+00:00","dateModified":"2026-04-14T21:58:16+00:00","description":"Production of glass microfluidic chips with Citrogene Solution\u2122. Precise, clean structures without deposits for biotechnology, medicine and analytics.","breadcrumb":{"@id":"https:\/\/soliton-gmbh.de\/produkt\/mikrofluidik\/#breadcrumb"},"inLanguage":"en-US","potentialAction":[{"@type":"ReadAction","target":["https:\/\/soliton-gmbh.de\/produkt\/mikrofluidik\/"]}]},{"@type":"ImageObject","inLanguage":"en-US","@id":"https:\/\/soliton-gmbh.de\/produkt\/mikrofluidik\/#primaryimage","url":"https:\/\/soliton-gmbh.de\/wp-content\/uploads\/2023\/04\/Fluid-1.jpg","contentUrl":"https:\/\/soliton-gmbh.de\/wp-content\/uploads\/2023\/04\/Fluid-1.jpg","width":1500,"height":1196,"caption":"Mikrofluidik-Chip aus Glas, gefertigt mit der Citrogene Solution\u2122 f\u00fcr hochpr\u00e4zise Strukturen und glatte Schnittfl\u00e4chen."},{"@type":"BreadcrumbList","@id":"https:\/\/soliton-gmbh.de\/produkt\/mikrofluidik\/#breadcrumb","itemListElement":[{"@type":"ListItem","position":1,"name":"Startseite","item":"https:\/\/soliton-gmbh.de\/"},{"@type":"ListItem","position":2,"name":"Produkte","item":"https:\/\/soliton-gmbh.de\/produkte\/"},{"@type":"ListItem","position":3,"name":"Fertigung von Mikrofluidik-Chips aus Glas"}]},{"@type":"WebSite","@id":"https:\/\/soliton-gmbh.de\/#website","url":"https:\/\/soliton-gmbh.de\/","name":"Soliton Laser- und Messtechnik GmbH","description":"","publisher":{"@id":"https:\/\/soliton-gmbh.de\/#organization"},"potentialAction":[{"@type":"SearchAction","target":{"@type":"EntryPoint","urlTemplate":"https:\/\/soliton-gmbh.de\/?s={search_term_string}"},"query-input":{"@type":"PropertyValueSpecification","valueRequired":true,"valueName":"search_term_string"}}],"inLanguage":"en-US"},{"@type":"Organization","@id":"https:\/\/soliton-gmbh.de\/#organization","name":"Soliton GmbH","url":"https:\/\/soliton-gmbh.de\/","logo":{"@type":"ImageObject","inLanguage":"en-US","@id":"https:\/\/soliton-gmbh.de\/#\/schema\/logo\/image\/","url":"https:\/\/soliton-gmbh.de\/wp-content\/uploads\/2022\/08\/cropped-soliton-logo.png","contentUrl":"https:\/\/soliton-gmbh.de\/wp-content\/uploads\/2022\/08\/cropped-soliton-logo.png","width":500,"height":350,"caption":"Soliton GmbH"},"image":{"@id":"https:\/\/soliton-gmbh.de\/#\/schema\/logo\/image\/"}}]},"product_price_amount":"0.00","product_price_currency":"EUR","og_availability":"instock","product_availability":"instock","product_condition":"new"},"uagb_featured_image_src":{"full":["https:\/\/soliton-gmbh.de\/wp-content\/uploads\/2023\/04\/Fluid-1.jpg",1500,1196,false],"thumbnail":["https:\/\/soliton-gmbh.de\/wp-content\/uploads\/2023\/04\/Fluid-1-150x150.jpg",150,150,true],"medium":["https:\/\/soliton-gmbh.de\/wp-content\/uploads\/2023\/04\/Fluid-1-300x239.jpg",300,239,true],"medium_large":["https:\/\/soliton-gmbh.de\/wp-content\/uploads\/2023\/04\/Fluid-1-768x612.jpg",768,612,true],"large":["https:\/\/soliton-gmbh.de\/wp-content\/uploads\/2023\/04\/Fluid-1-1024x816.jpg",1024,816,true],"1536x1536":["https:\/\/soliton-gmbh.de\/wp-content\/uploads\/2023\/04\/Fluid-1.jpg",1500,1196,false],"2048x2048":["https:\/\/soliton-gmbh.de\/wp-content\/uploads\/2023\/04\/Fluid-1.jpg",1500,1196,false],"trp-custom-language-flag":["https:\/\/soliton-gmbh.de\/wp-content\/uploads\/2023\/04\/Fluid-1-15x12.jpg",15,12,true],"woocommerce_thumbnail":["https:\/\/soliton-gmbh.de\/wp-content\/uploads\/2023\/04\/Fluid-1-600x478.jpg",600,478,true],"woocommerce_single":["https:\/\/soliton-gmbh.de\/wp-content\/uploads\/2023\/04\/Fluid-1-1200x957.jpg",1200,957,true],"woocommerce_gallery_thumbnail":["https:\/\/soliton-gmbh.de\/wp-content\/uploads\/2023\/04\/Fluid-1-300x300.jpg",300,300,true]},"uagb_author_info":{"display_name":"Daniel Wagner","author_link":"https:\/\/soliton-gmbh.de\/en\/author\/"},"uagb_comment_info":0,"uagb_excerpt":"Kurzpuls Laserfertigung Fertigung nach Anwendervorgaben Bonding von Glasschichten Spezieller Laserprozess","_links":{"self":[{"href":"https:\/\/soliton-gmbh.de\/en\/wp-json\/wp\/v2\/product\/5735","targetHints":{"allow":["GET"]}}],"collection":[{"href":"https:\/\/soliton-gmbh.de\/en\/wp-json\/wp\/v2\/product"}],"about":[{"href":"https:\/\/soliton-gmbh.de\/en\/wp-json\/wp\/v2\/types\/product"}],"wp:featuredmedia":[{"embeddable":true,"href":"https:\/\/soliton-gmbh.de\/en\/wp-json\/wp\/v2\/media\/5737"}],"wp:attachment":[{"href":"https:\/\/soliton-gmbh.de\/en\/wp-json\/wp\/v2\/media?parent=5735"}],"wp:term":[{"taxonomy":"product_brand","embeddable":true,"href":"https:\/\/soliton-gmbh.de\/en\/wp-json\/wp\/v2\/product_brand?post=5735"},{"taxonomy":"product_cat","embeddable":true,"href":"https:\/\/soliton-gmbh.de\/en\/wp-json\/wp\/v2\/product_cat?post=5735"},{"taxonomy":"product_tag","embeddable":true,"href":"https:\/\/soliton-gmbh.de\/en\/wp-json\/wp\/v2\/product_tag?post=5735"}],"curies":[{"name":"wp","href":"https:\/\/api.w.org\/{rel}","templated":true}]}}