{"id":5717,"date":"2023-04-03T19:49:18","date_gmt":"2023-04-03T17:49:18","guid":{"rendered":"https:\/\/soliton.selectcode.io\/?post_type=product&#038;p=5717"},"modified":"2025-04-25T12:09:47","modified_gmt":"2025-04-25T10:09:47","slug":"surfspec","status":"publish","type":"product","link":"https:\/\/soliton-gmbh.de\/en\/produkt\/surfspec\/","title":{"rendered":"Roughness measurement on coatings"},"content":{"rendered":"<p style=\"font-weight: 400;\">The company&#039;s brand new SurfSpec <strong>4D Technology<\/strong> is an interferometer developed for the automotive and coatings market to measure roughness and waviness on sheet metal, coatings and many other materials. It can be guided by hand and used in demanding everyday production without any problems.<\/p>\n<p>In less than 30 seconds, a meaningful measurement can be carried out with the largest currently available &quot;Field of View&quot; of 16 x16 mm with nanometer accuracy. Coupled to an object, the system is insensitive to vibration. This measuring device also offers the possibility of generating precise measurements directly in production and is therefore independent of the measuring room.<\/p>\n<p>With this system, the control and evaluation of the data is carried out using the 4Sight software for roughness and the extensive Bandify 3D software package, which allows an optical appearance to be evaluated for the first time.<\/p>","protected":false},"excerpt":{"rendered":"<p><a href=\"https:\/\/soliton-gmbh.de\/wp-content\/uploads\/2023\/04\/4D-Logo-2022.png\"><img loading=\"lazy\" decoding=\"async\" class=\"alignnone wp-image-5720\" src=\"https:\/\/soliton-gmbh.de\/wp-content\/uploads\/2023\/04\/4D-Logo-2022-300x78.png\" alt=\"\" width=\"200\" height=\"52\" srcset=\"https:\/\/soliton-gmbh.de\/wp-content\/uploads\/2023\/04\/4D-Logo-2022-300x78.png 300w, https:\/\/soliton-gmbh.de\/wp-content\/uploads\/2023\/04\/4D-Logo-2022-600x156.png 600w, https:\/\/soliton-gmbh.de\/wp-content\/uploads\/2023\/04\/4D-Logo-2022-1200x312.png 1200w, https:\/\/soliton-gmbh.de\/wp-content\/uploads\/2023\/04\/4D-Logo-2022-1024x266.png 1024w, https:\/\/soliton-gmbh.de\/wp-content\/uploads\/2023\/04\/4D-Logo-2022-768x200.png 768w, https:\/\/soliton-gmbh.de\/wp-content\/uploads\/2023\/04\/4D-Logo-2022-1536x399.png 1536w, https:\/\/soliton-gmbh.de\/wp-content\/uploads\/2023\/04\/4D-Logo-2022-2048x532.png 2048w, https:\/\/soliton-gmbh.de\/wp-content\/uploads\/2023\/04\/4D-Logo-2022-18x5.png 18w\" sizes=\"auto, (max-width: 200px) 100vw, 200px\" \/><\/a><\/p>\n<ul>\n<li>Quantification of roughness and waviness<\/li>\n<li style=\"font-weight: 400;\">Production process monitoring<\/li>\n<li style=\"font-weight: 400;\">Evaluation of optical impressions of surfaces<\/li>\n<li>Developed for coatings and paints<\/li>\n<\/ul>\n<p>Contact person: Michael Zerbin<\/p>","protected":false},"featured_media":6040,"template":"","meta":{"_acf_changed":false,"_uag_custom_page_level_css":"","site-sidebar-layout":"default","site-content-layout":"default","ast-site-content-layout":"default","site-content-style":"default","site-sidebar-style":"default","ast-global-header-display":"","ast-banner-title-visibility":"","ast-main-header-display":"","ast-hfb-above-header-display":"","ast-hfb-below-header-display":"","ast-hfb-mobile-header-display":"","site-post-title":"","ast-breadcrumbs-content":"","ast-featured-img":"","footer-sml-layout":"","ast-disable-related-posts":"","theme-transparent-header-meta":"default","adv-header-id-meta":"","stick-header-meta":"default","header-above-stick-meta":"","header-main-stick-meta":"","header-below-stick-meta":"","astra-migrate-meta-layouts":"set","ast-page-background-enabled":"default","ast-page-background-meta":{"desktop":{"background-color":"","background-image":"","background-repeat":"repeat","background-position":"center center","background-size":"auto","background-attachment":"scroll","background-type":"","background-media":"","overlay-type":"","overlay-color":"","overlay-opacity":"","overlay-gradient":""},"tablet":{"background-color":"","background-image":"","background-repeat":"repeat","background-position":"center center","background-size":"auto","background-attachment":"scroll","background-type":"","background-media":"","overlay-type":"","overlay-color":"","overlay-opacity":"","overlay-gradient":""},"mobile":{"background-color":"","background-image":"","background-repeat":"repeat","background-position":"center center","background-size":"auto","background-attachment":"scroll","background-type":"","background-media":"","overlay-type":"","overlay-color":"","overlay-opacity":"","overlay-gradient":""}},"ast-content-background-meta":{"desktop":{"background-color":"var(--ast-global-color-5)","background-image":"","background-repeat":"repeat","background-position":"center center","background-size":"auto","background-attachment":"scroll","background-type":"","background-media":"","overlay-type":"","overlay-color":"","overlay-opacity":"","overlay-gradient":""},"tablet":{"background-color":"var(--ast-global-color-5)","background-image":"","background-repeat":"repeat","background-position":"center center","background-size":"auto","background-attachment":"scroll","background-type":"","background-media":"","overlay-type":"","overlay-color":"","overlay-opacity":"","overlay-gradient":""},"mobile":{"background-color":"var(--ast-global-color-5)","background-image":"","background-repeat":"repeat","background-position":"center center","background-size":"auto","background-attachment":"scroll","background-type":"","background-media":"","overlay-type":"","overlay-color":"","overlay-opacity":"","overlay-gradient":""}}},"product_brand":[],"product_cat":[80],"product_tag":[],"class_list":{"0":"post-5717","1":"product","2":"type-product","3":"status-publish","4":"has-post-thumbnail","6":"product_cat-3d-messtechnik","7":"desktop-align-left","8":"tablet-align-center","9":"mobile-align-center","10":"ast-product-gallery-layout-horizontal-slider","11":"ast-magnify-disabled","12":"ast-product-tabs-layout-horizontal","14":"first","15":"instock","16":"downloadable","17":"virtual","18":"sold-individually","19":"purchasable","20":"product-type-simple"},"acf":[],"yoast_head":"<!-- This site is optimized with the Yoast SEO Premium plugin v27.2 (Yoast SEO v27.4) - https:\/\/yoast.com\/product\/yoast-seo-premium-wordpress\/ -->\n<title>Rauheitsmessung an Coatings - Soliton<\/title>\n<meta name=\"description\" content=\"Das brandneue SurfSpec der Firma 4D Technology ist ein f\u00fcr den Automotive- und Beschichtungsmarkt entwickeltes Interferometer zur Messung von Rauigkeiten und Welligkeiten auf Blechen, Beschichtungen und vielen weiteren Werkstoffen.\" \/>\n<meta name=\"robots\" content=\"index, follow, max-snippet:-1, max-image-preview:large, max-video-preview:-1\" \/>\n<link rel=\"canonical\" href=\"https:\/\/soliton-gmbh.de\/en\/product\/surfspec\/\" \/>\n<meta property=\"og:locale\" content=\"en_US\" \/>\n<meta property=\"og:type\" content=\"article\" \/>\n<meta property=\"og:title\" content=\"Rauheitsmessung an Coatings\" \/>\n<meta property=\"og:description\" content=\"Das brandneue SurfSpec der Firma 4D Technology ist ein f\u00fcr den Automotive- und Beschichtungsmarkt entwickeltes Interferometer zur Messung von Rauigkeiten und Welligkeiten auf Blechen, Beschichtungen und vielen weiteren Werkstoffen.\" \/>\n<meta property=\"og:url\" content=\"https:\/\/soliton-gmbh.de\/en\/product\/surfspec\/\" \/>\n<meta property=\"og:site_name\" content=\"Soliton Laser- und Messtechnik GmbH\" \/>\n<meta property=\"article:modified_time\" content=\"2025-04-25T10:09:47+00:00\" \/>\n<meta property=\"og:image\" content=\"https:\/\/soliton-gmbh.de\/wp-content\/uploads\/2023\/04\/Surfspec1.jpg\" \/>\n\t<meta property=\"og:image:width\" content=\"1500\" \/>\n\t<meta property=\"og:image:height\" content=\"1229\" \/>\n\t<meta property=\"og:image:type\" content=\"image\/jpeg\" \/>\n<meta name=\"twitter:card\" content=\"summary_large_image\" \/>\n<meta name=\"twitter:label1\" content=\"Price\" \/>\n\t<meta name=\"twitter:data1\" content=\"&euro;0.00\" \/>\n\t<meta name=\"twitter:label2\" content=\"Availability\" \/>\n\t<meta name=\"twitter:data2\" content=\"In stock\" \/>\n<script type=\"application\/ld+json\" class=\"yoast-schema-graph\">{\"@context\":\"https:\\\/\\\/schema.org\",\"@graph\":[{\"@type\":\"WebPage\",\"@id\":\"https:\\\/\\\/soliton-gmbh.de\\\/produkt\\\/surfspec\\\/\",\"url\":\"https:\\\/\\\/soliton-gmbh.de\\\/produkt\\\/surfspec\\\/\",\"name\":\"Rauheitsmessung an Coatings - Soliton\",\"isPartOf\":{\"@id\":\"https:\\\/\\\/soliton-gmbh.de\\\/#website\"},\"primaryImageOfPage\":{\"@id\":\"https:\\\/\\\/soliton-gmbh.de\\\/produkt\\\/surfspec\\\/#primaryimage\"},\"image\":{\"@id\":\"https:\\\/\\\/soliton-gmbh.de\\\/produkt\\\/surfspec\\\/#primaryimage\"},\"thumbnailUrl\":\"https:\\\/\\\/soliton-gmbh.de\\\/wp-content\\\/uploads\\\/2023\\\/04\\\/Surfspec1.jpg\",\"datePublished\":\"2023-04-03T17:49:18+00:00\",\"dateModified\":\"2025-04-25T10:09:47+00:00\",\"description\":\"Das brandneue SurfSpec der Firma 4D Technology ist ein f\u00fcr den Automotive- und Beschichtungsmarkt entwickeltes Interferometer zur Messung von Rauigkeiten und Welligkeiten auf Blechen, Beschichtungen und vielen weiteren Werkstoffen.\",\"breadcrumb\":{\"@id\":\"https:\\\/\\\/soliton-gmbh.de\\\/produkt\\\/surfspec\\\/#breadcrumb\"},\"inLanguage\":\"en-US\",\"potentialAction\":[{\"@type\":\"ReadAction\",\"target\":[\"https:\\\/\\\/soliton-gmbh.de\\\/produkt\\\/surfspec\\\/\"]}]},{\"@type\":\"ImageObject\",\"inLanguage\":\"en-US\",\"@id\":\"https:\\\/\\\/soliton-gmbh.de\\\/produkt\\\/surfspec\\\/#primaryimage\",\"url\":\"https:\\\/\\\/soliton-gmbh.de\\\/wp-content\\\/uploads\\\/2023\\\/04\\\/Surfspec1.jpg\",\"contentUrl\":\"https:\\\/\\\/soliton-gmbh.de\\\/wp-content\\\/uploads\\\/2023\\\/04\\\/Surfspec1.jpg\",\"width\":1500,\"height\":1229},{\"@type\":\"BreadcrumbList\",\"@id\":\"https:\\\/\\\/soliton-gmbh.de\\\/produkt\\\/surfspec\\\/#breadcrumb\",\"itemListElement\":[{\"@type\":\"ListItem\",\"position\":1,\"name\":\"Startseite\",\"item\":\"https:\\\/\\\/soliton-gmbh.de\\\/\"},{\"@type\":\"ListItem\",\"position\":2,\"name\":\"Produkte\",\"item\":\"https:\\\/\\\/soliton-gmbh.de\\\/produkte\\\/\"},{\"@type\":\"ListItem\",\"position\":3,\"name\":\"Rauheitsmessung an Coatings\"}]},{\"@type\":\"WebSite\",\"@id\":\"https:\\\/\\\/soliton-gmbh.de\\\/#website\",\"url\":\"https:\\\/\\\/soliton-gmbh.de\\\/\",\"name\":\"Soliton Laser- und Messtechnik GmbH\",\"description\":\"\",\"publisher\":{\"@id\":\"https:\\\/\\\/soliton-gmbh.de\\\/#organization\"},\"potentialAction\":[{\"@type\":\"SearchAction\",\"target\":{\"@type\":\"EntryPoint\",\"urlTemplate\":\"https:\\\/\\\/soliton-gmbh.de\\\/?s={search_term_string}\"},\"query-input\":{\"@type\":\"PropertyValueSpecification\",\"valueRequired\":true,\"valueName\":\"search_term_string\"}}],\"inLanguage\":\"en-US\"},{\"@type\":\"Organization\",\"@id\":\"https:\\\/\\\/soliton-gmbh.de\\\/#organization\",\"name\":\"Soliton GmbH\",\"url\":\"https:\\\/\\\/soliton-gmbh.de\\\/\",\"logo\":{\"@type\":\"ImageObject\",\"inLanguage\":\"en-US\",\"@id\":\"https:\\\/\\\/soliton-gmbh.de\\\/#\\\/schema\\\/logo\\\/image\\\/\",\"url\":\"https:\\\/\\\/soliton-gmbh.de\\\/wp-content\\\/uploads\\\/2022\\\/08\\\/cropped-soliton-logo.png\",\"contentUrl\":\"https:\\\/\\\/soliton-gmbh.de\\\/wp-content\\\/uploads\\\/2022\\\/08\\\/cropped-soliton-logo.png\",\"width\":500,\"height\":350,\"caption\":\"Soliton GmbH\"},\"image\":{\"@id\":\"https:\\\/\\\/soliton-gmbh.de\\\/#\\\/schema\\\/logo\\\/image\\\/\"}}]}<\/script>\n<meta property=\"product:price:amount\" content=\"0.00\" \/>\n<meta property=\"product:price:currency\" content=\"EUR\" \/>\n<meta property=\"og:availability\" content=\"instock\" \/>\n<meta property=\"product:availability\" content=\"instock\" \/>\n<meta property=\"product:condition\" content=\"new\" \/>\n<!-- \/ Yoast SEO Premium plugin. -->","yoast_head_json":{"title":"Roughness measurement on coatings - Soliton","description":"The brand new SurfSpec from 4D Technology is an interferometer developed for the automotive and coating market for measuring roughness and waviness on sheet metal, coatings and many other materials.","robots":{"index":"index","follow":"follow","max-snippet":"max-snippet:-1","max-image-preview":"max-image-preview:large","max-video-preview":"max-video-preview:-1"},"canonical":"https:\/\/soliton-gmbh.de\/en\/product\/surfspec\/","og_locale":"en_US","og_type":"article","og_title":"Rauheitsmessung an Coatings","og_description":"Das brandneue SurfSpec der Firma 4D Technology ist ein f\u00fcr den Automotive- und Beschichtungsmarkt entwickeltes Interferometer zur Messung von Rauigkeiten und Welligkeiten auf Blechen, Beschichtungen und vielen weiteren Werkstoffen.","og_url":"https:\/\/soliton-gmbh.de\/en\/product\/surfspec\/","og_site_name":"Soliton Laser- und Messtechnik GmbH","article_modified_time":"2025-04-25T10:09:47+00:00","og_image":[{"width":1500,"height":1229,"url":"https:\/\/soliton-gmbh.de\/wp-content\/uploads\/2023\/04\/Surfspec1.jpg","type":"image\/jpeg"}],"twitter_card":"summary_large_image","twitter_misc":{"Price":"&euro;0.00","Availability":"In stock"},"schema":{"@context":"https:\/\/schema.org","@graph":[{"@type":"WebPage","@id":"https:\/\/soliton-gmbh.de\/produkt\/surfspec\/","url":"https:\/\/soliton-gmbh.de\/produkt\/surfspec\/","name":"Roughness measurement on coatings - Soliton","isPartOf":{"@id":"https:\/\/soliton-gmbh.de\/#website"},"primaryImageOfPage":{"@id":"https:\/\/soliton-gmbh.de\/produkt\/surfspec\/#primaryimage"},"image":{"@id":"https:\/\/soliton-gmbh.de\/produkt\/surfspec\/#primaryimage"},"thumbnailUrl":"https:\/\/soliton-gmbh.de\/wp-content\/uploads\/2023\/04\/Surfspec1.jpg","datePublished":"2023-04-03T17:49:18+00:00","dateModified":"2025-04-25T10:09:47+00:00","description":"The brand new SurfSpec from 4D Technology is an interferometer developed for the automotive and coating market for measuring roughness and waviness on sheet metal, coatings and many other materials.","breadcrumb":{"@id":"https:\/\/soliton-gmbh.de\/produkt\/surfspec\/#breadcrumb"},"inLanguage":"en-US","potentialAction":[{"@type":"ReadAction","target":["https:\/\/soliton-gmbh.de\/produkt\/surfspec\/"]}]},{"@type":"ImageObject","inLanguage":"en-US","@id":"https:\/\/soliton-gmbh.de\/produkt\/surfspec\/#primaryimage","url":"https:\/\/soliton-gmbh.de\/wp-content\/uploads\/2023\/04\/Surfspec1.jpg","contentUrl":"https:\/\/soliton-gmbh.de\/wp-content\/uploads\/2023\/04\/Surfspec1.jpg","width":1500,"height":1229},{"@type":"BreadcrumbList","@id":"https:\/\/soliton-gmbh.de\/produkt\/surfspec\/#breadcrumb","itemListElement":[{"@type":"ListItem","position":1,"name":"Startseite","item":"https:\/\/soliton-gmbh.de\/"},{"@type":"ListItem","position":2,"name":"Produkte","item":"https:\/\/soliton-gmbh.de\/produkte\/"},{"@type":"ListItem","position":3,"name":"Rauheitsmessung an Coatings"}]},{"@type":"WebSite","@id":"https:\/\/soliton-gmbh.de\/#website","url":"https:\/\/soliton-gmbh.de\/","name":"Soliton Laser- und Messtechnik GmbH","description":"","publisher":{"@id":"https:\/\/soliton-gmbh.de\/#organization"},"potentialAction":[{"@type":"SearchAction","target":{"@type":"EntryPoint","urlTemplate":"https:\/\/soliton-gmbh.de\/?s={search_term_string}"},"query-input":{"@type":"PropertyValueSpecification","valueRequired":true,"valueName":"search_term_string"}}],"inLanguage":"en-US"},{"@type":"Organization","@id":"https:\/\/soliton-gmbh.de\/#organization","name":"Soliton GmbH","url":"https:\/\/soliton-gmbh.de\/","logo":{"@type":"ImageObject","inLanguage":"en-US","@id":"https:\/\/soliton-gmbh.de\/#\/schema\/logo\/image\/","url":"https:\/\/soliton-gmbh.de\/wp-content\/uploads\/2022\/08\/cropped-soliton-logo.png","contentUrl":"https:\/\/soliton-gmbh.de\/wp-content\/uploads\/2022\/08\/cropped-soliton-logo.png","width":500,"height":350,"caption":"Soliton GmbH"},"image":{"@id":"https:\/\/soliton-gmbh.de\/#\/schema\/logo\/image\/"}}]},"product_price_amount":"0.00","product_price_currency":"EUR","og_availability":"instock","product_availability":"instock","product_condition":"new"},"uagb_featured_image_src":{"full":["https:\/\/soliton-gmbh.de\/wp-content\/uploads\/2023\/04\/Surfspec1.jpg",1500,1229,false],"thumbnail":["https:\/\/soliton-gmbh.de\/wp-content\/uploads\/2023\/04\/Surfspec1-150x150.jpg",150,150,true],"medium":["https:\/\/soliton-gmbh.de\/wp-content\/uploads\/2023\/04\/Surfspec1-300x246.jpg",300,246,true],"medium_large":["https:\/\/soliton-gmbh.de\/wp-content\/uploads\/2023\/04\/Surfspec1-768x629.jpg",768,629,true],"large":["https:\/\/soliton-gmbh.de\/wp-content\/uploads\/2023\/04\/Surfspec1-1024x839.jpg",1024,839,true],"1536x1536":["https:\/\/soliton-gmbh.de\/wp-content\/uploads\/2023\/04\/Surfspec1.jpg",1500,1229,false],"2048x2048":["https:\/\/soliton-gmbh.de\/wp-content\/uploads\/2023\/04\/Surfspec1.jpg",1500,1229,false],"trp-custom-language-flag":["https:\/\/soliton-gmbh.de\/wp-content\/uploads\/2023\/04\/Surfspec1-15x12.jpg",15,12,true],"woocommerce_thumbnail":["https:\/\/soliton-gmbh.de\/wp-content\/uploads\/2023\/04\/Surfspec1-600x492.jpg",600,492,true],"woocommerce_single":["https:\/\/soliton-gmbh.de\/wp-content\/uploads\/2023\/04\/Surfspec1-1200x983.jpg",1200,983,true],"woocommerce_gallery_thumbnail":["https:\/\/soliton-gmbh.de\/wp-content\/uploads\/2023\/04\/Surfspec1-300x300.jpg",300,300,true]},"uagb_author_info":{"display_name":"Simon Zimmermann","author_link":"https:\/\/soliton-gmbh.de\/en\/author\/"},"uagb_comment_info":0,"uagb_excerpt":"Quantifizierung Rauheit und Welligkeit \u00dcberwachung Produktionsprozess Bewertung optischer Eindr\u00fccke von Oberfl\u00e4chen Entwickelt f\u00fcr Coatings und Lacke Ansprechpartner: Michael Zerbin","_links":{"self":[{"href":"https:\/\/soliton-gmbh.de\/en\/wp-json\/wp\/v2\/product\/5717","targetHints":{"allow":["GET"]}}],"collection":[{"href":"https:\/\/soliton-gmbh.de\/en\/wp-json\/wp\/v2\/product"}],"about":[{"href":"https:\/\/soliton-gmbh.de\/en\/wp-json\/wp\/v2\/types\/product"}],"wp:featuredmedia":[{"embeddable":true,"href":"https:\/\/soliton-gmbh.de\/en\/wp-json\/wp\/v2\/media\/6040"}],"wp:attachment":[{"href":"https:\/\/soliton-gmbh.de\/en\/wp-json\/wp\/v2\/media?parent=5717"}],"wp:term":[{"taxonomy":"product_brand","embeddable":true,"href":"https:\/\/soliton-gmbh.de\/en\/wp-json\/wp\/v2\/product_brand?post=5717"},{"taxonomy":"product_cat","embeddable":true,"href":"https:\/\/soliton-gmbh.de\/en\/wp-json\/wp\/v2\/product_cat?post=5717"},{"taxonomy":"product_tag","embeddable":true,"href":"https:\/\/soliton-gmbh.de\/en\/wp-json\/wp\/v2\/product_tag?post=5717"}],"curies":[{"name":"wp","href":"https:\/\/api.w.org\/{rel}","templated":true}]}}