{"id":5653,"date":"2023-03-08T10:32:17","date_gmt":"2023-03-08T09:32:17","guid":{"rendered":"https:\/\/soliton.selectcode.io\/?post_type=product&#038;p=5653"},"modified":"2026-04-14T23:26:49","modified_gmt":"2026-04-14T21:26:49","slug":"dichroic-circular-polarizer","status":"publish","type":"product","link":"https:\/\/soliton-gmbh.de\/en\/produkt\/dichroic-circular-polarizer\/","title":{"rendered":"Dichroic Circular Polarizers"},"content":{"rendered":"<h2 data-start=\"331\" data-end=\"409\">High-quality dichroic circular polarizer for research and industry<\/h2>\n<p data-start=\"411\" data-end=\"1164\">The <strong data-start=\"415\" data-end=\"452\">Dichroic circular polarizer<\/strong> Meadowlark&#039;s dichroic linear polarizer combines the properties of a dichroic linear polarizer with a true zero-order quarter-wave plate to create a high-precision optical component. By carefully aligning the retarder&#039;s fast axis at exactly 45 degrees to the polarization direction of the linear polarizer, highly efficient conversion of linearly to circularly polarized light is achieved. This principle makes the component an effective solution for the selective separation of left- and right-hand circularly polarized light. In optical systems where controlled polarization is essential, the dichroic circular polarizer delivers precise and reproducible results.<\/p>\n<h2 data-start=\"1166\" data-end=\"1228\">Technical features of the dichroic circular polarizer<\/h2>\n<p data-start=\"1230\" data-end=\"2222\">The construction of the <strong data-start=\"1251\" data-end=\"1290\">dichroic circular polarizer<\/strong> is based on the lamination of the optical components between plano-optical substrates with minimal wavefront distortion below \u03bb\/5. This ensures that the optical quality is maintained even in sensitive applications. The additional anti-reflective coated windows minimize reflection losses while increasing the transmission efficiency of the overall system. The polarizer offers high isolation and is available in various diameters, which facilitates its integration into optical setups of different sizes. To ensure full functionality, it is important to ensure that the marking on the housing is correctly aligned with the beam direction during installation. By default, the product is designed for operation at a specific wavelength, but achromatic versions operating in an extended spectral range are also available upon request.<\/p>\n<h2 data-start=\"2224\" data-end=\"2285\">Application areas of the dichroic circular polarizer<\/h2>\n<p data-start=\"2287\" data-end=\"3084\">Typical areas of application of the <strong data-start=\"2315\" data-end=\"2354\">dichroic circular polarizer<\/strong> lie in optical metrology, particularly in spectroscopy and polarimetric analysis, where circular polarization must be used specifically. This component is also in demand in laser optics, for example, for modifying or processing beam profiles. Research institutes and development departments in the field of photonics also rely on this polarizer when it comes to converting linear polarization into circular polarization or separating them. Due to its high precision and robust construction, the dichroic circular polarizer is a reliable element in demanding optical applications \u2013 whether in the laboratory, in industry, or in basic research.<\/p>","protected":false},"excerpt":{"rendered":"<p><a href=\"https:\/\/www.meadowlark.com\/\"><img loading=\"lazy\" decoding=\"async\" class=\"alignnone wp-image-5337\" title=\"Link to manufacturer\" src=\"https:\/\/soliton-gmbh.de\/wp-content\/uploads\/2023\/02\/4C-MLO-Logo-300x60.png\" alt=\"\" width=\"200\" height=\"40\" srcset=\"https:\/\/soliton-gmbh.de\/wp-content\/uploads\/2023\/02\/4C-MLO-Logo-300x60.png 300w, https:\/\/soliton-gmbh.de\/wp-content\/uploads\/2023\/02\/4C-MLO-Logo-600x120.png 600w, https:\/\/soliton-gmbh.de\/wp-content\/uploads\/2023\/02\/4C-MLO-Logo-1200x240.png 1200w, https:\/\/soliton-gmbh.de\/wp-content\/uploads\/2023\/02\/4C-MLO-Logo-1024x205.png 1024w, https:\/\/soliton-gmbh.de\/wp-content\/uploads\/2023\/02\/4C-MLO-Logo-768x154.png 768w, https:\/\/soliton-gmbh.de\/wp-content\/uploads\/2023\/02\/4C-MLO-Logo-18x4.png 18w, https:\/\/soliton-gmbh.de\/wp-content\/uploads\/2023\/02\/4C-MLO-Logo.png 1500w\" sizes=\"auto, (max-width: 200px) 100vw, 200px\" \/><\/a><\/p>\n<ul>\n<li>High isolation<\/li>\n<li>Large diameters available<\/li>\n<li>Low transmitted wavefront distortion<\/li>\n<\/ul>","protected":false},"featured_media":5664,"template":"","meta":{"_acf_changed":false,"_uag_custom_page_level_css":"","site-sidebar-layout":"default","site-content-layout":"default","ast-site-content-layout":"default","site-content-style":"default","site-sidebar-style":"default","ast-global-header-display":"","ast-banner-title-visibility":"","ast-main-header-display":"","ast-hfb-above-header-display":"","ast-hfb-below-header-display":"","ast-hfb-mobile-header-display":"","site-post-title":"","ast-breadcrumbs-content":"","ast-featured-img":"","footer-sml-layout":"","ast-disable-related-posts":"","theme-transparent-header-meta":"default","adv-header-id-meta":"","stick-header-meta":"default","header-above-stick-meta":"","header-main-stick-meta":"","header-below-stick-meta":"","astra-migrate-meta-layouts":"set","ast-page-background-enabled":"default","ast-page-background-meta":{"desktop":{"background-color":"","background-image":"","background-repeat":"repeat","background-position":"center center","background-size":"auto","background-attachment":"scroll","background-type":"","background-media":"","overlay-type":"","overlay-color":"","overlay-opacity":"","overlay-gradient":""},"tablet":{"background-color":"","background-image":"","background-repeat":"repeat","background-position":"center center","background-size":"auto","background-attachment":"scroll","background-type":"","background-media":"","overlay-type":"","overlay-color":"","overlay-opacity":"","overlay-gradient":""},"mobile":{"background-color":"","background-image":"","background-repeat":"repeat","background-position":"center center","background-size":"auto","background-attachment":"scroll","background-type":"","background-media":"","overlay-type":"","overlay-color":"","overlay-opacity":"","overlay-gradient":""}},"ast-content-background-meta":{"desktop":{"background-color":"var(--ast-global-color-5)","background-image":"","background-repeat":"repeat","background-position":"center center","background-size":"auto","background-attachment":"scroll","background-type":"","background-media":"","overlay-type":"","overlay-color":"","overlay-opacity":"","overlay-gradient":""},"tablet":{"background-color":"var(--ast-global-color-5)","background-image":"","background-repeat":"repeat","background-position":"center center","background-size":"auto","background-attachment":"scroll","background-type":"","background-media":"","overlay-type":"","overlay-color":"","overlay-opacity":"","overlay-gradient":""},"mobile":{"background-color":"var(--ast-global-color-5)","background-image":"","background-repeat":"repeat","background-position":"center center","background-size":"auto","background-attachment":"scroll","background-type":"","background-media":"","overlay-type":"","overlay-color":"","overlay-opacity":"","overlay-gradient":""}}},"product_brand":[1609],"product_cat":[32,75],"product_tag":[1421,1415,1412,1419,1417,1416,1420,1414,1418,1413],"class_list":{"0":"post-5653","1":"product","2":"type-product","3":"status-publish","4":"has-post-thumbnail","6":"product_brand-meadowlark-optics","7":"product_cat-optik","8":"product_cat-polarisatoren","9":"product_tag-antireflexbeschichtung","10":"product_tag-dichroitischer-polarisator","11":"product_tag-dichroitischer-zirkularpolarisator","12":"product_tag-lineare-polarisation","13":"product_tag-optische-polarisation","14":"product_tag-polarisationstrennung","15":"product_tag-retarder-nullter-ordnung","16":"product_tag-viertelwellenplatte","17":"product_tag-zirkular-polarisiertes-licht","18":"product_tag-zirkularer-polarisator","19":"desktop-align-left","20":"tablet-align-center","21":"mobile-align-center","22":"ast-product-gallery-layout-horizontal-slider","23":"ast-product-gallery-with-no-image","24":"ast-magnify-disabled","25":"ast-product-tabs-layout-horizontal","27":"first","28":"instock","29":"downloadable","30":"virtual","31":"sold-individually","32":"purchasable","33":"product-type-simple"},"acf":[],"yoast_head":"<!-- This site is optimized with the Yoast SEO Premium plugin v27.2 (Yoast SEO v27.4) - https:\/\/yoast.com\/product\/yoast-seo-premium-wordpress\/ -->\n<title>Dichroitische Zirkulare Polarisatoren - Soliton<\/title>\n<meta name=\"description\" content=\"Dichroitischer Zirkularpolarisator \u2013 pr\u00e4zise Polarisationstrennung mit Viertelwellenplatte und dichroitischem Polarisator f\u00fcr Labor und Industrie.\" \/>\n<meta name=\"robots\" content=\"index, follow, max-snippet:-1, max-image-preview:large, max-video-preview:-1\" \/>\n<link rel=\"canonical\" href=\"https:\/\/soliton-gmbh.de\/en\/product\/dichroic-circular-polarizer\/\" \/>\n<meta property=\"og:locale\" content=\"en_US\" \/>\n<meta property=\"og:type\" content=\"article\" \/>\n<meta property=\"og:title\" content=\"Dichroitische Zirkulare Polarisatoren\" \/>\n<meta property=\"og:description\" content=\"Dichroitischer Zirkularpolarisator \u2013 pr\u00e4zise Polarisationstrennung mit Viertelwellenplatte und dichroitischem Polarisator f\u00fcr Labor und Industrie.\" \/>\n<meta property=\"og:url\" content=\"https:\/\/soliton-gmbh.de\/en\/product\/dichroic-circular-polarizer\/\" \/>\n<meta property=\"og:site_name\" content=\"Soliton Laser- und Messtechnik GmbH\" \/>\n<meta property=\"article:modified_time\" content=\"2026-04-14T21:26:49+00:00\" \/>\n<meta property=\"og:image\" content=\"https:\/\/soliton-gmbh.de\/wp-content\/uploads\/2023\/03\/Dichroitischer-kreisfoermiger-Polarisator-neu-1.jpg\" \/>\n\t<meta property=\"og:image:width\" content=\"768\" \/>\n\t<meta property=\"og:image:height\" content=\"512\" \/>\n\t<meta property=\"og:image:type\" content=\"image\/jpeg\" \/>\n<meta name=\"twitter:card\" content=\"summary_large_image\" \/>\n<meta name=\"twitter:label1\" content=\"Price\" \/>\n\t<meta name=\"twitter:data1\" content=\"&euro;0.00\" \/>\n\t<meta name=\"twitter:label2\" content=\"Availability\" \/>\n\t<meta name=\"twitter:data2\" content=\"In stock\" \/>\n<script type=\"application\/ld+json\" class=\"yoast-schema-graph\">{\"@context\":\"https:\\\/\\\/schema.org\",\"@graph\":[{\"@type\":\"WebPage\",\"@id\":\"https:\\\/\\\/soliton-gmbh.de\\\/produkt\\\/dichroic-circular-polarizer\\\/\",\"url\":\"https:\\\/\\\/soliton-gmbh.de\\\/produkt\\\/dichroic-circular-polarizer\\\/\",\"name\":\"Dichroitische Zirkulare Polarisatoren - Soliton\",\"isPartOf\":{\"@id\":\"https:\\\/\\\/soliton-gmbh.de\\\/#website\"},\"primaryImageOfPage\":{\"@id\":\"https:\\\/\\\/soliton-gmbh.de\\\/produkt\\\/dichroic-circular-polarizer\\\/#primaryimage\"},\"image\":{\"@id\":\"https:\\\/\\\/soliton-gmbh.de\\\/produkt\\\/dichroic-circular-polarizer\\\/#primaryimage\"},\"thumbnailUrl\":\"https:\\\/\\\/soliton-gmbh.de\\\/wp-content\\\/uploads\\\/2023\\\/03\\\/Dichroitischer-kreisfoermiger-Polarisator-neu-1.jpg\",\"datePublished\":\"2023-03-08T09:32:17+00:00\",\"dateModified\":\"2026-04-14T21:26:49+00:00\",\"description\":\"Dichroitischer Zirkularpolarisator \u2013 pr\u00e4zise Polarisationstrennung mit Viertelwellenplatte und dichroitischem Polarisator f\u00fcr Labor und Industrie.\",\"breadcrumb\":{\"@id\":\"https:\\\/\\\/soliton-gmbh.de\\\/produkt\\\/dichroic-circular-polarizer\\\/#breadcrumb\"},\"inLanguage\":\"en-US\",\"potentialAction\":[{\"@type\":\"ReadAction\",\"target\":[\"https:\\\/\\\/soliton-gmbh.de\\\/produkt\\\/dichroic-circular-polarizer\\\/\"]}]},{\"@type\":\"ImageObject\",\"inLanguage\":\"en-US\",\"@id\":\"https:\\\/\\\/soliton-gmbh.de\\\/produkt\\\/dichroic-circular-polarizer\\\/#primaryimage\",\"url\":\"https:\\\/\\\/soliton-gmbh.de\\\/wp-content\\\/uploads\\\/2023\\\/03\\\/Dichroitischer-kreisfoermiger-Polarisator-neu-1.jpg\",\"contentUrl\":\"https:\\\/\\\/soliton-gmbh.de\\\/wp-content\\\/uploads\\\/2023\\\/03\\\/Dichroitischer-kreisfoermiger-Polarisator-neu-1.jpg\",\"width\":768,\"height\":512},{\"@type\":\"BreadcrumbList\",\"@id\":\"https:\\\/\\\/soliton-gmbh.de\\\/produkt\\\/dichroic-circular-polarizer\\\/#breadcrumb\",\"itemListElement\":[{\"@type\":\"ListItem\",\"position\":1,\"name\":\"Startseite\",\"item\":\"https:\\\/\\\/soliton-gmbh.de\\\/\"},{\"@type\":\"ListItem\",\"position\":2,\"name\":\"Produkte\",\"item\":\"https:\\\/\\\/soliton-gmbh.de\\\/produkte\\\/\"},{\"@type\":\"ListItem\",\"position\":3,\"name\":\"Dichroitische Zirkulare Polarisatoren\"}]},{\"@type\":\"WebSite\",\"@id\":\"https:\\\/\\\/soliton-gmbh.de\\\/#website\",\"url\":\"https:\\\/\\\/soliton-gmbh.de\\\/\",\"name\":\"Soliton Laser- und Messtechnik GmbH\",\"description\":\"\",\"publisher\":{\"@id\":\"https:\\\/\\\/soliton-gmbh.de\\\/#organization\"},\"potentialAction\":[{\"@type\":\"SearchAction\",\"target\":{\"@type\":\"EntryPoint\",\"urlTemplate\":\"https:\\\/\\\/soliton-gmbh.de\\\/?s={search_term_string}\"},\"query-input\":{\"@type\":\"PropertyValueSpecification\",\"valueRequired\":true,\"valueName\":\"search_term_string\"}}],\"inLanguage\":\"en-US\"},{\"@type\":\"Organization\",\"@id\":\"https:\\\/\\\/soliton-gmbh.de\\\/#organization\",\"name\":\"Soliton GmbH\",\"url\":\"https:\\\/\\\/soliton-gmbh.de\\\/\",\"logo\":{\"@type\":\"ImageObject\",\"inLanguage\":\"en-US\",\"@id\":\"https:\\\/\\\/soliton-gmbh.de\\\/#\\\/schema\\\/logo\\\/image\\\/\",\"url\":\"https:\\\/\\\/soliton-gmbh.de\\\/wp-content\\\/uploads\\\/2022\\\/08\\\/cropped-soliton-logo.png\",\"contentUrl\":\"https:\\\/\\\/soliton-gmbh.de\\\/wp-content\\\/uploads\\\/2022\\\/08\\\/cropped-soliton-logo.png\",\"width\":500,\"height\":350,\"caption\":\"Soliton GmbH\"},\"image\":{\"@id\":\"https:\\\/\\\/soliton-gmbh.de\\\/#\\\/schema\\\/logo\\\/image\\\/\"}}]}<\/script>\n<meta property=\"product:price:amount\" content=\"0.00\" \/>\n<meta property=\"product:price:currency\" content=\"EUR\" \/>\n<meta property=\"og:availability\" content=\"instock\" \/>\n<meta property=\"product:availability\" content=\"instock\" \/>\n<meta property=\"product:condition\" content=\"new\" \/>\n<!-- \/ Yoast SEO Premium plugin. -->","yoast_head_json":{"title":"Dichroic circular polarizers - Soliton","description":"Dichroic circular polarizer - precise polarization separation with quarter-wave plate and dichroic polarizer for laboratory and industry.","robots":{"index":"index","follow":"follow","max-snippet":"max-snippet:-1","max-image-preview":"max-image-preview:large","max-video-preview":"max-video-preview:-1"},"canonical":"https:\/\/soliton-gmbh.de\/en\/product\/dichroic-circular-polarizer\/","og_locale":"en_US","og_type":"article","og_title":"Dichroitische Zirkulare Polarisatoren","og_description":"Dichroitischer Zirkularpolarisator \u2013 pr\u00e4zise Polarisationstrennung mit Viertelwellenplatte und dichroitischem Polarisator f\u00fcr Labor und Industrie.","og_url":"https:\/\/soliton-gmbh.de\/en\/product\/dichroic-circular-polarizer\/","og_site_name":"Soliton Laser- und Messtechnik GmbH","article_modified_time":"2026-04-14T21:26:49+00:00","og_image":[{"width":768,"height":512,"url":"https:\/\/soliton-gmbh.de\/wp-content\/uploads\/2023\/03\/Dichroitischer-kreisfoermiger-Polarisator-neu-1.jpg","type":"image\/jpeg"}],"twitter_card":"summary_large_image","twitter_misc":{"Price":"&euro;0.00","Availability":"In stock"},"schema":{"@context":"https:\/\/schema.org","@graph":[{"@type":"WebPage","@id":"https:\/\/soliton-gmbh.de\/produkt\/dichroic-circular-polarizer\/","url":"https:\/\/soliton-gmbh.de\/produkt\/dichroic-circular-polarizer\/","name":"Dichroic circular polarizers - Soliton","isPartOf":{"@id":"https:\/\/soliton-gmbh.de\/#website"},"primaryImageOfPage":{"@id":"https:\/\/soliton-gmbh.de\/produkt\/dichroic-circular-polarizer\/#primaryimage"},"image":{"@id":"https:\/\/soliton-gmbh.de\/produkt\/dichroic-circular-polarizer\/#primaryimage"},"thumbnailUrl":"https:\/\/soliton-gmbh.de\/wp-content\/uploads\/2023\/03\/Dichroitischer-kreisfoermiger-Polarisator-neu-1.jpg","datePublished":"2023-03-08T09:32:17+00:00","dateModified":"2026-04-14T21:26:49+00:00","description":"Dichroic circular polarizer - precise polarization separation with quarter-wave plate and dichroic polarizer for laboratory and industry.","breadcrumb":{"@id":"https:\/\/soliton-gmbh.de\/produkt\/dichroic-circular-polarizer\/#breadcrumb"},"inLanguage":"en-US","potentialAction":[{"@type":"ReadAction","target":["https:\/\/soliton-gmbh.de\/produkt\/dichroic-circular-polarizer\/"]}]},{"@type":"ImageObject","inLanguage":"en-US","@id":"https:\/\/soliton-gmbh.de\/produkt\/dichroic-circular-polarizer\/#primaryimage","url":"https:\/\/soliton-gmbh.de\/wp-content\/uploads\/2023\/03\/Dichroitischer-kreisfoermiger-Polarisator-neu-1.jpg","contentUrl":"https:\/\/soliton-gmbh.de\/wp-content\/uploads\/2023\/03\/Dichroitischer-kreisfoermiger-Polarisator-neu-1.jpg","width":768,"height":512},{"@type":"BreadcrumbList","@id":"https:\/\/soliton-gmbh.de\/produkt\/dichroic-circular-polarizer\/#breadcrumb","itemListElement":[{"@type":"ListItem","position":1,"name":"Startseite","item":"https:\/\/soliton-gmbh.de\/"},{"@type":"ListItem","position":2,"name":"Produkte","item":"https:\/\/soliton-gmbh.de\/produkte\/"},{"@type":"ListItem","position":3,"name":"Dichroitische Zirkulare Polarisatoren"}]},{"@type":"WebSite","@id":"https:\/\/soliton-gmbh.de\/#website","url":"https:\/\/soliton-gmbh.de\/","name":"Soliton Laser- und Messtechnik GmbH","description":"","publisher":{"@id":"https:\/\/soliton-gmbh.de\/#organization"},"potentialAction":[{"@type":"SearchAction","target":{"@type":"EntryPoint","urlTemplate":"https:\/\/soliton-gmbh.de\/?s={search_term_string}"},"query-input":{"@type":"PropertyValueSpecification","valueRequired":true,"valueName":"search_term_string"}}],"inLanguage":"en-US"},{"@type":"Organization","@id":"https:\/\/soliton-gmbh.de\/#organization","name":"Soliton GmbH","url":"https:\/\/soliton-gmbh.de\/","logo":{"@type":"ImageObject","inLanguage":"en-US","@id":"https:\/\/soliton-gmbh.de\/#\/schema\/logo\/image\/","url":"https:\/\/soliton-gmbh.de\/wp-content\/uploads\/2022\/08\/cropped-soliton-logo.png","contentUrl":"https:\/\/soliton-gmbh.de\/wp-content\/uploads\/2022\/08\/cropped-soliton-logo.png","width":500,"height":350,"caption":"Soliton GmbH"},"image":{"@id":"https:\/\/soliton-gmbh.de\/#\/schema\/logo\/image\/"}}]},"product_price_amount":"0.00","product_price_currency":"EUR","og_availability":"instock","product_availability":"instock","product_condition":"new"},"uagb_featured_image_src":{"full":["https:\/\/soliton-gmbh.de\/wp-content\/uploads\/2023\/03\/Dichroitischer-kreisfoermiger-Polarisator-neu-1.jpg",768,512,false],"thumbnail":["https:\/\/soliton-gmbh.de\/wp-content\/uploads\/2023\/03\/Dichroitischer-kreisfoermiger-Polarisator-neu-1-150x150.jpg",150,150,true],"medium":["https:\/\/soliton-gmbh.de\/wp-content\/uploads\/2023\/03\/Dichroitischer-kreisfoermiger-Polarisator-neu-1-300x200.jpg",300,200,true],"medium_large":["https:\/\/soliton-gmbh.de\/wp-content\/uploads\/2023\/03\/Dichroitischer-kreisfoermiger-Polarisator-neu-1.jpg",768,512,false],"large":["https:\/\/soliton-gmbh.de\/wp-content\/uploads\/2023\/03\/Dichroitischer-kreisfoermiger-Polarisator-neu-1.jpg",768,512,false],"1536x1536":["https:\/\/soliton-gmbh.de\/wp-content\/uploads\/2023\/03\/Dichroitischer-kreisfoermiger-Polarisator-neu-1.jpg",768,512,false],"2048x2048":["https:\/\/soliton-gmbh.de\/wp-content\/uploads\/2023\/03\/Dichroitischer-kreisfoermiger-Polarisator-neu-1.jpg",768,512,false],"trp-custom-language-flag":["https:\/\/soliton-gmbh.de\/wp-content\/uploads\/2023\/03\/Dichroitischer-kreisfoermiger-Polarisator-neu-1-18x12.jpg",18,12,true],"woocommerce_thumbnail":["https:\/\/soliton-gmbh.de\/wp-content\/uploads\/2023\/03\/Dichroitischer-kreisfoermiger-Polarisator-neu-1-600x400.jpg",600,400,true],"woocommerce_single":["https:\/\/soliton-gmbh.de\/wp-content\/uploads\/2023\/03\/Dichroitischer-kreisfoermiger-Polarisator-neu-1.jpg",768,512,false],"woocommerce_gallery_thumbnail":["https:\/\/soliton-gmbh.de\/wp-content\/uploads\/2023\/03\/Dichroitischer-kreisfoermiger-Polarisator-neu-1-300x300.jpg",300,300,true]},"uagb_author_info":{"display_name":"Simon Zimmermann","author_link":"https:\/\/soliton-gmbh.de\/en\/author\/"},"uagb_comment_info":0,"uagb_excerpt":"Hohe Isolation Gro\u00dfe Durchmesser verf\u00fcgbar Niedrig \u00fcbertragene Wellenfrontverzerrung","_links":{"self":[{"href":"https:\/\/soliton-gmbh.de\/en\/wp-json\/wp\/v2\/product\/5653","targetHints":{"allow":["GET"]}}],"collection":[{"href":"https:\/\/soliton-gmbh.de\/en\/wp-json\/wp\/v2\/product"}],"about":[{"href":"https:\/\/soliton-gmbh.de\/en\/wp-json\/wp\/v2\/types\/product"}],"wp:featuredmedia":[{"embeddable":true,"href":"https:\/\/soliton-gmbh.de\/en\/wp-json\/wp\/v2\/media\/5664"}],"wp:attachment":[{"href":"https:\/\/soliton-gmbh.de\/en\/wp-json\/wp\/v2\/media?parent=5653"}],"wp:term":[{"taxonomy":"product_brand","embeddable":true,"href":"https:\/\/soliton-gmbh.de\/en\/wp-json\/wp\/v2\/product_brand?post=5653"},{"taxonomy":"product_cat","embeddable":true,"href":"https:\/\/soliton-gmbh.de\/en\/wp-json\/wp\/v2\/product_cat?post=5653"},{"taxonomy":"product_tag","embeddable":true,"href":"https:\/\/soliton-gmbh.de\/en\/wp-json\/wp\/v2\/product_tag?post=5653"}],"curies":[{"name":"wp","href":"https:\/\/api.w.org\/{rel}","templated":true}]}}