{"id":5627,"date":"2023-03-06T15:14:15","date_gmt":"2023-03-06T14:14:15","guid":{"rendered":"https:\/\/soliton.selectcode.io\/?post_type=product&#038;p=5627"},"modified":"2024-09-04T14:17:27","modified_gmt":"2024-09-04T12:17:27","slug":"x-trace-libs-spectrometer","status":"publish","type":"product","link":"https:\/\/soliton-gmbh.de\/en\/produkt\/x-trace-libs-spektrometer\/","title":{"rendered":"X-Trace LIBS spectrometer"},"content":{"rendered":"<p data-sourcepos=\"3:1-3:293\">The X-Trace revolutionizes multi-elemental chemical analysis by bringing the laboratory directly to the sample. Using Laser-Induced Plasma Spectroscopy (LIBS), this mobile device enables remote and in-situ analysis to be performed. This is possible over distances of more than 20 meters.<\/p>\n<p data-sourcepos=\"5:1-5:316\">Equipped with the latest technology, such as a high-power pulsed laser, an echelle spectrometer and a sensitive EMCCD detector, the X-Trace delivers precise and reliable results. The modular design allows flexible adaptation to specific requirements and easy transport.<\/p>\n<p data-sourcepos=\"7:1-7:336\">The user-friendly control software, which runs on a laptop or tablet, provides a live view of the sample and enables easy operation of the device. Whether it is difficult to access objects or hazardous environments, analyses are possible wherever a direct view of the sample is guaranteed.<\/p>\n<p data-sourcepos=\"9:1-9:179\">The X-Trace is not only a powerful tool for chemical analysis, but also a mobile laboratory that opens up new possibilities for research and industry.<\/p>","protected":false},"excerpt":{"rendered":"<p><a href=\"https:\/\/soliton-gmbh.de\/wp-content\/uploads\/2022\/10\/logo-atomtrace-final.png\"><img loading=\"lazy\" decoding=\"async\" class=\"alignnone wp-image-5623\" src=\"https:\/\/soliton-gmbh.de\/wp-content\/uploads\/2022\/10\/logo-atomtrace-final.png\" alt=\"AtomTrace\" width=\"160\" height=\"36\" srcset=\"https:\/\/soliton-gmbh.de\/wp-content\/uploads\/2022\/10\/logo-atomtrace-final.png 205w, https:\/\/soliton-gmbh.de\/wp-content\/uploads\/2022\/10\/logo-atomtrace-final-18x4.png 18w, https:\/\/soliton-gmbh.de\/wp-content\/uploads\/2022\/10\/logo-atomtrace-final-200x46.png 200w\" sizes=\"auto, (max-width: 160px) 100vw, 160px\" \/><\/a><\/p>\n<ul>\n<li>Mobile laboratory for spectrochemical analysis<\/li>\n<li>Remote analysis up to a distance of at least 20 m<\/li>\n<li>Modular construction<\/li>\n<li>Modern technology<\/li>\n<li>User-friendly controls<\/li>\n<\/ul>\n<p>Contact: Thomas Walter<\/p>","protected":false},"featured_media":5628,"template":"","meta":{"_acf_changed":false,"_uag_custom_page_level_css":"","site-sidebar-layout":"default","site-content-layout":"default","ast-site-content-layout":"default","site-content-style":"default","site-sidebar-style":"default","ast-global-header-display":"","ast-banner-title-visibility":"","ast-main-header-display":"","ast-hfb-above-header-display":"","ast-hfb-below-header-display":"","ast-hfb-mobile-header-display":"","site-post-title":"","ast-breadcrumbs-content":"","ast-featured-img":"","footer-sml-layout":"","ast-disable-related-posts":"","theme-transparent-header-meta":"default","adv-header-id-meta":"","stick-header-meta":"default","header-above-stick-meta":"","header-main-stick-meta":"","header-below-stick-meta":"","astra-migrate-meta-layouts":"set","ast-page-background-enabled":"default","ast-page-background-meta":{"desktop":{"background-color":"","background-image":"","background-repeat":"repeat","background-position":"center center","background-size":"auto","background-attachment":"scroll","background-type":"","background-media":"","overlay-type":"","overlay-color":"","overlay-opacity":"","overlay-gradient":""},"tablet":{"background-color":"","background-image":"","background-repeat":"repeat","background-position":"center center","background-size":"auto","background-attachment":"scroll","background-type":"","background-media":"","overlay-type":"","overlay-color":"","overlay-opacity":"","overlay-gradient":""},"mobile":{"background-color":"","background-image":"","background-repeat":"repeat","background-position":"center center","background-size":"auto","background-attachment":"scroll","background-type":"","background-media":"","overlay-type":"","overlay-color":"","overlay-opacity":"","overlay-gradient":""}},"ast-content-background-meta":{"desktop":{"background-color":"var(--ast-global-color-5)","background-image":"","background-repeat":"repeat","background-position":"center center","background-size":"auto","background-attachment":"scroll","background-type":"","background-media":"","overlay-type":"","overlay-color":"","overlay-opacity":"","overlay-gradient":""},"tablet":{"background-color":"var(--ast-global-color-5)","background-image":"","background-repeat":"repeat","background-position":"center center","background-size":"auto","background-attachment":"scroll","background-type":"","background-media":"","overlay-type":"","overlay-color":"","overlay-opacity":"","overlay-gradient":""},"mobile":{"background-color":"var(--ast-global-color-5)","background-image":"","background-repeat":"repeat","background-position":"center center","background-size":"auto","background-attachment":"scroll","background-type":"","background-media":"","overlay-type":"","overlay-color":"","overlay-opacity":"","overlay-gradient":""}}},"product_brand":[],"product_cat":[89,84],"product_tag":[457,472,476,471,477,475,467,474,468,466,456,470,473,465,469],"class_list":{"0":"post-5627","1":"product","2":"type-product","3":"status-publish","4":"has-post-thumbnail","6":"product_cat-libs-spektrometer","7":"product_cat-spektrometer","8":"product_tag-atomtrace","9":"product_tag-chemische-analyse","10":"product_tag-echelle-spektrometer","11":"product_tag-elementanalyse","12":"product_tag-emccd-detektor","13":"product_tag-fernanalyse","14":"product_tag-forschung","15":"product_tag-in-situ-analyse","16":"product_tag-industrie","17":"product_tag-laborgeraet","18":"product_tag-laser-induzierte-plasmaspektroskopie","19":"product_tag-libs","20":"product_tag-mobile-analyse","21":"product_tag-spektroskopie","22":"product_tag-x-trace","23":"desktop-align-left","24":"tablet-align-center","25":"mobile-align-center","26":"ast-product-gallery-layout-horizontal-slider","27":"ast-product-gallery-with-no-image","28":"ast-magnify-disabled","29":"ast-product-tabs-layout-horizontal","31":"first","32":"instock","33":"downloadable","34":"virtual","35":"sold-individually","36":"purchasable","37":"product-type-simple"},"acf":[],"yoast_head":"<!-- This site is optimized with the Yoast SEO Premium plugin v27.2 (Yoast SEO v27.4) - https:\/\/yoast.com\/product\/yoast-seo-premium-wordpress\/ -->\n<title>X-Trace LIBS Spektrometer - Soliton<\/title>\n<meta name=\"description\" content=\"Das X-Trace ist ein mobiles LIBS-Analyseger\u00e4t f\u00fcr die ortsferne und In-situ-Analyse von Materialien. Mit modernster Technologie und benutzerfreundlicher Software liefert es pr\u00e4zise Ergebnisse in Echtzeit, selbst \u00fcber gro\u00dfe Entfernungen.\" \/>\n<meta name=\"robots\" content=\"index, follow, max-snippet:-1, max-image-preview:large, max-video-preview:-1\" \/>\n<link rel=\"canonical\" href=\"https:\/\/soliton-gmbh.de\/en\/product\/x-trace-libs-spectrometer\/\" \/>\n<meta property=\"og:locale\" content=\"en_US\" \/>\n<meta property=\"og:type\" content=\"article\" \/>\n<meta property=\"og:title\" content=\"X-Trace LIBS Spektrometer\" \/>\n<meta property=\"og:description\" content=\"Das X-Trace ist ein mobiles LIBS-Analyseger\u00e4t f\u00fcr die ortsferne und In-situ-Analyse von Materialien. Mit modernster Technologie und benutzerfreundlicher Software liefert es pr\u00e4zise Ergebnisse in Echtzeit, selbst \u00fcber gro\u00dfe Entfernungen.\" \/>\n<meta property=\"og:url\" content=\"https:\/\/soliton-gmbh.de\/en\/product\/x-trace-libs-spectrometer\/\" \/>\n<meta property=\"og:site_name\" content=\"Soliton Laser- und Messtechnik GmbH\" \/>\n<meta property=\"article:modified_time\" content=\"2024-09-04T12:17:27+00:00\" \/>\n<meta property=\"og:image\" content=\"https:\/\/soliton-gmbh.de\/wp-content\/uploads\/2023\/03\/Xtrace.jpg\" \/>\n\t<meta property=\"og:image:width\" content=\"799\" \/>\n\t<meta property=\"og:image:height\" content=\"591\" \/>\n\t<meta property=\"og:image:type\" content=\"image\/jpeg\" \/>\n<meta name=\"twitter:card\" content=\"summary_large_image\" \/>\n<meta name=\"twitter:label1\" content=\"Price\" \/>\n\t<meta name=\"twitter:data1\" content=\"&euro;0.00\" \/>\n\t<meta name=\"twitter:label2\" content=\"Availability\" \/>\n\t<meta name=\"twitter:data2\" content=\"In stock\" \/>\n<script type=\"application\/ld+json\" class=\"yoast-schema-graph\">{\"@context\":\"https:\\\/\\\/schema.org\",\"@graph\":[{\"@type\":\"WebPage\",\"@id\":\"https:\\\/\\\/soliton-gmbh.de\\\/en\\\/product\\\/x-trace-libs-spectrometer\\\/\",\"url\":\"https:\\\/\\\/soliton-gmbh.de\\\/en\\\/product\\\/x-trace-libs-spectrometer\\\/\",\"name\":\"X-Trace LIBS Spektrometer - Soliton\",\"isPartOf\":{\"@id\":\"https:\\\/\\\/soliton-gmbh.de\\\/#website\"},\"primaryImageOfPage\":{\"@id\":\"https:\\\/\\\/soliton-gmbh.de\\\/en\\\/product\\\/x-trace-libs-spectrometer\\\/#primaryimage\"},\"image\":{\"@id\":\"https:\\\/\\\/soliton-gmbh.de\\\/en\\\/product\\\/x-trace-libs-spectrometer\\\/#primaryimage\"},\"thumbnailUrl\":\"https:\\\/\\\/soliton-gmbh.de\\\/wp-content\\\/uploads\\\/2023\\\/03\\\/Xtrace.jpg\",\"datePublished\":\"2023-03-06T14:14:15+00:00\",\"dateModified\":\"2024-09-04T12:17:27+00:00\",\"description\":\"Das X-Trace ist ein mobiles LIBS-Analyseger\u00e4t f\u00fcr die ortsferne und In-situ-Analyse von Materialien. Mit modernster Technologie und benutzerfreundlicher Software liefert es pr\u00e4zise Ergebnisse in Echtzeit, selbst \u00fcber gro\u00dfe Entfernungen.\",\"breadcrumb\":{\"@id\":\"https:\\\/\\\/soliton-gmbh.de\\\/en\\\/product\\\/x-trace-libs-spectrometer\\\/#breadcrumb\"},\"inLanguage\":\"en-US\",\"potentialAction\":[{\"@type\":\"ReadAction\",\"target\":[\"https:\\\/\\\/soliton-gmbh.de\\\/en\\\/product\\\/x-trace-libs-spectrometer\\\/\"]}]},{\"@type\":\"ImageObject\",\"inLanguage\":\"en-US\",\"@id\":\"https:\\\/\\\/soliton-gmbh.de\\\/en\\\/product\\\/x-trace-libs-spectrometer\\\/#primaryimage\",\"url\":\"https:\\\/\\\/soliton-gmbh.de\\\/wp-content\\\/uploads\\\/2023\\\/03\\\/Xtrace.jpg\",\"contentUrl\":\"https:\\\/\\\/soliton-gmbh.de\\\/wp-content\\\/uploads\\\/2023\\\/03\\\/Xtrace.jpg\",\"width\":799,\"height\":591,\"caption\":\"X-Trace, LIBS-Analyseger\u00e4t\"},{\"@type\":\"BreadcrumbList\",\"@id\":\"https:\\\/\\\/soliton-gmbh.de\\\/en\\\/product\\\/x-trace-libs-spectrometer\\\/#breadcrumb\",\"itemListElement\":[{\"@type\":\"ListItem\",\"position\":1,\"name\":\"Startseite\",\"item\":\"https:\\\/\\\/soliton-gmbh.de\\\/\"},{\"@type\":\"ListItem\",\"position\":2,\"name\":\"Produkte\",\"item\":\"https:\\\/\\\/soliton-gmbh.de\\\/produkte\\\/\"},{\"@type\":\"ListItem\",\"position\":3,\"name\":\"X-Trace LIBS Spektrometer\"}]},{\"@type\":\"WebSite\",\"@id\":\"https:\\\/\\\/soliton-gmbh.de\\\/#website\",\"url\":\"https:\\\/\\\/soliton-gmbh.de\\\/\",\"name\":\"Soliton Laser- und Messtechnik GmbH\",\"description\":\"\",\"publisher\":{\"@id\":\"https:\\\/\\\/soliton-gmbh.de\\\/#organization\"},\"potentialAction\":[{\"@type\":\"SearchAction\",\"target\":{\"@type\":\"EntryPoint\",\"urlTemplate\":\"https:\\\/\\\/soliton-gmbh.de\\\/?s={search_term_string}\"},\"query-input\":{\"@type\":\"PropertyValueSpecification\",\"valueRequired\":true,\"valueName\":\"search_term_string\"}}],\"inLanguage\":\"en-US\"},{\"@type\":\"Organization\",\"@id\":\"https:\\\/\\\/soliton-gmbh.de\\\/#organization\",\"name\":\"Soliton GmbH\",\"url\":\"https:\\\/\\\/soliton-gmbh.de\\\/\",\"logo\":{\"@type\":\"ImageObject\",\"inLanguage\":\"en-US\",\"@id\":\"https:\\\/\\\/soliton-gmbh.de\\\/#\\\/schema\\\/logo\\\/image\\\/\",\"url\":\"https:\\\/\\\/soliton-gmbh.de\\\/wp-content\\\/uploads\\\/2022\\\/08\\\/cropped-soliton-logo.png\",\"contentUrl\":\"https:\\\/\\\/soliton-gmbh.de\\\/wp-content\\\/uploads\\\/2022\\\/08\\\/cropped-soliton-logo.png\",\"width\":500,\"height\":350,\"caption\":\"Soliton GmbH\"},\"image\":{\"@id\":\"https:\\\/\\\/soliton-gmbh.de\\\/#\\\/schema\\\/logo\\\/image\\\/\"}}]}<\/script>\n<meta property=\"product:price:amount\" content=\"0.00\" \/>\n<meta property=\"product:price:currency\" content=\"EUR\" \/>\n<meta property=\"og:availability\" content=\"instock\" \/>\n<meta property=\"product:availability\" content=\"instock\" \/>\n<meta property=\"product:condition\" content=\"new\" \/>\n<!-- \/ Yoast SEO Premium plugin. -->","yoast_head_json":{"title":"X-Trace LIBS Spectrometer - Soliton","description":"The X-Trace is a mobile LIBS analyzer for remote and in-situ analysis of materials. With state-of-the-art technology and user-friendly software, it delivers precise results in real time, even over long distances.","robots":{"index":"index","follow":"follow","max-snippet":"max-snippet:-1","max-image-preview":"max-image-preview:large","max-video-preview":"max-video-preview:-1"},"canonical":"https:\/\/soliton-gmbh.de\/en\/product\/x-trace-libs-spectrometer\/","og_locale":"en_US","og_type":"article","og_title":"X-Trace LIBS Spektrometer","og_description":"Das X-Trace ist ein mobiles LIBS-Analyseger\u00e4t f\u00fcr die ortsferne und In-situ-Analyse von Materialien. Mit modernster Technologie und benutzerfreundlicher Software liefert es pr\u00e4zise Ergebnisse in Echtzeit, selbst \u00fcber gro\u00dfe Entfernungen.","og_url":"https:\/\/soliton-gmbh.de\/en\/product\/x-trace-libs-spectrometer\/","og_site_name":"Soliton Laser- und Messtechnik GmbH","article_modified_time":"2024-09-04T12:17:27+00:00","og_image":[{"width":799,"height":591,"url":"https:\/\/soliton-gmbh.de\/wp-content\/uploads\/2023\/03\/Xtrace.jpg","type":"image\/jpeg"}],"twitter_card":"summary_large_image","twitter_misc":{"Price":"&euro;0.00","Availability":"In stock"},"schema":{"@context":"https:\/\/schema.org","@graph":[{"@type":"WebPage","@id":"https:\/\/soliton-gmbh.de\/en\/product\/x-trace-libs-spectrometer\/","url":"https:\/\/soliton-gmbh.de\/en\/product\/x-trace-libs-spectrometer\/","name":"X-Trace LIBS Spectrometer - Soliton","isPartOf":{"@id":"https:\/\/soliton-gmbh.de\/#website"},"primaryImageOfPage":{"@id":"https:\/\/soliton-gmbh.de\/en\/product\/x-trace-libs-spectrometer\/#primaryimage"},"image":{"@id":"https:\/\/soliton-gmbh.de\/en\/product\/x-trace-libs-spectrometer\/#primaryimage"},"thumbnailUrl":"https:\/\/soliton-gmbh.de\/wp-content\/uploads\/2023\/03\/Xtrace.jpg","datePublished":"2023-03-06T14:14:15+00:00","dateModified":"2024-09-04T12:17:27+00:00","description":"The X-Trace is a mobile LIBS analyzer for remote and in-situ analysis of materials. With state-of-the-art technology and user-friendly software, it delivers precise results in real time, even over long distances.","breadcrumb":{"@id":"https:\/\/soliton-gmbh.de\/en\/product\/x-trace-libs-spectrometer\/#breadcrumb"},"inLanguage":"en-US","potentialAction":[{"@type":"ReadAction","target":["https:\/\/soliton-gmbh.de\/en\/product\/x-trace-libs-spectrometer\/"]}]},{"@type":"ImageObject","inLanguage":"en-US","@id":"https:\/\/soliton-gmbh.de\/en\/product\/x-trace-libs-spectrometer\/#primaryimage","url":"https:\/\/soliton-gmbh.de\/wp-content\/uploads\/2023\/03\/Xtrace.jpg","contentUrl":"https:\/\/soliton-gmbh.de\/wp-content\/uploads\/2023\/03\/Xtrace.jpg","width":799,"height":591,"caption":"X-Trace, LIBS-Analyseger\u00e4t"},{"@type":"BreadcrumbList","@id":"https:\/\/soliton-gmbh.de\/en\/product\/x-trace-libs-spectrometer\/#breadcrumb","itemListElement":[{"@type":"ListItem","position":1,"name":"Startseite","item":"https:\/\/soliton-gmbh.de\/"},{"@type":"ListItem","position":2,"name":"Produkte","item":"https:\/\/soliton-gmbh.de\/produkte\/"},{"@type":"ListItem","position":3,"name":"X-Trace LIBS Spektrometer"}]},{"@type":"WebSite","@id":"https:\/\/soliton-gmbh.de\/#website","url":"https:\/\/soliton-gmbh.de\/","name":"Soliton Laser- und Messtechnik GmbH","description":"","publisher":{"@id":"https:\/\/soliton-gmbh.de\/#organization"},"potentialAction":[{"@type":"SearchAction","target":{"@type":"EntryPoint","urlTemplate":"https:\/\/soliton-gmbh.de\/?s={search_term_string}"},"query-input":{"@type":"PropertyValueSpecification","valueRequired":true,"valueName":"search_term_string"}}],"inLanguage":"en-US"},{"@type":"Organization","@id":"https:\/\/soliton-gmbh.de\/#organization","name":"Soliton GmbH","url":"https:\/\/soliton-gmbh.de\/","logo":{"@type":"ImageObject","inLanguage":"en-US","@id":"https:\/\/soliton-gmbh.de\/#\/schema\/logo\/image\/","url":"https:\/\/soliton-gmbh.de\/wp-content\/uploads\/2022\/08\/cropped-soliton-logo.png","contentUrl":"https:\/\/soliton-gmbh.de\/wp-content\/uploads\/2022\/08\/cropped-soliton-logo.png","width":500,"height":350,"caption":"Soliton GmbH"},"image":{"@id":"https:\/\/soliton-gmbh.de\/#\/schema\/logo\/image\/"}}]},"product_price_amount":"0.00","product_price_currency":"EUR","og_availability":"instock","product_availability":"instock","product_condition":"new"},"uagb_featured_image_src":{"full":["https:\/\/soliton-gmbh.de\/wp-content\/uploads\/2023\/03\/Xtrace.jpg",799,591,false],"thumbnail":["https:\/\/soliton-gmbh.de\/wp-content\/uploads\/2023\/03\/Xtrace-150x150.jpg",150,150,true],"medium":["https:\/\/soliton-gmbh.de\/wp-content\/uploads\/2023\/03\/Xtrace-300x222.jpg",300,222,true],"medium_large":["https:\/\/soliton-gmbh.de\/wp-content\/uploads\/2023\/03\/Xtrace-768x568.jpg",768,568,true],"large":["https:\/\/soliton-gmbh.de\/wp-content\/uploads\/2023\/03\/Xtrace.jpg",799,591,false],"1536x1536":["https:\/\/soliton-gmbh.de\/wp-content\/uploads\/2023\/03\/Xtrace.jpg",799,591,false],"2048x2048":["https:\/\/soliton-gmbh.de\/wp-content\/uploads\/2023\/03\/Xtrace.jpg",799,591,false],"trp-custom-language-flag":["https:\/\/soliton-gmbh.de\/wp-content\/uploads\/2023\/03\/Xtrace-16x12.jpg",16,12,true],"woocommerce_thumbnail":["https:\/\/soliton-gmbh.de\/wp-content\/uploads\/2023\/03\/Xtrace-600x444.jpg",600,444,true],"woocommerce_single":["https:\/\/soliton-gmbh.de\/wp-content\/uploads\/2023\/03\/Xtrace.jpg",799,591,false],"woocommerce_gallery_thumbnail":["https:\/\/soliton-gmbh.de\/wp-content\/uploads\/2023\/03\/Xtrace-300x300.jpg",300,300,true]},"uagb_author_info":{"display_name":"Daniel Wagner","author_link":"https:\/\/soliton-gmbh.de\/en\/author\/"},"uagb_comment_info":0,"uagb_excerpt":"Mobiles Labor f\u00fcr spektrochemische Analysen Fernanalyse bis zu einer Entfernung von mindestens 20 m Modularer Aufbau Moderne Technologie Benutzerfreundliche Steuerung Ansprechpartner: Thomas Walter","_links":{"self":[{"href":"https:\/\/soliton-gmbh.de\/en\/wp-json\/wp\/v2\/product\/5627","targetHints":{"allow":["GET"]}}],"collection":[{"href":"https:\/\/soliton-gmbh.de\/en\/wp-json\/wp\/v2\/product"}],"about":[{"href":"https:\/\/soliton-gmbh.de\/en\/wp-json\/wp\/v2\/types\/product"}],"wp:featuredmedia":[{"embeddable":true,"href":"https:\/\/soliton-gmbh.de\/en\/wp-json\/wp\/v2\/media\/5628"}],"wp:attachment":[{"href":"https:\/\/soliton-gmbh.de\/en\/wp-json\/wp\/v2\/media?parent=5627"}],"wp:term":[{"taxonomy":"product_brand","embeddable":true,"href":"https:\/\/soliton-gmbh.de\/en\/wp-json\/wp\/v2\/product_brand?post=5627"},{"taxonomy":"product_cat","embeddable":true,"href":"https:\/\/soliton-gmbh.de\/en\/wp-json\/wp\/v2\/product_cat?post=5627"},{"taxonomy":"product_tag","embeddable":true,"href":"https:\/\/soliton-gmbh.de\/en\/wp-json\/wp\/v2\/product_tag?post=5627"}],"curies":[{"name":"wp","href":"https:\/\/api.w.org\/{rel}","templated":true}]}}