{"id":5624,"date":"2023-03-06T15:10:21","date_gmt":"2023-03-06T14:10:21","guid":{"rendered":"https:\/\/soliton.selectcode.io\/?post_type=product&#038;p=5624"},"modified":"2026-04-16T00:05:06","modified_gmt":"2026-04-15T22:05:06","slug":"m-trace-mobile-libs-spectrometer","status":"publish","type":"product","link":"https:\/\/soliton-gmbh.de\/en\/produkt\/m-trace-mobiles-libs-spektrometer\/","title":{"rendered":"M-Trace \u2013 mobile LIBS spectrometer"},"content":{"rendered":"<p data-sourcepos=\"1:1-1:301\">The M-Trace is a mobile and user-friendly device for rapid elemental analysis using Laser-Induced Plasma Spectroscopy (LIBS). It not only delivers fast results, but also enables high-resolution 2D elemental distributions and depth profiles of multilayer materials.<\/p>\n<p data-sourcepos=\"3:1-3:256\">Thanks to its ease of use and the ability to analyze samples without complex preparation, the M-Trace is also ideal for use on site \u2013 be it in mining, geology, archaeology or other demanding environments.<\/p>\n<p data-sourcepos=\"5:1-5:231\">The M-Trace is not only easy to transport, but also robust and independent of external power sources. It thus offers its own mobile laboratory for fast and reliable elemental analysis wherever it is needed.<\/p>\n<p data-sourcepos=\"7:1-7:174\">In addition, users can extend the functionality of the M-Trace and adapt it to their specific needs using various sample holders and optional gas modules.<\/p>\n<p data-sourcepos=\"9:1-9:256\">Long waiting times for laboratory results are now a thing of the past. Instead, users benefit from fast and efficient elemental analysis directly on site, which saves time and resources and enables informed decisions.<\/p>","protected":false},"excerpt":{"rendered":"<p><a href=\"https:\/\/soliton-gmbh.de\/wp-content\/uploads\/2022\/10\/logo-atomtrace-final.png\"><img loading=\"lazy\" decoding=\"async\" class=\"alignnone wp-image-5623\" src=\"https:\/\/soliton-gmbh.de\/wp-content\/uploads\/2022\/10\/logo-atomtrace-final.png\" alt=\"AtomTrace\" width=\"160\" height=\"36\" srcset=\"https:\/\/soliton-gmbh.de\/wp-content\/uploads\/2022\/10\/logo-atomtrace-final.png 205w, https:\/\/soliton-gmbh.de\/wp-content\/uploads\/2022\/10\/logo-atomtrace-final-18x4.png 18w, https:\/\/soliton-gmbh.de\/wp-content\/uploads\/2022\/10\/logo-atomtrace-final-200x46.png 200w\" sizes=\"auto, (max-width: 160px) 100vw, 160px\" \/><\/a><\/p>\n<ul>\n<li>All-in-One - No additional devices required.<\/li>\n<li>User-friendly - Easy operation with wireless industrial tablet.<\/li>\n<li>Safe - No additional protection required (laser class 1).<\/li>\n<li>Portable - Weight only up to 30kg.<\/li>\n<li>Fast 3D chemical mapping - No sample preparation required.<\/li>\n<li>Vacuum and gas purge (He, Ar, etc.) supported.<\/li>\n<li>On Site \u2013 Replaceable batteries and power cords.<\/li>\n<\/ul>","protected":false},"featured_media":6196,"template":"","meta":{"_acf_changed":false,"_uag_custom_page_level_css":"","site-sidebar-layout":"default","site-content-layout":"default","ast-site-content-layout":"default","site-content-style":"default","site-sidebar-style":"default","ast-global-header-display":"","ast-banner-title-visibility":"","ast-main-header-display":"","ast-hfb-above-header-display":"","ast-hfb-below-header-display":"","ast-hfb-mobile-header-display":"","site-post-title":"","ast-breadcrumbs-content":"","ast-featured-img":"","footer-sml-layout":"","ast-disable-related-posts":"","theme-transparent-header-meta":"default","adv-header-id-meta":"","stick-header-meta":"default","header-above-stick-meta":"","header-main-stick-meta":"","header-below-stick-meta":"","astra-migrate-meta-layouts":"set","ast-page-background-enabled":"default","ast-page-background-meta":{"desktop":{"background-color":"","background-image":"","background-repeat":"repeat","background-position":"center center","background-size":"auto","background-attachment":"scroll","background-type":"","background-media":"","overlay-type":"","overlay-color":"","overlay-opacity":"","overlay-gradient":""},"tablet":{"background-color":"","background-image":"","background-repeat":"repeat","background-position":"center center","background-size":"auto","background-attachment":"scroll","background-type":"","background-media":"","overlay-type":"","overlay-color":"","overlay-opacity":"","overlay-gradient":""},"mobile":{"background-color":"","background-image":"","background-repeat":"repeat","background-position":"center center","background-size":"auto","background-attachment":"scroll","background-type":"","background-media":"","overlay-type":"","overlay-color":"","overlay-opacity":"","overlay-gradient":""}},"ast-content-background-meta":{"desktop":{"background-color":"var(--ast-global-color-5)","background-image":"","background-repeat":"repeat","background-position":"center center","background-size":"auto","background-attachment":"scroll","background-type":"","background-media":"","overlay-type":"","overlay-color":"","overlay-opacity":"","overlay-gradient":""},"tablet":{"background-color":"var(--ast-global-color-5)","background-image":"","background-repeat":"repeat","background-position":"center center","background-size":"auto","background-attachment":"scroll","background-type":"","background-media":"","overlay-type":"","overlay-color":"","overlay-opacity":"","overlay-gradient":""},"mobile":{"background-color":"var(--ast-global-color-5)","background-image":"","background-repeat":"repeat","background-position":"center center","background-size":"auto","background-attachment":"scroll","background-type":"","background-media":"","overlay-type":"","overlay-color":"","overlay-opacity":"","overlay-gradient":""}}},"product_brand":[1605],"product_cat":[89,84],"product_tag":[462,457,461,464,467,460,468,466,456,454,453,463,455,459,465,458],"class_list":{"0":"post-5624","1":"product","2":"type-product","3":"status-publish","4":"has-post-thumbnail","6":"product_brand-atom-trace","7":"product_cat-libs-spektrometer","8":"product_cat-spektrometer","9":"product_tag-archaeologie","10":"product_tag-atomtrace","11":"product_tag-bergbau","12":"product_tag-elementbestimmung","13":"product_tag-forschung","14":"product_tag-geologie","15":"product_tag-industrie","16":"product_tag-laborgeraet","17":"product_tag-laser-induzierte-plasmaspektroskopie","18":"product_tag-libs-analysegeraet","19":"product_tag-m-trace","20":"product_tag-materialanalyse","21":"product_tag-mobile-elementaranalyse","22":"product_tag-schnelle-analyse","23":"product_tag-spektroskopie","24":"product_tag-vor-ort-analyse","25":"desktop-align-left","26":"tablet-align-center","27":"mobile-align-center","28":"ast-product-gallery-layout-horizontal-slider","29":"ast-product-gallery-with-no-image","30":"ast-magnify-disabled","31":"ast-product-tabs-layout-horizontal","33":"first","34":"instock","35":"downloadable","36":"virtual","37":"sold-individually","38":"purchasable","39":"product-type-simple"},"acf":[],"yoast_head":"<!-- This site is optimized with the Yoast SEO Premium plugin v27.2 (Yoast SEO v27.4) - https:\/\/yoast.com\/product\/yoast-seo-premium-wordpress\/ -->\n<title>M-Trace - mobiles LIBS Spektrometer - Soliton<\/title>\n<meta name=\"description\" content=\"Das M-Trace ist ein portables LIBS-Analyseger\u00e4t f\u00fcr die schnelle und einfache Elementaranalyse vor Ort. Ideal f\u00fcr Geologie, Bergbau, Arch\u00e4ologie und mehr. Erhalten Sie schnelle Ergebnisse ohne Probenvorbereitung.\" \/>\n<meta name=\"robots\" content=\"index, follow, max-snippet:-1, max-image-preview:large, max-video-preview:-1\" \/>\n<link rel=\"canonical\" href=\"https:\/\/soliton-gmbh.de\/en\/product\/m-trace-mobile-libs-spectrometer\/\" \/>\n<meta property=\"og:locale\" content=\"en_US\" \/>\n<meta property=\"og:type\" content=\"article\" \/>\n<meta property=\"og:title\" content=\"M-Trace - mobiles LIBS Spektrometer\" \/>\n<meta property=\"og:description\" content=\"Das M-Trace ist ein portables LIBS-Analyseger\u00e4t f\u00fcr die schnelle und einfache Elementaranalyse vor Ort. Ideal f\u00fcr Geologie, Bergbau, Arch\u00e4ologie und mehr. Erhalten Sie schnelle Ergebnisse ohne Probenvorbereitung.\" \/>\n<meta property=\"og:url\" content=\"https:\/\/soliton-gmbh.de\/en\/product\/m-trace-mobile-libs-spectrometer\/\" \/>\n<meta property=\"og:site_name\" content=\"Soliton Laser- und Messtechnik GmbH\" \/>\n<meta property=\"article:modified_time\" content=\"2026-04-15T22:05:06+00:00\" \/>\n<meta property=\"og:image\" content=\"https:\/\/soliton-gmbh.de\/wp-content\/uploads\/2023\/03\/AtomTrace03.jpg\" \/>\n\t<meta property=\"og:image:width\" content=\"1250\" \/>\n\t<meta property=\"og:image:height\" content=\"993\" \/>\n\t<meta property=\"og:image:type\" content=\"image\/jpeg\" \/>\n<meta name=\"twitter:card\" content=\"summary_large_image\" \/>\n<meta name=\"twitter:label1\" content=\"Price\" \/>\n\t<meta name=\"twitter:data1\" content=\"&euro;0.00\" \/>\n\t<meta name=\"twitter:label2\" content=\"Availability\" \/>\n\t<meta name=\"twitter:data2\" content=\"In stock\" \/>\n<script type=\"application\/ld+json\" class=\"yoast-schema-graph\">{\"@context\":\"https:\\\/\\\/schema.org\",\"@graph\":[{\"@type\":\"WebPage\",\"@id\":\"https:\\\/\\\/soliton-gmbh.de\\\/produkt\\\/m-trace-mobiles-libs-spektrometer\\\/\",\"url\":\"https:\\\/\\\/soliton-gmbh.de\\\/produkt\\\/m-trace-mobiles-libs-spektrometer\\\/\",\"name\":\"M-Trace - mobiles LIBS Spektrometer - Soliton\",\"isPartOf\":{\"@id\":\"https:\\\/\\\/soliton-gmbh.de\\\/#website\"},\"primaryImageOfPage\":{\"@id\":\"https:\\\/\\\/soliton-gmbh.de\\\/produkt\\\/m-trace-mobiles-libs-spektrometer\\\/#primaryimage\"},\"image\":{\"@id\":\"https:\\\/\\\/soliton-gmbh.de\\\/produkt\\\/m-trace-mobiles-libs-spektrometer\\\/#primaryimage\"},\"thumbnailUrl\":\"https:\\\/\\\/soliton-gmbh.de\\\/wp-content\\\/uploads\\\/2023\\\/03\\\/AtomTrace03.jpg\",\"datePublished\":\"2023-03-06T14:10:21+00:00\",\"dateModified\":\"2026-04-15T22:05:06+00:00\",\"description\":\"Das M-Trace ist ein portables LIBS-Analyseger\u00e4t f\u00fcr die schnelle und einfache Elementaranalyse vor Ort. Ideal f\u00fcr Geologie, Bergbau, Arch\u00e4ologie und mehr. Erhalten Sie schnelle Ergebnisse ohne Probenvorbereitung.\",\"breadcrumb\":{\"@id\":\"https:\\\/\\\/soliton-gmbh.de\\\/produkt\\\/m-trace-mobiles-libs-spektrometer\\\/#breadcrumb\"},\"inLanguage\":\"en-US\",\"potentialAction\":[{\"@type\":\"ReadAction\",\"target\":[\"https:\\\/\\\/soliton-gmbh.de\\\/produkt\\\/m-trace-mobiles-libs-spektrometer\\\/\"]}]},{\"@type\":\"ImageObject\",\"inLanguage\":\"en-US\",\"@id\":\"https:\\\/\\\/soliton-gmbh.de\\\/produkt\\\/m-trace-mobiles-libs-spektrometer\\\/#primaryimage\",\"url\":\"https:\\\/\\\/soliton-gmbh.de\\\/wp-content\\\/uploads\\\/2023\\\/03\\\/AtomTrace03.jpg\",\"contentUrl\":\"https:\\\/\\\/soliton-gmbh.de\\\/wp-content\\\/uploads\\\/2023\\\/03\\\/AtomTrace03.jpg\",\"width\":1250,\"height\":993,\"caption\":\"M-Trace, LIBS-Analyseger\u00e4t\"},{\"@type\":\"BreadcrumbList\",\"@id\":\"https:\\\/\\\/soliton-gmbh.de\\\/produkt\\\/m-trace-mobiles-libs-spektrometer\\\/#breadcrumb\",\"itemListElement\":[{\"@type\":\"ListItem\",\"position\":1,\"name\":\"Startseite\",\"item\":\"https:\\\/\\\/soliton-gmbh.de\\\/\"},{\"@type\":\"ListItem\",\"position\":2,\"name\":\"Produkte\",\"item\":\"https:\\\/\\\/soliton-gmbh.de\\\/produkte\\\/\"},{\"@type\":\"ListItem\",\"position\":3,\"name\":\"M-Trace &#8211; mobiles LIBS Spektrometer\"}]},{\"@type\":\"WebSite\",\"@id\":\"https:\\\/\\\/soliton-gmbh.de\\\/#website\",\"url\":\"https:\\\/\\\/soliton-gmbh.de\\\/\",\"name\":\"Soliton Laser- und Messtechnik GmbH\",\"description\":\"\",\"publisher\":{\"@id\":\"https:\\\/\\\/soliton-gmbh.de\\\/#organization\"},\"potentialAction\":[{\"@type\":\"SearchAction\",\"target\":{\"@type\":\"EntryPoint\",\"urlTemplate\":\"https:\\\/\\\/soliton-gmbh.de\\\/?s={search_term_string}\"},\"query-input\":{\"@type\":\"PropertyValueSpecification\",\"valueRequired\":true,\"valueName\":\"search_term_string\"}}],\"inLanguage\":\"en-US\"},{\"@type\":\"Organization\",\"@id\":\"https:\\\/\\\/soliton-gmbh.de\\\/#organization\",\"name\":\"Soliton GmbH\",\"url\":\"https:\\\/\\\/soliton-gmbh.de\\\/\",\"logo\":{\"@type\":\"ImageObject\",\"inLanguage\":\"en-US\",\"@id\":\"https:\\\/\\\/soliton-gmbh.de\\\/#\\\/schema\\\/logo\\\/image\\\/\",\"url\":\"https:\\\/\\\/soliton-gmbh.de\\\/wp-content\\\/uploads\\\/2022\\\/08\\\/cropped-soliton-logo.png\",\"contentUrl\":\"https:\\\/\\\/soliton-gmbh.de\\\/wp-content\\\/uploads\\\/2022\\\/08\\\/cropped-soliton-logo.png\",\"width\":500,\"height\":350,\"caption\":\"Soliton GmbH\"},\"image\":{\"@id\":\"https:\\\/\\\/soliton-gmbh.de\\\/#\\\/schema\\\/logo\\\/image\\\/\"}}]}<\/script>\n<meta property=\"product:price:amount\" content=\"0.00\" \/>\n<meta property=\"product:price:currency\" content=\"EUR\" \/>\n<meta property=\"og:availability\" content=\"instock\" \/>\n<meta property=\"product:availability\" content=\"instock\" \/>\n<meta property=\"product:condition\" content=\"new\" \/>\n<!-- \/ Yoast SEO Premium plugin. -->","yoast_head_json":{"title":"M-Trace - mobile LIBS spectrometer - Soliton","description":"The M-Trace is a portable LIBS analyzer for quick and easy on-site elemental analysis. Ideal for geology, mining, archaeology and more. Get fast results without sample preparation.","robots":{"index":"index","follow":"follow","max-snippet":"max-snippet:-1","max-image-preview":"max-image-preview:large","max-video-preview":"max-video-preview:-1"},"canonical":"https:\/\/soliton-gmbh.de\/en\/product\/m-trace-mobile-libs-spectrometer\/","og_locale":"en_US","og_type":"article","og_title":"M-Trace - mobiles LIBS Spektrometer","og_description":"Das M-Trace ist ein portables LIBS-Analyseger\u00e4t f\u00fcr die schnelle und einfache Elementaranalyse vor Ort. Ideal f\u00fcr Geologie, Bergbau, Arch\u00e4ologie und mehr. Erhalten Sie schnelle Ergebnisse ohne Probenvorbereitung.","og_url":"https:\/\/soliton-gmbh.de\/en\/product\/m-trace-mobile-libs-spectrometer\/","og_site_name":"Soliton Laser- und Messtechnik GmbH","article_modified_time":"2026-04-15T22:05:06+00:00","og_image":[{"width":1250,"height":993,"url":"https:\/\/soliton-gmbh.de\/wp-content\/uploads\/2023\/03\/AtomTrace03.jpg","type":"image\/jpeg"}],"twitter_card":"summary_large_image","twitter_misc":{"Price":"&euro;0.00","Availability":"In stock"},"schema":{"@context":"https:\/\/schema.org","@graph":[{"@type":"WebPage","@id":"https:\/\/soliton-gmbh.de\/produkt\/m-trace-mobiles-libs-spektrometer\/","url":"https:\/\/soliton-gmbh.de\/produkt\/m-trace-mobiles-libs-spektrometer\/","name":"M-Trace - mobile LIBS spectrometer - Soliton","isPartOf":{"@id":"https:\/\/soliton-gmbh.de\/#website"},"primaryImageOfPage":{"@id":"https:\/\/soliton-gmbh.de\/produkt\/m-trace-mobiles-libs-spektrometer\/#primaryimage"},"image":{"@id":"https:\/\/soliton-gmbh.de\/produkt\/m-trace-mobiles-libs-spektrometer\/#primaryimage"},"thumbnailUrl":"https:\/\/soliton-gmbh.de\/wp-content\/uploads\/2023\/03\/AtomTrace03.jpg","datePublished":"2023-03-06T14:10:21+00:00","dateModified":"2026-04-15T22:05:06+00:00","description":"The M-Trace is a portable LIBS analyzer for quick and easy on-site elemental analysis. Ideal for geology, mining, archaeology and more. Get fast results without sample preparation.","breadcrumb":{"@id":"https:\/\/soliton-gmbh.de\/produkt\/m-trace-mobiles-libs-spektrometer\/#breadcrumb"},"inLanguage":"en-US","potentialAction":[{"@type":"ReadAction","target":["https:\/\/soliton-gmbh.de\/produkt\/m-trace-mobiles-libs-spektrometer\/"]}]},{"@type":"ImageObject","inLanguage":"en-US","@id":"https:\/\/soliton-gmbh.de\/produkt\/m-trace-mobiles-libs-spektrometer\/#primaryimage","url":"https:\/\/soliton-gmbh.de\/wp-content\/uploads\/2023\/03\/AtomTrace03.jpg","contentUrl":"https:\/\/soliton-gmbh.de\/wp-content\/uploads\/2023\/03\/AtomTrace03.jpg","width":1250,"height":993,"caption":"M-Trace, LIBS-Analyseger\u00e4t"},{"@type":"BreadcrumbList","@id":"https:\/\/soliton-gmbh.de\/produkt\/m-trace-mobiles-libs-spektrometer\/#breadcrumb","itemListElement":[{"@type":"ListItem","position":1,"name":"Startseite","item":"https:\/\/soliton-gmbh.de\/"},{"@type":"ListItem","position":2,"name":"Produkte","item":"https:\/\/soliton-gmbh.de\/produkte\/"},{"@type":"ListItem","position":3,"name":"M-Trace &#8211; mobiles LIBS Spektrometer"}]},{"@type":"WebSite","@id":"https:\/\/soliton-gmbh.de\/#website","url":"https:\/\/soliton-gmbh.de\/","name":"Soliton Laser- und Messtechnik GmbH","description":"","publisher":{"@id":"https:\/\/soliton-gmbh.de\/#organization"},"potentialAction":[{"@type":"SearchAction","target":{"@type":"EntryPoint","urlTemplate":"https:\/\/soliton-gmbh.de\/?s={search_term_string}"},"query-input":{"@type":"PropertyValueSpecification","valueRequired":true,"valueName":"search_term_string"}}],"inLanguage":"en-US"},{"@type":"Organization","@id":"https:\/\/soliton-gmbh.de\/#organization","name":"Soliton GmbH","url":"https:\/\/soliton-gmbh.de\/","logo":{"@type":"ImageObject","inLanguage":"en-US","@id":"https:\/\/soliton-gmbh.de\/#\/schema\/logo\/image\/","url":"https:\/\/soliton-gmbh.de\/wp-content\/uploads\/2022\/08\/cropped-soliton-logo.png","contentUrl":"https:\/\/soliton-gmbh.de\/wp-content\/uploads\/2022\/08\/cropped-soliton-logo.png","width":500,"height":350,"caption":"Soliton GmbH"},"image":{"@id":"https:\/\/soliton-gmbh.de\/#\/schema\/logo\/image\/"}}]},"product_price_amount":"0.00","product_price_currency":"EUR","og_availability":"instock","product_availability":"instock","product_condition":"new"},"uagb_featured_image_src":{"full":["https:\/\/soliton-gmbh.de\/wp-content\/uploads\/2023\/03\/AtomTrace03.jpg",1250,993,false],"thumbnail":["https:\/\/soliton-gmbh.de\/wp-content\/uploads\/2023\/03\/AtomTrace03-150x150.jpg",150,150,true],"medium":["https:\/\/soliton-gmbh.de\/wp-content\/uploads\/2023\/03\/AtomTrace03-300x238.jpg",300,238,true],"medium_large":["https:\/\/soliton-gmbh.de\/wp-content\/uploads\/2023\/03\/AtomTrace03-768x610.jpg",768,610,true],"large":["https:\/\/soliton-gmbh.de\/wp-content\/uploads\/2023\/03\/AtomTrace03-1024x813.jpg",1024,813,true],"1536x1536":["https:\/\/soliton-gmbh.de\/wp-content\/uploads\/2023\/03\/AtomTrace03.jpg",1250,993,false],"2048x2048":["https:\/\/soliton-gmbh.de\/wp-content\/uploads\/2023\/03\/AtomTrace03.jpg",1250,993,false],"trp-custom-language-flag":["https:\/\/soliton-gmbh.de\/wp-content\/uploads\/2023\/03\/AtomTrace03-15x12.jpg",15,12,true],"woocommerce_thumbnail":["https:\/\/soliton-gmbh.de\/wp-content\/uploads\/2023\/03\/AtomTrace03-600x477.jpg",600,477,true],"woocommerce_single":["https:\/\/soliton-gmbh.de\/wp-content\/uploads\/2023\/03\/AtomTrace03-1200x953.jpg",1200,953,true],"woocommerce_gallery_thumbnail":["https:\/\/soliton-gmbh.de\/wp-content\/uploads\/2023\/03\/AtomTrace03-300x300.jpg",300,300,true]},"uagb_author_info":{"display_name":"Daniel Wagner","author_link":"https:\/\/soliton-gmbh.de\/en\/author\/"},"uagb_comment_info":0,"uagb_excerpt":"All-in-One - Keine zus\u00e4tzlichen Ger\u00e4te erforderlich. Benutzerfreundlich - Einfache Bedienung mit drahtlosen Industrie-Tablet. Sicher - Kein zus\u00e4tzlicher Schutz erforderlich (Laserklasse 1). Tragbar - Gewicht nur bis zu 30 kg. Schnelles chemisches 3D-Mapping - Keine Probenvorbereitung erforderlich. Vakuum und Gassp\u00fclung (He, Ar, usw.) unterst\u00fctzt. Vor Ort - Austauschbare Batterien und Netzkabel.","_links":{"self":[{"href":"https:\/\/soliton-gmbh.de\/en\/wp-json\/wp\/v2\/product\/5624","targetHints":{"allow":["GET"]}}],"collection":[{"href":"https:\/\/soliton-gmbh.de\/en\/wp-json\/wp\/v2\/product"}],"about":[{"href":"https:\/\/soliton-gmbh.de\/en\/wp-json\/wp\/v2\/types\/product"}],"wp:featuredmedia":[{"embeddable":true,"href":"https:\/\/soliton-gmbh.de\/en\/wp-json\/wp\/v2\/media\/6196"}],"wp:attachment":[{"href":"https:\/\/soliton-gmbh.de\/en\/wp-json\/wp\/v2\/media?parent=5624"}],"wp:term":[{"taxonomy":"product_brand","embeddable":true,"href":"https:\/\/soliton-gmbh.de\/en\/wp-json\/wp\/v2\/product_brand?post=5624"},{"taxonomy":"product_cat","embeddable":true,"href":"https:\/\/soliton-gmbh.de\/en\/wp-json\/wp\/v2\/product_cat?post=5624"},{"taxonomy":"product_tag","embeddable":true,"href":"https:\/\/soliton-gmbh.de\/en\/wp-json\/wp\/v2\/product_tag?post=5624"}],"curies":[{"name":"wp","href":"https:\/\/api.w.org\/{rel}","templated":true}]}}