{"id":5507,"date":"2023-02-28T10:17:37","date_gmt":"2023-02-28T09:17:37","guid":{"rendered":"https:\/\/soliton.selectcode.io\/?post_type=product&#038;p=5507"},"modified":"2026-04-16T00:03:32","modified_gmt":"2026-04-15T22:03:32","slug":"precision-linear-polarizer","status":"publish","type":"product","link":"https:\/\/soliton-gmbh.de\/en\/produkt\/praezisions-linearpolarisator\/","title":{"rendered":"Precision Linear Polarizers"},"content":{"rendered":"<h2 data-start=\"223\" data-end=\"298\">Vielseitiger Linearer Pr\u00e4zisions-Polarisator f\u00fcr Forschung und Industrie<\/h2>\n<p data-start=\"300\" data-end=\"454\"><span class=\"relative -mx-px my-[-0.2rem] rounded px-px py-[0.2rem] transition-colors duration-100 ease-in-out\">Der <strong data-start=\"4\" data-end=\"38\">Lineare Pr\u00e4zisions-Polarisator<\/strong> ist ein optisches Bauelement, das eine pr\u00e4zise Trennung von Polarisationsebenen erm\u00f6glicht.<\/span> <span class=\"relative -mx-px my-[-0.2rem] rounded px-px py-[0.2rem] transition-colors duration-100 ease-in-out\">Durch die Verwendung von dichroitischem Polarisatormaterial, das zwischen hochwertige Glassubstrate laminiert ist, erreicht dieser Polarisator eine \u00fcbertragene Wellenfrontverzerrung von weniger als \u03bb\/5 bei sichtbaren Wellenl\u00e4ngen.<\/span> <span class=\"relative -mx-px my-[-0.2rem] rounded px-px py-[0.2rem] transition-colors duration-100 ease-in-out\">Dies macht ihn ideal f\u00fcr Anwendungen, die eine exakte Kontrolle der Polarisation erfordern.<\/span><\/p>\n<h2 data-start=\"456\" data-end=\"515\">Technische Merkmale<\/h2>\n<p data-start=\"517\" data-end=\"715\"><span class=\"relative -mx-px my-[-0.2rem] rounded px-px py-[0.2rem] transition-colors duration-100 ease-in-out\">Der <strong data-start=\"4\" data-end=\"38\">Lineare Pr\u00e4zisions-Polarisator<\/strong> deckt einen breiten Wellenl\u00e4ngenbereich von 320 bis 2000\u202fnm ab und ist somit f\u00fcr verschiedene spektrale Anwendungen geeignet.<\/span> <span class=\"relative -mx-px my-[-0.2rem] rounded px-px py-[0.2rem] transition-colors duration-100 ease-in-out\">Sowohl sichtbare als auch Nahinfrarot-Polarisatoren werden mit einer hocheffizienten Breitband-Antireflexbeschichtung geliefert, w\u00e4hrend einlagige AR-Beschichtungen bei UV-Polarisatoren optional sind.<\/span> <span class=\"relative -mx-px my-[-0.2rem] rounded px-px py-[0.2rem] transition-colors duration-100 ease-in-out\">Die Bauweise gew\u00e4hrleistet eine geringe Wellenfrontverzerrung und eine hohe Oberfl\u00e4chenqualit\u00e4t, was zu einer verbesserten optischen Leistung f\u00fchrt.<\/span> <span class=\"relative -mx-px my-[-0.2rem] rounded px-px py-[0.2rem] transition-colors duration-100 ease-in-out\">Sowohl montierte als auch unmontierte Pr\u00e4zisions-Linearpolarisatoren werden standardm\u00e4\u00dfig angeboten, wobei die Achse auf dem Bauteil markiert ist, um die Verwendung zu erleichtern.<\/span><\/p>\n<h2 data-start=\"717\" data-end=\"775\">Anwendungsbereiche des Linearen Pr\u00e4zisions-Polarisators<\/h2>\n<p data-start=\"777\" data-end=\"1015\"><span class=\"relative -mx-px my-[-0.2rem] rounded px-px py-[0.2rem] transition-colors duration-100 ease-in-out\">Der <strong data-start=\"4\" data-end=\"38\">Polarisator<\/strong> findet Anwendung in verschiedenen Bereichen der Optik und Photonik, insbesondere dort, wo eine genaue Kontrolle und Analyse der Polarisation notwendig ist.<\/span> <span class=\"relative -mx-px my-[-0.2rem] rounded px-px py-[0.2rem] transition-colors duration-100 ease-in-out\">In der Spektroskopie erm\u00f6glicht er eine gezielte Auswahl polarisierten Lichts, wodurch Messgenauigkeit und Signaltreue verbessert werden.<\/span> <span class=\"relative -mx-px my-[-0.2rem] rounded px-px py-[0.2rem] transition-colors duration-100 ease-in-out\">In der Laseroptik findet der Lineare Pr\u00e4zisions-Polarisator Anwendung bei der Strahlformung, im Aufbau von Interferometern oder in der Strahlkonditionierung.<\/span> <span class=\"relative -mx-px my-[-0.2rem] rounded px-px py-[0.2rem] transition-colors duration-100 ease-in-out\">Auch in der polarimetrischen Bildgebung oder der optischen Messtechnik ist dieser Polarisator aufgrund seiner hohen Genauigkeit ein unverzichtbares Element.<\/span> <span class=\"relative -mx-px my-[-0.2rem] rounded px-px py-[0.2rem] transition-colors duration-100 ease-in-out\">Dar\u00fcber hinaus wird er in Forschungsbereichen wie Quantenoptik, Biophotonik oder der Halbleitercharakterisierung verwendet, wo exakte Polarisationsverh\u00e4ltnisse entscheidend f\u00fcr die Qualit\u00e4t und Aussagekraft der Ergebnisse sind.<\/span><\/p>\n","protected":false},"excerpt":{"rendered":"<p><a href=\"https:\/\/www.meadowlark.com\"><img loading=\"lazy\" decoding=\"async\" class=\"alignnone wp-image-5337\" src=\"https:\/\/soliton-gmbh.de\/wp-content\/uploads\/2023\/02\/4C-MLO-Logo-300x60.png\" alt=\"\" width=\"200\" height=\"40\" srcset=\"https:\/\/soliton-gmbh.de\/wp-content\/uploads\/2023\/02\/4C-MLO-Logo-300x60.png 300w, https:\/\/soliton-gmbh.de\/wp-content\/uploads\/2023\/02\/4C-MLO-Logo-600x120.png 600w, https:\/\/soliton-gmbh.de\/wp-content\/uploads\/2023\/02\/4C-MLO-Logo-1200x240.png 1200w, https:\/\/soliton-gmbh.de\/wp-content\/uploads\/2023\/02\/4C-MLO-Logo-1024x205.png 1024w, https:\/\/soliton-gmbh.de\/wp-content\/uploads\/2023\/02\/4C-MLO-Logo-768x154.png 768w, https:\/\/soliton-gmbh.de\/wp-content\/uploads\/2023\/02\/4C-MLO-Logo-18x4.png 18w, https:\/\/soliton-gmbh.de\/wp-content\/uploads\/2023\/02\/4C-MLO-Logo.png 1500w\" sizes=\"auto, (max-width: 200px) 100vw, 200px\" \/><\/a><\/p>\n<ul>\n<li>Excellent surface quality<\/li>\n<li>Wide angular acceptance<\/li>\n<li>Low transmitted wavefront distortion<\/li>\n<li>UV, visible and NIR wavelengths<\/li>\n<\/ul>","protected":false},"featured_media":5517,"template":"","meta":{"_acf_changed":false,"_uag_custom_page_level_css":"","site-sidebar-layout":"default","site-content-layout":"default","ast-site-content-layout":"default","site-content-style":"default","site-sidebar-style":"default","ast-global-header-display":"","ast-banner-title-visibility":"","ast-main-header-display":"","ast-hfb-above-header-display":"","ast-hfb-below-header-display":"","ast-hfb-mobile-header-display":"","site-post-title":"","ast-breadcrumbs-content":"","ast-featured-img":"","footer-sml-layout":"","ast-disable-related-posts":"","theme-transparent-header-meta":"default","adv-header-id-meta":"","stick-header-meta":"default","header-above-stick-meta":"","header-main-stick-meta":"","header-below-stick-meta":"","astra-migrate-meta-layouts":"set","ast-page-background-enabled":"default","ast-page-background-meta":{"desktop":{"background-color":"","background-image":"","background-repeat":"repeat","background-position":"center center","background-size":"auto","background-attachment":"scroll","background-type":"","background-media":"","overlay-type":"","overlay-color":"","overlay-opacity":"","overlay-gradient":""},"tablet":{"background-color":"","background-image":"","background-repeat":"repeat","background-position":"center center","background-size":"auto","background-attachment":"scroll","background-type":"","background-media":"","overlay-type":"","overlay-color":"","overlay-opacity":"","overlay-gradient":""},"mobile":{"background-color":"","background-image":"","background-repeat":"repeat","background-position":"center center","background-size":"auto","background-attachment":"scroll","background-type":"","background-media":"","overlay-type":"","overlay-color":"","overlay-opacity":"","overlay-gradient":""}},"ast-content-background-meta":{"desktop":{"background-color":"var(--ast-global-color-5)","background-image":"","background-repeat":"repeat","background-position":"center center","background-size":"auto","background-attachment":"scroll","background-type":"","background-media":"","overlay-type":"","overlay-color":"","overlay-opacity":"","overlay-gradient":""},"tablet":{"background-color":"var(--ast-global-color-5)","background-image":"","background-repeat":"repeat","background-position":"center center","background-size":"auto","background-attachment":"scroll","background-type":"","background-media":"","overlay-type":"","overlay-color":"","overlay-opacity":"","overlay-gradient":""},"mobile":{"background-color":"var(--ast-global-color-5)","background-image":"","background-repeat":"repeat","background-position":"center center","background-size":"auto","background-attachment":"scroll","background-type":"","background-media":"","overlay-type":"","overlay-color":"","overlay-opacity":"","overlay-gradient":""}}},"product_brand":[1609],"product_cat":[27,32,75],"product_tag":[1431,1435,1432,1427,1434,1417,1430,1416,1338,465],"class_list":{"0":"post-5507","1":"product","2":"type-product","3":"status-publish","4":"has-post-thumbnail","6":"product_brand-meadowlark-optics","7":"product_cat-laser","8":"product_cat-optik","9":"product_cat-polarisatoren","10":"product_tag-biophotonik","11":"product_tag-dichroitisches-polarisatormaterial","12":"product_tag-halbleitercharakterisierung","13":"product_tag-laseroptik","14":"product_tag-linearer-praezisions-polarisator","15":"product_tag-optische-polarisation","16":"product_tag-polarimetrische-bildgebung","17":"product_tag-polarisationstrennung","18":"product_tag-quantenoptik","19":"product_tag-spektroskopie","20":"desktop-align-left","21":"tablet-align-center","22":"mobile-align-center","23":"ast-product-gallery-layout-horizontal-slider","24":"ast-magnify-disabled","25":"ast-product-tabs-layout-horizontal","27":"first","28":"instock","29":"downloadable","30":"virtual","31":"sold-individually","32":"purchasable","33":"product-type-simple"},"acf":[],"yoast_head":"<!-- This site is optimized with the Yoast SEO Premium plugin v27.2 (Yoast SEO v27.4) - https:\/\/yoast.com\/product\/yoast-seo-premium-wordpress\/ -->\n<title>Lineare Pr\u00e4zisions-Polarisatoren - Soliton<\/title>\n<meta name=\"description\" content=\"Linearer Pr\u00e4zisions-Polarisator \u2013 pr\u00e4zise Polarisationstrennung f\u00fcr Spektroskopie, Laseroptik und Forschung. Jetzt bei Soliton entdecken!\" \/>\n<meta name=\"robots\" content=\"index, follow, max-snippet:-1, max-image-preview:large, max-video-preview:-1\" \/>\n<link rel=\"canonical\" href=\"https:\/\/soliton-gmbh.de\/en\/product\/precision-linear-polarizer\/\" \/>\n<meta property=\"og:locale\" content=\"en_US\" \/>\n<meta property=\"og:type\" content=\"article\" \/>\n<meta property=\"og:title\" content=\"Lineare Pr\u00e4zisions-Polarisatoren\" \/>\n<meta property=\"og:description\" content=\"Linearer Pr\u00e4zisions-Polarisator \u2013 pr\u00e4zise Polarisationstrennung f\u00fcr Spektroskopie, Laseroptik und Forschung. Jetzt bei Soliton entdecken!\" \/>\n<meta property=\"og:url\" content=\"https:\/\/soliton-gmbh.de\/en\/product\/precision-linear-polarizer\/\" \/>\n<meta property=\"og:site_name\" content=\"Soliton Laser- und Messtechnik GmbH\" \/>\n<meta property=\"article:modified_time\" content=\"2026-04-15T22:03:32+00:00\" \/>\n<meta property=\"og:image\" content=\"https:\/\/soliton-gmbh.de\/wp-content\/uploads\/2023\/02\/Precision-Linear-Polarizer.jpg\" \/>\n\t<meta property=\"og:image:width\" content=\"1500\" \/>\n\t<meta property=\"og:image:height\" content=\"1502\" \/>\n\t<meta property=\"og:image:type\" content=\"image\/jpeg\" \/>\n<meta name=\"twitter:card\" content=\"summary_large_image\" \/>\n<meta name=\"twitter:label1\" content=\"Price\" \/>\n\t<meta name=\"twitter:data1\" content=\"&euro;0.00\" \/>\n\t<meta name=\"twitter:label2\" content=\"Availability\" \/>\n\t<meta name=\"twitter:data2\" content=\"In stock\" \/>\n<script type=\"application\/ld+json\" class=\"yoast-schema-graph\">{\"@context\":\"https:\\\/\\\/schema.org\",\"@graph\":[{\"@type\":\"WebPage\",\"@id\":\"https:\\\/\\\/soliton-gmbh.de\\\/produkt\\\/praezisions-linearpolarisator\\\/\",\"url\":\"https:\\\/\\\/soliton-gmbh.de\\\/produkt\\\/praezisions-linearpolarisator\\\/\",\"name\":\"Lineare Pr\u00e4zisions-Polarisatoren - Soliton\",\"isPartOf\":{\"@id\":\"https:\\\/\\\/soliton-gmbh.de\\\/#website\"},\"primaryImageOfPage\":{\"@id\":\"https:\\\/\\\/soliton-gmbh.de\\\/produkt\\\/praezisions-linearpolarisator\\\/#primaryimage\"},\"image\":{\"@id\":\"https:\\\/\\\/soliton-gmbh.de\\\/produkt\\\/praezisions-linearpolarisator\\\/#primaryimage\"},\"thumbnailUrl\":\"https:\\\/\\\/soliton-gmbh.de\\\/wp-content\\\/uploads\\\/2023\\\/02\\\/Precision-Linear-Polarizer.jpg\",\"datePublished\":\"2023-02-28T09:17:37+00:00\",\"dateModified\":\"2026-04-15T22:03:32+00:00\",\"description\":\"Linearer Pr\u00e4zisions-Polarisator \u2013 pr\u00e4zise Polarisationstrennung f\u00fcr Spektroskopie, Laseroptik und Forschung. Jetzt bei Soliton entdecken!\",\"breadcrumb\":{\"@id\":\"https:\\\/\\\/soliton-gmbh.de\\\/produkt\\\/praezisions-linearpolarisator\\\/#breadcrumb\"},\"inLanguage\":\"en-US\",\"potentialAction\":[{\"@type\":\"ReadAction\",\"target\":[\"https:\\\/\\\/soliton-gmbh.de\\\/produkt\\\/praezisions-linearpolarisator\\\/\"]}]},{\"@type\":\"ImageObject\",\"inLanguage\":\"en-US\",\"@id\":\"https:\\\/\\\/soliton-gmbh.de\\\/produkt\\\/praezisions-linearpolarisator\\\/#primaryimage\",\"url\":\"https:\\\/\\\/soliton-gmbh.de\\\/wp-content\\\/uploads\\\/2023\\\/02\\\/Precision-Linear-Polarizer.jpg\",\"contentUrl\":\"https:\\\/\\\/soliton-gmbh.de\\\/wp-content\\\/uploads\\\/2023\\\/02\\\/Precision-Linear-Polarizer.jpg\",\"width\":1500,\"height\":1502,\"caption\":\"Linearer Pr\u00e4zisions-Polarisator \u2013 dichroitisches Polarisatormaterial f\u00fcr pr\u00e4zise Polarisationstrennung in optischen Anwendungen\"},{\"@type\":\"BreadcrumbList\",\"@id\":\"https:\\\/\\\/soliton-gmbh.de\\\/produkt\\\/praezisions-linearpolarisator\\\/#breadcrumb\",\"itemListElement\":[{\"@type\":\"ListItem\",\"position\":1,\"name\":\"Startseite\",\"item\":\"https:\\\/\\\/soliton-gmbh.de\\\/\"},{\"@type\":\"ListItem\",\"position\":2,\"name\":\"Produkte\",\"item\":\"https:\\\/\\\/soliton-gmbh.de\\\/produkte\\\/\"},{\"@type\":\"ListItem\",\"position\":3,\"name\":\"Lineare Pr\u00e4zisions-Polarisatoren\"}]},{\"@type\":\"WebSite\",\"@id\":\"https:\\\/\\\/soliton-gmbh.de\\\/#website\",\"url\":\"https:\\\/\\\/soliton-gmbh.de\\\/\",\"name\":\"Soliton Laser- und Messtechnik GmbH\",\"description\":\"\",\"publisher\":{\"@id\":\"https:\\\/\\\/soliton-gmbh.de\\\/#organization\"},\"potentialAction\":[{\"@type\":\"SearchAction\",\"target\":{\"@type\":\"EntryPoint\",\"urlTemplate\":\"https:\\\/\\\/soliton-gmbh.de\\\/?s={search_term_string}\"},\"query-input\":{\"@type\":\"PropertyValueSpecification\",\"valueRequired\":true,\"valueName\":\"search_term_string\"}}],\"inLanguage\":\"en-US\"},{\"@type\":\"Organization\",\"@id\":\"https:\\\/\\\/soliton-gmbh.de\\\/#organization\",\"name\":\"Soliton GmbH\",\"url\":\"https:\\\/\\\/soliton-gmbh.de\\\/\",\"logo\":{\"@type\":\"ImageObject\",\"inLanguage\":\"en-US\",\"@id\":\"https:\\\/\\\/soliton-gmbh.de\\\/#\\\/schema\\\/logo\\\/image\\\/\",\"url\":\"https:\\\/\\\/soliton-gmbh.de\\\/wp-content\\\/uploads\\\/2022\\\/08\\\/cropped-soliton-logo.png\",\"contentUrl\":\"https:\\\/\\\/soliton-gmbh.de\\\/wp-content\\\/uploads\\\/2022\\\/08\\\/cropped-soliton-logo.png\",\"width\":500,\"height\":350,\"caption\":\"Soliton GmbH\"},\"image\":{\"@id\":\"https:\\\/\\\/soliton-gmbh.de\\\/#\\\/schema\\\/logo\\\/image\\\/\"}}]}<\/script>\n<meta property=\"product:price:amount\" content=\"0.00\" \/>\n<meta property=\"product:price:currency\" content=\"EUR\" \/>\n<meta property=\"og:availability\" content=\"instock\" \/>\n<meta property=\"product:availability\" content=\"instock\" \/>\n<meta property=\"product:condition\" content=\"new\" \/>\n<!-- \/ Yoast SEO Premium plugin. -->","yoast_head_json":{"title":"Linear precision polarizers - Soliton","description":"Linear precision polarizer - precise polarization separation for spectroscopy, laser optics and research. Discover it now at Soliton!","robots":{"index":"index","follow":"follow","max-snippet":"max-snippet:-1","max-image-preview":"max-image-preview:large","max-video-preview":"max-video-preview:-1"},"canonical":"https:\/\/soliton-gmbh.de\/en\/product\/precision-linear-polarizer\/","og_locale":"en_US","og_type":"article","og_title":"Lineare Pr\u00e4zisions-Polarisatoren","og_description":"Linearer Pr\u00e4zisions-Polarisator \u2013 pr\u00e4zise Polarisationstrennung f\u00fcr Spektroskopie, Laseroptik und Forschung. Jetzt bei Soliton entdecken!","og_url":"https:\/\/soliton-gmbh.de\/en\/product\/precision-linear-polarizer\/","og_site_name":"Soliton Laser- und Messtechnik GmbH","article_modified_time":"2026-04-15T22:03:32+00:00","og_image":[{"width":1500,"height":1502,"url":"https:\/\/soliton-gmbh.de\/wp-content\/uploads\/2023\/02\/Precision-Linear-Polarizer.jpg","type":"image\/jpeg"}],"twitter_card":"summary_large_image","twitter_misc":{"Price":"&euro;0.00","Availability":"In stock"},"schema":{"@context":"https:\/\/schema.org","@graph":[{"@type":"WebPage","@id":"https:\/\/soliton-gmbh.de\/produkt\/praezisions-linearpolarisator\/","url":"https:\/\/soliton-gmbh.de\/produkt\/praezisions-linearpolarisator\/","name":"Linear precision polarizers - Soliton","isPartOf":{"@id":"https:\/\/soliton-gmbh.de\/#website"},"primaryImageOfPage":{"@id":"https:\/\/soliton-gmbh.de\/produkt\/praezisions-linearpolarisator\/#primaryimage"},"image":{"@id":"https:\/\/soliton-gmbh.de\/produkt\/praezisions-linearpolarisator\/#primaryimage"},"thumbnailUrl":"https:\/\/soliton-gmbh.de\/wp-content\/uploads\/2023\/02\/Precision-Linear-Polarizer.jpg","datePublished":"2023-02-28T09:17:37+00:00","dateModified":"2026-04-15T22:03:32+00:00","description":"Linear precision polarizer - precise polarization separation for spectroscopy, laser optics and research. Discover it now at Soliton!","breadcrumb":{"@id":"https:\/\/soliton-gmbh.de\/produkt\/praezisions-linearpolarisator\/#breadcrumb"},"inLanguage":"en-US","potentialAction":[{"@type":"ReadAction","target":["https:\/\/soliton-gmbh.de\/produkt\/praezisions-linearpolarisator\/"]}]},{"@type":"ImageObject","inLanguage":"en-US","@id":"https:\/\/soliton-gmbh.de\/produkt\/praezisions-linearpolarisator\/#primaryimage","url":"https:\/\/soliton-gmbh.de\/wp-content\/uploads\/2023\/02\/Precision-Linear-Polarizer.jpg","contentUrl":"https:\/\/soliton-gmbh.de\/wp-content\/uploads\/2023\/02\/Precision-Linear-Polarizer.jpg","width":1500,"height":1502,"caption":"Linearer Pr\u00e4zisions-Polarisator \u2013 dichroitisches Polarisatormaterial f\u00fcr pr\u00e4zise Polarisationstrennung in optischen Anwendungen"},{"@type":"BreadcrumbList","@id":"https:\/\/soliton-gmbh.de\/produkt\/praezisions-linearpolarisator\/#breadcrumb","itemListElement":[{"@type":"ListItem","position":1,"name":"Startseite","item":"https:\/\/soliton-gmbh.de\/"},{"@type":"ListItem","position":2,"name":"Produkte","item":"https:\/\/soliton-gmbh.de\/produkte\/"},{"@type":"ListItem","position":3,"name":"Lineare Pr\u00e4zisions-Polarisatoren"}]},{"@type":"WebSite","@id":"https:\/\/soliton-gmbh.de\/#website","url":"https:\/\/soliton-gmbh.de\/","name":"Soliton Laser- und Messtechnik GmbH","description":"","publisher":{"@id":"https:\/\/soliton-gmbh.de\/#organization"},"potentialAction":[{"@type":"SearchAction","target":{"@type":"EntryPoint","urlTemplate":"https:\/\/soliton-gmbh.de\/?s={search_term_string}"},"query-input":{"@type":"PropertyValueSpecification","valueRequired":true,"valueName":"search_term_string"}}],"inLanguage":"en-US"},{"@type":"Organization","@id":"https:\/\/soliton-gmbh.de\/#organization","name":"Soliton GmbH","url":"https:\/\/soliton-gmbh.de\/","logo":{"@type":"ImageObject","inLanguage":"en-US","@id":"https:\/\/soliton-gmbh.de\/#\/schema\/logo\/image\/","url":"https:\/\/soliton-gmbh.de\/wp-content\/uploads\/2022\/08\/cropped-soliton-logo.png","contentUrl":"https:\/\/soliton-gmbh.de\/wp-content\/uploads\/2022\/08\/cropped-soliton-logo.png","width":500,"height":350,"caption":"Soliton GmbH"},"image":{"@id":"https:\/\/soliton-gmbh.de\/#\/schema\/logo\/image\/"}}]},"product_price_amount":"0.00","product_price_currency":"EUR","og_availability":"instock","product_availability":"instock","product_condition":"new"},"uagb_featured_image_src":{"full":["https:\/\/soliton-gmbh.de\/wp-content\/uploads\/2023\/02\/Precision-Linear-Polarizer.jpg",1500,1502,false],"thumbnail":["https:\/\/soliton-gmbh.de\/wp-content\/uploads\/2023\/02\/Precision-Linear-Polarizer-150x150.jpg",150,150,true],"medium":["https:\/\/soliton-gmbh.de\/wp-content\/uploads\/2023\/02\/Precision-Linear-Polarizer-300x300.jpg",300,300,true],"medium_large":["https:\/\/soliton-gmbh.de\/wp-content\/uploads\/2023\/02\/Precision-Linear-Polarizer-768x769.jpg",768,769,true],"large":["https:\/\/soliton-gmbh.de\/wp-content\/uploads\/2023\/02\/Precision-Linear-Polarizer-1024x1024.jpg",1024,1024,true],"1536x1536":["https:\/\/soliton-gmbh.de\/wp-content\/uploads\/2023\/02\/Precision-Linear-Polarizer.jpg",1500,1502,false],"2048x2048":["https:\/\/soliton-gmbh.de\/wp-content\/uploads\/2023\/02\/Precision-Linear-Polarizer.jpg",1500,1502,false],"trp-custom-language-flag":["https:\/\/soliton-gmbh.de\/wp-content\/uploads\/2023\/02\/Precision-Linear-Polarizer-12x12.jpg",12,12,true],"woocommerce_thumbnail":["https:\/\/soliton-gmbh.de\/wp-content\/uploads\/2023\/02\/Precision-Linear-Polarizer-600x601.jpg",600,601,true],"woocommerce_single":["https:\/\/soliton-gmbh.de\/wp-content\/uploads\/2023\/02\/Precision-Linear-Polarizer-1200x1202.jpg",1200,1202,true],"woocommerce_gallery_thumbnail":["https:\/\/soliton-gmbh.de\/wp-content\/uploads\/2023\/02\/Precision-Linear-Polarizer-300x300.jpg",300,300,true]},"uagb_author_info":{"display_name":"Simon Zimmermann","author_link":"https:\/\/soliton-gmbh.de\/en\/author\/"},"uagb_comment_info":0,"uagb_excerpt":"Ausgezeichnete Oberfl\u00e4chenqualit\u00e4t Breite Eintrittswinkel Geringe \u00fcbertragene Wellenfrontverzerrung UV, sichtbar und NIR Wellenl\u00e4ngen","_links":{"self":[{"href":"https:\/\/soliton-gmbh.de\/en\/wp-json\/wp\/v2\/product\/5507","targetHints":{"allow":["GET"]}}],"collection":[{"href":"https:\/\/soliton-gmbh.de\/en\/wp-json\/wp\/v2\/product"}],"about":[{"href":"https:\/\/soliton-gmbh.de\/en\/wp-json\/wp\/v2\/types\/product"}],"wp:featuredmedia":[{"embeddable":true,"href":"https:\/\/soliton-gmbh.de\/en\/wp-json\/wp\/v2\/media\/5517"}],"wp:attachment":[{"href":"https:\/\/soliton-gmbh.de\/en\/wp-json\/wp\/v2\/media?parent=5507"}],"wp:term":[{"taxonomy":"product_brand","embeddable":true,"href":"https:\/\/soliton-gmbh.de\/en\/wp-json\/wp\/v2\/product_brand?post=5507"},{"taxonomy":"product_cat","embeddable":true,"href":"https:\/\/soliton-gmbh.de\/en\/wp-json\/wp\/v2\/product_cat?post=5507"},{"taxonomy":"product_tag","embeddable":true,"href":"https:\/\/soliton-gmbh.de\/en\/wp-json\/wp\/v2\/product_tag?post=5507"}],"curies":[{"name":"wp","href":"https:\/\/api.w.org\/{rel}","templated":true}]}}