{"id":5503,"date":"2023-02-27T18:47:13","date_gmt":"2023-02-27T17:47:13","guid":{"rendered":"https:\/\/soliton.selectcode.io\/?post_type=product&#038;p=5503"},"modified":"2025-07-18T11:33:42","modified_gmt":"2025-07-18T09:33:42","slug":"spatial-light-modulator-hs","status":"publish","type":"product","link":"https:\/\/soliton-gmbh.de\/en\/produkt\/spatial-light-modulator-hs\/","title":{"rendered":"Spatial Light Modulator HS"},"content":{"rendered":"<p>The <strong>Spatial Light Modulator HS<\/strong>\u00a0(SLM) from Meadowlark Optics sets new standards in liquid crystal technology. With a resolution of <strong>1024 x 1024 pixels<\/strong> and a pixel size of <strong>17 x 17 \u00b5m<\/strong> The SLM delivers precise phase modulation at the highest speed. The combination of analog data addressing and an innovative <strong>PCIe controller<\/strong> enables frame rates of up to <strong>1436 Hz<\/strong> and ultra-fast response times of <strong>0.6 ms to 8 ms<\/strong>, depending on the wavelength.<\/p>\n<h2><strong>Ultrafast and stable phase modulation<\/strong><\/h2>\n<p>Thanks to his <strong>Liquid Crystal on Silicon (LCoS) technology<\/strong> enables the <strong>High-Speed SLM<\/strong> pure phase control and offers exceptional phase stability. In addition, the innovative control reduces phase instability to values of only <strong>0.05 % to 2 %<\/strong>, even at the highest speeds. This makes the <strong>high-speed SLM<\/strong> ideal for applications such as <strong>holographic projections<\/strong>, <strong>adaptive optics<\/strong> and <strong>laser beam control<\/strong>.<\/p>\n<h3><strong>Wide wavelength range and high efficiency in high-speed SLM<\/strong><\/h3>\n<p>The <strong>Spatial Light Modulator High Speed<\/strong> works reliably over a wide wavelength range of <strong>488 to 1650 nm<\/strong>. It can also be flexibly adapted to specific applications. Its <strong>Dielectric mirror coating<\/strong> provides a reflectivity of up to <strong>98 %<\/strong>, which ensures maximum efficiency. In addition, the SLM reduces diffusion in the zero-order effect to a minimum. Therefore, it offers optimal performance, even with high-power lasers.<\/p>\n<h3><strong>User-friendly software and versatile functions\u00a0<\/strong><\/h3>\n<p>The <strong>High-Speed SLM<\/strong> is done with an intuitive <strong>Graphical User Interface (GUI)<\/strong> which offers extensive control options. It is also equipped with <strong>LabVIEW<\/strong>, <strong>Matlab<\/strong>, <strong>python<\/strong> and <strong>C++<\/strong> which enables seamless integration into existing systems. In addition, the <strong>liquid crystal SLM<\/strong> Features like <strong>Wavefront Calibration<\/strong>, custom frame rates, and global and regional calibrations. The <strong>PCIe controller<\/strong> also offers <strong>752 frames of internal memory<\/strong>, which significantly optimizes data transfer.<\/p>\n<h3><strong>Reliability and versatility in the Spatial Light Modulator High Speed<\/strong><\/h3>\n<p>Thanks to its robust construction, the <strong>Spatial Light Modulator HS<\/strong> reliable even under demanding conditions. In addition, the optional liquid cooling offers long-term stability. This makes the <strong>Spatial Light Modulator High Speed<\/strong> ideal for applications in the <strong>photonics<\/strong>, <strong>optical research<\/strong> and <strong>industrial production<\/strong>With its versatility and precision, it sets new standards in liquid crystal technology.<\/p>\n<p>The SLM is available in two versions:<\/p>\n<ul>\n<li><a href=\"https:\/\/wjf.a17.myftpupload.com\/product\/1024-x-1024-spatial-light-modulator\/\" target=\"_blank\" rel=\"noopener\">High Speed SLM<\/a><\/li>\n<li>Ultra High Speed SLM<\/li>\n<\/ul>\n<p>Our <strong>Spatial Light Modulators<\/strong>\u00a0stand for precision and reliability. If you have any further questions about the systems, please feel free to send us a non-binding inquiry. Further information about the products and all technical data sheets for each variant can be found here: <a href=\"https:\/\/meadowlark.com\" target=\"_new\" rel=\"noopener\">meadowlark.com<\/a>.<\/p>","protected":false},"excerpt":{"rendered":"<p><strong><a href=\"https:\/\/www.meadowlark.com\" target=\"_blank\" rel=\"noopener\"><img loading=\"lazy\" decoding=\"async\" class=\"alignnone wp-image-5337\" title=\"Here to the manufacturer \" src=\"https:\/\/soliton-gmbh.de\/wp-content\/uploads\/2023\/02\/4C-MLO-Logo-300x60.png\" alt=\"Company logo of Meadowlark Optics\" width=\"200\" height=\"40\" srcset=\"https:\/\/soliton-gmbh.de\/wp-content\/uploads\/2023\/02\/4C-MLO-Logo-300x60.png 300w, https:\/\/soliton-gmbh.de\/wp-content\/uploads\/2023\/02\/4C-MLO-Logo-600x120.png 600w, https:\/\/soliton-gmbh.de\/wp-content\/uploads\/2023\/02\/4C-MLO-Logo-1200x240.png 1200w, https:\/\/soliton-gmbh.de\/wp-content\/uploads\/2023\/02\/4C-MLO-Logo-1024x205.png 1024w, https:\/\/soliton-gmbh.de\/wp-content\/uploads\/2023\/02\/4C-MLO-Logo-768x154.png 768w, https:\/\/soliton-gmbh.de\/wp-content\/uploads\/2023\/02\/4C-MLO-Logo-18x4.png 18w, https:\/\/soliton-gmbh.de\/wp-content\/uploads\/2023\/02\/4C-MLO-Logo.png 1500w\" sizes=\"auto, (max-width: 200px) 100vw, 200px\" \/><\/a><\/strong><\/p>\n<ul>\n<li>High resolution \u2013 1024 x 1024<\/li>\n<li>High speed<\/li>\n<li>High phase stability<\/li>\n<li>Pure Analog Phase Control<\/li>\n<li>First order high efficiency<\/li>\n<li>High reflectivity<\/li>\n<li>Integrated memory<\/li>\n<li>Wavelengths from 488-1650 nm<\/li>\n<\/ul>\n<p>Contact person: <a href=\"mailto:m.eib@soliton-gmbh.de\">Markus Eib, <\/a>Phone: 08105-779240<\/p>","protected":false},"featured_media":5919,"template":"","meta":{"_acf_changed":false,"_uag_custom_page_level_css":"","site-sidebar-layout":"default","site-content-layout":"default","ast-site-content-layout":"default","site-content-style":"default","site-sidebar-style":"default","ast-global-header-display":"","ast-banner-title-visibility":"","ast-main-header-display":"","ast-hfb-above-header-display":"","ast-hfb-below-header-display":"","ast-hfb-mobile-header-display":"","site-post-title":"","ast-breadcrumbs-content":"","ast-featured-img":"","footer-sml-layout":"","ast-disable-related-posts":"","theme-transparent-header-meta":"default","adv-header-id-meta":"","stick-header-meta":"default","header-above-stick-meta":"","header-main-stick-meta":"","header-below-stick-meta":"","astra-migrate-meta-layouts":"set","ast-page-background-enabled":"default","ast-page-background-meta":{"desktop":{"background-color":"","background-image":"","background-repeat":"repeat","background-position":"center center","background-size":"auto","background-attachment":"scroll","background-type":"","background-media":"","overlay-type":"","overlay-color":"","overlay-opacity":"","overlay-gradient":""},"tablet":{"background-color":"","background-image":"","background-repeat":"repeat","background-position":"center center","background-size":"auto","background-attachment":"scroll","background-type":"","background-media":"","overlay-type":"","overlay-color":"","overlay-opacity":"","overlay-gradient":""},"mobile":{"background-color":"","background-image":"","background-repeat":"repeat","background-position":"center center","background-size":"auto","background-attachment":"scroll","background-type":"","background-media":"","overlay-type":"","overlay-color":"","overlay-opacity":"","overlay-gradient":""}},"ast-content-background-meta":{"desktop":{"background-color":"var(--ast-global-color-5)","background-image":"","background-repeat":"repeat","background-position":"center center","background-size":"auto","background-attachment":"scroll","background-type":"","background-media":"","overlay-type":"","overlay-color":"","overlay-opacity":"","overlay-gradient":""},"tablet":{"background-color":"var(--ast-global-color-5)","background-image":"","background-repeat":"repeat","background-position":"center center","background-size":"auto","background-attachment":"scroll","background-type":"","background-media":"","overlay-type":"","overlay-color":"","overlay-opacity":"","overlay-gradient":""},"mobile":{"background-color":"var(--ast-global-color-5)","background-image":"","background-repeat":"repeat","background-position":"center center","background-size":"auto","background-attachment":"scroll","background-type":"","background-media":"","overlay-type":"","overlay-color":"","overlay-opacity":"","overlay-gradient":""}}},"product_brand":[],"product_cat":[27,52],"product_tag":[1046,1062,1060,1042,1048,976,1064,1061,1067,1066,1020,1057,1059,1068,1058,1063,1065],"class_list":{"0":"post-5503","1":"product","2":"type-product","3":"status-publish","4":"has-post-thumbnail","6":"product_cat-laser","7":"product_cat-spatial-light-modulator","8":"product_tag-fluessigkristall-slm","9":"product_tag-high-speed-slm","10":"product_tag-hochgeschwindigkeits-slm","11":"product_tag-labview-kompatibilitaet","12":"product_tag-liquid-crystal-on-silicon","13":"product_tag-meadowlark-optics","14":"product_tag-optische-phasenmodulation","15":"product_tag-optischer-phasenmodulator-high-speed","16":"product_tag-pcie-controller","17":"product_tag-praezise-lichtsteuerung","18":"product_tag-schnelle-schaltzeiten","19":"product_tag-slm-kaufen","20":"product_tag-spatial-light-modulator-high-speed","21":"product_tag-spatial-light-modulator-hs","22":"product_tag-spatial-light-modulator-kaufen","23":"product_tag-ultra-high-speed-slm","24":"product_tag-wellenlaengenbereich-488-1650-nm","25":"desktop-align-left","26":"tablet-align-center","27":"mobile-align-center","28":"ast-product-gallery-layout-horizontal-slider","29":"ast-product-gallery-with-no-image","30":"ast-magnify-disabled","31":"ast-product-tabs-layout-horizontal","33":"first","34":"instock","35":"downloadable","36":"virtual","37":"sold-individually","38":"purchasable","39":"product-type-simple"},"acf":[],"yoast_head":"<!-- This site is optimized with the Yoast SEO Premium plugin v27.2 (Yoast SEO v27.5) - https:\/\/yoast.com\/product\/yoast-seo-premium-wordpress\/ -->\n<title>Spatial Light Modulator HS - Soliton<\/title>\n<meta name=\"description\" content=\"Der Spatial Light Modulator HS bietet ultraschnelle Phasenmodulation, au\u00dfergew\u00f6hnliche Stabilit\u00e4t und flexible Softwareintegration f\u00fcr optische Anwendungen.\" \/>\n<meta name=\"robots\" content=\"index, follow, max-snippet:-1, max-image-preview:large, max-video-preview:-1\" \/>\n<link rel=\"canonical\" href=\"https:\/\/soliton-gmbh.de\/en\/product\/spatial-light-modulator-hs\/\" \/>\n<meta property=\"og:locale\" content=\"en_US\" \/>\n<meta property=\"og:type\" content=\"article\" \/>\n<meta property=\"og:title\" content=\"Spatial Light Modulator HS\" \/>\n<meta property=\"og:description\" content=\"Der Spatial Light Modulator HS bietet ultraschnelle Phasenmodulation, au\u00dfergew\u00f6hnliche Stabilit\u00e4t und flexible Softwareintegration f\u00fcr optische Anwendungen.\" \/>\n<meta property=\"og:url\" content=\"https:\/\/soliton-gmbh.de\/en\/product\/spatial-light-modulator-hs\/\" \/>\n<meta property=\"og:site_name\" content=\"Soliton Laser- und Messtechnik GmbH\" \/>\n<meta property=\"article:modified_time\" content=\"2025-07-18T09:33:42+00:00\" \/>\n<meta property=\"og:image\" content=\"https:\/\/soliton-gmbh.de\/wp-content\/uploads\/2023\/02\/SLM1.jpg\" \/>\n\t<meta property=\"og:image:width\" content=\"1402\" \/>\n\t<meta property=\"og:image:height\" content=\"1258\" \/>\n\t<meta property=\"og:image:type\" content=\"image\/jpeg\" \/>\n<meta name=\"twitter:card\" content=\"summary_large_image\" \/>\n<meta name=\"twitter:label1\" content=\"Price\" \/>\n\t<meta name=\"twitter:data1\" content=\"&euro;0.00\" \/>\n\t<meta name=\"twitter:label2\" content=\"Availability\" \/>\n\t<meta name=\"twitter:data2\" content=\"In stock\" \/>\n<script type=\"application\/ld+json\" class=\"yoast-schema-graph\">{\"@context\":\"https:\\\/\\\/schema.org\",\"@graph\":[{\"@type\":\"WebPage\",\"@id\":\"https:\\\/\\\/soliton-gmbh.de\\\/produkt\\\/spatial-light-modulator-hs\\\/\",\"url\":\"https:\\\/\\\/soliton-gmbh.de\\\/produkt\\\/spatial-light-modulator-hs\\\/\",\"name\":\"Spatial Light Modulator HS - Soliton\",\"isPartOf\":{\"@id\":\"https:\\\/\\\/soliton-gmbh.de\\\/#website\"},\"primaryImageOfPage\":{\"@id\":\"https:\\\/\\\/soliton-gmbh.de\\\/produkt\\\/spatial-light-modulator-hs\\\/#primaryimage\"},\"image\":{\"@id\":\"https:\\\/\\\/soliton-gmbh.de\\\/produkt\\\/spatial-light-modulator-hs\\\/#primaryimage\"},\"thumbnailUrl\":\"https:\\\/\\\/soliton-gmbh.de\\\/wp-content\\\/uploads\\\/2023\\\/02\\\/SLM1.jpg\",\"datePublished\":\"2023-02-27T17:47:13+00:00\",\"dateModified\":\"2025-07-18T09:33:42+00:00\",\"description\":\"Der Spatial Light Modulator HS bietet ultraschnelle Phasenmodulation, au\u00dfergew\u00f6hnliche Stabilit\u00e4t und flexible Softwareintegration f\u00fcr optische Anwendungen.\",\"breadcrumb\":{\"@id\":\"https:\\\/\\\/soliton-gmbh.de\\\/produkt\\\/spatial-light-modulator-hs\\\/#breadcrumb\"},\"inLanguage\":\"en-US\",\"potentialAction\":[{\"@type\":\"ReadAction\",\"target\":[\"https:\\\/\\\/soliton-gmbh.de\\\/produkt\\\/spatial-light-modulator-hs\\\/\"]}]},{\"@type\":\"ImageObject\",\"inLanguage\":\"en-US\",\"@id\":\"https:\\\/\\\/soliton-gmbh.de\\\/produkt\\\/spatial-light-modulator-hs\\\/#primaryimage\",\"url\":\"https:\\\/\\\/soliton-gmbh.de\\\/wp-content\\\/uploads\\\/2023\\\/02\\\/SLM1.jpg\",\"contentUrl\":\"https:\\\/\\\/soliton-gmbh.de\\\/wp-content\\\/uploads\\\/2023\\\/02\\\/SLM1.jpg\",\"width\":1402,\"height\":1258,\"caption\":\"Spatial Light Modulator HS von Meadowlark Optics mit ultraschneller Phasenmodulation und PCIe-Controller\"},{\"@type\":\"BreadcrumbList\",\"@id\":\"https:\\\/\\\/soliton-gmbh.de\\\/produkt\\\/spatial-light-modulator-hs\\\/#breadcrumb\",\"itemListElement\":[{\"@type\":\"ListItem\",\"position\":1,\"name\":\"Startseite\",\"item\":\"https:\\\/\\\/soliton-gmbh.de\\\/\"},{\"@type\":\"ListItem\",\"position\":2,\"name\":\"Produkte\",\"item\":\"https:\\\/\\\/soliton-gmbh.de\\\/produkte\\\/\"},{\"@type\":\"ListItem\",\"position\":3,\"name\":\"Spatial Light Modulator HS\"}]},{\"@type\":\"WebSite\",\"@id\":\"https:\\\/\\\/soliton-gmbh.de\\\/#website\",\"url\":\"https:\\\/\\\/soliton-gmbh.de\\\/\",\"name\":\"Soliton Laser- und Messtechnik GmbH\",\"description\":\"\",\"publisher\":{\"@id\":\"https:\\\/\\\/soliton-gmbh.de\\\/#organization\"},\"potentialAction\":[{\"@type\":\"SearchAction\",\"target\":{\"@type\":\"EntryPoint\",\"urlTemplate\":\"https:\\\/\\\/soliton-gmbh.de\\\/?s={search_term_string}\"},\"query-input\":{\"@type\":\"PropertyValueSpecification\",\"valueRequired\":true,\"valueName\":\"search_term_string\"}}],\"inLanguage\":\"en-US\"},{\"@type\":\"Organization\",\"@id\":\"https:\\\/\\\/soliton-gmbh.de\\\/#organization\",\"name\":\"Soliton GmbH\",\"url\":\"https:\\\/\\\/soliton-gmbh.de\\\/\",\"logo\":{\"@type\":\"ImageObject\",\"inLanguage\":\"en-US\",\"@id\":\"https:\\\/\\\/soliton-gmbh.de\\\/#\\\/schema\\\/logo\\\/image\\\/\",\"url\":\"https:\\\/\\\/soliton-gmbh.de\\\/wp-content\\\/uploads\\\/2022\\\/08\\\/cropped-soliton-logo.png\",\"contentUrl\":\"https:\\\/\\\/soliton-gmbh.de\\\/wp-content\\\/uploads\\\/2022\\\/08\\\/cropped-soliton-logo.png\",\"width\":500,\"height\":350,\"caption\":\"Soliton GmbH\"},\"image\":{\"@id\":\"https:\\\/\\\/soliton-gmbh.de\\\/#\\\/schema\\\/logo\\\/image\\\/\"}}]}<\/script>\n<meta property=\"product:price:amount\" content=\"0.00\" \/>\n<meta property=\"product:price:currency\" content=\"EUR\" \/>\n<meta property=\"og:availability\" content=\"instock\" \/>\n<meta property=\"product:availability\" content=\"instock\" \/>\n<meta property=\"product:condition\" content=\"new\" \/>\n<!-- \/ Yoast SEO Premium plugin. -->","yoast_head_json":{"title":"Spatial Light Modulator HS - Soliton","description":"The Spatial Light Modulator HS offers ultra-fast phase modulation, exceptional stability and flexible software integration for optical applications.","robots":{"index":"index","follow":"follow","max-snippet":"max-snippet:-1","max-image-preview":"max-image-preview:large","max-video-preview":"max-video-preview:-1"},"canonical":"https:\/\/soliton-gmbh.de\/en\/product\/spatial-light-modulator-hs\/","og_locale":"en_US","og_type":"article","og_title":"Spatial Light Modulator HS","og_description":"Der Spatial Light Modulator HS bietet ultraschnelle Phasenmodulation, au\u00dfergew\u00f6hnliche Stabilit\u00e4t und flexible Softwareintegration f\u00fcr optische Anwendungen.","og_url":"https:\/\/soliton-gmbh.de\/en\/product\/spatial-light-modulator-hs\/","og_site_name":"Soliton Laser- und Messtechnik GmbH","article_modified_time":"2025-07-18T09:33:42+00:00","og_image":[{"width":1402,"height":1258,"url":"https:\/\/soliton-gmbh.de\/wp-content\/uploads\/2023\/02\/SLM1.jpg","type":"image\/jpeg"}],"twitter_card":"summary_large_image","twitter_misc":{"Price":"&euro;0.00","Availability":"In stock"},"schema":{"@context":"https:\/\/schema.org","@graph":[{"@type":"WebPage","@id":"https:\/\/soliton-gmbh.de\/produkt\/spatial-light-modulator-hs\/","url":"https:\/\/soliton-gmbh.de\/produkt\/spatial-light-modulator-hs\/","name":"Spatial Light Modulator HS - Soliton","isPartOf":{"@id":"https:\/\/soliton-gmbh.de\/#website"},"primaryImageOfPage":{"@id":"https:\/\/soliton-gmbh.de\/produkt\/spatial-light-modulator-hs\/#primaryimage"},"image":{"@id":"https:\/\/soliton-gmbh.de\/produkt\/spatial-light-modulator-hs\/#primaryimage"},"thumbnailUrl":"https:\/\/soliton-gmbh.de\/wp-content\/uploads\/2023\/02\/SLM1.jpg","datePublished":"2023-02-27T17:47:13+00:00","dateModified":"2025-07-18T09:33:42+00:00","description":"The Spatial Light Modulator HS offers ultra-fast phase modulation, exceptional stability and flexible software integration for optical applications.","breadcrumb":{"@id":"https:\/\/soliton-gmbh.de\/produkt\/spatial-light-modulator-hs\/#breadcrumb"},"inLanguage":"en-US","potentialAction":[{"@type":"ReadAction","target":["https:\/\/soliton-gmbh.de\/produkt\/spatial-light-modulator-hs\/"]}]},{"@type":"ImageObject","inLanguage":"en-US","@id":"https:\/\/soliton-gmbh.de\/produkt\/spatial-light-modulator-hs\/#primaryimage","url":"https:\/\/soliton-gmbh.de\/wp-content\/uploads\/2023\/02\/SLM1.jpg","contentUrl":"https:\/\/soliton-gmbh.de\/wp-content\/uploads\/2023\/02\/SLM1.jpg","width":1402,"height":1258,"caption":"Spatial Light Modulator HS von Meadowlark Optics mit ultraschneller Phasenmodulation und PCIe-Controller"},{"@type":"BreadcrumbList","@id":"https:\/\/soliton-gmbh.de\/produkt\/spatial-light-modulator-hs\/#breadcrumb","itemListElement":[{"@type":"ListItem","position":1,"name":"Startseite","item":"https:\/\/soliton-gmbh.de\/"},{"@type":"ListItem","position":2,"name":"Produkte","item":"https:\/\/soliton-gmbh.de\/produkte\/"},{"@type":"ListItem","position":3,"name":"Spatial Light Modulator HS"}]},{"@type":"WebSite","@id":"https:\/\/soliton-gmbh.de\/#website","url":"https:\/\/soliton-gmbh.de\/","name":"Soliton Laser- und Messtechnik GmbH","description":"","publisher":{"@id":"https:\/\/soliton-gmbh.de\/#organization"},"potentialAction":[{"@type":"SearchAction","target":{"@type":"EntryPoint","urlTemplate":"https:\/\/soliton-gmbh.de\/?s={search_term_string}"},"query-input":{"@type":"PropertyValueSpecification","valueRequired":true,"valueName":"search_term_string"}}],"inLanguage":"en-US"},{"@type":"Organization","@id":"https:\/\/soliton-gmbh.de\/#organization","name":"Soliton GmbH","url":"https:\/\/soliton-gmbh.de\/","logo":{"@type":"ImageObject","inLanguage":"en-US","@id":"https:\/\/soliton-gmbh.de\/#\/schema\/logo\/image\/","url":"https:\/\/soliton-gmbh.de\/wp-content\/uploads\/2022\/08\/cropped-soliton-logo.png","contentUrl":"https:\/\/soliton-gmbh.de\/wp-content\/uploads\/2022\/08\/cropped-soliton-logo.png","width":500,"height":350,"caption":"Soliton GmbH"},"image":{"@id":"https:\/\/soliton-gmbh.de\/#\/schema\/logo\/image\/"}}]},"product_price_amount":"0.00","product_price_currency":"EUR","og_availability":"instock","product_availability":"instock","product_condition":"new"},"uagb_featured_image_src":{"full":["https:\/\/soliton-gmbh.de\/wp-content\/uploads\/2023\/02\/SLM1.jpg",1402,1258,false],"thumbnail":["https:\/\/soliton-gmbh.de\/wp-content\/uploads\/2023\/02\/SLM1-150x150.jpg",150,150,true],"medium":["https:\/\/soliton-gmbh.de\/wp-content\/uploads\/2023\/02\/SLM1-300x269.jpg",300,269,true],"medium_large":["https:\/\/soliton-gmbh.de\/wp-content\/uploads\/2023\/02\/SLM1-768x689.jpg",768,689,true],"large":["https:\/\/soliton-gmbh.de\/wp-content\/uploads\/2023\/02\/SLM1-1024x919.jpg",1024,919,true],"1536x1536":["https:\/\/soliton-gmbh.de\/wp-content\/uploads\/2023\/02\/SLM1.jpg",1402,1258,false],"2048x2048":["https:\/\/soliton-gmbh.de\/wp-content\/uploads\/2023\/02\/SLM1.jpg",1402,1258,false],"trp-custom-language-flag":["https:\/\/soliton-gmbh.de\/wp-content\/uploads\/2023\/02\/SLM1-13x12.jpg",13,12,true],"woocommerce_thumbnail":["https:\/\/soliton-gmbh.de\/wp-content\/uploads\/2023\/02\/SLM1-600x538.jpg",600,538,true],"woocommerce_single":["https:\/\/soliton-gmbh.de\/wp-content\/uploads\/2023\/02\/SLM1-1200x1077.jpg",1200,1077,true],"woocommerce_gallery_thumbnail":["https:\/\/soliton-gmbh.de\/wp-content\/uploads\/2023\/02\/SLM1-300x300.jpg",300,300,true]},"uagb_author_info":{"display_name":"Simon Zimmermann","author_link":"https:\/\/soliton-gmbh.de\/en\/author\/"},"uagb_comment_info":0,"uagb_excerpt":"Hohe Aufl\u00f6sung -\u00a0 1024 x 1024 Hohe Geschwindigkeit Hohe Phasenstabilit\u00e4t Reine analoge Phasensteuerung Hohe Effizienz erster Ordnung Hohe Reflektivit\u00e4t Integrierter Speicher Wellenl\u00e4ngen von 488-1650 nm Ansprechpartner: Markus Eib, Tel: 08105-779240","_links":{"self":[{"href":"https:\/\/soliton-gmbh.de\/en\/wp-json\/wp\/v2\/product\/5503","targetHints":{"allow":["GET"]}}],"collection":[{"href":"https:\/\/soliton-gmbh.de\/en\/wp-json\/wp\/v2\/product"}],"about":[{"href":"https:\/\/soliton-gmbh.de\/en\/wp-json\/wp\/v2\/types\/product"}],"wp:featuredmedia":[{"embeddable":true,"href":"https:\/\/soliton-gmbh.de\/en\/wp-json\/wp\/v2\/media\/5919"}],"wp:attachment":[{"href":"https:\/\/soliton-gmbh.de\/en\/wp-json\/wp\/v2\/media?parent=5503"}],"wp:term":[{"taxonomy":"product_brand","embeddable":true,"href":"https:\/\/soliton-gmbh.de\/en\/wp-json\/wp\/v2\/product_brand?post=5503"},{"taxonomy":"product_cat","embeddable":true,"href":"https:\/\/soliton-gmbh.de\/en\/wp-json\/wp\/v2\/product_cat?post=5503"},{"taxonomy":"product_tag","embeddable":true,"href":"https:\/\/soliton-gmbh.de\/en\/wp-json\/wp\/v2\/product_tag?post=5503"}],"curies":[{"name":"wp","href":"https:\/\/api.w.org\/{rel}","templated":true}]}}