{"id":5451,"date":"2023-02-25T14:33:12","date_gmt":"2023-02-25T13:33:12","guid":{"rendered":"https:\/\/soliton.selectcode.io\/?post_type=product&#038;p=5451"},"modified":"2026-04-16T00:21:09","modified_gmt":"2026-04-15T22:21:09","slug":"hlx","status":"publish","type":"product","link":"https:\/\/soliton-gmbh.de\/en\/produkt\/hlx\/","title":{"rendered":"Microchip Laser - HLX"},"content":{"rendered":"<h1>Precise and versatile laser material processing with the HLX<\/h1>\n<p>The HLX system is a powerful laser processing system for demanding industrial applications. It offers maximum precision and flexibility when processing a wide range of materials. Thanks to its modular design, it can be optimally adapted to specific production requirements.<\/p>\n<h2>Technical properties<\/h2>\n<p>The HLX system supports different laser sources and wavelengths to process a wide range of materials. It features high-precision beam guidance and fast scanning optics for maximum processing speed. The control software enables simple programming and integration into existing production lines.<\/p>\n<h2>Advantages of the HLX system<\/h2>\n<p>With its high processing quality and repeat accuracy, the HLX is ideal for series production. The modular architecture allows quick adaptations to new production tasks. The system is energy-efficient, low-maintenance and designed for 24\/7 operation.<\/p>\n<h2>Areas of application<\/h2>\n<p>The HLX system is used in micro material processing, electronics production, medical technology and automotive engineering. Typical applications include precision cutting, drilling, structuring and marking. It is also ideal for processing sensitive or complex-shaped components.<\/p>\n<h2>Contact and advice<\/h2>\n<p>For detailed technical information and a customized solution, we will be happy to provide you with a quote. Visit our product page at <a href=\"https:\/\/soliton-gmbh.de\/en\/product\/hlx\/\">HLX<\/a>. Further specialist information on laser processing can be found at <a href=\"https:\/\/spie.org\/\">SPIE - The International Society for Optics and Photonics<\/a>.<\/p>","protected":false},"excerpt":{"rendered":"<p><a href=\"https:\/\/www.leukos-laser.com\" target=\"_blank\" rel=\"noopener\"><img loading=\"lazy\" decoding=\"async\" class=\"alignnone wp-image-5222\" title=\"Here to the manufacturer\" src=\"https:\/\/soliton-gmbh.de\/wp-content\/uploads\/2023\/02\/logo-LEUKOS-300x59.png\" alt=\"\" width=\"152\" height=\"30\" srcset=\"https:\/\/soliton-gmbh.de\/wp-content\/uploads\/2023\/02\/logo-LEUKOS-300x59.png 300w, https:\/\/soliton-gmbh.de\/wp-content\/uploads\/2023\/02\/logo-LEUKOS-600x119.png 600w, https:\/\/soliton-gmbh.de\/wp-content\/uploads\/2023\/02\/logo-LEUKOS-768x152.png 768w, https:\/\/soliton-gmbh.de\/wp-content\/uploads\/2023\/02\/logo-LEUKOS-18x4.png 18w, https:\/\/soliton-gmbh.de\/wp-content\/uploads\/2023\/02\/logo-LEUKOS.png 1000w\" sizes=\"auto, (max-width: 152px) 100vw, 152px\" \/><\/a><\/p>\n<ul>\n<li>Sub-ns pulses up to 450 ps<\/li>\n<li>No afterpulses (no second pulse)<\/li>\n<li>Pulse repetition rates up to 70 kHz<\/li>\n<li>Up to 40 kW peak power at 40 \u00b5J<\/li>\n<li>355 nm available in various configurations upon customer request<\/li>\n<li>Trigger option available<\/li>\n<\/ul>","protected":false},"featured_media":5458,"template":"","meta":{"_acf_changed":false,"_uag_custom_page_level_css":"","site-sidebar-layout":"default","site-content-layout":"default","ast-site-content-layout":"default","site-content-style":"default","site-sidebar-style":"default","ast-global-header-display":"","ast-banner-title-visibility":"","ast-main-header-display":"","ast-hfb-above-header-display":"","ast-hfb-below-header-display":"","ast-hfb-mobile-header-display":"","site-post-title":"","ast-breadcrumbs-content":"","ast-featured-img":"","footer-sml-layout":"","ast-disable-related-posts":"","theme-transparent-header-meta":"default","adv-header-id-meta":"","stick-header-meta":"default","header-above-stick-meta":"","header-main-stick-meta":"","header-below-stick-meta":"","astra-migrate-meta-layouts":"set","ast-page-background-enabled":"default","ast-page-background-meta":{"desktop":{"background-color":"","background-image":"","background-repeat":"repeat","background-position":"center center","background-size":"auto","background-attachment":"scroll","background-type":"","background-media":"","overlay-type":"","overlay-color":"","overlay-opacity":"","overlay-gradient":""},"tablet":{"background-color":"","background-image":"","background-repeat":"repeat","background-position":"center center","background-size":"auto","background-attachment":"scroll","background-type":"","background-media":"","overlay-type":"","overlay-color":"","overlay-opacity":"","overlay-gradient":""},"mobile":{"background-color":"","background-image":"","background-repeat":"repeat","background-position":"center center","background-size":"auto","background-attachment":"scroll","background-type":"","background-media":"","overlay-type":"","overlay-color":"","overlay-opacity":"","overlay-gradient":""}},"ast-content-background-meta":{"desktop":{"background-color":"var(--ast-global-color-5)","background-image":"","background-repeat":"repeat","background-position":"center center","background-size":"auto","background-attachment":"scroll","background-type":"","background-media":"","overlay-type":"","overlay-color":"","overlay-opacity":"","overlay-gradient":""},"tablet":{"background-color":"var(--ast-global-color-5)","background-image":"","background-repeat":"repeat","background-position":"center center","background-size":"auto","background-attachment":"scroll","background-type":"","background-media":"","overlay-type":"","overlay-color":"","overlay-opacity":"","overlay-gradient":""},"mobile":{"background-color":"var(--ast-global-color-5)","background-image":"","background-repeat":"repeat","background-position":"center center","background-size":"auto","background-attachment":"scroll","background-type":"","background-media":"","overlay-type":"","overlay-color":"","overlay-opacity":"","overlay-gradient":""}}},"product_brand":[1614],"product_cat":[180,27,30,44,71],"product_tag":[],"class_list":{"0":"post-5451","1":"product","2":"type-product","3":"status-publish","4":"has-post-thumbnail","6":"product_brand-leukos","7":"product_cat-diodengepumpte-khz-laser","8":"product_cat-laser","9":"product_cat-laserquellen","10":"product_cat-nanosekundenlaser","11":"product_cat-ultrakurzpulslaser","12":"desktop-align-left","13":"tablet-align-center","14":"mobile-align-center","15":"ast-product-gallery-layout-horizontal-slider","16":"ast-magnify-disabled","17":"ast-product-tabs-layout-horizontal","19":"first","20":"instock","21":"virtual","22":"sold-individually","23":"purchasable","24":"product-type-simple"},"acf":[],"yoast_head":"<!-- This site is optimized with the Yoast SEO Premium plugin v27.2 (Yoast SEO v27.4) - https:\/\/yoast.com\/product\/yoast-seo-premium-wordpress\/ -->\n<title>Microchip Laser - HLX - Soliton<\/title>\n<meta name=\"description\" content=\"HLX Laserbearbeitungssystem f\u00fcr pr\u00e4zise, vielseitige industrielle Anwendungen. Ideal f\u00fcr Mikromaterialbearbeitung, Elektronik, Medizin und Automobilbau.\" \/>\n<meta name=\"robots\" content=\"index, follow, max-snippet:-1, max-image-preview:large, max-video-preview:-1\" \/>\n<link rel=\"canonical\" href=\"https:\/\/soliton-gmbh.de\/en\/product\/hlx\/\" \/>\n<meta property=\"og:locale\" content=\"en_US\" \/>\n<meta property=\"og:type\" content=\"article\" \/>\n<meta property=\"og:title\" content=\"Microchip Laser - HLX\" \/>\n<meta property=\"og:description\" content=\"HLX Laserbearbeitungssystem f\u00fcr pr\u00e4zise, vielseitige industrielle Anwendungen. Ideal f\u00fcr Mikromaterialbearbeitung, Elektronik, Medizin und Automobilbau.\" \/>\n<meta property=\"og:url\" content=\"https:\/\/soliton-gmbh.de\/en\/product\/hlx\/\" \/>\n<meta property=\"og:site_name\" content=\"Soliton Laser- und Messtechnik GmbH\" \/>\n<meta property=\"article:modified_time\" content=\"2026-04-15T22:21:09+00:00\" \/>\n<meta property=\"og:image\" content=\"https:\/\/soliton-gmbh.de\/wp-content\/uploads\/2023\/02\/image-2.png\" \/>\n\t<meta property=\"og:image:width\" content=\"1200\" \/>\n\t<meta property=\"og:image:height\" content=\"600\" \/>\n\t<meta property=\"og:image:type\" content=\"image\/png\" \/>\n<meta name=\"twitter:card\" content=\"summary_large_image\" \/>\n<meta name=\"twitter:label1\" content=\"Price\" \/>\n\t<meta name=\"twitter:data1\" content=\"&euro;0.00\" \/>\n\t<meta name=\"twitter:label2\" content=\"Availability\" \/>\n\t<meta name=\"twitter:data2\" content=\"In stock\" \/>\n<script type=\"application\/ld+json\" class=\"yoast-schema-graph\">{\"@context\":\"https:\\\/\\\/schema.org\",\"@graph\":[{\"@type\":\"WebPage\",\"@id\":\"https:\\\/\\\/soliton-gmbh.de\\\/produkt\\\/hlx\\\/\",\"url\":\"https:\\\/\\\/soliton-gmbh.de\\\/produkt\\\/hlx\\\/\",\"name\":\"Microchip Laser - HLX - Soliton\",\"isPartOf\":{\"@id\":\"https:\\\/\\\/soliton-gmbh.de\\\/#website\"},\"primaryImageOfPage\":{\"@id\":\"https:\\\/\\\/soliton-gmbh.de\\\/produkt\\\/hlx\\\/#primaryimage\"},\"image\":{\"@id\":\"https:\\\/\\\/soliton-gmbh.de\\\/produkt\\\/hlx\\\/#primaryimage\"},\"thumbnailUrl\":\"https:\\\/\\\/soliton-gmbh.de\\\/wp-content\\\/uploads\\\/2023\\\/02\\\/image-2.png\",\"datePublished\":\"2023-02-25T13:33:12+00:00\",\"dateModified\":\"2026-04-15T22:21:09+00:00\",\"description\":\"HLX Laserbearbeitungssystem f\u00fcr pr\u00e4zise, vielseitige industrielle Anwendungen. Ideal f\u00fcr Mikromaterialbearbeitung, Elektronik, Medizin und Automobilbau.\",\"breadcrumb\":{\"@id\":\"https:\\\/\\\/soliton-gmbh.de\\\/produkt\\\/hlx\\\/#breadcrumb\"},\"inLanguage\":\"en-US\",\"potentialAction\":[{\"@type\":\"ReadAction\",\"target\":[\"https:\\\/\\\/soliton-gmbh.de\\\/produkt\\\/hlx\\\/\"]}]},{\"@type\":\"ImageObject\",\"inLanguage\":\"en-US\",\"@id\":\"https:\\\/\\\/soliton-gmbh.de\\\/produkt\\\/hlx\\\/#primaryimage\",\"url\":\"https:\\\/\\\/soliton-gmbh.de\\\/wp-content\\\/uploads\\\/2023\\\/02\\\/image-2.png\",\"contentUrl\":\"https:\\\/\\\/soliton-gmbh.de\\\/wp-content\\\/uploads\\\/2023\\\/02\\\/image-2.png\",\"width\":1200,\"height\":600,\"caption\":\"HLX Laserbearbeitungssystem f\u00fcr pr\u00e4zise und vielseitige industrielle Anwendungen in Mikromaterialbearbeitung und Serienfertigung.\"},{\"@type\":\"BreadcrumbList\",\"@id\":\"https:\\\/\\\/soliton-gmbh.de\\\/produkt\\\/hlx\\\/#breadcrumb\",\"itemListElement\":[{\"@type\":\"ListItem\",\"position\":1,\"name\":\"Startseite\",\"item\":\"https:\\\/\\\/soliton-gmbh.de\\\/\"},{\"@type\":\"ListItem\",\"position\":2,\"name\":\"Produkte\",\"item\":\"https:\\\/\\\/soliton-gmbh.de\\\/produkte\\\/\"},{\"@type\":\"ListItem\",\"position\":3,\"name\":\"Microchip Laser &#8211; HLX\"}]},{\"@type\":\"WebSite\",\"@id\":\"https:\\\/\\\/soliton-gmbh.de\\\/#website\",\"url\":\"https:\\\/\\\/soliton-gmbh.de\\\/\",\"name\":\"Soliton Laser- und Messtechnik GmbH\",\"description\":\"\",\"publisher\":{\"@id\":\"https:\\\/\\\/soliton-gmbh.de\\\/#organization\"},\"potentialAction\":[{\"@type\":\"SearchAction\",\"target\":{\"@type\":\"EntryPoint\",\"urlTemplate\":\"https:\\\/\\\/soliton-gmbh.de\\\/?s={search_term_string}\"},\"query-input\":{\"@type\":\"PropertyValueSpecification\",\"valueRequired\":true,\"valueName\":\"search_term_string\"}}],\"inLanguage\":\"en-US\"},{\"@type\":\"Organization\",\"@id\":\"https:\\\/\\\/soliton-gmbh.de\\\/#organization\",\"name\":\"Soliton GmbH\",\"url\":\"https:\\\/\\\/soliton-gmbh.de\\\/\",\"logo\":{\"@type\":\"ImageObject\",\"inLanguage\":\"en-US\",\"@id\":\"https:\\\/\\\/soliton-gmbh.de\\\/#\\\/schema\\\/logo\\\/image\\\/\",\"url\":\"https:\\\/\\\/soliton-gmbh.de\\\/wp-content\\\/uploads\\\/2022\\\/08\\\/cropped-soliton-logo.png\",\"contentUrl\":\"https:\\\/\\\/soliton-gmbh.de\\\/wp-content\\\/uploads\\\/2022\\\/08\\\/cropped-soliton-logo.png\",\"width\":500,\"height\":350,\"caption\":\"Soliton GmbH\"},\"image\":{\"@id\":\"https:\\\/\\\/soliton-gmbh.de\\\/#\\\/schema\\\/logo\\\/image\\\/\"}}]}<\/script>\n<meta property=\"product:price:amount\" content=\"0.00\" \/>\n<meta property=\"product:price:currency\" content=\"EUR\" \/>\n<meta property=\"og:availability\" content=\"instock\" \/>\n<meta property=\"product:availability\" content=\"instock\" \/>\n<meta property=\"product:condition\" content=\"new\" \/>\n<!-- \/ Yoast SEO Premium plugin. -->","yoast_head_json":{"title":"Microchip Laser - HLX - Soliton","description":"HLX laser processing system for precise, versatile industrial applications. Ideal for micro material processing, electronics, medicine and automotive engineering.","robots":{"index":"index","follow":"follow","max-snippet":"max-snippet:-1","max-image-preview":"max-image-preview:large","max-video-preview":"max-video-preview:-1"},"canonical":"https:\/\/soliton-gmbh.de\/en\/product\/hlx\/","og_locale":"en_US","og_type":"article","og_title":"Microchip Laser - HLX","og_description":"HLX Laserbearbeitungssystem f\u00fcr pr\u00e4zise, vielseitige industrielle Anwendungen. Ideal f\u00fcr Mikromaterialbearbeitung, Elektronik, Medizin und Automobilbau.","og_url":"https:\/\/soliton-gmbh.de\/en\/product\/hlx\/","og_site_name":"Soliton Laser- und Messtechnik GmbH","article_modified_time":"2026-04-15T22:21:09+00:00","og_image":[{"width":1200,"height":600,"url":"https:\/\/soliton-gmbh.de\/wp-content\/uploads\/2023\/02\/image-2.png","type":"image\/png"}],"twitter_card":"summary_large_image","twitter_misc":{"Price":"&euro;0.00","Availability":"In stock"},"schema":{"@context":"https:\/\/schema.org","@graph":[{"@type":"WebPage","@id":"https:\/\/soliton-gmbh.de\/produkt\/hlx\/","url":"https:\/\/soliton-gmbh.de\/produkt\/hlx\/","name":"Microchip Laser - HLX - Soliton","isPartOf":{"@id":"https:\/\/soliton-gmbh.de\/#website"},"primaryImageOfPage":{"@id":"https:\/\/soliton-gmbh.de\/produkt\/hlx\/#primaryimage"},"image":{"@id":"https:\/\/soliton-gmbh.de\/produkt\/hlx\/#primaryimage"},"thumbnailUrl":"https:\/\/soliton-gmbh.de\/wp-content\/uploads\/2023\/02\/image-2.png","datePublished":"2023-02-25T13:33:12+00:00","dateModified":"2026-04-15T22:21:09+00:00","description":"HLX laser processing system for precise, versatile industrial applications. Ideal for micro material processing, electronics, medicine and automotive engineering.","breadcrumb":{"@id":"https:\/\/soliton-gmbh.de\/produkt\/hlx\/#breadcrumb"},"inLanguage":"en-US","potentialAction":[{"@type":"ReadAction","target":["https:\/\/soliton-gmbh.de\/produkt\/hlx\/"]}]},{"@type":"ImageObject","inLanguage":"en-US","@id":"https:\/\/soliton-gmbh.de\/produkt\/hlx\/#primaryimage","url":"https:\/\/soliton-gmbh.de\/wp-content\/uploads\/2023\/02\/image-2.png","contentUrl":"https:\/\/soliton-gmbh.de\/wp-content\/uploads\/2023\/02\/image-2.png","width":1200,"height":600,"caption":"HLX Laserbearbeitungssystem f\u00fcr pr\u00e4zise und vielseitige industrielle Anwendungen in Mikromaterialbearbeitung und Serienfertigung."},{"@type":"BreadcrumbList","@id":"https:\/\/soliton-gmbh.de\/produkt\/hlx\/#breadcrumb","itemListElement":[{"@type":"ListItem","position":1,"name":"Startseite","item":"https:\/\/soliton-gmbh.de\/"},{"@type":"ListItem","position":2,"name":"Produkte","item":"https:\/\/soliton-gmbh.de\/produkte\/"},{"@type":"ListItem","position":3,"name":"Microchip Laser &#8211; HLX"}]},{"@type":"WebSite","@id":"https:\/\/soliton-gmbh.de\/#website","url":"https:\/\/soliton-gmbh.de\/","name":"Soliton Laser- und Messtechnik GmbH","description":"","publisher":{"@id":"https:\/\/soliton-gmbh.de\/#organization"},"potentialAction":[{"@type":"SearchAction","target":{"@type":"EntryPoint","urlTemplate":"https:\/\/soliton-gmbh.de\/?s={search_term_string}"},"query-input":{"@type":"PropertyValueSpecification","valueRequired":true,"valueName":"search_term_string"}}],"inLanguage":"en-US"},{"@type":"Organization","@id":"https:\/\/soliton-gmbh.de\/#organization","name":"Soliton GmbH","url":"https:\/\/soliton-gmbh.de\/","logo":{"@type":"ImageObject","inLanguage":"en-US","@id":"https:\/\/soliton-gmbh.de\/#\/schema\/logo\/image\/","url":"https:\/\/soliton-gmbh.de\/wp-content\/uploads\/2022\/08\/cropped-soliton-logo.png","contentUrl":"https:\/\/soliton-gmbh.de\/wp-content\/uploads\/2022\/08\/cropped-soliton-logo.png","width":500,"height":350,"caption":"Soliton GmbH"},"image":{"@id":"https:\/\/soliton-gmbh.de\/#\/schema\/logo\/image\/"}}]},"product_price_amount":"0.00","product_price_currency":"EUR","og_availability":"instock","product_availability":"instock","product_condition":"new"},"uagb_featured_image_src":{"full":["https:\/\/soliton-gmbh.de\/wp-content\/uploads\/2023\/02\/image-2.png",1200,600,false],"thumbnail":["https:\/\/soliton-gmbh.de\/wp-content\/uploads\/2023\/02\/image-2-150x150.png",150,150,true],"medium":["https:\/\/soliton-gmbh.de\/wp-content\/uploads\/2023\/02\/image-2-300x150.png",300,150,true],"medium_large":["https:\/\/soliton-gmbh.de\/wp-content\/uploads\/2023\/02\/image-2-768x384.png",768,384,true],"large":["https:\/\/soliton-gmbh.de\/wp-content\/uploads\/2023\/02\/image-2-1024x512.png",1024,512,true],"1536x1536":["https:\/\/soliton-gmbh.de\/wp-content\/uploads\/2023\/02\/image-2.png",1200,600,false],"2048x2048":["https:\/\/soliton-gmbh.de\/wp-content\/uploads\/2023\/02\/image-2.png",1200,600,false],"trp-custom-language-flag":["https:\/\/soliton-gmbh.de\/wp-content\/uploads\/2023\/02\/image-2-18x9.png",18,9,true],"woocommerce_thumbnail":["https:\/\/soliton-gmbh.de\/wp-content\/uploads\/2023\/02\/image-2-600x300.png",600,300,true],"woocommerce_single":["https:\/\/soliton-gmbh.de\/wp-content\/uploads\/2023\/02\/image-2.png",1200,600,false],"woocommerce_gallery_thumbnail":["https:\/\/soliton-gmbh.de\/wp-content\/uploads\/2023\/02\/image-2-300x300.png",300,300,true]},"uagb_author_info":{"display_name":"Simon Zimmermann","author_link":"https:\/\/soliton-gmbh.de\/en\/author\/"},"uagb_comment_info":0,"uagb_excerpt":"Sub-ns-Pulse bis zu 450 ps Keine Nachpulse (no second pulse) Pulswiederholraten bis zu 70 kHz Bis zu 40 kW Spitzenleistung bei 40 \u00b5J 355 nm auf Kundenwunsch in verschiedenen Konfigurationen erh\u00e4ltlich Triggeroption verf\u00fcgbar","_links":{"self":[{"href":"https:\/\/soliton-gmbh.de\/en\/wp-json\/wp\/v2\/product\/5451","targetHints":{"allow":["GET"]}}],"collection":[{"href":"https:\/\/soliton-gmbh.de\/en\/wp-json\/wp\/v2\/product"}],"about":[{"href":"https:\/\/soliton-gmbh.de\/en\/wp-json\/wp\/v2\/types\/product"}],"wp:featuredmedia":[{"embeddable":true,"href":"https:\/\/soliton-gmbh.de\/en\/wp-json\/wp\/v2\/media\/5458"}],"wp:attachment":[{"href":"https:\/\/soliton-gmbh.de\/en\/wp-json\/wp\/v2\/media?parent=5451"}],"wp:term":[{"taxonomy":"product_brand","embeddable":true,"href":"https:\/\/soliton-gmbh.de\/en\/wp-json\/wp\/v2\/product_brand?post=5451"},{"taxonomy":"product_cat","embeddable":true,"href":"https:\/\/soliton-gmbh.de\/en\/wp-json\/wp\/v2\/product_cat?post=5451"},{"taxonomy":"product_tag","embeddable":true,"href":"https:\/\/soliton-gmbh.de\/en\/wp-json\/wp\/v2\/product_tag?post=5451"}],"curies":[{"name":"wp","href":"https:\/\/api.w.org\/{rel}","templated":true}]}}