{"id":5438,"date":"2023-02-24T14:08:18","date_gmt":"2023-02-24T13:08:18","guid":{"rendered":"https:\/\/soliton.selectcode.io\/?post_type=product&#038;p=5438"},"modified":"2025-08-13T13:56:58","modified_gmt":"2025-08-13T11:56:58","slug":"pss-spare-parts","status":"publish","type":"product","link":"https:\/\/soliton-gmbh.de\/en\/produkt\/pss-ersatzteile\/","title":{"rendered":"Particle Measurement \u2013 Spare Parts"},"content":{"rendered":"<h1>Original particle measurement - Spare parts<\/h1>\n<p>The particle measurement spare parts for PSS particle measurement systems ensure a permanently high measurement accuracy and reliability of your devices. By using original components, the performance of the measuring systems is fully maintained and downtimes are reduced to a minimum.<\/p>\n<h2>Technical properties<\/h2>\n<p>All spare parts are precisely matched to the respective PSS systems and meet strict quality standards. They can be replaced quickly and easily so that maintenance work can be carried out efficiently. The availability of important components ensures that the measuring devices are always ready for use.<\/p>\n<h2>Advantages of original PSS spare parts<\/h2>\n<p>The use of tested original parts ensures the long-term functionality and accuracy of your particle measuring devices. At the same time, the risk of incorrect measurements or system failures is significantly reduced.<\/p>\n<h2>Available spare parts<\/h2>\n<p>The range includes optical components, electronic modules, sensors and mechanical components. Each part is manufactured according to the manufacturer's specifications and tested before delivery.<\/p>\n<h2>Areas of application for particle measurement - Spare parts<\/h2>\n<p>The spare parts are suitable for all common PSS particle sizers used in laboratories, industrial quality control and research.<\/p>\n<h2>Contact and advice<\/h2>\n<p>For individual advice and information on available components, please contact us directly. Visit our product page at <a href=\"https:\/\/soliton-gmbh.de\/en\/product\/pss-spare-parts\/\">Particle measurement - Spare parts<\/a>. Further technical information on particle measurement technology can be found at <a href=\"https:\/\/spie.org\/\">SPIE - The International Society for Optics and Photonics<\/a>.<\/p>","protected":false},"excerpt":{"rendered":"<p><a href=\"https:\/\/soliton-gmbh.de\/wp-content\/uploads\/2023\/02\/Entegrisd.png\"><img loading=\"lazy\" decoding=\"async\" class=\"alignnone wp-image-5903\" src=\"https:\/\/soliton-gmbh.de\/wp-content\/uploads\/2023\/02\/Entegrisd-1024x244.png\" alt=\"\" width=\"151\" height=\"36\" srcset=\"https:\/\/soliton-gmbh.de\/wp-content\/uploads\/2023\/02\/Entegrisd-1024x244.png 1024w, https:\/\/soliton-gmbh.de\/wp-content\/uploads\/2023\/02\/Entegrisd-600x143.png 600w, https:\/\/soliton-gmbh.de\/wp-content\/uploads\/2023\/02\/Entegrisd-1200x286.png 1200w, https:\/\/soliton-gmbh.de\/wp-content\/uploads\/2023\/02\/Entegrisd-300x71.png 300w, https:\/\/soliton-gmbh.de\/wp-content\/uploads\/2023\/02\/Entegrisd-768x183.png 768w, https:\/\/soliton-gmbh.de\/wp-content\/uploads\/2023\/02\/Entegrisd-1536x366.png 1536w, https:\/\/soliton-gmbh.de\/wp-content\/uploads\/2023\/02\/Entegrisd-18x4.png 18w, https:\/\/soliton-gmbh.de\/wp-content\/uploads\/2023\/02\/Entegrisd.png 1582w\" sizes=\"auto, (max-width: 151px) 100vw, 151px\" \/><\/a><\/p>\n<ul>\n<li>Filters<\/li>\n<li>hoses<\/li>\n<li>sample loops<\/li>\n<li>syringes<\/li>\n<\/ul>\n<p>Contact person: Wolf Wagner (Ph.D.)<\/p>","protected":false},"featured_media":5445,"template":"","meta":{"_acf_changed":false,"_uag_custom_page_level_css":"","site-sidebar-layout":"default","site-content-layout":"default","ast-site-content-layout":"default","site-content-style":"default","site-sidebar-style":"default","ast-global-header-display":"","ast-banner-title-visibility":"","ast-main-header-display":"","ast-hfb-above-header-display":"","ast-hfb-below-header-display":"","ast-hfb-mobile-header-display":"","site-post-title":"","ast-breadcrumbs-content":"","ast-featured-img":"","footer-sml-layout":"","ast-disable-related-posts":"","theme-transparent-header-meta":"default","adv-header-id-meta":"","stick-header-meta":"default","header-above-stick-meta":"","header-main-stick-meta":"","header-below-stick-meta":"","astra-migrate-meta-layouts":"set","ast-page-background-enabled":"default","ast-page-background-meta":{"desktop":{"background-color":"","background-image":"","background-repeat":"repeat","background-position":"center center","background-size":"auto","background-attachment":"scroll","background-type":"","background-media":"","overlay-type":"","overlay-color":"","overlay-opacity":"","overlay-gradient":""},"tablet":{"background-color":"","background-image":"","background-repeat":"repeat","background-position":"center center","background-size":"auto","background-attachment":"scroll","background-type":"","background-media":"","overlay-type":"","overlay-color":"","overlay-opacity":"","overlay-gradient":""},"mobile":{"background-color":"","background-image":"","background-repeat":"repeat","background-position":"center center","background-size":"auto","background-attachment":"scroll","background-type":"","background-media":"","overlay-type":"","overlay-color":"","overlay-opacity":"","overlay-gradient":""}},"ast-content-background-meta":{"desktop":{"background-color":"var(--ast-global-color-5)","background-image":"","background-repeat":"repeat","background-position":"center center","background-size":"auto","background-attachment":"scroll","background-type":"","background-media":"","overlay-type":"","overlay-color":"","overlay-opacity":"","overlay-gradient":""},"tablet":{"background-color":"var(--ast-global-color-5)","background-image":"","background-repeat":"repeat","background-position":"center center","background-size":"auto","background-attachment":"scroll","background-type":"","background-media":"","overlay-type":"","overlay-color":"","overlay-opacity":"","overlay-gradient":""},"mobile":{"background-color":"var(--ast-global-color-5)","background-image":"","background-repeat":"repeat","background-position":"center center","background-size":"auto","background-attachment":"scroll","background-type":"","background-media":"","overlay-type":"","overlay-color":"","overlay-opacity":"","overlay-gradient":""}}},"product_brand":[],"product_cat":[275],"product_tag":[],"class_list":{"0":"post-5438","1":"product","2":"type-product","3":"status-publish","4":"has-post-thumbnail","6":"product_cat-zubehoer-und-ersatzteile","7":"desktop-align-left","8":"tablet-align-center","9":"mobile-align-center","10":"ast-product-gallery-layout-horizontal-slider","11":"ast-magnify-disabled","12":"ast-product-tabs-layout-horizontal","14":"first","15":"instock","16":"virtual","17":"sold-individually","18":"purchasable","19":"product-type-simple"},"acf":[],"yoast_head":"<!-- This site is optimized with the Yoast SEO Premium plugin v27.2 (Yoast SEO v27.4) - https:\/\/yoast.com\/product\/yoast-seo-premium-wordpress\/ -->\n<title>Partikelmessung - Ersatzteile - Soliton<\/title>\n<meta name=\"description\" content=\"Originale Partikelmessung - Ersatzteile. Sichern Pr\u00e4zision und Zuverl\u00e4ssigkeit. Ideal f\u00fcr Labor, Qualit\u00e4tskontrolle und Forschung.\" \/>\n<meta name=\"robots\" content=\"index, follow, max-snippet:-1, max-image-preview:large, max-video-preview:-1\" \/>\n<link rel=\"canonical\" href=\"https:\/\/soliton-gmbh.de\/en\/product\/pss-spare-parts\/\" \/>\n<meta property=\"og:locale\" content=\"en_US\" \/>\n<meta property=\"og:type\" content=\"article\" \/>\n<meta property=\"og:title\" content=\"Partikelmessung - Ersatzteile\" \/>\n<meta property=\"og:description\" content=\"Originale Partikelmessung - Ersatzteile. Sichern Pr\u00e4zision und Zuverl\u00e4ssigkeit. Ideal f\u00fcr Labor, Qualit\u00e4tskontrolle und Forschung.\" \/>\n<meta property=\"og:url\" content=\"https:\/\/soliton-gmbh.de\/en\/product\/pss-spare-parts\/\" \/>\n<meta property=\"og:site_name\" content=\"Soliton Laser- und Messtechnik GmbH\" \/>\n<meta property=\"article:modified_time\" content=\"2025-08-13T11:56:58+00:00\" \/>\n<meta property=\"og:image\" content=\"https:\/\/soliton-gmbh.de\/wp-content\/uploads\/2023\/02\/PSS06.jpg\" \/>\n\t<meta property=\"og:image:width\" content=\"1000\" \/>\n\t<meta property=\"og:image:height\" content=\"663\" \/>\n\t<meta property=\"og:image:type\" content=\"image\/jpeg\" \/>\n<meta name=\"twitter:card\" content=\"summary_large_image\" \/>\n<meta name=\"twitter:label1\" content=\"Price\" \/>\n\t<meta name=\"twitter:data1\" content=\"&euro;0.00\" \/>\n\t<meta name=\"twitter:label2\" content=\"Availability\" \/>\n\t<meta name=\"twitter:data2\" content=\"In stock\" \/>\n<script type=\"application\/ld+json\" class=\"yoast-schema-graph\">{\"@context\":\"https:\\\/\\\/schema.org\",\"@graph\":[{\"@type\":\"WebPage\",\"@id\":\"https:\\\/\\\/soliton-gmbh.de\\\/en\\\/product\\\/pss-spare-parts\\\/\",\"url\":\"https:\\\/\\\/soliton-gmbh.de\\\/en\\\/product\\\/pss-spare-parts\\\/\",\"name\":\"Partikelmessung - Ersatzteile - Soliton\",\"isPartOf\":{\"@id\":\"https:\\\/\\\/soliton-gmbh.de\\\/#website\"},\"primaryImageOfPage\":{\"@id\":\"https:\\\/\\\/soliton-gmbh.de\\\/en\\\/product\\\/pss-spare-parts\\\/#primaryimage\"},\"image\":{\"@id\":\"https:\\\/\\\/soliton-gmbh.de\\\/en\\\/product\\\/pss-spare-parts\\\/#primaryimage\"},\"thumbnailUrl\":\"https:\\\/\\\/soliton-gmbh.de\\\/wp-content\\\/uploads\\\/2023\\\/02\\\/PSS06.jpg\",\"datePublished\":\"2023-02-24T13:08:18+00:00\",\"dateModified\":\"2025-08-13T11:56:58+00:00\",\"description\":\"Originale Partikelmessung - Ersatzteile. Sichern Pr\u00e4zision und Zuverl\u00e4ssigkeit. Ideal f\u00fcr Labor, Qualit\u00e4tskontrolle und Forschung.\",\"breadcrumb\":{\"@id\":\"https:\\\/\\\/soliton-gmbh.de\\\/en\\\/product\\\/pss-spare-parts\\\/#breadcrumb\"},\"inLanguage\":\"en-US\",\"potentialAction\":[{\"@type\":\"ReadAction\",\"target\":[\"https:\\\/\\\/soliton-gmbh.de\\\/en\\\/product\\\/pss-spare-parts\\\/\"]}]},{\"@type\":\"ImageObject\",\"inLanguage\":\"en-US\",\"@id\":\"https:\\\/\\\/soliton-gmbh.de\\\/en\\\/product\\\/pss-spare-parts\\\/#primaryimage\",\"url\":\"https:\\\/\\\/soliton-gmbh.de\\\/wp-content\\\/uploads\\\/2023\\\/02\\\/PSS06.jpg\",\"contentUrl\":\"https:\\\/\\\/soliton-gmbh.de\\\/wp-content\\\/uploads\\\/2023\\\/02\\\/PSS06.jpg\",\"width\":1000,\"height\":663,\"caption\":\"Originalersatzteile f\u00fcr PSS-Partikelmesssysteme zur Sicherstellung pr\u00e4ziser und zuverl\u00e4ssiger Messergebnisse.\"},{\"@type\":\"BreadcrumbList\",\"@id\":\"https:\\\/\\\/soliton-gmbh.de\\\/en\\\/product\\\/pss-spare-parts\\\/#breadcrumb\",\"itemListElement\":[{\"@type\":\"ListItem\",\"position\":1,\"name\":\"Startseite\",\"item\":\"https:\\\/\\\/soliton-gmbh.de\\\/\"},{\"@type\":\"ListItem\",\"position\":2,\"name\":\"Produkte\",\"item\":\"https:\\\/\\\/soliton-gmbh.de\\\/produkte\\\/\"},{\"@type\":\"ListItem\",\"position\":3,\"name\":\"Partikelmessung &#8211; Ersatzteile\"}]},{\"@type\":\"WebSite\",\"@id\":\"https:\\\/\\\/soliton-gmbh.de\\\/#website\",\"url\":\"https:\\\/\\\/soliton-gmbh.de\\\/\",\"name\":\"Soliton Laser- und Messtechnik GmbH\",\"description\":\"\",\"publisher\":{\"@id\":\"https:\\\/\\\/soliton-gmbh.de\\\/#organization\"},\"potentialAction\":[{\"@type\":\"SearchAction\",\"target\":{\"@type\":\"EntryPoint\",\"urlTemplate\":\"https:\\\/\\\/soliton-gmbh.de\\\/?s={search_term_string}\"},\"query-input\":{\"@type\":\"PropertyValueSpecification\",\"valueRequired\":true,\"valueName\":\"search_term_string\"}}],\"inLanguage\":\"en-US\"},{\"@type\":\"Organization\",\"@id\":\"https:\\\/\\\/soliton-gmbh.de\\\/#organization\",\"name\":\"Soliton GmbH\",\"url\":\"https:\\\/\\\/soliton-gmbh.de\\\/\",\"logo\":{\"@type\":\"ImageObject\",\"inLanguage\":\"en-US\",\"@id\":\"https:\\\/\\\/soliton-gmbh.de\\\/#\\\/schema\\\/logo\\\/image\\\/\",\"url\":\"https:\\\/\\\/soliton-gmbh.de\\\/wp-content\\\/uploads\\\/2022\\\/08\\\/cropped-soliton-logo.png\",\"contentUrl\":\"https:\\\/\\\/soliton-gmbh.de\\\/wp-content\\\/uploads\\\/2022\\\/08\\\/cropped-soliton-logo.png\",\"width\":500,\"height\":350,\"caption\":\"Soliton GmbH\"},\"image\":{\"@id\":\"https:\\\/\\\/soliton-gmbh.de\\\/#\\\/schema\\\/logo\\\/image\\\/\"}}]}<\/script>\n<meta property=\"product:price:amount\" content=\"0.00\" \/>\n<meta property=\"product:price:currency\" content=\"EUR\" \/>\n<meta property=\"og:availability\" content=\"instock\" \/>\n<meta property=\"product:availability\" content=\"instock\" \/>\n<meta property=\"product:condition\" content=\"new\" \/>\n<!-- \/ Yoast SEO Premium plugin. -->","yoast_head_json":{"title":"Particle measurement - Spare parts - Soliton","description":"Original particle measurement spare parts. Ensure precision and reliability. Ideal for laboratory, quality control and research.","robots":{"index":"index","follow":"follow","max-snippet":"max-snippet:-1","max-image-preview":"max-image-preview:large","max-video-preview":"max-video-preview:-1"},"canonical":"https:\/\/soliton-gmbh.de\/en\/product\/pss-spare-parts\/","og_locale":"en_US","og_type":"article","og_title":"Partikelmessung - Ersatzteile","og_description":"Originale Partikelmessung - Ersatzteile. Sichern Pr\u00e4zision und Zuverl\u00e4ssigkeit. Ideal f\u00fcr Labor, Qualit\u00e4tskontrolle und Forschung.","og_url":"https:\/\/soliton-gmbh.de\/en\/product\/pss-spare-parts\/","og_site_name":"Soliton Laser- und Messtechnik GmbH","article_modified_time":"2025-08-13T11:56:58+00:00","og_image":[{"width":1000,"height":663,"url":"https:\/\/soliton-gmbh.de\/wp-content\/uploads\/2023\/02\/PSS06.jpg","type":"image\/jpeg"}],"twitter_card":"summary_large_image","twitter_misc":{"Price":"&euro;0.00","Availability":"In stock"},"schema":{"@context":"https:\/\/schema.org","@graph":[{"@type":"WebPage","@id":"https:\/\/soliton-gmbh.de\/en\/product\/pss-spare-parts\/","url":"https:\/\/soliton-gmbh.de\/en\/product\/pss-spare-parts\/","name":"Particle measurement - Spare parts - Soliton","isPartOf":{"@id":"https:\/\/soliton-gmbh.de\/#website"},"primaryImageOfPage":{"@id":"https:\/\/soliton-gmbh.de\/en\/product\/pss-spare-parts\/#primaryimage"},"image":{"@id":"https:\/\/soliton-gmbh.de\/en\/product\/pss-spare-parts\/#primaryimage"},"thumbnailUrl":"https:\/\/soliton-gmbh.de\/wp-content\/uploads\/2023\/02\/PSS06.jpg","datePublished":"2023-02-24T13:08:18+00:00","dateModified":"2025-08-13T11:56:58+00:00","description":"Original particle measurement spare parts. Ensure precision and reliability. Ideal for laboratory, quality control and research.","breadcrumb":{"@id":"https:\/\/soliton-gmbh.de\/en\/product\/pss-spare-parts\/#breadcrumb"},"inLanguage":"en-US","potentialAction":[{"@type":"ReadAction","target":["https:\/\/soliton-gmbh.de\/en\/product\/pss-spare-parts\/"]}]},{"@type":"ImageObject","inLanguage":"en-US","@id":"https:\/\/soliton-gmbh.de\/en\/product\/pss-spare-parts\/#primaryimage","url":"https:\/\/soliton-gmbh.de\/wp-content\/uploads\/2023\/02\/PSS06.jpg","contentUrl":"https:\/\/soliton-gmbh.de\/wp-content\/uploads\/2023\/02\/PSS06.jpg","width":1000,"height":663,"caption":"Originalersatzteile f\u00fcr PSS-Partikelmesssysteme zur Sicherstellung pr\u00e4ziser und zuverl\u00e4ssiger Messergebnisse."},{"@type":"BreadcrumbList","@id":"https:\/\/soliton-gmbh.de\/en\/product\/pss-spare-parts\/#breadcrumb","itemListElement":[{"@type":"ListItem","position":1,"name":"Startseite","item":"https:\/\/soliton-gmbh.de\/"},{"@type":"ListItem","position":2,"name":"Produkte","item":"https:\/\/soliton-gmbh.de\/produkte\/"},{"@type":"ListItem","position":3,"name":"Partikelmessung &#8211; Ersatzteile"}]},{"@type":"WebSite","@id":"https:\/\/soliton-gmbh.de\/#website","url":"https:\/\/soliton-gmbh.de\/","name":"Soliton Laser- und Messtechnik GmbH","description":"","publisher":{"@id":"https:\/\/soliton-gmbh.de\/#organization"},"potentialAction":[{"@type":"SearchAction","target":{"@type":"EntryPoint","urlTemplate":"https:\/\/soliton-gmbh.de\/?s={search_term_string}"},"query-input":{"@type":"PropertyValueSpecification","valueRequired":true,"valueName":"search_term_string"}}],"inLanguage":"en-US"},{"@type":"Organization","@id":"https:\/\/soliton-gmbh.de\/#organization","name":"Soliton GmbH","url":"https:\/\/soliton-gmbh.de\/","logo":{"@type":"ImageObject","inLanguage":"en-US","@id":"https:\/\/soliton-gmbh.de\/#\/schema\/logo\/image\/","url":"https:\/\/soliton-gmbh.de\/wp-content\/uploads\/2022\/08\/cropped-soliton-logo.png","contentUrl":"https:\/\/soliton-gmbh.de\/wp-content\/uploads\/2022\/08\/cropped-soliton-logo.png","width":500,"height":350,"caption":"Soliton GmbH"},"image":{"@id":"https:\/\/soliton-gmbh.de\/#\/schema\/logo\/image\/"}}]},"product_price_amount":"0.00","product_price_currency":"EUR","og_availability":"instock","product_availability":"instock","product_condition":"new"},"uagb_featured_image_src":{"full":["https:\/\/soliton-gmbh.de\/wp-content\/uploads\/2023\/02\/PSS06.jpg",1000,663,false],"thumbnail":["https:\/\/soliton-gmbh.de\/wp-content\/uploads\/2023\/02\/PSS06-150x150.jpg",150,150,true],"medium":["https:\/\/soliton-gmbh.de\/wp-content\/uploads\/2023\/02\/PSS06-300x199.jpg",300,199,true],"medium_large":["https:\/\/soliton-gmbh.de\/wp-content\/uploads\/2023\/02\/PSS06-768x509.jpg",768,509,true],"large":["https:\/\/soliton-gmbh.de\/wp-content\/uploads\/2023\/02\/PSS06.jpg",1000,663,false],"1536x1536":["https:\/\/soliton-gmbh.de\/wp-content\/uploads\/2023\/02\/PSS06.jpg",1000,663,false],"2048x2048":["https:\/\/soliton-gmbh.de\/wp-content\/uploads\/2023\/02\/PSS06.jpg",1000,663,false],"trp-custom-language-flag":["https:\/\/soliton-gmbh.de\/wp-content\/uploads\/2023\/02\/PSS06-18x12.jpg",18,12,true],"woocommerce_thumbnail":["https:\/\/soliton-gmbh.de\/wp-content\/uploads\/2023\/02\/PSS06-600x398.jpg",600,398,true],"woocommerce_single":["https:\/\/soliton-gmbh.de\/wp-content\/uploads\/2023\/02\/PSS06.jpg",1000,663,false],"woocommerce_gallery_thumbnail":["https:\/\/soliton-gmbh.de\/wp-content\/uploads\/2023\/02\/PSS06-300x300.jpg",300,300,true]},"uagb_author_info":{"display_name":"Daniel Wagner","author_link":"https:\/\/soliton-gmbh.de\/en\/author\/"},"uagb_comment_info":0,"uagb_excerpt":"Filter Schl\u00e4uche Sample Loops Spritzen Ansprechpartner: Dr. Wolf-Dieter Wagner","_links":{"self":[{"href":"https:\/\/soliton-gmbh.de\/en\/wp-json\/wp\/v2\/product\/5438","targetHints":{"allow":["GET"]}}],"collection":[{"href":"https:\/\/soliton-gmbh.de\/en\/wp-json\/wp\/v2\/product"}],"about":[{"href":"https:\/\/soliton-gmbh.de\/en\/wp-json\/wp\/v2\/types\/product"}],"wp:featuredmedia":[{"embeddable":true,"href":"https:\/\/soliton-gmbh.de\/en\/wp-json\/wp\/v2\/media\/5445"}],"wp:attachment":[{"href":"https:\/\/soliton-gmbh.de\/en\/wp-json\/wp\/v2\/media?parent=5438"}],"wp:term":[{"taxonomy":"product_brand","embeddable":true,"href":"https:\/\/soliton-gmbh.de\/en\/wp-json\/wp\/v2\/product_brand?post=5438"},{"taxonomy":"product_cat","embeddable":true,"href":"https:\/\/soliton-gmbh.de\/en\/wp-json\/wp\/v2\/product_cat?post=5438"},{"taxonomy":"product_tag","embeddable":true,"href":"https:\/\/soliton-gmbh.de\/en\/wp-json\/wp\/v2\/product_tag?post=5438"}],"curies":[{"name":"wp","href":"https:\/\/api.w.org\/{rel}","templated":true}]}}