{"id":5423,"date":"2023-02-23T15:04:33","date_gmt":"2023-02-23T14:04:33","guid":{"rendered":"https:\/\/soliton.selectcode.io\/?post_type=product&#038;p=5423"},"modified":"2025-08-13T14:01:30","modified_gmt":"2025-08-13T12:01:30","slug":"accusizer-sensors","status":"publish","type":"product","link":"https:\/\/soliton-gmbh.de\/en\/produkt\/accusizer-sensoren\/","title":{"rendered":"particle measurement \u2013 sensors"},"content":{"rendered":"<h1>Particle measurement - Sensors<\/h1>\n<h2>Precise sensor solutions for AccuSizer particle measurement systems<\/h2>\n<p>Entegris offers a comprehensive range of sensors for AccuSizer particle sizers to optimally cover a wide variety of measurement requirements. These sensors are designed for precise particle size analysis and concentration determination and utilize state-of-the-art light shading and light scattering technology. Our team will support you in selecting the right sensor to ensure the highest accuracy and reliability in your application.<\/p>\n<h2>Sensor variants and their properties<\/h2>\n<ul>\n<li><strong>LE400-05<\/strong> - Measuring range 0.5 to 400 \u00b5m, combined light shading and scattering, summation calibration, particle sensitivity up to 10 PPT, concentration limit 9000 particles\/mL, size accuracy \u00b12 %, counting accuracy \u00b110 %, recommended flow rate 60 ml\/min (calibratable).<\/li>\n<li><strong>LE1000-2<\/strong> - Measuring range 2 to 1000 \u00b5m, light shading and summation, concentration limit 4000 particles\/mL, flow rate 100 ml\/min.<\/li>\n<li><strong>LE2500-20<\/strong> - Measuring range 25 to 2500 \u00b5m, light shading and summation, concentration limit 2000 particles\/mL, flow rate 600 ml\/min.<\/li>\n<li><strong>FX sensor<\/strong> - Measuring range 0.70 to 20 \u00b5m, light shading with patented beam focusing, significantly higher concentration limits than conventional SPOS technology (up to 400-fold).<\/li>\n<li><strong>FX Nano<\/strong> - Measuring range 0.15 to 20 \u00b5m, light shading with patented beam focusing, concentration limits up to 200 times higher than standard sensors.<\/li>\n<li><strong>FX \/ FX Nano combined with LE400<\/strong> - Increased dynamics for the analysis of outlier particles in the range 0.15 to 150 \u00b5m. Requires special measurement and data acquisition system.<\/li>\n<li><strong>HFX<\/strong> - Hydro Focused Extinction Sensor for extremely high particle concentrations above 10 million particles\/mL. The patented sheath flow design enables measurements in native concentration without contact to the flow cell.<\/li>\n<\/ul>\n<h2>Advantages of Entegris sensors<\/h2>\n<p>All sensors are designed for maximum measurement precision and stability. They offer extended measuring ranges, high dynamics and special calibration procedures to precisely analyze even the most demanding samples.<\/p>\n<h2>Areas of application<\/h2>\n<p>The sensors are used in laboratories, pharmaceutical production, water and environmental analysis as well as in industrial quality control. Depending on the sensor type, both very fine particles and large concentration ranges can be reliably detected.<\/p>\n<h2>Contact and advice<\/h2>\n<p>For individual advice and detailed technical information on the available sensors, please contact us directly. Visit our product page at <a href=\"https:\/\/soliton-gmbh.de\/en\/product\/accusizer-sensors\/\">Particle measurement - Sensors<\/a>. Further technical information on particle measurement technology can be found at <a href=\"https:\/\/spie.org\/\">SPIE - The International Society for Optics and Photonics<\/a>.<\/p>","protected":false},"excerpt":{"rendered":"<p><a href=\"https:\/\/soliton-gmbh.de\/wp-content\/uploads\/2023\/02\/Entegrisd.png\"><img loading=\"lazy\" decoding=\"async\" class=\"alignnone wp-image-5903\" src=\"https:\/\/soliton-gmbh.de\/wp-content\/uploads\/2023\/02\/Entegrisd-1024x244.png\" alt=\"\" width=\"151\" height=\"36\" srcset=\"https:\/\/soliton-gmbh.de\/wp-content\/uploads\/2023\/02\/Entegrisd-1024x244.png 1024w, https:\/\/soliton-gmbh.de\/wp-content\/uploads\/2023\/02\/Entegrisd-600x143.png 600w, https:\/\/soliton-gmbh.de\/wp-content\/uploads\/2023\/02\/Entegrisd-1200x286.png 1200w, https:\/\/soliton-gmbh.de\/wp-content\/uploads\/2023\/02\/Entegrisd-300x71.png 300w, https:\/\/soliton-gmbh.de\/wp-content\/uploads\/2023\/02\/Entegrisd-768x183.png 768w, https:\/\/soliton-gmbh.de\/wp-content\/uploads\/2023\/02\/Entegrisd-1536x366.png 1536w, https:\/\/soliton-gmbh.de\/wp-content\/uploads\/2023\/02\/Entegrisd-18x4.png 18w, https:\/\/soliton-gmbh.de\/wp-content\/uploads\/2023\/02\/Entegrisd.png 1582w\" sizes=\"auto, (max-width: 151px) 100vw, 151px\" \/><\/a><\/p>\n<ul>\n<li>Large selection of sensors<\/li>\n<li>For different requirements<\/li>\n<li>Long lifetime<\/li>\n<\/ul>\n<p>Contact person: Wolf Wagner (Ph.D.)<\/p>","protected":false},"featured_media":5427,"template":"","meta":{"_acf_changed":false,"_uag_custom_page_level_css":"","site-sidebar-layout":"default","site-content-layout":"default","ast-site-content-layout":"default","site-content-style":"default","site-sidebar-style":"default","ast-global-header-display":"","ast-banner-title-visibility":"","ast-main-header-display":"","ast-hfb-above-header-display":"","ast-hfb-below-header-display":"","ast-hfb-mobile-header-display":"","site-post-title":"","ast-breadcrumbs-content":"","ast-featured-img":"","footer-sml-layout":"","ast-disable-related-posts":"","theme-transparent-header-meta":"default","adv-header-id-meta":"","stick-header-meta":"default","header-above-stick-meta":"","header-main-stick-meta":"","header-below-stick-meta":"","astra-migrate-meta-layouts":"set","ast-page-background-enabled":"default","ast-page-background-meta":{"desktop":{"background-color":"","background-image":"","background-repeat":"repeat","background-position":"center center","background-size":"auto","background-attachment":"scroll","background-type":"","background-media":"","overlay-type":"","overlay-color":"","overlay-opacity":"","overlay-gradient":""},"tablet":{"background-color":"","background-image":"","background-repeat":"repeat","background-position":"center center","background-size":"auto","background-attachment":"scroll","background-type":"","background-media":"","overlay-type":"","overlay-color":"","overlay-opacity":"","overlay-gradient":""},"mobile":{"background-color":"","background-image":"","background-repeat":"repeat","background-position":"center center","background-size":"auto","background-attachment":"scroll","background-type":"","background-media":"","overlay-type":"","overlay-color":"","overlay-opacity":"","overlay-gradient":""}},"ast-content-background-meta":{"desktop":{"background-color":"var(--ast-global-color-5)","background-image":"","background-repeat":"repeat","background-position":"center center","background-size":"auto","background-attachment":"scroll","background-type":"","background-media":"","overlay-type":"","overlay-color":"","overlay-opacity":"","overlay-gradient":""},"tablet":{"background-color":"var(--ast-global-color-5)","background-image":"","background-repeat":"repeat","background-position":"center center","background-size":"auto","background-attachment":"scroll","background-type":"","background-media":"","overlay-type":"","overlay-color":"","overlay-opacity":"","overlay-gradient":""},"mobile":{"background-color":"var(--ast-global-color-5)","background-image":"","background-repeat":"repeat","background-position":"center center","background-size":"auto","background-attachment":"scroll","background-type":"","background-media":"","overlay-type":"","overlay-color":"","overlay-opacity":"","overlay-gradient":""}}},"product_brand":[],"product_cat":[275],"product_tag":[],"class_list":{"0":"post-5423","1":"product","2":"type-product","3":"status-publish","4":"has-post-thumbnail","6":"product_cat-zubehoer-und-ersatzteile","7":"desktop-align-left","8":"tablet-align-center","9":"mobile-align-center","10":"ast-product-gallery-layout-horizontal-slider","11":"ast-product-gallery-with-no-image","12":"ast-magnify-disabled","13":"ast-product-tabs-layout-horizontal","15":"first","16":"instock","17":"virtual","18":"sold-individually","19":"purchasable","20":"product-type-simple"},"acf":[],"yoast_head":"<!-- This site is optimized with the Yoast SEO Premium plugin v27.2 (Yoast SEO v27.4) - https:\/\/yoast.com\/product\/yoast-seo-premium-wordpress\/ -->\n<title>Partikelmessung - Sensoren - Soliton<\/title>\n<meta name=\"description\" content=\"Sensoren f\u00fcr AccuSizer-Partikelmesssysteme mit hoher Pr\u00e4zision und Dynamik. Ideal f\u00fcr Labor, Industrie, Pharma und Umweltanalytik.\" \/>\n<meta name=\"robots\" content=\"index, follow, max-snippet:-1, max-image-preview:large, max-video-preview:-1\" \/>\n<link rel=\"canonical\" href=\"https:\/\/soliton-gmbh.de\/en\/product\/accusizer-sensors\/\" \/>\n<meta property=\"og:locale\" content=\"en_US\" \/>\n<meta property=\"og:type\" content=\"article\" \/>\n<meta property=\"og:title\" content=\"Partikelmessung - Sensoren\" \/>\n<meta property=\"og:description\" content=\"Sensoren f\u00fcr AccuSizer-Partikelmesssysteme mit hoher Pr\u00e4zision und Dynamik. Ideal f\u00fcr Labor, Industrie, Pharma und Umweltanalytik.\" \/>\n<meta property=\"og:url\" content=\"https:\/\/soliton-gmbh.de\/en\/product\/accusizer-sensors\/\" \/>\n<meta property=\"og:site_name\" content=\"Soliton Laser- und Messtechnik GmbH\" \/>\n<meta property=\"article:modified_time\" content=\"2025-08-13T12:01:30+00:00\" \/>\n<meta property=\"og:image\" content=\"https:\/\/soliton-gmbh.de\/wp-content\/uploads\/2023\/02\/Sensor.jpg\" \/>\n\t<meta property=\"og:image:width\" content=\"1104\" \/>\n\t<meta property=\"og:image:height\" content=\"685\" \/>\n\t<meta property=\"og:image:type\" content=\"image\/jpeg\" \/>\n<meta name=\"twitter:card\" content=\"summary_large_image\" \/>\n<meta name=\"twitter:label1\" content=\"Price\" \/>\n\t<meta name=\"twitter:data1\" content=\"&euro;0.00\" \/>\n\t<meta name=\"twitter:label2\" content=\"Availability\" \/>\n\t<meta name=\"twitter:data2\" content=\"In stock\" \/>\n<script type=\"application\/ld+json\" class=\"yoast-schema-graph\">{\"@context\":\"https:\\\/\\\/schema.org\",\"@graph\":[{\"@type\":\"WebPage\",\"@id\":\"https:\\\/\\\/soliton-gmbh.de\\\/en\\\/product\\\/accusizer-sensors\\\/\",\"url\":\"https:\\\/\\\/soliton-gmbh.de\\\/en\\\/product\\\/accusizer-sensors\\\/\",\"name\":\"Partikelmessung - Sensoren - Soliton\",\"isPartOf\":{\"@id\":\"https:\\\/\\\/soliton-gmbh.de\\\/#website\"},\"primaryImageOfPage\":{\"@id\":\"https:\\\/\\\/soliton-gmbh.de\\\/en\\\/product\\\/accusizer-sensors\\\/#primaryimage\"},\"image\":{\"@id\":\"https:\\\/\\\/soliton-gmbh.de\\\/en\\\/product\\\/accusizer-sensors\\\/#primaryimage\"},\"thumbnailUrl\":\"https:\\\/\\\/soliton-gmbh.de\\\/wp-content\\\/uploads\\\/2023\\\/02\\\/Sensor.jpg\",\"datePublished\":\"2023-02-23T14:04:33+00:00\",\"dateModified\":\"2025-08-13T12:01:30+00:00\",\"description\":\"Sensoren f\u00fcr AccuSizer-Partikelmesssysteme mit hoher Pr\u00e4zision und Dynamik. Ideal f\u00fcr Labor, Industrie, Pharma und Umweltanalytik.\",\"breadcrumb\":{\"@id\":\"https:\\\/\\\/soliton-gmbh.de\\\/en\\\/product\\\/accusizer-sensors\\\/#breadcrumb\"},\"inLanguage\":\"en-US\",\"potentialAction\":[{\"@type\":\"ReadAction\",\"target\":[\"https:\\\/\\\/soliton-gmbh.de\\\/en\\\/product\\\/accusizer-sensors\\\/\"]}]},{\"@type\":\"ImageObject\",\"inLanguage\":\"en-US\",\"@id\":\"https:\\\/\\\/soliton-gmbh.de\\\/en\\\/product\\\/accusizer-sensors\\\/#primaryimage\",\"url\":\"https:\\\/\\\/soliton-gmbh.de\\\/wp-content\\\/uploads\\\/2023\\\/02\\\/Sensor.jpg\",\"contentUrl\":\"https:\\\/\\\/soliton-gmbh.de\\\/wp-content\\\/uploads\\\/2023\\\/02\\\/Sensor.jpg\",\"width\":1104,\"height\":685,\"caption\":\"Verschiedene Sensoren f\u00fcr AccuSizer-Partikelmesssysteme zur pr\u00e4zisen Analyse von Partikelgr\u00f6\u00dfe und -konzentration.\"},{\"@type\":\"BreadcrumbList\",\"@id\":\"https:\\\/\\\/soliton-gmbh.de\\\/en\\\/product\\\/accusizer-sensors\\\/#breadcrumb\",\"itemListElement\":[{\"@type\":\"ListItem\",\"position\":1,\"name\":\"Startseite\",\"item\":\"https:\\\/\\\/soliton-gmbh.de\\\/\"},{\"@type\":\"ListItem\",\"position\":2,\"name\":\"Produkte\",\"item\":\"https:\\\/\\\/soliton-gmbh.de\\\/produkte\\\/\"},{\"@type\":\"ListItem\",\"position\":3,\"name\":\"Partikelmessung &#8211; Sensoren\"}]},{\"@type\":\"WebSite\",\"@id\":\"https:\\\/\\\/soliton-gmbh.de\\\/#website\",\"url\":\"https:\\\/\\\/soliton-gmbh.de\\\/\",\"name\":\"Soliton Laser- und Messtechnik GmbH\",\"description\":\"\",\"publisher\":{\"@id\":\"https:\\\/\\\/soliton-gmbh.de\\\/#organization\"},\"potentialAction\":[{\"@type\":\"SearchAction\",\"target\":{\"@type\":\"EntryPoint\",\"urlTemplate\":\"https:\\\/\\\/soliton-gmbh.de\\\/?s={search_term_string}\"},\"query-input\":{\"@type\":\"PropertyValueSpecification\",\"valueRequired\":true,\"valueName\":\"search_term_string\"}}],\"inLanguage\":\"en-US\"},{\"@type\":\"Organization\",\"@id\":\"https:\\\/\\\/soliton-gmbh.de\\\/#organization\",\"name\":\"Soliton GmbH\",\"url\":\"https:\\\/\\\/soliton-gmbh.de\\\/\",\"logo\":{\"@type\":\"ImageObject\",\"inLanguage\":\"en-US\",\"@id\":\"https:\\\/\\\/soliton-gmbh.de\\\/#\\\/schema\\\/logo\\\/image\\\/\",\"url\":\"https:\\\/\\\/soliton-gmbh.de\\\/wp-content\\\/uploads\\\/2022\\\/08\\\/cropped-soliton-logo.png\",\"contentUrl\":\"https:\\\/\\\/soliton-gmbh.de\\\/wp-content\\\/uploads\\\/2022\\\/08\\\/cropped-soliton-logo.png\",\"width\":500,\"height\":350,\"caption\":\"Soliton GmbH\"},\"image\":{\"@id\":\"https:\\\/\\\/soliton-gmbh.de\\\/#\\\/schema\\\/logo\\\/image\\\/\"}}]}<\/script>\n<meta property=\"product:price:amount\" content=\"0.00\" \/>\n<meta property=\"product:price:currency\" content=\"EUR\" \/>\n<meta property=\"og:availability\" content=\"instock\" \/>\n<meta property=\"product:availability\" content=\"instock\" \/>\n<meta property=\"product:condition\" content=\"new\" \/>\n<!-- \/ Yoast SEO Premium plugin. -->","yoast_head_json":{"title":"Particle measurement - Sensors - Soliton","description":"Sensors for AccuSizer particle measurement systems with high precision and dynamics. Ideal for laboratory, industry, pharmaceutical and environmental analysis.","robots":{"index":"index","follow":"follow","max-snippet":"max-snippet:-1","max-image-preview":"max-image-preview:large","max-video-preview":"max-video-preview:-1"},"canonical":"https:\/\/soliton-gmbh.de\/en\/product\/accusizer-sensors\/","og_locale":"en_US","og_type":"article","og_title":"Partikelmessung - Sensoren","og_description":"Sensoren f\u00fcr AccuSizer-Partikelmesssysteme mit hoher Pr\u00e4zision und Dynamik. Ideal f\u00fcr Labor, Industrie, Pharma und Umweltanalytik.","og_url":"https:\/\/soliton-gmbh.de\/en\/product\/accusizer-sensors\/","og_site_name":"Soliton Laser- und Messtechnik GmbH","article_modified_time":"2025-08-13T12:01:30+00:00","og_image":[{"width":1104,"height":685,"url":"https:\/\/soliton-gmbh.de\/wp-content\/uploads\/2023\/02\/Sensor.jpg","type":"image\/jpeg"}],"twitter_card":"summary_large_image","twitter_misc":{"Price":"&euro;0.00","Availability":"In stock"},"schema":{"@context":"https:\/\/schema.org","@graph":[{"@type":"WebPage","@id":"https:\/\/soliton-gmbh.de\/en\/product\/accusizer-sensors\/","url":"https:\/\/soliton-gmbh.de\/en\/product\/accusizer-sensors\/","name":"Particle measurement - Sensors - Soliton","isPartOf":{"@id":"https:\/\/soliton-gmbh.de\/#website"},"primaryImageOfPage":{"@id":"https:\/\/soliton-gmbh.de\/en\/product\/accusizer-sensors\/#primaryimage"},"image":{"@id":"https:\/\/soliton-gmbh.de\/en\/product\/accusizer-sensors\/#primaryimage"},"thumbnailUrl":"https:\/\/soliton-gmbh.de\/wp-content\/uploads\/2023\/02\/Sensor.jpg","datePublished":"2023-02-23T14:04:33+00:00","dateModified":"2025-08-13T12:01:30+00:00","description":"Sensors for AccuSizer particle measurement systems with high precision and dynamics. Ideal for laboratory, industry, pharmaceutical and environmental analysis.","breadcrumb":{"@id":"https:\/\/soliton-gmbh.de\/en\/product\/accusizer-sensors\/#breadcrumb"},"inLanguage":"en-US","potentialAction":[{"@type":"ReadAction","target":["https:\/\/soliton-gmbh.de\/en\/product\/accusizer-sensors\/"]}]},{"@type":"ImageObject","inLanguage":"en-US","@id":"https:\/\/soliton-gmbh.de\/en\/product\/accusizer-sensors\/#primaryimage","url":"https:\/\/soliton-gmbh.de\/wp-content\/uploads\/2023\/02\/Sensor.jpg","contentUrl":"https:\/\/soliton-gmbh.de\/wp-content\/uploads\/2023\/02\/Sensor.jpg","width":1104,"height":685,"caption":"Verschiedene Sensoren f\u00fcr AccuSizer-Partikelmesssysteme zur pr\u00e4zisen Analyse von Partikelgr\u00f6\u00dfe und -konzentration."},{"@type":"BreadcrumbList","@id":"https:\/\/soliton-gmbh.de\/en\/product\/accusizer-sensors\/#breadcrumb","itemListElement":[{"@type":"ListItem","position":1,"name":"Startseite","item":"https:\/\/soliton-gmbh.de\/"},{"@type":"ListItem","position":2,"name":"Produkte","item":"https:\/\/soliton-gmbh.de\/produkte\/"},{"@type":"ListItem","position":3,"name":"Partikelmessung &#8211; Sensoren"}]},{"@type":"WebSite","@id":"https:\/\/soliton-gmbh.de\/#website","url":"https:\/\/soliton-gmbh.de\/","name":"Soliton Laser- und Messtechnik GmbH","description":"","publisher":{"@id":"https:\/\/soliton-gmbh.de\/#organization"},"potentialAction":[{"@type":"SearchAction","target":{"@type":"EntryPoint","urlTemplate":"https:\/\/soliton-gmbh.de\/?s={search_term_string}"},"query-input":{"@type":"PropertyValueSpecification","valueRequired":true,"valueName":"search_term_string"}}],"inLanguage":"en-US"},{"@type":"Organization","@id":"https:\/\/soliton-gmbh.de\/#organization","name":"Soliton GmbH","url":"https:\/\/soliton-gmbh.de\/","logo":{"@type":"ImageObject","inLanguage":"en-US","@id":"https:\/\/soliton-gmbh.de\/#\/schema\/logo\/image\/","url":"https:\/\/soliton-gmbh.de\/wp-content\/uploads\/2022\/08\/cropped-soliton-logo.png","contentUrl":"https:\/\/soliton-gmbh.de\/wp-content\/uploads\/2022\/08\/cropped-soliton-logo.png","width":500,"height":350,"caption":"Soliton GmbH"},"image":{"@id":"https:\/\/soliton-gmbh.de\/#\/schema\/logo\/image\/"}}]},"product_price_amount":"0.00","product_price_currency":"EUR","og_availability":"instock","product_availability":"instock","product_condition":"new"},"uagb_featured_image_src":{"full":["https:\/\/soliton-gmbh.de\/wp-content\/uploads\/2023\/02\/Sensor.jpg",1104,685,false],"thumbnail":["https:\/\/soliton-gmbh.de\/wp-content\/uploads\/2023\/02\/Sensor-150x150.jpg",150,150,true],"medium":["https:\/\/soliton-gmbh.de\/wp-content\/uploads\/2023\/02\/Sensor-300x186.jpg",300,186,true],"medium_large":["https:\/\/soliton-gmbh.de\/wp-content\/uploads\/2023\/02\/Sensor-768x477.jpg",768,477,true],"large":["https:\/\/soliton-gmbh.de\/wp-content\/uploads\/2023\/02\/Sensor-1024x635.jpg",1024,635,true],"1536x1536":["https:\/\/soliton-gmbh.de\/wp-content\/uploads\/2023\/02\/Sensor.jpg",1104,685,false],"2048x2048":["https:\/\/soliton-gmbh.de\/wp-content\/uploads\/2023\/02\/Sensor.jpg",1104,685,false],"trp-custom-language-flag":["https:\/\/soliton-gmbh.de\/wp-content\/uploads\/2023\/02\/Sensor-18x12.jpg",18,12,true],"woocommerce_thumbnail":["https:\/\/soliton-gmbh.de\/wp-content\/uploads\/2023\/02\/Sensor-600x372.jpg",600,372,true],"woocommerce_single":["https:\/\/soliton-gmbh.de\/wp-content\/uploads\/2023\/02\/Sensor.jpg",1104,685,false],"woocommerce_gallery_thumbnail":["https:\/\/soliton-gmbh.de\/wp-content\/uploads\/2023\/02\/Sensor-300x300.jpg",300,300,true]},"uagb_author_info":{"display_name":"Daniel Wagner","author_link":"https:\/\/soliton-gmbh.de\/en\/author\/"},"uagb_comment_info":0,"uagb_excerpt":"Gro\u00dfe Auswahl an Sensoren F\u00fcr verschiedene Anforderungen Lange Lebensdauer Ansprechpartner: Dr. Wolf-Dieter Wagner","_links":{"self":[{"href":"https:\/\/soliton-gmbh.de\/en\/wp-json\/wp\/v2\/product\/5423","targetHints":{"allow":["GET"]}}],"collection":[{"href":"https:\/\/soliton-gmbh.de\/en\/wp-json\/wp\/v2\/product"}],"about":[{"href":"https:\/\/soliton-gmbh.de\/en\/wp-json\/wp\/v2\/types\/product"}],"wp:featuredmedia":[{"embeddable":true,"href":"https:\/\/soliton-gmbh.de\/en\/wp-json\/wp\/v2\/media\/5427"}],"wp:attachment":[{"href":"https:\/\/soliton-gmbh.de\/en\/wp-json\/wp\/v2\/media?parent=5423"}],"wp:term":[{"taxonomy":"product_brand","embeddable":true,"href":"https:\/\/soliton-gmbh.de\/en\/wp-json\/wp\/v2\/product_brand?post=5423"},{"taxonomy":"product_cat","embeddable":true,"href":"https:\/\/soliton-gmbh.de\/en\/wp-json\/wp\/v2\/product_cat?post=5423"},{"taxonomy":"product_tag","embeddable":true,"href":"https:\/\/soliton-gmbh.de\/en\/wp-json\/wp\/v2\/product_tag?post=5423"}],"curies":[{"name":"wp","href":"https:\/\/api.w.org\/{rel}","templated":true}]}}