{"id":5413,"date":"2023-02-23T13:53:27","date_gmt":"2023-02-23T12:53:27","guid":{"rendered":"https:\/\/soliton.selectcode.io\/?post_type=product&#038;p=5413"},"modified":"2026-03-30T18:03:48","modified_gmt":"2026-03-30T16:03:48","slug":"accusizer-particle-sizer","status":"publish","type":"product","link":"https:\/\/soliton-gmbh.de\/en\/produkt\/accusizer-partikelmessgeraet\/","title":{"rendered":"AccuSizer particle size measuring device 0.5 \u2013 400 \u00b5m"},"content":{"rendered":"<p>The <strong>AccuSizer particle measuring device<\/strong> from Entegris is revolutionizing particle measurement with its automatic sample dilution system. Particle measurement has never been so easy: Using a pipette, you simply add a few drops of your sample into the measuring container and the AccuSizer 780 AD does the rest. It automatically dilutes the sample until the optimal concentration for the measurement process is reached. Only then does the measurement start. This significantly reduces the effort required for sample preparation.<\/p>\n<h2><strong>Automatic sample dilution for optimal measurements<\/strong><\/h2>\n<p>In addition, the AccuSizer AD is available with various options, such as solvent-based measurement or a <strong>21 CFR Part 11<\/strong> compliant software package. This means it can be flexibly adapted to your requirements.<\/p>\n<p>The <strong>AccuSizer SIS<\/strong> uses a measuring syringe to supply a precisely defined amount of sample to the sensor. This system was specially developed for <strong>pharmaceutical applications<\/strong> develops and supports the <strong>USP 787, 788 and 789<\/strong> test procedures. In addition, it is <strong>21 CFR Part 11<\/strong> compatible.<\/p>\n<h2><strong>High-resolution particle analysis for pharmaceutical applications<\/strong><\/h2>\n<p>The SIS system delivers very high resolution and sensitivity and plays a crucial role in maintaining standards in the production of pharmaceutical products. With the ability to detect particles down to <strong>150 nm<\/strong> The AccuSizer SIS sets standards in particle analysis by reliably detecting particles.<\/p>\n<p>The <strong>AccuSizer APS<\/strong> has a two-stage, automatic diluter, which significantly increases the measurement accuracy with regard to large outlier particles. Especially in the edge area of a distribution curve, where the critical particle sizes are contained, the gain in accuracy and reproducibility can be of great importance. This makes the AccuSizer APS ideal for <strong>USP 729 PFAT5<\/strong> Measurements. Optionally, a <strong>21 CFR Part 11<\/strong> Package can be ordered, as well as one or two-stage configurations or solvent compatibility.<\/p>\n<p>Our <strong>AccuSizer particle measuring devices<\/strong> stand for precision and efficiency. They are the result of years of research and development and meet the highest standards in particle measurement.<\/p>\n<p>If you have any further questions about the systems, please feel free to send us a non-binding inquiry. Further information about the products and all technical data sheets for each variant can be found here: <a href=\"https:\/\/www.entegris.com\" target=\"_new\" rel=\"noopener\">Entegris.com<\/a>.<\/p>","protected":false},"excerpt":{"rendered":"<p><a href=\"https:\/\/soliton-gmbh.de\/wp-content\/uploads\/2023\/02\/Entegrisd.png\"><img loading=\"lazy\" decoding=\"async\" class=\"alignnone wp-image-5903\" src=\"https:\/\/soliton-gmbh.de\/wp-content\/uploads\/2023\/02\/Entegrisd-1024x244.png\" alt=\"Logo of Entegris\" width=\"151\" height=\"36\" srcset=\"https:\/\/soliton-gmbh.de\/wp-content\/uploads\/2023\/02\/Entegrisd-1024x244.png 1024w, https:\/\/soliton-gmbh.de\/wp-content\/uploads\/2023\/02\/Entegrisd-600x143.png 600w, https:\/\/soliton-gmbh.de\/wp-content\/uploads\/2023\/02\/Entegrisd-1200x286.png 1200w, https:\/\/soliton-gmbh.de\/wp-content\/uploads\/2023\/02\/Entegrisd-300x71.png 300w, https:\/\/soliton-gmbh.de\/wp-content\/uploads\/2023\/02\/Entegrisd-768x183.png 768w, https:\/\/soliton-gmbh.de\/wp-content\/uploads\/2023\/02\/Entegrisd-1536x366.png 1536w, https:\/\/soliton-gmbh.de\/wp-content\/uploads\/2023\/02\/Entegrisd-18x4.png 18w, https:\/\/soliton-gmbh.de\/wp-content\/uploads\/2023\/02\/Entegrisd.png 1582w\" sizes=\"auto, (max-width: 151px) 100vw, 151px\" \/><\/a><\/p>\n<ul>\n<li>infusions<\/li>\n<li>Testing of filter systems<\/li>\n<li>Paints and varnishes<\/li>\n<li>emulsions<\/li>\n<\/ul>","protected":false},"featured_media":5419,"template":"","meta":{"_acf_changed":false,"_uag_custom_page_level_css":"","site-sidebar-layout":"default","site-content-layout":"default","ast-site-content-layout":"default","site-content-style":"default","site-sidebar-style":"default","ast-global-header-display":"","ast-banner-title-visibility":"","ast-main-header-display":"","ast-hfb-above-header-display":"","ast-hfb-below-header-display":"","ast-hfb-mobile-header-display":"","site-post-title":"","ast-breadcrumbs-content":"","ast-featured-img":"","footer-sml-layout":"","ast-disable-related-posts":"","theme-transparent-header-meta":"default","adv-header-id-meta":"","stick-header-meta":"default","header-above-stick-meta":"","header-main-stick-meta":"","header-below-stick-meta":"","astra-migrate-meta-layouts":"set","ast-page-background-enabled":"default","ast-page-background-meta":{"desktop":{"background-color":"","background-image":"","background-repeat":"repeat","background-position":"center center","background-size":"auto","background-attachment":"scroll","background-type":"","background-media":"","overlay-type":"","overlay-color":"","overlay-opacity":"","overlay-gradient":""},"tablet":{"background-color":"","background-image":"","background-repeat":"repeat","background-position":"center center","background-size":"auto","background-attachment":"scroll","background-type":"","background-media":"","overlay-type":"","overlay-color":"","overlay-opacity":"","overlay-gradient":""},"mobile":{"background-color":"","background-image":"","background-repeat":"repeat","background-position":"center center","background-size":"auto","background-attachment":"scroll","background-type":"","background-media":"","overlay-type":"","overlay-color":"","overlay-opacity":"","overlay-gradient":""}},"ast-content-background-meta":{"desktop":{"background-color":"var(--ast-global-color-5)","background-image":"","background-repeat":"repeat","background-position":"center center","background-size":"auto","background-attachment":"scroll","background-type":"","background-media":"","overlay-type":"","overlay-color":"","overlay-opacity":"","overlay-gradient":""},"tablet":{"background-color":"var(--ast-global-color-5)","background-image":"","background-repeat":"repeat","background-position":"center center","background-size":"auto","background-attachment":"scroll","background-type":"","background-media":"","overlay-type":"","overlay-color":"","overlay-opacity":"","overlay-gradient":""},"mobile":{"background-color":"var(--ast-global-color-5)","background-image":"","background-repeat":"repeat","background-position":"center center","background-size":"auto","background-attachment":"scroll","background-type":"","background-media":"","overlay-type":"","overlay-color":"","overlay-opacity":"","overlay-gradient":""}}},"product_brand":[1608],"product_cat":[28,81,276],"product_tag":[428,899,900,895,906,904,907,902,897,908,903,909,896,901,905,898],"class_list":{"0":"post-5413","1":"product","2":"type-product","3":"status-publish","4":"has-post-thumbnail","6":"product_brand-entegris","7":"product_cat-analytik","8":"product_cat-partikelmessung","9":"product_cat-systeme-fuer-partikelmessung","10":"product_tag-21-cfr-part-11","11":"product_tag-899","12":"product_tag-900","13":"product_tag-automatische-probenverduennung","14":"product_tag-effiziente-probenvorbereitung","15":"product_tag-entegris-accusizer","16":"product_tag-fluessigpartikelzaehler","17":"product_tag-hochaufloesende-partikelanalyse","18":"product_tag-laserpartikelzaehler","19":"product_tag-mikroprozessorbasierte-partikelanalyse","20":"product_tag-niedrigste-partikelgroessenmessung","21":"product_tag-partikelgroessenverteilung","22":"product_tag-partikelmessung","23":"product_tag-pharmazeutische-anwendungen","24":"product_tag-praezise-partikelzaehlung","25":"product_tag-usp-787","26":"desktop-align-left","27":"tablet-align-center","28":"mobile-align-center","29":"ast-product-gallery-layout-horizontal-slider","30":"ast-magnify-disabled","31":"ast-product-tabs-layout-horizontal","33":"first","34":"instock","35":"virtual","36":"sold-individually","37":"purchasable","38":"product-type-simple"},"acf":[],"yoast_head":"<!-- This site is optimized with the Yoast SEO Premium plugin v27.2 (Yoast SEO v27.4) - https:\/\/yoast.com\/product\/yoast-seo-premium-wordpress\/ -->\n<title>AccuSizer Partikelmessger\u00e4t 0,5 - 400 \u00b5m - Soliton<\/title>\n<meta name=\"description\" content=\"Das Partikelmessger\u00e4t von Entegris \u2013 schnelle und pr\u00e4zise Partikelmessung mit automatischer Probenverd\u00fcnnung, ideal f\u00fcr pharmazeutische Anwendungen\" \/>\n<meta name=\"robots\" content=\"index, follow, max-snippet:-1, max-image-preview:large, max-video-preview:-1\" \/>\n<link rel=\"canonical\" href=\"https:\/\/soliton-gmbh.de\/en\/product\/accusizer-particle-sizer\/\" \/>\n<meta property=\"og:locale\" content=\"en_US\" \/>\n<meta property=\"og:type\" content=\"article\" \/>\n<meta property=\"og:title\" content=\"AccuSizer Partikelmessger\u00e4t 0,5 - 400 \u00b5m\" \/>\n<meta property=\"og:description\" content=\"Das Partikelmessger\u00e4t von Entegris \u2013 schnelle und pr\u00e4zise Partikelmessung mit automatischer Probenverd\u00fcnnung, ideal f\u00fcr pharmazeutische Anwendungen\" \/>\n<meta property=\"og:url\" content=\"https:\/\/soliton-gmbh.de\/en\/product\/accusizer-particle-sizer\/\" \/>\n<meta property=\"og:site_name\" content=\"Soliton Laser- und Messtechnik GmbH\" \/>\n<meta property=\"article:modified_time\" content=\"2026-03-30T16:03:48+00:00\" \/>\n<meta property=\"og:image\" content=\"https:\/\/soliton-gmbh.de\/wp-content\/uploads\/2023\/02\/product-accusizer-spos-systems-0319-1-1.jpeg\" \/>\n\t<meta property=\"og:image:width\" content=\"1104\" \/>\n\t<meta property=\"og:image:height\" content=\"1070\" \/>\n\t<meta property=\"og:image:type\" content=\"image\/jpeg\" \/>\n<meta name=\"twitter:card\" content=\"summary_large_image\" \/>\n<meta name=\"twitter:label1\" content=\"Price\" \/>\n\t<meta name=\"twitter:data1\" content=\"&euro;0.00\" \/>\n\t<meta name=\"twitter:label2\" content=\"Availability\" \/>\n\t<meta name=\"twitter:data2\" content=\"In stock\" \/>\n<script type=\"application\/ld+json\" class=\"yoast-schema-graph\">{\"@context\":\"https:\\\/\\\/schema.org\",\"@graph\":[{\"@type\":\"WebPage\",\"@id\":\"https:\\\/\\\/soliton-gmbh.de\\\/produkt\\\/accusizer-partikelmessgeraet\\\/\",\"url\":\"https:\\\/\\\/soliton-gmbh.de\\\/produkt\\\/accusizer-partikelmessgeraet\\\/\",\"name\":\"AccuSizer Partikelmessger\u00e4t 0,5 - 400 \u00b5m - Soliton\",\"isPartOf\":{\"@id\":\"https:\\\/\\\/soliton-gmbh.de\\\/#website\"},\"primaryImageOfPage\":{\"@id\":\"https:\\\/\\\/soliton-gmbh.de\\\/produkt\\\/accusizer-partikelmessgeraet\\\/#primaryimage\"},\"image\":{\"@id\":\"https:\\\/\\\/soliton-gmbh.de\\\/produkt\\\/accusizer-partikelmessgeraet\\\/#primaryimage\"},\"thumbnailUrl\":\"https:\\\/\\\/soliton-gmbh.de\\\/wp-content\\\/uploads\\\/2023\\\/02\\\/product-accusizer-spos-systems-0319-1-1.jpeg\",\"datePublished\":\"2023-02-23T12:53:27+00:00\",\"dateModified\":\"2026-03-30T16:03:48+00:00\",\"description\":\"Das Partikelmessger\u00e4t von Entegris \u2013 schnelle und pr\u00e4zise Partikelmessung mit automatischer Probenverd\u00fcnnung, ideal f\u00fcr pharmazeutische Anwendungen\",\"breadcrumb\":{\"@id\":\"https:\\\/\\\/soliton-gmbh.de\\\/produkt\\\/accusizer-partikelmessgeraet\\\/#breadcrumb\"},\"inLanguage\":\"en-US\",\"potentialAction\":[{\"@type\":\"ReadAction\",\"target\":[\"https:\\\/\\\/soliton-gmbh.de\\\/produkt\\\/accusizer-partikelmessgeraet\\\/\"]}]},{\"@type\":\"ImageObject\",\"inLanguage\":\"en-US\",\"@id\":\"https:\\\/\\\/soliton-gmbh.de\\\/produkt\\\/accusizer-partikelmessgeraet\\\/#primaryimage\",\"url\":\"https:\\\/\\\/soliton-gmbh.de\\\/wp-content\\\/uploads\\\/2023\\\/02\\\/product-accusizer-spos-systems-0319-1-1.jpeg\",\"contentUrl\":\"https:\\\/\\\/soliton-gmbh.de\\\/wp-content\\\/uploads\\\/2023\\\/02\\\/product-accusizer-spos-systems-0319-1-1.jpeg\",\"width\":1104,\"height\":1070,\"caption\":\"AccuSizer Partikelmessger\u00e4t von Entegris mit automatischem Probenverd\u00fcnnungssystem f\u00fcr pr\u00e4zise Partikelmessungen\"},{\"@type\":\"BreadcrumbList\",\"@id\":\"https:\\\/\\\/soliton-gmbh.de\\\/produkt\\\/accusizer-partikelmessgeraet\\\/#breadcrumb\",\"itemListElement\":[{\"@type\":\"ListItem\",\"position\":1,\"name\":\"Startseite\",\"item\":\"https:\\\/\\\/soliton-gmbh.de\\\/\"},{\"@type\":\"ListItem\",\"position\":2,\"name\":\"Produkte\",\"item\":\"https:\\\/\\\/soliton-gmbh.de\\\/produkte\\\/\"},{\"@type\":\"ListItem\",\"position\":3,\"name\":\"AccuSizer Partikelmessger\u00e4t 0,5 &#8211; 400 \u00b5m\"}]},{\"@type\":\"WebSite\",\"@id\":\"https:\\\/\\\/soliton-gmbh.de\\\/#website\",\"url\":\"https:\\\/\\\/soliton-gmbh.de\\\/\",\"name\":\"Soliton Laser- und Messtechnik GmbH\",\"description\":\"\",\"publisher\":{\"@id\":\"https:\\\/\\\/soliton-gmbh.de\\\/#organization\"},\"potentialAction\":[{\"@type\":\"SearchAction\",\"target\":{\"@type\":\"EntryPoint\",\"urlTemplate\":\"https:\\\/\\\/soliton-gmbh.de\\\/?s={search_term_string}\"},\"query-input\":{\"@type\":\"PropertyValueSpecification\",\"valueRequired\":true,\"valueName\":\"search_term_string\"}}],\"inLanguage\":\"en-US\"},{\"@type\":\"Organization\",\"@id\":\"https:\\\/\\\/soliton-gmbh.de\\\/#organization\",\"name\":\"Soliton GmbH\",\"url\":\"https:\\\/\\\/soliton-gmbh.de\\\/\",\"logo\":{\"@type\":\"ImageObject\",\"inLanguage\":\"en-US\",\"@id\":\"https:\\\/\\\/soliton-gmbh.de\\\/#\\\/schema\\\/logo\\\/image\\\/\",\"url\":\"https:\\\/\\\/soliton-gmbh.de\\\/wp-content\\\/uploads\\\/2022\\\/08\\\/cropped-soliton-logo.png\",\"contentUrl\":\"https:\\\/\\\/soliton-gmbh.de\\\/wp-content\\\/uploads\\\/2022\\\/08\\\/cropped-soliton-logo.png\",\"width\":500,\"height\":350,\"caption\":\"Soliton GmbH\"},\"image\":{\"@id\":\"https:\\\/\\\/soliton-gmbh.de\\\/#\\\/schema\\\/logo\\\/image\\\/\"}}]}<\/script>\n<meta property=\"product:price:amount\" content=\"0.00\" \/>\n<meta property=\"product:price:currency\" content=\"EUR\" \/>\n<meta property=\"og:availability\" content=\"instock\" \/>\n<meta property=\"product:availability\" content=\"instock\" \/>\n<meta property=\"product:condition\" content=\"new\" \/>\n<!-- \/ Yoast SEO Premium plugin. -->","yoast_head_json":{"title":"AccuSizer particle sizer 0.5 - 400 \u00b5m - Soliton","description":"The particle sizer from Entegris - fast and precise particle measurement with automatic sample dilution, ideal for pharmaceutical applications","robots":{"index":"index","follow":"follow","max-snippet":"max-snippet:-1","max-image-preview":"max-image-preview:large","max-video-preview":"max-video-preview:-1"},"canonical":"https:\/\/soliton-gmbh.de\/en\/product\/accusizer-particle-sizer\/","og_locale":"en_US","og_type":"article","og_title":"AccuSizer Partikelmessger\u00e4t 0,5 - 400 \u00b5m","og_description":"Das Partikelmessger\u00e4t von Entegris \u2013 schnelle und pr\u00e4zise Partikelmessung mit automatischer Probenverd\u00fcnnung, ideal f\u00fcr pharmazeutische Anwendungen","og_url":"https:\/\/soliton-gmbh.de\/en\/product\/accusizer-particle-sizer\/","og_site_name":"Soliton Laser- und Messtechnik GmbH","article_modified_time":"2026-03-30T16:03:48+00:00","og_image":[{"width":1104,"height":1070,"url":"https:\/\/soliton-gmbh.de\/wp-content\/uploads\/2023\/02\/product-accusizer-spos-systems-0319-1-1.jpeg","type":"image\/jpeg"}],"twitter_card":"summary_large_image","twitter_misc":{"Price":"&euro;0.00","Availability":"In stock"},"schema":{"@context":"https:\/\/schema.org","@graph":[{"@type":"WebPage","@id":"https:\/\/soliton-gmbh.de\/produkt\/accusizer-partikelmessgeraet\/","url":"https:\/\/soliton-gmbh.de\/produkt\/accusizer-partikelmessgeraet\/","name":"AccuSizer particle sizer 0.5 - 400 \u00b5m - Soliton","isPartOf":{"@id":"https:\/\/soliton-gmbh.de\/#website"},"primaryImageOfPage":{"@id":"https:\/\/soliton-gmbh.de\/produkt\/accusizer-partikelmessgeraet\/#primaryimage"},"image":{"@id":"https:\/\/soliton-gmbh.de\/produkt\/accusizer-partikelmessgeraet\/#primaryimage"},"thumbnailUrl":"https:\/\/soliton-gmbh.de\/wp-content\/uploads\/2023\/02\/product-accusizer-spos-systems-0319-1-1.jpeg","datePublished":"2023-02-23T12:53:27+00:00","dateModified":"2026-03-30T16:03:48+00:00","description":"The particle sizer from Entegris - fast and precise particle measurement with automatic sample dilution, ideal for pharmaceutical applications","breadcrumb":{"@id":"https:\/\/soliton-gmbh.de\/produkt\/accusizer-partikelmessgeraet\/#breadcrumb"},"inLanguage":"en-US","potentialAction":[{"@type":"ReadAction","target":["https:\/\/soliton-gmbh.de\/produkt\/accusizer-partikelmessgeraet\/"]}]},{"@type":"ImageObject","inLanguage":"en-US","@id":"https:\/\/soliton-gmbh.de\/produkt\/accusizer-partikelmessgeraet\/#primaryimage","url":"https:\/\/soliton-gmbh.de\/wp-content\/uploads\/2023\/02\/product-accusizer-spos-systems-0319-1-1.jpeg","contentUrl":"https:\/\/soliton-gmbh.de\/wp-content\/uploads\/2023\/02\/product-accusizer-spos-systems-0319-1-1.jpeg","width":1104,"height":1070,"caption":"AccuSizer Partikelmessger\u00e4t von Entegris mit automatischem Probenverd\u00fcnnungssystem f\u00fcr pr\u00e4zise Partikelmessungen"},{"@type":"BreadcrumbList","@id":"https:\/\/soliton-gmbh.de\/produkt\/accusizer-partikelmessgeraet\/#breadcrumb","itemListElement":[{"@type":"ListItem","position":1,"name":"Startseite","item":"https:\/\/soliton-gmbh.de\/"},{"@type":"ListItem","position":2,"name":"Produkte","item":"https:\/\/soliton-gmbh.de\/produkte\/"},{"@type":"ListItem","position":3,"name":"AccuSizer Partikelmessger\u00e4t 0,5 &#8211; 400 \u00b5m"}]},{"@type":"WebSite","@id":"https:\/\/soliton-gmbh.de\/#website","url":"https:\/\/soliton-gmbh.de\/","name":"Soliton Laser- und Messtechnik GmbH","description":"","publisher":{"@id":"https:\/\/soliton-gmbh.de\/#organization"},"potentialAction":[{"@type":"SearchAction","target":{"@type":"EntryPoint","urlTemplate":"https:\/\/soliton-gmbh.de\/?s={search_term_string}"},"query-input":{"@type":"PropertyValueSpecification","valueRequired":true,"valueName":"search_term_string"}}],"inLanguage":"en-US"},{"@type":"Organization","@id":"https:\/\/soliton-gmbh.de\/#organization","name":"Soliton GmbH","url":"https:\/\/soliton-gmbh.de\/","logo":{"@type":"ImageObject","inLanguage":"en-US","@id":"https:\/\/soliton-gmbh.de\/#\/schema\/logo\/image\/","url":"https:\/\/soliton-gmbh.de\/wp-content\/uploads\/2022\/08\/cropped-soliton-logo.png","contentUrl":"https:\/\/soliton-gmbh.de\/wp-content\/uploads\/2022\/08\/cropped-soliton-logo.png","width":500,"height":350,"caption":"Soliton GmbH"},"image":{"@id":"https:\/\/soliton-gmbh.de\/#\/schema\/logo\/image\/"}}]},"product_price_amount":"0.00","product_price_currency":"EUR","og_availability":"instock","product_availability":"instock","product_condition":"new"},"uagb_featured_image_src":{"full":["https:\/\/soliton-gmbh.de\/wp-content\/uploads\/2023\/02\/product-accusizer-spos-systems-0319-1-1.jpeg",1104,1070,false],"thumbnail":["https:\/\/soliton-gmbh.de\/wp-content\/uploads\/2023\/02\/product-accusizer-spos-systems-0319-1-1-150x150.jpeg",150,150,true],"medium":["https:\/\/soliton-gmbh.de\/wp-content\/uploads\/2023\/02\/product-accusizer-spos-systems-0319-1-1-300x291.jpeg",300,291,true],"medium_large":["https:\/\/soliton-gmbh.de\/wp-content\/uploads\/2023\/02\/product-accusizer-spos-systems-0319-1-1-768x744.jpeg",768,744,true],"large":["https:\/\/soliton-gmbh.de\/wp-content\/uploads\/2023\/02\/product-accusizer-spos-systems-0319-1-1-1024x992.jpeg",1024,992,true],"1536x1536":["https:\/\/soliton-gmbh.de\/wp-content\/uploads\/2023\/02\/product-accusizer-spos-systems-0319-1-1.jpeg",1104,1070,false],"2048x2048":["https:\/\/soliton-gmbh.de\/wp-content\/uploads\/2023\/02\/product-accusizer-spos-systems-0319-1-1.jpeg",1104,1070,false],"trp-custom-language-flag":["https:\/\/soliton-gmbh.de\/wp-content\/uploads\/2023\/02\/product-accusizer-spos-systems-0319-1-1-12x12.jpeg",12,12,true],"woocommerce_thumbnail":["https:\/\/soliton-gmbh.de\/wp-content\/uploads\/2023\/02\/product-accusizer-spos-systems-0319-1-1-600x582.jpeg",600,582,true],"woocommerce_single":["https:\/\/soliton-gmbh.de\/wp-content\/uploads\/2023\/02\/product-accusizer-spos-systems-0319-1-1.jpeg",1104,1070,false],"woocommerce_gallery_thumbnail":["https:\/\/soliton-gmbh.de\/wp-content\/uploads\/2023\/02\/product-accusizer-spos-systems-0319-1-1-300x300.jpeg",300,300,true]},"uagb_author_info":{"display_name":"Daniel Wagner","author_link":"https:\/\/soliton-gmbh.de\/en\/author\/"},"uagb_comment_info":0,"uagb_excerpt":"Infusionen Testen von Filtersystemen Farben und Lacke Emulsionen","_links":{"self":[{"href":"https:\/\/soliton-gmbh.de\/en\/wp-json\/wp\/v2\/product\/5413","targetHints":{"allow":["GET"]}}],"collection":[{"href":"https:\/\/soliton-gmbh.de\/en\/wp-json\/wp\/v2\/product"}],"about":[{"href":"https:\/\/soliton-gmbh.de\/en\/wp-json\/wp\/v2\/types\/product"}],"wp:featuredmedia":[{"embeddable":true,"href":"https:\/\/soliton-gmbh.de\/en\/wp-json\/wp\/v2\/media\/5419"}],"wp:attachment":[{"href":"https:\/\/soliton-gmbh.de\/en\/wp-json\/wp\/v2\/media?parent=5413"}],"wp:term":[{"taxonomy":"product_brand","embeddable":true,"href":"https:\/\/soliton-gmbh.de\/en\/wp-json\/wp\/v2\/product_brand?post=5413"},{"taxonomy":"product_cat","embeddable":true,"href":"https:\/\/soliton-gmbh.de\/en\/wp-json\/wp\/v2\/product_cat?post=5413"},{"taxonomy":"product_tag","embeddable":true,"href":"https:\/\/soliton-gmbh.de\/en\/wp-json\/wp\/v2\/product_tag?post=5413"}],"curies":[{"name":"wp","href":"https:\/\/api.w.org\/{rel}","templated":true}]}}