{"id":5366,"date":"2023-02-17T16:14:33","date_gmt":"2023-02-17T15:14:33","guid":{"rendered":"https:\/\/soliton.selectcode.io\/?post_type=product&#038;p=5366"},"modified":"2026-04-14T23:26:16","modified_gmt":"2026-04-14T21:26:16","slug":"al50-co2-laser","status":"publish","type":"product","link":"https:\/\/soliton-gmbh.de\/en\/produkt\/al50-co2-laser\/","title":{"rendered":"CO2 laser: AL series"},"content":{"rendered":"<h1 data-start=\"142\" data-end=\"215\">CO2 Laser AL50 \u2013 High-performance laser for cutting-edge industrial applications<\/h1>\n<h2 data-start=\"217\" data-end=\"282\">Maximum performance through true cylindrical waveguide technology<\/h2>\n<p data-start=\"284\" data-end=\"644\">The <strong data-start=\"288\" data-end=\"306\">CO2 Laser AL50<\/strong> is the most powerful system in its class and is based on proven technology with true cylindrical waveguides \u2013 a standard in the professional laser industry. This laser system was specifically developed for extremely demanding applications where absolute reliability and maximum uptime are required.<\/p>\n<h2 data-start=\"646\" data-end=\"701\">Optimized for continuous operation in critical applications<\/h2>\n<p data-start=\"703\" data-end=\"1111\">Due to its robust construction, the <strong data-start=\"748\" data-end=\"766\">CO2 Laser AL50<\/strong> ideal for use in highly sensitive production environments such as <strong data-start=\"836\" data-end=\"859\">Semiconductor manufacturing<\/strong>, where it reliably delivers the highest precision even in 24\/7 operation. At the same time, it is a valuable tool for research institutions and development centers that rely on consistently high laser power and consistent beam quality.<\/p>\n<h2 data-start=\"1708\" data-end=\"1746\">Application areas of the CO2 laser AL50<\/h2>\n<p data-start=\"1748\" data-end=\"2062\">In addition to the semiconductor industry, the <strong data-start=\"1788\" data-end=\"1806\">CO2 Laser AL50<\/strong> also in areas such as <strong data-start=\"1833\" data-end=\"1854\">Materials research<\/strong>, the <strong data-start=\"1860\" data-end=\"1880\">Micromachining<\/strong>, the <strong data-start=\"1886\" data-end=\"1902\">precision mechanics<\/strong> as well as in <strong data-start=\"1912\" data-end=\"1932\">Laboratory applications<\/strong> Thanks to its modular expandability, the laser can also be precisely tailored to customer-specific requirements.<\/p>\n<h2 data-start=\"1113\" data-end=\"1157\">Technical highlights of the CO2 laser AL50<\/h2>\n<p data-start=\"1159\" data-end=\"1295\">With its uncompromising design, the AL50 sets new standards in industrial laser technology. Key advantages include:<\/p>\n<ul data-start=\"1297\" data-end=\"1503\">\n<li data-start=\"1297\" data-end=\"1341\">\n<p data-start=\"1299\" data-end=\"1341\">High beam quality and energy efficiency<\/p>\n<\/li>\n<li data-start=\"1342\" data-end=\"1381\">\n<p data-start=\"1344\" data-end=\"1381\">Stable performance in long-term operation<\/p>\n<\/li>\n<li data-start=\"1382\" data-end=\"1438\">\n<p data-start=\"1384\" data-end=\"1438\">Low-maintenance design for maximum availability<\/p>\n<\/li>\n<li data-start=\"1439\" data-end=\"1503\">\n<p data-start=\"1441\" data-end=\"1503\">Precise controllability even during complex processing steps<\/p>\n<\/li>\n<\/ul>\n<p data-start=\"1505\" data-end=\"1706\">Thanks to the cylindrical waveguide technology, a uniform power density is guaranteed across the entire beam area \u2013 a decisive advantage for particularly uniform material processing.<\/p>","protected":false},"excerpt":{"rendered":"<p><a href=\"https:\/\/www.accesslaser.com\"><img loading=\"lazy\" decoding=\"async\" class=\"alignleft wp-image-5330\" title=\"Here to the manufacturer \" src=\"https:\/\/soliton-gmbh.de\/wp-content\/uploads\/2023\/02\/Access-300x74.png\" alt=\"\" width=\"199\" height=\"49\" srcset=\"https:\/\/soliton-gmbh.de\/wp-content\/uploads\/2023\/02\/Access-300x74.png 300w, https:\/\/soliton-gmbh.de\/wp-content\/uploads\/2023\/02\/Access-18x4.png 18w, https:\/\/soliton-gmbh.de\/wp-content\/uploads\/2023\/02\/Access.png 516w\" sizes=\"auto, (max-width: 199px) 100vw, 199px\" \/><\/a><\/p>\n<p>&nbsp;<\/p>\n<p>&nbsp;<\/p>\n<ul>\n<li>Tunable grid<\/li>\n<li>Various isotope gas fillings possible<\/li>\n<li>Ultra stabilized<\/li>\n<li>Active Q-switching for ns pulses<\/li>\n<li>For applications such as optically pumped terahertz sources and ultra-cold atom traps<\/li>\n<\/ul>","protected":false},"featured_media":6031,"template":"","meta":{"_acf_changed":false,"_uag_custom_page_level_css":"","site-sidebar-layout":"default","site-content-layout":"default","ast-site-content-layout":"default","site-content-style":"default","site-sidebar-style":"default","ast-global-header-display":"","ast-banner-title-visibility":"","ast-main-header-display":"","ast-hfb-above-header-display":"","ast-hfb-below-header-display":"","ast-hfb-mobile-header-display":"","site-post-title":"","ast-breadcrumbs-content":"","ast-featured-img":"","footer-sml-layout":"","ast-disable-related-posts":"","theme-transparent-header-meta":"default","adv-header-id-meta":"","stick-header-meta":"default","header-above-stick-meta":"","header-main-stick-meta":"","header-below-stick-meta":"","astra-migrate-meta-layouts":"set","ast-page-background-enabled":"default","ast-page-background-meta":{"desktop":{"background-color":"","background-image":"","background-repeat":"repeat","background-position":"center center","background-size":"auto","background-attachment":"scroll","background-type":"","background-media":"","overlay-type":"","overlay-color":"","overlay-opacity":"","overlay-gradient":""},"tablet":{"background-color":"","background-image":"","background-repeat":"repeat","background-position":"center center","background-size":"auto","background-attachment":"scroll","background-type":"","background-media":"","overlay-type":"","overlay-color":"","overlay-opacity":"","overlay-gradient":""},"mobile":{"background-color":"","background-image":"","background-repeat":"repeat","background-position":"center center","background-size":"auto","background-attachment":"scroll","background-type":"","background-media":"","overlay-type":"","overlay-color":"","overlay-opacity":"","overlay-gradient":""}},"ast-content-background-meta":{"desktop":{"background-color":"var(--ast-global-color-5)","background-image":"","background-repeat":"repeat","background-position":"center center","background-size":"auto","background-attachment":"scroll","background-type":"","background-media":"","overlay-type":"","overlay-color":"","overlay-opacity":"","overlay-gradient":""},"tablet":{"background-color":"var(--ast-global-color-5)","background-image":"","background-repeat":"repeat","background-position":"center center","background-size":"auto","background-attachment":"scroll","background-type":"","background-media":"","overlay-type":"","overlay-color":"","overlay-opacity":"","overlay-gradient":""},"mobile":{"background-color":"var(--ast-global-color-5)","background-image":"","background-repeat":"repeat","background-position":"center center","background-size":"auto","background-attachment":"scroll","background-type":"","background-media":"","overlay-type":"","overlay-color":"","overlay-opacity":"","overlay-gradient":""}}},"product_brand":[1616],"product_cat":[183,43,195,45,27,30,44],"product_tag":[1351,1347,1350,1348,1344,1353,1345,1352,1346,1349],"class_list":{"0":"post-5366","1":"product","2":"type-product","3":"status-publish","4":"has-post-thumbnail","6":"product_brand-access-laser","7":"product_cat-co2-laser","8":"product_cat-cw-laser","9":"product_cat-durchstimmbare-laser","10":"product_cat-gepulste-laser","11":"product_cat-laser","12":"product_cat-laserquellen","13":"product_cat-nanosekundenlaser","14":"product_tag-co2-dauerbetriebslaser","15":"product_tag-co2-laser-mit-zylinderwellenleiter","16":"product_tag-co2-lasersystem-industrie","17":"product_tag-forschungs-laser-co2","18":"product_tag-hochleistungslaser-co2","19":"product_tag-hochpraezisions-co2-laser","20":"product_tag-industrie-lasersystem-al50","21":"product_tag-laser-fuer-forschung-und-entwicklung","22":"product_tag-laser-fuer-halbleiterfertigung","23":"product_tag-praezisionslaser-industrie","24":"desktop-align-left","25":"tablet-align-center","26":"mobile-align-center","27":"ast-product-gallery-layout-horizontal-slider","28":"ast-product-gallery-with-no-image","29":"ast-magnify-disabled","30":"ast-product-single-variable","31":"ast-product-tabs-layout-horizontal","33":"first","34":"instock","35":"sold-individually","36":"shipping-taxable","37":"purchasable","38":"product-type-variable","39":"has-default-attributes"},"acf":[],"yoast_head":"<!-- This site is optimized with the Yoast SEO Premium plugin v27.2 (Yoast SEO v27.4) - https:\/\/yoast.com\/product\/yoast-seo-premium-wordpress\/ -->\n<title>CO2-Laser: AL-Serie - Soliton<\/title>\n<meta name=\"description\" content=\"CO2 Laser AL50 Hochleistungslaser mit Zylinderwellenleiter f\u00fc durchgehenden Einsatz in der Halbleiterfertigung &amp; Forschung.\" \/>\n<meta name=\"robots\" content=\"index, follow, max-snippet:-1, max-image-preview:large, max-video-preview:-1\" \/>\n<link rel=\"canonical\" href=\"https:\/\/soliton-gmbh.de\/en\/product\/al50-co2-laser\/\" \/>\n<meta property=\"og:locale\" content=\"en_US\" \/>\n<meta property=\"og:type\" content=\"article\" \/>\n<meta property=\"og:title\" content=\"CO2-Laser: AL-Serie\" \/>\n<meta property=\"og:description\" content=\"CO2 Laser AL50 Hochleistungslaser mit Zylinderwellenleiter f\u00fc durchgehenden Einsatz in der Halbleiterfertigung &amp; Forschung.\" \/>\n<meta property=\"og:url\" content=\"https:\/\/soliton-gmbh.de\/en\/product\/al50-co2-laser\/\" \/>\n<meta property=\"og:site_name\" content=\"Soliton Laser- und Messtechnik GmbH\" \/>\n<meta property=\"article:modified_time\" content=\"2026-04-14T21:26:16+00:00\" \/>\n<meta property=\"og:image\" content=\"https:\/\/soliton-gmbh.de\/wp-content\/uploads\/2023\/02\/AL50.jpg\" \/>\n\t<meta property=\"og:image:width\" content=\"2168\" \/>\n\t<meta property=\"og:image:height\" content=\"1664\" \/>\n\t<meta property=\"og:image:type\" content=\"image\/jpeg\" \/>\n<meta name=\"twitter:card\" content=\"summary_large_image\" \/>\n<meta name=\"twitter:label1\" content=\"Availability\" \/>\n\t<meta name=\"twitter:data1\" content=\"In stock\" \/>\n<script type=\"application\/ld+json\" class=\"yoast-schema-graph\">{\"@context\":\"https:\\\/\\\/schema.org\",\"@graph\":[{\"@type\":\"WebPage\",\"@id\":\"https:\\\/\\\/soliton-gmbh.de\\\/produkt\\\/al50-co2-laser\\\/\",\"url\":\"https:\\\/\\\/soliton-gmbh.de\\\/produkt\\\/al50-co2-laser\\\/\",\"name\":\"CO2-Laser: AL-Serie - Soliton\",\"isPartOf\":{\"@id\":\"https:\\\/\\\/soliton-gmbh.de\\\/#website\"},\"primaryImageOfPage\":{\"@id\":\"https:\\\/\\\/soliton-gmbh.de\\\/produkt\\\/al50-co2-laser\\\/#primaryimage\"},\"image\":{\"@id\":\"https:\\\/\\\/soliton-gmbh.de\\\/produkt\\\/al50-co2-laser\\\/#primaryimage\"},\"thumbnailUrl\":\"https:\\\/\\\/soliton-gmbh.de\\\/wp-content\\\/uploads\\\/2023\\\/02\\\/AL50.jpg\",\"datePublished\":\"2023-02-17T15:14:33+00:00\",\"dateModified\":\"2026-04-14T21:26:16+00:00\",\"description\":\"CO2 Laser AL50 Hochleistungslaser mit Zylinderwellenleiter f\u00fc durchgehenden Einsatz in der Halbleiterfertigung & Forschung.\",\"breadcrumb\":{\"@id\":\"https:\\\/\\\/soliton-gmbh.de\\\/produkt\\\/al50-co2-laser\\\/#breadcrumb\"},\"inLanguage\":\"en-US\",\"potentialAction\":[{\"@type\":\"ReadAction\",\"target\":[\"https:\\\/\\\/soliton-gmbh.de\\\/produkt\\\/al50-co2-laser\\\/\"]}]},{\"@type\":\"ImageObject\",\"inLanguage\":\"en-US\",\"@id\":\"https:\\\/\\\/soliton-gmbh.de\\\/produkt\\\/al50-co2-laser\\\/#primaryimage\",\"url\":\"https:\\\/\\\/soliton-gmbh.de\\\/wp-content\\\/uploads\\\/2023\\\/02\\\/AL50.jpg\",\"contentUrl\":\"https:\\\/\\\/soliton-gmbh.de\\\/wp-content\\\/uploads\\\/2023\\\/02\\\/AL50.jpg\",\"width\":2168,\"height\":1664,\"caption\":\"CO2 Laser AL50 mit Zylinderwellenleiter-Technologie im industriellen Einsatz\"},{\"@type\":\"BreadcrumbList\",\"@id\":\"https:\\\/\\\/soliton-gmbh.de\\\/produkt\\\/al50-co2-laser\\\/#breadcrumb\",\"itemListElement\":[{\"@type\":\"ListItem\",\"position\":1,\"name\":\"Startseite\",\"item\":\"https:\\\/\\\/soliton-gmbh.de\\\/\"},{\"@type\":\"ListItem\",\"position\":2,\"name\":\"Produkte\",\"item\":\"https:\\\/\\\/soliton-gmbh.de\\\/produkte\\\/\"},{\"@type\":\"ListItem\",\"position\":3,\"name\":\"CO2-Laser: AL-Serie\"}]},{\"@type\":\"WebSite\",\"@id\":\"https:\\\/\\\/soliton-gmbh.de\\\/#website\",\"url\":\"https:\\\/\\\/soliton-gmbh.de\\\/\",\"name\":\"Soliton Laser- und Messtechnik GmbH\",\"description\":\"\",\"publisher\":{\"@id\":\"https:\\\/\\\/soliton-gmbh.de\\\/#organization\"},\"potentialAction\":[{\"@type\":\"SearchAction\",\"target\":{\"@type\":\"EntryPoint\",\"urlTemplate\":\"https:\\\/\\\/soliton-gmbh.de\\\/?s={search_term_string}\"},\"query-input\":{\"@type\":\"PropertyValueSpecification\",\"valueRequired\":true,\"valueName\":\"search_term_string\"}}],\"inLanguage\":\"en-US\"},{\"@type\":\"Organization\",\"@id\":\"https:\\\/\\\/soliton-gmbh.de\\\/#organization\",\"name\":\"Soliton GmbH\",\"url\":\"https:\\\/\\\/soliton-gmbh.de\\\/\",\"logo\":{\"@type\":\"ImageObject\",\"inLanguage\":\"en-US\",\"@id\":\"https:\\\/\\\/soliton-gmbh.de\\\/#\\\/schema\\\/logo\\\/image\\\/\",\"url\":\"https:\\\/\\\/soliton-gmbh.de\\\/wp-content\\\/uploads\\\/2022\\\/08\\\/cropped-soliton-logo.png\",\"contentUrl\":\"https:\\\/\\\/soliton-gmbh.de\\\/wp-content\\\/uploads\\\/2022\\\/08\\\/cropped-soliton-logo.png\",\"width\":500,\"height\":350,\"caption\":\"Soliton GmbH\"},\"image\":{\"@id\":\"https:\\\/\\\/soliton-gmbh.de\\\/#\\\/schema\\\/logo\\\/image\\\/\"}}]}<\/script>\n<meta property=\"og:availability\" content=\"instock\" \/>\n<meta property=\"product:availability\" content=\"instock\" \/>\n<meta property=\"product:condition\" content=\"new\" \/>\n<!-- \/ Yoast SEO Premium plugin. -->","yoast_head_json":{"title":"CO2 lasers: AL series - Soliton","description":"CO2 Laser AL50 high-power laser with cylindrical waveguide for continuous use in semiconductor manufacturing &amp; research.","robots":{"index":"index","follow":"follow","max-snippet":"max-snippet:-1","max-image-preview":"max-image-preview:large","max-video-preview":"max-video-preview:-1"},"canonical":"https:\/\/soliton-gmbh.de\/en\/product\/al50-co2-laser\/","og_locale":"en_US","og_type":"article","og_title":"CO2-Laser: AL-Serie","og_description":"CO2 Laser AL50 Hochleistungslaser mit Zylinderwellenleiter f\u00fc durchgehenden Einsatz in der Halbleiterfertigung & Forschung.","og_url":"https:\/\/soliton-gmbh.de\/en\/product\/al50-co2-laser\/","og_site_name":"Soliton Laser- und Messtechnik GmbH","article_modified_time":"2026-04-14T21:26:16+00:00","og_image":[{"width":2168,"height":1664,"url":"https:\/\/soliton-gmbh.de\/wp-content\/uploads\/2023\/02\/AL50.jpg","type":"image\/jpeg"}],"twitter_card":"summary_large_image","twitter_misc":{"Availability":"In stock"},"schema":{"@context":"https:\/\/schema.org","@graph":[{"@type":"WebPage","@id":"https:\/\/soliton-gmbh.de\/produkt\/al50-co2-laser\/","url":"https:\/\/soliton-gmbh.de\/produkt\/al50-co2-laser\/","name":"CO2 lasers: AL series - Soliton","isPartOf":{"@id":"https:\/\/soliton-gmbh.de\/#website"},"primaryImageOfPage":{"@id":"https:\/\/soliton-gmbh.de\/produkt\/al50-co2-laser\/#primaryimage"},"image":{"@id":"https:\/\/soliton-gmbh.de\/produkt\/al50-co2-laser\/#primaryimage"},"thumbnailUrl":"https:\/\/soliton-gmbh.de\/wp-content\/uploads\/2023\/02\/AL50.jpg","datePublished":"2023-02-17T15:14:33+00:00","dateModified":"2026-04-14T21:26:16+00:00","description":"CO2 Laser AL50 high-power laser with cylindrical waveguide for continuous use in semiconductor manufacturing &amp; research.","breadcrumb":{"@id":"https:\/\/soliton-gmbh.de\/produkt\/al50-co2-laser\/#breadcrumb"},"inLanguage":"en-US","potentialAction":[{"@type":"ReadAction","target":["https:\/\/soliton-gmbh.de\/produkt\/al50-co2-laser\/"]}]},{"@type":"ImageObject","inLanguage":"en-US","@id":"https:\/\/soliton-gmbh.de\/produkt\/al50-co2-laser\/#primaryimage","url":"https:\/\/soliton-gmbh.de\/wp-content\/uploads\/2023\/02\/AL50.jpg","contentUrl":"https:\/\/soliton-gmbh.de\/wp-content\/uploads\/2023\/02\/AL50.jpg","width":2168,"height":1664,"caption":"CO2 Laser AL50 mit Zylinderwellenleiter-Technologie im industriellen Einsatz"},{"@type":"BreadcrumbList","@id":"https:\/\/soliton-gmbh.de\/produkt\/al50-co2-laser\/#breadcrumb","itemListElement":[{"@type":"ListItem","position":1,"name":"Startseite","item":"https:\/\/soliton-gmbh.de\/"},{"@type":"ListItem","position":2,"name":"Produkte","item":"https:\/\/soliton-gmbh.de\/produkte\/"},{"@type":"ListItem","position":3,"name":"CO2-Laser: AL-Serie"}]},{"@type":"WebSite","@id":"https:\/\/soliton-gmbh.de\/#website","url":"https:\/\/soliton-gmbh.de\/","name":"Soliton Laser- und Messtechnik GmbH","description":"","publisher":{"@id":"https:\/\/soliton-gmbh.de\/#organization"},"potentialAction":[{"@type":"SearchAction","target":{"@type":"EntryPoint","urlTemplate":"https:\/\/soliton-gmbh.de\/?s={search_term_string}"},"query-input":{"@type":"PropertyValueSpecification","valueRequired":true,"valueName":"search_term_string"}}],"inLanguage":"en-US"},{"@type":"Organization","@id":"https:\/\/soliton-gmbh.de\/#organization","name":"Soliton GmbH","url":"https:\/\/soliton-gmbh.de\/","logo":{"@type":"ImageObject","inLanguage":"en-US","@id":"https:\/\/soliton-gmbh.de\/#\/schema\/logo\/image\/","url":"https:\/\/soliton-gmbh.de\/wp-content\/uploads\/2022\/08\/cropped-soliton-logo.png","contentUrl":"https:\/\/soliton-gmbh.de\/wp-content\/uploads\/2022\/08\/cropped-soliton-logo.png","width":500,"height":350,"caption":"Soliton GmbH"},"image":{"@id":"https:\/\/soliton-gmbh.de\/#\/schema\/logo\/image\/"}}]},"og_availability":"instock","product_availability":"instock","product_condition":"new"},"uagb_featured_image_src":{"full":["https:\/\/soliton-gmbh.de\/wp-content\/uploads\/2023\/02\/AL50.jpg",2168,1664,false],"thumbnail":["https:\/\/soliton-gmbh.de\/wp-content\/uploads\/2023\/02\/AL50-150x150.jpg",150,150,true],"medium":["https:\/\/soliton-gmbh.de\/wp-content\/uploads\/2023\/02\/AL50-300x230.jpg",300,230,true],"medium_large":["https:\/\/soliton-gmbh.de\/wp-content\/uploads\/2023\/02\/AL50-768x589.jpg",768,589,true],"large":["https:\/\/soliton-gmbh.de\/wp-content\/uploads\/2023\/02\/AL50-1024x786.jpg",1024,786,true],"1536x1536":["https:\/\/soliton-gmbh.de\/wp-content\/uploads\/2023\/02\/AL50-1536x1179.jpg",1536,1179,true],"2048x2048":["https:\/\/soliton-gmbh.de\/wp-content\/uploads\/2023\/02\/AL50-2048x1572.jpg",2048,1572,true],"trp-custom-language-flag":["https:\/\/soliton-gmbh.de\/wp-content\/uploads\/2023\/02\/AL50-16x12.jpg",16,12,true],"woocommerce_thumbnail":["https:\/\/soliton-gmbh.de\/wp-content\/uploads\/2023\/02\/AL50-600x461.jpg",600,461,true],"woocommerce_single":["https:\/\/soliton-gmbh.de\/wp-content\/uploads\/2023\/02\/AL50-1200x921.jpg",1200,921,true],"woocommerce_gallery_thumbnail":["https:\/\/soliton-gmbh.de\/wp-content\/uploads\/2023\/02\/AL50-300x300.jpg",300,300,true]},"uagb_author_info":{"display_name":"Simon Zimmermann","author_link":"https:\/\/soliton-gmbh.de\/en\/author\/"},"uagb_comment_info":0,"uagb_excerpt":"&nbsp; &nbsp; Durchstimmbares Gitter Verschiedene Isotopen Gasf\u00fcllungen m\u00f6glich Ultrastabilisiert Aktive G\u00fcteschaltung f\u00fcr ns-Pulse F\u00fcr Anwendungen wie optisch gepumpte Terahertzquellen und ultrakalte Atomfallen","_links":{"self":[{"href":"https:\/\/soliton-gmbh.de\/en\/wp-json\/wp\/v2\/product\/5366","targetHints":{"allow":["GET"]}}],"collection":[{"href":"https:\/\/soliton-gmbh.de\/en\/wp-json\/wp\/v2\/product"}],"about":[{"href":"https:\/\/soliton-gmbh.de\/en\/wp-json\/wp\/v2\/types\/product"}],"wp:featuredmedia":[{"embeddable":true,"href":"https:\/\/soliton-gmbh.de\/en\/wp-json\/wp\/v2\/media\/6031"}],"wp:attachment":[{"href":"https:\/\/soliton-gmbh.de\/en\/wp-json\/wp\/v2\/media?parent=5366"}],"wp:term":[{"taxonomy":"product_brand","embeddable":true,"href":"https:\/\/soliton-gmbh.de\/en\/wp-json\/wp\/v2\/product_brand?post=5366"},{"taxonomy":"product_cat","embeddable":true,"href":"https:\/\/soliton-gmbh.de\/en\/wp-json\/wp\/v2\/product_cat?post=5366"},{"taxonomy":"product_tag","embeddable":true,"href":"https:\/\/soliton-gmbh.de\/en\/wp-json\/wp\/v2\/product_tag?post=5366"}],"curies":[{"name":"wp","href":"https:\/\/api.w.org\/{rel}","templated":true}]}}